{"id":114933,"date":"2022-08-01T11:21:22","date_gmt":"2022-08-01T11:21:22","guid":{"rendered":"https:\/\/storax.be\/?post_type=product&#038;p=114933"},"modified":"2024-05-16T07:38:16","modified_gmt":"2024-05-16T07:38:16","slug":"colle-a-carrelage-v210-v211","status":"publish","type":"product","link":"https:\/\/storax.be\/fr\/producten\/lijmen-fr\/colle-a-carrelage-v210-v211\/","title":{"rendered":"Colle \u00e0 carrelage V210\/V211"},"content":{"rendered":"<h2>Colle \u00e0 carrelage C11<\/h2>\n<p><strong>Caract\u00e9ristiques du produit <\/strong><\/p>\n<ul>\n<li style=\"font-weight: 400;\" aria-level=\"1\"><span style=\"font-weight: 400;\">Formats habituels<\/span><\/li>\n<li style=\"font-weight: 400;\" aria-level=\"1\"><span style=\"font-weight: 400;\">Porosit\u00e9 &gt; 0,5\u00a0%<\/span><\/li>\n<li style=\"font-weight: 400;\" aria-level=\"1\"><span style=\"font-weight: 400;\">Carreaux jusqu&rsquo;\u00e0 2\u00a0200\u00a0cm\u00b2<\/span><\/li>\n<\/ul>\n<p><strong>Couleurs<\/strong><\/p>\n<p>Gris: V 210<br \/>\n<span style=\"font-weight: 400;\">Blanc<\/span>: V 211<\/p>\n<p dir=\"ltr\" data-placeholder=\"Translation\"><strong>Application<\/strong><\/p>\n<ul>\n<li style=\"font-weight: 400;\" aria-level=\"1\"><span style=\"font-weight: 400;\">Collage de carreaux de c\u00e9ramique et de pierres d&rsquo;une porosit\u00e9 de &gt; 0,5\u00a0% et jusqu&rsquo;\u00e0 2\u00a0200\u00a0cm\u00b2, pour sols et murs int\u00e9rieurs, sur supports neufs.<\/span><\/li>\n<\/ul>\n<p><strong>Conditionnement<\/strong><\/p>\n<ul>\n<li id=\"tw-target-text\" class=\"tw-data-text tw-text-large tw-ta\" dir=\"ltr\" data-placeholder=\"Translation\">\n<p id=\"tw-target-text\" class=\"tw-data-text tw-text-large tw-ta\" dir=\"ltr\" data-placeholder=\"Translation\"><span style=\"font-weight: 400;\">Sac de 25\u00a0kg<\/span><\/p>\n<\/li>\n<\/ul>\n<p>&nbsp;<\/p>\n","protected":false},"excerpt":{"rendered":"<p>Colle \u00e0 carrelage C11 Caract\u00e9ristiques du produit Formats habituels Porosit\u00e9 &gt; 0,5\u00a0% Carreaux jusqu&rsquo;\u00e0 2\u00a0200\u00a0cm\u00b2 Couleurs Gris: V 210 Blanc: V 211 Application Collage de carreaux de c\u00e9ramique et de pierres d&rsquo;une porosit\u00e9 de &gt; 0,5\u00a0% et jusqu&rsquo;\u00e0 2\u00a0200\u00a0cm\u00b2, pour sols et murs int\u00e9rieurs, sur supports neufs. Conditionnement Sac de 25\u00a0kg &nbsp;<\/p>\n","protected":false},"featured_media":108908,"template":"","meta":{"_acf_changed":false},"product_category":[753],"product_tag":[578],"class_list":["post-114933","product","type-product","status-publish","has-post-thumbnail","hentry","product_category-lijmen-fr","product_tag-tegellijm-voor-binnen-fr"],"acf":[],"yoast_head":"<!-- This site is optimized with the Yoast SEO plugin v27.3 - https:\/\/yoast.com\/product\/yoast-seo-wordpress\/ -->\n<title>Colle \u00e0 carrelage V210\/V211 - Storax Belgium<\/title>\n<meta name=\"robots\" content=\"index, follow, max-snippet:-1, max-image-preview:large, max-video-preview:-1\" \/>\n<link rel=\"canonical\" href=\"https:\/\/storax.be\/fr\/producten\/lijmen-fr\/colle-a-carrelage-v210-v211\/\" \/>\n<meta property=\"og:locale\" content=\"fr_FR\" \/>\n<meta property=\"og:type\" content=\"article\" \/>\n<meta property=\"og:title\" content=\"Colle \u00e0 carrelage V210\/V211 - Storax Belgium\" \/>\n<meta property=\"og:description\" content=\"Colle \u00e0 carrelage C11 Caract\u00e9ristiques du produit Formats habituels Porosit\u00e9 &gt; 0,5\u00a0% Carreaux jusqu&rsquo;\u00e0 2\u00a0200\u00a0cm\u00b2 Couleurs Gris: V 210 Blanc: V 211 Application Collage de carreaux de c\u00e9ramique et de pierres d&rsquo;une porosit\u00e9 de &gt; 0,5\u00a0% et jusqu&rsquo;\u00e0 2\u00a0200\u00a0cm\u00b2, pour sols et murs int\u00e9rieurs, sur supports neufs. Conditionnement Sac de 25\u00a0kg &nbsp;\" \/>\n<meta property=\"og:url\" content=\"https:\/\/storax.be\/fr\/producten\/lijmen-fr\/colle-a-carrelage-v210-v211\/\" \/>\n<meta property=\"og:site_name\" content=\"Storax Belgium\" \/>\n<meta property=\"article:modified_time\" content=\"2024-05-16T07:38:16+00:00\" \/>\n<meta property=\"og:image\" content=\"https:\/\/storax.be\/wp-content\/uploads\/sites\/2\/2020\/01\/V210.jpg\" \/>\n\t<meta property=\"og:image:width\" content=\"470\" \/>\n\t<meta property=\"og:image:height\" content=\"470\" \/>\n\t<meta property=\"og:image:type\" content=\"image\/jpeg\" \/>\n<meta name=\"twitter:card\" content=\"summary_large_image\" \/>\n<meta name=\"twitter:label1\" content=\"Dur\u00e9e de lecture estim\u00e9e\" \/>\n\t<meta name=\"twitter:data1\" content=\"1 minute\" \/>\n<script type=\"application\/ld+json\" class=\"yoast-schema-graph\">{\"@context\":\"https:\\\/\\\/schema.org\",\"@graph\":[{\"@type\":\"WebPage\",\"@id\":\"https:\\\/\\\/storax.be\\\/fr\\\/producten\\\/lijmen-fr\\\/colle-a-carrelage-v210-v211\\\/\",\"url\":\"https:\\\/\\\/storax.be\\\/fr\\\/producten\\\/lijmen-fr\\\/colle-a-carrelage-v210-v211\\\/\",\"name\":\"Colle \u00e0 carrelage V210\\\/V211 - Storax Belgium\",\"isPartOf\":{\"@id\":\"https:\\\/\\\/storax.be\\\/fr\\\/#website\"},\"primaryImageOfPage\":{\"@id\":\"https:\\\/\\\/storax.be\\\/fr\\\/producten\\\/lijmen-fr\\\/colle-a-carrelage-v210-v211\\\/#primaryimage\"},\"image\":{\"@id\":\"https:\\\/\\\/storax.be\\\/fr\\\/producten\\\/lijmen-fr\\\/colle-a-carrelage-v210-v211\\\/#primaryimage\"},\"thumbnailUrl\":\"https:\\\/\\\/storax.be\\\/wp-content\\\/uploads\\\/sites\\\/2\\\/2020\\\/01\\\/V210.jpg\",\"datePublished\":\"2022-08-01T11:21:22+00:00\",\"dateModified\":\"2024-05-16T07:38:16+00:00\",\"breadcrumb\":{\"@id\":\"https:\\\/\\\/storax.be\\\/fr\\\/producten\\\/lijmen-fr\\\/colle-a-carrelage-v210-v211\\\/#breadcrumb\"},\"inLanguage\":\"fr-FR\",\"potentialAction\":[{\"@type\":\"ReadAction\",\"target\":[\"https:\\\/\\\/storax.be\\\/fr\\\/producten\\\/lijmen-fr\\\/colle-a-carrelage-v210-v211\\\/\"]}]},{\"@type\":\"ImageObject\",\"inLanguage\":\"fr-FR\",\"@id\":\"https:\\\/\\\/storax.be\\\/fr\\\/producten\\\/lijmen-fr\\\/colle-a-carrelage-v210-v211\\\/#primaryimage\",\"url\":\"https:\\\/\\\/storax.be\\\/wp-content\\\/uploads\\\/sites\\\/2\\\/2020\\\/01\\\/V210.jpg\",\"contentUrl\":\"https:\\\/\\\/storax.be\\\/wp-content\\\/uploads\\\/sites\\\/2\\\/2020\\\/01\\\/V210.jpg\",\"width\":470,\"height\":470},{\"@type\":\"BreadcrumbList\",\"@id\":\"https:\\\/\\\/storax.be\\\/fr\\\/producten\\\/lijmen-fr\\\/colle-a-carrelage-v210-v211\\\/#breadcrumb\",\"itemListElement\":[{\"@type\":\"ListItem\",\"position\":1,\"name\":\"Home\",\"item\":\"https:\\\/\\\/storax.be\\\/fr\\\/\"},{\"@type\":\"ListItem\",\"position\":2,\"name\":\"Producten\",\"item\":\"https:\\\/\\\/storax.be\\\/fr\\\/producten\\\/%product_category%\\\/\"},{\"@type\":\"ListItem\",\"position\":3,\"name\":\"Colles \u00e0 carrelage\",\"item\":\"https:\\\/\\\/storax.be\\\/fr\\\/producten\\\/colles-a-carrelage\\\/\"},{\"@type\":\"ListItem\",\"position\":4,\"name\":\"Colles\",\"item\":\"https:\\\/\\\/storax.be\\\/fr\\\/producten\\\/lijmen-fr\\\/\"},{\"@type\":\"ListItem\",\"position\":5,\"name\":\"Colle \u00e0 carrelage V210\\\/V211\"}]},{\"@type\":\"WebSite\",\"@id\":\"https:\\\/\\\/storax.be\\\/fr\\\/#website\",\"url\":\"https:\\\/\\\/storax.be\\\/fr\\\/\",\"name\":\"Storax Belgium\",\"description\":\"Uw betrouwbare partner voor bouwprojecten\",\"potentialAction\":[{\"@type\":\"SearchAction\",\"target\":{\"@type\":\"EntryPoint\",\"urlTemplate\":\"https:\\\/\\\/storax.be\\\/fr\\\/?s={search_term_string}\"},\"query-input\":{\"@type\":\"PropertyValueSpecification\",\"valueRequired\":true,\"valueName\":\"search_term_string\"}}],\"inLanguage\":\"fr-FR\"}]}<\/script>\n<!-- \/ Yoast SEO plugin. -->","yoast_head_json":{"title":"Colle \u00e0 carrelage V210\/V211 - Storax Belgium","robots":{"index":"index","follow":"follow","max-snippet":"max-snippet:-1","max-image-preview":"max-image-preview:large","max-video-preview":"max-video-preview:-1"},"canonical":"https:\/\/storax.be\/fr\/producten\/lijmen-fr\/colle-a-carrelage-v210-v211\/","og_locale":"fr_FR","og_type":"article","og_title":"Colle \u00e0 carrelage V210\/V211 - Storax Belgium","og_description":"Colle \u00e0 carrelage C11 Caract\u00e9ristiques du produit Formats habituels Porosit\u00e9 &gt; 0,5\u00a0% Carreaux jusqu&rsquo;\u00e0 2\u00a0200\u00a0cm\u00b2 Couleurs Gris: V 210 Blanc: V 211 Application Collage de carreaux de c\u00e9ramique et de pierres d&rsquo;une porosit\u00e9 de &gt; 0,5\u00a0% et jusqu&rsquo;\u00e0 2\u00a0200\u00a0cm\u00b2, pour sols et murs int\u00e9rieurs, sur supports neufs. Conditionnement Sac de 25\u00a0kg &nbsp;","og_url":"https:\/\/storax.be\/fr\/producten\/lijmen-fr\/colle-a-carrelage-v210-v211\/","og_site_name":"Storax Belgium","article_modified_time":"2024-05-16T07:38:16+00:00","og_image":[{"width":470,"height":470,"url":"https:\/\/storax.be\/wp-content\/uploads\/sites\/2\/2020\/01\/V210.jpg","type":"image\/jpeg"}],"twitter_card":"summary_large_image","twitter_misc":{"Dur\u00e9e de lecture estim\u00e9e":"1 minute"},"schema":{"@context":"https:\/\/schema.org","@graph":[{"@type":"WebPage","@id":"https:\/\/storax.be\/fr\/producten\/lijmen-fr\/colle-a-carrelage-v210-v211\/","url":"https:\/\/storax.be\/fr\/producten\/lijmen-fr\/colle-a-carrelage-v210-v211\/","name":"Colle \u00e0 carrelage V210\/V211 - Storax Belgium","isPartOf":{"@id":"https:\/\/storax.be\/fr\/#website"},"primaryImageOfPage":{"@id":"https:\/\/storax.be\/fr\/producten\/lijmen-fr\/colle-a-carrelage-v210-v211\/#primaryimage"},"image":{"@id":"https:\/\/storax.be\/fr\/producten\/lijmen-fr\/colle-a-carrelage-v210-v211\/#primaryimage"},"thumbnailUrl":"https:\/\/storax.be\/wp-content\/uploads\/sites\/2\/2020\/01\/V210.jpg","datePublished":"2022-08-01T11:21:22+00:00","dateModified":"2024-05-16T07:38:16+00:00","breadcrumb":{"@id":"https:\/\/storax.be\/fr\/producten\/lijmen-fr\/colle-a-carrelage-v210-v211\/#breadcrumb"},"inLanguage":"fr-FR","potentialAction":[{"@type":"ReadAction","target":["https:\/\/storax.be\/fr\/producten\/lijmen-fr\/colle-a-carrelage-v210-v211\/"]}]},{"@type":"ImageObject","inLanguage":"fr-FR","@id":"https:\/\/storax.be\/fr\/producten\/lijmen-fr\/colle-a-carrelage-v210-v211\/#primaryimage","url":"https:\/\/storax.be\/wp-content\/uploads\/sites\/2\/2020\/01\/V210.jpg","contentUrl":"https:\/\/storax.be\/wp-content\/uploads\/sites\/2\/2020\/01\/V210.jpg","width":470,"height":470},{"@type":"BreadcrumbList","@id":"https:\/\/storax.be\/fr\/producten\/lijmen-fr\/colle-a-carrelage-v210-v211\/#breadcrumb","itemListElement":[{"@type":"ListItem","position":1,"name":"Home","item":"https:\/\/storax.be\/fr\/"},{"@type":"ListItem","position":2,"name":"Producten","item":"https:\/\/storax.be\/fr\/producten\/%product_category%\/"},{"@type":"ListItem","position":3,"name":"Colles \u00e0 carrelage","item":"https:\/\/storax.be\/fr\/producten\/colles-a-carrelage\/"},{"@type":"ListItem","position":4,"name":"Colles","item":"https:\/\/storax.be\/fr\/producten\/lijmen-fr\/"},{"@type":"ListItem","position":5,"name":"Colle \u00e0 carrelage V210\/V211"}]},{"@type":"WebSite","@id":"https:\/\/storax.be\/fr\/#website","url":"https:\/\/storax.be\/fr\/","name":"Storax Belgium","description":"Uw betrouwbare partner voor bouwprojecten","potentialAction":[{"@type":"SearchAction","target":{"@type":"EntryPoint","urlTemplate":"https:\/\/storax.be\/fr\/?s={search_term_string}"},"query-input":{"@type":"PropertyValueSpecification","valueRequired":true,"valueName":"search_term_string"}}],"inLanguage":"fr-FR"}]}},"_links":{"self":[{"href":"https:\/\/storax.be\/fr\/wp-json\/wp\/v2\/product\/114933","targetHints":{"allow":["GET"]}}],"collection":[{"href":"https:\/\/storax.be\/fr\/wp-json\/wp\/v2\/product"}],"about":[{"href":"https:\/\/storax.be\/fr\/wp-json\/wp\/v2\/types\/product"}],"wp:featuredmedia":[{"embeddable":true,"href":"https:\/\/storax.be\/fr\/wp-json\/wp\/v2\/media\/108908"}],"wp:attachment":[{"href":"https:\/\/storax.be\/fr\/wp-json\/wp\/v2\/media?parent=114933"}],"wp:term":[{"taxonomy":"product_category","embeddable":true,"href":"https:\/\/storax.be\/fr\/wp-json\/wp\/v2\/product_category?post=114933"},{"taxonomy":"product_tag","embeddable":true,"href":"https:\/\/storax.be\/fr\/wp-json\/wp\/v2\/product_tag?post=114933"}],"curies":[{"name":"wp","href":"https:\/\/api.w.org\/{rel}","templated":true}]}}