{"id":114929,"date":"2022-08-01T09:54:21","date_gmt":"2022-08-01T09:54:21","guid":{"rendered":"https:\/\/storax.be\/?post_type=product&#038;p=114929"},"modified":"2024-05-16T07:38:15","modified_gmt":"2024-05-16T07:38:15","slug":"mce-40-bactericide","status":"publish","type":"product","link":"https:\/\/storax.be\/fr\/producten\/leuningen-fr\/mce-40-bactericide\/","title":{"rendered":"HREB 6 Bact\u00e9ricide"},"content":{"rendered":"<h2 style=\"font-size: 1.5em; line-height: 40px; font-weight: 600;\">Mains courantes bact\u00e9ricides<\/h2>\n<p><span style=\"font-weight: 400;\"><strong>Acrovyn\u00ae Bact\u00e9ricide<\/strong> est con\u00e7ue pour inhiber efficacement la multiplication et la propagation des bact\u00e9ries dangereuses et r\u00e9duire ainsi consid\u00e9rablement le risque de contamination \u00ab\u00a0par contact\u00a0\u00bb. Acrovyn\u00ae Bact\u00e9ricide poss\u00e8de une r\u00e9sistance chimique \u00e9lev\u00e9e et peut \u00eatre nettoy\u00e9 avec un d\u00e9tergent classique. Acrovyn\u00ae Bact\u00e9ricide conserve son aspect neuf et son action bact\u00e9ricide conserve le m\u00eame niveau d&rsquo;efficacit\u00e9.<\/span><\/p>\n<p><strong>\u00c0 propos de ce produit<\/strong><\/p>\n<ul>\n<li style=\"font-weight: 400;\" aria-level=\"1\"><span style=\"font-weight: 400;\">sans produits chimiques<\/span><\/li>\n<li style=\"font-weight: 400;\" aria-level=\"1\"><span style=\"font-weight: 400;\">arr\u00eate compl\u00e8tement la prolif\u00e9ration des bact\u00e9ries<\/span><\/li>\n<li style=\"font-weight: 400;\" aria-level=\"1\"><span style=\"font-weight: 400;\">tue toutes les bact\u00e9ries qui entrent en contact avec le produit en 24\u00a0heures<\/span><\/li>\n<li style=\"font-weight: 400;\" aria-level=\"1\"><span style=\"font-weight: 400;\">une surface aux rayures<\/span><\/li>\n<li style=\"font-weight: 400;\" aria-level=\"1\"><span style=\"font-weight: 400;\">conserve son effet au fil des ans<\/span><\/li>\n<li style=\"font-weight: 400;\" aria-level=\"1\"><span style=\"font-weight: 400;\">garantit des conditions d&rsquo;hygi\u00e8ne in\u00e9gal\u00e9es<\/span><\/li>\n<li style=\"font-weight: 400;\" aria-level=\"1\"><span style=\"font-weight: 400;\">disponible en diff\u00e9rentes couleurs<\/span><\/li>\n<\/ul>\n<p><strong>S\u00e9curit\u00e9 incendie<\/strong><br \/>\n<span style=\"font-weight: 400;\">Acrovyn\u00ae Bact\u00e9ricide est fabriqu\u00e9 en mat\u00e9riaux autoextinguibles et est certifi\u00e9 selon la classe M1 et B-s2-d0.<\/span><\/p>\n<p><strong>Durable<\/strong><br \/>\n<span style=\"font-weight: 400;\">Acrovyn\u00ae Bact\u00e9ricide est produit conform\u00e9ment \u00e0 la norme europ\u00e9enne RoHS et est enti\u00e8rement recyclable.<\/span><\/p>\n<p><b><span style=\"font-weight: 400;\"><strong>Montage\u00a0:<\/strong><br \/>\n<\/span><\/b><span style=\"font-weight: 400;\">Storax cumule plus de 30\u00a0ann\u00e9es d&rsquo;exp\u00e9rience dans le conseil, la fourniture et l&rsquo;installation de protections murales, y compris les angles pli\u00e9s, les d\u00e9coupes, les protections des chambranles et les mains courantes.<\/span><\/p>\n","protected":false},"excerpt":{"rendered":"<p>Mains courantes bact\u00e9ricides Acrovyn\u00ae Bact\u00e9ricide est con\u00e7ue pour inhiber efficacement la multiplication et la propagation des bact\u00e9ries dangereuses et r\u00e9duire ainsi consid\u00e9rablement le risque de contamination \u00ab\u00a0par contact\u00a0\u00bb. Acrovyn\u00ae Bact\u00e9ricide poss\u00e8de une r\u00e9sistance chimique \u00e9lev\u00e9e et peut \u00eatre nettoy\u00e9 avec un d\u00e9tergent classique. Acrovyn\u00ae Bact\u00e9ricide conserve son aspect neuf et son action bact\u00e9ricide conserve le\u2026<\/p>\n","protected":false},"featured_media":122232,"template":"","meta":{"_acf_changed":false},"product_category":[706,605],"product_tag":[],"class_list":["post-114929","product","type-product","status-publish","has-post-thumbnail","hentry","product_category-mains-courantes-acrovyn","product_category-leuningen-fr"],"acf":[],"yoast_head":"<!-- This site is optimized with the Yoast SEO plugin v27.3 - https:\/\/yoast.com\/product\/yoast-seo-wordpress\/ -->\n<title>HREB 6 Bact\u00e9ricide - Storax Belgium<\/title>\n<meta name=\"robots\" content=\"index, follow, max-snippet:-1, max-image-preview:large, max-video-preview:-1\" \/>\n<link rel=\"canonical\" href=\"https:\/\/storax.be\/fr\/producten\/leuningen-fr\/mce-40-bactericide\/\" \/>\n<meta property=\"og:locale\" content=\"fr_FR\" \/>\n<meta property=\"og:type\" content=\"article\" \/>\n<meta property=\"og:title\" content=\"HREB 6 Bact\u00e9ricide - Storax Belgium\" \/>\n<meta property=\"og:description\" content=\"Mains courantes bact\u00e9ricides Acrovyn\u00ae Bact\u00e9ricide est con\u00e7ue pour inhiber efficacement la multiplication et la propagation des bact\u00e9ries dangereuses et r\u00e9duire ainsi consid\u00e9rablement le risque de contamination \u00ab\u00a0par contact\u00a0\u00bb. Acrovyn\u00ae Bact\u00e9ricide poss\u00e8de une r\u00e9sistance chimique \u00e9lev\u00e9e et peut \u00eatre nettoy\u00e9 avec un d\u00e9tergent classique. Acrovyn\u00ae Bact\u00e9ricide conserve son aspect neuf et son action bact\u00e9ricide conserve le\u2026\" \/>\n<meta property=\"og:url\" content=\"https:\/\/storax.be\/fr\/producten\/leuningen-fr\/mce-40-bactericide\/\" \/>\n<meta property=\"og:site_name\" content=\"Storax Belgium\" \/>\n<meta property=\"article:modified_time\" content=\"2024-05-16T07:38:15+00:00\" \/>\n<meta property=\"og:image\" content=\"https:\/\/storax.be\/wp-content\/uploads\/sites\/2\/2019\/03\/thumb_270x270_468.jpg\" \/>\n\t<meta property=\"og:image:width\" content=\"270\" \/>\n\t<meta property=\"og:image:height\" content=\"270\" \/>\n\t<meta property=\"og:image:type\" content=\"image\/jpeg\" \/>\n<meta name=\"twitter:card\" content=\"summary_large_image\" \/>\n<meta name=\"twitter:label1\" content=\"Dur\u00e9e de lecture estim\u00e9e\" \/>\n\t<meta name=\"twitter:data1\" content=\"1 minute\" \/>\n<script type=\"application\/ld+json\" class=\"yoast-schema-graph\">{\"@context\":\"https:\\\/\\\/schema.org\",\"@graph\":[{\"@type\":\"WebPage\",\"@id\":\"https:\\\/\\\/storax.be\\\/fr\\\/producten\\\/leuningen-fr\\\/mce-40-bactericide\\\/\",\"url\":\"https:\\\/\\\/storax.be\\\/fr\\\/producten\\\/leuningen-fr\\\/mce-40-bactericide\\\/\",\"name\":\"HREB 6 Bact\u00e9ricide - Storax Belgium\",\"isPartOf\":{\"@id\":\"https:\\\/\\\/storax.be\\\/fr\\\/#website\"},\"primaryImageOfPage\":{\"@id\":\"https:\\\/\\\/storax.be\\\/fr\\\/producten\\\/leuningen-fr\\\/mce-40-bactericide\\\/#primaryimage\"},\"image\":{\"@id\":\"https:\\\/\\\/storax.be\\\/fr\\\/producten\\\/leuningen-fr\\\/mce-40-bactericide\\\/#primaryimage\"},\"thumbnailUrl\":\"https:\\\/\\\/storax.be\\\/wp-content\\\/uploads\\\/sites\\\/2\\\/2019\\\/03\\\/HREB-6-bacericide.png\",\"datePublished\":\"2022-08-01T09:54:21+00:00\",\"dateModified\":\"2024-05-16T07:38:15+00:00\",\"breadcrumb\":{\"@id\":\"https:\\\/\\\/storax.be\\\/fr\\\/producten\\\/leuningen-fr\\\/mce-40-bactericide\\\/#breadcrumb\"},\"inLanguage\":\"fr-FR\",\"potentialAction\":[{\"@type\":\"ReadAction\",\"target\":[\"https:\\\/\\\/storax.be\\\/fr\\\/producten\\\/leuningen-fr\\\/mce-40-bactericide\\\/\"]}]},{\"@type\":\"ImageObject\",\"inLanguage\":\"fr-FR\",\"@id\":\"https:\\\/\\\/storax.be\\\/fr\\\/producten\\\/leuningen-fr\\\/mce-40-bactericide\\\/#primaryimage\",\"url\":\"https:\\\/\\\/storax.be\\\/wp-content\\\/uploads\\\/sites\\\/2\\\/2019\\\/03\\\/HREB-6-bacericide.png\",\"contentUrl\":\"https:\\\/\\\/storax.be\\\/wp-content\\\/uploads\\\/sites\\\/2\\\/2019\\\/03\\\/HREB-6-bacericide.png\",\"width\":470,\"height\":470,\"caption\":\"HREB-6-bacericide\"},{\"@type\":\"BreadcrumbList\",\"@id\":\"https:\\\/\\\/storax.be\\\/fr\\\/producten\\\/leuningen-fr\\\/mce-40-bactericide\\\/#breadcrumb\",\"itemListElement\":[{\"@type\":\"ListItem\",\"position\":1,\"name\":\"Home\",\"item\":\"https:\\\/\\\/storax.be\\\/fr\\\/\"},{\"@type\":\"ListItem\",\"position\":2,\"name\":\"Producten\",\"item\":\"https:\\\/\\\/storax.be\\\/fr\\\/producten\\\/%product_category%\\\/\"},{\"@type\":\"ListItem\",\"position\":3,\"name\":\"Protection des murs\",\"item\":\"https:\\\/\\\/storax.be\\\/fr\\\/producten\\\/protection-des-murs\\\/\"},{\"@type\":\"ListItem\",\"position\":4,\"name\":\"Mains courantes Acrovyn\",\"item\":\"https:\\\/\\\/storax.be\\\/fr\\\/producten\\\/mains-courantes-acrovyn\\\/\"},{\"@type\":\"ListItem\",\"position\":5,\"name\":\"HREB 6 Bact\u00e9ricide\"}]},{\"@type\":\"WebSite\",\"@id\":\"https:\\\/\\\/storax.be\\\/fr\\\/#website\",\"url\":\"https:\\\/\\\/storax.be\\\/fr\\\/\",\"name\":\"Storax Belgium\",\"description\":\"Uw betrouwbare partner voor bouwprojecten\",\"potentialAction\":[{\"@type\":\"SearchAction\",\"target\":{\"@type\":\"EntryPoint\",\"urlTemplate\":\"https:\\\/\\\/storax.be\\\/fr\\\/?s={search_term_string}\"},\"query-input\":{\"@type\":\"PropertyValueSpecification\",\"valueRequired\":true,\"valueName\":\"search_term_string\"}}],\"inLanguage\":\"fr-FR\"}]}<\/script>\n<!-- \/ Yoast SEO plugin. -->","yoast_head_json":{"title":"HREB 6 Bact\u00e9ricide - Storax Belgium","robots":{"index":"index","follow":"follow","max-snippet":"max-snippet:-1","max-image-preview":"max-image-preview:large","max-video-preview":"max-video-preview:-1"},"canonical":"https:\/\/storax.be\/fr\/producten\/leuningen-fr\/mce-40-bactericide\/","og_locale":"fr_FR","og_type":"article","og_title":"HREB 6 Bact\u00e9ricide - Storax Belgium","og_description":"Mains courantes bact\u00e9ricides Acrovyn\u00ae Bact\u00e9ricide est con\u00e7ue pour inhiber efficacement la multiplication et la propagation des bact\u00e9ries dangereuses et r\u00e9duire ainsi consid\u00e9rablement le risque de contamination \u00ab\u00a0par contact\u00a0\u00bb. Acrovyn\u00ae Bact\u00e9ricide poss\u00e8de une r\u00e9sistance chimique \u00e9lev\u00e9e et peut \u00eatre nettoy\u00e9 avec un d\u00e9tergent classique. Acrovyn\u00ae Bact\u00e9ricide conserve son aspect neuf et son action bact\u00e9ricide conserve le\u2026","og_url":"https:\/\/storax.be\/fr\/producten\/leuningen-fr\/mce-40-bactericide\/","og_site_name":"Storax Belgium","article_modified_time":"2024-05-16T07:38:15+00:00","og_image":[{"width":270,"height":270,"url":"https:\/\/storax.be\/wp-content\/uploads\/sites\/2\/2019\/03\/thumb_270x270_468.jpg","type":"image\/jpeg"}],"twitter_card":"summary_large_image","twitter_misc":{"Dur\u00e9e de lecture estim\u00e9e":"1 minute"},"schema":{"@context":"https:\/\/schema.org","@graph":[{"@type":"WebPage","@id":"https:\/\/storax.be\/fr\/producten\/leuningen-fr\/mce-40-bactericide\/","url":"https:\/\/storax.be\/fr\/producten\/leuningen-fr\/mce-40-bactericide\/","name":"HREB 6 Bact\u00e9ricide - Storax Belgium","isPartOf":{"@id":"https:\/\/storax.be\/fr\/#website"},"primaryImageOfPage":{"@id":"https:\/\/storax.be\/fr\/producten\/leuningen-fr\/mce-40-bactericide\/#primaryimage"},"image":{"@id":"https:\/\/storax.be\/fr\/producten\/leuningen-fr\/mce-40-bactericide\/#primaryimage"},"thumbnailUrl":"https:\/\/storax.be\/wp-content\/uploads\/sites\/2\/2019\/03\/HREB-6-bacericide.png","datePublished":"2022-08-01T09:54:21+00:00","dateModified":"2024-05-16T07:38:15+00:00","breadcrumb":{"@id":"https:\/\/storax.be\/fr\/producten\/leuningen-fr\/mce-40-bactericide\/#breadcrumb"},"inLanguage":"fr-FR","potentialAction":[{"@type":"ReadAction","target":["https:\/\/storax.be\/fr\/producten\/leuningen-fr\/mce-40-bactericide\/"]}]},{"@type":"ImageObject","inLanguage":"fr-FR","@id":"https:\/\/storax.be\/fr\/producten\/leuningen-fr\/mce-40-bactericide\/#primaryimage","url":"https:\/\/storax.be\/wp-content\/uploads\/sites\/2\/2019\/03\/HREB-6-bacericide.png","contentUrl":"https:\/\/storax.be\/wp-content\/uploads\/sites\/2\/2019\/03\/HREB-6-bacericide.png","width":470,"height":470,"caption":"HREB-6-bacericide"},{"@type":"BreadcrumbList","@id":"https:\/\/storax.be\/fr\/producten\/leuningen-fr\/mce-40-bactericide\/#breadcrumb","itemListElement":[{"@type":"ListItem","position":1,"name":"Home","item":"https:\/\/storax.be\/fr\/"},{"@type":"ListItem","position":2,"name":"Producten","item":"https:\/\/storax.be\/fr\/producten\/%product_category%\/"},{"@type":"ListItem","position":3,"name":"Protection des murs","item":"https:\/\/storax.be\/fr\/producten\/protection-des-murs\/"},{"@type":"ListItem","position":4,"name":"Mains courantes Acrovyn","item":"https:\/\/storax.be\/fr\/producten\/mains-courantes-acrovyn\/"},{"@type":"ListItem","position":5,"name":"HREB 6 Bact\u00e9ricide"}]},{"@type":"WebSite","@id":"https:\/\/storax.be\/fr\/#website","url":"https:\/\/storax.be\/fr\/","name":"Storax Belgium","description":"Uw betrouwbare partner voor bouwprojecten","potentialAction":[{"@type":"SearchAction","target":{"@type":"EntryPoint","urlTemplate":"https:\/\/storax.be\/fr\/?s={search_term_string}"},"query-input":{"@type":"PropertyValueSpecification","valueRequired":true,"valueName":"search_term_string"}}],"inLanguage":"fr-FR"}]}},"_links":{"self":[{"href":"https:\/\/storax.be\/fr\/wp-json\/wp\/v2\/product\/114929","targetHints":{"allow":["GET"]}}],"collection":[{"href":"https:\/\/storax.be\/fr\/wp-json\/wp\/v2\/product"}],"about":[{"href":"https:\/\/storax.be\/fr\/wp-json\/wp\/v2\/types\/product"}],"wp:featuredmedia":[{"embeddable":true,"href":"https:\/\/storax.be\/fr\/wp-json\/wp\/v2\/media\/122232"}],"wp:attachment":[{"href":"https:\/\/storax.be\/fr\/wp-json\/wp\/v2\/media?parent=114929"}],"wp:term":[{"taxonomy":"product_category","embeddable":true,"href":"https:\/\/storax.be\/fr\/wp-json\/wp\/v2\/product_category?post=114929"},{"taxonomy":"product_tag","embeddable":true,"href":"https:\/\/storax.be\/fr\/wp-json\/wp\/v2\/product_tag?post=114929"}],"curies":[{"name":"wp","href":"https:\/\/api.w.org\/{rel}","templated":true}]}}