{"id":114926,"date":"2022-08-01T09:24:51","date_gmt":"2022-08-01T09:24:51","guid":{"rendered":"https:\/\/storax.be\/?post_type=product&#038;p=114926"},"modified":"2024-05-16T07:38:15","modified_gmt":"2024-05-16T07:38:15","slug":"dll-mm-k","status":"publish","type":"product","link":"https:\/\/storax.be\/fr\/producten\/echelles-escaliers\/dll-mm-k\/","title":{"rendered":"DLL-MM-K"},"content":{"rendered":"<h2 style=\"font-size: 1.5em; line-height: 40px; font-weight: 600;\">\u00c9chelle \u00e0 crinoline fixe avec double fixation murale<\/h2>\n<p style=\"vertical-align: baseline;\"><span style=\"font-weight: 400;\">Storax fournit des \u00e9chelles \u00e0 crinoline en aluminium naturel, en aluminium anodis\u00e9 ou en aluminium thermolaqu\u00e9 pour un acc\u00e8s s\u00fbr au toit. Ces \u00e9chelles \u00e0 crinoline peuvent \u00eatre utilis\u00e9es \u00e0 l&rsquo;int\u00e9rieur en combinaison avec une <\/span><a href=\"https:\/\/storax.be\/produits\/trappes-de-toit\"><span style=\"font-weight: 400;\">trappe de toit<\/span><\/a><span style=\"font-weight: 400;\"> Storax.<\/span><\/p>\n<p><strong>Caract\u00e9ristiques<\/strong><\/p>\n<ul>\n<li style=\"font-weight: 400;\" aria-level=\"1\"><span style=\"font-weight: 400;\">Les \u00e9chelles sont fabriqu\u00e9es sur mesure<\/span><\/li>\n<li style=\"font-weight: 400;\" aria-level=\"1\"><span style=\"font-weight: 400;\">Largeur de l&rsquo;\u00e9chelle\u00a0: 600\u00a0mm<\/span><\/li>\n<li style=\"font-weight: 400;\" aria-level=\"1\"><span style=\"font-weight: 400;\">Espacement des barreaux\u00a0: 250\u00a0mm<\/span><\/li>\n<li style=\"font-weight: 400;\" aria-level=\"1\"><span style=\"font-weight: 400;\">Diam\u00e8tre de la crinoline\u00a0: 750\u00a0mm<\/span><\/li>\n<li style=\"font-weight: 400;\" aria-level=\"1\"><span style=\"font-weight: 400;\">Hauteur d&rsquo;entr\u00e9e de la crinoline\u00a0: 2\u00a0200-3\u00a0000\u00a0mm<\/span><\/li>\n<li style=\"font-weight: 400;\" aria-level=\"1\"><span style=\"font-weight: 400;\">Main courante extensible sur le montant de l&rsquo;\u00e9chelle pour faciliter la mont\u00e9e<\/span><\/li>\n<li style=\"font-weight: 400;\" aria-level=\"1\"><span style=\"font-weight: 400;\">Supports muraux inclus<\/span><\/li>\n<\/ul>\n","protected":false},"excerpt":{"rendered":"<p>\u00c9chelle \u00e0 crinoline fixe avec double fixation murale Storax fournit des \u00e9chelles \u00e0 crinoline en aluminium naturel, en aluminium anodis\u00e9 ou en aluminium thermolaqu\u00e9 pour un acc\u00e8s s\u00fbr au toit. Ces \u00e9chelles \u00e0 crinoline peuvent \u00eatre utilis\u00e9es \u00e0 l&rsquo;int\u00e9rieur en combinaison avec une trappe de toit Storax. Caract\u00e9ristiques Les \u00e9chelles sont fabriqu\u00e9es sur mesure Largeur\u2026<\/p>\n","protected":false},"featured_media":106307,"template":"","meta":{"_acf_changed":false},"product_category":[699,601],"product_tag":[],"class_list":["post-114926","product","type-product","status-publish","has-post-thumbnail","hentry","product_category-kooiladders-fr","product_category-echelles-escaliers"],"acf":[],"yoast_head":"<!-- This site is optimized with the Yoast SEO plugin v27.3 - https:\/\/yoast.com\/product\/yoast-seo-wordpress\/ -->\n<title>DLL-MM-K - Storax Belgium<\/title>\n<meta name=\"robots\" content=\"index, follow, max-snippet:-1, max-image-preview:large, max-video-preview:-1\" \/>\n<link rel=\"canonical\" href=\"https:\/\/storax.be\/fr\/producten\/echelles-escaliers\/dll-mm-k\/\" \/>\n<meta property=\"og:locale\" content=\"fr_FR\" \/>\n<meta property=\"og:type\" content=\"article\" \/>\n<meta property=\"og:title\" content=\"DLL-MM-K - Storax Belgium\" \/>\n<meta property=\"og:description\" content=\"\u00c9chelle \u00e0 crinoline fixe avec double fixation murale Storax fournit des \u00e9chelles \u00e0 crinoline en aluminium naturel, en aluminium anodis\u00e9 ou en aluminium thermolaqu\u00e9 pour un acc\u00e8s s\u00fbr au toit. Ces \u00e9chelles \u00e0 crinoline peuvent \u00eatre utilis\u00e9es \u00e0 l&rsquo;int\u00e9rieur en combinaison avec une trappe de toit Storax. Caract\u00e9ristiques Les \u00e9chelles sont fabriqu\u00e9es sur mesure Largeur\u2026\" \/>\n<meta property=\"og:url\" content=\"https:\/\/storax.be\/fr\/producten\/echelles-escaliers\/dll-mm-k\/\" \/>\n<meta property=\"og:site_name\" content=\"Storax Belgium\" \/>\n<meta property=\"article:modified_time\" content=\"2024-05-16T07:38:15+00:00\" \/>\n<meta property=\"og:image\" content=\"https:\/\/storax.be\/wp-content\/uploads\/sites\/2\/2019\/03\/thumb_270x270_531.jpg\" \/>\n\t<meta property=\"og:image:width\" content=\"270\" \/>\n\t<meta property=\"og:image:height\" content=\"270\" \/>\n\t<meta property=\"og:image:type\" content=\"image\/jpeg\" \/>\n<meta name=\"twitter:card\" content=\"summary_large_image\" \/>\n<script type=\"application\/ld+json\" class=\"yoast-schema-graph\">{\"@context\":\"https:\\\/\\\/schema.org\",\"@graph\":[{\"@type\":\"WebPage\",\"@id\":\"https:\\\/\\\/storax.be\\\/fr\\\/producten\\\/echelles-escaliers\\\/dll-mm-k\\\/\",\"url\":\"https:\\\/\\\/storax.be\\\/fr\\\/producten\\\/echelles-escaliers\\\/dll-mm-k\\\/\",\"name\":\"DLL-MM-K - Storax Belgium\",\"isPartOf\":{\"@id\":\"https:\\\/\\\/storax.be\\\/fr\\\/#website\"},\"primaryImageOfPage\":{\"@id\":\"https:\\\/\\\/storax.be\\\/fr\\\/producten\\\/echelles-escaliers\\\/dll-mm-k\\\/#primaryimage\"},\"image\":{\"@id\":\"https:\\\/\\\/storax.be\\\/fr\\\/producten\\\/echelles-escaliers\\\/dll-mm-k\\\/#primaryimage\"},\"thumbnailUrl\":\"https:\\\/\\\/storax.be\\\/wp-content\\\/uploads\\\/sites\\\/2\\\/2019\\\/03\\\/thumb_270x270_531.jpg\",\"datePublished\":\"2022-08-01T09:24:51+00:00\",\"dateModified\":\"2024-05-16T07:38:15+00:00\",\"breadcrumb\":{\"@id\":\"https:\\\/\\\/storax.be\\\/fr\\\/producten\\\/echelles-escaliers\\\/dll-mm-k\\\/#breadcrumb\"},\"inLanguage\":\"fr-FR\",\"potentialAction\":[{\"@type\":\"ReadAction\",\"target\":[\"https:\\\/\\\/storax.be\\\/fr\\\/producten\\\/echelles-escaliers\\\/dll-mm-k\\\/\"]}]},{\"@type\":\"ImageObject\",\"inLanguage\":\"fr-FR\",\"@id\":\"https:\\\/\\\/storax.be\\\/fr\\\/producten\\\/echelles-escaliers\\\/dll-mm-k\\\/#primaryimage\",\"url\":\"https:\\\/\\\/storax.be\\\/wp-content\\\/uploads\\\/sites\\\/2\\\/2019\\\/03\\\/thumb_270x270_531.jpg\",\"contentUrl\":\"https:\\\/\\\/storax.be\\\/wp-content\\\/uploads\\\/sites\\\/2\\\/2019\\\/03\\\/thumb_270x270_531.jpg\",\"width\":270,\"height\":270},{\"@type\":\"BreadcrumbList\",\"@id\":\"https:\\\/\\\/storax.be\\\/fr\\\/producten\\\/echelles-escaliers\\\/dll-mm-k\\\/#breadcrumb\",\"itemListElement\":[{\"@type\":\"ListItem\",\"position\":1,\"name\":\"Home\",\"item\":\"https:\\\/\\\/storax.be\\\/fr\\\/\"},{\"@type\":\"ListItem\",\"position\":2,\"name\":\"Producten\",\"item\":\"https:\\\/\\\/storax.be\\\/fr\\\/producten\\\/%product_category%\\\/\"},{\"@type\":\"ListItem\",\"position\":3,\"name\":\"\u00c9chelles\\\/escaliers\",\"item\":\"https:\\\/\\\/storax.be\\\/fr\\\/producten\\\/echelles-escaliers\\\/\"},{\"@type\":\"ListItem\",\"position\":4,\"name\":\"\u00c9chelles pour cages\",\"item\":\"https:\\\/\\\/storax.be\\\/fr\\\/producten\\\/kooiladders-fr\\\/\"},{\"@type\":\"ListItem\",\"position\":5,\"name\":\"DLL-MM-K\"}]},{\"@type\":\"WebSite\",\"@id\":\"https:\\\/\\\/storax.be\\\/fr\\\/#website\",\"url\":\"https:\\\/\\\/storax.be\\\/fr\\\/\",\"name\":\"Storax Belgium\",\"description\":\"Uw betrouwbare partner voor bouwprojecten\",\"potentialAction\":[{\"@type\":\"SearchAction\",\"target\":{\"@type\":\"EntryPoint\",\"urlTemplate\":\"https:\\\/\\\/storax.be\\\/fr\\\/?s={search_term_string}\"},\"query-input\":{\"@type\":\"PropertyValueSpecification\",\"valueRequired\":true,\"valueName\":\"search_term_string\"}}],\"inLanguage\":\"fr-FR\"}]}<\/script>\n<!-- \/ Yoast SEO plugin. -->","yoast_head_json":{"title":"DLL-MM-K - Storax Belgium","robots":{"index":"index","follow":"follow","max-snippet":"max-snippet:-1","max-image-preview":"max-image-preview:large","max-video-preview":"max-video-preview:-1"},"canonical":"https:\/\/storax.be\/fr\/producten\/echelles-escaliers\/dll-mm-k\/","og_locale":"fr_FR","og_type":"article","og_title":"DLL-MM-K - Storax Belgium","og_description":"\u00c9chelle \u00e0 crinoline fixe avec double fixation murale Storax fournit des \u00e9chelles \u00e0 crinoline en aluminium naturel, en aluminium anodis\u00e9 ou en aluminium thermolaqu\u00e9 pour un acc\u00e8s s\u00fbr au toit. Ces \u00e9chelles \u00e0 crinoline peuvent \u00eatre utilis\u00e9es \u00e0 l&rsquo;int\u00e9rieur en combinaison avec une trappe de toit Storax. Caract\u00e9ristiques Les \u00e9chelles sont fabriqu\u00e9es sur mesure Largeur\u2026","og_url":"https:\/\/storax.be\/fr\/producten\/echelles-escaliers\/dll-mm-k\/","og_site_name":"Storax Belgium","article_modified_time":"2024-05-16T07:38:15+00:00","og_image":[{"width":270,"height":270,"url":"https:\/\/storax.be\/wp-content\/uploads\/sites\/2\/2019\/03\/thumb_270x270_531.jpg","type":"image\/jpeg"}],"twitter_card":"summary_large_image","schema":{"@context":"https:\/\/schema.org","@graph":[{"@type":"WebPage","@id":"https:\/\/storax.be\/fr\/producten\/echelles-escaliers\/dll-mm-k\/","url":"https:\/\/storax.be\/fr\/producten\/echelles-escaliers\/dll-mm-k\/","name":"DLL-MM-K - Storax Belgium","isPartOf":{"@id":"https:\/\/storax.be\/fr\/#website"},"primaryImageOfPage":{"@id":"https:\/\/storax.be\/fr\/producten\/echelles-escaliers\/dll-mm-k\/#primaryimage"},"image":{"@id":"https:\/\/storax.be\/fr\/producten\/echelles-escaliers\/dll-mm-k\/#primaryimage"},"thumbnailUrl":"https:\/\/storax.be\/wp-content\/uploads\/sites\/2\/2019\/03\/thumb_270x270_531.jpg","datePublished":"2022-08-01T09:24:51+00:00","dateModified":"2024-05-16T07:38:15+00:00","breadcrumb":{"@id":"https:\/\/storax.be\/fr\/producten\/echelles-escaliers\/dll-mm-k\/#breadcrumb"},"inLanguage":"fr-FR","potentialAction":[{"@type":"ReadAction","target":["https:\/\/storax.be\/fr\/producten\/echelles-escaliers\/dll-mm-k\/"]}]},{"@type":"ImageObject","inLanguage":"fr-FR","@id":"https:\/\/storax.be\/fr\/producten\/echelles-escaliers\/dll-mm-k\/#primaryimage","url":"https:\/\/storax.be\/wp-content\/uploads\/sites\/2\/2019\/03\/thumb_270x270_531.jpg","contentUrl":"https:\/\/storax.be\/wp-content\/uploads\/sites\/2\/2019\/03\/thumb_270x270_531.jpg","width":270,"height":270},{"@type":"BreadcrumbList","@id":"https:\/\/storax.be\/fr\/producten\/echelles-escaliers\/dll-mm-k\/#breadcrumb","itemListElement":[{"@type":"ListItem","position":1,"name":"Home","item":"https:\/\/storax.be\/fr\/"},{"@type":"ListItem","position":2,"name":"Producten","item":"https:\/\/storax.be\/fr\/producten\/%product_category%\/"},{"@type":"ListItem","position":3,"name":"\u00c9chelles\/escaliers","item":"https:\/\/storax.be\/fr\/producten\/echelles-escaliers\/"},{"@type":"ListItem","position":4,"name":"\u00c9chelles pour cages","item":"https:\/\/storax.be\/fr\/producten\/kooiladders-fr\/"},{"@type":"ListItem","position":5,"name":"DLL-MM-K"}]},{"@type":"WebSite","@id":"https:\/\/storax.be\/fr\/#website","url":"https:\/\/storax.be\/fr\/","name":"Storax Belgium","description":"Uw betrouwbare partner voor bouwprojecten","potentialAction":[{"@type":"SearchAction","target":{"@type":"EntryPoint","urlTemplate":"https:\/\/storax.be\/fr\/?s={search_term_string}"},"query-input":{"@type":"PropertyValueSpecification","valueRequired":true,"valueName":"search_term_string"}}],"inLanguage":"fr-FR"}]}},"_links":{"self":[{"href":"https:\/\/storax.be\/fr\/wp-json\/wp\/v2\/product\/114926","targetHints":{"allow":["GET"]}}],"collection":[{"href":"https:\/\/storax.be\/fr\/wp-json\/wp\/v2\/product"}],"about":[{"href":"https:\/\/storax.be\/fr\/wp-json\/wp\/v2\/types\/product"}],"wp:featuredmedia":[{"embeddable":true,"href":"https:\/\/storax.be\/fr\/wp-json\/wp\/v2\/media\/106307"}],"wp:attachment":[{"href":"https:\/\/storax.be\/fr\/wp-json\/wp\/v2\/media?parent=114926"}],"wp:term":[{"taxonomy":"product_category","embeddable":true,"href":"https:\/\/storax.be\/fr\/wp-json\/wp\/v2\/product_category?post=114926"},{"taxonomy":"product_tag","embeddable":true,"href":"https:\/\/storax.be\/fr\/wp-json\/wp\/v2\/product_tag?post=114926"}],"curies":[{"name":"wp","href":"https:\/\/api.w.org\/{rel}","templated":true}]}}