{"id":114922,"date":"2022-08-01T08:58:48","date_gmt":"2022-08-01T08:58:48","guid":{"rendered":"https:\/\/storax.be\/?post_type=product&#038;p=114922"},"modified":"2024-05-16T07:38:14","modified_gmt":"2024-05-16T07:38:14","slug":"mastic-de-montage-storax","status":"publish","type":"product","link":"https:\/\/storax.be\/fr\/producten\/kit-fr\/mastic-de-montage-storax\/","title":{"rendered":"Mastic de montage Storax"},"content":{"rendered":"<p><span style=\"font-weight: 400;\">Sp\u00e9cialement con\u00e7u pour le collage durable de nombreux mat\u00e9riaux de construction tels que le b\u00e9ton, la pierre naturelle, les plastiques, les m\u00e9taux, l&rsquo;aluminium, le bois, le verre, les miroirs, etc. Disponible en noir et blanc.<\/span><\/p>\n<p><strong>\u00c0 propos de ce produit :<\/strong><\/p>\n<ul>\n<li style=\"font-weight: 400;\" aria-level=\"1\"><span style=\"font-weight: 400;\">collage et scellement universels. \u00c9lasticit\u00e9 durable. Durcissement rapide<\/span><\/li>\n<li style=\"font-weight: 400;\" aria-level=\"1\"><span style=\"font-weight: 400;\">adh\u00e8re sans appr\u00eat \u00e0 de nombreux mat\u00e9riaux de construction. \u00c0 tester au pr\u00e9alable<\/span><\/li>\n<li style=\"font-weight: 400;\" aria-level=\"1\"><span style=\"font-weight: 400;\">peut \u00eatre peint. \u00c0 tester au pr\u00e9alable. Antifongique<\/span><\/li>\n<li style=\"font-weight: 400;\" aria-level=\"1\"><span style=\"font-weight: 400;\">R\u00e9sistant aux UV, \u00e0 l&rsquo;eau et aux intemp\u00e9ries. Non-corrosif pour les m\u00e9taux<\/span><\/li>\n<li style=\"font-weight: 400;\" aria-level=\"1\"><span style=\"font-weight: 400;\">sans isocyanate, sans solvant et sans silicone. Sans odeur<\/span><\/li>\n<li style=\"font-weight: 400;\" aria-level=\"1\"><span style=\"font-weight: 400;\">convient pour les mat\u00e9riaux sensibles aux solvants tels que le polystyr\u00e8ne<\/span><\/li>\n<li style=\"font-weight: 400;\" aria-level=\"1\"><span style=\"font-weight: 400;\">convient pour le verre feuillet\u00e9, le scellement des doubles vitrages et des miroirs. Sauf transparent<\/span><\/li>\n<li style=\"font-weight: 400;\" aria-level=\"1\"><span style=\"font-weight: 400;\">convient aux mati\u00e8res plastiques telles que le PVC, les polyacrylates (polycarbonates)<\/span><\/li>\n<li style=\"font-weight: 400;\" aria-level=\"1\"><span style=\"font-weight: 400;\">conforme \u00e0 la norme ISO 11.600 F 25 HM<\/span><\/li>\n<\/ul>\n","protected":false},"excerpt":{"rendered":"<p>Sp\u00e9cialement con\u00e7u pour le collage durable de nombreux mat\u00e9riaux de construction tels que le b\u00e9ton, la pierre naturelle, les plastiques, les m\u00e9taux, l&rsquo;aluminium, le bois, le verre, les miroirs, etc. Disponible en noir et blanc. \u00c0 propos de ce produit : collage et scellement universels. \u00c9lasticit\u00e9 durable. Durcissement rapide adh\u00e8re sans appr\u00eat \u00e0 de nombreux\u2026<\/p>\n","protected":false},"featured_media":106251,"template":"","meta":{"_acf_changed":false},"product_category":[583],"product_tag":[],"class_list":["post-114922","product","type-product","status-publish","has-post-thumbnail","hentry","product_category-kit-fr"],"acf":[],"yoast_head":"<!-- This site is optimized with the Yoast SEO plugin v27.3 - https:\/\/yoast.com\/product\/yoast-seo-wordpress\/ -->\n<title>Mastic de montage Storax - Storax Belgium<\/title>\n<meta name=\"robots\" content=\"index, follow, max-snippet:-1, max-image-preview:large, max-video-preview:-1\" \/>\n<link rel=\"canonical\" href=\"https:\/\/storax.be\/fr\/producten\/kit-fr\/mastic-de-montage-storax\/\" \/>\n<meta property=\"og:locale\" content=\"fr_FR\" \/>\n<meta property=\"og:type\" content=\"article\" \/>\n<meta property=\"og:title\" content=\"Mastic de montage Storax - Storax Belgium\" \/>\n<meta property=\"og:description\" content=\"Sp\u00e9cialement con\u00e7u pour le collage durable de nombreux mat\u00e9riaux de construction tels que le b\u00e9ton, la pierre naturelle, les plastiques, les m\u00e9taux, l&rsquo;aluminium, le bois, le verre, les miroirs, etc. Disponible en noir et blanc. \u00c0 propos de ce produit : collage et scellement universels. \u00c9lasticit\u00e9 durable. Durcissement rapide adh\u00e8re sans appr\u00eat \u00e0 de nombreux\u2026\" \/>\n<meta property=\"og:url\" content=\"https:\/\/storax.be\/fr\/producten\/kit-fr\/mastic-de-montage-storax\/\" \/>\n<meta property=\"og:site_name\" content=\"Storax Belgium\" \/>\n<meta property=\"article:modified_time\" content=\"2024-05-16T07:38:14+00:00\" \/>\n<meta property=\"og:image\" content=\"https:\/\/storax.be\/wp-content\/uploads\/sites\/2\/2019\/03\/thumb_270x270_568.jpg\" \/>\n\t<meta property=\"og:image:width\" content=\"270\" \/>\n\t<meta property=\"og:image:height\" content=\"270\" \/>\n\t<meta property=\"og:image:type\" content=\"image\/jpeg\" \/>\n<meta name=\"twitter:card\" content=\"summary_large_image\" \/>\n<meta name=\"twitter:label1\" content=\"Dur\u00e9e de lecture estim\u00e9e\" \/>\n\t<meta name=\"twitter:data1\" content=\"1 minute\" \/>\n<script type=\"application\/ld+json\" class=\"yoast-schema-graph\">{\"@context\":\"https:\\\/\\\/schema.org\",\"@graph\":[{\"@type\":\"WebPage\",\"@id\":\"https:\\\/\\\/storax.be\\\/fr\\\/producten\\\/kit-fr\\\/mastic-de-montage-storax\\\/\",\"url\":\"https:\\\/\\\/storax.be\\\/fr\\\/producten\\\/kit-fr\\\/mastic-de-montage-storax\\\/\",\"name\":\"Mastic de montage Storax - Storax Belgium\",\"isPartOf\":{\"@id\":\"https:\\\/\\\/storax.be\\\/fr\\\/#website\"},\"primaryImageOfPage\":{\"@id\":\"https:\\\/\\\/storax.be\\\/fr\\\/producten\\\/kit-fr\\\/mastic-de-montage-storax\\\/#primaryimage\"},\"image\":{\"@id\":\"https:\\\/\\\/storax.be\\\/fr\\\/producten\\\/kit-fr\\\/mastic-de-montage-storax\\\/#primaryimage\"},\"thumbnailUrl\":\"https:\\\/\\\/storax.be\\\/wp-content\\\/uploads\\\/sites\\\/2\\\/2019\\\/03\\\/thumb_270x270_568.jpg\",\"datePublished\":\"2022-08-01T08:58:48+00:00\",\"dateModified\":\"2024-05-16T07:38:14+00:00\",\"breadcrumb\":{\"@id\":\"https:\\\/\\\/storax.be\\\/fr\\\/producten\\\/kit-fr\\\/mastic-de-montage-storax\\\/#breadcrumb\"},\"inLanguage\":\"fr-FR\",\"potentialAction\":[{\"@type\":\"ReadAction\",\"target\":[\"https:\\\/\\\/storax.be\\\/fr\\\/producten\\\/kit-fr\\\/mastic-de-montage-storax\\\/\"]}]},{\"@type\":\"ImageObject\",\"inLanguage\":\"fr-FR\",\"@id\":\"https:\\\/\\\/storax.be\\\/fr\\\/producten\\\/kit-fr\\\/mastic-de-montage-storax\\\/#primaryimage\",\"url\":\"https:\\\/\\\/storax.be\\\/wp-content\\\/uploads\\\/sites\\\/2\\\/2019\\\/03\\\/thumb_270x270_568.jpg\",\"contentUrl\":\"https:\\\/\\\/storax.be\\\/wp-content\\\/uploads\\\/sites\\\/2\\\/2019\\\/03\\\/thumb_270x270_568.jpg\",\"width\":270,\"height\":270},{\"@type\":\"BreadcrumbList\",\"@id\":\"https:\\\/\\\/storax.be\\\/fr\\\/producten\\\/kit-fr\\\/mastic-de-montage-storax\\\/#breadcrumb\",\"itemListElement\":[{\"@type\":\"ListItem\",\"position\":1,\"name\":\"Home\",\"item\":\"https:\\\/\\\/storax.be\\\/fr\\\/\"},{\"@type\":\"ListItem\",\"position\":2,\"name\":\"Producten\",\"item\":\"https:\\\/\\\/storax.be\\\/fr\\\/producten\\\/%product_category%\\\/\"},{\"@type\":\"ListItem\",\"position\":3,\"name\":\"Kit\",\"item\":\"https:\\\/\\\/storax.be\\\/fr\\\/producten\\\/kit-fr\\\/\"},{\"@type\":\"ListItem\",\"position\":4,\"name\":\"Mastic de montage Storax\"}]},{\"@type\":\"WebSite\",\"@id\":\"https:\\\/\\\/storax.be\\\/fr\\\/#website\",\"url\":\"https:\\\/\\\/storax.be\\\/fr\\\/\",\"name\":\"Storax Belgium\",\"description\":\"Uw betrouwbare partner voor bouwprojecten\",\"potentialAction\":[{\"@type\":\"SearchAction\",\"target\":{\"@type\":\"EntryPoint\",\"urlTemplate\":\"https:\\\/\\\/storax.be\\\/fr\\\/?s={search_term_string}\"},\"query-input\":{\"@type\":\"PropertyValueSpecification\",\"valueRequired\":true,\"valueName\":\"search_term_string\"}}],\"inLanguage\":\"fr-FR\"}]}<\/script>\n<!-- \/ Yoast SEO plugin. -->","yoast_head_json":{"title":"Mastic de montage Storax - Storax Belgium","robots":{"index":"index","follow":"follow","max-snippet":"max-snippet:-1","max-image-preview":"max-image-preview:large","max-video-preview":"max-video-preview:-1"},"canonical":"https:\/\/storax.be\/fr\/producten\/kit-fr\/mastic-de-montage-storax\/","og_locale":"fr_FR","og_type":"article","og_title":"Mastic de montage Storax - Storax Belgium","og_description":"Sp\u00e9cialement con\u00e7u pour le collage durable de nombreux mat\u00e9riaux de construction tels que le b\u00e9ton, la pierre naturelle, les plastiques, les m\u00e9taux, l&rsquo;aluminium, le bois, le verre, les miroirs, etc. Disponible en noir et blanc. \u00c0 propos de ce produit : collage et scellement universels. \u00c9lasticit\u00e9 durable. Durcissement rapide adh\u00e8re sans appr\u00eat \u00e0 de nombreux\u2026","og_url":"https:\/\/storax.be\/fr\/producten\/kit-fr\/mastic-de-montage-storax\/","og_site_name":"Storax Belgium","article_modified_time":"2024-05-16T07:38:14+00:00","og_image":[{"width":270,"height":270,"url":"https:\/\/storax.be\/wp-content\/uploads\/sites\/2\/2019\/03\/thumb_270x270_568.jpg","type":"image\/jpeg"}],"twitter_card":"summary_large_image","twitter_misc":{"Dur\u00e9e de lecture estim\u00e9e":"1 minute"},"schema":{"@context":"https:\/\/schema.org","@graph":[{"@type":"WebPage","@id":"https:\/\/storax.be\/fr\/producten\/kit-fr\/mastic-de-montage-storax\/","url":"https:\/\/storax.be\/fr\/producten\/kit-fr\/mastic-de-montage-storax\/","name":"Mastic de montage Storax - Storax Belgium","isPartOf":{"@id":"https:\/\/storax.be\/fr\/#website"},"primaryImageOfPage":{"@id":"https:\/\/storax.be\/fr\/producten\/kit-fr\/mastic-de-montage-storax\/#primaryimage"},"image":{"@id":"https:\/\/storax.be\/fr\/producten\/kit-fr\/mastic-de-montage-storax\/#primaryimage"},"thumbnailUrl":"https:\/\/storax.be\/wp-content\/uploads\/sites\/2\/2019\/03\/thumb_270x270_568.jpg","datePublished":"2022-08-01T08:58:48+00:00","dateModified":"2024-05-16T07:38:14+00:00","breadcrumb":{"@id":"https:\/\/storax.be\/fr\/producten\/kit-fr\/mastic-de-montage-storax\/#breadcrumb"},"inLanguage":"fr-FR","potentialAction":[{"@type":"ReadAction","target":["https:\/\/storax.be\/fr\/producten\/kit-fr\/mastic-de-montage-storax\/"]}]},{"@type":"ImageObject","inLanguage":"fr-FR","@id":"https:\/\/storax.be\/fr\/producten\/kit-fr\/mastic-de-montage-storax\/#primaryimage","url":"https:\/\/storax.be\/wp-content\/uploads\/sites\/2\/2019\/03\/thumb_270x270_568.jpg","contentUrl":"https:\/\/storax.be\/wp-content\/uploads\/sites\/2\/2019\/03\/thumb_270x270_568.jpg","width":270,"height":270},{"@type":"BreadcrumbList","@id":"https:\/\/storax.be\/fr\/producten\/kit-fr\/mastic-de-montage-storax\/#breadcrumb","itemListElement":[{"@type":"ListItem","position":1,"name":"Home","item":"https:\/\/storax.be\/fr\/"},{"@type":"ListItem","position":2,"name":"Producten","item":"https:\/\/storax.be\/fr\/producten\/%product_category%\/"},{"@type":"ListItem","position":3,"name":"Kit","item":"https:\/\/storax.be\/fr\/producten\/kit-fr\/"},{"@type":"ListItem","position":4,"name":"Mastic de montage Storax"}]},{"@type":"WebSite","@id":"https:\/\/storax.be\/fr\/#website","url":"https:\/\/storax.be\/fr\/","name":"Storax Belgium","description":"Uw betrouwbare partner voor bouwprojecten","potentialAction":[{"@type":"SearchAction","target":{"@type":"EntryPoint","urlTemplate":"https:\/\/storax.be\/fr\/?s={search_term_string}"},"query-input":{"@type":"PropertyValueSpecification","valueRequired":true,"valueName":"search_term_string"}}],"inLanguage":"fr-FR"}]}},"_links":{"self":[{"href":"https:\/\/storax.be\/fr\/wp-json\/wp\/v2\/product\/114922","targetHints":{"allow":["GET"]}}],"collection":[{"href":"https:\/\/storax.be\/fr\/wp-json\/wp\/v2\/product"}],"about":[{"href":"https:\/\/storax.be\/fr\/wp-json\/wp\/v2\/types\/product"}],"wp:featuredmedia":[{"embeddable":true,"href":"https:\/\/storax.be\/fr\/wp-json\/wp\/v2\/media\/106251"}],"wp:attachment":[{"href":"https:\/\/storax.be\/fr\/wp-json\/wp\/v2\/media?parent=114922"}],"wp:term":[{"taxonomy":"product_category","embeddable":true,"href":"https:\/\/storax.be\/fr\/wp-json\/wp\/v2\/product_category?post=114922"},{"taxonomy":"product_tag","embeddable":true,"href":"https:\/\/storax.be\/fr\/wp-json\/wp\/v2\/product_tag?post=114922"}],"curies":[{"name":"wp","href":"https:\/\/api.w.org\/{rel}","templated":true}]}}