{"id":114919,"date":"2022-08-01T08:24:59","date_gmt":"2022-08-01T08:24:59","guid":{"rendered":"https:\/\/storax.be\/?post_type=product&#038;p=114919"},"modified":"2026-02-16T09:46:47","modified_gmt":"2026-02-16T09:46:47","slug":"type-k-kd","status":"publish","type":"product","link":"https:\/\/storax.be\/fr\/producten\/trappes-dinspection\/type-k-kd\/","title":{"rendered":"Type K \/ KD"},"content":{"rendered":"<h2 style=\"font-size: 1.5em; line-height: 32px; font-weight: 600; margin-top: 10px;\">Trappe d&rsquo;inspection standard pour les applications int\u00e9rieures<\/h2>\n<p><strong>\u00c0 propos de ce produit<\/strong><\/p>\n<ul>\n<li style=\"font-weight: 400;\" aria-level=\"1\"><span style=\"font-weight: 400;\">trappe de sol\/trappe d&rsquo;inspection standard pour les applications int\u00e9rieures<\/span><span style=\"font-weight: 400;\"><br \/>\n<\/span><span style=\"font-weight: 400;\">en aluminium<\/span><\/li>\n<li style=\"font-weight: 400;\" aria-level=\"1\"><span style=\"font-weight: 400;\">livr\u00e9 enti\u00e8rement assembl\u00e9e et \u00e9quip\u00e9e du syst\u00e8me innovant T-Cam<\/span><span style=\"font-weight: 400;\">\u00a9<\/span><span style=\"font-weight: 400;\"> qui garantit un fonctionnement s\u00fbr<\/span><\/li>\n<li>vantail simple ou double (t\u00f4le arm\u00e9e, \u00e9paisseur 6,35&nbsp;mm)<\/li>\n<li style=\"font-weight: 400;\" aria-level=\"1\"><span style=\"font-weight: 400;\">le vantail est verrouill\u00e9 en position d&rsquo;ouverture totale<\/span><\/li>\n<li style=\"font-weight: 400;\" aria-level=\"1\"><span style=\"font-weight: 400;\">le vantail reste en \u00e9quilibre dans toutes les positions<\/span><\/li>\n<li style=\"font-weight: 400;\" aria-level=\"1\"><span style=\"font-weight: 400;\">facile \u00e0 ouvrir et \u00e0 fermer, force de traction\/pouss\u00e9e requise&nbsp;: environ 5&nbsp;kg<\/span><\/li>\n<li style=\"font-weight: 400;\" aria-level=\"1\"><span style=\"font-weight: 400;\">charni\u00e8res et serrures 100&nbsp;% inoxydables<\/span><\/li>\n<li style=\"font-weight: 400;\" aria-level=\"1\"><span style=\"font-weight: 400;\">charge maximale 732&nbsp;kg\/m<\/span><span style=\"font-weight: 400;\">2<\/span><\/li>\n<li style=\"font-weight: 400;\" aria-level=\"1\"><span style=\"font-weight: 400;\">cadre avec rev\u00eatement bitumineux \u00e0 l&rsquo;ext\u00e9rieur<\/span><\/li>\n<\/ul>\n","protected":false},"excerpt":{"rendered":"<p>Trappe d&rsquo;inspection standard pour les applications int\u00e9rieures \u00c0 propos de ce produit trappe de sol\/trappe d&rsquo;inspection standard pour les applications int\u00e9rieures en aluminium livr\u00e9 enti\u00e8rement assembl\u00e9e et \u00e9quip\u00e9e du syst\u00e8me innovant T-Cam\u00a9 qui garantit un fonctionnement s\u00fbr vantail simple ou double (t\u00f4le arm\u00e9e, \u00e9paisseur 6,35&nbsp;mm) le vantail est verrouill\u00e9 en position d&rsquo;ouverture totale le vantail\u2026<\/p>\n","protected":false},"featured_media":106765,"template":"","meta":{"_acf_changed":false},"product_category":[599],"product_tag":[421,420,528],"class_list":["post-114919","product","type-product","status-publish","has-post-thumbnail","hentry","product_category-trappes-dinspection","product_tag-3-kn-m","product_tag-420","product_tag-niet-brandwerend-fr"],"acf":[],"yoast_head":"<!-- This site is optimized with the Yoast SEO plugin v27.3 - https:\/\/yoast.com\/product\/yoast-seo-wordpress\/ -->\n<title>Type K \/ KD - Storax Belgium<\/title>\n<meta name=\"robots\" content=\"index, follow, max-snippet:-1, max-image-preview:large, max-video-preview:-1\" \/>\n<link rel=\"canonical\" href=\"https:\/\/storax.be\/fr\/producten\/trappes-dinspection\/type-k-kd\/\" \/>\n<meta property=\"og:locale\" content=\"fr_FR\" \/>\n<meta property=\"og:type\" content=\"article\" \/>\n<meta property=\"og:title\" content=\"Type K \/ KD - Storax Belgium\" \/>\n<meta property=\"og:description\" content=\"Trappe d&rsquo;inspection standard pour les applications int\u00e9rieures \u00c0 propos de ce produit trappe de sol\/trappe d&rsquo;inspection standard pour les applications int\u00e9rieures en aluminium livr\u00e9 enti\u00e8rement assembl\u00e9e et \u00e9quip\u00e9e du syst\u00e8me innovant T-Cam\u00a9 qui garantit un fonctionnement s\u00fbr vantail simple ou double (t\u00f4le arm\u00e9e, \u00e9paisseur 6,35&nbsp;mm) le vantail est verrouill\u00e9 en position d&rsquo;ouverture totale le vantail\u2026\" \/>\n<meta property=\"og:url\" content=\"https:\/\/storax.be\/fr\/producten\/trappes-dinspection\/type-k-kd\/\" \/>\n<meta property=\"og:site_name\" content=\"Storax Belgium\" \/>\n<meta property=\"article:modified_time\" content=\"2026-02-16T09:46:47+00:00\" \/>\n<meta property=\"og:image\" content=\"https:\/\/storax.be\/wp-content\/uploads\/sites\/2\/2019\/03\/thumb_270x270_215-1.jpg\" \/>\n\t<meta property=\"og:image:width\" content=\"270\" \/>\n\t<meta property=\"og:image:height\" content=\"270\" \/>\n\t<meta property=\"og:image:type\" content=\"image\/jpeg\" \/>\n<meta name=\"twitter:card\" content=\"summary_large_image\" \/>\n<meta name=\"twitter:label1\" content=\"Dur\u00e9e de lecture estim\u00e9e\" \/>\n\t<meta name=\"twitter:data1\" content=\"1 minute\" \/>\n<script type=\"application\/ld+json\" class=\"yoast-schema-graph\">{\"@context\":\"https:\\\/\\\/schema.org\",\"@graph\":[{\"@type\":\"WebPage\",\"@id\":\"https:\\\/\\\/storax.be\\\/fr\\\/producten\\\/trappes-dinspection\\\/type-k-kd\\\/\",\"url\":\"https:\\\/\\\/storax.be\\\/fr\\\/producten\\\/trappes-dinspection\\\/type-k-kd\\\/\",\"name\":\"Type K \\\/ KD - Storax Belgium\",\"isPartOf\":{\"@id\":\"https:\\\/\\\/storax.be\\\/fr\\\/#website\"},\"primaryImageOfPage\":{\"@id\":\"https:\\\/\\\/storax.be\\\/fr\\\/producten\\\/trappes-dinspection\\\/type-k-kd\\\/#primaryimage\"},\"image\":{\"@id\":\"https:\\\/\\\/storax.be\\\/fr\\\/producten\\\/trappes-dinspection\\\/type-k-kd\\\/#primaryimage\"},\"thumbnailUrl\":\"https:\\\/\\\/storax.be\\\/wp-content\\\/uploads\\\/sites\\\/2\\\/2019\\\/03\\\/thumb_270x270_215-1.jpg\",\"datePublished\":\"2022-08-01T08:24:59+00:00\",\"dateModified\":\"2026-02-16T09:46:47+00:00\",\"breadcrumb\":{\"@id\":\"https:\\\/\\\/storax.be\\\/fr\\\/producten\\\/trappes-dinspection\\\/type-k-kd\\\/#breadcrumb\"},\"inLanguage\":\"fr-FR\",\"potentialAction\":[{\"@type\":\"ReadAction\",\"target\":[\"https:\\\/\\\/storax.be\\\/fr\\\/producten\\\/trappes-dinspection\\\/type-k-kd\\\/\"]}]},{\"@type\":\"ImageObject\",\"inLanguage\":\"fr-FR\",\"@id\":\"https:\\\/\\\/storax.be\\\/fr\\\/producten\\\/trappes-dinspection\\\/type-k-kd\\\/#primaryimage\",\"url\":\"https:\\\/\\\/storax.be\\\/wp-content\\\/uploads\\\/sites\\\/2\\\/2019\\\/03\\\/thumb_270x270_215-1.jpg\",\"contentUrl\":\"https:\\\/\\\/storax.be\\\/wp-content\\\/uploads\\\/sites\\\/2\\\/2019\\\/03\\\/thumb_270x270_215-1.jpg\",\"width\":270,\"height\":270},{\"@type\":\"BreadcrumbList\",\"@id\":\"https:\\\/\\\/storax.be\\\/fr\\\/producten\\\/trappes-dinspection\\\/type-k-kd\\\/#breadcrumb\",\"itemListElement\":[{\"@type\":\"ListItem\",\"position\":1,\"name\":\"Home\",\"item\":\"https:\\\/\\\/storax.be\\\/fr\\\/\"},{\"@type\":\"ListItem\",\"position\":2,\"name\":\"Producten\",\"item\":\"https:\\\/\\\/storax.be\\\/fr\\\/producten\\\/%product_category%\\\/\"},{\"@type\":\"ListItem\",\"position\":3,\"name\":\"Trappes d'inspection\",\"item\":\"https:\\\/\\\/storax.be\\\/fr\\\/producten\\\/trappes-dinspection\\\/\"},{\"@type\":\"ListItem\",\"position\":4,\"name\":\"Type K \\\/ KD\"}]},{\"@type\":\"WebSite\",\"@id\":\"https:\\\/\\\/storax.be\\\/fr\\\/#website\",\"url\":\"https:\\\/\\\/storax.be\\\/fr\\\/\",\"name\":\"Storax Belgium\",\"description\":\"Uw betrouwbare partner voor bouwprojecten\",\"potentialAction\":[{\"@type\":\"SearchAction\",\"target\":{\"@type\":\"EntryPoint\",\"urlTemplate\":\"https:\\\/\\\/storax.be\\\/fr\\\/?s={search_term_string}\"},\"query-input\":{\"@type\":\"PropertyValueSpecification\",\"valueRequired\":true,\"valueName\":\"search_term_string\"}}],\"inLanguage\":\"fr-FR\"}]}<\/script>\n<!-- \/ Yoast SEO plugin. -->","yoast_head_json":{"title":"Type K \/ KD - Storax Belgium","robots":{"index":"index","follow":"follow","max-snippet":"max-snippet:-1","max-image-preview":"max-image-preview:large","max-video-preview":"max-video-preview:-1"},"canonical":"https:\/\/storax.be\/fr\/producten\/trappes-dinspection\/type-k-kd\/","og_locale":"fr_FR","og_type":"article","og_title":"Type K \/ KD - Storax Belgium","og_description":"Trappe d&rsquo;inspection standard pour les applications int\u00e9rieures \u00c0 propos de ce produit trappe de sol\/trappe d&rsquo;inspection standard pour les applications int\u00e9rieures en aluminium livr\u00e9 enti\u00e8rement assembl\u00e9e et \u00e9quip\u00e9e du syst\u00e8me innovant T-Cam\u00a9 qui garantit un fonctionnement s\u00fbr vantail simple ou double (t\u00f4le arm\u00e9e, \u00e9paisseur 6,35&nbsp;mm) le vantail est verrouill\u00e9 en position d&rsquo;ouverture totale le vantail\u2026","og_url":"https:\/\/storax.be\/fr\/producten\/trappes-dinspection\/type-k-kd\/","og_site_name":"Storax Belgium","article_modified_time":"2026-02-16T09:46:47+00:00","og_image":[{"width":270,"height":270,"url":"https:\/\/storax.be\/wp-content\/uploads\/sites\/2\/2019\/03\/thumb_270x270_215-1.jpg","type":"image\/jpeg"}],"twitter_card":"summary_large_image","twitter_misc":{"Dur\u00e9e de lecture estim\u00e9e":"1 minute"},"schema":{"@context":"https:\/\/schema.org","@graph":[{"@type":"WebPage","@id":"https:\/\/storax.be\/fr\/producten\/trappes-dinspection\/type-k-kd\/","url":"https:\/\/storax.be\/fr\/producten\/trappes-dinspection\/type-k-kd\/","name":"Type K \/ KD - Storax Belgium","isPartOf":{"@id":"https:\/\/storax.be\/fr\/#website"},"primaryImageOfPage":{"@id":"https:\/\/storax.be\/fr\/producten\/trappes-dinspection\/type-k-kd\/#primaryimage"},"image":{"@id":"https:\/\/storax.be\/fr\/producten\/trappes-dinspection\/type-k-kd\/#primaryimage"},"thumbnailUrl":"https:\/\/storax.be\/wp-content\/uploads\/sites\/2\/2019\/03\/thumb_270x270_215-1.jpg","datePublished":"2022-08-01T08:24:59+00:00","dateModified":"2026-02-16T09:46:47+00:00","breadcrumb":{"@id":"https:\/\/storax.be\/fr\/producten\/trappes-dinspection\/type-k-kd\/#breadcrumb"},"inLanguage":"fr-FR","potentialAction":[{"@type":"ReadAction","target":["https:\/\/storax.be\/fr\/producten\/trappes-dinspection\/type-k-kd\/"]}]},{"@type":"ImageObject","inLanguage":"fr-FR","@id":"https:\/\/storax.be\/fr\/producten\/trappes-dinspection\/type-k-kd\/#primaryimage","url":"https:\/\/storax.be\/wp-content\/uploads\/sites\/2\/2019\/03\/thumb_270x270_215-1.jpg","contentUrl":"https:\/\/storax.be\/wp-content\/uploads\/sites\/2\/2019\/03\/thumb_270x270_215-1.jpg","width":270,"height":270},{"@type":"BreadcrumbList","@id":"https:\/\/storax.be\/fr\/producten\/trappes-dinspection\/type-k-kd\/#breadcrumb","itemListElement":[{"@type":"ListItem","position":1,"name":"Home","item":"https:\/\/storax.be\/fr\/"},{"@type":"ListItem","position":2,"name":"Producten","item":"https:\/\/storax.be\/fr\/producten\/%product_category%\/"},{"@type":"ListItem","position":3,"name":"Trappes d'inspection","item":"https:\/\/storax.be\/fr\/producten\/trappes-dinspection\/"},{"@type":"ListItem","position":4,"name":"Type K \/ KD"}]},{"@type":"WebSite","@id":"https:\/\/storax.be\/fr\/#website","url":"https:\/\/storax.be\/fr\/","name":"Storax Belgium","description":"Uw betrouwbare partner voor bouwprojecten","potentialAction":[{"@type":"SearchAction","target":{"@type":"EntryPoint","urlTemplate":"https:\/\/storax.be\/fr\/?s={search_term_string}"},"query-input":{"@type":"PropertyValueSpecification","valueRequired":true,"valueName":"search_term_string"}}],"inLanguage":"fr-FR"}]}},"_links":{"self":[{"href":"https:\/\/storax.be\/fr\/wp-json\/wp\/v2\/product\/114919","targetHints":{"allow":["GET"]}}],"collection":[{"href":"https:\/\/storax.be\/fr\/wp-json\/wp\/v2\/product"}],"about":[{"href":"https:\/\/storax.be\/fr\/wp-json\/wp\/v2\/types\/product"}],"wp:featuredmedia":[{"embeddable":true,"href":"https:\/\/storax.be\/fr\/wp-json\/wp\/v2\/media\/106765"}],"wp:attachment":[{"href":"https:\/\/storax.be\/fr\/wp-json\/wp\/v2\/media?parent=114919"}],"wp:term":[{"taxonomy":"product_category","embeddable":true,"href":"https:\/\/storax.be\/fr\/wp-json\/wp\/v2\/product_category?post=114919"},{"taxonomy":"product_tag","embeddable":true,"href":"https:\/\/storax.be\/fr\/wp-json\/wp\/v2\/product_tag?post=114919"}],"curies":[{"name":"wp","href":"https:\/\/api.w.org\/{rel}","templated":true}]}}