{"id":114913,"date":"2022-08-01T07:39:43","date_gmt":"2022-08-01T07:39:43","guid":{"rendered":"https:\/\/storax.be\/?post_type=product&#038;p=114913"},"modified":"2026-03-20T10:11:50","modified_gmt":"2026-03-20T10:11:50","slug":"tirefloor","status":"publish","type":"product","link":"https:\/\/storax.be\/fr\/producten\/paillassons-dentree\/tirefloor\/","title":{"rendered":"Tirefloor"},"content":{"rendered":"<h2><strong>Paillasson d&rsquo;entr\u00e9e fabriqu\u00e9 \u00e0 partir de pneus de voiture et avions recycl\u00e9s<\/strong><\/h2>\r\n<p><span style=\"font-weight: 400;\">Le Tirefloor est un paillasson d&rsquo;entr\u00e9e tr\u00e8s durable compos\u00e9 de bandes de caoutchouc recycl\u00e9.\u00a0 Outre l&rsquo;aspect durable, le Tirefloor est un\u00a0 d&rsquo;entr\u00e9e solide et de haute qualit\u00e9 qui emp\u00eache un maximum de salet\u00e9s et d&rsquo;humidit\u00e9 de p\u00e9n\u00e9trer dans les b\u00e2timents. La salet\u00e9 est retenue dans le paillasson d&rsquo;entr\u00e9e et ne se r\u00e9pand pas sur le reste du rev\u00eatement de sol. La couleur du paillassons d&rsquo;entr\u00e9e est non seulement d\u00e9corative, mais elle est aussi anti-salissures.<\/span> <strong>Avantages du Tirefloor\u00a0:<\/strong><\/p>\r\n<ul>\r\n<li style=\"font-weight: 400;\" aria-level=\"1\"><span style=\"font-weight: 400;\">Haute r\u00e9sistance<\/span><\/li>\r\n<li style=\"font-weight: 400;\" aria-level=\"1\"><span style=\"font-weight: 400;\">Quasiment indestructible<\/span><\/li>\r\n<li style=\"font-weight: 400;\" aria-level=\"1\"><span style=\"font-weight: 400;\">Nombreuses applications<\/span><\/li>\r\n<li style=\"font-weight: 400;\" aria-level=\"1\"><span style=\"font-weight: 400;\">Couleur cachant la salet\u00e9<\/span><\/li>\r\n<li style=\"font-weight: 400;\" aria-level=\"1\"><span style=\"font-weight: 400;\">Durable<\/span><\/li>\r\n<\/ul>\r\n<p><strong>Caract\u00e9ristiques\u00a0:<\/strong><\/p>\r\n<ul>\r\n<li style=\"font-weight: 400;\" aria-level=\"1\"><span style=\"font-weight: 400;\">Paillasson d&rsquo;entr\u00e9e \u00e9cologique \u00e0 utiliser dans un renfoncement<\/span><\/li>\r\n<li style=\"font-weight: 400;\" aria-level=\"1\"><span style=\"font-weight: 400;\">Mat\u00e9riau\u00a0: Bandes de caoutchouc recycl\u00e9, renforc\u00e9es par des fibres de nylon, sur un support en caoutchouc noir.<\/span><\/li>\r\n<li style=\"font-weight: 400;\" aria-level=\"1\"><span style=\"font-weight: 400;\">Couleur\u00a0: gris-marron<\/span><\/li>\r\n<li style=\"font-weight: 400;\" aria-level=\"1\"><span style=\"font-weight: 400;\">\u00c9paisseur du tapis\u00a0: +\/- 22\u00a0mm<\/span><\/li>\r\n<li style=\"font-weight: 400;\" aria-level=\"1\"><span style=\"font-weight: 400;\">Applications\u00a0: Int\u00e9rieur, maisons, magasins, entreprises, b\u00e2timents gouvernementaux, secteur de la sant\u00e9 et b\u00e2timents publics<\/span><\/li>\r\n<li style=\"font-weight: 400;\" aria-level=\"1\"><span style=\"font-weight: 400;\">Entretien\u00a0: Aspirateur, shampoing en cas de forte salissure<\/span><\/li>\r\n<\/ul>\r\n<p>&nbsp;<\/p>\r\n<table>\r\n<tbody>\r\n<tr style=\"background: #009ee2; color: white;\">\r\n<td width=\"25%\"><strong>Dimensions<\/strong><\/td>\r\n<\/tr>\r\n<tr style=\"border-bottom: 1px solid #d7e0e3;\">\r\n<td>\u00a0584 x 384<\/td>\r\n<\/tr>\r\n<tr style=\"background: #edf1f3; border-bottom: 1px solid #d7e0e3;\">\r\n<td>\u00a0784 x 484<\/td>\r\n<\/tr>\r\n<tr style=\"border-bottom: 1px solid #d7e0e3;\">\r\n<td>\u00a0784 x 584<\/td>\r\n<\/tr>\r\n<tr style=\"background: #edf1f3; border-bottom: 1px solid #d7e0e3;\">\r\n<td>\u00a0884 x 584<\/td>\r\n<\/tr>\r\n<tr style=\"border-bottom: 1px solid #d7e0e3;\">\r\n<td>\u00a0984 x 584<\/td>\r\n<\/tr>\r\n<tr style=\"background: #edf1f3; border-bottom: 1px solid #d7e0e3;\">\r\n<td>\u00a01184 x 584<\/td>\r\n<\/tr>\r\n<tr style=\"border-bottom: 1px solid #d7e0e3;\">\r\n<td>\u00a0984 x 784<\/td>\r\n<\/tr>\r\n<tr style=\"background: #edf1f3; border-bottom: 1px solid #d7e0e3;\">\r\n<td>\u00a01184 x 784<\/td>\r\n<\/tr>\r\n<tr style=\"border-bottom: 1px solid #d7e0e3;\">\r\n<td>\u00a01184 x 884<\/td>\r\n<\/tr>\r\n<\/tbody>\r\n<\/table>\r\n<!-- \/wp:post-content -->\r\n\r\n<!-- wp:spacer {\"height\":30} -->\r\n<p><strong>La personnalisation est possible<\/strong><\/p>\r\n<div class=\"wp-block-spacer\" style=\"height: 30px;\" aria-hidden=\"true\">\u00a0<\/div>","protected":false},"excerpt":{"rendered":"<p>Paillasson d&rsquo;entr\u00e9e fabriqu\u00e9 \u00e0 partir de pneus de voiture et avions recycl\u00e9s Le Tirefloor est un paillasson d&rsquo;entr\u00e9e tr\u00e8s durable compos\u00e9 de bandes de caoutchouc recycl\u00e9.\u00a0 Outre l&rsquo;aspect durable, le Tirefloor est un\u00a0 d&rsquo;entr\u00e9e solide et de haute qualit\u00e9 qui emp\u00eache un maximum de salet\u00e9s et d&rsquo;humidit\u00e9 de p\u00e9n\u00e9trer dans les b\u00e2timents. La salet\u00e9 est\u2026<\/p>\n","protected":false},"featured_media":110923,"template":"","meta":{"_acf_changed":true},"product_category":[758],"product_tag":[],"class_list":["post-114913","product","type-product","status-publish","has-post-thumbnail","hentry","product_category-paillassons-dentree"],"acf":[],"yoast_head":"<!-- This site is optimized with the Yoast SEO plugin v27.3 - https:\/\/yoast.com\/product\/yoast-seo-wordpress\/ -->\n<title>Tirefloor - Storax Belgium<\/title>\n<meta name=\"description\" content=\"Paillasson d&#039;entr\u00e9e fabriqu\u00e9 \u00e0 partir de pneus de voiture et avions recycl\u00e9s\" \/>\n<meta name=\"robots\" content=\"index, follow, max-snippet:-1, max-image-preview:large, max-video-preview:-1\" \/>\n<link rel=\"canonical\" href=\"https:\/\/storax.be\/fr\/producten\/paillassons-dentree\/tirefloor\/\" \/>\n<meta property=\"og:locale\" content=\"fr_FR\" \/>\n<meta property=\"og:type\" content=\"article\" \/>\n<meta property=\"og:title\" content=\"Tirefloor - Storax Belgium\" \/>\n<meta property=\"og:description\" content=\"Paillasson d&#039;entr\u00e9e fabriqu\u00e9 \u00e0 partir de pneus de voiture et avions recycl\u00e9s\" \/>\n<meta property=\"og:url\" content=\"https:\/\/storax.be\/fr\/producten\/paillassons-dentree\/tirefloor\/\" \/>\n<meta property=\"og:site_name\" content=\"Storax Belgium\" \/>\n<meta property=\"article:modified_time\" content=\"2026-03-20T10:11:50+00:00\" \/>\n<meta property=\"og:image\" content=\"https:\/\/storax.be\/wp-content\/uploads\/sites\/2\/2021\/05\/Tirefloor.jpg\" \/>\n\t<meta property=\"og:image:width\" content=\"470\" \/>\n\t<meta property=\"og:image:height\" content=\"470\" \/>\n\t<meta property=\"og:image:type\" content=\"image\/jpeg\" \/>\n<meta name=\"twitter:card\" content=\"summary_large_image\" \/>\n<meta name=\"twitter:label1\" content=\"Dur\u00e9e de lecture estim\u00e9e\" \/>\n\t<meta name=\"twitter:data1\" content=\"2 minutes\" \/>\n<script type=\"application\/ld+json\" class=\"yoast-schema-graph\">{\"@context\":\"https:\\\/\\\/schema.org\",\"@graph\":[{\"@type\":\"WebPage\",\"@id\":\"https:\\\/\\\/storax.be\\\/fr\\\/producten\\\/paillassons-dentree\\\/tirefloor\\\/\",\"url\":\"https:\\\/\\\/storax.be\\\/fr\\\/producten\\\/paillassons-dentree\\\/tirefloor\\\/\",\"name\":\"Tirefloor - Storax Belgium\",\"isPartOf\":{\"@id\":\"https:\\\/\\\/storax.be\\\/fr\\\/#website\"},\"primaryImageOfPage\":{\"@id\":\"https:\\\/\\\/storax.be\\\/fr\\\/producten\\\/paillassons-dentree\\\/tirefloor\\\/#primaryimage\"},\"image\":{\"@id\":\"https:\\\/\\\/storax.be\\\/fr\\\/producten\\\/paillassons-dentree\\\/tirefloor\\\/#primaryimage\"},\"thumbnailUrl\":\"https:\\\/\\\/storax.be\\\/wp-content\\\/uploads\\\/sites\\\/2\\\/2021\\\/05\\\/Tirefloor.jpg\",\"datePublished\":\"2022-08-01T07:39:43+00:00\",\"dateModified\":\"2026-03-20T10:11:50+00:00\",\"description\":\"Paillasson d'entr\u00e9e fabriqu\u00e9 \u00e0 partir de pneus de voiture et avions recycl\u00e9s\",\"breadcrumb\":{\"@id\":\"https:\\\/\\\/storax.be\\\/fr\\\/producten\\\/paillassons-dentree\\\/tirefloor\\\/#breadcrumb\"},\"inLanguage\":\"fr-FR\",\"potentialAction\":[{\"@type\":\"ReadAction\",\"target\":[\"https:\\\/\\\/storax.be\\\/fr\\\/producten\\\/paillassons-dentree\\\/tirefloor\\\/\"]}]},{\"@type\":\"ImageObject\",\"inLanguage\":\"fr-FR\",\"@id\":\"https:\\\/\\\/storax.be\\\/fr\\\/producten\\\/paillassons-dentree\\\/tirefloor\\\/#primaryimage\",\"url\":\"https:\\\/\\\/storax.be\\\/wp-content\\\/uploads\\\/sites\\\/2\\\/2021\\\/05\\\/Tirefloor.jpg\",\"contentUrl\":\"https:\\\/\\\/storax.be\\\/wp-content\\\/uploads\\\/sites\\\/2\\\/2021\\\/05\\\/Tirefloor.jpg\",\"width\":470,\"height\":470},{\"@type\":\"BreadcrumbList\",\"@id\":\"https:\\\/\\\/storax.be\\\/fr\\\/producten\\\/paillassons-dentree\\\/tirefloor\\\/#breadcrumb\",\"itemListElement\":[{\"@type\":\"ListItem\",\"position\":1,\"name\":\"Home\",\"item\":\"https:\\\/\\\/storax.be\\\/fr\\\/\"},{\"@type\":\"ListItem\",\"position\":2,\"name\":\"Producten\",\"item\":\"https:\\\/\\\/storax.be\\\/fr\\\/producten\\\/%product_category%\\\/\"},{\"@type\":\"ListItem\",\"position\":3,\"name\":\"Paillassons d'entr\u00e9e\",\"item\":\"https:\\\/\\\/storax.be\\\/fr\\\/producten\\\/paillassons-dentree\\\/\"},{\"@type\":\"ListItem\",\"position\":4,\"name\":\"Tirefloor\"}]},{\"@type\":\"WebSite\",\"@id\":\"https:\\\/\\\/storax.be\\\/fr\\\/#website\",\"url\":\"https:\\\/\\\/storax.be\\\/fr\\\/\",\"name\":\"Storax Belgium\",\"description\":\"Uw betrouwbare partner voor bouwprojecten\",\"potentialAction\":[{\"@type\":\"SearchAction\",\"target\":{\"@type\":\"EntryPoint\",\"urlTemplate\":\"https:\\\/\\\/storax.be\\\/fr\\\/?s={search_term_string}\"},\"query-input\":{\"@type\":\"PropertyValueSpecification\",\"valueRequired\":true,\"valueName\":\"search_term_string\"}}],\"inLanguage\":\"fr-FR\"}]}<\/script>\n<!-- \/ Yoast SEO plugin. -->","yoast_head_json":{"title":"Tirefloor - Storax Belgium","description":"Paillasson d'entr\u00e9e fabriqu\u00e9 \u00e0 partir de pneus de voiture et avions recycl\u00e9s","robots":{"index":"index","follow":"follow","max-snippet":"max-snippet:-1","max-image-preview":"max-image-preview:large","max-video-preview":"max-video-preview:-1"},"canonical":"https:\/\/storax.be\/fr\/producten\/paillassons-dentree\/tirefloor\/","og_locale":"fr_FR","og_type":"article","og_title":"Tirefloor - Storax Belgium","og_description":"Paillasson d'entr\u00e9e fabriqu\u00e9 \u00e0 partir de pneus de voiture et avions recycl\u00e9s","og_url":"https:\/\/storax.be\/fr\/producten\/paillassons-dentree\/tirefloor\/","og_site_name":"Storax Belgium","article_modified_time":"2026-03-20T10:11:50+00:00","og_image":[{"width":470,"height":470,"url":"https:\/\/storax.be\/wp-content\/uploads\/sites\/2\/2021\/05\/Tirefloor.jpg","type":"image\/jpeg"}],"twitter_card":"summary_large_image","twitter_misc":{"Dur\u00e9e de lecture estim\u00e9e":"2 minutes"},"schema":{"@context":"https:\/\/schema.org","@graph":[{"@type":"WebPage","@id":"https:\/\/storax.be\/fr\/producten\/paillassons-dentree\/tirefloor\/","url":"https:\/\/storax.be\/fr\/producten\/paillassons-dentree\/tirefloor\/","name":"Tirefloor - Storax Belgium","isPartOf":{"@id":"https:\/\/storax.be\/fr\/#website"},"primaryImageOfPage":{"@id":"https:\/\/storax.be\/fr\/producten\/paillassons-dentree\/tirefloor\/#primaryimage"},"image":{"@id":"https:\/\/storax.be\/fr\/producten\/paillassons-dentree\/tirefloor\/#primaryimage"},"thumbnailUrl":"https:\/\/storax.be\/wp-content\/uploads\/sites\/2\/2021\/05\/Tirefloor.jpg","datePublished":"2022-08-01T07:39:43+00:00","dateModified":"2026-03-20T10:11:50+00:00","description":"Paillasson d'entr\u00e9e fabriqu\u00e9 \u00e0 partir de pneus de voiture et avions recycl\u00e9s","breadcrumb":{"@id":"https:\/\/storax.be\/fr\/producten\/paillassons-dentree\/tirefloor\/#breadcrumb"},"inLanguage":"fr-FR","potentialAction":[{"@type":"ReadAction","target":["https:\/\/storax.be\/fr\/producten\/paillassons-dentree\/tirefloor\/"]}]},{"@type":"ImageObject","inLanguage":"fr-FR","@id":"https:\/\/storax.be\/fr\/producten\/paillassons-dentree\/tirefloor\/#primaryimage","url":"https:\/\/storax.be\/wp-content\/uploads\/sites\/2\/2021\/05\/Tirefloor.jpg","contentUrl":"https:\/\/storax.be\/wp-content\/uploads\/sites\/2\/2021\/05\/Tirefloor.jpg","width":470,"height":470},{"@type":"BreadcrumbList","@id":"https:\/\/storax.be\/fr\/producten\/paillassons-dentree\/tirefloor\/#breadcrumb","itemListElement":[{"@type":"ListItem","position":1,"name":"Home","item":"https:\/\/storax.be\/fr\/"},{"@type":"ListItem","position":2,"name":"Producten","item":"https:\/\/storax.be\/fr\/producten\/%product_category%\/"},{"@type":"ListItem","position":3,"name":"Paillassons d'entr\u00e9e","item":"https:\/\/storax.be\/fr\/producten\/paillassons-dentree\/"},{"@type":"ListItem","position":4,"name":"Tirefloor"}]},{"@type":"WebSite","@id":"https:\/\/storax.be\/fr\/#website","url":"https:\/\/storax.be\/fr\/","name":"Storax Belgium","description":"Uw betrouwbare partner voor bouwprojecten","potentialAction":[{"@type":"SearchAction","target":{"@type":"EntryPoint","urlTemplate":"https:\/\/storax.be\/fr\/?s={search_term_string}"},"query-input":{"@type":"PropertyValueSpecification","valueRequired":true,"valueName":"search_term_string"}}],"inLanguage":"fr-FR"}]}},"_links":{"self":[{"href":"https:\/\/storax.be\/fr\/wp-json\/wp\/v2\/product\/114913","targetHints":{"allow":["GET"]}}],"collection":[{"href":"https:\/\/storax.be\/fr\/wp-json\/wp\/v2\/product"}],"about":[{"href":"https:\/\/storax.be\/fr\/wp-json\/wp\/v2\/types\/product"}],"wp:featuredmedia":[{"embeddable":true,"href":"https:\/\/storax.be\/fr\/wp-json\/wp\/v2\/media\/110923"}],"wp:attachment":[{"href":"https:\/\/storax.be\/fr\/wp-json\/wp\/v2\/media?parent=114913"}],"wp:term":[{"taxonomy":"product_category","embeddable":true,"href":"https:\/\/storax.be\/fr\/wp-json\/wp\/v2\/product_category?post=114913"},{"taxonomy":"product_tag","embeddable":true,"href":"https:\/\/storax.be\/fr\/wp-json\/wp\/v2\/product_tag?post=114913"}],"curies":[{"name":"wp","href":"https:\/\/api.w.org\/{rel}","templated":true}]}}