{"id":114906,"date":"2022-07-29T14:11:48","date_gmt":"2022-07-29T14:11:48","guid":{"rendered":"https:\/\/storax.be\/?post_type=product&#038;p=114906"},"modified":"2024-05-16T07:38:10","modified_gmt":"2024-05-16T07:38:10","slug":"maxxis","status":"publish","type":"product","link":"https:\/\/storax.be\/fr\/producten\/paillassons-dentree\/maxxis\/","title":{"rendered":"Maxxis"},"content":{"rendered":"<h2 style=\"line-height: 40px; font-size: 1.5em; font-weight: 600;\">Paillasson d&rsquo;entr\u00e9e exclusif avec profil\u00e9s anodis\u00e9s noirs et insert moquette hyper absorbant<\/h2>\r\n<span style=\"font-weight: 400;\"><strong>Maxxis<\/strong> est un paillasson d&rsquo;entr\u00e9e ouvert enroulable destin\u00e9 \u00e0 \u00eatre utilis\u00e9 \u00e0 l&rsquo;int\u00e9rieur, de pr\u00e9f\u00e9rence dans une fosse \u00e0 tapis ou pos\u00e9 sur le sol avec un profil\u00e9 anti-tr\u00e9buchage.<\/span>\r\n\r\n<span style=\"font-weight: 400;\">La salet\u00e9 s&rsquo;accumule entre les profil\u00e9s, et il suffit de rouler le tapis pour l&rsquo;enlever facilement.<\/span>\r\n\r\n&nbsp;\r\n\r\n<strong>\u00c0 propos de ce produit<\/strong>\r\n<ul>\r\n \t<li style=\"font-weight: 400;\" aria-level=\"1\"><span style=\"font-weight: 400;\">Paillasson d&rsquo;entr\u00e9e enroulable avec effet absorbant optimal<\/span><\/li>\r\n \t<li style=\"font-weight: 400;\" aria-level=\"1\"><span style=\"font-weight: 400;\">profil\u00e9s anodis\u00e9s noirs pour un look luxueux<\/span><\/li>\r\n \t<li style=\"font-weight: 400;\" aria-level=\"1\"><span style=\"font-weight: 400;\">inserts disponibles en 10\u00a0couleurs bas\u00e9es sur des tons naturels<\/span><\/li>\r\n \t<li style=\"font-weight: 400;\" aria-level=\"1\"><span style=\"font-weight: 400;\">pour un usage int\u00e9rieur uniquement<\/span><\/li>\r\n \t<li style=\"font-weight: 400;\" aria-level=\"1\"><span style=\"font-weight: 400;\">s\u00fbr et confortable pour trafic mi-lourd et fauteuils roulants<\/span><\/li>\r\n \t<li style=\"font-weight: 400;\" aria-level=\"1\"><span style=\"font-weight: 400;\">disponible dans toutes les formes souhait\u00e9es<\/span><\/li>\r\n \t<li style=\"font-weight: 400;\" aria-level=\"1\"><span style=\"font-weight: 400;\">\u00e9paisseur 18 ou 21\u00a0mm<\/span><\/li>\r\n \t<li style=\"font-weight: 400;\" aria-level=\"1\"><span style=\"font-weight: 400;\">circulation pi\u00e9tonne d&rsquo;intensit\u00e9 moyenne et fauteuils roulants<\/span><\/li>\r\n \t<li style=\"font-weight: 400;\" aria-level=\"1\"><span style=\"font-weight: 400;\">enroulable, donc facile \u00e0 nettoyer<\/span><\/li>\r\n \t<li style=\"font-weight: 400;\" aria-level=\"1\"><span style=\"font-weight: 400;\">disponible dans pratiquement toutes les formes<\/span><\/li>\r\n<\/ul>\r\n<table style=\"background-color: #edf1f3; border: thin solid #d7e0e3;\" cellspacing=\"0\" cellpadding=\"0\">\r\n<tbody>\r\n<tr>\r\n<td style=\"text-align: left; vertical-align: top; padding: 10px;\">\r\n<table>\r\n<tbody>\r\n<tr>\r\n<td style=\"text-align: left; font-size: 16px; vertical-align: middle; width: 70%;\"><strong>Storax livre et installe les Inkommats \u00e0 des prix tr\u00e8s comp\u00e9titifs ! Veuillez envoyer un e-mail \u00e0 <a href=\"mailto:storax@storax.be?subject=Informatie Inkommatten\">storax@storax.be<\/a> pour obtenir un devis sans engagement.<\/strong><\/td>\r\n<\/tr>\r\n<\/tbody>\r\n<\/table>\r\n<\/td>\r\n<\/tr>\r\n<\/tbody>\r\n<\/table>\r\n&nbsp;\r\n\r\n<!-- \/wp:post-content -->","protected":false},"excerpt":{"rendered":"<p>Paillasson d&rsquo;entr\u00e9e exclusif avec profil\u00e9s anodis\u00e9s noirs et insert moquette hyper absorbant Maxxis est un paillasson d&rsquo;entr\u00e9e ouvert enroulable destin\u00e9 \u00e0 \u00eatre utilis\u00e9 \u00e0 l&rsquo;int\u00e9rieur, de pr\u00e9f\u00e9rence dans une fosse \u00e0 tapis ou pos\u00e9 sur le sol avec un profil\u00e9 anti-tr\u00e9buchage. La salet\u00e9 s&rsquo;accumule entre les profil\u00e9s, et il suffit de rouler le tapis pour\u2026<\/p>\n","protected":false},"featured_media":110933,"template":"","meta":{"_acf_changed":false},"product_category":[758],"product_tag":[432,439,480,488,499,526,537,538,546],"class_list":["post-114906","product","type-product","status-publish","has-post-thumbnail","hentry","product_category-paillassons-dentree","product_tag-14-mm-fr","product_tag-19-mm-fr","product_tag-alle-vormen-fr","product_tag-binnen-fr","product_tag-drogen-fr","product_tag-middel-loopverkeer-fr","product_tag-open-mat-fr","product_tag-oprolbaar-fr","product_tag-rolstoelen-fr"],"acf":[],"yoast_head":"<!-- This site is optimized with the Yoast SEO plugin v27.3 - https:\/\/yoast.com\/product\/yoast-seo-wordpress\/ -->\n<title>Maxxis - Storax Belgium<\/title>\n<meta name=\"robots\" content=\"index, follow, max-snippet:-1, max-image-preview:large, max-video-preview:-1\" \/>\n<link rel=\"canonical\" href=\"https:\/\/storax.be\/fr\/producten\/paillassons-dentree\/maxxis\/\" \/>\n<meta property=\"og:locale\" content=\"fr_FR\" \/>\n<meta property=\"og:type\" content=\"article\" \/>\n<meta property=\"og:title\" content=\"Maxxis - Storax Belgium\" \/>\n<meta property=\"og:description\" content=\"Paillasson d&rsquo;entr\u00e9e exclusif avec profil\u00e9s anodis\u00e9s noirs et insert moquette hyper absorbant Maxxis est un paillasson d&rsquo;entr\u00e9e ouvert enroulable destin\u00e9 \u00e0 \u00eatre utilis\u00e9 \u00e0 l&rsquo;int\u00e9rieur, de pr\u00e9f\u00e9rence dans une fosse \u00e0 tapis ou pos\u00e9 sur le sol avec un profil\u00e9 anti-tr\u00e9buchage. La salet\u00e9 s&rsquo;accumule entre les profil\u00e9s, et il suffit de rouler le tapis pour\u2026\" \/>\n<meta property=\"og:url\" content=\"https:\/\/storax.be\/fr\/producten\/paillassons-dentree\/maxxis\/\" \/>\n<meta property=\"og:site_name\" content=\"Storax Belgium\" \/>\n<meta property=\"article:modified_time\" content=\"2024-05-16T07:38:10+00:00\" \/>\n<meta property=\"og:image\" content=\"https:\/\/storax.be\/wp-content\/uploads\/sites\/2\/2021\/05\/Maxxis-groen.jpg\" \/>\n\t<meta property=\"og:image:width\" content=\"470\" \/>\n\t<meta property=\"og:image:height\" content=\"470\" \/>\n\t<meta property=\"og:image:type\" content=\"image\/jpeg\" \/>\n<meta name=\"twitter:card\" content=\"summary_large_image\" \/>\n<meta name=\"twitter:label1\" content=\"Dur\u00e9e de lecture estim\u00e9e\" \/>\n\t<meta name=\"twitter:data1\" content=\"1 minute\" \/>\n<script type=\"application\/ld+json\" class=\"yoast-schema-graph\">{\"@context\":\"https:\\\/\\\/schema.org\",\"@graph\":[{\"@type\":\"WebPage\",\"@id\":\"https:\\\/\\\/storax.be\\\/fr\\\/producten\\\/paillassons-dentree\\\/maxxis\\\/\",\"url\":\"https:\\\/\\\/storax.be\\\/fr\\\/producten\\\/paillassons-dentree\\\/maxxis\\\/\",\"name\":\"Maxxis - Storax Belgium\",\"isPartOf\":{\"@id\":\"https:\\\/\\\/storax.be\\\/fr\\\/#website\"},\"primaryImageOfPage\":{\"@id\":\"https:\\\/\\\/storax.be\\\/fr\\\/producten\\\/paillassons-dentree\\\/maxxis\\\/#primaryimage\"},\"image\":{\"@id\":\"https:\\\/\\\/storax.be\\\/fr\\\/producten\\\/paillassons-dentree\\\/maxxis\\\/#primaryimage\"},\"thumbnailUrl\":\"https:\\\/\\\/storax.be\\\/wp-content\\\/uploads\\\/sites\\\/2\\\/2021\\\/05\\\/Maxxis-groen.jpg\",\"datePublished\":\"2022-07-29T14:11:48+00:00\",\"dateModified\":\"2024-05-16T07:38:10+00:00\",\"breadcrumb\":{\"@id\":\"https:\\\/\\\/storax.be\\\/fr\\\/producten\\\/paillassons-dentree\\\/maxxis\\\/#breadcrumb\"},\"inLanguage\":\"fr-FR\",\"potentialAction\":[{\"@type\":\"ReadAction\",\"target\":[\"https:\\\/\\\/storax.be\\\/fr\\\/producten\\\/paillassons-dentree\\\/maxxis\\\/\"]}]},{\"@type\":\"ImageObject\",\"inLanguage\":\"fr-FR\",\"@id\":\"https:\\\/\\\/storax.be\\\/fr\\\/producten\\\/paillassons-dentree\\\/maxxis\\\/#primaryimage\",\"url\":\"https:\\\/\\\/storax.be\\\/wp-content\\\/uploads\\\/sites\\\/2\\\/2021\\\/05\\\/Maxxis-groen.jpg\",\"contentUrl\":\"https:\\\/\\\/storax.be\\\/wp-content\\\/uploads\\\/sites\\\/2\\\/2021\\\/05\\\/Maxxis-groen.jpg\",\"width\":470,\"height\":470},{\"@type\":\"BreadcrumbList\",\"@id\":\"https:\\\/\\\/storax.be\\\/fr\\\/producten\\\/paillassons-dentree\\\/maxxis\\\/#breadcrumb\",\"itemListElement\":[{\"@type\":\"ListItem\",\"position\":1,\"name\":\"Home\",\"item\":\"https:\\\/\\\/storax.be\\\/fr\\\/\"},{\"@type\":\"ListItem\",\"position\":2,\"name\":\"Producten\",\"item\":\"https:\\\/\\\/storax.be\\\/fr\\\/producten\\\/%product_category%\\\/\"},{\"@type\":\"ListItem\",\"position\":3,\"name\":\"Paillassons d'entr\u00e9e\",\"item\":\"https:\\\/\\\/storax.be\\\/fr\\\/producten\\\/paillassons-dentree\\\/\"},{\"@type\":\"ListItem\",\"position\":4,\"name\":\"Maxxis\"}]},{\"@type\":\"WebSite\",\"@id\":\"https:\\\/\\\/storax.be\\\/fr\\\/#website\",\"url\":\"https:\\\/\\\/storax.be\\\/fr\\\/\",\"name\":\"Storax Belgium\",\"description\":\"Uw betrouwbare partner voor bouwprojecten\",\"potentialAction\":[{\"@type\":\"SearchAction\",\"target\":{\"@type\":\"EntryPoint\",\"urlTemplate\":\"https:\\\/\\\/storax.be\\\/fr\\\/?s={search_term_string}\"},\"query-input\":{\"@type\":\"PropertyValueSpecification\",\"valueRequired\":true,\"valueName\":\"search_term_string\"}}],\"inLanguage\":\"fr-FR\"}]}<\/script>\n<!-- \/ Yoast SEO plugin. -->","yoast_head_json":{"title":"Maxxis - Storax Belgium","robots":{"index":"index","follow":"follow","max-snippet":"max-snippet:-1","max-image-preview":"max-image-preview:large","max-video-preview":"max-video-preview:-1"},"canonical":"https:\/\/storax.be\/fr\/producten\/paillassons-dentree\/maxxis\/","og_locale":"fr_FR","og_type":"article","og_title":"Maxxis - Storax Belgium","og_description":"Paillasson d&rsquo;entr\u00e9e exclusif avec profil\u00e9s anodis\u00e9s noirs et insert moquette hyper absorbant Maxxis est un paillasson d&rsquo;entr\u00e9e ouvert enroulable destin\u00e9 \u00e0 \u00eatre utilis\u00e9 \u00e0 l&rsquo;int\u00e9rieur, de pr\u00e9f\u00e9rence dans une fosse \u00e0 tapis ou pos\u00e9 sur le sol avec un profil\u00e9 anti-tr\u00e9buchage. La salet\u00e9 s&rsquo;accumule entre les profil\u00e9s, et il suffit de rouler le tapis pour\u2026","og_url":"https:\/\/storax.be\/fr\/producten\/paillassons-dentree\/maxxis\/","og_site_name":"Storax Belgium","article_modified_time":"2024-05-16T07:38:10+00:00","og_image":[{"width":470,"height":470,"url":"https:\/\/storax.be\/wp-content\/uploads\/sites\/2\/2021\/05\/Maxxis-groen.jpg","type":"image\/jpeg"}],"twitter_card":"summary_large_image","twitter_misc":{"Dur\u00e9e de lecture estim\u00e9e":"1 minute"},"schema":{"@context":"https:\/\/schema.org","@graph":[{"@type":"WebPage","@id":"https:\/\/storax.be\/fr\/producten\/paillassons-dentree\/maxxis\/","url":"https:\/\/storax.be\/fr\/producten\/paillassons-dentree\/maxxis\/","name":"Maxxis - Storax Belgium","isPartOf":{"@id":"https:\/\/storax.be\/fr\/#website"},"primaryImageOfPage":{"@id":"https:\/\/storax.be\/fr\/producten\/paillassons-dentree\/maxxis\/#primaryimage"},"image":{"@id":"https:\/\/storax.be\/fr\/producten\/paillassons-dentree\/maxxis\/#primaryimage"},"thumbnailUrl":"https:\/\/storax.be\/wp-content\/uploads\/sites\/2\/2021\/05\/Maxxis-groen.jpg","datePublished":"2022-07-29T14:11:48+00:00","dateModified":"2024-05-16T07:38:10+00:00","breadcrumb":{"@id":"https:\/\/storax.be\/fr\/producten\/paillassons-dentree\/maxxis\/#breadcrumb"},"inLanguage":"fr-FR","potentialAction":[{"@type":"ReadAction","target":["https:\/\/storax.be\/fr\/producten\/paillassons-dentree\/maxxis\/"]}]},{"@type":"ImageObject","inLanguage":"fr-FR","@id":"https:\/\/storax.be\/fr\/producten\/paillassons-dentree\/maxxis\/#primaryimage","url":"https:\/\/storax.be\/wp-content\/uploads\/sites\/2\/2021\/05\/Maxxis-groen.jpg","contentUrl":"https:\/\/storax.be\/wp-content\/uploads\/sites\/2\/2021\/05\/Maxxis-groen.jpg","width":470,"height":470},{"@type":"BreadcrumbList","@id":"https:\/\/storax.be\/fr\/producten\/paillassons-dentree\/maxxis\/#breadcrumb","itemListElement":[{"@type":"ListItem","position":1,"name":"Home","item":"https:\/\/storax.be\/fr\/"},{"@type":"ListItem","position":2,"name":"Producten","item":"https:\/\/storax.be\/fr\/producten\/%product_category%\/"},{"@type":"ListItem","position":3,"name":"Paillassons d'entr\u00e9e","item":"https:\/\/storax.be\/fr\/producten\/paillassons-dentree\/"},{"@type":"ListItem","position":4,"name":"Maxxis"}]},{"@type":"WebSite","@id":"https:\/\/storax.be\/fr\/#website","url":"https:\/\/storax.be\/fr\/","name":"Storax Belgium","description":"Uw betrouwbare partner voor bouwprojecten","potentialAction":[{"@type":"SearchAction","target":{"@type":"EntryPoint","urlTemplate":"https:\/\/storax.be\/fr\/?s={search_term_string}"},"query-input":{"@type":"PropertyValueSpecification","valueRequired":true,"valueName":"search_term_string"}}],"inLanguage":"fr-FR"}]}},"_links":{"self":[{"href":"https:\/\/storax.be\/fr\/wp-json\/wp\/v2\/product\/114906","targetHints":{"allow":["GET"]}}],"collection":[{"href":"https:\/\/storax.be\/fr\/wp-json\/wp\/v2\/product"}],"about":[{"href":"https:\/\/storax.be\/fr\/wp-json\/wp\/v2\/types\/product"}],"wp:featuredmedia":[{"embeddable":true,"href":"https:\/\/storax.be\/fr\/wp-json\/wp\/v2\/media\/110933"}],"wp:attachment":[{"href":"https:\/\/storax.be\/fr\/wp-json\/wp\/v2\/media?parent=114906"}],"wp:term":[{"taxonomy":"product_category","embeddable":true,"href":"https:\/\/storax.be\/fr\/wp-json\/wp\/v2\/product_category?post=114906"},{"taxonomy":"product_tag","embeddable":true,"href":"https:\/\/storax.be\/fr\/wp-json\/wp\/v2\/product_tag?post=114906"}],"curies":[{"name":"wp","href":"https:\/\/api.w.org\/{rel}","templated":true}]}}