{"id":114904,"date":"2022-07-29T13:55:43","date_gmt":"2022-07-29T13:55:43","guid":{"rendered":"https:\/\/storax.be\/?post_type=product&#038;p=114904"},"modified":"2024-08-01T07:59:53","modified_gmt":"2024-08-01T07:59:53","slug":"unistar","status":"publish","type":"product","link":"https:\/\/storax.be\/fr\/producten\/paillassons-dentree\/unistar\/","title":{"rendered":"Unistar"},"content":{"rendered":"<h2><b>Paillasson d&rsquo;entr\u00e9e en moquette aiguillet\u00e9e Uni-design<\/b><\/h2>\n<span style=\"font-weight: 400;\">Le paillasson d&rsquo;entr\u00e9e en moquette aiguillet\u00e9e Unistar conf\u00e8re \u00e0 l&rsquo;entr\u00e9e un aspect luxueux, surtout lorsqu&rsquo;il est utilis\u00e9 avec un <\/span><a href=\"https:\/\/storax.be\/fr\/producten\/inkommatten-fr\/cadres-pour-paillasson\/\" target=\"_blank\" rel=\"noopener\"><span style=\"font-weight: 400;\">cadre de tapis de sol<\/span><\/a><span style=\"font-weight: 400;\"> Storax\u00ae. La moquette aiguillet\u00e9e est tr\u00e8s efficace pour emp\u00eacher la salet\u00e9 et l&rsquo;humidit\u00e9 de p\u00e9n\u00e9trer dans le hall d&rsquo;entr\u00e9e. <\/span>\n\n<strong>\u00c0 propos de ce produit :<\/strong>\n<ul>\n \t<li style=\"font-weight: 400;\" aria-level=\"1\"><span style=\"font-weight: 400;\">Mat\u00e9riau&nbsp;: Moquette aiguillet\u00e9e<\/span><\/li>\n \t<li style=\"font-weight: 400;\" aria-level=\"1\"><span style=\"font-weight: 400;\">Hauteur totale : 12 et 20 mm<\/span><\/li>\n \t<li style=\"font-weight: 400;\" aria-level=\"1\"><span style=\"font-weight: 400;\">Poids du velours : 1600-1700 grammes<\/span><\/li>\n \t<li style=\"font-weight: 400;\" aria-level=\"1\"><span style=\"font-weight: 400;\">Mat\u00e9riau&nbsp;: Moquette aiguillet\u00e9e<\/span><\/li>\n \t<li style=\"font-weight: 400;\" aria-level=\"1\"><span style=\"font-weight: 400;\">Hauteur totale&nbsp;: 20 mm<\/span><\/li>\n \t<li style=\"font-weight: 400;\" aria-level=\"1\"><span style=\"font-weight: 400;\">Poids du velours : 1600-1700 grammes<\/span><\/li>\n<\/ul>\n<strong>Dimensions<\/strong>\n\n<!-- \/wp:post-content -->\n\n<!-- wp:html -->\n<ul>\n \t<li>584 x 384<\/li>\n \t<li>784 x 484<\/li>\n \t<li>784 x 584<\/li>\n \t<li>884 x 584<\/li>\n \t<li>984 x 584<\/li>\n \t<li>1184 x 584<\/li>\n \t<li>984 x 784<\/li>\n \t<li>1184 x 784<\/li>\n \t<li>1184 x 884<\/li>\n \t<li><strong>Disponible pour mesurer<\/strong><\/li>\n<\/ul>\n<strong>Envoyez une demande de devis pour une taille standard ou demandez une offre enti\u00e8rement personnalis\u00e9e ! Recevez votre prix d&rsquo;achat dans un d\u00e9lai de 1 \u00e0 3 jours ouvrables !<\/strong>\n<div class=\"wp-block-spacer\" style=\"height: 30px;\" aria-hidden=\"true\"><\/div>","protected":false},"excerpt":{"rendered":"<p>Paillasson d&rsquo;entr\u00e9e en moquette aiguillet\u00e9e Uni-design Le paillasson d&rsquo;entr\u00e9e en moquette aiguillet\u00e9e Unistar conf\u00e8re \u00e0 l&rsquo;entr\u00e9e un aspect luxueux, surtout lorsqu&rsquo;il est utilis\u00e9 avec un cadre de tapis de sol Storax\u00ae. La moquette aiguillet\u00e9e est tr\u00e8s efficace pour emp\u00eacher la salet\u00e9 et l&rsquo;humidit\u00e9 de p\u00e9n\u00e9trer dans le hall d&rsquo;entr\u00e9e. \u00c0 propos de ce produit :\u2026<\/p>\n","protected":false},"featured_media":110310,"template":"","meta":{"_acf_changed":false},"product_category":[758],"product_tag":[],"class_list":["post-114904","product","type-product","status-publish","has-post-thumbnail","hentry","product_category-paillassons-dentree"],"acf":[],"yoast_head":"<!-- This site is optimized with the Yoast SEO plugin v27.3 - https:\/\/yoast.com\/product\/yoast-seo-wordpress\/ -->\n<title>Unistar - Storax Belgium<\/title>\n<meta name=\"robots\" content=\"index, follow, max-snippet:-1, max-image-preview:large, max-video-preview:-1\" \/>\n<link rel=\"canonical\" href=\"https:\/\/storax.be\/fr\/producten\/paillassons-dentree\/unistar\/\" \/>\n<meta property=\"og:locale\" content=\"fr_FR\" \/>\n<meta property=\"og:type\" content=\"article\" \/>\n<meta property=\"og:title\" content=\"Unistar - Storax Belgium\" \/>\n<meta property=\"og:description\" content=\"Paillasson d&rsquo;entr\u00e9e en moquette aiguillet\u00e9e Uni-design Le paillasson d&rsquo;entr\u00e9e en moquette aiguillet\u00e9e Unistar conf\u00e8re \u00e0 l&rsquo;entr\u00e9e un aspect luxueux, surtout lorsqu&rsquo;il est utilis\u00e9 avec un cadre de tapis de sol Storax\u00ae. La moquette aiguillet\u00e9e est tr\u00e8s efficace pour emp\u00eacher la salet\u00e9 et l&rsquo;humidit\u00e9 de p\u00e9n\u00e9trer dans le hall d&rsquo;entr\u00e9e. \u00c0 propos de ce produit :\u2026\" \/>\n<meta property=\"og:url\" content=\"https:\/\/storax.be\/fr\/producten\/paillassons-dentree\/unistar\/\" \/>\n<meta property=\"og:site_name\" content=\"Storax Belgium\" \/>\n<meta property=\"article:modified_time\" content=\"2024-08-01T07:59:53+00:00\" \/>\n<meta property=\"og:image\" content=\"https:\/\/storax.be\/wp-content\/uploads\/sites\/2\/2020\/12\/Unistar-beige-470-aangepast.jpg\" \/>\n\t<meta property=\"og:image:width\" content=\"470\" \/>\n\t<meta property=\"og:image:height\" content=\"470\" \/>\n\t<meta property=\"og:image:type\" content=\"image\/jpeg\" \/>\n<meta name=\"twitter:card\" content=\"summary_large_image\" \/>\n<meta name=\"twitter:label1\" content=\"Dur\u00e9e de lecture estim\u00e9e\" \/>\n\t<meta name=\"twitter:data1\" content=\"1 minute\" \/>\n<script type=\"application\/ld+json\" class=\"yoast-schema-graph\">{\"@context\":\"https:\\\/\\\/schema.org\",\"@graph\":[{\"@type\":\"WebPage\",\"@id\":\"https:\\\/\\\/storax.be\\\/fr\\\/producten\\\/paillassons-dentree\\\/unistar\\\/\",\"url\":\"https:\\\/\\\/storax.be\\\/fr\\\/producten\\\/paillassons-dentree\\\/unistar\\\/\",\"name\":\"Unistar - Storax Belgium\",\"isPartOf\":{\"@id\":\"https:\\\/\\\/storax.be\\\/fr\\\/#website\"},\"primaryImageOfPage\":{\"@id\":\"https:\\\/\\\/storax.be\\\/fr\\\/producten\\\/paillassons-dentree\\\/unistar\\\/#primaryimage\"},\"image\":{\"@id\":\"https:\\\/\\\/storax.be\\\/fr\\\/producten\\\/paillassons-dentree\\\/unistar\\\/#primaryimage\"},\"thumbnailUrl\":\"https:\\\/\\\/storax.be\\\/wp-content\\\/uploads\\\/sites\\\/2\\\/2020\\\/12\\\/Unistar-beige-470-aangepast.jpg\",\"datePublished\":\"2022-07-29T13:55:43+00:00\",\"dateModified\":\"2024-08-01T07:59:53+00:00\",\"breadcrumb\":{\"@id\":\"https:\\\/\\\/storax.be\\\/fr\\\/producten\\\/paillassons-dentree\\\/unistar\\\/#breadcrumb\"},\"inLanguage\":\"fr-FR\",\"potentialAction\":[{\"@type\":\"ReadAction\",\"target\":[\"https:\\\/\\\/storax.be\\\/fr\\\/producten\\\/paillassons-dentree\\\/unistar\\\/\"]}]},{\"@type\":\"ImageObject\",\"inLanguage\":\"fr-FR\",\"@id\":\"https:\\\/\\\/storax.be\\\/fr\\\/producten\\\/paillassons-dentree\\\/unistar\\\/#primaryimage\",\"url\":\"https:\\\/\\\/storax.be\\\/wp-content\\\/uploads\\\/sites\\\/2\\\/2020\\\/12\\\/Unistar-beige-470-aangepast.jpg\",\"contentUrl\":\"https:\\\/\\\/storax.be\\\/wp-content\\\/uploads\\\/sites\\\/2\\\/2020\\\/12\\\/Unistar-beige-470-aangepast.jpg\",\"width\":470,\"height\":470,\"caption\":\"Storax Unistar inkommat\"},{\"@type\":\"BreadcrumbList\",\"@id\":\"https:\\\/\\\/storax.be\\\/fr\\\/producten\\\/paillassons-dentree\\\/unistar\\\/#breadcrumb\",\"itemListElement\":[{\"@type\":\"ListItem\",\"position\":1,\"name\":\"Home\",\"item\":\"https:\\\/\\\/storax.be\\\/fr\\\/\"},{\"@type\":\"ListItem\",\"position\":2,\"name\":\"Producten\",\"item\":\"https:\\\/\\\/storax.be\\\/fr\\\/producten\\\/%product_category%\\\/\"},{\"@type\":\"ListItem\",\"position\":3,\"name\":\"Paillassons d'entr\u00e9e\",\"item\":\"https:\\\/\\\/storax.be\\\/fr\\\/producten\\\/paillassons-dentree\\\/\"},{\"@type\":\"ListItem\",\"position\":4,\"name\":\"Unistar\"}]},{\"@type\":\"WebSite\",\"@id\":\"https:\\\/\\\/storax.be\\\/fr\\\/#website\",\"url\":\"https:\\\/\\\/storax.be\\\/fr\\\/\",\"name\":\"Storax Belgium\",\"description\":\"Uw betrouwbare partner voor bouwprojecten\",\"potentialAction\":[{\"@type\":\"SearchAction\",\"target\":{\"@type\":\"EntryPoint\",\"urlTemplate\":\"https:\\\/\\\/storax.be\\\/fr\\\/?s={search_term_string}\"},\"query-input\":{\"@type\":\"PropertyValueSpecification\",\"valueRequired\":true,\"valueName\":\"search_term_string\"}}],\"inLanguage\":\"fr-FR\"}]}<\/script>\n<!-- \/ Yoast SEO plugin. -->","yoast_head_json":{"title":"Unistar - Storax Belgium","robots":{"index":"index","follow":"follow","max-snippet":"max-snippet:-1","max-image-preview":"max-image-preview:large","max-video-preview":"max-video-preview:-1"},"canonical":"https:\/\/storax.be\/fr\/producten\/paillassons-dentree\/unistar\/","og_locale":"fr_FR","og_type":"article","og_title":"Unistar - Storax Belgium","og_description":"Paillasson d&rsquo;entr\u00e9e en moquette aiguillet\u00e9e Uni-design Le paillasson d&rsquo;entr\u00e9e en moquette aiguillet\u00e9e Unistar conf\u00e8re \u00e0 l&rsquo;entr\u00e9e un aspect luxueux, surtout lorsqu&rsquo;il est utilis\u00e9 avec un cadre de tapis de sol Storax\u00ae. La moquette aiguillet\u00e9e est tr\u00e8s efficace pour emp\u00eacher la salet\u00e9 et l&rsquo;humidit\u00e9 de p\u00e9n\u00e9trer dans le hall d&rsquo;entr\u00e9e. \u00c0 propos de ce produit :\u2026","og_url":"https:\/\/storax.be\/fr\/producten\/paillassons-dentree\/unistar\/","og_site_name":"Storax Belgium","article_modified_time":"2024-08-01T07:59:53+00:00","og_image":[{"width":470,"height":470,"url":"https:\/\/storax.be\/wp-content\/uploads\/sites\/2\/2020\/12\/Unistar-beige-470-aangepast.jpg","type":"image\/jpeg"}],"twitter_card":"summary_large_image","twitter_misc":{"Dur\u00e9e de lecture estim\u00e9e":"1 minute"},"schema":{"@context":"https:\/\/schema.org","@graph":[{"@type":"WebPage","@id":"https:\/\/storax.be\/fr\/producten\/paillassons-dentree\/unistar\/","url":"https:\/\/storax.be\/fr\/producten\/paillassons-dentree\/unistar\/","name":"Unistar - Storax Belgium","isPartOf":{"@id":"https:\/\/storax.be\/fr\/#website"},"primaryImageOfPage":{"@id":"https:\/\/storax.be\/fr\/producten\/paillassons-dentree\/unistar\/#primaryimage"},"image":{"@id":"https:\/\/storax.be\/fr\/producten\/paillassons-dentree\/unistar\/#primaryimage"},"thumbnailUrl":"https:\/\/storax.be\/wp-content\/uploads\/sites\/2\/2020\/12\/Unistar-beige-470-aangepast.jpg","datePublished":"2022-07-29T13:55:43+00:00","dateModified":"2024-08-01T07:59:53+00:00","breadcrumb":{"@id":"https:\/\/storax.be\/fr\/producten\/paillassons-dentree\/unistar\/#breadcrumb"},"inLanguage":"fr-FR","potentialAction":[{"@type":"ReadAction","target":["https:\/\/storax.be\/fr\/producten\/paillassons-dentree\/unistar\/"]}]},{"@type":"ImageObject","inLanguage":"fr-FR","@id":"https:\/\/storax.be\/fr\/producten\/paillassons-dentree\/unistar\/#primaryimage","url":"https:\/\/storax.be\/wp-content\/uploads\/sites\/2\/2020\/12\/Unistar-beige-470-aangepast.jpg","contentUrl":"https:\/\/storax.be\/wp-content\/uploads\/sites\/2\/2020\/12\/Unistar-beige-470-aangepast.jpg","width":470,"height":470,"caption":"Storax Unistar inkommat"},{"@type":"BreadcrumbList","@id":"https:\/\/storax.be\/fr\/producten\/paillassons-dentree\/unistar\/#breadcrumb","itemListElement":[{"@type":"ListItem","position":1,"name":"Home","item":"https:\/\/storax.be\/fr\/"},{"@type":"ListItem","position":2,"name":"Producten","item":"https:\/\/storax.be\/fr\/producten\/%product_category%\/"},{"@type":"ListItem","position":3,"name":"Paillassons d'entr\u00e9e","item":"https:\/\/storax.be\/fr\/producten\/paillassons-dentree\/"},{"@type":"ListItem","position":4,"name":"Unistar"}]},{"@type":"WebSite","@id":"https:\/\/storax.be\/fr\/#website","url":"https:\/\/storax.be\/fr\/","name":"Storax Belgium","description":"Uw betrouwbare partner voor bouwprojecten","potentialAction":[{"@type":"SearchAction","target":{"@type":"EntryPoint","urlTemplate":"https:\/\/storax.be\/fr\/?s={search_term_string}"},"query-input":{"@type":"PropertyValueSpecification","valueRequired":true,"valueName":"search_term_string"}}],"inLanguage":"fr-FR"}]}},"_links":{"self":[{"href":"https:\/\/storax.be\/fr\/wp-json\/wp\/v2\/product\/114904","targetHints":{"allow":["GET"]}}],"collection":[{"href":"https:\/\/storax.be\/fr\/wp-json\/wp\/v2\/product"}],"about":[{"href":"https:\/\/storax.be\/fr\/wp-json\/wp\/v2\/types\/product"}],"wp:featuredmedia":[{"embeddable":true,"href":"https:\/\/storax.be\/fr\/wp-json\/wp\/v2\/media\/110310"}],"wp:attachment":[{"href":"https:\/\/storax.be\/fr\/wp-json\/wp\/v2\/media?parent=114904"}],"wp:term":[{"taxonomy":"product_category","embeddable":true,"href":"https:\/\/storax.be\/fr\/wp-json\/wp\/v2\/product_category?post=114904"},{"taxonomy":"product_tag","embeddable":true,"href":"https:\/\/storax.be\/fr\/wp-json\/wp\/v2\/product_tag?post=114904"}],"curies":[{"name":"wp","href":"https:\/\/api.w.org\/{rel}","templated":true}]}}