{"id":114903,"date":"2022-07-29T13:37:37","date_gmt":"2022-07-29T13:37:37","guid":{"rendered":"https:\/\/storax.be\/?post_type=product&#038;p=114903"},"modified":"2024-05-16T07:38:10","modified_gmt":"2024-05-16T07:38:10","slug":"entrada-pionier","status":"publish","type":"product","link":"https:\/\/storax.be\/fr\/producten\/paillassons-dentree\/entrada-pionier\/","title":{"rendered":"Entrada Pionier"},"content":{"rendered":"<h2 style=\"font-size: 1.5em; line-height: 40px; font-weight: 600;\">Paillassons d\u2019entr\u00e9e racleur<\/h2>\r\n<p><span style=\"font-weight: 400;\">Entrada Pionier est un paillasson d&rsquo;entr\u00e9e ferm\u00e9 non enroulable avec effet raclant destin\u00e9 \u00e0 un usage int\u00e9rieur et ext\u00e9rieur ou dans une zone couverte, de pr\u00e9f\u00e9rence dans une fosse \u00e0 tapis. La salet\u00e9 s&rsquo;accumule sous la surface et peut \u00eatre facilement \u00e9limin\u00e9e \u00e0 l&rsquo;aide d&rsquo;un aspirateur. Les tapis \u00e0 profil\u00e9 Entrada Pioneer peuvent \u00eatre utilis\u00e9s des deux c\u00f4t\u00e9s, \u00e0 condition que la forme soit sym\u00e9trique. Dimension maximale par segment\u00a0: 3\u00a0000\u00a0mm de largeur et environ 500\u00a0mm de longueur. Les grandes largeurs sont s\u00e9par\u00e9es par un profil\u00e9 en T. Dans le sens de la marche, les segments s&#8217;embo\u00eetent presque parfaitement.<\/span> <strong>\u00c0 propos de ce produit<\/strong><\/p>\r\n<ul>\r\n<li style=\"font-weight: 400;\" aria-level=\"1\"><span style=\"font-weight: 400;\">usage int\u00e9rieur ou ext\u00e9rieur<\/span><\/li>\r\n<li style=\"font-weight: 400;\" aria-level=\"1\"><span style=\"font-weight: 400;\">action raclante optimale<\/span><\/li>\r\n<li style=\"font-weight: 400;\" aria-level=\"1\"><span style=\"font-weight: 400;\">\u00e9paisseur 18\u00a0mm<\/span><\/li>\r\n<li style=\"font-weight: 400;\" aria-level=\"1\"><span style=\"font-weight: 400;\">caoutchouc simple ou double<\/span><\/li>\r\n<li style=\"font-weight: 400;\" aria-level=\"1\"><span style=\"font-weight: 400;\">caoutchouc de couleur noire<\/span><\/li>\r\n<li style=\"font-weight: 400;\" aria-level=\"1\"><span style=\"font-weight: 400;\">profil\u00e9s interm\u00e9diaires en aluminium anodis\u00e9 naturel ou anodis\u00e9 noir\u00a0<\/span><\/li>\r\n<li style=\"font-weight: 400;\" aria-level=\"1\"><span style=\"font-weight: 400;\">action raclante optimale<\/span><\/li>\r\n<li style=\"font-weight: 400;\" aria-level=\"1\"><span style=\"font-weight: 400;\">construction robuste sans entretien, pratiquement indestructible<\/span><\/li>\r\n<li style=\"font-weight: 400;\" aria-level=\"1\"><span style=\"font-weight: 400;\">surface absolument s\u00fbre pour un trafic tr\u00e8s intensif<\/span><\/li>\r\n<li style=\"font-weight: 400;\" aria-level=\"1\"><span style=\"font-weight: 400;\">parfaitement adapt\u00e9 aux chariots de supermarch\u00e9 et aux fauteuils roulants<\/span><\/li>\r\n<li style=\"font-weight: 400;\" aria-level=\"1\"><span style=\"font-weight: 400;\">facile \u00e0 nettoyer<\/span><\/li>\r\n<li style=\"font-weight: 400;\" aria-level=\"1\"><span style=\"font-weight: 400;\">disponible dans pratiquement toutes les formes<\/span><\/li>\r\n<li style=\"font-weight: 400;\" aria-level=\"1\"><span style=\"font-weight: 400;\">r\u00e9versible afin de pouvoir utiliser les 2 c\u00f4t\u00e9s en cas de formes rectangulaires<\/span><\/li>\r\n<\/ul>\r\n<table style=\"width: 100%; border-style: none; border-color: #ffffff;\">\r\n<tbody>\r\n<tr>\r\n<td style=\"width: 45%; text-align: left; vertical-align: middle;\">\r\n<div align=\"left\"><strong><img decoding=\"async\" src=\"\/images\/Entreematten\/entrade-pionier-enkel-rubber.jpg\" \/><\/strong><\/div>\r\n<\/td>\r\n<td style=\"width: 10%;\">\u00a0<\/td>\r\n<td style=\"width: 45%; text-align: left; vertical-align: middle;\">\r\n<div align=\"left\"><strong><img decoding=\"async\" src=\"\/images\/Entreematten\/entrade-pionier-dubbel-rubber.jpg\" \/><\/strong><\/div>\r\n<\/td>\r\n<\/tr>\r\n<tr>\r\n<td style=\"width: 45%; text-align: left; vertical-align: middle;\"><strong>Tapis d&rsquo;entr\u00e9e caoutchouc simple<\/strong><\/td>\r\n<td style=\"width: 10%; background-color: #ffffff;\">\u00a0<\/td>\r\n<td style=\"width: 45%; text-align: left; vertical-align: middle;\"><strong><span style=\"color: #262626;\">Inkommat dubbel rubber<\/span><\/strong><\/td>\r\n<\/tr>\r\n<\/tbody>\r\n<\/table>\r\n<p><strong><\/strong><\/p>\r\n<div class=\"wp-block-spacer\" style=\"height: 43px;\" aria-hidden=\"true\">\u00a0<\/div>\r\n<div aria-hidden=\"true\">\r\n<table style=\"background-color: #edf1f3; border: thin solid #d7e0e3;\" cellspacing=\"0\" cellpadding=\"0\">\r\n<tbody>\r\n<tr>\r\n<td style=\"text-align: left; vertical-align: top; padding: 10px;\">\r\n<table>\r\n<tbody>\r\n<tr>\r\n<td style=\"text-align: left; font-size: 16px; vertical-align: middle; width: 70%;\"><strong>Storax livre et installe les Inkommats \u00e0 des prix tr\u00e8s comp\u00e9titifs ! Veuillez envoyer un e-mail \u00e0 <a href=\"mailto:storax@storax.be?subject=Informatie Inkommatten\">storax@storax.be<\/a> pour obtenir un devis sans engagement.<\/strong><\/td>\r\n<\/tr>\r\n<\/tbody>\r\n<\/table>\r\n<\/td>\r\n<\/tr>\r\n<\/tbody>\r\n<\/table>\r\n\u00a0<\/div>\r\n","protected":false},"excerpt":{"rendered":"<p>Paillassons d\u2019entr\u00e9e racleur Entrada Pionier est un paillasson d&rsquo;entr\u00e9e ferm\u00e9 non enroulable avec effet raclant destin\u00e9 \u00e0 un usage int\u00e9rieur et ext\u00e9rieur ou dans une zone couverte, de pr\u00e9f\u00e9rence dans une fosse \u00e0 tapis. La salet\u00e9 s&rsquo;accumule sous la surface et peut \u00eatre facilement \u00e9limin\u00e9e \u00e0 l&rsquo;aide d&rsquo;un aspirateur. Les tapis \u00e0 profil\u00e9 Entrada Pioneer\u2026<\/p>\n","protected":false},"featured_media":110925,"template":"","meta":{"_acf_changed":false},"product_category":[758],"product_tag":[437,480,488,493,507,533,540,546,552,570,576],"class_list":["post-114903","product","type-product","status-publish","has-post-thumbnail","hentry","product_category-paillassons-dentree","product_tag-18-mm-fr","product_tag-alle-vormen-fr","product_tag-binnen-fr","product_tag-buiten-fr","product_tag-gesloten-mat-fr","product_tag-omkeerbaar-fr","product_tag-palletwagens-max-500-kg-fr","product_tag-rolstoelen-fr","product_tag-schrapen-fr","product_tag-winkelwagens-fr","product_tag-zwaar-verkeer-fr"],"acf":[],"yoast_head":"<!-- This site is optimized with the Yoast SEO plugin v27.3 - https:\/\/yoast.com\/product\/yoast-seo-wordpress\/ -->\n<title>Entrada Pionier - Storax Belgium<\/title>\n<meta name=\"robots\" content=\"index, follow, max-snippet:-1, max-image-preview:large, max-video-preview:-1\" \/>\n<link rel=\"canonical\" href=\"https:\/\/storax.be\/fr\/producten\/paillassons-dentree\/entrada-pionier\/\" \/>\n<meta property=\"og:locale\" content=\"fr_FR\" \/>\n<meta property=\"og:type\" content=\"article\" \/>\n<meta property=\"og:title\" content=\"Entrada Pionier - Storax Belgium\" \/>\n<meta property=\"og:description\" content=\"Paillassons d\u2019entr\u00e9e racleur Entrada Pionier est un paillasson d&rsquo;entr\u00e9e ferm\u00e9 non enroulable avec effet raclant destin\u00e9 \u00e0 un usage int\u00e9rieur et ext\u00e9rieur ou dans une zone couverte, de pr\u00e9f\u00e9rence dans une fosse \u00e0 tapis. La salet\u00e9 s&rsquo;accumule sous la surface et peut \u00eatre facilement \u00e9limin\u00e9e \u00e0 l&rsquo;aide d&rsquo;un aspirateur. Les tapis \u00e0 profil\u00e9 Entrada Pioneer\u2026\" \/>\n<meta property=\"og:url\" content=\"https:\/\/storax.be\/fr\/producten\/paillassons-dentree\/entrada-pionier\/\" \/>\n<meta property=\"og:site_name\" content=\"Storax Belgium\" \/>\n<meta property=\"article:modified_time\" content=\"2024-05-16T07:38:10+00:00\" \/>\n<meta property=\"og:image\" content=\"https:\/\/storax.be\/wp-content\/uploads\/sites\/2\/2021\/05\/Pionier-enkel-rubber.jpg\" \/>\n\t<meta property=\"og:image:width\" content=\"470\" \/>\n\t<meta property=\"og:image:height\" content=\"470\" \/>\n\t<meta property=\"og:image:type\" content=\"image\/jpeg\" \/>\n<meta name=\"twitter:card\" content=\"summary_large_image\" \/>\n<meta name=\"twitter:label1\" content=\"Dur\u00e9e de lecture estim\u00e9e\" \/>\n\t<meta name=\"twitter:data1\" content=\"2 minutes\" \/>\n<script type=\"application\/ld+json\" class=\"yoast-schema-graph\">{\"@context\":\"https:\\\/\\\/schema.org\",\"@graph\":[{\"@type\":\"WebPage\",\"@id\":\"https:\\\/\\\/storax.be\\\/fr\\\/producten\\\/paillassons-dentree\\\/entrada-pionier\\\/\",\"url\":\"https:\\\/\\\/storax.be\\\/fr\\\/producten\\\/paillassons-dentree\\\/entrada-pionier\\\/\",\"name\":\"Entrada Pionier - Storax Belgium\",\"isPartOf\":{\"@id\":\"https:\\\/\\\/storax.be\\\/fr\\\/#website\"},\"primaryImageOfPage\":{\"@id\":\"https:\\\/\\\/storax.be\\\/fr\\\/producten\\\/paillassons-dentree\\\/entrada-pionier\\\/#primaryimage\"},\"image\":{\"@id\":\"https:\\\/\\\/storax.be\\\/fr\\\/producten\\\/paillassons-dentree\\\/entrada-pionier\\\/#primaryimage\"},\"thumbnailUrl\":\"https:\\\/\\\/storax.be\\\/wp-content\\\/uploads\\\/sites\\\/2\\\/2021\\\/05\\\/Pionier-enkel-rubber.jpg\",\"datePublished\":\"2022-07-29T13:37:37+00:00\",\"dateModified\":\"2024-05-16T07:38:10+00:00\",\"breadcrumb\":{\"@id\":\"https:\\\/\\\/storax.be\\\/fr\\\/producten\\\/paillassons-dentree\\\/entrada-pionier\\\/#breadcrumb\"},\"inLanguage\":\"fr-FR\",\"potentialAction\":[{\"@type\":\"ReadAction\",\"target\":[\"https:\\\/\\\/storax.be\\\/fr\\\/producten\\\/paillassons-dentree\\\/entrada-pionier\\\/\"]}]},{\"@type\":\"ImageObject\",\"inLanguage\":\"fr-FR\",\"@id\":\"https:\\\/\\\/storax.be\\\/fr\\\/producten\\\/paillassons-dentree\\\/entrada-pionier\\\/#primaryimage\",\"url\":\"https:\\\/\\\/storax.be\\\/wp-content\\\/uploads\\\/sites\\\/2\\\/2021\\\/05\\\/Pionier-enkel-rubber.jpg\",\"contentUrl\":\"https:\\\/\\\/storax.be\\\/wp-content\\\/uploads\\\/sites\\\/2\\\/2021\\\/05\\\/Pionier-enkel-rubber.jpg\",\"width\":470,\"height\":470},{\"@type\":\"BreadcrumbList\",\"@id\":\"https:\\\/\\\/storax.be\\\/fr\\\/producten\\\/paillassons-dentree\\\/entrada-pionier\\\/#breadcrumb\",\"itemListElement\":[{\"@type\":\"ListItem\",\"position\":1,\"name\":\"Home\",\"item\":\"https:\\\/\\\/storax.be\\\/fr\\\/\"},{\"@type\":\"ListItem\",\"position\":2,\"name\":\"Producten\",\"item\":\"https:\\\/\\\/storax.be\\\/fr\\\/producten\\\/%product_category%\\\/\"},{\"@type\":\"ListItem\",\"position\":3,\"name\":\"Paillassons d'entr\u00e9e\",\"item\":\"https:\\\/\\\/storax.be\\\/fr\\\/producten\\\/paillassons-dentree\\\/\"},{\"@type\":\"ListItem\",\"position\":4,\"name\":\"Entrada Pionier\"}]},{\"@type\":\"WebSite\",\"@id\":\"https:\\\/\\\/storax.be\\\/fr\\\/#website\",\"url\":\"https:\\\/\\\/storax.be\\\/fr\\\/\",\"name\":\"Storax Belgium\",\"description\":\"Uw betrouwbare partner voor bouwprojecten\",\"potentialAction\":[{\"@type\":\"SearchAction\",\"target\":{\"@type\":\"EntryPoint\",\"urlTemplate\":\"https:\\\/\\\/storax.be\\\/fr\\\/?s={search_term_string}\"},\"query-input\":{\"@type\":\"PropertyValueSpecification\",\"valueRequired\":true,\"valueName\":\"search_term_string\"}}],\"inLanguage\":\"fr-FR\"}]}<\/script>\n<!-- \/ Yoast SEO plugin. -->","yoast_head_json":{"title":"Entrada Pionier - Storax Belgium","robots":{"index":"index","follow":"follow","max-snippet":"max-snippet:-1","max-image-preview":"max-image-preview:large","max-video-preview":"max-video-preview:-1"},"canonical":"https:\/\/storax.be\/fr\/producten\/paillassons-dentree\/entrada-pionier\/","og_locale":"fr_FR","og_type":"article","og_title":"Entrada Pionier - Storax Belgium","og_description":"Paillassons d\u2019entr\u00e9e racleur Entrada Pionier est un paillasson d&rsquo;entr\u00e9e ferm\u00e9 non enroulable avec effet raclant destin\u00e9 \u00e0 un usage int\u00e9rieur et ext\u00e9rieur ou dans une zone couverte, de pr\u00e9f\u00e9rence dans une fosse \u00e0 tapis. La salet\u00e9 s&rsquo;accumule sous la surface et peut \u00eatre facilement \u00e9limin\u00e9e \u00e0 l&rsquo;aide d&rsquo;un aspirateur. Les tapis \u00e0 profil\u00e9 Entrada Pioneer\u2026","og_url":"https:\/\/storax.be\/fr\/producten\/paillassons-dentree\/entrada-pionier\/","og_site_name":"Storax Belgium","article_modified_time":"2024-05-16T07:38:10+00:00","og_image":[{"width":470,"height":470,"url":"https:\/\/storax.be\/wp-content\/uploads\/sites\/2\/2021\/05\/Pionier-enkel-rubber.jpg","type":"image\/jpeg"}],"twitter_card":"summary_large_image","twitter_misc":{"Dur\u00e9e de lecture estim\u00e9e":"2 minutes"},"schema":{"@context":"https:\/\/schema.org","@graph":[{"@type":"WebPage","@id":"https:\/\/storax.be\/fr\/producten\/paillassons-dentree\/entrada-pionier\/","url":"https:\/\/storax.be\/fr\/producten\/paillassons-dentree\/entrada-pionier\/","name":"Entrada Pionier - Storax Belgium","isPartOf":{"@id":"https:\/\/storax.be\/fr\/#website"},"primaryImageOfPage":{"@id":"https:\/\/storax.be\/fr\/producten\/paillassons-dentree\/entrada-pionier\/#primaryimage"},"image":{"@id":"https:\/\/storax.be\/fr\/producten\/paillassons-dentree\/entrada-pionier\/#primaryimage"},"thumbnailUrl":"https:\/\/storax.be\/wp-content\/uploads\/sites\/2\/2021\/05\/Pionier-enkel-rubber.jpg","datePublished":"2022-07-29T13:37:37+00:00","dateModified":"2024-05-16T07:38:10+00:00","breadcrumb":{"@id":"https:\/\/storax.be\/fr\/producten\/paillassons-dentree\/entrada-pionier\/#breadcrumb"},"inLanguage":"fr-FR","potentialAction":[{"@type":"ReadAction","target":["https:\/\/storax.be\/fr\/producten\/paillassons-dentree\/entrada-pionier\/"]}]},{"@type":"ImageObject","inLanguage":"fr-FR","@id":"https:\/\/storax.be\/fr\/producten\/paillassons-dentree\/entrada-pionier\/#primaryimage","url":"https:\/\/storax.be\/wp-content\/uploads\/sites\/2\/2021\/05\/Pionier-enkel-rubber.jpg","contentUrl":"https:\/\/storax.be\/wp-content\/uploads\/sites\/2\/2021\/05\/Pionier-enkel-rubber.jpg","width":470,"height":470},{"@type":"BreadcrumbList","@id":"https:\/\/storax.be\/fr\/producten\/paillassons-dentree\/entrada-pionier\/#breadcrumb","itemListElement":[{"@type":"ListItem","position":1,"name":"Home","item":"https:\/\/storax.be\/fr\/"},{"@type":"ListItem","position":2,"name":"Producten","item":"https:\/\/storax.be\/fr\/producten\/%product_category%\/"},{"@type":"ListItem","position":3,"name":"Paillassons d'entr\u00e9e","item":"https:\/\/storax.be\/fr\/producten\/paillassons-dentree\/"},{"@type":"ListItem","position":4,"name":"Entrada Pionier"}]},{"@type":"WebSite","@id":"https:\/\/storax.be\/fr\/#website","url":"https:\/\/storax.be\/fr\/","name":"Storax Belgium","description":"Uw betrouwbare partner voor bouwprojecten","potentialAction":[{"@type":"SearchAction","target":{"@type":"EntryPoint","urlTemplate":"https:\/\/storax.be\/fr\/?s={search_term_string}"},"query-input":{"@type":"PropertyValueSpecification","valueRequired":true,"valueName":"search_term_string"}}],"inLanguage":"fr-FR"}]}},"_links":{"self":[{"href":"https:\/\/storax.be\/fr\/wp-json\/wp\/v2\/product\/114903","targetHints":{"allow":["GET"]}}],"collection":[{"href":"https:\/\/storax.be\/fr\/wp-json\/wp\/v2\/product"}],"about":[{"href":"https:\/\/storax.be\/fr\/wp-json\/wp\/v2\/types\/product"}],"wp:featuredmedia":[{"embeddable":true,"href":"https:\/\/storax.be\/fr\/wp-json\/wp\/v2\/media\/110925"}],"wp:attachment":[{"href":"https:\/\/storax.be\/fr\/wp-json\/wp\/v2\/media?parent=114903"}],"wp:term":[{"taxonomy":"product_category","embeddable":true,"href":"https:\/\/storax.be\/fr\/wp-json\/wp\/v2\/product_category?post=114903"},{"taxonomy":"product_tag","embeddable":true,"href":"https:\/\/storax.be\/fr\/wp-json\/wp\/v2\/product_tag?post=114903"}],"curies":[{"name":"wp","href":"https:\/\/api.w.org\/{rel}","templated":true}]}}