{"id":114894,"date":"2022-07-29T09:37:48","date_gmt":"2022-07-29T09:37:48","guid":{"rendered":"https:\/\/storax.be\/?post_type=product&#038;p=114894"},"modified":"2024-08-01T07:58:19","modified_gmt":"2024-08-01T07:58:19","slug":"decostar","status":"publish","type":"product","link":"https:\/\/storax.be\/fr\/producten\/paillassons-dentree\/decostar\/","title":{"rendered":"Decostar"},"content":{"rendered":"<h2>Paillassons d&rsquo;entr\u00e9e en moquette aiguillet\u00e9e<\/h2>\n<p><span style=\"font-weight: 400;\">Le paillasson d&rsquo;entr\u00e9e Decostar en moquette aiguillet\u00e9e conf\u00e8re \u00e0 l&rsquo;entr\u00e9e un aspect luxueux, surtout lorsqu&rsquo;il est utilis\u00e9 avec un <\/span><a href=\"https:\/\/storax.be\/fr\/producten\/inkommatten-fr\/cadres-pour-paillasson\/\"><span style=\"font-weight: 400;\">cadre de paillasson<\/span><\/a><span style=\"font-weight: 400;\"> Storax\u00ae. La moquette aiguillet\u00e9e est tr\u00e8s efficace pour emp\u00eacher la salet\u00e9 et l&rsquo;humidit\u00e9 de p\u00e9n\u00e9trer dans le hall d&rsquo;entr\u00e9e.<\/span><\/p>\n<p><strong>\u00c0 propos de ce produit&nbsp;:<\/strong><\/p>\n<ul>\n<li style=\"font-weight: 400;\" aria-level=\"1\"><span style=\"font-weight: 400;\">Marque&nbsp;: Decostar<\/span><\/li>\n<li style=\"font-weight: 400;\" aria-level=\"1\"><span style=\"font-weight: 400;\">Mat\u00e9riau&nbsp;: Moquette aiguillet\u00e9e<\/span><\/li>\n<li style=\"font-weight: 400;\" aria-level=\"1\"><span style=\"font-weight: 400;\">Hauteur totale : 12 et 20 mm<\/span><\/li>\n<li style=\"font-weight: 400;\" aria-level=\"1\"><span style=\"font-weight: 400;\">Poids du velours&nbsp;: 1&nbsp;600-1&nbsp;700&nbsp;grammes<\/span><\/li>\n<li style=\"font-weight: 400;\" aria-level=\"1\"><span style=\"font-weight: 400;\">Dos&nbsp;: Latex<\/span><\/li>\n<li style=\"font-weight: 400;\" aria-level=\"1\"><span style=\"font-weight: 400;\">Couleurs&nbsp;: gris, anthracite, beige<\/span><\/li>\n<li style=\"font-weight: 400;\" aria-level=\"1\"><span style=\"font-weight: 400;\">Disponible avec cadres de paillassons<\/span><\/li>\n<\/ul>\n<h2><!-- \/wp:post-content --><\/h2>\n<p><!-- wp:html --><\/p>\n<p><!-- \/wp:html --><\/p>\n<p><!-- wp:spacer {\"height\":30} --><\/p>\n<p><strong>Dimensions<\/strong><\/p>\n<p><!-- \/wp:spacer --><\/p>\n<p><!-- wp:html --><\/p>\n<p><!-- \/wp:html --><\/p>\n<p><!-- wp:spacer {\"height\":30} --><\/p>\n<ul>\n<li>584 x 384<\/li>\n<li>784 x 484<\/li>\n<li>784 x 584<\/li>\n<li>884 x 584<\/li>\n<li>984 x 584<\/li>\n<li>1184 x 584<\/li>\n<li>984 x 784<\/li>\n<li>1184 x 784<\/li>\n<li>1184 x 884<\/li>\n<li><strong>Disponible pour mesurer<\/strong><\/li>\n<\/ul>\n<p><strong>Envoyez une demande de devis pour une taille standard ou demandez une offre enti\u00e8rement personnalis\u00e9e ! Recevez votre prix d&rsquo;achat dans un d\u00e9lai de 1 \u00e0 3 jours ouvrables !<\/strong><\/p>\n\n<!-- wp:paragraph -->\n<p><\/p>\n<!-- \/wp:paragraph -->\n\n<!-- wp:paragraph -->\n<p><\/p>\n<!-- \/wp:paragraph -->","protected":false},"excerpt":{"rendered":"<p>Paillassons d&rsquo;entr\u00e9e en moquette aiguillet\u00e9e Le paillasson d&rsquo;entr\u00e9e Decostar en moquette aiguillet\u00e9e conf\u00e8re \u00e0 l&rsquo;entr\u00e9e un aspect luxueux, surtout lorsqu&rsquo;il est utilis\u00e9 avec un cadre de paillasson Storax\u00ae. La moquette aiguillet\u00e9e est tr\u00e8s efficace pour emp\u00eacher la salet\u00e9 et l&rsquo;humidit\u00e9 de p\u00e9n\u00e9trer dans le hall d&rsquo;entr\u00e9e. \u00c0 propos de ce produit&nbsp;: Marque&nbsp;: Decostar Mat\u00e9riau&nbsp;: Moquette\u2026<\/p>\n","protected":false},"featured_media":110074,"template":"","meta":{"_acf_changed":false},"product_category":[758],"product_tag":[],"class_list":["post-114894","product","type-product","status-publish","has-post-thumbnail","hentry","product_category-paillassons-dentree"],"acf":[],"yoast_head":"<!-- This site is optimized with the Yoast SEO plugin v27.3 - https:\/\/yoast.com\/product\/yoast-seo-wordpress\/ -->\n<title>Decostar - Storax Belgium<\/title>\n<meta name=\"robots\" content=\"index, follow, max-snippet:-1, max-image-preview:large, max-video-preview:-1\" \/>\n<link rel=\"canonical\" href=\"https:\/\/storax.be\/fr\/producten\/paillassons-dentree\/decostar\/\" \/>\n<meta property=\"og:locale\" content=\"fr_FR\" \/>\n<meta property=\"og:type\" content=\"article\" \/>\n<meta property=\"og:title\" content=\"Decostar - Storax Belgium\" \/>\n<meta property=\"og:description\" content=\"Paillassons d&rsquo;entr\u00e9e en moquette aiguillet\u00e9e Le paillasson d&rsquo;entr\u00e9e Decostar en moquette aiguillet\u00e9e conf\u00e8re \u00e0 l&rsquo;entr\u00e9e un aspect luxueux, surtout lorsqu&rsquo;il est utilis\u00e9 avec un cadre de paillasson Storax\u00ae. La moquette aiguillet\u00e9e est tr\u00e8s efficace pour emp\u00eacher la salet\u00e9 et l&rsquo;humidit\u00e9 de p\u00e9n\u00e9trer dans le hall d&rsquo;entr\u00e9e. \u00c0 propos de ce produit&nbsp;: Marque&nbsp;: Decostar Mat\u00e9riau&nbsp;: Moquette\u2026\" \/>\n<meta property=\"og:url\" content=\"https:\/\/storax.be\/fr\/producten\/paillassons-dentree\/decostar\/\" \/>\n<meta property=\"og:site_name\" content=\"Storax Belgium\" \/>\n<meta property=\"article:modified_time\" content=\"2024-08-01T07:58:19+00:00\" \/>\n<meta property=\"og:image\" content=\"https:\/\/storax.be\/wp-content\/uploads\/sites\/2\/2020\/07\/decostar_antraciet.jpg\" \/>\n\t<meta property=\"og:image:width\" content=\"470\" \/>\n\t<meta property=\"og:image:height\" content=\"470\" \/>\n\t<meta property=\"og:image:type\" content=\"image\/jpeg\" \/>\n<meta name=\"twitter:card\" content=\"summary_large_image\" \/>\n<meta name=\"twitter:label1\" content=\"Dur\u00e9e de lecture estim\u00e9e\" \/>\n\t<meta name=\"twitter:data1\" content=\"1 minute\" \/>\n<script type=\"application\/ld+json\" class=\"yoast-schema-graph\">{\"@context\":\"https:\\\/\\\/schema.org\",\"@graph\":[{\"@type\":\"WebPage\",\"@id\":\"https:\\\/\\\/storax.be\\\/fr\\\/producten\\\/paillassons-dentree\\\/decostar\\\/\",\"url\":\"https:\\\/\\\/storax.be\\\/fr\\\/producten\\\/paillassons-dentree\\\/decostar\\\/\",\"name\":\"Decostar - Storax Belgium\",\"isPartOf\":{\"@id\":\"https:\\\/\\\/storax.be\\\/fr\\\/#website\"},\"primaryImageOfPage\":{\"@id\":\"https:\\\/\\\/storax.be\\\/fr\\\/producten\\\/paillassons-dentree\\\/decostar\\\/#primaryimage\"},\"image\":{\"@id\":\"https:\\\/\\\/storax.be\\\/fr\\\/producten\\\/paillassons-dentree\\\/decostar\\\/#primaryimage\"},\"thumbnailUrl\":\"https:\\\/\\\/storax.be\\\/wp-content\\\/uploads\\\/sites\\\/2\\\/2020\\\/07\\\/decostar_antraciet.jpg\",\"datePublished\":\"2022-07-29T09:37:48+00:00\",\"dateModified\":\"2024-08-01T07:58:19+00:00\",\"breadcrumb\":{\"@id\":\"https:\\\/\\\/storax.be\\\/fr\\\/producten\\\/paillassons-dentree\\\/decostar\\\/#breadcrumb\"},\"inLanguage\":\"fr-FR\",\"potentialAction\":[{\"@type\":\"ReadAction\",\"target\":[\"https:\\\/\\\/storax.be\\\/fr\\\/producten\\\/paillassons-dentree\\\/decostar\\\/\"]}]},{\"@type\":\"ImageObject\",\"inLanguage\":\"fr-FR\",\"@id\":\"https:\\\/\\\/storax.be\\\/fr\\\/producten\\\/paillassons-dentree\\\/decostar\\\/#primaryimage\",\"url\":\"https:\\\/\\\/storax.be\\\/wp-content\\\/uploads\\\/sites\\\/2\\\/2020\\\/07\\\/decostar_antraciet.jpg\",\"contentUrl\":\"https:\\\/\\\/storax.be\\\/wp-content\\\/uploads\\\/sites\\\/2\\\/2020\\\/07\\\/decostar_antraciet.jpg\",\"width\":470,\"height\":470,\"caption\":\"naaldvilt inkommat\"},{\"@type\":\"BreadcrumbList\",\"@id\":\"https:\\\/\\\/storax.be\\\/fr\\\/producten\\\/paillassons-dentree\\\/decostar\\\/#breadcrumb\",\"itemListElement\":[{\"@type\":\"ListItem\",\"position\":1,\"name\":\"Home\",\"item\":\"https:\\\/\\\/storax.be\\\/fr\\\/\"},{\"@type\":\"ListItem\",\"position\":2,\"name\":\"Producten\",\"item\":\"https:\\\/\\\/storax.be\\\/fr\\\/producten\\\/%product_category%\\\/\"},{\"@type\":\"ListItem\",\"position\":3,\"name\":\"Paillassons d'entr\u00e9e\",\"item\":\"https:\\\/\\\/storax.be\\\/fr\\\/producten\\\/paillassons-dentree\\\/\"},{\"@type\":\"ListItem\",\"position\":4,\"name\":\"Decostar\"}]},{\"@type\":\"WebSite\",\"@id\":\"https:\\\/\\\/storax.be\\\/fr\\\/#website\",\"url\":\"https:\\\/\\\/storax.be\\\/fr\\\/\",\"name\":\"Storax Belgium\",\"description\":\"Uw betrouwbare partner voor bouwprojecten\",\"potentialAction\":[{\"@type\":\"SearchAction\",\"target\":{\"@type\":\"EntryPoint\",\"urlTemplate\":\"https:\\\/\\\/storax.be\\\/fr\\\/?s={search_term_string}\"},\"query-input\":{\"@type\":\"PropertyValueSpecification\",\"valueRequired\":true,\"valueName\":\"search_term_string\"}}],\"inLanguage\":\"fr-FR\"}]}<\/script>\n<!-- \/ Yoast SEO plugin. -->","yoast_head_json":{"title":"Decostar - Storax Belgium","robots":{"index":"index","follow":"follow","max-snippet":"max-snippet:-1","max-image-preview":"max-image-preview:large","max-video-preview":"max-video-preview:-1"},"canonical":"https:\/\/storax.be\/fr\/producten\/paillassons-dentree\/decostar\/","og_locale":"fr_FR","og_type":"article","og_title":"Decostar - Storax Belgium","og_description":"Paillassons d&rsquo;entr\u00e9e en moquette aiguillet\u00e9e Le paillasson d&rsquo;entr\u00e9e Decostar en moquette aiguillet\u00e9e conf\u00e8re \u00e0 l&rsquo;entr\u00e9e un aspect luxueux, surtout lorsqu&rsquo;il est utilis\u00e9 avec un cadre de paillasson Storax\u00ae. La moquette aiguillet\u00e9e est tr\u00e8s efficace pour emp\u00eacher la salet\u00e9 et l&rsquo;humidit\u00e9 de p\u00e9n\u00e9trer dans le hall d&rsquo;entr\u00e9e. \u00c0 propos de ce produit&nbsp;: Marque&nbsp;: Decostar Mat\u00e9riau&nbsp;: Moquette\u2026","og_url":"https:\/\/storax.be\/fr\/producten\/paillassons-dentree\/decostar\/","og_site_name":"Storax Belgium","article_modified_time":"2024-08-01T07:58:19+00:00","og_image":[{"width":470,"height":470,"url":"https:\/\/storax.be\/wp-content\/uploads\/sites\/2\/2020\/07\/decostar_antraciet.jpg","type":"image\/jpeg"}],"twitter_card":"summary_large_image","twitter_misc":{"Dur\u00e9e de lecture estim\u00e9e":"1 minute"},"schema":{"@context":"https:\/\/schema.org","@graph":[{"@type":"WebPage","@id":"https:\/\/storax.be\/fr\/producten\/paillassons-dentree\/decostar\/","url":"https:\/\/storax.be\/fr\/producten\/paillassons-dentree\/decostar\/","name":"Decostar - Storax Belgium","isPartOf":{"@id":"https:\/\/storax.be\/fr\/#website"},"primaryImageOfPage":{"@id":"https:\/\/storax.be\/fr\/producten\/paillassons-dentree\/decostar\/#primaryimage"},"image":{"@id":"https:\/\/storax.be\/fr\/producten\/paillassons-dentree\/decostar\/#primaryimage"},"thumbnailUrl":"https:\/\/storax.be\/wp-content\/uploads\/sites\/2\/2020\/07\/decostar_antraciet.jpg","datePublished":"2022-07-29T09:37:48+00:00","dateModified":"2024-08-01T07:58:19+00:00","breadcrumb":{"@id":"https:\/\/storax.be\/fr\/producten\/paillassons-dentree\/decostar\/#breadcrumb"},"inLanguage":"fr-FR","potentialAction":[{"@type":"ReadAction","target":["https:\/\/storax.be\/fr\/producten\/paillassons-dentree\/decostar\/"]}]},{"@type":"ImageObject","inLanguage":"fr-FR","@id":"https:\/\/storax.be\/fr\/producten\/paillassons-dentree\/decostar\/#primaryimage","url":"https:\/\/storax.be\/wp-content\/uploads\/sites\/2\/2020\/07\/decostar_antraciet.jpg","contentUrl":"https:\/\/storax.be\/wp-content\/uploads\/sites\/2\/2020\/07\/decostar_antraciet.jpg","width":470,"height":470,"caption":"naaldvilt inkommat"},{"@type":"BreadcrumbList","@id":"https:\/\/storax.be\/fr\/producten\/paillassons-dentree\/decostar\/#breadcrumb","itemListElement":[{"@type":"ListItem","position":1,"name":"Home","item":"https:\/\/storax.be\/fr\/"},{"@type":"ListItem","position":2,"name":"Producten","item":"https:\/\/storax.be\/fr\/producten\/%product_category%\/"},{"@type":"ListItem","position":3,"name":"Paillassons d'entr\u00e9e","item":"https:\/\/storax.be\/fr\/producten\/paillassons-dentree\/"},{"@type":"ListItem","position":4,"name":"Decostar"}]},{"@type":"WebSite","@id":"https:\/\/storax.be\/fr\/#website","url":"https:\/\/storax.be\/fr\/","name":"Storax Belgium","description":"Uw betrouwbare partner voor bouwprojecten","potentialAction":[{"@type":"SearchAction","target":{"@type":"EntryPoint","urlTemplate":"https:\/\/storax.be\/fr\/?s={search_term_string}"},"query-input":{"@type":"PropertyValueSpecification","valueRequired":true,"valueName":"search_term_string"}}],"inLanguage":"fr-FR"}]}},"_links":{"self":[{"href":"https:\/\/storax.be\/fr\/wp-json\/wp\/v2\/product\/114894","targetHints":{"allow":["GET"]}}],"collection":[{"href":"https:\/\/storax.be\/fr\/wp-json\/wp\/v2\/product"}],"about":[{"href":"https:\/\/storax.be\/fr\/wp-json\/wp\/v2\/types\/product"}],"wp:featuredmedia":[{"embeddable":true,"href":"https:\/\/storax.be\/fr\/wp-json\/wp\/v2\/media\/110074"}],"wp:attachment":[{"href":"https:\/\/storax.be\/fr\/wp-json\/wp\/v2\/media?parent=114894"}],"wp:term":[{"taxonomy":"product_category","embeddable":true,"href":"https:\/\/storax.be\/fr\/wp-json\/wp\/v2\/product_category?post=114894"},{"taxonomy":"product_tag","embeddable":true,"href":"https:\/\/storax.be\/fr\/wp-json\/wp\/v2\/product_tag?post=114894"}],"curies":[{"name":"wp","href":"https:\/\/api.w.org\/{rel}","templated":true}]}}