{"id":114888,"date":"2022-07-29T08:36:41","date_gmt":"2022-07-29T08:36:41","guid":{"rendered":"https:\/\/storax.be\/?post_type=product&#038;p=114888"},"modified":"2024-05-16T07:38:08","modified_gmt":"2024-05-16T07:38:08","slug":"combi-xl","status":"publish","type":"product","link":"https:\/\/storax.be\/fr\/producten\/paillassons-dentree\/combi-xl\/","title":{"rendered":"Combi-XL"},"content":{"rendered":"<h2>Paillassons d&rsquo;entr\u00e9e avec inserts extra larges<\/h2>\n<p>&nbsp;<\/p>\n<ul>\n<li style=\"font-weight: 400;\" aria-level=\"1\"><span style=\"font-weight: 400;\">Paillasson d&rsquo;entr\u00e9e repr\u00e9sentatif au look exclusif<\/span><\/li>\n<li style=\"font-weight: 400;\" aria-level=\"1\"><span style=\"font-weight: 400;\">Pour trafic intensif et d&rsquo;intensit\u00e9 moyenne<\/span><\/li>\n<li style=\"font-weight: 400;\" aria-level=\"1\"><span style=\"font-weight: 400;\">Inserts extra larges pour un meilleur ramassage de la salet\u00e9<\/span><\/li>\n<li style=\"font-weight: 400;\" aria-level=\"1\"><span style=\"font-weight: 400;\">Choix de l&rsquo;insert\u00a0: moquette, caoutchouc raclant ou brosse<\/span><\/li>\n<li style=\"font-weight: 400;\" aria-level=\"1\"><span style=\"font-weight: 400;\">paillasson\u00a0: noir, gris ou marron<\/span><\/li>\n<li style=\"font-weight: 400;\" aria-level=\"1\"><span style=\"font-weight: 400;\">caoutchouc de raclage\u00a0: noir<\/span><\/li>\n<li style=\"font-weight: 400;\" aria-level=\"1\"><span style=\"font-weight: 400;\">brosses\u00a0: noir, gris ou marron<\/span><\/li>\n<li style=\"font-weight: 400;\" aria-level=\"1\"><span style=\"font-weight: 400;\">\u00c9paisseur 12\u00a0mm (pr\u00e9voir 3\u00a0mm suppl\u00e9mentaires pour l&rsquo;insert brosse)<\/span><\/li>\n<li style=\"font-weight: 400;\" aria-level=\"1\"><span style=\"font-weight: 400;\">Enroulable, donc facile \u00e0 nettoyer<\/span><\/li>\n<li style=\"font-weight: 400;\" aria-level=\"1\"><span style=\"font-weight: 400;\">Disponible dans pratiquement toutes les formes<\/span><\/li>\n<li style=\"font-weight: 400;\" aria-level=\"1\"><span style=\"font-weight: 400;\">Propri\u00e9t\u00e9s antid\u00e9rapantes R13<\/span><\/li>\n<li style=\"font-weight: 400;\" aria-level=\"1\"><span style=\"font-weight: 400;\">Norme europ\u00e9enne de r\u00e9sistance au feu Cfl-s1<\/span><\/li>\n<\/ul>\n<table style=\"background-color: #edf1f3; border: thin solid #d7e0e3;\" cellspacing=\"0\" cellpadding=\"0\">\n<tbody>\n<tr>\n<td style=\"text-align: left; vertical-align: top; padding: 10px;\">\n<table>\n<tbody>\n<tr>\n<td style=\"text-align: left; font-size: 14px; vertical-align: middle; width: 70%;\"><strong>Storax livre et installe les Inkommats \u00e0 des prix tr\u00e8s comp\u00e9titifs ! Veuillez envoyer un e-mail \u00e0 <a href=\"mailto:storax@storax.be?subject=Informatie Inkommatten\">storax@storax.be<\/a>\u00a0 ou contacter l&rsquo;une des personnes ci-dessous pour obtenir un devis sans engagement.\u00a0<\/strong><\/td>\n<\/tr>\n<\/tbody>\n<\/table>\n<\/td>\n<\/tr>\n<\/tbody>\n<\/table>\n","protected":false},"excerpt":{"rendered":"<p>Paillassons d&rsquo;entr\u00e9e avec inserts extra larges &nbsp; Paillasson d&rsquo;entr\u00e9e repr\u00e9sentatif au look exclusif Pour trafic intensif et d&rsquo;intensit\u00e9 moyenne Inserts extra larges pour un meilleur ramassage de la salet\u00e9 Choix de l&rsquo;insert\u00a0: moquette, caoutchouc raclant ou brosse paillasson\u00a0: noir, gris ou marron caoutchouc de raclage\u00a0: noir brosses\u00a0: noir, gris ou marron \u00c9paisseur 12\u00a0mm (pr\u00e9voir 3\u00a0mm\u2026<\/p>\n","protected":false},"featured_media":110645,"template":"","meta":{"_acf_changed":false},"product_category":[758],"product_tag":[],"class_list":["post-114888","product","type-product","status-publish","has-post-thumbnail","hentry","product_category-paillassons-dentree"],"acf":[],"yoast_head":"<!-- This site is optimized with the Yoast SEO plugin v27.3 - https:\/\/yoast.com\/product\/yoast-seo-wordpress\/ -->\n<title>Combi-XL - Storax Belgium<\/title>\n<meta name=\"robots\" content=\"index, follow, max-snippet:-1, max-image-preview:large, max-video-preview:-1\" \/>\n<link rel=\"canonical\" href=\"https:\/\/storax.be\/fr\/producten\/paillassons-dentree\/combi-xl\/\" \/>\n<meta property=\"og:locale\" content=\"fr_FR\" \/>\n<meta property=\"og:type\" content=\"article\" \/>\n<meta property=\"og:title\" content=\"Combi-XL - Storax Belgium\" \/>\n<meta property=\"og:description\" content=\"Paillassons d&rsquo;entr\u00e9e avec inserts extra larges &nbsp; Paillasson d&rsquo;entr\u00e9e repr\u00e9sentatif au look exclusif Pour trafic intensif et d&rsquo;intensit\u00e9 moyenne Inserts extra larges pour un meilleur ramassage de la salet\u00e9 Choix de l&rsquo;insert\u00a0: moquette, caoutchouc raclant ou brosse paillasson\u00a0: noir, gris ou marron caoutchouc de raclage\u00a0: noir brosses\u00a0: noir, gris ou marron \u00c9paisseur 12\u00a0mm (pr\u00e9voir 3\u00a0mm\u2026\" \/>\n<meta property=\"og:url\" content=\"https:\/\/storax.be\/fr\/producten\/paillassons-dentree\/combi-xl\/\" \/>\n<meta property=\"og:site_name\" content=\"Storax Belgium\" \/>\n<meta property=\"article:modified_time\" content=\"2024-05-16T07:38:08+00:00\" \/>\n<meta property=\"og:image\" content=\"https:\/\/storax.be\/wp-content\/uploads\/sites\/2\/2021\/03\/Storax-inkommat-XL.png\" \/>\n\t<meta property=\"og:image:width\" content=\"400\" \/>\n\t<meta property=\"og:image:height\" content=\"400\" \/>\n\t<meta property=\"og:image:type\" content=\"image\/png\" \/>\n<meta name=\"twitter:card\" content=\"summary_large_image\" \/>\n<meta name=\"twitter:label1\" content=\"Dur\u00e9e de lecture estim\u00e9e\" \/>\n\t<meta name=\"twitter:data1\" content=\"1 minute\" \/>\n<script type=\"application\/ld+json\" class=\"yoast-schema-graph\">{\"@context\":\"https:\\\/\\\/schema.org\",\"@graph\":[{\"@type\":\"WebPage\",\"@id\":\"https:\\\/\\\/storax.be\\\/fr\\\/producten\\\/paillassons-dentree\\\/combi-xl\\\/\",\"url\":\"https:\\\/\\\/storax.be\\\/fr\\\/producten\\\/paillassons-dentree\\\/combi-xl\\\/\",\"name\":\"Combi-XL - Storax Belgium\",\"isPartOf\":{\"@id\":\"https:\\\/\\\/storax.be\\\/fr\\\/#website\"},\"primaryImageOfPage\":{\"@id\":\"https:\\\/\\\/storax.be\\\/fr\\\/producten\\\/paillassons-dentree\\\/combi-xl\\\/#primaryimage\"},\"image\":{\"@id\":\"https:\\\/\\\/storax.be\\\/fr\\\/producten\\\/paillassons-dentree\\\/combi-xl\\\/#primaryimage\"},\"thumbnailUrl\":\"https:\\\/\\\/storax.be\\\/wp-content\\\/uploads\\\/sites\\\/2\\\/2021\\\/03\\\/Storax-inkommat-XL.png\",\"datePublished\":\"2022-07-29T08:36:41+00:00\",\"dateModified\":\"2024-05-16T07:38:08+00:00\",\"breadcrumb\":{\"@id\":\"https:\\\/\\\/storax.be\\\/fr\\\/producten\\\/paillassons-dentree\\\/combi-xl\\\/#breadcrumb\"},\"inLanguage\":\"fr-FR\",\"potentialAction\":[{\"@type\":\"ReadAction\",\"target\":[\"https:\\\/\\\/storax.be\\\/fr\\\/producten\\\/paillassons-dentree\\\/combi-xl\\\/\"]}]},{\"@type\":\"ImageObject\",\"inLanguage\":\"fr-FR\",\"@id\":\"https:\\\/\\\/storax.be\\\/fr\\\/producten\\\/paillassons-dentree\\\/combi-xl\\\/#primaryimage\",\"url\":\"https:\\\/\\\/storax.be\\\/wp-content\\\/uploads\\\/sites\\\/2\\\/2021\\\/03\\\/Storax-inkommat-XL.png\",\"contentUrl\":\"https:\\\/\\\/storax.be\\\/wp-content\\\/uploads\\\/sites\\\/2\\\/2021\\\/03\\\/Storax-inkommat-XL.png\",\"width\":400,\"height\":400,\"caption\":\"Storax inkommat XL\"},{\"@type\":\"BreadcrumbList\",\"@id\":\"https:\\\/\\\/storax.be\\\/fr\\\/producten\\\/paillassons-dentree\\\/combi-xl\\\/#breadcrumb\",\"itemListElement\":[{\"@type\":\"ListItem\",\"position\":1,\"name\":\"Home\",\"item\":\"https:\\\/\\\/storax.be\\\/fr\\\/\"},{\"@type\":\"ListItem\",\"position\":2,\"name\":\"Producten\",\"item\":\"https:\\\/\\\/storax.be\\\/fr\\\/producten\\\/%product_category%\\\/\"},{\"@type\":\"ListItem\",\"position\":3,\"name\":\"Paillassons d'entr\u00e9e\",\"item\":\"https:\\\/\\\/storax.be\\\/fr\\\/producten\\\/paillassons-dentree\\\/\"},{\"@type\":\"ListItem\",\"position\":4,\"name\":\"Combi-XL\"}]},{\"@type\":\"WebSite\",\"@id\":\"https:\\\/\\\/storax.be\\\/fr\\\/#website\",\"url\":\"https:\\\/\\\/storax.be\\\/fr\\\/\",\"name\":\"Storax Belgium\",\"description\":\"Uw betrouwbare partner voor bouwprojecten\",\"potentialAction\":[{\"@type\":\"SearchAction\",\"target\":{\"@type\":\"EntryPoint\",\"urlTemplate\":\"https:\\\/\\\/storax.be\\\/fr\\\/?s={search_term_string}\"},\"query-input\":{\"@type\":\"PropertyValueSpecification\",\"valueRequired\":true,\"valueName\":\"search_term_string\"}}],\"inLanguage\":\"fr-FR\"}]}<\/script>\n<!-- \/ Yoast SEO plugin. -->","yoast_head_json":{"title":"Combi-XL - Storax Belgium","robots":{"index":"index","follow":"follow","max-snippet":"max-snippet:-1","max-image-preview":"max-image-preview:large","max-video-preview":"max-video-preview:-1"},"canonical":"https:\/\/storax.be\/fr\/producten\/paillassons-dentree\/combi-xl\/","og_locale":"fr_FR","og_type":"article","og_title":"Combi-XL - Storax Belgium","og_description":"Paillassons d&rsquo;entr\u00e9e avec inserts extra larges &nbsp; Paillasson d&rsquo;entr\u00e9e repr\u00e9sentatif au look exclusif Pour trafic intensif et d&rsquo;intensit\u00e9 moyenne Inserts extra larges pour un meilleur ramassage de la salet\u00e9 Choix de l&rsquo;insert\u00a0: moquette, caoutchouc raclant ou brosse paillasson\u00a0: noir, gris ou marron caoutchouc de raclage\u00a0: noir brosses\u00a0: noir, gris ou marron \u00c9paisseur 12\u00a0mm (pr\u00e9voir 3\u00a0mm\u2026","og_url":"https:\/\/storax.be\/fr\/producten\/paillassons-dentree\/combi-xl\/","og_site_name":"Storax Belgium","article_modified_time":"2024-05-16T07:38:08+00:00","og_image":[{"width":400,"height":400,"url":"https:\/\/storax.be\/wp-content\/uploads\/sites\/2\/2021\/03\/Storax-inkommat-XL.png","type":"image\/png"}],"twitter_card":"summary_large_image","twitter_misc":{"Dur\u00e9e de lecture estim\u00e9e":"1 minute"},"schema":{"@context":"https:\/\/schema.org","@graph":[{"@type":"WebPage","@id":"https:\/\/storax.be\/fr\/producten\/paillassons-dentree\/combi-xl\/","url":"https:\/\/storax.be\/fr\/producten\/paillassons-dentree\/combi-xl\/","name":"Combi-XL - Storax Belgium","isPartOf":{"@id":"https:\/\/storax.be\/fr\/#website"},"primaryImageOfPage":{"@id":"https:\/\/storax.be\/fr\/producten\/paillassons-dentree\/combi-xl\/#primaryimage"},"image":{"@id":"https:\/\/storax.be\/fr\/producten\/paillassons-dentree\/combi-xl\/#primaryimage"},"thumbnailUrl":"https:\/\/storax.be\/wp-content\/uploads\/sites\/2\/2021\/03\/Storax-inkommat-XL.png","datePublished":"2022-07-29T08:36:41+00:00","dateModified":"2024-05-16T07:38:08+00:00","breadcrumb":{"@id":"https:\/\/storax.be\/fr\/producten\/paillassons-dentree\/combi-xl\/#breadcrumb"},"inLanguage":"fr-FR","potentialAction":[{"@type":"ReadAction","target":["https:\/\/storax.be\/fr\/producten\/paillassons-dentree\/combi-xl\/"]}]},{"@type":"ImageObject","inLanguage":"fr-FR","@id":"https:\/\/storax.be\/fr\/producten\/paillassons-dentree\/combi-xl\/#primaryimage","url":"https:\/\/storax.be\/wp-content\/uploads\/sites\/2\/2021\/03\/Storax-inkommat-XL.png","contentUrl":"https:\/\/storax.be\/wp-content\/uploads\/sites\/2\/2021\/03\/Storax-inkommat-XL.png","width":400,"height":400,"caption":"Storax inkommat XL"},{"@type":"BreadcrumbList","@id":"https:\/\/storax.be\/fr\/producten\/paillassons-dentree\/combi-xl\/#breadcrumb","itemListElement":[{"@type":"ListItem","position":1,"name":"Home","item":"https:\/\/storax.be\/fr\/"},{"@type":"ListItem","position":2,"name":"Producten","item":"https:\/\/storax.be\/fr\/producten\/%product_category%\/"},{"@type":"ListItem","position":3,"name":"Paillassons d'entr\u00e9e","item":"https:\/\/storax.be\/fr\/producten\/paillassons-dentree\/"},{"@type":"ListItem","position":4,"name":"Combi-XL"}]},{"@type":"WebSite","@id":"https:\/\/storax.be\/fr\/#website","url":"https:\/\/storax.be\/fr\/","name":"Storax Belgium","description":"Uw betrouwbare partner voor bouwprojecten","potentialAction":[{"@type":"SearchAction","target":{"@type":"EntryPoint","urlTemplate":"https:\/\/storax.be\/fr\/?s={search_term_string}"},"query-input":{"@type":"PropertyValueSpecification","valueRequired":true,"valueName":"search_term_string"}}],"inLanguage":"fr-FR"}]}},"_links":{"self":[{"href":"https:\/\/storax.be\/fr\/wp-json\/wp\/v2\/product\/114888","targetHints":{"allow":["GET"]}}],"collection":[{"href":"https:\/\/storax.be\/fr\/wp-json\/wp\/v2\/product"}],"about":[{"href":"https:\/\/storax.be\/fr\/wp-json\/wp\/v2\/types\/product"}],"wp:featuredmedia":[{"embeddable":true,"href":"https:\/\/storax.be\/fr\/wp-json\/wp\/v2\/media\/110645"}],"wp:attachment":[{"href":"https:\/\/storax.be\/fr\/wp-json\/wp\/v2\/media?parent=114888"}],"wp:term":[{"taxonomy":"product_category","embeddable":true,"href":"https:\/\/storax.be\/fr\/wp-json\/wp\/v2\/product_category?post=114888"},{"taxonomy":"product_tag","embeddable":true,"href":"https:\/\/storax.be\/fr\/wp-json\/wp\/v2\/product_tag?post=114888"}],"curies":[{"name":"wp","href":"https:\/\/api.w.org\/{rel}","templated":true}]}}