{"id":114884,"date":"2022-07-29T07:26:00","date_gmt":"2022-07-29T07:26:00","guid":{"rendered":"https:\/\/storax.be\/?post_type=product&#038;p=114884"},"modified":"2024-05-16T07:38:07","modified_gmt":"2024-05-16T07:38:07","slug":"combi-junior-insert-brosse","status":"publish","type":"product","link":"https:\/\/storax.be\/fr\/producten\/paillassons-dentree\/combi-junior-insert-brosse\/","title":{"rendered":"Combi-junior insert brosse"},"content":{"rendered":"<h2 style=\"font-size: 1.5em; line-height: 40px; font-weight: 600;\">Paillasson d\u2019entr\u00e9e brosse<\/h2>\r\n<span style=\"font-weight: 400;\"><strong>Combi-Junior<\/strong> est un paillasson d\u2019entr\u00e9e \u00e0 profil\u00e9 enroulable destin\u00e9 \u00e0 \u00eatre utilis\u00e9 \u00e0 l&rsquo;int\u00e9rieur et \u00e0 l&rsquo;ext\u00e9rieur, de pr\u00e9f\u00e9rence dans une fosse \u00e0 tapis ou pos\u00e9 sur le sol avec un profil\u00e9 anti-tr\u00e9buchage. La salet\u00e9 s&rsquo;accumule entre les profil\u00e9s en aluminium, et il suffit de rouler le tapis pour l&rsquo;enlever facilement.<\/span>\r\n\r\n<strong>\u00c0 propos de ce produit<\/strong>\r\n<ul>\r\n \t<li style=\"font-weight: 400;\" aria-level=\"1\"><span style=\"font-weight: 400;\">paillasson d&rsquo;entr\u00e9e repr\u00e9sentatif avec insert brosse<\/span><\/li>\r\n \t<li style=\"font-weight: 400;\" aria-level=\"1\"><span style=\"font-weight: 400;\">profil\u00e9s interm\u00e9diaires en aluminium anodis\u00e9 naturel ou anodis\u00e9 noir<\/span><\/li>\r\n \t<li style=\"font-weight: 400;\" aria-level=\"1\"><span style=\"font-weight: 400;\">surface s\u00fbre et confortable pour un trafic l\u00e9ger \u00e0 moyen<\/span><\/li>\r\n \t<li style=\"font-weight: 400;\" aria-level=\"1\"><span style=\"font-weight: 400;\">pour un usage int\u00e9rieur et ext\u00e9rieur<\/span><\/li>\r\n \t<li style=\"font-weight: 400;\" aria-level=\"1\"><span style=\"font-weight: 400;\">\u00e9paisseur 15\u00a0mm<\/span><\/li>\r\n \t<li style=\"font-weight: 400;\" aria-level=\"1\"><span style=\"font-weight: 400;\">excellente action brossante<\/span><\/li>\r\n \t<li style=\"font-weight: 400;\" aria-level=\"1\"><span style=\"font-weight: 400;\">enroulable, donc facile \u00e0 nettoyer<\/span><\/li>\r\n \t<li style=\"font-weight: 400;\" aria-level=\"1\"><span style=\"font-weight: 400;\">disponible dans pratiquement toutes les formes<\/span><\/li>\r\n \t<li style=\"font-weight: 400;\" aria-level=\"1\"><span style=\"font-weight: 400;\">Couleurs de la brosse\u00a0: voir palette de couleurs<\/span><\/li>\r\n<\/ul>\r\n<strong>S\u00e9rie Combi Junior<\/strong>\r\n\r\n<a href=\"https:\/\/storax.be\/produits\/tapis-d-entree\/combi-jr-moquette\/\"><span style=\"font-weight: 400;\">Combi Junior Moquette<\/span><\/a>\r\n\r\n<a href=\"https:\/\/storax.be\/produits\/tapis-d-entree\/combi-jr-caoutchouc\/\"><span style=\"font-weight: 400;\">Combi Junior Caoutchouc<\/span><\/a>\r\n\r\n<span style=\"font-weight: 400;\">Combi Junior Brosses<\/span>\r\n\r\n<strong>Storax livre et installe les Inkommats \u00e0 des prix tr\u00e8s comp\u00e9titifs ! Veuillez envoyer un e-mail \u00e0 storax@storax.be pour obtenir un devis sans engagement.<\/strong>\r\n\r\n<!-- \/wp:post-content -->","protected":false},"excerpt":{"rendered":"<p>Paillasson d\u2019entr\u00e9e brosse Combi-Junior est un paillasson d\u2019entr\u00e9e \u00e0 profil\u00e9 enroulable destin\u00e9 \u00e0 \u00eatre utilis\u00e9 \u00e0 l&rsquo;int\u00e9rieur et \u00e0 l&rsquo;ext\u00e9rieur, de pr\u00e9f\u00e9rence dans une fosse \u00e0 tapis ou pos\u00e9 sur le sol avec un profil\u00e9 anti-tr\u00e9buchage. La salet\u00e9 s&rsquo;accumule entre les profil\u00e9s en aluminium, et il suffit de rouler le tapis pour l&rsquo;enlever facilement. \u00c0\u2026<\/p>\n","protected":false},"featured_media":110955,"template":"","meta":{"_acf_changed":false},"product_category":[758],"product_tag":[435,480,488,489,493,526,537,538,546],"class_list":["post-114884","product","type-product","status-publish","has-post-thumbnail","hentry","product_category-paillassons-dentree","product_tag-15-mm-fr","product_tag-alle-vormen-fr","product_tag-binnen-fr","product_tag-borstelen-fr","product_tag-buiten-fr","product_tag-middel-loopverkeer-fr","product_tag-open-mat-fr","product_tag-oprolbaar-fr","product_tag-rolstoelen-fr"],"acf":[],"yoast_head":"<!-- This site is optimized with the Yoast SEO plugin v27.3 - https:\/\/yoast.com\/product\/yoast-seo-wordpress\/ -->\n<title>Combi-junior insert brosse - Storax Belgium<\/title>\n<meta name=\"robots\" content=\"index, follow, max-snippet:-1, max-image-preview:large, max-video-preview:-1\" \/>\n<link rel=\"canonical\" href=\"https:\/\/storax.be\/fr\/producten\/paillassons-dentree\/combi-junior-insert-brosse\/\" \/>\n<meta property=\"og:locale\" content=\"fr_FR\" \/>\n<meta property=\"og:type\" content=\"article\" \/>\n<meta property=\"og:title\" content=\"Combi-junior insert brosse - Storax Belgium\" \/>\n<meta property=\"og:description\" content=\"Paillasson d\u2019entr\u00e9e brosse Combi-Junior est un paillasson d\u2019entr\u00e9e \u00e0 profil\u00e9 enroulable destin\u00e9 \u00e0 \u00eatre utilis\u00e9 \u00e0 l&rsquo;int\u00e9rieur et \u00e0 l&rsquo;ext\u00e9rieur, de pr\u00e9f\u00e9rence dans une fosse \u00e0 tapis ou pos\u00e9 sur le sol avec un profil\u00e9 anti-tr\u00e9buchage. La salet\u00e9 s&rsquo;accumule entre les profil\u00e9s en aluminium, et il suffit de rouler le tapis pour l&rsquo;enlever facilement. \u00c0\u2026\" \/>\n<meta property=\"og:url\" content=\"https:\/\/storax.be\/fr\/producten\/paillassons-dentree\/combi-junior-insert-brosse\/\" \/>\n<meta property=\"og:site_name\" content=\"Storax Belgium\" \/>\n<meta property=\"article:modified_time\" content=\"2024-05-16T07:38:07+00:00\" \/>\n<meta property=\"og:image\" content=\"https:\/\/storax.be\/wp-content\/uploads\/sites\/2\/2021\/05\/Combi-jr-borstels.jpg\" \/>\n\t<meta property=\"og:image:width\" content=\"470\" \/>\n\t<meta property=\"og:image:height\" content=\"470\" \/>\n\t<meta property=\"og:image:type\" content=\"image\/jpeg\" \/>\n<meta name=\"twitter:card\" content=\"summary_large_image\" \/>\n<meta name=\"twitter:label1\" content=\"Dur\u00e9e de lecture estim\u00e9e\" \/>\n\t<meta name=\"twitter:data1\" content=\"1 minute\" \/>\n<script type=\"application\/ld+json\" class=\"yoast-schema-graph\">{\"@context\":\"https:\\\/\\\/schema.org\",\"@graph\":[{\"@type\":\"WebPage\",\"@id\":\"https:\\\/\\\/storax.be\\\/fr\\\/producten\\\/paillassons-dentree\\\/combi-junior-insert-brosse\\\/\",\"url\":\"https:\\\/\\\/storax.be\\\/fr\\\/producten\\\/paillassons-dentree\\\/combi-junior-insert-brosse\\\/\",\"name\":\"Combi-junior insert brosse - Storax Belgium\",\"isPartOf\":{\"@id\":\"https:\\\/\\\/storax.be\\\/fr\\\/#website\"},\"primaryImageOfPage\":{\"@id\":\"https:\\\/\\\/storax.be\\\/fr\\\/producten\\\/paillassons-dentree\\\/combi-junior-insert-brosse\\\/#primaryimage\"},\"image\":{\"@id\":\"https:\\\/\\\/storax.be\\\/fr\\\/producten\\\/paillassons-dentree\\\/combi-junior-insert-brosse\\\/#primaryimage\"},\"thumbnailUrl\":\"https:\\\/\\\/storax.be\\\/wp-content\\\/uploads\\\/sites\\\/2\\\/2021\\\/05\\\/Combi-jr-borstels.jpg\",\"datePublished\":\"2022-07-29T07:26:00+00:00\",\"dateModified\":\"2024-05-16T07:38:07+00:00\",\"breadcrumb\":{\"@id\":\"https:\\\/\\\/storax.be\\\/fr\\\/producten\\\/paillassons-dentree\\\/combi-junior-insert-brosse\\\/#breadcrumb\"},\"inLanguage\":\"fr-FR\",\"potentialAction\":[{\"@type\":\"ReadAction\",\"target\":[\"https:\\\/\\\/storax.be\\\/fr\\\/producten\\\/paillassons-dentree\\\/combi-junior-insert-brosse\\\/\"]}]},{\"@type\":\"ImageObject\",\"inLanguage\":\"fr-FR\",\"@id\":\"https:\\\/\\\/storax.be\\\/fr\\\/producten\\\/paillassons-dentree\\\/combi-junior-insert-brosse\\\/#primaryimage\",\"url\":\"https:\\\/\\\/storax.be\\\/wp-content\\\/uploads\\\/sites\\\/2\\\/2021\\\/05\\\/Combi-jr-borstels.jpg\",\"contentUrl\":\"https:\\\/\\\/storax.be\\\/wp-content\\\/uploads\\\/sites\\\/2\\\/2021\\\/05\\\/Combi-jr-borstels.jpg\",\"width\":470,\"height\":470},{\"@type\":\"BreadcrumbList\",\"@id\":\"https:\\\/\\\/storax.be\\\/fr\\\/producten\\\/paillassons-dentree\\\/combi-junior-insert-brosse\\\/#breadcrumb\",\"itemListElement\":[{\"@type\":\"ListItem\",\"position\":1,\"name\":\"Home\",\"item\":\"https:\\\/\\\/storax.be\\\/fr\\\/\"},{\"@type\":\"ListItem\",\"position\":2,\"name\":\"Producten\",\"item\":\"https:\\\/\\\/storax.be\\\/fr\\\/producten\\\/%product_category%\\\/\"},{\"@type\":\"ListItem\",\"position\":3,\"name\":\"Paillassons d'entr\u00e9e\",\"item\":\"https:\\\/\\\/storax.be\\\/fr\\\/producten\\\/paillassons-dentree\\\/\"},{\"@type\":\"ListItem\",\"position\":4,\"name\":\"Combi-junior insert brosse\"}]},{\"@type\":\"WebSite\",\"@id\":\"https:\\\/\\\/storax.be\\\/fr\\\/#website\",\"url\":\"https:\\\/\\\/storax.be\\\/fr\\\/\",\"name\":\"Storax Belgium\",\"description\":\"Uw betrouwbare partner voor bouwprojecten\",\"potentialAction\":[{\"@type\":\"SearchAction\",\"target\":{\"@type\":\"EntryPoint\",\"urlTemplate\":\"https:\\\/\\\/storax.be\\\/fr\\\/?s={search_term_string}\"},\"query-input\":{\"@type\":\"PropertyValueSpecification\",\"valueRequired\":true,\"valueName\":\"search_term_string\"}}],\"inLanguage\":\"fr-FR\"}]}<\/script>\n<!-- \/ Yoast SEO plugin. -->","yoast_head_json":{"title":"Combi-junior insert brosse - Storax Belgium","robots":{"index":"index","follow":"follow","max-snippet":"max-snippet:-1","max-image-preview":"max-image-preview:large","max-video-preview":"max-video-preview:-1"},"canonical":"https:\/\/storax.be\/fr\/producten\/paillassons-dentree\/combi-junior-insert-brosse\/","og_locale":"fr_FR","og_type":"article","og_title":"Combi-junior insert brosse - Storax Belgium","og_description":"Paillasson d\u2019entr\u00e9e brosse Combi-Junior est un paillasson d\u2019entr\u00e9e \u00e0 profil\u00e9 enroulable destin\u00e9 \u00e0 \u00eatre utilis\u00e9 \u00e0 l&rsquo;int\u00e9rieur et \u00e0 l&rsquo;ext\u00e9rieur, de pr\u00e9f\u00e9rence dans une fosse \u00e0 tapis ou pos\u00e9 sur le sol avec un profil\u00e9 anti-tr\u00e9buchage. La salet\u00e9 s&rsquo;accumule entre les profil\u00e9s en aluminium, et il suffit de rouler le tapis pour l&rsquo;enlever facilement. \u00c0\u2026","og_url":"https:\/\/storax.be\/fr\/producten\/paillassons-dentree\/combi-junior-insert-brosse\/","og_site_name":"Storax Belgium","article_modified_time":"2024-05-16T07:38:07+00:00","og_image":[{"width":470,"height":470,"url":"https:\/\/storax.be\/wp-content\/uploads\/sites\/2\/2021\/05\/Combi-jr-borstels.jpg","type":"image\/jpeg"}],"twitter_card":"summary_large_image","twitter_misc":{"Dur\u00e9e de lecture estim\u00e9e":"1 minute"},"schema":{"@context":"https:\/\/schema.org","@graph":[{"@type":"WebPage","@id":"https:\/\/storax.be\/fr\/producten\/paillassons-dentree\/combi-junior-insert-brosse\/","url":"https:\/\/storax.be\/fr\/producten\/paillassons-dentree\/combi-junior-insert-brosse\/","name":"Combi-junior insert brosse - Storax Belgium","isPartOf":{"@id":"https:\/\/storax.be\/fr\/#website"},"primaryImageOfPage":{"@id":"https:\/\/storax.be\/fr\/producten\/paillassons-dentree\/combi-junior-insert-brosse\/#primaryimage"},"image":{"@id":"https:\/\/storax.be\/fr\/producten\/paillassons-dentree\/combi-junior-insert-brosse\/#primaryimage"},"thumbnailUrl":"https:\/\/storax.be\/wp-content\/uploads\/sites\/2\/2021\/05\/Combi-jr-borstels.jpg","datePublished":"2022-07-29T07:26:00+00:00","dateModified":"2024-05-16T07:38:07+00:00","breadcrumb":{"@id":"https:\/\/storax.be\/fr\/producten\/paillassons-dentree\/combi-junior-insert-brosse\/#breadcrumb"},"inLanguage":"fr-FR","potentialAction":[{"@type":"ReadAction","target":["https:\/\/storax.be\/fr\/producten\/paillassons-dentree\/combi-junior-insert-brosse\/"]}]},{"@type":"ImageObject","inLanguage":"fr-FR","@id":"https:\/\/storax.be\/fr\/producten\/paillassons-dentree\/combi-junior-insert-brosse\/#primaryimage","url":"https:\/\/storax.be\/wp-content\/uploads\/sites\/2\/2021\/05\/Combi-jr-borstels.jpg","contentUrl":"https:\/\/storax.be\/wp-content\/uploads\/sites\/2\/2021\/05\/Combi-jr-borstels.jpg","width":470,"height":470},{"@type":"BreadcrumbList","@id":"https:\/\/storax.be\/fr\/producten\/paillassons-dentree\/combi-junior-insert-brosse\/#breadcrumb","itemListElement":[{"@type":"ListItem","position":1,"name":"Home","item":"https:\/\/storax.be\/fr\/"},{"@type":"ListItem","position":2,"name":"Producten","item":"https:\/\/storax.be\/fr\/producten\/%product_category%\/"},{"@type":"ListItem","position":3,"name":"Paillassons d'entr\u00e9e","item":"https:\/\/storax.be\/fr\/producten\/paillassons-dentree\/"},{"@type":"ListItem","position":4,"name":"Combi-junior insert brosse"}]},{"@type":"WebSite","@id":"https:\/\/storax.be\/fr\/#website","url":"https:\/\/storax.be\/fr\/","name":"Storax Belgium","description":"Uw betrouwbare partner voor bouwprojecten","potentialAction":[{"@type":"SearchAction","target":{"@type":"EntryPoint","urlTemplate":"https:\/\/storax.be\/fr\/?s={search_term_string}"},"query-input":{"@type":"PropertyValueSpecification","valueRequired":true,"valueName":"search_term_string"}}],"inLanguage":"fr-FR"}]}},"_links":{"self":[{"href":"https:\/\/storax.be\/fr\/wp-json\/wp\/v2\/product\/114884","targetHints":{"allow":["GET"]}}],"collection":[{"href":"https:\/\/storax.be\/fr\/wp-json\/wp\/v2\/product"}],"about":[{"href":"https:\/\/storax.be\/fr\/wp-json\/wp\/v2\/types\/product"}],"wp:featuredmedia":[{"embeddable":true,"href":"https:\/\/storax.be\/fr\/wp-json\/wp\/v2\/media\/110955"}],"wp:attachment":[{"href":"https:\/\/storax.be\/fr\/wp-json\/wp\/v2\/media?parent=114884"}],"wp:term":[{"taxonomy":"product_category","embeddable":true,"href":"https:\/\/storax.be\/fr\/wp-json\/wp\/v2\/product_category?post=114884"},{"taxonomy":"product_tag","embeddable":true,"href":"https:\/\/storax.be\/fr\/wp-json\/wp\/v2\/product_tag?post=114884"}],"curies":[{"name":"wp","href":"https:\/\/api.w.org\/{rel}","templated":true}]}}