{"id":114883,"date":"2022-07-29T07:21:14","date_gmt":"2022-07-29T07:21:14","guid":{"rendered":"https:\/\/storax.be\/?post_type=product&#038;p=114883"},"modified":"2024-05-16T07:38:07","modified_gmt":"2024-05-16T07:38:07","slug":"3m-safety-walk","status":"publish","type":"product","link":"https:\/\/storax.be\/fr\/producten\/antiderapant\/3m-safety-walk\/","title":{"rendered":"3M\u2122 Safety-Walk\u2122"},"content":{"rendered":"<b>\u00a0<\/b>\r\n\r\n<strong>3M\u2122 Safety-Walk\u2122<\/strong><span style=\"font-weight: 400;\">\u00a0est une gamme compl\u00e8te de produits antid\u00e9rapants, sp\u00e9cialement con\u00e7us pour rendre durablement antid\u00e9rapantes les surfaces en b\u00e9ton et en acier.\u00a0 Convient parfaitement aux applications commerciales et industrielles. Safety-Walk\u2122 garantit un environnement de travail et de vie extr\u00eamement s\u00fbr. Safety-Walk\u2122 est disponible dans toutes les formes, tailles et textures antid\u00e9rapantes, de fines \u00e0 grossi\u00e8res.<\/span>\r\n\r\n<span style=\"font-weight: 400;\">Tr\u00e8s r\u00e9sistants, les produits antid\u00e9rapants Safety-Walk\u2122 permettent notamment de rendre antid\u00e9rapantes les surfaces en b\u00e9ton et en acier.<\/span>\r\n\r\n<b>\u00a0<\/b>\r\n\r\n<strong>Caract\u00e9ristiques de Safety-Walk\u2122<\/strong>\r\n<ul>\r\n \t<li style=\"font-weight: 400;\" aria-level=\"1\"><span style=\"font-weight: 400;\">Tr\u00e8s r\u00e9sistant \u00e0 l&rsquo;usure<\/span><\/li>\r\n \t<li style=\"font-weight: 400;\" aria-level=\"1\"><span style=\"font-weight: 400;\">Valeur antid\u00e9rapante \u00e9lev\u00e9e (R13)<\/span><\/li>\r\n \t<li style=\"font-weight: 400;\" aria-level=\"1\"><span style=\"font-weight: 400;\">Finition quartz durable<\/span><\/li>\r\n \t<li style=\"font-weight: 400;\" aria-level=\"1\"><span style=\"font-weight: 400;\">Facile \u00e0 poser<\/span><\/li>\r\n \t<li style=\"font-weight: 400;\" aria-level=\"1\"><span style=\"font-weight: 400;\">Excellente adh\u00e9rence<\/span><\/li>\r\n \t<li style=\"font-weight: 400;\" aria-level=\"1\"><span style=\"font-weight: 400;\">Disponible en plusieurs couleurs<\/span><\/li>\r\n<\/ul>\r\n<strong>Applications<\/strong>\r\n<ul>\r\n \t<li style=\"font-weight: 400;\" aria-level=\"1\"><span style=\"font-weight: 400;\">Galeries<\/span><\/li>\r\n \t<li style=\"font-weight: 400;\" aria-level=\"1\"><span style=\"font-weight: 400;\">Plateformes<\/span><\/li>\r\n \t<li style=\"font-weight: 400;\" aria-level=\"1\"><span style=\"font-weight: 400;\">Balcons<\/span><\/li>\r\n \t<li style=\"font-weight: 400;\" aria-level=\"1\"><span style=\"font-weight: 400;\">Escaliers<\/span><b><\/b><\/li>\r\n<\/ul>\r\n<strong>Formes<\/strong>\r\n<ul>\r\n \t<li style=\"font-weight: 400;\" aria-level=\"1\"><span style=\"font-weight: 400;\">Bandes<\/span><\/li>\r\n \t<li style=\"font-weight: 400;\" aria-level=\"1\"><span style=\"font-weight: 400;\">Forme des carreaux<\/span><\/li>\r\n \t<li style=\"font-weight: 400;\" aria-level=\"1\"><span style=\"font-weight: 400;\">Forme ronde<\/span><\/li>\r\n \t<li style=\"font-weight: 400;\" aria-level=\"1\"><span style=\"font-weight: 400;\">Rouleau<\/span><\/li>\r\n<\/ul>\r\n<strong>Texture<\/strong>\r\n<ul>\r\n \t<li style=\"font-weight: 400;\" aria-level=\"1\"><span style=\"font-weight: 400;\">Grossi\u00e8re<\/span><\/li>\r\n \t<li style=\"font-weight: 400;\" aria-level=\"1\"><span style=\"font-weight: 400;\">Standard<\/span><\/li>\r\n \t<li style=\"font-weight: 400;\" aria-level=\"1\"><span style=\"font-weight: 400;\">Fine<\/span><\/li>\r\n<\/ul>\r\n\r\n\r\n","protected":false},"excerpt":{"rendered":"<p>\u00a0 3M\u2122 Safety-Walk\u2122\u00a0est une gamme compl\u00e8te de produits antid\u00e9rapants, sp\u00e9cialement con\u00e7us pour rendre durablement antid\u00e9rapantes les surfaces en b\u00e9ton et en acier.\u00a0 Convient parfaitement aux applications commerciales et industrielles. Safety-Walk\u2122 garantit un environnement de travail et de vie extr\u00eamement s\u00fbr. Safety-Walk\u2122 est disponible dans toutes les formes, tailles et textures antid\u00e9rapantes, de fines \u00e0 grossi\u00e8res.\u2026<\/p>\n","protected":false},"featured_media":110022,"template":"","meta":{"_acf_changed":false},"product_category":[584],"product_tag":[],"class_list":["post-114883","product","type-product","status-publish","has-post-thumbnail","hentry","product_category-antiderapant"],"acf":[],"yoast_head":"<!-- This site is optimized with the Yoast SEO plugin v27.3 - https:\/\/yoast.com\/product\/yoast-seo-wordpress\/ -->\n<title>3M\u2122 Safety-Walk\u2122 - Storax Belgium<\/title>\n<meta name=\"robots\" content=\"index, follow, max-snippet:-1, max-image-preview:large, max-video-preview:-1\" \/>\n<link rel=\"canonical\" href=\"https:\/\/storax.be\/fr\/producten\/antiderapant\/3m-safety-walk\/\" \/>\n<meta property=\"og:locale\" content=\"fr_FR\" \/>\n<meta property=\"og:type\" content=\"article\" \/>\n<meta property=\"og:title\" content=\"3M\u2122 Safety-Walk\u2122 - Storax Belgium\" \/>\n<meta property=\"og:description\" content=\"\u00a0 3M\u2122 Safety-Walk\u2122\u00a0est une gamme compl\u00e8te de produits antid\u00e9rapants, sp\u00e9cialement con\u00e7us pour rendre durablement antid\u00e9rapantes les surfaces en b\u00e9ton et en acier.\u00a0 Convient parfaitement aux applications commerciales et industrielles. Safety-Walk\u2122 garantit un environnement de travail et de vie extr\u00eamement s\u00fbr. Safety-Walk\u2122 est disponible dans toutes les formes, tailles et textures antid\u00e9rapantes, de fines \u00e0 grossi\u00e8res.\u2026\" \/>\n<meta property=\"og:url\" content=\"https:\/\/storax.be\/fr\/producten\/antiderapant\/3m-safety-walk\/\" \/>\n<meta property=\"og:site_name\" content=\"Storax Belgium\" \/>\n<meta property=\"article:modified_time\" content=\"2024-05-16T07:38:07+00:00\" \/>\n<meta property=\"og:image\" content=\"https:\/\/storax.be\/wp-content\/uploads\/sites\/2\/2019\/04\/thumb_470x470_557-img2.jpg\" \/>\n\t<meta property=\"og:image:width\" content=\"470\" \/>\n\t<meta property=\"og:image:height\" content=\"470\" \/>\n\t<meta property=\"og:image:type\" content=\"image\/jpeg\" \/>\n<meta name=\"twitter:card\" content=\"summary_large_image\" \/>\n<meta name=\"twitter:label1\" content=\"Dur\u00e9e de lecture estim\u00e9e\" \/>\n\t<meta name=\"twitter:data1\" content=\"1 minute\" \/>\n<script type=\"application\/ld+json\" class=\"yoast-schema-graph\">{\"@context\":\"https:\\\/\\\/schema.org\",\"@graph\":[{\"@type\":\"WebPage\",\"@id\":\"https:\\\/\\\/storax.be\\\/fr\\\/producten\\\/antiderapant\\\/3m-safety-walk\\\/\",\"url\":\"https:\\\/\\\/storax.be\\\/fr\\\/producten\\\/antiderapant\\\/3m-safety-walk\\\/\",\"name\":\"3M\u2122 Safety-Walk\u2122 - Storax Belgium\",\"isPartOf\":{\"@id\":\"https:\\\/\\\/storax.be\\\/fr\\\/#website\"},\"primaryImageOfPage\":{\"@id\":\"https:\\\/\\\/storax.be\\\/fr\\\/producten\\\/antiderapant\\\/3m-safety-walk\\\/#primaryimage\"},\"image\":{\"@id\":\"https:\\\/\\\/storax.be\\\/fr\\\/producten\\\/antiderapant\\\/3m-safety-walk\\\/#primaryimage\"},\"thumbnailUrl\":\"https:\\\/\\\/storax.be\\\/wp-content\\\/uploads\\\/sites\\\/2\\\/2019\\\/04\\\/thumb_470x470_557-img2.jpg\",\"datePublished\":\"2022-07-29T07:21:14+00:00\",\"dateModified\":\"2024-05-16T07:38:07+00:00\",\"breadcrumb\":{\"@id\":\"https:\\\/\\\/storax.be\\\/fr\\\/producten\\\/antiderapant\\\/3m-safety-walk\\\/#breadcrumb\"},\"inLanguage\":\"fr-FR\",\"potentialAction\":[{\"@type\":\"ReadAction\",\"target\":[\"https:\\\/\\\/storax.be\\\/fr\\\/producten\\\/antiderapant\\\/3m-safety-walk\\\/\"]}]},{\"@type\":\"ImageObject\",\"inLanguage\":\"fr-FR\",\"@id\":\"https:\\\/\\\/storax.be\\\/fr\\\/producten\\\/antiderapant\\\/3m-safety-walk\\\/#primaryimage\",\"url\":\"https:\\\/\\\/storax.be\\\/wp-content\\\/uploads\\\/sites\\\/2\\\/2019\\\/04\\\/thumb_470x470_557-img2.jpg\",\"contentUrl\":\"https:\\\/\\\/storax.be\\\/wp-content\\\/uploads\\\/sites\\\/2\\\/2019\\\/04\\\/thumb_470x470_557-img2.jpg\",\"width\":470,\"height\":470},{\"@type\":\"BreadcrumbList\",\"@id\":\"https:\\\/\\\/storax.be\\\/fr\\\/producten\\\/antiderapant\\\/3m-safety-walk\\\/#breadcrumb\",\"itemListElement\":[{\"@type\":\"ListItem\",\"position\":1,\"name\":\"Home\",\"item\":\"https:\\\/\\\/storax.be\\\/fr\\\/\"},{\"@type\":\"ListItem\",\"position\":2,\"name\":\"Producten\",\"item\":\"https:\\\/\\\/storax.be\\\/fr\\\/producten\\\/%product_category%\\\/\"},{\"@type\":\"ListItem\",\"position\":3,\"name\":\"Antid\u00e9rapant\",\"item\":\"https:\\\/\\\/storax.be\\\/fr\\\/producten\\\/antiderapant\\\/\"},{\"@type\":\"ListItem\",\"position\":4,\"name\":\"3M\u2122 Safety-Walk\u2122\"}]},{\"@type\":\"WebSite\",\"@id\":\"https:\\\/\\\/storax.be\\\/fr\\\/#website\",\"url\":\"https:\\\/\\\/storax.be\\\/fr\\\/\",\"name\":\"Storax Belgium\",\"description\":\"Uw betrouwbare partner voor bouwprojecten\",\"potentialAction\":[{\"@type\":\"SearchAction\",\"target\":{\"@type\":\"EntryPoint\",\"urlTemplate\":\"https:\\\/\\\/storax.be\\\/fr\\\/?s={search_term_string}\"},\"query-input\":{\"@type\":\"PropertyValueSpecification\",\"valueRequired\":true,\"valueName\":\"search_term_string\"}}],\"inLanguage\":\"fr-FR\"}]}<\/script>\n<!-- \/ Yoast SEO plugin. -->","yoast_head_json":{"title":"3M\u2122 Safety-Walk\u2122 - Storax Belgium","robots":{"index":"index","follow":"follow","max-snippet":"max-snippet:-1","max-image-preview":"max-image-preview:large","max-video-preview":"max-video-preview:-1"},"canonical":"https:\/\/storax.be\/fr\/producten\/antiderapant\/3m-safety-walk\/","og_locale":"fr_FR","og_type":"article","og_title":"3M\u2122 Safety-Walk\u2122 - Storax Belgium","og_description":"\u00a0 3M\u2122 Safety-Walk\u2122\u00a0est une gamme compl\u00e8te de produits antid\u00e9rapants, sp\u00e9cialement con\u00e7us pour rendre durablement antid\u00e9rapantes les surfaces en b\u00e9ton et en acier.\u00a0 Convient parfaitement aux applications commerciales et industrielles. Safety-Walk\u2122 garantit un environnement de travail et de vie extr\u00eamement s\u00fbr. Safety-Walk\u2122 est disponible dans toutes les formes, tailles et textures antid\u00e9rapantes, de fines \u00e0 grossi\u00e8res.\u2026","og_url":"https:\/\/storax.be\/fr\/producten\/antiderapant\/3m-safety-walk\/","og_site_name":"Storax Belgium","article_modified_time":"2024-05-16T07:38:07+00:00","og_image":[{"width":470,"height":470,"url":"https:\/\/storax.be\/wp-content\/uploads\/sites\/2\/2019\/04\/thumb_470x470_557-img2.jpg","type":"image\/jpeg"}],"twitter_card":"summary_large_image","twitter_misc":{"Dur\u00e9e de lecture estim\u00e9e":"1 minute"},"schema":{"@context":"https:\/\/schema.org","@graph":[{"@type":"WebPage","@id":"https:\/\/storax.be\/fr\/producten\/antiderapant\/3m-safety-walk\/","url":"https:\/\/storax.be\/fr\/producten\/antiderapant\/3m-safety-walk\/","name":"3M\u2122 Safety-Walk\u2122 - Storax Belgium","isPartOf":{"@id":"https:\/\/storax.be\/fr\/#website"},"primaryImageOfPage":{"@id":"https:\/\/storax.be\/fr\/producten\/antiderapant\/3m-safety-walk\/#primaryimage"},"image":{"@id":"https:\/\/storax.be\/fr\/producten\/antiderapant\/3m-safety-walk\/#primaryimage"},"thumbnailUrl":"https:\/\/storax.be\/wp-content\/uploads\/sites\/2\/2019\/04\/thumb_470x470_557-img2.jpg","datePublished":"2022-07-29T07:21:14+00:00","dateModified":"2024-05-16T07:38:07+00:00","breadcrumb":{"@id":"https:\/\/storax.be\/fr\/producten\/antiderapant\/3m-safety-walk\/#breadcrumb"},"inLanguage":"fr-FR","potentialAction":[{"@type":"ReadAction","target":["https:\/\/storax.be\/fr\/producten\/antiderapant\/3m-safety-walk\/"]}]},{"@type":"ImageObject","inLanguage":"fr-FR","@id":"https:\/\/storax.be\/fr\/producten\/antiderapant\/3m-safety-walk\/#primaryimage","url":"https:\/\/storax.be\/wp-content\/uploads\/sites\/2\/2019\/04\/thumb_470x470_557-img2.jpg","contentUrl":"https:\/\/storax.be\/wp-content\/uploads\/sites\/2\/2019\/04\/thumb_470x470_557-img2.jpg","width":470,"height":470},{"@type":"BreadcrumbList","@id":"https:\/\/storax.be\/fr\/producten\/antiderapant\/3m-safety-walk\/#breadcrumb","itemListElement":[{"@type":"ListItem","position":1,"name":"Home","item":"https:\/\/storax.be\/fr\/"},{"@type":"ListItem","position":2,"name":"Producten","item":"https:\/\/storax.be\/fr\/producten\/%product_category%\/"},{"@type":"ListItem","position":3,"name":"Antid\u00e9rapant","item":"https:\/\/storax.be\/fr\/producten\/antiderapant\/"},{"@type":"ListItem","position":4,"name":"3M\u2122 Safety-Walk\u2122"}]},{"@type":"WebSite","@id":"https:\/\/storax.be\/fr\/#website","url":"https:\/\/storax.be\/fr\/","name":"Storax Belgium","description":"Uw betrouwbare partner voor bouwprojecten","potentialAction":[{"@type":"SearchAction","target":{"@type":"EntryPoint","urlTemplate":"https:\/\/storax.be\/fr\/?s={search_term_string}"},"query-input":{"@type":"PropertyValueSpecification","valueRequired":true,"valueName":"search_term_string"}}],"inLanguage":"fr-FR"}]}},"_links":{"self":[{"href":"https:\/\/storax.be\/fr\/wp-json\/wp\/v2\/product\/114883","targetHints":{"allow":["GET"]}}],"collection":[{"href":"https:\/\/storax.be\/fr\/wp-json\/wp\/v2\/product"}],"about":[{"href":"https:\/\/storax.be\/fr\/wp-json\/wp\/v2\/types\/product"}],"wp:featuredmedia":[{"embeddable":true,"href":"https:\/\/storax.be\/fr\/wp-json\/wp\/v2\/media\/110022"}],"wp:attachment":[{"href":"https:\/\/storax.be\/fr\/wp-json\/wp\/v2\/media?parent=114883"}],"wp:term":[{"taxonomy":"product_category","embeddable":true,"href":"https:\/\/storax.be\/fr\/wp-json\/wp\/v2\/product_category?post=114883"},{"taxonomy":"product_tag","embeddable":true,"href":"https:\/\/storax.be\/fr\/wp-json\/wp\/v2\/product_tag?post=114883"}],"curies":[{"name":"wp","href":"https:\/\/api.w.org\/{rel}","templated":true}]}}