{"id":114880,"date":"2022-07-28T08:16:32","date_gmt":"2022-07-28T08:16:32","guid":{"rendered":"https:\/\/storax.be\/?post_type=product&#038;p=114880"},"modified":"2024-05-16T07:38:05","modified_gmt":"2024-05-16T07:38:05","slug":"combi-classic-caoutchouc","status":"publish","type":"product","link":"https:\/\/storax.be\/fr\/producten\/paillassons-dentree\/combi-classic-caoutchouc\/","title":{"rendered":"Combi-Classic Caoutchouc"},"content":{"rendered":"\r\n<h2 style=\"font-size: 1.5em; line-height: 40px; font-weight: 600;\">Paillasson d\u2019entr\u00e9e \u00e0 profil\u00e9 raclant<\/h2>\r\n<p><b> \u00c0 propos de ce produit <\/b><\/p>\r\n<ul>\r\n<li style=\"font-weight: 400;\" aria-level=\"1\"><span style=\"font-weight: 400;\">paillasson d&rsquo;entr\u00e9e enroulable avec insert racleur en caoutchouc<\/span><\/li>\r\n<li style=\"font-weight: 400;\" aria-level=\"1\"><span style=\"font-weight: 400;\">peut \u00eatre utilis\u00e9 \u00e0 l&rsquo;int\u00e9rieur et \u00e0 l&rsquo;ext\u00e9rieur<\/span><\/li>\r\n<li style=\"font-weight: 400;\" aria-level=\"1\"><span style=\"font-weight: 400;\">\u00e9paisseur\u00a0: 12, 17 ou 22\u00a0mm<\/span><\/li>\r\n<li style=\"font-weight: 400;\" aria-level=\"1\"><span style=\"font-weight: 400;\">distance du profil\u00e9\u00a0: 5\u00a0mm<\/span><\/li>\r\n<li style=\"font-weight: 400;\" aria-level=\"1\"><span style=\"font-weight: 400;\">construction robuste avec c\u00e2bles de tension en acier inoxydable<\/span><\/li>\r\n<li style=\"font-weight: 400;\" aria-level=\"1\"><span style=\"font-weight: 400;\">surface s\u00fbre et confortable pour trafic mi-lourd<\/span><\/li>\r\n<li style=\"font-weight: 400;\" aria-level=\"1\"><span style=\"font-weight: 400;\">facile \u00e0 nettoyer<\/span><\/li>\r\n<li style=\"font-weight: 400;\" aria-level=\"1\"><span style=\"font-weight: 400;\">disponible dans toutes les formes souhait\u00e9es<\/span><\/li>\r\n<li style=\"font-weight: 400;\" aria-level=\"1\"><span style=\"font-weight: 400;\">Couleurs\u00a0: voir palette de couleurs <\/span><\/li>\r\n<\/ul>\r\n<p><strong>Mat\u00e9riau\u00a0:<\/strong><\/p>\r\n<ul>\r\n<li style=\"font-weight: 400;\" aria-level=\"1\"><span style=\"font-weight: 400;\">Profil\u00e9s en aluminium\u00a0: aluminium extrud\u00e9 qualit\u00e9 AI.Mg.Si.0,5 (50ST)<\/span><\/li>\r\n<li style=\"font-weight: 400;\" aria-level=\"1\"><span style=\"font-weight: 400;\">profil\u00e9s anodis\u00e9s naturels, noirs ou dor\u00e9s en option<\/span><\/li>\r\n<li style=\"font-weight: 400;\" aria-level=\"1\"><span style=\"font-weight: 400;\">C\u00e2bles de tension\u00a0: acier inoxydable \u00d8 2,5\u00a0mm<\/span><\/li>\r\n<\/ul>\r\n<p><span style=\"font-weight: 400;\"><strong>S\u00e9rie Combi-Classic<\/strong><br \/><\/span><a href=\"https:\/\/storax.be\/fr\/producten\/inkommatten-fr\/combi-classic-moquette\/\"><span style=\"font-weight: 400;\">Combi-Classic Moquette<\/span><\/a> <br \/><a href=\"https:\/\/storax.be\/produits\/tapis-d-entree\/combi-classic-heavy\/\"><span style=\"font-weight: 400;\">Combi-Classic Heavy<\/span><\/a> <br \/><span style=\"font-weight: 400;\">Combi-Classic Caoutchouc <\/span><br \/><a href=\"https:\/\/storax.be\/produits\/tapis-d-entree\/combi-classic-brosse\/\"><span style=\"font-weight: 400;\">Combi-Classic Brosse<\/span><\/a><\/p>\r\n<table style=\"background-color: #edf1f3; border: thin solid #d7e0e3;\" cellspacing=\"0\" cellpadding=\"0\">\r\n<tbody>\r\n<tr>\r\n<td style=\"text-align: left; vertical-align: top; padding: 10px;\">\r\n<table style=\"background-color: #edf1f3; border: thin solid #d7e0e3;\" cellspacing=\"0\" cellpadding=\"0\">\r\n<tbody>\r\n<tr>\r\n<td style=\"text-align: left; vertical-align: top; padding: 10px;\">\r\n<table>\r\n<tbody>\r\n<tr>\r\n<td style=\"text-align: left; font-size: 14px; vertical-align: middle; width: 70%;\"><strong>Storax livre et installe Inkommats \u00e0 des prix tr\u00e8s comp\u00e9titifs ! Veuillez envoyer un e-mail \u00e0 <a href=\"mailto:storax@storax.be?subject=Informatie Inkommatten\">storax@storax.be<\/a>\u00a0 contacter l&rsquo;une des personnes ci-dessous pour obtenir un devis sans engagement.<\/strong><\/td>\r\n<\/tr>\r\n<\/tbody>\r\n<\/table>\r\n<\/td>\r\n<\/tr>\r\n<\/tbody>\r\n<\/table>\r\n<\/td>\r\n<\/tr>\r\n<\/tbody>\r\n<\/table>\r\n","protected":false},"excerpt":{"rendered":"<p>Paillasson d\u2019entr\u00e9e \u00e0 profil\u00e9 raclant \u00c0 propos de ce produit paillasson d&rsquo;entr\u00e9e enroulable avec insert racleur en caoutchouc peut \u00eatre utilis\u00e9 \u00e0 l&rsquo;int\u00e9rieur et \u00e0 l&rsquo;ext\u00e9rieur \u00e9paisseur\u00a0: 12, 17 ou 22\u00a0mm distance du profil\u00e9\u00a0: 5\u00a0mm construction robuste avec c\u00e2bles de tension en acier inoxydable surface s\u00fbre et confortable pour trafic mi-lourd facile \u00e0 nettoyer disponible\u2026<\/p>\n","protected":false},"featured_media":110957,"template":"","meta":{"_acf_changed":false},"product_category":[758],"product_tag":[425,427,436,444,449,488,493,526,537,538,546,552],"class_list":["post-114880","product","type-product","status-publish","has-post-thumbnail","hentry","product_category-paillassons-dentree","product_tag-10-mm-fr","product_tag-12-mm-fr","product_tag-17-mm-fr","product_tag-22-mm-fr","product_tag-27-mm-fr","product_tag-binnen-fr","product_tag-buiten-fr","product_tag-middel-loopverkeer-fr","product_tag-open-mat-fr","product_tag-oprolbaar-fr","product_tag-rolstoelen-fr","product_tag-schrapen-fr"],"acf":[],"yoast_head":"<!-- This site is optimized with the Yoast SEO plugin v27.3 - https:\/\/yoast.com\/product\/yoast-seo-wordpress\/ -->\n<title>Combi-Classic Caoutchouc - Storax Belgium<\/title>\n<meta name=\"robots\" content=\"index, follow, max-snippet:-1, max-image-preview:large, max-video-preview:-1\" \/>\n<link rel=\"canonical\" href=\"https:\/\/storax.be\/fr\/producten\/paillassons-dentree\/combi-classic-caoutchouc\/\" \/>\n<meta property=\"og:locale\" content=\"fr_FR\" \/>\n<meta property=\"og:type\" content=\"article\" \/>\n<meta property=\"og:title\" content=\"Combi-Classic Caoutchouc - Storax Belgium\" \/>\n<meta property=\"og:description\" content=\"Paillasson d\u2019entr\u00e9e \u00e0 profil\u00e9 raclant \u00c0 propos de ce produit paillasson d&rsquo;entr\u00e9e enroulable avec insert racleur en caoutchouc peut \u00eatre utilis\u00e9 \u00e0 l&rsquo;int\u00e9rieur et \u00e0 l&rsquo;ext\u00e9rieur \u00e9paisseur\u00a0: 12, 17 ou 22\u00a0mm distance du profil\u00e9\u00a0: 5\u00a0mm construction robuste avec c\u00e2bles de tension en acier inoxydable surface s\u00fbre et confortable pour trafic mi-lourd facile \u00e0 nettoyer disponible\u2026\" \/>\n<meta property=\"og:url\" content=\"https:\/\/storax.be\/fr\/producten\/paillassons-dentree\/combi-classic-caoutchouc\/\" \/>\n<meta property=\"og:site_name\" content=\"Storax Belgium\" \/>\n<meta property=\"article:modified_time\" content=\"2024-05-16T07:38:05+00:00\" \/>\n<meta property=\"og:image\" content=\"https:\/\/storax.be\/wp-content\/uploads\/sites\/2\/2021\/05\/Combi-Classic-rubber.jpg\" \/>\n\t<meta property=\"og:image:width\" content=\"470\" \/>\n\t<meta property=\"og:image:height\" content=\"470\" \/>\n\t<meta property=\"og:image:type\" content=\"image\/jpeg\" \/>\n<meta name=\"twitter:card\" content=\"summary_large_image\" \/>\n<meta name=\"twitter:label1\" content=\"Dur\u00e9e de lecture estim\u00e9e\" \/>\n\t<meta name=\"twitter:data1\" content=\"1 minute\" \/>\n<script type=\"application\/ld+json\" class=\"yoast-schema-graph\">{\"@context\":\"https:\\\/\\\/schema.org\",\"@graph\":[{\"@type\":\"WebPage\",\"@id\":\"https:\\\/\\\/storax.be\\\/fr\\\/producten\\\/paillassons-dentree\\\/combi-classic-caoutchouc\\\/\",\"url\":\"https:\\\/\\\/storax.be\\\/fr\\\/producten\\\/paillassons-dentree\\\/combi-classic-caoutchouc\\\/\",\"name\":\"Combi-Classic Caoutchouc - Storax Belgium\",\"isPartOf\":{\"@id\":\"https:\\\/\\\/storax.be\\\/fr\\\/#website\"},\"primaryImageOfPage\":{\"@id\":\"https:\\\/\\\/storax.be\\\/fr\\\/producten\\\/paillassons-dentree\\\/combi-classic-caoutchouc\\\/#primaryimage\"},\"image\":{\"@id\":\"https:\\\/\\\/storax.be\\\/fr\\\/producten\\\/paillassons-dentree\\\/combi-classic-caoutchouc\\\/#primaryimage\"},\"thumbnailUrl\":\"https:\\\/\\\/storax.be\\\/wp-content\\\/uploads\\\/sites\\\/2\\\/2021\\\/05\\\/Combi-Classic-rubber.jpg\",\"datePublished\":\"2022-07-28T08:16:32+00:00\",\"dateModified\":\"2024-05-16T07:38:05+00:00\",\"breadcrumb\":{\"@id\":\"https:\\\/\\\/storax.be\\\/fr\\\/producten\\\/paillassons-dentree\\\/combi-classic-caoutchouc\\\/#breadcrumb\"},\"inLanguage\":\"fr-FR\",\"potentialAction\":[{\"@type\":\"ReadAction\",\"target\":[\"https:\\\/\\\/storax.be\\\/fr\\\/producten\\\/paillassons-dentree\\\/combi-classic-caoutchouc\\\/\"]}]},{\"@type\":\"ImageObject\",\"inLanguage\":\"fr-FR\",\"@id\":\"https:\\\/\\\/storax.be\\\/fr\\\/producten\\\/paillassons-dentree\\\/combi-classic-caoutchouc\\\/#primaryimage\",\"url\":\"https:\\\/\\\/storax.be\\\/wp-content\\\/uploads\\\/sites\\\/2\\\/2021\\\/05\\\/Combi-Classic-rubber.jpg\",\"contentUrl\":\"https:\\\/\\\/storax.be\\\/wp-content\\\/uploads\\\/sites\\\/2\\\/2021\\\/05\\\/Combi-Classic-rubber.jpg\",\"width\":470,\"height\":470},{\"@type\":\"BreadcrumbList\",\"@id\":\"https:\\\/\\\/storax.be\\\/fr\\\/producten\\\/paillassons-dentree\\\/combi-classic-caoutchouc\\\/#breadcrumb\",\"itemListElement\":[{\"@type\":\"ListItem\",\"position\":1,\"name\":\"Home\",\"item\":\"https:\\\/\\\/storax.be\\\/fr\\\/\"},{\"@type\":\"ListItem\",\"position\":2,\"name\":\"Producten\",\"item\":\"https:\\\/\\\/storax.be\\\/fr\\\/producten\\\/%product_category%\\\/\"},{\"@type\":\"ListItem\",\"position\":3,\"name\":\"Paillassons d'entr\u00e9e\",\"item\":\"https:\\\/\\\/storax.be\\\/fr\\\/producten\\\/paillassons-dentree\\\/\"},{\"@type\":\"ListItem\",\"position\":4,\"name\":\"Combi-Classic Caoutchouc\"}]},{\"@type\":\"WebSite\",\"@id\":\"https:\\\/\\\/storax.be\\\/fr\\\/#website\",\"url\":\"https:\\\/\\\/storax.be\\\/fr\\\/\",\"name\":\"Storax Belgium\",\"description\":\"Uw betrouwbare partner voor bouwprojecten\",\"potentialAction\":[{\"@type\":\"SearchAction\",\"target\":{\"@type\":\"EntryPoint\",\"urlTemplate\":\"https:\\\/\\\/storax.be\\\/fr\\\/?s={search_term_string}\"},\"query-input\":{\"@type\":\"PropertyValueSpecification\",\"valueRequired\":true,\"valueName\":\"search_term_string\"}}],\"inLanguage\":\"fr-FR\"}]}<\/script>\n<!-- \/ Yoast SEO plugin. -->","yoast_head_json":{"title":"Combi-Classic Caoutchouc - Storax Belgium","robots":{"index":"index","follow":"follow","max-snippet":"max-snippet:-1","max-image-preview":"max-image-preview:large","max-video-preview":"max-video-preview:-1"},"canonical":"https:\/\/storax.be\/fr\/producten\/paillassons-dentree\/combi-classic-caoutchouc\/","og_locale":"fr_FR","og_type":"article","og_title":"Combi-Classic Caoutchouc - Storax Belgium","og_description":"Paillasson d\u2019entr\u00e9e \u00e0 profil\u00e9 raclant \u00c0 propos de ce produit paillasson d&rsquo;entr\u00e9e enroulable avec insert racleur en caoutchouc peut \u00eatre utilis\u00e9 \u00e0 l&rsquo;int\u00e9rieur et \u00e0 l&rsquo;ext\u00e9rieur \u00e9paisseur\u00a0: 12, 17 ou 22\u00a0mm distance du profil\u00e9\u00a0: 5\u00a0mm construction robuste avec c\u00e2bles de tension en acier inoxydable surface s\u00fbre et confortable pour trafic mi-lourd facile \u00e0 nettoyer disponible\u2026","og_url":"https:\/\/storax.be\/fr\/producten\/paillassons-dentree\/combi-classic-caoutchouc\/","og_site_name":"Storax Belgium","article_modified_time":"2024-05-16T07:38:05+00:00","og_image":[{"width":470,"height":470,"url":"https:\/\/storax.be\/wp-content\/uploads\/sites\/2\/2021\/05\/Combi-Classic-rubber.jpg","type":"image\/jpeg"}],"twitter_card":"summary_large_image","twitter_misc":{"Dur\u00e9e de lecture estim\u00e9e":"1 minute"},"schema":{"@context":"https:\/\/schema.org","@graph":[{"@type":"WebPage","@id":"https:\/\/storax.be\/fr\/producten\/paillassons-dentree\/combi-classic-caoutchouc\/","url":"https:\/\/storax.be\/fr\/producten\/paillassons-dentree\/combi-classic-caoutchouc\/","name":"Combi-Classic Caoutchouc - Storax Belgium","isPartOf":{"@id":"https:\/\/storax.be\/fr\/#website"},"primaryImageOfPage":{"@id":"https:\/\/storax.be\/fr\/producten\/paillassons-dentree\/combi-classic-caoutchouc\/#primaryimage"},"image":{"@id":"https:\/\/storax.be\/fr\/producten\/paillassons-dentree\/combi-classic-caoutchouc\/#primaryimage"},"thumbnailUrl":"https:\/\/storax.be\/wp-content\/uploads\/sites\/2\/2021\/05\/Combi-Classic-rubber.jpg","datePublished":"2022-07-28T08:16:32+00:00","dateModified":"2024-05-16T07:38:05+00:00","breadcrumb":{"@id":"https:\/\/storax.be\/fr\/producten\/paillassons-dentree\/combi-classic-caoutchouc\/#breadcrumb"},"inLanguage":"fr-FR","potentialAction":[{"@type":"ReadAction","target":["https:\/\/storax.be\/fr\/producten\/paillassons-dentree\/combi-classic-caoutchouc\/"]}]},{"@type":"ImageObject","inLanguage":"fr-FR","@id":"https:\/\/storax.be\/fr\/producten\/paillassons-dentree\/combi-classic-caoutchouc\/#primaryimage","url":"https:\/\/storax.be\/wp-content\/uploads\/sites\/2\/2021\/05\/Combi-Classic-rubber.jpg","contentUrl":"https:\/\/storax.be\/wp-content\/uploads\/sites\/2\/2021\/05\/Combi-Classic-rubber.jpg","width":470,"height":470},{"@type":"BreadcrumbList","@id":"https:\/\/storax.be\/fr\/producten\/paillassons-dentree\/combi-classic-caoutchouc\/#breadcrumb","itemListElement":[{"@type":"ListItem","position":1,"name":"Home","item":"https:\/\/storax.be\/fr\/"},{"@type":"ListItem","position":2,"name":"Producten","item":"https:\/\/storax.be\/fr\/producten\/%product_category%\/"},{"@type":"ListItem","position":3,"name":"Paillassons d'entr\u00e9e","item":"https:\/\/storax.be\/fr\/producten\/paillassons-dentree\/"},{"@type":"ListItem","position":4,"name":"Combi-Classic Caoutchouc"}]},{"@type":"WebSite","@id":"https:\/\/storax.be\/fr\/#website","url":"https:\/\/storax.be\/fr\/","name":"Storax Belgium","description":"Uw betrouwbare partner voor bouwprojecten","potentialAction":[{"@type":"SearchAction","target":{"@type":"EntryPoint","urlTemplate":"https:\/\/storax.be\/fr\/?s={search_term_string}"},"query-input":{"@type":"PropertyValueSpecification","valueRequired":true,"valueName":"search_term_string"}}],"inLanguage":"fr-FR"}]}},"_links":{"self":[{"href":"https:\/\/storax.be\/fr\/wp-json\/wp\/v2\/product\/114880","targetHints":{"allow":["GET"]}}],"collection":[{"href":"https:\/\/storax.be\/fr\/wp-json\/wp\/v2\/product"}],"about":[{"href":"https:\/\/storax.be\/fr\/wp-json\/wp\/v2\/types\/product"}],"wp:featuredmedia":[{"embeddable":true,"href":"https:\/\/storax.be\/fr\/wp-json\/wp\/v2\/media\/110957"}],"wp:attachment":[{"href":"https:\/\/storax.be\/fr\/wp-json\/wp\/v2\/media?parent=114880"}],"wp:term":[{"taxonomy":"product_category","embeddable":true,"href":"https:\/\/storax.be\/fr\/wp-json\/wp\/v2\/product_category?post=114880"},{"taxonomy":"product_tag","embeddable":true,"href":"https:\/\/storax.be\/fr\/wp-json\/wp\/v2\/product_tag?post=114880"}],"curies":[{"name":"wp","href":"https:\/\/api.w.org\/{rel}","templated":true}]}}