{"id":114870,"date":"2022-07-26T15:09:01","date_gmt":"2022-07-26T15:09:01","guid":{"rendered":"https:\/\/storax.be\/?post_type=product&#038;p=114870"},"modified":"2024-05-16T07:38:04","modified_gmt":"2024-05-16T07:38:04","slug":"et-e-encastre","status":"publish","type":"product","link":"https:\/\/storax.be\/fr\/producten\/inbouw-inox-fr\/et-e-encastre\/","title":{"rendered":"ET-E encastr\u00e9"},"content":{"rendered":"<h2><strong>Corni\u00e8res arrondies avec profil\u00e9 d&rsquo;ancrage pr\u00e9-perc\u00e9 pour encastrement dans les cloisons <\/strong><\/h2>\n<p><strong>\u00c0 propos de ce produit\u00a0:<\/strong><\/p>\n<ul>\n<li style=\"font-weight: 400;\" aria-level=\"1\"><span style=\"font-weight: 400;\">Rayon du profil\u00e9 encastr\u00e9 de 3\u00a0mm pour les cloisons s\u00e8ches<\/span><\/li>\n<li style=\"font-weight: 400;\" aria-level=\"1\"><span style=\"font-weight: 400;\">Qualit\u00e9 INOX AiSi 304, finition de surface mate grain 240 et munie d&rsquo;un film de protection \u00e0 retirer apr\u00e8s la pose<\/span><\/li>\n<li style=\"font-weight: 400;\" aria-level=\"1\"><span style=\"font-weight: 400;\">\u00c9paisseur\u00a0: 1\u00a0mm<\/span><\/li>\n<li style=\"font-weight: 400;\" aria-level=\"1\"><span style=\"font-weight: 400;\">entraxe \u00d8\u00a06\u00a0mm 250\u00a0mm pour les vis \u00e0 cloison s\u00e8che de 4,5\u00a0mm<\/span><\/li>\n<li style=\"font-weight: 400;\" aria-level=\"1\"><span style=\"font-weight: 400;\">Hauteurs d&rsquo;encastrement\u00a0: 9,5 ou 12,5*\u00a0mm<\/span><\/li>\n<li style=\"font-weight: 400;\" aria-level=\"1\"><span style=\"font-weight: 400;\">Longueurs standard\u00a0: 1\u00a0m \u2013 1,25\u00a0m \u2013 1,50\u00a0m \u2013 2\u00a0m \u2013 2,50\u00a0m \u2013 3\u00a0m<\/span><\/li>\n<\/ul>\n<p><strong>*Hauteur d&rsquo;encastrement 12,5\u00a0mm impossible pour Type E2553-ET-E<\/strong><\/p>\n<p><strong>Dimensions standard\u00a0:<\/strong><\/p>\n<table style=\"width: 100%;\" cellspacing=\"0\">\n<tbody>\n<tr>\n<td style=\"font-size: 14px; height: 40px; text-align: left; padding-left: 10px; vertical-align: middle; border-width: thin;\"><span style=\"color: #000000;\"><b>Type<\/b><\/span><\/td>\n<td style=\"font-size: 14px; height: 40px; text-align: left; padding-left: 10px; vertical-align: middle; border-right-width: thin; border-bottom-width: thin;\" align=\"left\"><b><span style=\"color: #000000;\">Afmeting<\/span><\/b><\/td>\n<\/tr>\n<tr>\n<td style=\"font-size: 14px; height: 40px; text-align: left; padding-left: 10px; vertical-align: middle;\"><b>E2553-ET-E<br \/>\n<\/b><\/td>\n<td style=\"font-size: 14px; height: 40px; text-align: left; vertical-align: middle;\">\u00a0 25 x 25 mm<\/td>\n<\/tr>\n<tr>\n<td style=\"font-size: 14px; height: 40px; text-align: left; padding-left: 10px; vertical-align: middle;\"><b>E3053-ET-E<br \/>\n<\/b><\/td>\n<td style=\"font-size: 14px; height: 40px; text-align: left; vertical-align: middle; border-left-width: thin;\">\u00a0 30 x 30 mm<\/td>\n<\/tr>\n<tr>\n<td style=\"font-size: 14px; height: 40px; text-align: left; vertical-align: middle; border-right-width: thin;\">\u00a0 <b>E4053-ET-E<\/b><\/td>\n<td style=\"font-size: 14px; height: 40px; text-align: left; vertical-align: middle;\">\u00a0 40 x 40 mm<\/td>\n<\/tr>\n<tr>\n<td style=\"font-size: 14px; height: 40px; text-align: left; padding-left: 10px; vertical-align: middle;\"><b>E5053-ET-E<\/b><\/td>\n<td style=\"font-size: 14px; height: 40px; text-align: left; vertical-align: middle; border-left-width: thin;\">\u00a0 50 x 50 mm<\/td>\n<\/tr>\n<tr>\n<td style=\"font-size: 14px; height: 40px; text-align: left; vertical-align: middle; border-right-width: thin;\">\u00a0 <b>E6053-ET-E<\/b><\/td>\n<td style=\"font-size: 14px; height: 40px; text-align: left; vertical-align: middle;\">\u00a0 60 x 60 mm<\/td>\n<\/tr>\n<\/tbody>\n<\/table>\n<p>&nbsp;<\/p>\n<p><strong>D&rsquo;autres versions sont disponibles sur demande.<\/strong><\/p>\n","protected":false},"excerpt":{"rendered":"<p>Corni\u00e8res arrondies avec profil\u00e9 d&rsquo;ancrage pr\u00e9-perc\u00e9 pour encastrement dans les cloisons \u00c0 propos de ce produit\u00a0: Rayon du profil\u00e9 encastr\u00e9 de 3\u00a0mm pour les cloisons s\u00e8ches Qualit\u00e9 INOX AiSi 304, finition de surface mate grain 240 et munie d&rsquo;un film de protection \u00e0 retirer apr\u00e8s la pose \u00c9paisseur\u00a0: 1\u00a0mm entraxe \u00d8\u00a06\u00a0mm 250\u00a0mm pour les vis\u2026<\/p>\n","protected":false},"featured_media":106622,"template":"","meta":{"_acf_changed":false},"product_category":[597,598],"product_tag":[447,455,459,464,467,474,513,545],"class_list":["post-114870","product","type-product","status-publish","has-post-thumbnail","hentry","product_category-cornieres","product_category-inbouw-inox-fr","product_tag-25-x-25-mm-fr","product_tag-30-x-30-mm-fr","product_tag-40-x-40-mm-fr","product_tag-50-x-50-mm-fr","product_tag-60-x-60-mm-fr","product_tag-90-graden-fr","product_tag-inbouw-fr","product_tag-roestvaststaal-fr"],"acf":[],"yoast_head":"<!-- This site is optimized with the Yoast SEO plugin v27.3 - https:\/\/yoast.com\/product\/yoast-seo-wordpress\/ -->\n<title>ET-E encastr\u00e9 - Storax Belgium<\/title>\n<meta name=\"robots\" content=\"index, follow, max-snippet:-1, max-image-preview:large, max-video-preview:-1\" \/>\n<link rel=\"canonical\" href=\"https:\/\/storax.be\/fr\/producten\/inbouw-inox-fr\/et-e-encastre\/\" \/>\n<meta property=\"og:locale\" content=\"fr_FR\" \/>\n<meta property=\"og:type\" content=\"article\" \/>\n<meta property=\"og:title\" content=\"ET-E encastr\u00e9 - Storax Belgium\" \/>\n<meta property=\"og:description\" content=\"Corni\u00e8res arrondies avec profil\u00e9 d&rsquo;ancrage pr\u00e9-perc\u00e9 pour encastrement dans les cloisons \u00c0 propos de ce produit\u00a0: Rayon du profil\u00e9 encastr\u00e9 de 3\u00a0mm pour les cloisons s\u00e8ches Qualit\u00e9 INOX AiSi 304, finition de surface mate grain 240 et munie d&rsquo;un film de protection \u00e0 retirer apr\u00e8s la pose \u00c9paisseur\u00a0: 1\u00a0mm entraxe \u00d8\u00a06\u00a0mm 250\u00a0mm pour les vis\u2026\" \/>\n<meta property=\"og:url\" content=\"https:\/\/storax.be\/fr\/producten\/inbouw-inox-fr\/et-e-encastre\/\" \/>\n<meta property=\"og:site_name\" content=\"Storax Belgium\" \/>\n<meta property=\"article:modified_time\" content=\"2024-05-16T07:38:04+00:00\" \/>\n<meta property=\"og:image\" content=\"https:\/\/storax.be\/wp-content\/uploads\/sites\/2\/2019\/03\/thumb_270x270_329.jpg\" \/>\n\t<meta property=\"og:image:width\" content=\"270\" \/>\n\t<meta property=\"og:image:height\" content=\"270\" \/>\n\t<meta property=\"og:image:type\" content=\"image\/jpeg\" \/>\n<meta name=\"twitter:card\" content=\"summary_large_image\" \/>\n<meta name=\"twitter:label1\" content=\"Dur\u00e9e de lecture estim\u00e9e\" \/>\n\t<meta name=\"twitter:data1\" content=\"1 minute\" \/>\n<script type=\"application\/ld+json\" class=\"yoast-schema-graph\">{\"@context\":\"https:\\\/\\\/schema.org\",\"@graph\":[{\"@type\":\"WebPage\",\"@id\":\"https:\\\/\\\/storax.be\\\/fr\\\/producten\\\/inbouw-inox-fr\\\/et-e-encastre\\\/\",\"url\":\"https:\\\/\\\/storax.be\\\/fr\\\/producten\\\/inbouw-inox-fr\\\/et-e-encastre\\\/\",\"name\":\"ET-E encastr\u00e9 - Storax Belgium\",\"isPartOf\":{\"@id\":\"https:\\\/\\\/storax.be\\\/fr\\\/#website\"},\"primaryImageOfPage\":{\"@id\":\"https:\\\/\\\/storax.be\\\/fr\\\/producten\\\/inbouw-inox-fr\\\/et-e-encastre\\\/#primaryimage\"},\"image\":{\"@id\":\"https:\\\/\\\/storax.be\\\/fr\\\/producten\\\/inbouw-inox-fr\\\/et-e-encastre\\\/#primaryimage\"},\"thumbnailUrl\":\"https:\\\/\\\/storax.be\\\/wp-content\\\/uploads\\\/sites\\\/2\\\/2019\\\/03\\\/thumb_270x270_329.jpg\",\"datePublished\":\"2022-07-26T15:09:01+00:00\",\"dateModified\":\"2024-05-16T07:38:04+00:00\",\"breadcrumb\":{\"@id\":\"https:\\\/\\\/storax.be\\\/fr\\\/producten\\\/inbouw-inox-fr\\\/et-e-encastre\\\/#breadcrumb\"},\"inLanguage\":\"fr-FR\",\"potentialAction\":[{\"@type\":\"ReadAction\",\"target\":[\"https:\\\/\\\/storax.be\\\/fr\\\/producten\\\/inbouw-inox-fr\\\/et-e-encastre\\\/\"]}]},{\"@type\":\"ImageObject\",\"inLanguage\":\"fr-FR\",\"@id\":\"https:\\\/\\\/storax.be\\\/fr\\\/producten\\\/inbouw-inox-fr\\\/et-e-encastre\\\/#primaryimage\",\"url\":\"https:\\\/\\\/storax.be\\\/wp-content\\\/uploads\\\/sites\\\/2\\\/2019\\\/03\\\/thumb_270x270_329.jpg\",\"contentUrl\":\"https:\\\/\\\/storax.be\\\/wp-content\\\/uploads\\\/sites\\\/2\\\/2019\\\/03\\\/thumb_270x270_329.jpg\",\"width\":270,\"height\":270},{\"@type\":\"BreadcrumbList\",\"@id\":\"https:\\\/\\\/storax.be\\\/fr\\\/producten\\\/inbouw-inox-fr\\\/et-e-encastre\\\/#breadcrumb\",\"itemListElement\":[{\"@type\":\"ListItem\",\"position\":1,\"name\":\"Home\",\"item\":\"https:\\\/\\\/storax.be\\\/fr\\\/\"},{\"@type\":\"ListItem\",\"position\":2,\"name\":\"Producten\",\"item\":\"https:\\\/\\\/storax.be\\\/fr\\\/producten\\\/%product_category%\\\/\"},{\"@type\":\"ListItem\",\"position\":3,\"name\":\"Corni\u00e8res\",\"item\":\"https:\\\/\\\/storax.be\\\/fr\\\/producten\\\/cornieres\\\/\"},{\"@type\":\"ListItem\",\"position\":4,\"name\":\"INOX int\u00e9gr\u00e9\",\"item\":\"https:\\\/\\\/storax.be\\\/fr\\\/producten\\\/inbouw-inox-fr\\\/\"},{\"@type\":\"ListItem\",\"position\":5,\"name\":\"ET-E encastr\u00e9\"}]},{\"@type\":\"WebSite\",\"@id\":\"https:\\\/\\\/storax.be\\\/fr\\\/#website\",\"url\":\"https:\\\/\\\/storax.be\\\/fr\\\/\",\"name\":\"Storax Belgium\",\"description\":\"Uw betrouwbare partner voor bouwprojecten\",\"potentialAction\":[{\"@type\":\"SearchAction\",\"target\":{\"@type\":\"EntryPoint\",\"urlTemplate\":\"https:\\\/\\\/storax.be\\\/fr\\\/?s={search_term_string}\"},\"query-input\":{\"@type\":\"PropertyValueSpecification\",\"valueRequired\":true,\"valueName\":\"search_term_string\"}}],\"inLanguage\":\"fr-FR\"}]}<\/script>\n<!-- \/ Yoast SEO plugin. -->","yoast_head_json":{"title":"ET-E encastr\u00e9 - Storax Belgium","robots":{"index":"index","follow":"follow","max-snippet":"max-snippet:-1","max-image-preview":"max-image-preview:large","max-video-preview":"max-video-preview:-1"},"canonical":"https:\/\/storax.be\/fr\/producten\/inbouw-inox-fr\/et-e-encastre\/","og_locale":"fr_FR","og_type":"article","og_title":"ET-E encastr\u00e9 - Storax Belgium","og_description":"Corni\u00e8res arrondies avec profil\u00e9 d&rsquo;ancrage pr\u00e9-perc\u00e9 pour encastrement dans les cloisons \u00c0 propos de ce produit\u00a0: Rayon du profil\u00e9 encastr\u00e9 de 3\u00a0mm pour les cloisons s\u00e8ches Qualit\u00e9 INOX AiSi 304, finition de surface mate grain 240 et munie d&rsquo;un film de protection \u00e0 retirer apr\u00e8s la pose \u00c9paisseur\u00a0: 1\u00a0mm entraxe \u00d8\u00a06\u00a0mm 250\u00a0mm pour les vis\u2026","og_url":"https:\/\/storax.be\/fr\/producten\/inbouw-inox-fr\/et-e-encastre\/","og_site_name":"Storax Belgium","article_modified_time":"2024-05-16T07:38:04+00:00","og_image":[{"width":270,"height":270,"url":"https:\/\/storax.be\/wp-content\/uploads\/sites\/2\/2019\/03\/thumb_270x270_329.jpg","type":"image\/jpeg"}],"twitter_card":"summary_large_image","twitter_misc":{"Dur\u00e9e de lecture estim\u00e9e":"1 minute"},"schema":{"@context":"https:\/\/schema.org","@graph":[{"@type":"WebPage","@id":"https:\/\/storax.be\/fr\/producten\/inbouw-inox-fr\/et-e-encastre\/","url":"https:\/\/storax.be\/fr\/producten\/inbouw-inox-fr\/et-e-encastre\/","name":"ET-E encastr\u00e9 - Storax Belgium","isPartOf":{"@id":"https:\/\/storax.be\/fr\/#website"},"primaryImageOfPage":{"@id":"https:\/\/storax.be\/fr\/producten\/inbouw-inox-fr\/et-e-encastre\/#primaryimage"},"image":{"@id":"https:\/\/storax.be\/fr\/producten\/inbouw-inox-fr\/et-e-encastre\/#primaryimage"},"thumbnailUrl":"https:\/\/storax.be\/wp-content\/uploads\/sites\/2\/2019\/03\/thumb_270x270_329.jpg","datePublished":"2022-07-26T15:09:01+00:00","dateModified":"2024-05-16T07:38:04+00:00","breadcrumb":{"@id":"https:\/\/storax.be\/fr\/producten\/inbouw-inox-fr\/et-e-encastre\/#breadcrumb"},"inLanguage":"fr-FR","potentialAction":[{"@type":"ReadAction","target":["https:\/\/storax.be\/fr\/producten\/inbouw-inox-fr\/et-e-encastre\/"]}]},{"@type":"ImageObject","inLanguage":"fr-FR","@id":"https:\/\/storax.be\/fr\/producten\/inbouw-inox-fr\/et-e-encastre\/#primaryimage","url":"https:\/\/storax.be\/wp-content\/uploads\/sites\/2\/2019\/03\/thumb_270x270_329.jpg","contentUrl":"https:\/\/storax.be\/wp-content\/uploads\/sites\/2\/2019\/03\/thumb_270x270_329.jpg","width":270,"height":270},{"@type":"BreadcrumbList","@id":"https:\/\/storax.be\/fr\/producten\/inbouw-inox-fr\/et-e-encastre\/#breadcrumb","itemListElement":[{"@type":"ListItem","position":1,"name":"Home","item":"https:\/\/storax.be\/fr\/"},{"@type":"ListItem","position":2,"name":"Producten","item":"https:\/\/storax.be\/fr\/producten\/%product_category%\/"},{"@type":"ListItem","position":3,"name":"Corni\u00e8res","item":"https:\/\/storax.be\/fr\/producten\/cornieres\/"},{"@type":"ListItem","position":4,"name":"INOX int\u00e9gr\u00e9","item":"https:\/\/storax.be\/fr\/producten\/inbouw-inox-fr\/"},{"@type":"ListItem","position":5,"name":"ET-E encastr\u00e9"}]},{"@type":"WebSite","@id":"https:\/\/storax.be\/fr\/#website","url":"https:\/\/storax.be\/fr\/","name":"Storax Belgium","description":"Uw betrouwbare partner voor bouwprojecten","potentialAction":[{"@type":"SearchAction","target":{"@type":"EntryPoint","urlTemplate":"https:\/\/storax.be\/fr\/?s={search_term_string}"},"query-input":{"@type":"PropertyValueSpecification","valueRequired":true,"valueName":"search_term_string"}}],"inLanguage":"fr-FR"}]}},"_links":{"self":[{"href":"https:\/\/storax.be\/fr\/wp-json\/wp\/v2\/product\/114870","targetHints":{"allow":["GET"]}}],"collection":[{"href":"https:\/\/storax.be\/fr\/wp-json\/wp\/v2\/product"}],"about":[{"href":"https:\/\/storax.be\/fr\/wp-json\/wp\/v2\/types\/product"}],"wp:featuredmedia":[{"embeddable":true,"href":"https:\/\/storax.be\/fr\/wp-json\/wp\/v2\/media\/106622"}],"wp:attachment":[{"href":"https:\/\/storax.be\/fr\/wp-json\/wp\/v2\/media?parent=114870"}],"wp:term":[{"taxonomy":"product_category","embeddable":true,"href":"https:\/\/storax.be\/fr\/wp-json\/wp\/v2\/product_category?post=114870"},{"taxonomy":"product_tag","embeddable":true,"href":"https:\/\/storax.be\/fr\/wp-json\/wp\/v2\/product_tag?post=114870"}],"curies":[{"name":"wp","href":"https:\/\/api.w.org\/{rel}","templated":true}]}}