{"id":114867,"date":"2022-07-26T13:51:15","date_gmt":"2022-07-26T13:51:15","guid":{"rendered":"https:\/\/storax.be\/?post_type=product&#038;p=114867"},"modified":"2024-05-16T07:38:04","modified_gmt":"2024-05-16T07:38:04","slug":"inox-non-perce","status":"publish","type":"product","link":"https:\/\/storax.be\/fr\/producten\/ongeboord-inox-fr\/inox-non-perce\/","title":{"rendered":"INOX (non) perc\u00e9"},"content":{"rendered":"<h2 style=\"line-height: 32px; font-size: 1.5em; font-weight: 600; margin-top: 10px;\">Corni\u00e8res sp\u00e9ciales, avec ou sans trous frais\u00e9s<\/h2>\n<p><strong>\u00c0 propos de ce produit :<\/strong><b><\/b><b><\/b><\/p>\n<ul>\n<li>rayon de corni\u00e8re\u00a0: 3\u00a0mm<\/li>\n<li style=\"font-weight: 400;\" aria-level=\"1\"><span style=\"font-weight: 400;\">Qualit\u00e9 INOX AiSi 304 avec surface mate munie d&rsquo;un film de protection \u00e0 retirer apr\u00e8s la pose<\/span><\/li>\n<li style=\"font-weight: 400;\" aria-level=\"1\"><span style=\"font-weight: 400;\">\u00e9paisseur\u00a0: 1,5\u00a0mm<\/span><\/li>\n<li style=\"font-weight: 400;\" aria-level=\"1\"><span style=\"font-weight: 400;\">longueurs standard\u00a0: 1\u00a0m \u2013 1,25\u00a0m \u2013 1,50\u00a0m \u2013 2\u00a0m \u2013 2,50\u00a0m \u2013 3\u00a0m<\/span><\/li>\n<\/ul>\n<p><strong>Dimensions standard\u00a0:<\/strong><\/p>\n<table style=\"border-color: #000000; width: 100%;\" cellspacing=\"0\">\n<tbody>\n<tr>\n<td style=\"border-width: thin; border-color: #dbe5f1; height: 40px; text-align: left; padding-left: 10px; font-size: 14px; vertical-align: middle; border-top-style: solid; border-bottom-style: solid; border-left-style: solid; background-color: #009ee2;\"><span style=\"color: #ffffff;\"><b>Type<\/b><\/span><\/td>\n<td style=\"border-color: #dbe5f1; height: 40px; text-align: left; padding-left: 10px; font-size: 14px; vertical-align: middle; border-top-width: thin; border-right-width: thin; border-bottom-width: thin; border-top-style: solid; background-color: #009ee2;\" align=\"left\"><b><span style=\"color: #ffffff;\">Dimensions<\/span><\/b><\/td>\n<td style=\"border-color: #dbe5f1; height: 40px; text-align: left; padding-left: 10px; font-size: 14px; vertical-align: middle; border-top-width: thin; border-right-width: thin; border-bottom-width: thin; border-top-style: solid; border-right-style: solid; border-bottom-style: solid; background-color: #009ee2;\"><b><span style=\"color: #ffffff;\">Longuer standard<\/span><\/b><\/td>\n<\/tr>\n<tr>\n<td style=\"height: 40px; text-align: left; padding-left: 10px; font-size: 14px; vertical-align: middle; border-bottom-color: #d8d8d8; border-left-color: #d8d8d8; border-bottom-width: thin; border-left-width: thin; border-bottom-style: solid; border-left-style: solid;\"><b>E2523-EK-E<br \/>\n<\/b><\/td>\n<td style=\"height: 40px; font-size: 14px; vertical-align: middle; border-right-color: #d8d8d8; border-bottom-color: #d8d8d8; border-bottom-width: thin; border-bottom-style: solid;\">\u00a025 x 25 mm<\/td>\n<td style=\"height: 40px; text-align: left; font-size: 14px; vertical-align: middle; border-right-color: #d8d8d8; border-bottom-color: #d8d8d8; border-right-width: thin; border-bottom-width: thin; border-right-style: solid; border-bottom-style: solid;\">\u00a03 m<\/td>\n<\/tr>\n<tr>\n<td style=\"height: 40px; text-align: left; padding-left: 10px; font-size: 14px; vertical-align: middle; border-bottom-color: #d8d8d8; border-left-color: #d8d8d8; border-bottom-width: thin; border-left-width: thin; border-bottom-style: solid; border-left-style: solid; background-color: #edf1f3;\"><b>E3023-EK-E<br \/>\n<\/b><\/td>\n<td style=\"height: 40px; text-align: left; font-size: 14px; vertical-align: middle; border-right-color: #d8d8d8; border-bottom-color: #d8d8d8; border-left-color: #d8d8d8; border-right-width: thin; border-bottom-width: thin; border-left-width: thin; border-bottom-style: solid; background-color: #edf1f3;\" align=\"left\">\u00a030 x 30 mm<\/td>\n<td style=\"height: 40px; text-align: left; font-size: 14px; vertical-align: middle; border-right-color: #d8d8d8; border-bottom-color: #d8d8d8; border-left-color: #d8d8d8; border-right-width: thin; border-bottom-width: thin; border-left-width: thin; border-right-style: solid; border-bottom-style: solid; background-color: #edf1f3;\">\u00a03 m<\/td>\n<\/tr>\n<tr>\n<td style=\"height: 40px; text-align: left; font-size: 14px; vertical-align: middle; border-right-color: #d8d8d8; border-bottom-color: #d8d8d8; border-left-color: #d8d8d8; border-right-width: thin; border-bottom-width: thin; border-left-width: thin; border-bottom-style: solid; border-left-style: solid; background-color: #ffffff;\">\u00a0 <b>E4023-EK-E<\/b><\/td>\n<td style=\"height: 40px; text-align: left; font-size: 14px; vertical-align: middle; border-right-color: #d8d8d8; border-bottom-color: #d8d8d8; border-left-color: #d8d8d8; border-right-width: thin; border-bottom-width: thin; border-left-width: thin; border-bottom-style: solid; background-color: #ffffff;\">\u00a040 x 40 mm<\/td>\n<td style=\"height: 40px; text-align: left; font-size: 14px; vertical-align: middle; border-right-color: #d8d8d8; border-bottom-color: #d8d8d8; border-left-color: #d8d8d8; border-right-width: thin; border-bottom-width: thin; border-left-width: thin; border-right-style: solid; border-bottom-style: solid; background-color: #ffffff;\">\u00a03 m<\/td>\n<\/tr>\n<tr>\n<td style=\"height: 40px; text-align: left; padding-left: 10px; font-size: 14px; vertical-align: middle; border-bottom-color: #d8d8d8; border-left-color: #d8d8d8; border-bottom-width: thin; border-left-width: thin; border-bottom-style: solid; border-left-style: solid; background-color: #edf1f3;\"><b>E5023-EK-E<\/b><\/td>\n<td style=\"height: 40px; text-align: left; font-size: 14px; vertical-align: middle; border-right-color: #d8d8d8; border-bottom-color: #d8d8d8; border-left-color: #d8d8d8; border-right-width: thin; border-bottom-width: thin; border-left-width: thin; border-bottom-style: solid; background-color: #edf1f3;\" align=\"left\">\u00a050 x 50 mm<\/td>\n<td style=\"height: 40px; text-align: left; font-size: 14px; vertical-align: middle; border-right-color: #d8d8d8; border-bottom-color: #d8d8d8; border-left-color: #d8d8d8; border-right-width: thin; border-bottom-width: thin; border-left-width: thin; border-right-style: solid; border-bottom-style: solid; background-color: #edf1f3;\">\u00a03 m<\/td>\n<\/tr>\n<tr>\n<td style=\"height: 40px; text-align: left; font-size: 14px; vertical-align: middle; border-right-color: #d8d8d8; border-bottom-color: #d8d8d8; border-left-color: #d8d8d8; border-right-width: thin; border-bottom-width: thin; border-left-width: thin; border-bottom-style: solid; border-left-style: solid; background-color: #ffffff;\">\u00a0 <b>E6023-EK-E<\/b><\/td>\n<td style=\"height: 40px; text-align: left; font-size: 14px; vertical-align: middle; border-right-color: #d8d8d8; border-bottom-color: #d8d8d8; border-left-color: #d8d8d8; border-right-width: thin; border-bottom-width: thin; border-left-width: thin; border-bottom-style: solid; background-color: #ffffff;\">\u00a060 x 60 mm<\/td>\n<td style=\"height: 40px; text-align: left; font-size: 14px; vertical-align: middle; border-right-color: #d8d8d8; border-bottom-color: #d8d8d8; border-left-color: #d8d8d8; border-right-width: thin; border-bottom-width: thin; border-left-width: thin; border-right-style: solid; border-bottom-style: solid; background-color: #ffffff;\">\u00a03 m<\/td>\n<\/tr>\n<\/tbody>\n<\/table>\n<p><span style=\"font-weight: 400;\">D&rsquo;autres versions sont disponibles sur demande.<\/span><\/p>\n","protected":false},"excerpt":{"rendered":"<p>Corni\u00e8res sp\u00e9ciales, avec ou sans trous frais\u00e9s \u00c0 propos de ce produit : rayon de corni\u00e8re\u00a0: 3\u00a0mm Qualit\u00e9 INOX AiSi 304 avec surface mate munie d&rsquo;un film de protection \u00e0 retirer apr\u00e8s la pose \u00e9paisseur\u00a0: 1,5\u00a0mm longueurs standard\u00a0: 1\u00a0m \u2013 1,25\u00a0m \u2013 1,50\u00a0m \u2013 2\u00a0m \u2013 2,50\u00a0m \u2013 3\u00a0m Dimensions standard\u00a0: Type Dimensions Longuer standard\u2026<\/p>\n","protected":false},"featured_media":106841,"template":"","meta":{"_acf_changed":false},"product_category":[597,658],"product_tag":[447,455,459,464,467,474,504,545],"class_list":["post-114867","product","type-product","status-publish","has-post-thumbnail","hentry","product_category-cornieres","product_category-ongeboord-inox-fr","product_tag-25-x-25-mm-fr","product_tag-30-x-30-mm-fr","product_tag-40-x-40-mm-fr","product_tag-50-x-50-mm-fr","product_tag-60-x-60-mm-fr","product_tag-90-graden-fr","product_tag-geboord-fr","product_tag-roestvaststaal-fr"],"acf":[],"yoast_head":"<!-- This site is optimized with the Yoast SEO plugin v27.3 - https:\/\/yoast.com\/product\/yoast-seo-wordpress\/ -->\n<title>INOX (non) perc\u00e9 - Storax Belgium<\/title>\n<meta name=\"robots\" content=\"index, follow, max-snippet:-1, max-image-preview:large, max-video-preview:-1\" \/>\n<link rel=\"canonical\" href=\"https:\/\/storax.be\/fr\/producten\/ongeboord-inox-fr\/inox-non-perce\/\" \/>\n<meta property=\"og:locale\" content=\"fr_FR\" \/>\n<meta property=\"og:type\" content=\"article\" \/>\n<meta property=\"og:title\" content=\"INOX (non) perc\u00e9 - Storax Belgium\" \/>\n<meta property=\"og:description\" content=\"Corni\u00e8res sp\u00e9ciales, avec ou sans trous frais\u00e9s \u00c0 propos de ce produit : rayon de corni\u00e8re\u00a0: 3\u00a0mm Qualit\u00e9 INOX AiSi 304 avec surface mate munie d&rsquo;un film de protection \u00e0 retirer apr\u00e8s la pose \u00e9paisseur\u00a0: 1,5\u00a0mm longueurs standard\u00a0: 1\u00a0m \u2013 1,25\u00a0m \u2013 1,50\u00a0m \u2013 2\u00a0m \u2013 2,50\u00a0m \u2013 3\u00a0m Dimensions standard\u00a0: Type Dimensions Longuer standard\u2026\" \/>\n<meta property=\"og:url\" content=\"https:\/\/storax.be\/fr\/producten\/ongeboord-inox-fr\/inox-non-perce\/\" \/>\n<meta property=\"og:site_name\" content=\"Storax Belgium\" \/>\n<meta property=\"article:modified_time\" content=\"2024-05-16T07:38:04+00:00\" \/>\n<meta property=\"og:image\" content=\"https:\/\/storax.be\/wp-content\/uploads\/sites\/2\/2019\/03\/thumb_270x270_176.jpg\" \/>\n\t<meta property=\"og:image:width\" content=\"270\" \/>\n\t<meta property=\"og:image:height\" content=\"270\" \/>\n\t<meta property=\"og:image:type\" content=\"image\/jpeg\" \/>\n<meta name=\"twitter:card\" content=\"summary_large_image\" \/>\n<meta name=\"twitter:label1\" content=\"Dur\u00e9e de lecture estim\u00e9e\" \/>\n\t<meta name=\"twitter:data1\" content=\"1 minute\" \/>\n<script type=\"application\/ld+json\" class=\"yoast-schema-graph\">{\"@context\":\"https:\\\/\\\/schema.org\",\"@graph\":[{\"@type\":\"WebPage\",\"@id\":\"https:\\\/\\\/storax.be\\\/fr\\\/producten\\\/ongeboord-inox-fr\\\/inox-non-perce\\\/\",\"url\":\"https:\\\/\\\/storax.be\\\/fr\\\/producten\\\/ongeboord-inox-fr\\\/inox-non-perce\\\/\",\"name\":\"INOX (non) perc\u00e9 - Storax Belgium\",\"isPartOf\":{\"@id\":\"https:\\\/\\\/storax.be\\\/fr\\\/#website\"},\"primaryImageOfPage\":{\"@id\":\"https:\\\/\\\/storax.be\\\/fr\\\/producten\\\/ongeboord-inox-fr\\\/inox-non-perce\\\/#primaryimage\"},\"image\":{\"@id\":\"https:\\\/\\\/storax.be\\\/fr\\\/producten\\\/ongeboord-inox-fr\\\/inox-non-perce\\\/#primaryimage\"},\"thumbnailUrl\":\"https:\\\/\\\/storax.be\\\/wp-content\\\/uploads\\\/sites\\\/2\\\/2019\\\/03\\\/thumb_270x270_176.jpg\",\"datePublished\":\"2022-07-26T13:51:15+00:00\",\"dateModified\":\"2024-05-16T07:38:04+00:00\",\"breadcrumb\":{\"@id\":\"https:\\\/\\\/storax.be\\\/fr\\\/producten\\\/ongeboord-inox-fr\\\/inox-non-perce\\\/#breadcrumb\"},\"inLanguage\":\"fr-FR\",\"potentialAction\":[{\"@type\":\"ReadAction\",\"target\":[\"https:\\\/\\\/storax.be\\\/fr\\\/producten\\\/ongeboord-inox-fr\\\/inox-non-perce\\\/\"]}]},{\"@type\":\"ImageObject\",\"inLanguage\":\"fr-FR\",\"@id\":\"https:\\\/\\\/storax.be\\\/fr\\\/producten\\\/ongeboord-inox-fr\\\/inox-non-perce\\\/#primaryimage\",\"url\":\"https:\\\/\\\/storax.be\\\/wp-content\\\/uploads\\\/sites\\\/2\\\/2019\\\/03\\\/thumb_270x270_176.jpg\",\"contentUrl\":\"https:\\\/\\\/storax.be\\\/wp-content\\\/uploads\\\/sites\\\/2\\\/2019\\\/03\\\/thumb_270x270_176.jpg\",\"width\":270,\"height\":270},{\"@type\":\"BreadcrumbList\",\"@id\":\"https:\\\/\\\/storax.be\\\/fr\\\/producten\\\/ongeboord-inox-fr\\\/inox-non-perce\\\/#breadcrumb\",\"itemListElement\":[{\"@type\":\"ListItem\",\"position\":1,\"name\":\"Home\",\"item\":\"https:\\\/\\\/storax.be\\\/fr\\\/\"},{\"@type\":\"ListItem\",\"position\":2,\"name\":\"Producten\",\"item\":\"https:\\\/\\\/storax.be\\\/fr\\\/producten\\\/%product_category%\\\/\"},{\"@type\":\"ListItem\",\"position\":3,\"name\":\"Corni\u00e8res\",\"item\":\"https:\\\/\\\/storax.be\\\/fr\\\/producten\\\/cornieres\\\/\"},{\"@type\":\"ListItem\",\"position\":4,\"name\":\"INOX (non) perc\u00e9\",\"item\":\"https:\\\/\\\/storax.be\\\/fr\\\/producten\\\/ongeboord-inox-fr\\\/\"},{\"@type\":\"ListItem\",\"position\":5,\"name\":\"INOX (non) perc\u00e9\"}]},{\"@type\":\"WebSite\",\"@id\":\"https:\\\/\\\/storax.be\\\/fr\\\/#website\",\"url\":\"https:\\\/\\\/storax.be\\\/fr\\\/\",\"name\":\"Storax Belgium\",\"description\":\"Uw betrouwbare partner voor bouwprojecten\",\"potentialAction\":[{\"@type\":\"SearchAction\",\"target\":{\"@type\":\"EntryPoint\",\"urlTemplate\":\"https:\\\/\\\/storax.be\\\/fr\\\/?s={search_term_string}\"},\"query-input\":{\"@type\":\"PropertyValueSpecification\",\"valueRequired\":true,\"valueName\":\"search_term_string\"}}],\"inLanguage\":\"fr-FR\"}]}<\/script>\n<!-- \/ Yoast SEO plugin. -->","yoast_head_json":{"title":"INOX (non) perc\u00e9 - Storax Belgium","robots":{"index":"index","follow":"follow","max-snippet":"max-snippet:-1","max-image-preview":"max-image-preview:large","max-video-preview":"max-video-preview:-1"},"canonical":"https:\/\/storax.be\/fr\/producten\/ongeboord-inox-fr\/inox-non-perce\/","og_locale":"fr_FR","og_type":"article","og_title":"INOX (non) perc\u00e9 - Storax Belgium","og_description":"Corni\u00e8res sp\u00e9ciales, avec ou sans trous frais\u00e9s \u00c0 propos de ce produit : rayon de corni\u00e8re\u00a0: 3\u00a0mm Qualit\u00e9 INOX AiSi 304 avec surface mate munie d&rsquo;un film de protection \u00e0 retirer apr\u00e8s la pose \u00e9paisseur\u00a0: 1,5\u00a0mm longueurs standard\u00a0: 1\u00a0m \u2013 1,25\u00a0m \u2013 1,50\u00a0m \u2013 2\u00a0m \u2013 2,50\u00a0m \u2013 3\u00a0m Dimensions standard\u00a0: Type Dimensions Longuer standard\u2026","og_url":"https:\/\/storax.be\/fr\/producten\/ongeboord-inox-fr\/inox-non-perce\/","og_site_name":"Storax Belgium","article_modified_time":"2024-05-16T07:38:04+00:00","og_image":[{"width":270,"height":270,"url":"https:\/\/storax.be\/wp-content\/uploads\/sites\/2\/2019\/03\/thumb_270x270_176.jpg","type":"image\/jpeg"}],"twitter_card":"summary_large_image","twitter_misc":{"Dur\u00e9e de lecture estim\u00e9e":"1 minute"},"schema":{"@context":"https:\/\/schema.org","@graph":[{"@type":"WebPage","@id":"https:\/\/storax.be\/fr\/producten\/ongeboord-inox-fr\/inox-non-perce\/","url":"https:\/\/storax.be\/fr\/producten\/ongeboord-inox-fr\/inox-non-perce\/","name":"INOX (non) perc\u00e9 - Storax Belgium","isPartOf":{"@id":"https:\/\/storax.be\/fr\/#website"},"primaryImageOfPage":{"@id":"https:\/\/storax.be\/fr\/producten\/ongeboord-inox-fr\/inox-non-perce\/#primaryimage"},"image":{"@id":"https:\/\/storax.be\/fr\/producten\/ongeboord-inox-fr\/inox-non-perce\/#primaryimage"},"thumbnailUrl":"https:\/\/storax.be\/wp-content\/uploads\/sites\/2\/2019\/03\/thumb_270x270_176.jpg","datePublished":"2022-07-26T13:51:15+00:00","dateModified":"2024-05-16T07:38:04+00:00","breadcrumb":{"@id":"https:\/\/storax.be\/fr\/producten\/ongeboord-inox-fr\/inox-non-perce\/#breadcrumb"},"inLanguage":"fr-FR","potentialAction":[{"@type":"ReadAction","target":["https:\/\/storax.be\/fr\/producten\/ongeboord-inox-fr\/inox-non-perce\/"]}]},{"@type":"ImageObject","inLanguage":"fr-FR","@id":"https:\/\/storax.be\/fr\/producten\/ongeboord-inox-fr\/inox-non-perce\/#primaryimage","url":"https:\/\/storax.be\/wp-content\/uploads\/sites\/2\/2019\/03\/thumb_270x270_176.jpg","contentUrl":"https:\/\/storax.be\/wp-content\/uploads\/sites\/2\/2019\/03\/thumb_270x270_176.jpg","width":270,"height":270},{"@type":"BreadcrumbList","@id":"https:\/\/storax.be\/fr\/producten\/ongeboord-inox-fr\/inox-non-perce\/#breadcrumb","itemListElement":[{"@type":"ListItem","position":1,"name":"Home","item":"https:\/\/storax.be\/fr\/"},{"@type":"ListItem","position":2,"name":"Producten","item":"https:\/\/storax.be\/fr\/producten\/%product_category%\/"},{"@type":"ListItem","position":3,"name":"Corni\u00e8res","item":"https:\/\/storax.be\/fr\/producten\/cornieres\/"},{"@type":"ListItem","position":4,"name":"INOX (non) perc\u00e9","item":"https:\/\/storax.be\/fr\/producten\/ongeboord-inox-fr\/"},{"@type":"ListItem","position":5,"name":"INOX (non) perc\u00e9"}]},{"@type":"WebSite","@id":"https:\/\/storax.be\/fr\/#website","url":"https:\/\/storax.be\/fr\/","name":"Storax Belgium","description":"Uw betrouwbare partner voor bouwprojecten","potentialAction":[{"@type":"SearchAction","target":{"@type":"EntryPoint","urlTemplate":"https:\/\/storax.be\/fr\/?s={search_term_string}"},"query-input":{"@type":"PropertyValueSpecification","valueRequired":true,"valueName":"search_term_string"}}],"inLanguage":"fr-FR"}]}},"_links":{"self":[{"href":"https:\/\/storax.be\/fr\/wp-json\/wp\/v2\/product\/114867","targetHints":{"allow":["GET"]}}],"collection":[{"href":"https:\/\/storax.be\/fr\/wp-json\/wp\/v2\/product"}],"about":[{"href":"https:\/\/storax.be\/fr\/wp-json\/wp\/v2\/types\/product"}],"wp:featuredmedia":[{"embeddable":true,"href":"https:\/\/storax.be\/fr\/wp-json\/wp\/v2\/media\/106841"}],"wp:attachment":[{"href":"https:\/\/storax.be\/fr\/wp-json\/wp\/v2\/media?parent=114867"}],"wp:term":[{"taxonomy":"product_category","embeddable":true,"href":"https:\/\/storax.be\/fr\/wp-json\/wp\/v2\/product_category?post=114867"},{"taxonomy":"product_tag","embeddable":true,"href":"https:\/\/storax.be\/fr\/wp-json\/wp\/v2\/product_tag?post=114867"}],"curies":[{"name":"wp","href":"https:\/\/api.w.org\/{rel}","templated":true}]}}