{"id":114861,"date":"2022-07-26T13:10:11","date_gmt":"2022-07-26T13:10:11","guid":{"rendered":"https:\/\/storax.be\/?post_type=product&#038;p=114861"},"modified":"2024-07-30T06:38:33","modified_gmt":"2024-07-30T06:38:33","slug":"drainage","status":"publish","type":"product","link":"https:\/\/storax.be\/fr\/producten\/nattes\/drainage\/","title":{"rendered":"Drainage"},"content":{"rendered":"<h2>Natte de drainage<\/h2>\n<p><span style=\"font-weight: 400;\">Le syst\u00e8me de drainage DRAINAGE pour sols en c\u00e9ramique pr\u00e9sente \u00e0 la fois une r\u00e9sistance \u00e9lev\u00e9e et une grande capacit\u00e9 de drainage, gr\u00e2ce \u00e0 la conception fonctionnelle de la structure tridimensionnelle. Le syst\u00e8me de drainage peut absorber les contraintes statiques et dynamiques. Le syst\u00e8me DRAINAGE est tr\u00e8s r\u00e9sistant aux forces de pression et de traction, aux chocs et aux perforations. La natte offre une protection id\u00e9ale sur le joint existant, et tout cela pour seulement 8&nbsp;mm d&rsquo;\u00e9paisseur.<\/span><\/p>\n<p><span style=\"font-weight: 400;\">DRAINAGE de Storax est con\u00e7u avec un double canal pour la compensation du drainage et de la pression hydrostatique, tant sur la chape que sur le joint d&rsquo;\u00e9tanch\u00e9it\u00e9. Pour \u00e9viter que le gel n&rsquo;endommage les carreaux, la seule solution est d&rsquo;\u00e9vacuer l&rsquo;eau avec une natte qui permet de drainer la chape. La natte de drainage peut \u00eatre facilement d\u00e9coup\u00e9e, pli\u00e9e et d\u00e9form\u00e9e pour \u00e9pouser la forme du sol.<\/span><\/p>\n<p><strong>Importance du drainage sur les rev\u00eatements de sol en c\u00e9ramique<\/strong><\/p>\n<p><span style=\"font-weight: 400;\">Une installation correcte et l&rsquo;utilisation de mat\u00e9riaux appropri\u00e9s pr\u00e9servent la qualit\u00e9 du travail effectu\u00e9. DRAINAGE de Storax permet \u00e0 l&rsquo;eau de pluie de s&rsquo;\u00e9couler vers l&rsquo;ext\u00e9rieur et non vers le sol, et la natte emp\u00eache les remont\u00e9es d&rsquo;eau du sol vers le haut. Le rev\u00eatement de sol en c\u00e9ramique reste ainsi en bon \u00e9tat et esth\u00e9tiquement intact.<\/span><\/p>\n<p><span style=\"font-weight: 400;\">Risques encourus si l&rsquo;eau stagne dans le sol&nbsp;:<\/span><\/p>\n<p><span style=\"font-weight: 400;\">\u2013 pendant les mois d&rsquo;hiver, celle-ci se dilate et la couche sup\u00e9rieure peut se fissurer&nbsp;;<\/span><\/p>\n<p><span style=\"font-weight: 400;\">\u2013 pendant les mois d&rsquo;\u00e9t\u00e9, le flux capillaire ascendant de l&rsquo;eau transporte les sels contenus dans le ciment, provoquant l&rsquo;apparition de d\u00e9colorations dans le rev\u00eatement.<\/span><\/p>\n<p><span style=\"font-weight: 400;\">De plus, dans le cas de pi\u00e8ces situ\u00e9es au niveau inf\u00e9rieur, la pr\u00e9sence de la natte Drainage bloque l&rsquo;humidit\u00e9 et prot\u00e8ge ainsi les autres mat\u00e9riaux de construction isolants qui risqueraient sans cela d&rsquo;absorber l&rsquo;humidit\u00e9 sous forme de liquide ou de vapeur.<\/span><\/p>\n<p><strong>D\u00e9solidarisation et drainage<\/strong><\/p>\n<p><span style=\"font-weight: 400;\">En combinaison avec les bandes FCAB125 et la<\/span><a href=\"https:\/\/storax.be\/produits\/films\/crack-stop\/\"><span style=\"font-weight: 400;\"> natte de d\u00e9solidarisation Crack-Stop<\/span><\/a><span style=\"font-weight: 400;\">, cela permet de cr\u00e9er une solution totale pour la d\u00e9solidarisation, l&rsquo;\u00e9tanch\u00e9it\u00e9 et le drainage.<\/span><\/p>\n","protected":false},"excerpt":{"rendered":"<p>Natte de drainage Le syst\u00e8me de drainage DRAINAGE pour sols en c\u00e9ramique pr\u00e9sente \u00e0 la fois une r\u00e9sistance \u00e9lev\u00e9e et une grande capacit\u00e9 de drainage, gr\u00e2ce \u00e0 la conception fonctionnelle de la structure tridimensionnelle. Le syst\u00e8me de drainage peut absorber les contraintes statiques et dynamiques. Le syst\u00e8me DRAINAGE est tr\u00e8s r\u00e9sistant aux forces de pression\u2026<\/p>\n","protected":false},"featured_media":110403,"template":"","meta":{"_acf_changed":false},"product_category":[745],"product_tag":[],"class_list":["post-114861","product","type-product","status-publish","has-post-thumbnail","hentry","product_category-nattes"],"acf":[],"yoast_head":"<!-- This site is optimized with the Yoast SEO plugin v27.3 - https:\/\/yoast.com\/product\/yoast-seo-wordpress\/ -->\n<title>Drainage - Storax Belgium<\/title>\n<meta name=\"robots\" content=\"index, follow, max-snippet:-1, max-image-preview:large, max-video-preview:-1\" \/>\n<link rel=\"canonical\" href=\"https:\/\/storax.be\/fr\/producten\/nattes\/drainage\/\" \/>\n<meta property=\"og:locale\" content=\"fr_FR\" \/>\n<meta property=\"og:type\" content=\"article\" \/>\n<meta property=\"og:title\" content=\"Drainage - Storax Belgium\" \/>\n<meta property=\"og:description\" content=\"Natte de drainage Le syst\u00e8me de drainage DRAINAGE pour sols en c\u00e9ramique pr\u00e9sente \u00e0 la fois une r\u00e9sistance \u00e9lev\u00e9e et une grande capacit\u00e9 de drainage, gr\u00e2ce \u00e0 la conception fonctionnelle de la structure tridimensionnelle. Le syst\u00e8me de drainage peut absorber les contraintes statiques et dynamiques. Le syst\u00e8me DRAINAGE est tr\u00e8s r\u00e9sistant aux forces de pression\u2026\" \/>\n<meta property=\"og:url\" content=\"https:\/\/storax.be\/fr\/producten\/nattes\/drainage\/\" \/>\n<meta property=\"og:site_name\" content=\"Storax Belgium\" \/>\n<meta property=\"article:modified_time\" content=\"2024-07-30T06:38:33+00:00\" \/>\n<meta property=\"og:image\" content=\"https:\/\/storax.be\/wp-content\/uploads\/sites\/2\/2020\/01\/3-e1608023152892.jpg\" \/>\n\t<meta property=\"og:image:width\" content=\"701\" \/>\n\t<meta property=\"og:image:height\" content=\"482\" \/>\n\t<meta property=\"og:image:type\" content=\"image\/jpeg\" \/>\n<meta name=\"twitter:card\" content=\"summary_large_image\" \/>\n<meta name=\"twitter:label1\" content=\"Dur\u00e9e de lecture estim\u00e9e\" \/>\n\t<meta name=\"twitter:data1\" content=\"2 minutes\" \/>\n<script type=\"application\/ld+json\" class=\"yoast-schema-graph\">{\"@context\":\"https:\\\/\\\/schema.org\",\"@graph\":[{\"@type\":\"WebPage\",\"@id\":\"https:\\\/\\\/storax.be\\\/fr\\\/producten\\\/nattes\\\/drainage\\\/\",\"url\":\"https:\\\/\\\/storax.be\\\/fr\\\/producten\\\/nattes\\\/drainage\\\/\",\"name\":\"Drainage - Storax Belgium\",\"isPartOf\":{\"@id\":\"https:\\\/\\\/storax.be\\\/fr\\\/#website\"},\"primaryImageOfPage\":{\"@id\":\"https:\\\/\\\/storax.be\\\/fr\\\/producten\\\/nattes\\\/drainage\\\/#primaryimage\"},\"image\":{\"@id\":\"https:\\\/\\\/storax.be\\\/fr\\\/producten\\\/nattes\\\/drainage\\\/#primaryimage\"},\"thumbnailUrl\":\"https:\\\/\\\/storax.be\\\/wp-content\\\/uploads\\\/sites\\\/2\\\/2020\\\/01\\\/3-e1608023152892.jpg\",\"datePublished\":\"2022-07-26T13:10:11+00:00\",\"dateModified\":\"2024-07-30T06:38:33+00:00\",\"breadcrumb\":{\"@id\":\"https:\\\/\\\/storax.be\\\/fr\\\/producten\\\/nattes\\\/drainage\\\/#breadcrumb\"},\"inLanguage\":\"fr-FR\",\"potentialAction\":[{\"@type\":\"ReadAction\",\"target\":[\"https:\\\/\\\/storax.be\\\/fr\\\/producten\\\/nattes\\\/drainage\\\/\"]}]},{\"@type\":\"ImageObject\",\"inLanguage\":\"fr-FR\",\"@id\":\"https:\\\/\\\/storax.be\\\/fr\\\/producten\\\/nattes\\\/drainage\\\/#primaryimage\",\"url\":\"https:\\\/\\\/storax.be\\\/wp-content\\\/uploads\\\/sites\\\/2\\\/2020\\\/01\\\/3-e1608023152892.jpg\",\"contentUrl\":\"https:\\\/\\\/storax.be\\\/wp-content\\\/uploads\\\/sites\\\/2\\\/2020\\\/01\\\/3-e1608023152892.jpg\",\"width\":701,\"height\":482,\"caption\":\"Storax Drainage drainagemat\"},{\"@type\":\"BreadcrumbList\",\"@id\":\"https:\\\/\\\/storax.be\\\/fr\\\/producten\\\/nattes\\\/drainage\\\/#breadcrumb\",\"itemListElement\":[{\"@type\":\"ListItem\",\"position\":1,\"name\":\"Home\",\"item\":\"https:\\\/\\\/storax.be\\\/fr\\\/\"},{\"@type\":\"ListItem\",\"position\":2,\"name\":\"Producten\",\"item\":\"https:\\\/\\\/storax.be\\\/fr\\\/producten\\\/%product_category%\\\/\"},{\"@type\":\"ListItem\",\"position\":3,\"name\":\"Nattes\",\"item\":\"https:\\\/\\\/storax.be\\\/fr\\\/producten\\\/nattes\\\/\"},{\"@type\":\"ListItem\",\"position\":4,\"name\":\"Drainage\"}]},{\"@type\":\"WebSite\",\"@id\":\"https:\\\/\\\/storax.be\\\/fr\\\/#website\",\"url\":\"https:\\\/\\\/storax.be\\\/fr\\\/\",\"name\":\"Storax Belgium\",\"description\":\"Uw betrouwbare partner voor bouwprojecten\",\"potentialAction\":[{\"@type\":\"SearchAction\",\"target\":{\"@type\":\"EntryPoint\",\"urlTemplate\":\"https:\\\/\\\/storax.be\\\/fr\\\/?s={search_term_string}\"},\"query-input\":{\"@type\":\"PropertyValueSpecification\",\"valueRequired\":true,\"valueName\":\"search_term_string\"}}],\"inLanguage\":\"fr-FR\"}]}<\/script>\n<!-- \/ Yoast SEO plugin. -->","yoast_head_json":{"title":"Drainage - Storax Belgium","robots":{"index":"index","follow":"follow","max-snippet":"max-snippet:-1","max-image-preview":"max-image-preview:large","max-video-preview":"max-video-preview:-1"},"canonical":"https:\/\/storax.be\/fr\/producten\/nattes\/drainage\/","og_locale":"fr_FR","og_type":"article","og_title":"Drainage - Storax Belgium","og_description":"Natte de drainage Le syst\u00e8me de drainage DRAINAGE pour sols en c\u00e9ramique pr\u00e9sente \u00e0 la fois une r\u00e9sistance \u00e9lev\u00e9e et une grande capacit\u00e9 de drainage, gr\u00e2ce \u00e0 la conception fonctionnelle de la structure tridimensionnelle. Le syst\u00e8me de drainage peut absorber les contraintes statiques et dynamiques. Le syst\u00e8me DRAINAGE est tr\u00e8s r\u00e9sistant aux forces de pression\u2026","og_url":"https:\/\/storax.be\/fr\/producten\/nattes\/drainage\/","og_site_name":"Storax Belgium","article_modified_time":"2024-07-30T06:38:33+00:00","og_image":[{"width":701,"height":482,"url":"https:\/\/storax.be\/wp-content\/uploads\/sites\/2\/2020\/01\/3-e1608023152892.jpg","type":"image\/jpeg"}],"twitter_card":"summary_large_image","twitter_misc":{"Dur\u00e9e de lecture estim\u00e9e":"2 minutes"},"schema":{"@context":"https:\/\/schema.org","@graph":[{"@type":"WebPage","@id":"https:\/\/storax.be\/fr\/producten\/nattes\/drainage\/","url":"https:\/\/storax.be\/fr\/producten\/nattes\/drainage\/","name":"Drainage - Storax Belgium","isPartOf":{"@id":"https:\/\/storax.be\/fr\/#website"},"primaryImageOfPage":{"@id":"https:\/\/storax.be\/fr\/producten\/nattes\/drainage\/#primaryimage"},"image":{"@id":"https:\/\/storax.be\/fr\/producten\/nattes\/drainage\/#primaryimage"},"thumbnailUrl":"https:\/\/storax.be\/wp-content\/uploads\/sites\/2\/2020\/01\/3-e1608023152892.jpg","datePublished":"2022-07-26T13:10:11+00:00","dateModified":"2024-07-30T06:38:33+00:00","breadcrumb":{"@id":"https:\/\/storax.be\/fr\/producten\/nattes\/drainage\/#breadcrumb"},"inLanguage":"fr-FR","potentialAction":[{"@type":"ReadAction","target":["https:\/\/storax.be\/fr\/producten\/nattes\/drainage\/"]}]},{"@type":"ImageObject","inLanguage":"fr-FR","@id":"https:\/\/storax.be\/fr\/producten\/nattes\/drainage\/#primaryimage","url":"https:\/\/storax.be\/wp-content\/uploads\/sites\/2\/2020\/01\/3-e1608023152892.jpg","contentUrl":"https:\/\/storax.be\/wp-content\/uploads\/sites\/2\/2020\/01\/3-e1608023152892.jpg","width":701,"height":482,"caption":"Storax Drainage drainagemat"},{"@type":"BreadcrumbList","@id":"https:\/\/storax.be\/fr\/producten\/nattes\/drainage\/#breadcrumb","itemListElement":[{"@type":"ListItem","position":1,"name":"Home","item":"https:\/\/storax.be\/fr\/"},{"@type":"ListItem","position":2,"name":"Producten","item":"https:\/\/storax.be\/fr\/producten\/%product_category%\/"},{"@type":"ListItem","position":3,"name":"Nattes","item":"https:\/\/storax.be\/fr\/producten\/nattes\/"},{"@type":"ListItem","position":4,"name":"Drainage"}]},{"@type":"WebSite","@id":"https:\/\/storax.be\/fr\/#website","url":"https:\/\/storax.be\/fr\/","name":"Storax Belgium","description":"Uw betrouwbare partner voor bouwprojecten","potentialAction":[{"@type":"SearchAction","target":{"@type":"EntryPoint","urlTemplate":"https:\/\/storax.be\/fr\/?s={search_term_string}"},"query-input":{"@type":"PropertyValueSpecification","valueRequired":true,"valueName":"search_term_string"}}],"inLanguage":"fr-FR"}]}},"_links":{"self":[{"href":"https:\/\/storax.be\/fr\/wp-json\/wp\/v2\/product\/114861","targetHints":{"allow":["GET"]}}],"collection":[{"href":"https:\/\/storax.be\/fr\/wp-json\/wp\/v2\/product"}],"about":[{"href":"https:\/\/storax.be\/fr\/wp-json\/wp\/v2\/types\/product"}],"wp:featuredmedia":[{"embeddable":true,"href":"https:\/\/storax.be\/fr\/wp-json\/wp\/v2\/media\/110403"}],"wp:attachment":[{"href":"https:\/\/storax.be\/fr\/wp-json\/wp\/v2\/media?parent=114861"}],"wp:term":[{"taxonomy":"product_category","embeddable":true,"href":"https:\/\/storax.be\/fr\/wp-json\/wp\/v2\/product_category?post=114861"},{"taxonomy":"product_tag","embeddable":true,"href":"https:\/\/storax.be\/fr\/wp-json\/wp\/v2\/product_tag?post=114861"}],"curies":[{"name":"wp","href":"https:\/\/api.w.org\/{rel}","templated":true}]}}