{"id":114860,"date":"2022-07-26T08:09:35","date_gmt":"2022-07-26T08:09:35","guid":{"rendered":"https:\/\/storax.be\/?post_type=product&#038;p=114860"},"modified":"2024-07-30T06:38:10","modified_gmt":"2024-07-30T06:38:10","slug":"crack-stop","status":"publish","type":"product","link":"https:\/\/storax.be\/fr\/producten\/nattes\/crack-stop\/","title":{"rendered":"Crack-Stop"},"content":{"rendered":"<h2><strong>Natte de d\u00e9solidarisation et natte d&rsquo;\u00e9tanch\u00e9it\u00e9<\/strong><\/h2>\n<p><span style=\"font-weight: 400;\">Les nattes de d\u00e9solidarisation Crack-Stop sont constitu\u00e9es d&rsquo;un film poly\u00e9thyl\u00e8ne structur\u00e9 combin\u00e9 \u00e0 un rev\u00eatement synth\u00e9tique sur la face inf\u00e9rieure. La natte a une \u00e9paisseur de \u00b1 3,5&nbsp;mm, ce qui s&rsquo;av\u00e8re avantageux pour la pose des carreaux.<\/span><\/p>\n<p><span style=\"font-weight: 400;\">Crack-Stop d\u00e9solidarise les carreaux du support, prot\u00e9geant ainsi le carrelage en c\u00e9ramique contre les fissures et les craquelures dans les carreaux. Comment&nbsp;? En int\u00e9grant un produit de d\u00e9solidarisation qui pr\u00e9serve la qualit\u00e9 de l&rsquo;ouvrage dans le temps. Gr\u00e2ce \u00e0 sa structure en forme de bouton, No-Crack s&rsquo;adapte pour neutraliser la transmission de toute tension sous-jacente et agit comme un pont sur les fissures. Crack-Stop emp\u00eache la progression des fissures vers le rev\u00eatement, qu&rsquo;elles soient caus\u00e9es par la contraction hygrom\u00e9trique de la chape ou par l&rsquo;usure de la chape\/du rev\u00eatement.<\/span><\/p>\n<p><span style=\"font-weight: 400;\">La natte de d\u00e9solidarisation Crack-Stop permet de carreler d\u00e8s qu&rsquo;il est possible de marcher sur la chape. Cela permet r\u00e9duire les d\u00e9lais et la natte fonctionne \u00e9galement comme une couche de s\u00e9paration.<\/span><\/p>\n<p><span style=\"font-weight: 400;\">La natte est fabriqu\u00e9e en poly\u00e9thyl\u00e8ne imperm\u00e9able. Les composants du syst\u00e8me permettent de cr\u00e9er un joint de contact.<\/span><\/p>\n<p><strong>D\u00e9solidarisation, imperm\u00e9abilisation et \u00e9galisation de la pression de vapeur d\u2019eau<\/strong><\/p>\n<p><span style=\"font-weight: 400;\">En combinaison avec les bandes SFCAB125 et les<\/span><a href=\"https:\/\/storax.be\/produits\/films\/tapis-de-drainage\/\"><span style=\"font-weight: 400;\"> tapis de drainage DRAINAGE<\/span><\/a><span style=\"font-weight: 400;\">, cela permet de cr\u00e9er une solution totale pour la d\u00e9solidarisation, l&rsquo;\u00e9tanch\u00e9it\u00e9 et le drainage de vapeur<\/span><\/p>\n<p>&nbsp;<\/p>\n","protected":false},"excerpt":{"rendered":"<p>Natte de d\u00e9solidarisation et natte d&rsquo;\u00e9tanch\u00e9it\u00e9 Les nattes de d\u00e9solidarisation Crack-Stop sont constitu\u00e9es d&rsquo;un film poly\u00e9thyl\u00e8ne structur\u00e9 combin\u00e9 \u00e0 un rev\u00eatement synth\u00e9tique sur la face inf\u00e9rieure. La natte a une \u00e9paisseur de \u00b1 3,5&nbsp;mm, ce qui s&rsquo;av\u00e8re avantageux pour la pose des carreaux. Crack-Stop d\u00e9solidarise les carreaux du support, prot\u00e9geant ainsi le carrelage en c\u00e9ramique\u2026<\/p>\n","protected":false},"featured_media":110401,"template":"","meta":{"_acf_changed":false},"product_category":[745],"product_tag":[],"class_list":["post-114860","product","type-product","status-publish","has-post-thumbnail","hentry","product_category-nattes"],"acf":[],"yoast_head":"<!-- This site is optimized with the Yoast SEO plugin v27.3 - https:\/\/yoast.com\/product\/yoast-seo-wordpress\/ -->\n<title>Crack-Stop | Natte de d\u00e9solidarisation - Storax Belgium<\/title>\n<meta name=\"robots\" content=\"index, follow, max-snippet:-1, max-image-preview:large, max-video-preview:-1\" \/>\n<link rel=\"canonical\" href=\"https:\/\/storax.be\/fr\/producten\/nattes\/crack-stop\/\" \/>\n<meta property=\"og:locale\" content=\"fr_FR\" \/>\n<meta property=\"og:type\" content=\"article\" \/>\n<meta property=\"og:title\" content=\"Crack-Stop | Natte de d\u00e9solidarisation - Storax Belgium\" \/>\n<meta property=\"og:description\" content=\"Natte de d\u00e9solidarisation et natte d&rsquo;\u00e9tanch\u00e9it\u00e9 Les nattes de d\u00e9solidarisation Crack-Stop sont constitu\u00e9es d&rsquo;un film poly\u00e9thyl\u00e8ne structur\u00e9 combin\u00e9 \u00e0 un rev\u00eatement synth\u00e9tique sur la face inf\u00e9rieure. La natte a une \u00e9paisseur de \u00b1 3,5&nbsp;mm, ce qui s&rsquo;av\u00e8re avantageux pour la pose des carreaux. Crack-Stop d\u00e9solidarise les carreaux du support, prot\u00e9geant ainsi le carrelage en c\u00e9ramique\u2026\" \/>\n<meta property=\"og:url\" content=\"https:\/\/storax.be\/fr\/producten\/nattes\/crack-stop\/\" \/>\n<meta property=\"og:site_name\" content=\"Storax Belgium\" \/>\n<meta property=\"article:modified_time\" content=\"2024-07-30T06:38:10+00:00\" \/>\n<meta property=\"og:image\" content=\"https:\/\/storax.be\/wp-content\/uploads\/sites\/2\/2020\/01\/6-e1608023000606.jpg\" \/>\n\t<meta property=\"og:image:width\" content=\"701\" \/>\n\t<meta property=\"og:image:height\" content=\"482\" \/>\n\t<meta property=\"og:image:type\" content=\"image\/jpeg\" \/>\n<meta name=\"twitter:card\" content=\"summary_large_image\" \/>\n<meta name=\"twitter:label1\" content=\"Dur\u00e9e de lecture estim\u00e9e\" \/>\n\t<meta name=\"twitter:data1\" content=\"1 minute\" \/>\n<script type=\"application\/ld+json\" class=\"yoast-schema-graph\">{\"@context\":\"https:\\\/\\\/schema.org\",\"@graph\":[{\"@type\":\"WebPage\",\"@id\":\"https:\\\/\\\/storax.be\\\/fr\\\/producten\\\/nattes\\\/crack-stop\\\/\",\"url\":\"https:\\\/\\\/storax.be\\\/fr\\\/producten\\\/nattes\\\/crack-stop\\\/\",\"name\":\"Crack-Stop | Natte de d\u00e9solidarisation - Storax Belgium\",\"isPartOf\":{\"@id\":\"https:\\\/\\\/storax.be\\\/fr\\\/#website\"},\"primaryImageOfPage\":{\"@id\":\"https:\\\/\\\/storax.be\\\/fr\\\/producten\\\/nattes\\\/crack-stop\\\/#primaryimage\"},\"image\":{\"@id\":\"https:\\\/\\\/storax.be\\\/fr\\\/producten\\\/nattes\\\/crack-stop\\\/#primaryimage\"},\"thumbnailUrl\":\"https:\\\/\\\/storax.be\\\/wp-content\\\/uploads\\\/sites\\\/2\\\/2020\\\/01\\\/6-e1608023000606.jpg\",\"datePublished\":\"2022-07-26T08:09:35+00:00\",\"dateModified\":\"2024-07-30T06:38:10+00:00\",\"breadcrumb\":{\"@id\":\"https:\\\/\\\/storax.be\\\/fr\\\/producten\\\/nattes\\\/crack-stop\\\/#breadcrumb\"},\"inLanguage\":\"fr-FR\",\"potentialAction\":[{\"@type\":\"ReadAction\",\"target\":[\"https:\\\/\\\/storax.be\\\/fr\\\/producten\\\/nattes\\\/crack-stop\\\/\"]}]},{\"@type\":\"ImageObject\",\"inLanguage\":\"fr-FR\",\"@id\":\"https:\\\/\\\/storax.be\\\/fr\\\/producten\\\/nattes\\\/crack-stop\\\/#primaryimage\",\"url\":\"https:\\\/\\\/storax.be\\\/wp-content\\\/uploads\\\/sites\\\/2\\\/2020\\\/01\\\/6-e1608023000606.jpg\",\"contentUrl\":\"https:\\\/\\\/storax.be\\\/wp-content\\\/uploads\\\/sites\\\/2\\\/2020\\\/01\\\/6-e1608023000606.jpg\",\"width\":701,\"height\":482,\"caption\":\"Storax Crack-Stop ontkoppelingsmat\"},{\"@type\":\"BreadcrumbList\",\"@id\":\"https:\\\/\\\/storax.be\\\/fr\\\/producten\\\/nattes\\\/crack-stop\\\/#breadcrumb\",\"itemListElement\":[{\"@type\":\"ListItem\",\"position\":1,\"name\":\"Home\",\"item\":\"https:\\\/\\\/storax.be\\\/fr\\\/\"},{\"@type\":\"ListItem\",\"position\":2,\"name\":\"Producten\",\"item\":\"https:\\\/\\\/storax.be\\\/fr\\\/producten\\\/%product_category%\\\/\"},{\"@type\":\"ListItem\",\"position\":3,\"name\":\"Nattes\",\"item\":\"https:\\\/\\\/storax.be\\\/fr\\\/producten\\\/nattes\\\/\"},{\"@type\":\"ListItem\",\"position\":4,\"name\":\"Crack-Stop\"}]},{\"@type\":\"WebSite\",\"@id\":\"https:\\\/\\\/storax.be\\\/fr\\\/#website\",\"url\":\"https:\\\/\\\/storax.be\\\/fr\\\/\",\"name\":\"Storax Belgium\",\"description\":\"Uw betrouwbare partner voor bouwprojecten\",\"potentialAction\":[{\"@type\":\"SearchAction\",\"target\":{\"@type\":\"EntryPoint\",\"urlTemplate\":\"https:\\\/\\\/storax.be\\\/fr\\\/?s={search_term_string}\"},\"query-input\":{\"@type\":\"PropertyValueSpecification\",\"valueRequired\":true,\"valueName\":\"search_term_string\"}}],\"inLanguage\":\"fr-FR\"}]}<\/script>\n<!-- \/ Yoast SEO plugin. -->","yoast_head_json":{"title":"Crack-Stop | Natte de d\u00e9solidarisation - Storax Belgium","robots":{"index":"index","follow":"follow","max-snippet":"max-snippet:-1","max-image-preview":"max-image-preview:large","max-video-preview":"max-video-preview:-1"},"canonical":"https:\/\/storax.be\/fr\/producten\/nattes\/crack-stop\/","og_locale":"fr_FR","og_type":"article","og_title":"Crack-Stop | Natte de d\u00e9solidarisation - Storax Belgium","og_description":"Natte de d\u00e9solidarisation et natte d&rsquo;\u00e9tanch\u00e9it\u00e9 Les nattes de d\u00e9solidarisation Crack-Stop sont constitu\u00e9es d&rsquo;un film poly\u00e9thyl\u00e8ne structur\u00e9 combin\u00e9 \u00e0 un rev\u00eatement synth\u00e9tique sur la face inf\u00e9rieure. La natte a une \u00e9paisseur de \u00b1 3,5&nbsp;mm, ce qui s&rsquo;av\u00e8re avantageux pour la pose des carreaux. Crack-Stop d\u00e9solidarise les carreaux du support, prot\u00e9geant ainsi le carrelage en c\u00e9ramique\u2026","og_url":"https:\/\/storax.be\/fr\/producten\/nattes\/crack-stop\/","og_site_name":"Storax Belgium","article_modified_time":"2024-07-30T06:38:10+00:00","og_image":[{"width":701,"height":482,"url":"https:\/\/storax.be\/wp-content\/uploads\/sites\/2\/2020\/01\/6-e1608023000606.jpg","type":"image\/jpeg"}],"twitter_card":"summary_large_image","twitter_misc":{"Dur\u00e9e de lecture estim\u00e9e":"1 minute"},"schema":{"@context":"https:\/\/schema.org","@graph":[{"@type":"WebPage","@id":"https:\/\/storax.be\/fr\/producten\/nattes\/crack-stop\/","url":"https:\/\/storax.be\/fr\/producten\/nattes\/crack-stop\/","name":"Crack-Stop | Natte de d\u00e9solidarisation - Storax Belgium","isPartOf":{"@id":"https:\/\/storax.be\/fr\/#website"},"primaryImageOfPage":{"@id":"https:\/\/storax.be\/fr\/producten\/nattes\/crack-stop\/#primaryimage"},"image":{"@id":"https:\/\/storax.be\/fr\/producten\/nattes\/crack-stop\/#primaryimage"},"thumbnailUrl":"https:\/\/storax.be\/wp-content\/uploads\/sites\/2\/2020\/01\/6-e1608023000606.jpg","datePublished":"2022-07-26T08:09:35+00:00","dateModified":"2024-07-30T06:38:10+00:00","breadcrumb":{"@id":"https:\/\/storax.be\/fr\/producten\/nattes\/crack-stop\/#breadcrumb"},"inLanguage":"fr-FR","potentialAction":[{"@type":"ReadAction","target":["https:\/\/storax.be\/fr\/producten\/nattes\/crack-stop\/"]}]},{"@type":"ImageObject","inLanguage":"fr-FR","@id":"https:\/\/storax.be\/fr\/producten\/nattes\/crack-stop\/#primaryimage","url":"https:\/\/storax.be\/wp-content\/uploads\/sites\/2\/2020\/01\/6-e1608023000606.jpg","contentUrl":"https:\/\/storax.be\/wp-content\/uploads\/sites\/2\/2020\/01\/6-e1608023000606.jpg","width":701,"height":482,"caption":"Storax Crack-Stop ontkoppelingsmat"},{"@type":"BreadcrumbList","@id":"https:\/\/storax.be\/fr\/producten\/nattes\/crack-stop\/#breadcrumb","itemListElement":[{"@type":"ListItem","position":1,"name":"Home","item":"https:\/\/storax.be\/fr\/"},{"@type":"ListItem","position":2,"name":"Producten","item":"https:\/\/storax.be\/fr\/producten\/%product_category%\/"},{"@type":"ListItem","position":3,"name":"Nattes","item":"https:\/\/storax.be\/fr\/producten\/nattes\/"},{"@type":"ListItem","position":4,"name":"Crack-Stop"}]},{"@type":"WebSite","@id":"https:\/\/storax.be\/fr\/#website","url":"https:\/\/storax.be\/fr\/","name":"Storax Belgium","description":"Uw betrouwbare partner voor bouwprojecten","potentialAction":[{"@type":"SearchAction","target":{"@type":"EntryPoint","urlTemplate":"https:\/\/storax.be\/fr\/?s={search_term_string}"},"query-input":{"@type":"PropertyValueSpecification","valueRequired":true,"valueName":"search_term_string"}}],"inLanguage":"fr-FR"}]}},"_links":{"self":[{"href":"https:\/\/storax.be\/fr\/wp-json\/wp\/v2\/product\/114860","targetHints":{"allow":["GET"]}}],"collection":[{"href":"https:\/\/storax.be\/fr\/wp-json\/wp\/v2\/product"}],"about":[{"href":"https:\/\/storax.be\/fr\/wp-json\/wp\/v2\/types\/product"}],"wp:featuredmedia":[{"embeddable":true,"href":"https:\/\/storax.be\/fr\/wp-json\/wp\/v2\/media\/110401"}],"wp:attachment":[{"href":"https:\/\/storax.be\/fr\/wp-json\/wp\/v2\/media?parent=114860"}],"wp:term":[{"taxonomy":"product_category","embeddable":true,"href":"https:\/\/storax.be\/fr\/wp-json\/wp\/v2\/product_category?post=114860"},{"taxonomy":"product_tag","embeddable":true,"href":"https:\/\/storax.be\/fr\/wp-json\/wp\/v2\/product_tag?post=114860"}],"curies":[{"name":"wp","href":"https:\/\/api.w.org\/{rel}","templated":true}]}}