{"id":114853,"date":"2022-07-26T07:00:56","date_gmt":"2022-07-26T07:00:56","guid":{"rendered":"https:\/\/storax.be\/?post_type=product&#038;p=114853"},"modified":"2024-05-16T07:38:02","modified_gmt":"2024-05-16T07:38:02","slug":"v140","status":"publish","type":"product","link":"https:\/\/storax.be\/fr\/producten\/materiaux-degalisation\/v140\/","title":{"rendered":"V140"},"content":{"rendered":"<h2>\u00c9galine P4\/P4S<\/h2>\n<p><strong>Affectation<\/strong><\/p>\n<p><span style=\"font-weight: 400;\">Locaux utilis\u00e9s de mani\u00e8re intensive.<\/span><\/p>\n<p><strong>Caract\u00e9ristiques du produit <\/strong><\/p>\n<ul>\n<li style=\"font-weight: 400;\" aria-level=\"1\"><span style=\"font-weight: 400;\">Aspect\u00a0: gris<\/span><\/li>\n<li>Peut \u00eatre laiss\u00e9 nu, non d\u00e9coratif<\/li>\n<li style=\"font-weight: 400;\" aria-level=\"1\"><span style=\"font-weight: 400;\">Pour tous les travaux (nouvelle construction et r\u00e9novation)<\/span><\/li>\n<li style=\"font-weight: 400;\" aria-level=\"1\"><span style=\"font-weight: 400;\">Application d&rsquo;une couche allant jusqu&rsquo;\u00e0 30\u00a0mm en un seul passage<\/span><\/li>\n<\/ul>\n<p dir=\"ltr\" data-placeholder=\"Translation\"><strong>Application<\/strong><\/p>\n<ul>\n<li style=\"font-weight: 400;\" aria-level=\"1\"><span style=\"font-weight: 400;\">Enduit d&rsquo;\u00e9galisation autonivelant tr\u00e8s r\u00e9sistant pour les sols int\u00e9rieurs de types P3 et<\/span><span style=\"font-weight: 400;\"><br \/>\n<\/span><span style=\"font-weight: 400;\">P4\/P4S et pour les sols ext\u00e9rieurs<\/span><\/li>\n<li style=\"font-weight: 400;\" aria-level=\"1\"><span style=\"font-weight: 400;\">\u00c9limine les d\u00e9fauts de plan\u00e9it\u00e9 et les irr\u00e9gularit\u00e9s du sol.<\/span><\/li>\n<\/ul>\n<p><strong>Conditionnement<\/strong><\/p>\n<ul>\n<li id=\"tw-target-text\" class=\"tw-data-text tw-text-large tw-ta\" dir=\"ltr\" data-placeholder=\"Translation\">\n<p id=\"tw-target-text\" class=\"tw-data-text tw-text-large tw-ta\" dir=\"ltr\" data-placeholder=\"Translation\"><span style=\"font-weight: 400;\">Sac de 25\u00a0kg<\/span><\/p>\n<\/li>\n<\/ul>\n","protected":false},"excerpt":{"rendered":"<p>\u00c9galine P4\/P4S Affectation Locaux utilis\u00e9s de mani\u00e8re intensive. Caract\u00e9ristiques du produit Aspect\u00a0: gris Peut \u00eatre laiss\u00e9 nu, non d\u00e9coratif Pour tous les travaux (nouvelle construction et r\u00e9novation) Application d&rsquo;une couche allant jusqu&rsquo;\u00e0 30\u00a0mm en un seul passage Application Enduit d&rsquo;\u00e9galisation autonivelant tr\u00e8s r\u00e9sistant pour les sols int\u00e9rieurs de types P3 et P4\/P4S et pour les\u2026<\/p>\n","protected":false},"featured_media":108873,"template":"","meta":{"_acf_changed":false},"product_category":[752],"product_tag":[],"class_list":["post-114853","product","type-product","status-publish","has-post-thumbnail","hentry","product_category-materiaux-degalisation"],"acf":[],"yoast_head":"<!-- This site is optimized with the Yoast SEO plugin v27.3 - https:\/\/yoast.com\/product\/yoast-seo-wordpress\/ -->\n<title>V140 - Storax Belgium<\/title>\n<meta name=\"robots\" content=\"index, follow, max-snippet:-1, max-image-preview:large, max-video-preview:-1\" \/>\n<link rel=\"canonical\" href=\"https:\/\/storax.be\/fr\/producten\/materiaux-degalisation\/v140\/\" \/>\n<meta property=\"og:locale\" content=\"fr_FR\" \/>\n<meta property=\"og:type\" content=\"article\" \/>\n<meta property=\"og:title\" content=\"V140 - Storax Belgium\" \/>\n<meta property=\"og:description\" content=\"\u00c9galine P4\/P4S Affectation Locaux utilis\u00e9s de mani\u00e8re intensive. Caract\u00e9ristiques du produit Aspect\u00a0: gris Peut \u00eatre laiss\u00e9 nu, non d\u00e9coratif Pour tous les travaux (nouvelle construction et r\u00e9novation) Application d&rsquo;une couche allant jusqu&rsquo;\u00e0 30\u00a0mm en un seul passage Application Enduit d&rsquo;\u00e9galisation autonivelant tr\u00e8s r\u00e9sistant pour les sols int\u00e9rieurs de types P3 et P4\/P4S et pour les\u2026\" \/>\n<meta property=\"og:url\" content=\"https:\/\/storax.be\/fr\/producten\/materiaux-degalisation\/v140\/\" \/>\n<meta property=\"og:site_name\" content=\"Storax Belgium\" \/>\n<meta property=\"article:modified_time\" content=\"2024-05-16T07:38:02+00:00\" \/>\n<meta property=\"og:image\" content=\"https:\/\/storax.be\/wp-content\/uploads\/sites\/2\/2020\/01\/V140.jpg\" \/>\n\t<meta property=\"og:image:width\" content=\"470\" \/>\n\t<meta property=\"og:image:height\" content=\"470\" \/>\n\t<meta property=\"og:image:type\" content=\"image\/jpeg\" \/>\n<meta name=\"twitter:card\" content=\"summary_large_image\" \/>\n<meta name=\"twitter:label1\" content=\"Dur\u00e9e de lecture estim\u00e9e\" \/>\n\t<meta name=\"twitter:data1\" content=\"1 minute\" \/>\n<script type=\"application\/ld+json\" class=\"yoast-schema-graph\">{\"@context\":\"https:\\\/\\\/schema.org\",\"@graph\":[{\"@type\":\"WebPage\",\"@id\":\"https:\\\/\\\/storax.be\\\/fr\\\/producten\\\/materiaux-degalisation\\\/v140\\\/\",\"url\":\"https:\\\/\\\/storax.be\\\/fr\\\/producten\\\/materiaux-degalisation\\\/v140\\\/\",\"name\":\"V140 - Storax Belgium\",\"isPartOf\":{\"@id\":\"https:\\\/\\\/storax.be\\\/fr\\\/#website\"},\"primaryImageOfPage\":{\"@id\":\"https:\\\/\\\/storax.be\\\/fr\\\/producten\\\/materiaux-degalisation\\\/v140\\\/#primaryimage\"},\"image\":{\"@id\":\"https:\\\/\\\/storax.be\\\/fr\\\/producten\\\/materiaux-degalisation\\\/v140\\\/#primaryimage\"},\"thumbnailUrl\":\"https:\\\/\\\/storax.be\\\/wp-content\\\/uploads\\\/sites\\\/2\\\/2020\\\/01\\\/V140.jpg\",\"datePublished\":\"2022-07-26T07:00:56+00:00\",\"dateModified\":\"2024-05-16T07:38:02+00:00\",\"breadcrumb\":{\"@id\":\"https:\\\/\\\/storax.be\\\/fr\\\/producten\\\/materiaux-degalisation\\\/v140\\\/#breadcrumb\"},\"inLanguage\":\"fr-FR\",\"potentialAction\":[{\"@type\":\"ReadAction\",\"target\":[\"https:\\\/\\\/storax.be\\\/fr\\\/producten\\\/materiaux-degalisation\\\/v140\\\/\"]}]},{\"@type\":\"ImageObject\",\"inLanguage\":\"fr-FR\",\"@id\":\"https:\\\/\\\/storax.be\\\/fr\\\/producten\\\/materiaux-degalisation\\\/v140\\\/#primaryimage\",\"url\":\"https:\\\/\\\/storax.be\\\/wp-content\\\/uploads\\\/sites\\\/2\\\/2020\\\/01\\\/V140.jpg\",\"contentUrl\":\"https:\\\/\\\/storax.be\\\/wp-content\\\/uploads\\\/sites\\\/2\\\/2020\\\/01\\\/V140.jpg\",\"width\":470,\"height\":470},{\"@type\":\"BreadcrumbList\",\"@id\":\"https:\\\/\\\/storax.be\\\/fr\\\/producten\\\/materiaux-degalisation\\\/v140\\\/#breadcrumb\",\"itemListElement\":[{\"@type\":\"ListItem\",\"position\":1,\"name\":\"Home\",\"item\":\"https:\\\/\\\/storax.be\\\/fr\\\/\"},{\"@type\":\"ListItem\",\"position\":2,\"name\":\"Producten\",\"item\":\"https:\\\/\\\/storax.be\\\/fr\\\/producten\\\/%product_category%\\\/\"},{\"@type\":\"ListItem\",\"position\":3,\"name\":\"Colles \u00e0 carrelage\",\"item\":\"https:\\\/\\\/storax.be\\\/fr\\\/producten\\\/colles-a-carrelage\\\/\"},{\"@type\":\"ListItem\",\"position\":4,\"name\":\"Mat\u00e9riaux d'\u00e9galisation\",\"item\":\"https:\\\/\\\/storax.be\\\/fr\\\/producten\\\/materiaux-degalisation\\\/\"},{\"@type\":\"ListItem\",\"position\":5,\"name\":\"V140\"}]},{\"@type\":\"WebSite\",\"@id\":\"https:\\\/\\\/storax.be\\\/fr\\\/#website\",\"url\":\"https:\\\/\\\/storax.be\\\/fr\\\/\",\"name\":\"Storax Belgium\",\"description\":\"Uw betrouwbare partner voor bouwprojecten\",\"potentialAction\":[{\"@type\":\"SearchAction\",\"target\":{\"@type\":\"EntryPoint\",\"urlTemplate\":\"https:\\\/\\\/storax.be\\\/fr\\\/?s={search_term_string}\"},\"query-input\":{\"@type\":\"PropertyValueSpecification\",\"valueRequired\":true,\"valueName\":\"search_term_string\"}}],\"inLanguage\":\"fr-FR\"}]}<\/script>\n<!-- \/ Yoast SEO plugin. -->","yoast_head_json":{"title":"V140 - Storax Belgium","robots":{"index":"index","follow":"follow","max-snippet":"max-snippet:-1","max-image-preview":"max-image-preview:large","max-video-preview":"max-video-preview:-1"},"canonical":"https:\/\/storax.be\/fr\/producten\/materiaux-degalisation\/v140\/","og_locale":"fr_FR","og_type":"article","og_title":"V140 - Storax Belgium","og_description":"\u00c9galine P4\/P4S Affectation Locaux utilis\u00e9s de mani\u00e8re intensive. Caract\u00e9ristiques du produit Aspect\u00a0: gris Peut \u00eatre laiss\u00e9 nu, non d\u00e9coratif Pour tous les travaux (nouvelle construction et r\u00e9novation) Application d&rsquo;une couche allant jusqu&rsquo;\u00e0 30\u00a0mm en un seul passage Application Enduit d&rsquo;\u00e9galisation autonivelant tr\u00e8s r\u00e9sistant pour les sols int\u00e9rieurs de types P3 et P4\/P4S et pour les\u2026","og_url":"https:\/\/storax.be\/fr\/producten\/materiaux-degalisation\/v140\/","og_site_name":"Storax Belgium","article_modified_time":"2024-05-16T07:38:02+00:00","og_image":[{"width":470,"height":470,"url":"https:\/\/storax.be\/wp-content\/uploads\/sites\/2\/2020\/01\/V140.jpg","type":"image\/jpeg"}],"twitter_card":"summary_large_image","twitter_misc":{"Dur\u00e9e de lecture estim\u00e9e":"1 minute"},"schema":{"@context":"https:\/\/schema.org","@graph":[{"@type":"WebPage","@id":"https:\/\/storax.be\/fr\/producten\/materiaux-degalisation\/v140\/","url":"https:\/\/storax.be\/fr\/producten\/materiaux-degalisation\/v140\/","name":"V140 - Storax Belgium","isPartOf":{"@id":"https:\/\/storax.be\/fr\/#website"},"primaryImageOfPage":{"@id":"https:\/\/storax.be\/fr\/producten\/materiaux-degalisation\/v140\/#primaryimage"},"image":{"@id":"https:\/\/storax.be\/fr\/producten\/materiaux-degalisation\/v140\/#primaryimage"},"thumbnailUrl":"https:\/\/storax.be\/wp-content\/uploads\/sites\/2\/2020\/01\/V140.jpg","datePublished":"2022-07-26T07:00:56+00:00","dateModified":"2024-05-16T07:38:02+00:00","breadcrumb":{"@id":"https:\/\/storax.be\/fr\/producten\/materiaux-degalisation\/v140\/#breadcrumb"},"inLanguage":"fr-FR","potentialAction":[{"@type":"ReadAction","target":["https:\/\/storax.be\/fr\/producten\/materiaux-degalisation\/v140\/"]}]},{"@type":"ImageObject","inLanguage":"fr-FR","@id":"https:\/\/storax.be\/fr\/producten\/materiaux-degalisation\/v140\/#primaryimage","url":"https:\/\/storax.be\/wp-content\/uploads\/sites\/2\/2020\/01\/V140.jpg","contentUrl":"https:\/\/storax.be\/wp-content\/uploads\/sites\/2\/2020\/01\/V140.jpg","width":470,"height":470},{"@type":"BreadcrumbList","@id":"https:\/\/storax.be\/fr\/producten\/materiaux-degalisation\/v140\/#breadcrumb","itemListElement":[{"@type":"ListItem","position":1,"name":"Home","item":"https:\/\/storax.be\/fr\/"},{"@type":"ListItem","position":2,"name":"Producten","item":"https:\/\/storax.be\/fr\/producten\/%product_category%\/"},{"@type":"ListItem","position":3,"name":"Colles \u00e0 carrelage","item":"https:\/\/storax.be\/fr\/producten\/colles-a-carrelage\/"},{"@type":"ListItem","position":4,"name":"Mat\u00e9riaux d'\u00e9galisation","item":"https:\/\/storax.be\/fr\/producten\/materiaux-degalisation\/"},{"@type":"ListItem","position":5,"name":"V140"}]},{"@type":"WebSite","@id":"https:\/\/storax.be\/fr\/#website","url":"https:\/\/storax.be\/fr\/","name":"Storax Belgium","description":"Uw betrouwbare partner voor bouwprojecten","potentialAction":[{"@type":"SearchAction","target":{"@type":"EntryPoint","urlTemplate":"https:\/\/storax.be\/fr\/?s={search_term_string}"},"query-input":{"@type":"PropertyValueSpecification","valueRequired":true,"valueName":"search_term_string"}}],"inLanguage":"fr-FR"}]}},"_links":{"self":[{"href":"https:\/\/storax.be\/fr\/wp-json\/wp\/v2\/product\/114853","targetHints":{"allow":["GET"]}}],"collection":[{"href":"https:\/\/storax.be\/fr\/wp-json\/wp\/v2\/product"}],"about":[{"href":"https:\/\/storax.be\/fr\/wp-json\/wp\/v2\/types\/product"}],"wp:featuredmedia":[{"embeddable":true,"href":"https:\/\/storax.be\/fr\/wp-json\/wp\/v2\/media\/108873"}],"wp:attachment":[{"href":"https:\/\/storax.be\/fr\/wp-json\/wp\/v2\/media?parent=114853"}],"wp:term":[{"taxonomy":"product_category","embeddable":true,"href":"https:\/\/storax.be\/fr\/wp-json\/wp\/v2\/product_category?post=114853"},{"taxonomy":"product_tag","embeddable":true,"href":"https:\/\/storax.be\/fr\/wp-json\/wp\/v2\/product_tag?post=114853"}],"curies":[{"name":"wp","href":"https:\/\/api.w.org\/{rel}","templated":true}]}}