{"id":114845,"date":"2022-07-25T14:20:43","date_gmt":"2022-07-25T14:20:43","guid":{"rendered":"https:\/\/storax.be\/?post_type=product&#038;p=114845"},"modified":"2024-05-16T07:38:00","modified_gmt":"2024-05-16T07:38:00","slug":"v110","status":"publish","type":"product","link":"https:\/\/storax.be\/fr\/producten\/materiaux-degalisation\/v110\/","title":{"rendered":"V110"},"content":{"rendered":"<h2>\u00c9galine P3<\/h2>\n<p><strong><br \/>\nAffectation<br \/>\n<\/strong><span lang=\"nl\"><br \/>\n<span style=\"font-weight: 400;\">Nouveaux locaux utilis\u00e9s de mani\u00e8re peu intensive.<\/span><br \/>\n<\/span><\/p>\n<p><strong>Caract\u00e9ristiques du produit <\/strong><\/p>\n<ul>\n<li style=\"font-weight: 400;\" aria-level=\"1\"><span style=\"font-weight: 400;\">Prise rapide<\/span><\/li>\n<li style=\"font-weight: 400;\" aria-level=\"1\"><span style=\"font-weight: 400;\">Nouvelles constructions<\/span><\/li>\n<li style=\"font-weight: 400;\" aria-level=\"1\"><span style=\"font-weight: 400;\">\u00c9paisseur d&rsquo;application 1 \u00e0 10\u00a0mm<\/span><\/li>\n<li style=\"font-weight: 400;\" aria-level=\"1\"><span style=\"font-weight: 400;\">Peut \u00eatre recouvert de tous types de rev\u00eatements<\/span><\/li>\n<\/ul>\n<p dir=\"ltr\" data-placeholder=\"Translation\"><strong>Application<\/strong><\/p>\n<ul>\n<li><span style=\"font-weight: 400;\">Enduit d&rsquo;\u00e9galisation autonivelant pour les nouveaux rev\u00eatements de sol int\u00e9rieurs P3.<\/span><span style=\"font-weight: 400;\"><br \/>\n<\/span><span style=\"font-weight: 400;\">\u00c9limine les d\u00e9fauts de plan\u00e9it\u00e9 et les irr\u00e9gularit\u00e9s du sol.<\/span><\/li>\n<\/ul>\n<p><strong>Conditionnement<\/strong><\/p>\n<ul>\n<li id=\"tw-target-text\" class=\"tw-data-text tw-text-large tw-ta\" dir=\"ltr\" data-placeholder=\"Translation\">\n<p id=\"tw-target-text\" class=\"tw-data-text tw-text-large tw-ta\" dir=\"ltr\" data-placeholder=\"Translation\"><span style=\"font-weight: 400;\">Sac de 25\u00a0kg<\/span><\/p>\n<\/li>\n<\/ul>\n<p>&nbsp;<\/p>\n","protected":false},"excerpt":{"rendered":"<p>\u00c9galine P3 Affectation Nouveaux locaux utilis\u00e9s de mani\u00e8re peu intensive. Caract\u00e9ristiques du produit Prise rapide Nouvelles constructions \u00c9paisseur d&rsquo;application 1 \u00e0 10\u00a0mm Peut \u00eatre recouvert de tous types de rev\u00eatements Application Enduit d&rsquo;\u00e9galisation autonivelant pour les nouveaux rev\u00eatements de sol int\u00e9rieurs P3. \u00c9limine les d\u00e9fauts de plan\u00e9it\u00e9 et les irr\u00e9gularit\u00e9s du sol. Conditionnement Sac de\u2026<\/p>\n","protected":false},"featured_media":108862,"template":"","meta":{"_acf_changed":false},"product_category":[752],"product_tag":[],"class_list":["post-114845","product","type-product","status-publish","has-post-thumbnail","hentry","product_category-materiaux-degalisation"],"acf":[],"yoast_head":"<!-- This site is optimized with the Yoast SEO plugin v27.3 - https:\/\/yoast.com\/product\/yoast-seo-wordpress\/ -->\n<title>V110 - Storax Belgium<\/title>\n<meta name=\"robots\" content=\"index, follow, max-snippet:-1, max-image-preview:large, max-video-preview:-1\" \/>\n<link rel=\"canonical\" href=\"https:\/\/storax.be\/fr\/producten\/materiaux-degalisation\/v110\/\" \/>\n<meta property=\"og:locale\" content=\"fr_FR\" \/>\n<meta property=\"og:type\" content=\"article\" \/>\n<meta property=\"og:title\" content=\"V110 - Storax Belgium\" \/>\n<meta property=\"og:description\" content=\"\u00c9galine P3 Affectation Nouveaux locaux utilis\u00e9s de mani\u00e8re peu intensive. Caract\u00e9ristiques du produit Prise rapide Nouvelles constructions \u00c9paisseur d&rsquo;application 1 \u00e0 10\u00a0mm Peut \u00eatre recouvert de tous types de rev\u00eatements Application Enduit d&rsquo;\u00e9galisation autonivelant pour les nouveaux rev\u00eatements de sol int\u00e9rieurs P3. \u00c9limine les d\u00e9fauts de plan\u00e9it\u00e9 et les irr\u00e9gularit\u00e9s du sol. Conditionnement Sac de\u2026\" \/>\n<meta property=\"og:url\" content=\"https:\/\/storax.be\/fr\/producten\/materiaux-degalisation\/v110\/\" \/>\n<meta property=\"og:site_name\" content=\"Storax Belgium\" \/>\n<meta property=\"article:modified_time\" content=\"2024-05-16T07:38:00+00:00\" \/>\n<meta property=\"og:image\" content=\"https:\/\/storax.be\/wp-content\/uploads\/sites\/2\/2020\/01\/V110.jpg\" \/>\n\t<meta property=\"og:image:width\" content=\"470\" \/>\n\t<meta property=\"og:image:height\" content=\"470\" \/>\n\t<meta property=\"og:image:type\" content=\"image\/jpeg\" \/>\n<meta name=\"twitter:card\" content=\"summary_large_image\" \/>\n<meta name=\"twitter:label1\" content=\"Dur\u00e9e de lecture estim\u00e9e\" \/>\n\t<meta name=\"twitter:data1\" content=\"1 minute\" \/>\n<script type=\"application\/ld+json\" class=\"yoast-schema-graph\">{\"@context\":\"https:\\\/\\\/schema.org\",\"@graph\":[{\"@type\":\"WebPage\",\"@id\":\"https:\\\/\\\/storax.be\\\/fr\\\/producten\\\/materiaux-degalisation\\\/v110\\\/\",\"url\":\"https:\\\/\\\/storax.be\\\/fr\\\/producten\\\/materiaux-degalisation\\\/v110\\\/\",\"name\":\"V110 - Storax Belgium\",\"isPartOf\":{\"@id\":\"https:\\\/\\\/storax.be\\\/fr\\\/#website\"},\"primaryImageOfPage\":{\"@id\":\"https:\\\/\\\/storax.be\\\/fr\\\/producten\\\/materiaux-degalisation\\\/v110\\\/#primaryimage\"},\"image\":{\"@id\":\"https:\\\/\\\/storax.be\\\/fr\\\/producten\\\/materiaux-degalisation\\\/v110\\\/#primaryimage\"},\"thumbnailUrl\":\"https:\\\/\\\/storax.be\\\/wp-content\\\/uploads\\\/sites\\\/2\\\/2020\\\/01\\\/V110.jpg\",\"datePublished\":\"2022-07-25T14:20:43+00:00\",\"dateModified\":\"2024-05-16T07:38:00+00:00\",\"breadcrumb\":{\"@id\":\"https:\\\/\\\/storax.be\\\/fr\\\/producten\\\/materiaux-degalisation\\\/v110\\\/#breadcrumb\"},\"inLanguage\":\"fr-FR\",\"potentialAction\":[{\"@type\":\"ReadAction\",\"target\":[\"https:\\\/\\\/storax.be\\\/fr\\\/producten\\\/materiaux-degalisation\\\/v110\\\/\"]}]},{\"@type\":\"ImageObject\",\"inLanguage\":\"fr-FR\",\"@id\":\"https:\\\/\\\/storax.be\\\/fr\\\/producten\\\/materiaux-degalisation\\\/v110\\\/#primaryimage\",\"url\":\"https:\\\/\\\/storax.be\\\/wp-content\\\/uploads\\\/sites\\\/2\\\/2020\\\/01\\\/V110.jpg\",\"contentUrl\":\"https:\\\/\\\/storax.be\\\/wp-content\\\/uploads\\\/sites\\\/2\\\/2020\\\/01\\\/V110.jpg\",\"width\":470,\"height\":470},{\"@type\":\"BreadcrumbList\",\"@id\":\"https:\\\/\\\/storax.be\\\/fr\\\/producten\\\/materiaux-degalisation\\\/v110\\\/#breadcrumb\",\"itemListElement\":[{\"@type\":\"ListItem\",\"position\":1,\"name\":\"Home\",\"item\":\"https:\\\/\\\/storax.be\\\/fr\\\/\"},{\"@type\":\"ListItem\",\"position\":2,\"name\":\"Producten\",\"item\":\"https:\\\/\\\/storax.be\\\/fr\\\/producten\\\/%product_category%\\\/\"},{\"@type\":\"ListItem\",\"position\":3,\"name\":\"Colles \u00e0 carrelage\",\"item\":\"https:\\\/\\\/storax.be\\\/fr\\\/producten\\\/colles-a-carrelage\\\/\"},{\"@type\":\"ListItem\",\"position\":4,\"name\":\"Mat\u00e9riaux d'\u00e9galisation\",\"item\":\"https:\\\/\\\/storax.be\\\/fr\\\/producten\\\/materiaux-degalisation\\\/\"},{\"@type\":\"ListItem\",\"position\":5,\"name\":\"V110\"}]},{\"@type\":\"WebSite\",\"@id\":\"https:\\\/\\\/storax.be\\\/fr\\\/#website\",\"url\":\"https:\\\/\\\/storax.be\\\/fr\\\/\",\"name\":\"Storax Belgium\",\"description\":\"Uw betrouwbare partner voor bouwprojecten\",\"potentialAction\":[{\"@type\":\"SearchAction\",\"target\":{\"@type\":\"EntryPoint\",\"urlTemplate\":\"https:\\\/\\\/storax.be\\\/fr\\\/?s={search_term_string}\"},\"query-input\":{\"@type\":\"PropertyValueSpecification\",\"valueRequired\":true,\"valueName\":\"search_term_string\"}}],\"inLanguage\":\"fr-FR\"}]}<\/script>\n<!-- \/ Yoast SEO plugin. -->","yoast_head_json":{"title":"V110 - Storax Belgium","robots":{"index":"index","follow":"follow","max-snippet":"max-snippet:-1","max-image-preview":"max-image-preview:large","max-video-preview":"max-video-preview:-1"},"canonical":"https:\/\/storax.be\/fr\/producten\/materiaux-degalisation\/v110\/","og_locale":"fr_FR","og_type":"article","og_title":"V110 - Storax Belgium","og_description":"\u00c9galine P3 Affectation Nouveaux locaux utilis\u00e9s de mani\u00e8re peu intensive. Caract\u00e9ristiques du produit Prise rapide Nouvelles constructions \u00c9paisseur d&rsquo;application 1 \u00e0 10\u00a0mm Peut \u00eatre recouvert de tous types de rev\u00eatements Application Enduit d&rsquo;\u00e9galisation autonivelant pour les nouveaux rev\u00eatements de sol int\u00e9rieurs P3. \u00c9limine les d\u00e9fauts de plan\u00e9it\u00e9 et les irr\u00e9gularit\u00e9s du sol. Conditionnement Sac de\u2026","og_url":"https:\/\/storax.be\/fr\/producten\/materiaux-degalisation\/v110\/","og_site_name":"Storax Belgium","article_modified_time":"2024-05-16T07:38:00+00:00","og_image":[{"width":470,"height":470,"url":"https:\/\/storax.be\/wp-content\/uploads\/sites\/2\/2020\/01\/V110.jpg","type":"image\/jpeg"}],"twitter_card":"summary_large_image","twitter_misc":{"Dur\u00e9e de lecture estim\u00e9e":"1 minute"},"schema":{"@context":"https:\/\/schema.org","@graph":[{"@type":"WebPage","@id":"https:\/\/storax.be\/fr\/producten\/materiaux-degalisation\/v110\/","url":"https:\/\/storax.be\/fr\/producten\/materiaux-degalisation\/v110\/","name":"V110 - Storax Belgium","isPartOf":{"@id":"https:\/\/storax.be\/fr\/#website"},"primaryImageOfPage":{"@id":"https:\/\/storax.be\/fr\/producten\/materiaux-degalisation\/v110\/#primaryimage"},"image":{"@id":"https:\/\/storax.be\/fr\/producten\/materiaux-degalisation\/v110\/#primaryimage"},"thumbnailUrl":"https:\/\/storax.be\/wp-content\/uploads\/sites\/2\/2020\/01\/V110.jpg","datePublished":"2022-07-25T14:20:43+00:00","dateModified":"2024-05-16T07:38:00+00:00","breadcrumb":{"@id":"https:\/\/storax.be\/fr\/producten\/materiaux-degalisation\/v110\/#breadcrumb"},"inLanguage":"fr-FR","potentialAction":[{"@type":"ReadAction","target":["https:\/\/storax.be\/fr\/producten\/materiaux-degalisation\/v110\/"]}]},{"@type":"ImageObject","inLanguage":"fr-FR","@id":"https:\/\/storax.be\/fr\/producten\/materiaux-degalisation\/v110\/#primaryimage","url":"https:\/\/storax.be\/wp-content\/uploads\/sites\/2\/2020\/01\/V110.jpg","contentUrl":"https:\/\/storax.be\/wp-content\/uploads\/sites\/2\/2020\/01\/V110.jpg","width":470,"height":470},{"@type":"BreadcrumbList","@id":"https:\/\/storax.be\/fr\/producten\/materiaux-degalisation\/v110\/#breadcrumb","itemListElement":[{"@type":"ListItem","position":1,"name":"Home","item":"https:\/\/storax.be\/fr\/"},{"@type":"ListItem","position":2,"name":"Producten","item":"https:\/\/storax.be\/fr\/producten\/%product_category%\/"},{"@type":"ListItem","position":3,"name":"Colles \u00e0 carrelage","item":"https:\/\/storax.be\/fr\/producten\/colles-a-carrelage\/"},{"@type":"ListItem","position":4,"name":"Mat\u00e9riaux d'\u00e9galisation","item":"https:\/\/storax.be\/fr\/producten\/materiaux-degalisation\/"},{"@type":"ListItem","position":5,"name":"V110"}]},{"@type":"WebSite","@id":"https:\/\/storax.be\/fr\/#website","url":"https:\/\/storax.be\/fr\/","name":"Storax Belgium","description":"Uw betrouwbare partner voor bouwprojecten","potentialAction":[{"@type":"SearchAction","target":{"@type":"EntryPoint","urlTemplate":"https:\/\/storax.be\/fr\/?s={search_term_string}"},"query-input":{"@type":"PropertyValueSpecification","valueRequired":true,"valueName":"search_term_string"}}],"inLanguage":"fr-FR"}]}},"_links":{"self":[{"href":"https:\/\/storax.be\/fr\/wp-json\/wp\/v2\/product\/114845","targetHints":{"allow":["GET"]}}],"collection":[{"href":"https:\/\/storax.be\/fr\/wp-json\/wp\/v2\/product"}],"about":[{"href":"https:\/\/storax.be\/fr\/wp-json\/wp\/v2\/types\/product"}],"wp:featuredmedia":[{"embeddable":true,"href":"https:\/\/storax.be\/fr\/wp-json\/wp\/v2\/media\/108862"}],"wp:attachment":[{"href":"https:\/\/storax.be\/fr\/wp-json\/wp\/v2\/media?parent=114845"}],"wp:term":[{"taxonomy":"product_category","embeddable":true,"href":"https:\/\/storax.be\/fr\/wp-json\/wp\/v2\/product_category?post=114845"},{"taxonomy":"product_tag","embeddable":true,"href":"https:\/\/storax.be\/fr\/wp-json\/wp\/v2\/product_tag?post=114845"}],"curies":[{"name":"wp","href":"https:\/\/api.w.org\/{rel}","templated":true}]}}