{"id":114843,"date":"2022-07-25T14:04:03","date_gmt":"2022-07-25T14:04:03","guid":{"rendered":"https:\/\/storax.be\/?post_type=product&#038;p=114843"},"modified":"2024-07-31T07:43:53","modified_gmt":"2024-07-31T07:43:53","slug":"supports-de-carrelage-fixes","status":"publish","type":"product","link":"https:\/\/storax.be\/fr\/producten\/plots-de-carrelage\/supports-de-carrelage-fixes\/","title":{"rendered":"Plots fixes pour carrelages"},"content":{"rendered":"<h2><strong>Id\u00e9al pour les terrasses<\/strong><\/h2>\n<p>Les plots fixes sont utilis\u00e9s sous les rev\u00eatements de sol en planches ou en carreaux. Ils ne sont pas r\u00e9glables en hauteur. Ce syst\u00e8me est parfaitement adapt\u00e9 aux terrasses et est rapide et facile \u00e0 installer.<\/p>\n<p>Les plots fixes pour carrelages et planches sont disponibles en stock dans les hauteurs suivantes&nbsp;: 13&nbsp;mm, 20&nbsp;mm, 25&nbsp;mm et 30 mm.<\/p>\n<p><strong>Pourquoi choisir Storax ?<\/strong><\/p>\n<ul>\n<li><strong>Fiabilit\u00e9<\/strong>&nbsp;: Produits de haute qualit\u00e9 et durables.<\/li>\n<li><strong>Prix<\/strong>&nbsp;: Excellent rapport qualit\u00e9-prix.<\/li>\n<li><strong>Service<\/strong>&nbsp;: Recevez des conseils personnalis\u00e9s pour votre situation.<\/li>\n<li><strong>Stock<\/strong>&nbsp;<strong>et Rapidit\u00e9<\/strong>&nbsp;: Livraison directe depuis le stock.<\/li>\n<\/ul>\n<p>Envoyez une Demande de Devis Envoyez une demande de devis et recevez votre prix d\u2019achat dans un d\u00e9lai d\u2019un jour ouvrable.<\/p>\n","protected":false},"excerpt":{"rendered":"<p>Id\u00e9al pour les terrasses Les plots fixes sont utilis\u00e9s sous les rev\u00eatements de sol en planches ou en carreaux. Ils ne sont pas r\u00e9glables en hauteur. Ce syst\u00e8me est parfaitement adapt\u00e9 aux terrasses et est rapide et facile \u00e0 installer. Les plots fixes pour carrelages et planches sont disponibles en stock dans les hauteurs suivantes&nbsp;:\u2026<\/p>\n","protected":false},"featured_media":109786,"template":"","meta":{"_acf_changed":false},"product_category":[747],"product_tag":[],"class_list":["post-114843","product","type-product","status-publish","has-post-thumbnail","hentry","product_category-plots-de-carrelage"],"acf":[],"yoast_head":"<!-- This site is optimized with the Yoast SEO plugin v27.3 - https:\/\/yoast.com\/product\/yoast-seo-wordpress\/ -->\n<title>Plots fixes pour carrelages - Storax Belgium<\/title>\n<meta name=\"robots\" content=\"index, follow, max-snippet:-1, max-image-preview:large, max-video-preview:-1\" \/>\n<link rel=\"canonical\" href=\"https:\/\/storax.be\/fr\/producten\/plots-de-carrelage\/supports-de-carrelage-fixes\/\" \/>\n<meta property=\"og:locale\" content=\"fr_FR\" \/>\n<meta property=\"og:type\" content=\"article\" \/>\n<meta property=\"og:title\" content=\"Plots fixes pour carrelages - Storax Belgium\" \/>\n<meta property=\"og:description\" content=\"Id\u00e9al pour les terrasses Les plots fixes sont utilis\u00e9s sous les rev\u00eatements de sol en planches ou en carreaux. Ils ne sont pas r\u00e9glables en hauteur. Ce syst\u00e8me est parfaitement adapt\u00e9 aux terrasses et est rapide et facile \u00e0 installer. Les plots fixes pour carrelages et planches sont disponibles en stock dans les hauteurs suivantes&nbsp;:\u2026\" \/>\n<meta property=\"og:url\" content=\"https:\/\/storax.be\/fr\/producten\/plots-de-carrelage\/supports-de-carrelage-fixes\/\" \/>\n<meta property=\"og:site_name\" content=\"Storax Belgium\" \/>\n<meta property=\"article:modified_time\" content=\"2024-07-31T07:43:53+00:00\" \/>\n<meta property=\"og:image\" content=\"https:\/\/storax.be\/wp-content\/uploads\/sites\/2\/2020\/03\/Vaste-Drager-Tegels.png\" \/>\n\t<meta property=\"og:image:width\" content=\"470\" \/>\n\t<meta property=\"og:image:height\" content=\"470\" \/>\n\t<meta property=\"og:image:type\" content=\"image\/png\" \/>\n<meta name=\"twitter:card\" content=\"summary_large_image\" \/>\n<meta name=\"twitter:label1\" content=\"Dur\u00e9e de lecture estim\u00e9e\" \/>\n\t<meta name=\"twitter:data1\" content=\"1 minute\" \/>\n<script type=\"application\/ld+json\" class=\"yoast-schema-graph\">{\"@context\":\"https:\\\/\\\/schema.org\",\"@graph\":[{\"@type\":\"WebPage\",\"@id\":\"https:\\\/\\\/storax.be\\\/fr\\\/producten\\\/plots-de-carrelage\\\/supports-de-carrelage-fixes\\\/\",\"url\":\"https:\\\/\\\/storax.be\\\/fr\\\/producten\\\/plots-de-carrelage\\\/supports-de-carrelage-fixes\\\/\",\"name\":\"Plots fixes pour carrelages - Storax Belgium\",\"isPartOf\":{\"@id\":\"https:\\\/\\\/storax.be\\\/fr\\\/#website\"},\"primaryImageOfPage\":{\"@id\":\"https:\\\/\\\/storax.be\\\/fr\\\/producten\\\/plots-de-carrelage\\\/supports-de-carrelage-fixes\\\/#primaryimage\"},\"image\":{\"@id\":\"https:\\\/\\\/storax.be\\\/fr\\\/producten\\\/plots-de-carrelage\\\/supports-de-carrelage-fixes\\\/#primaryimage\"},\"thumbnailUrl\":\"https:\\\/\\\/storax.be\\\/wp-content\\\/uploads\\\/sites\\\/2\\\/2020\\\/03\\\/Vaste-Drager-Tegels.png\",\"datePublished\":\"2022-07-25T14:04:03+00:00\",\"dateModified\":\"2024-07-31T07:43:53+00:00\",\"breadcrumb\":{\"@id\":\"https:\\\/\\\/storax.be\\\/fr\\\/producten\\\/plots-de-carrelage\\\/supports-de-carrelage-fixes\\\/#breadcrumb\"},\"inLanguage\":\"fr-FR\",\"potentialAction\":[{\"@type\":\"ReadAction\",\"target\":[\"https:\\\/\\\/storax.be\\\/fr\\\/producten\\\/plots-de-carrelage\\\/supports-de-carrelage-fixes\\\/\"]}]},{\"@type\":\"ImageObject\",\"inLanguage\":\"fr-FR\",\"@id\":\"https:\\\/\\\/storax.be\\\/fr\\\/producten\\\/plots-de-carrelage\\\/supports-de-carrelage-fixes\\\/#primaryimage\",\"url\":\"https:\\\/\\\/storax.be\\\/wp-content\\\/uploads\\\/sites\\\/2\\\/2020\\\/03\\\/Vaste-Drager-Tegels.png\",\"contentUrl\":\"https:\\\/\\\/storax.be\\\/wp-content\\\/uploads\\\/sites\\\/2\\\/2020\\\/03\\\/Vaste-Drager-Tegels.png\",\"width\":470,\"height\":470,\"caption\":\"Vaste Drager Tegels\"},{\"@type\":\"BreadcrumbList\",\"@id\":\"https:\\\/\\\/storax.be\\\/fr\\\/producten\\\/plots-de-carrelage\\\/supports-de-carrelage-fixes\\\/#breadcrumb\",\"itemListElement\":[{\"@type\":\"ListItem\",\"position\":1,\"name\":\"Home\",\"item\":\"https:\\\/\\\/storax.be\\\/fr\\\/\"},{\"@type\":\"ListItem\",\"position\":2,\"name\":\"Producten\",\"item\":\"https:\\\/\\\/storax.be\\\/fr\\\/producten\\\/%product_category%\\\/\"},{\"@type\":\"ListItem\",\"position\":3,\"name\":\"Plots de carrelage\",\"item\":\"https:\\\/\\\/storax.be\\\/fr\\\/producten\\\/plots-de-carrelage\\\/\"},{\"@type\":\"ListItem\",\"position\":4,\"name\":\"Plots fixes pour carrelages\"}]},{\"@type\":\"WebSite\",\"@id\":\"https:\\\/\\\/storax.be\\\/fr\\\/#website\",\"url\":\"https:\\\/\\\/storax.be\\\/fr\\\/\",\"name\":\"Storax Belgium\",\"description\":\"Uw betrouwbare partner voor bouwprojecten\",\"potentialAction\":[{\"@type\":\"SearchAction\",\"target\":{\"@type\":\"EntryPoint\",\"urlTemplate\":\"https:\\\/\\\/storax.be\\\/fr\\\/?s={search_term_string}\"},\"query-input\":{\"@type\":\"PropertyValueSpecification\",\"valueRequired\":true,\"valueName\":\"search_term_string\"}}],\"inLanguage\":\"fr-FR\"}]}<\/script>\n<!-- \/ Yoast SEO plugin. -->","yoast_head_json":{"title":"Plots fixes pour carrelages - Storax Belgium","robots":{"index":"index","follow":"follow","max-snippet":"max-snippet:-1","max-image-preview":"max-image-preview:large","max-video-preview":"max-video-preview:-1"},"canonical":"https:\/\/storax.be\/fr\/producten\/plots-de-carrelage\/supports-de-carrelage-fixes\/","og_locale":"fr_FR","og_type":"article","og_title":"Plots fixes pour carrelages - Storax Belgium","og_description":"Id\u00e9al pour les terrasses Les plots fixes sont utilis\u00e9s sous les rev\u00eatements de sol en planches ou en carreaux. Ils ne sont pas r\u00e9glables en hauteur. Ce syst\u00e8me est parfaitement adapt\u00e9 aux terrasses et est rapide et facile \u00e0 installer. Les plots fixes pour carrelages et planches sont disponibles en stock dans les hauteurs suivantes&nbsp;:\u2026","og_url":"https:\/\/storax.be\/fr\/producten\/plots-de-carrelage\/supports-de-carrelage-fixes\/","og_site_name":"Storax Belgium","article_modified_time":"2024-07-31T07:43:53+00:00","og_image":[{"width":470,"height":470,"url":"https:\/\/storax.be\/wp-content\/uploads\/sites\/2\/2020\/03\/Vaste-Drager-Tegels.png","type":"image\/png"}],"twitter_card":"summary_large_image","twitter_misc":{"Dur\u00e9e de lecture estim\u00e9e":"1 minute"},"schema":{"@context":"https:\/\/schema.org","@graph":[{"@type":"WebPage","@id":"https:\/\/storax.be\/fr\/producten\/plots-de-carrelage\/supports-de-carrelage-fixes\/","url":"https:\/\/storax.be\/fr\/producten\/plots-de-carrelage\/supports-de-carrelage-fixes\/","name":"Plots fixes pour carrelages - Storax Belgium","isPartOf":{"@id":"https:\/\/storax.be\/fr\/#website"},"primaryImageOfPage":{"@id":"https:\/\/storax.be\/fr\/producten\/plots-de-carrelage\/supports-de-carrelage-fixes\/#primaryimage"},"image":{"@id":"https:\/\/storax.be\/fr\/producten\/plots-de-carrelage\/supports-de-carrelage-fixes\/#primaryimage"},"thumbnailUrl":"https:\/\/storax.be\/wp-content\/uploads\/sites\/2\/2020\/03\/Vaste-Drager-Tegels.png","datePublished":"2022-07-25T14:04:03+00:00","dateModified":"2024-07-31T07:43:53+00:00","breadcrumb":{"@id":"https:\/\/storax.be\/fr\/producten\/plots-de-carrelage\/supports-de-carrelage-fixes\/#breadcrumb"},"inLanguage":"fr-FR","potentialAction":[{"@type":"ReadAction","target":["https:\/\/storax.be\/fr\/producten\/plots-de-carrelage\/supports-de-carrelage-fixes\/"]}]},{"@type":"ImageObject","inLanguage":"fr-FR","@id":"https:\/\/storax.be\/fr\/producten\/plots-de-carrelage\/supports-de-carrelage-fixes\/#primaryimage","url":"https:\/\/storax.be\/wp-content\/uploads\/sites\/2\/2020\/03\/Vaste-Drager-Tegels.png","contentUrl":"https:\/\/storax.be\/wp-content\/uploads\/sites\/2\/2020\/03\/Vaste-Drager-Tegels.png","width":470,"height":470,"caption":"Vaste Drager Tegels"},{"@type":"BreadcrumbList","@id":"https:\/\/storax.be\/fr\/producten\/plots-de-carrelage\/supports-de-carrelage-fixes\/#breadcrumb","itemListElement":[{"@type":"ListItem","position":1,"name":"Home","item":"https:\/\/storax.be\/fr\/"},{"@type":"ListItem","position":2,"name":"Producten","item":"https:\/\/storax.be\/fr\/producten\/%product_category%\/"},{"@type":"ListItem","position":3,"name":"Plots de carrelage","item":"https:\/\/storax.be\/fr\/producten\/plots-de-carrelage\/"},{"@type":"ListItem","position":4,"name":"Plots fixes pour carrelages"}]},{"@type":"WebSite","@id":"https:\/\/storax.be\/fr\/#website","url":"https:\/\/storax.be\/fr\/","name":"Storax Belgium","description":"Uw betrouwbare partner voor bouwprojecten","potentialAction":[{"@type":"SearchAction","target":{"@type":"EntryPoint","urlTemplate":"https:\/\/storax.be\/fr\/?s={search_term_string}"},"query-input":{"@type":"PropertyValueSpecification","valueRequired":true,"valueName":"search_term_string"}}],"inLanguage":"fr-FR"}]}},"_links":{"self":[{"href":"https:\/\/storax.be\/fr\/wp-json\/wp\/v2\/product\/114843","targetHints":{"allow":["GET"]}}],"collection":[{"href":"https:\/\/storax.be\/fr\/wp-json\/wp\/v2\/product"}],"about":[{"href":"https:\/\/storax.be\/fr\/wp-json\/wp\/v2\/types\/product"}],"wp:featuredmedia":[{"embeddable":true,"href":"https:\/\/storax.be\/fr\/wp-json\/wp\/v2\/media\/109786"}],"wp:attachment":[{"href":"https:\/\/storax.be\/fr\/wp-json\/wp\/v2\/media?parent=114843"}],"wp:term":[{"taxonomy":"product_category","embeddable":true,"href":"https:\/\/storax.be\/fr\/wp-json\/wp\/v2\/product_category?post=114843"},{"taxonomy":"product_tag","embeddable":true,"href":"https:\/\/storax.be\/fr\/wp-json\/wp\/v2\/product_tag?post=114843"}],"curies":[{"name":"wp","href":"https:\/\/api.w.org\/{rel}","templated":true}]}}