{"id":114842,"date":"2022-07-25T13:42:34","date_gmt":"2022-07-25T13:42:34","guid":{"rendered":"https:\/\/storax.be\/?post_type=product&#038;p=114842"},"modified":"2024-08-20T09:19:58","modified_gmt":"2024-08-20T09:19:58","slug":"supports-de-carrelage","status":"publish","type":"product","link":"https:\/\/storax.be\/fr\/producten\/plots-de-carrelage\/supports-de-carrelage\/","title":{"rendered":"Plots de carrelage"},"content":{"rendered":"\n<h2 class=\"wp-block-heading\">Plots de carrelage r\u00e9glable<b>s<\/b><\/h2>\n\n\n\n<p>Les supports de dalles r\u00e9glables Storax sont parfaitement adapt\u00e9s aux dalles et planches en bois pour la terrasse, l&rsquo;annexe ou d&rsquo;autres sols sur\u00e9lev\u00e9s. Ils sont simples et rapides \u00e0 installer et \u00e0 ajuster en hauteur. Gr\u00e2ce \u00e0 leur haute r\u00e9sistance \u00e0 la charge, chaque support peut supporter de 800 \u00e0 1500 kilogrammes de charge.<\/p>\n\n\n\n<p><strong>Caract\u00e9ristiques du Support de Dalle R\u00e9glable<\/strong><\/p>\n\n\n\n<ul class=\"wp-block-list\"><li><strong>Haute R\u00e9sistance \u00e0 la Charge<\/strong> : Minimum 900 kg par support.<\/li><li><strong>Grand Nombre d&rsquo;Accessoires<\/strong> : De nombreux accessoires tels que des pi\u00e8ces de rehausse ou des correcteurs de pente.<\/li><li><strong>Acc\u00e9l\u00e8re le Temps de Montage<\/strong> : Installation rapide et facile.<\/li><li><strong>Intervention Point-\u00e0-Point pour les Probl\u00e8mes d&rsquo;Isolation<\/strong> : Solution cibl\u00e9e pour les probl\u00e8mes d&rsquo;isolation.<\/li><li><strong>Installation D\u00e9finitive sans Chape<\/strong> : \u00c0 placer directement sur l&rsquo;isolation.<\/li><li><strong>Syst\u00e8me de Drainage Continu<\/strong> : Excellente \u00e9vacuation de l&rsquo;eau gr\u00e2ce \u00e0 l&rsquo;espacement des joints.<\/li><li><strong>Grande<\/strong> <strong>Base<\/strong> : Pas besoin d&rsquo;ancrage avec des joints ou du mortier.<\/li><li><strong>Entr\u00e9e d&rsquo;Air Constante<\/strong> : Prolonge la dur\u00e9e de vie du mat\u00e9riau isolant.<\/li><li><strong>Syst\u00e8me Amovible et Portable<\/strong> : Parfait pour des sols temporaires, facile \u00e0 retirer et \u00e0 r\u00e9utiliser.<\/li><li><strong>Int\u00e9gration des C\u00e2bles<\/strong> : Les c\u00e2bles peuvent \u00eatre plac\u00e9s proprement le long des supports de dalles.<\/li><\/ul>\n\n\n\n<p><strong>Pourquoi choisir Storax ?<\/strong><\/p>\n\n\n\n<ul class=\"wp-block-list\"><li><strong>Fiabilit\u00e9<\/strong> : Produits de haute qualit\u00e9 et durables.<\/li><li><strong>Prix<\/strong> : Excellent rapport qualit\u00e9-prix.<\/li><li><strong>Service<\/strong> : Recevez des conseils personnalis\u00e9s pour votre situation.<\/li><li><strong>Stock<\/strong> <strong>et Rapidit\u00e9<\/strong> : Livraison directe depuis le stock.<\/li><\/ul>\n\n\n\n<p>Envoyez une Demande de Devis Envoyez une demande de devis et recevez votre prix d&rsquo;achat dans un d\u00e9lai d&rsquo;un jour ouvrable.<\/p>\n","protected":false},"excerpt":{"rendered":"<p>Plots de carrelage r\u00e9glables Les supports de dalles r\u00e9glables Storax sont parfaitement adapt\u00e9s aux dalles et planches en bois pour la terrasse, l&rsquo;annexe ou d&rsquo;autres sols sur\u00e9lev\u00e9s. Ils sont simples et rapides \u00e0 installer et \u00e0 ajuster en hauteur. Gr\u00e2ce \u00e0 leur haute r\u00e9sistance \u00e0 la charge, chaque support peut supporter de 800 \u00e0 1500\u2026<\/p>\n","protected":false},"featured_media":109773,"template":"","meta":{"_acf_changed":false},"product_category":[747],"product_tag":[],"class_list":["post-114842","product","type-product","status-publish","has-post-thumbnail","hentry","product_category-plots-de-carrelage"],"acf":[],"yoast_head":"<!-- This site is optimized with the Yoast SEO plugin v27.3 - https:\/\/yoast.com\/product\/yoast-seo-wordpress\/ -->\n<title>Plots de carrelage - Storax Belgium<\/title>\n<meta name=\"robots\" content=\"index, follow, max-snippet:-1, max-image-preview:large, max-video-preview:-1\" \/>\n<link rel=\"canonical\" href=\"https:\/\/storax.be\/fr\/producten\/plots-de-carrelage\/supports-de-carrelage\/\" \/>\n<meta property=\"og:locale\" content=\"fr_FR\" \/>\n<meta property=\"og:type\" content=\"article\" \/>\n<meta property=\"og:title\" content=\"Plots de carrelage - Storax Belgium\" \/>\n<meta property=\"og:description\" content=\"Plots de carrelage r\u00e9glables Les supports de dalles r\u00e9glables Storax sont parfaitement adapt\u00e9s aux dalles et planches en bois pour la terrasse, l&rsquo;annexe ou d&rsquo;autres sols sur\u00e9lev\u00e9s. Ils sont simples et rapides \u00e0 installer et \u00e0 ajuster en hauteur. Gr\u00e2ce \u00e0 leur haute r\u00e9sistance \u00e0 la charge, chaque support peut supporter de 800 \u00e0 1500\u2026\" \/>\n<meta property=\"og:url\" content=\"https:\/\/storax.be\/fr\/producten\/plots-de-carrelage\/supports-de-carrelage\/\" \/>\n<meta property=\"og:site_name\" content=\"Storax Belgium\" \/>\n<meta property=\"article:modified_time\" content=\"2024-08-20T09:19:58+00:00\" \/>\n<meta property=\"og:image\" content=\"https:\/\/storax.be\/wp-content\/uploads\/sites\/2\/2020\/03\/Regelbare-Tegeldragers.png\" \/>\n\t<meta property=\"og:image:width\" content=\"470\" \/>\n\t<meta property=\"og:image:height\" content=\"470\" \/>\n\t<meta property=\"og:image:type\" content=\"image\/png\" \/>\n<meta name=\"twitter:card\" content=\"summary_large_image\" \/>\n<meta name=\"twitter:label1\" content=\"Dur\u00e9e de lecture estim\u00e9e\" \/>\n\t<meta name=\"twitter:data1\" content=\"2 minutes\" \/>\n<script type=\"application\/ld+json\" class=\"yoast-schema-graph\">{\"@context\":\"https:\\\/\\\/schema.org\",\"@graph\":[{\"@type\":\"WebPage\",\"@id\":\"https:\\\/\\\/storax.be\\\/fr\\\/producten\\\/plots-de-carrelage\\\/supports-de-carrelage\\\/\",\"url\":\"https:\\\/\\\/storax.be\\\/fr\\\/producten\\\/plots-de-carrelage\\\/supports-de-carrelage\\\/\",\"name\":\"Plots de carrelage - Storax Belgium\",\"isPartOf\":{\"@id\":\"https:\\\/\\\/storax.be\\\/fr\\\/#website\"},\"primaryImageOfPage\":{\"@id\":\"https:\\\/\\\/storax.be\\\/fr\\\/producten\\\/plots-de-carrelage\\\/supports-de-carrelage\\\/#primaryimage\"},\"image\":{\"@id\":\"https:\\\/\\\/storax.be\\\/fr\\\/producten\\\/plots-de-carrelage\\\/supports-de-carrelage\\\/#primaryimage\"},\"thumbnailUrl\":\"https:\\\/\\\/storax.be\\\/wp-content\\\/uploads\\\/sites\\\/2\\\/2020\\\/03\\\/Regelbare-Tegeldragers.png\",\"datePublished\":\"2022-07-25T13:42:34+00:00\",\"dateModified\":\"2024-08-20T09:19:58+00:00\",\"breadcrumb\":{\"@id\":\"https:\\\/\\\/storax.be\\\/fr\\\/producten\\\/plots-de-carrelage\\\/supports-de-carrelage\\\/#breadcrumb\"},\"inLanguage\":\"fr-FR\",\"potentialAction\":[{\"@type\":\"ReadAction\",\"target\":[\"https:\\\/\\\/storax.be\\\/fr\\\/producten\\\/plots-de-carrelage\\\/supports-de-carrelage\\\/\"]}]},{\"@type\":\"ImageObject\",\"inLanguage\":\"fr-FR\",\"@id\":\"https:\\\/\\\/storax.be\\\/fr\\\/producten\\\/plots-de-carrelage\\\/supports-de-carrelage\\\/#primaryimage\",\"url\":\"https:\\\/\\\/storax.be\\\/wp-content\\\/uploads\\\/sites\\\/2\\\/2020\\\/03\\\/Regelbare-Tegeldragers.png\",\"contentUrl\":\"https:\\\/\\\/storax.be\\\/wp-content\\\/uploads\\\/sites\\\/2\\\/2020\\\/03\\\/Regelbare-Tegeldragers.png\",\"width\":470,\"height\":470,\"caption\":\"Regelbare Tegeldragers\"},{\"@type\":\"BreadcrumbList\",\"@id\":\"https:\\\/\\\/storax.be\\\/fr\\\/producten\\\/plots-de-carrelage\\\/supports-de-carrelage\\\/#breadcrumb\",\"itemListElement\":[{\"@type\":\"ListItem\",\"position\":1,\"name\":\"Home\",\"item\":\"https:\\\/\\\/storax.be\\\/fr\\\/\"},{\"@type\":\"ListItem\",\"position\":2,\"name\":\"Producten\",\"item\":\"https:\\\/\\\/storax.be\\\/fr\\\/producten\\\/%product_category%\\\/\"},{\"@type\":\"ListItem\",\"position\":3,\"name\":\"Plots de carrelage\",\"item\":\"https:\\\/\\\/storax.be\\\/fr\\\/producten\\\/plots-de-carrelage\\\/\"},{\"@type\":\"ListItem\",\"position\":4,\"name\":\"Plots de carrelage\"}]},{\"@type\":\"WebSite\",\"@id\":\"https:\\\/\\\/storax.be\\\/fr\\\/#website\",\"url\":\"https:\\\/\\\/storax.be\\\/fr\\\/\",\"name\":\"Storax Belgium\",\"description\":\"Uw betrouwbare partner voor bouwprojecten\",\"potentialAction\":[{\"@type\":\"SearchAction\",\"target\":{\"@type\":\"EntryPoint\",\"urlTemplate\":\"https:\\\/\\\/storax.be\\\/fr\\\/?s={search_term_string}\"},\"query-input\":{\"@type\":\"PropertyValueSpecification\",\"valueRequired\":true,\"valueName\":\"search_term_string\"}}],\"inLanguage\":\"fr-FR\"}]}<\/script>\n<!-- \/ Yoast SEO plugin. -->","yoast_head_json":{"title":"Plots de carrelage - Storax Belgium","robots":{"index":"index","follow":"follow","max-snippet":"max-snippet:-1","max-image-preview":"max-image-preview:large","max-video-preview":"max-video-preview:-1"},"canonical":"https:\/\/storax.be\/fr\/producten\/plots-de-carrelage\/supports-de-carrelage\/","og_locale":"fr_FR","og_type":"article","og_title":"Plots de carrelage - Storax Belgium","og_description":"Plots de carrelage r\u00e9glables Les supports de dalles r\u00e9glables Storax sont parfaitement adapt\u00e9s aux dalles et planches en bois pour la terrasse, l&rsquo;annexe ou d&rsquo;autres sols sur\u00e9lev\u00e9s. Ils sont simples et rapides \u00e0 installer et \u00e0 ajuster en hauteur. Gr\u00e2ce \u00e0 leur haute r\u00e9sistance \u00e0 la charge, chaque support peut supporter de 800 \u00e0 1500\u2026","og_url":"https:\/\/storax.be\/fr\/producten\/plots-de-carrelage\/supports-de-carrelage\/","og_site_name":"Storax Belgium","article_modified_time":"2024-08-20T09:19:58+00:00","og_image":[{"width":470,"height":470,"url":"https:\/\/storax.be\/wp-content\/uploads\/sites\/2\/2020\/03\/Regelbare-Tegeldragers.png","type":"image\/png"}],"twitter_card":"summary_large_image","twitter_misc":{"Dur\u00e9e de lecture estim\u00e9e":"2 minutes"},"schema":{"@context":"https:\/\/schema.org","@graph":[{"@type":"WebPage","@id":"https:\/\/storax.be\/fr\/producten\/plots-de-carrelage\/supports-de-carrelage\/","url":"https:\/\/storax.be\/fr\/producten\/plots-de-carrelage\/supports-de-carrelage\/","name":"Plots de carrelage - Storax Belgium","isPartOf":{"@id":"https:\/\/storax.be\/fr\/#website"},"primaryImageOfPage":{"@id":"https:\/\/storax.be\/fr\/producten\/plots-de-carrelage\/supports-de-carrelage\/#primaryimage"},"image":{"@id":"https:\/\/storax.be\/fr\/producten\/plots-de-carrelage\/supports-de-carrelage\/#primaryimage"},"thumbnailUrl":"https:\/\/storax.be\/wp-content\/uploads\/sites\/2\/2020\/03\/Regelbare-Tegeldragers.png","datePublished":"2022-07-25T13:42:34+00:00","dateModified":"2024-08-20T09:19:58+00:00","breadcrumb":{"@id":"https:\/\/storax.be\/fr\/producten\/plots-de-carrelage\/supports-de-carrelage\/#breadcrumb"},"inLanguage":"fr-FR","potentialAction":[{"@type":"ReadAction","target":["https:\/\/storax.be\/fr\/producten\/plots-de-carrelage\/supports-de-carrelage\/"]}]},{"@type":"ImageObject","inLanguage":"fr-FR","@id":"https:\/\/storax.be\/fr\/producten\/plots-de-carrelage\/supports-de-carrelage\/#primaryimage","url":"https:\/\/storax.be\/wp-content\/uploads\/sites\/2\/2020\/03\/Regelbare-Tegeldragers.png","contentUrl":"https:\/\/storax.be\/wp-content\/uploads\/sites\/2\/2020\/03\/Regelbare-Tegeldragers.png","width":470,"height":470,"caption":"Regelbare Tegeldragers"},{"@type":"BreadcrumbList","@id":"https:\/\/storax.be\/fr\/producten\/plots-de-carrelage\/supports-de-carrelage\/#breadcrumb","itemListElement":[{"@type":"ListItem","position":1,"name":"Home","item":"https:\/\/storax.be\/fr\/"},{"@type":"ListItem","position":2,"name":"Producten","item":"https:\/\/storax.be\/fr\/producten\/%product_category%\/"},{"@type":"ListItem","position":3,"name":"Plots de carrelage","item":"https:\/\/storax.be\/fr\/producten\/plots-de-carrelage\/"},{"@type":"ListItem","position":4,"name":"Plots de carrelage"}]},{"@type":"WebSite","@id":"https:\/\/storax.be\/fr\/#website","url":"https:\/\/storax.be\/fr\/","name":"Storax Belgium","description":"Uw betrouwbare partner voor bouwprojecten","potentialAction":[{"@type":"SearchAction","target":{"@type":"EntryPoint","urlTemplate":"https:\/\/storax.be\/fr\/?s={search_term_string}"},"query-input":{"@type":"PropertyValueSpecification","valueRequired":true,"valueName":"search_term_string"}}],"inLanguage":"fr-FR"}]}},"_links":{"self":[{"href":"https:\/\/storax.be\/fr\/wp-json\/wp\/v2\/product\/114842","targetHints":{"allow":["GET"]}}],"collection":[{"href":"https:\/\/storax.be\/fr\/wp-json\/wp\/v2\/product"}],"about":[{"href":"https:\/\/storax.be\/fr\/wp-json\/wp\/v2\/types\/product"}],"wp:featuredmedia":[{"embeddable":true,"href":"https:\/\/storax.be\/fr\/wp-json\/wp\/v2\/media\/109773"}],"wp:attachment":[{"href":"https:\/\/storax.be\/fr\/wp-json\/wp\/v2\/media?parent=114842"}],"wp:term":[{"taxonomy":"product_category","embeddable":true,"href":"https:\/\/storax.be\/fr\/wp-json\/wp\/v2\/product_category?post=114842"},{"taxonomy":"product_tag","embeddable":true,"href":"https:\/\/storax.be\/fr\/wp-json\/wp\/v2\/product_tag?post=114842"}],"curies":[{"name":"wp","href":"https:\/\/api.w.org\/{rel}","templated":true}]}}