{"id":114821,"date":"2022-07-21T09:50:41","date_gmt":"2022-07-21T09:50:41","guid":{"rendered":"https:\/\/storax.be\/?post_type=product&#038;p=114821"},"modified":"2026-01-09T08:25:50","modified_gmt":"2026-01-09T08:25:50","slug":"trappe-de-toit-demaxx","status":"publish","type":"product","link":"https:\/\/storax.be\/fr\/producten\/trappes-de-toit\/trappe-de-toit-demaxx\/","title":{"rendered":"Trappe de toit DEMAXX"},"content":{"rendered":"<h2><b>Trappe de toit durable pour une isolation in\u00e9gal\u00e9e<\/b><\/h2>\n<p><span style=\"font-weight: 400;\">La trappe de toit DEMAXX est \u00e9quip\u00e9e d&rsquo;une rupture de pont thermique compl\u00e8te dans la trappe et le rebord. La trappe de toit est rev\u00eatue de s\u00e9rie de la couleur RAL 7047 et \u00e9quip\u00e9e d&rsquo;une serrure \u00e0 cylindre pour une utilisation de l&rsquo;int\u00e9rieur et de l&rsquo;ext\u00e9rieur.<\/span><\/p>\n<p><strong>Valeur d&rsquo;isolation<\/strong><\/p>\n<p><span style=\"font-weight: 400;\">Le gouvernement impose des exigences de plus en plus strictes en mati\u00e8re d&rsquo;efficacit\u00e9 \u00e9nerg\u00e9tique des b\u00e2timents afin de tendre vers l&rsquo;objectif final : des b\u00e2timents neutres sur le plan \u00e9nerg\u00e9tique. Pour y arriver, il faut des produits de toiture par\u00e9s pour l&rsquo;avenir. La solution ? DEMAXX, une trappe de toit avec une valeur Rc de 8,33 m<\/span><span style=\"font-weight: 400;\">2<\/span><span style=\"font-weight: 400;\">\u00a0K\/W. La trappe et le rebord sont \u00e9quip\u00e9s d&rsquo;une isolation en PIR de 140\u00a0mm, qui permet d&rsquo;atteindre cette valeur d&rsquo;isolation unique.<\/span><\/p>\n<p><strong>Avantages des trappes de toit DEMAXX<\/strong><\/p>\n<ul>\n<li style=\"font-weight: 400;\" aria-level=\"1\"><span style=\"font-weight: 400;\">Trappe et rebord \u00e9quip\u00e9s d&rsquo;une isolation en PIR de 140\u00a0mm<\/span><\/li>\n<li style=\"font-weight: 400;\" aria-level=\"1\"><span style=\"font-weight: 400;\">Valeur Rc de 8,33 m<\/span><span style=\"font-weight: 400;\">2<\/span><span style=\"font-weight: 400;\">\u00a0K\/W<\/span><\/li>\n<li style=\"font-weight: 400;\" aria-level=\"1\"><span style=\"font-weight: 400;\">Valeur d&rsquo;isolation calcul\u00e9e par Peutz<\/span><\/li>\n<li style=\"font-weight: 400;\" aria-level=\"1\"><span style=\"font-weight: 400;\">Fabrication n\u00e9erlandaise avec une empreinte carbone r\u00e9duite<\/span><\/li>\n<li style=\"font-weight: 400;\" aria-level=\"1\"><span style=\"font-weight: 400;\">Disponible dans toutes les couleurs RAL<\/span><\/li>\n<li style=\"font-weight: 400;\" aria-level=\"1\"><span style=\"font-weight: 400;\">Disponible avec cha\u00eenes de s\u00e9curit\u00e9<\/span><\/li>\n<li style=\"font-weight: 400;\" aria-level=\"1\"><span style=\"font-weight: 400;\">Possible sur mesure<\/span><\/li>\n<li style=\"font-weight: 400;\" aria-level=\"1\"><span style=\"font-weight: 400;\">Les trappes de toit DEMAXX sont livr\u00e9es enti\u00e8rement assembl\u00e9es et \u00e9quip\u00e9es d&rsquo;un ou plusieurs v\u00e9rins \u00e0 gaz<\/span><\/li>\n<li style=\"font-weight: 400;\" aria-level=\"1\">La trappe a un angle d&rsquo;ouverture d&rsquo;environ 70\u02da<\/li>\n<li style=\"font-weight: 400;\" aria-level=\"1\"><span style=\"font-weight: 400;\">Le vantail est verrouill\u00e9 en position d&rsquo;ouverture totale<\/span><\/li>\n<li style=\"font-weight: 400;\" aria-level=\"1\"><span style=\"font-weight: 400;\">Tr\u00e8s facile \u00e0 ouvrir et \u00e0 fermer<\/span><\/li>\n<li style=\"font-weight: 400;\" aria-level=\"1\"><span style=\"font-weight: 400;\">Charni\u00e8res et serrures en acier inoxydable<\/span><\/li>\n<li style=\"font-weight: 400;\" aria-level=\"1\"><span style=\"font-weight: 400;\">Poign\u00e9e diagonale \u00e0 l&rsquo;int\u00e9rieur du couvercle pouvant \u00eatre utilis\u00e9e comme main courante pour entrer et sortir en toute s\u00e9curit\u00e9<\/span><\/li>\n<li style=\"font-weight: 400;\" aria-level=\"1\"><span style=\"font-weight: 400;\">Rebord avec rev\u00eatement antid\u00e9rapant<\/span><\/li>\n<li style=\"font-weight: 400;\" aria-level=\"1\"><span style=\"font-weight: 400;\">Serrure cylindrique EURO (60+95) SKG** livr\u00e9e avec 3 cl\u00e9s pour une utilisation de l&rsquo;int\u00e9rieur et de l&rsquo;ext\u00e9rieur<\/span><\/li>\n<li style=\"font-weight: 400;\" aria-level=\"1\"><span style=\"font-weight: 400;\">Charge de 200\u00a0kg\/m<\/span><span style=\"font-weight: 400;\">2<\/span><\/li>\n<\/ul>\n<p><strong>Remarque<\/strong><br \/>\n<span style=\"font-weight: 400;\">En raison du m\u00e9canisme de ressort, l&rsquo;ouverture r\u00e9elle est plus petite que le jour mentionn\u00e9<\/span><\/p>\n<p style=\"font-size: 1.5em; line-height: 32px; font-weight: 600; margin-top: 10px; color: #009ee2;\">Vid\u00e9os<\/p>\n<p><iframe loading=\"lazy\" title=\"Demaxx dakluiken van Storax. Aluminium dakluik met thermische onderbreking.\" width=\"500\" height=\"281\" src=\"https:\/\/www.youtube.com\/embed\/PEisEqJdU0U?feature=oembed\" frameborder=\"0\" allow=\"accelerometer; autoplay; clipboard-write; encrypted-media; gyroscope; picture-in-picture; web-share\" referrerpolicy=\"strict-origin-when-cross-origin\" allowfullscreen><\/iframe><\/p>\n<p><iframe loading=\"lazy\" src=\"https:\/\/www.youtube.com\/embed\/2XS9bZtzbgw?rel=0 allowfullscreen=\" width=\"100%\" height=\"400\" frameborder=\"0\" data-mce-fragment=\"1\"><\/iframe><\/p>\n","protected":false},"excerpt":{"rendered":"<p>Trappe de toit durable pour une isolation in\u00e9gal\u00e9e La trappe de toit DEMAXX est \u00e9quip\u00e9e d&rsquo;une rupture de pont thermique compl\u00e8te dans la trappe et le rebord. La trappe de toit est rev\u00eatue de s\u00e9rie de la couleur RAL 7047 et \u00e9quip\u00e9e d&rsquo;une serrure \u00e0 cylindre pour une utilisation de l&rsquo;int\u00e9rieur et de l&rsquo;ext\u00e9rieur. Valeur\u2026<\/p>\n","protected":false},"featured_media":117080,"template":"","meta":{"_acf_changed":false},"product_category":[591],"product_tag":[],"class_list":["post-114821","product","type-product","status-publish","has-post-thumbnail","hentry","product_category-trappes-de-toit"],"acf":[],"yoast_head":"<!-- This site is optimized with the Yoast SEO plugin v27.3 - https:\/\/yoast.com\/product\/yoast-seo-wordpress\/ -->\n<title>Trappe de toit DEMAXX - Storax Belgium<\/title>\n<meta name=\"robots\" content=\"index, follow, max-snippet:-1, max-image-preview:large, max-video-preview:-1\" \/>\n<link rel=\"canonical\" href=\"https:\/\/storax.be\/fr\/producten\/trappes-de-toit\/trappe-de-toit-demaxx\/\" \/>\n<meta property=\"og:locale\" content=\"fr_FR\" \/>\n<meta property=\"og:type\" content=\"article\" \/>\n<meta property=\"og:title\" content=\"Trappe de toit DEMAXX - Storax Belgium\" \/>\n<meta property=\"og:description\" content=\"Trappe de toit durable pour une isolation in\u00e9gal\u00e9e La trappe de toit DEMAXX est \u00e9quip\u00e9e d&rsquo;une rupture de pont thermique compl\u00e8te dans la trappe et le rebord. La trappe de toit est rev\u00eatue de s\u00e9rie de la couleur RAL 7047 et \u00e9quip\u00e9e d&rsquo;une serrure \u00e0 cylindre pour une utilisation de l&rsquo;int\u00e9rieur et de l&rsquo;ext\u00e9rieur. Valeur\u2026\" \/>\n<meta property=\"og:url\" content=\"https:\/\/storax.be\/fr\/producten\/trappes-de-toit\/trappe-de-toit-demaxx\/\" \/>\n<meta property=\"og:site_name\" content=\"Storax Belgium\" \/>\n<meta property=\"article:modified_time\" content=\"2026-01-09T08:25:50+00:00\" \/>\n<meta property=\"og:image\" content=\"https:\/\/storax.be\/wp-content\/uploads\/sites\/2\/2019\/03\/luik-DEMAXX-website-470-2.jpg\" \/>\n\t<meta property=\"og:image:width\" content=\"470\" \/>\n\t<meta property=\"og:image:height\" content=\"470\" \/>\n\t<meta property=\"og:image:type\" content=\"image\/jpeg\" \/>\n<meta name=\"twitter:card\" content=\"summary_large_image\" \/>\n<meta name=\"twitter:label1\" content=\"Dur\u00e9e de lecture estim\u00e9e\" \/>\n\t<meta name=\"twitter:data1\" content=\"2 minutes\" \/>\n<script type=\"application\/ld+json\" class=\"yoast-schema-graph\">{\"@context\":\"https:\\\/\\\/schema.org\",\"@graph\":[{\"@type\":\"WebPage\",\"@id\":\"https:\\\/\\\/storax.be\\\/fr\\\/producten\\\/trappes-de-toit\\\/trappe-de-toit-demaxx\\\/\",\"url\":\"https:\\\/\\\/storax.be\\\/fr\\\/producten\\\/trappes-de-toit\\\/trappe-de-toit-demaxx\\\/\",\"name\":\"Trappe de toit DEMAXX - Storax Belgium\",\"isPartOf\":{\"@id\":\"https:\\\/\\\/storax.be\\\/fr\\\/#website\"},\"primaryImageOfPage\":{\"@id\":\"https:\\\/\\\/storax.be\\\/fr\\\/producten\\\/trappes-de-toit\\\/trappe-de-toit-demaxx\\\/#primaryimage\"},\"image\":{\"@id\":\"https:\\\/\\\/storax.be\\\/fr\\\/producten\\\/trappes-de-toit\\\/trappe-de-toit-demaxx\\\/#primaryimage\"},\"thumbnailUrl\":\"https:\\\/\\\/storax.be\\\/wp-content\\\/uploads\\\/sites\\\/2\\\/2019\\\/03\\\/luik-DEMAXX-website-470-2.jpg\",\"datePublished\":\"2022-07-21T09:50:41+00:00\",\"dateModified\":\"2026-01-09T08:25:50+00:00\",\"breadcrumb\":{\"@id\":\"https:\\\/\\\/storax.be\\\/fr\\\/producten\\\/trappes-de-toit\\\/trappe-de-toit-demaxx\\\/#breadcrumb\"},\"inLanguage\":\"fr-FR\",\"potentialAction\":[{\"@type\":\"ReadAction\",\"target\":[\"https:\\\/\\\/storax.be\\\/fr\\\/producten\\\/trappes-de-toit\\\/trappe-de-toit-demaxx\\\/\"]}]},{\"@type\":\"ImageObject\",\"inLanguage\":\"fr-FR\",\"@id\":\"https:\\\/\\\/storax.be\\\/fr\\\/producten\\\/trappes-de-toit\\\/trappe-de-toit-demaxx\\\/#primaryimage\",\"url\":\"https:\\\/\\\/storax.be\\\/wp-content\\\/uploads\\\/sites\\\/2\\\/2019\\\/03\\\/luik-DEMAXX-website-470-2.jpg\",\"contentUrl\":\"https:\\\/\\\/storax.be\\\/wp-content\\\/uploads\\\/sites\\\/2\\\/2019\\\/03\\\/luik-DEMAXX-website-470-2.jpg\",\"width\":470,\"height\":470},{\"@type\":\"BreadcrumbList\",\"@id\":\"https:\\\/\\\/storax.be\\\/fr\\\/producten\\\/trappes-de-toit\\\/trappe-de-toit-demaxx\\\/#breadcrumb\",\"itemListElement\":[{\"@type\":\"ListItem\",\"position\":1,\"name\":\"Home\",\"item\":\"https:\\\/\\\/storax.be\\\/fr\\\/\"},{\"@type\":\"ListItem\",\"position\":2,\"name\":\"Producten\",\"item\":\"https:\\\/\\\/storax.be\\\/fr\\\/producten\\\/%product_category%\\\/\"},{\"@type\":\"ListItem\",\"position\":3,\"name\":\"Trappes de toit\",\"item\":\"https:\\\/\\\/storax.be\\\/fr\\\/producten\\\/trappes-de-toit\\\/\"},{\"@type\":\"ListItem\",\"position\":4,\"name\":\"Trappe de toit DEMAXX\"}]},{\"@type\":\"WebSite\",\"@id\":\"https:\\\/\\\/storax.be\\\/fr\\\/#website\",\"url\":\"https:\\\/\\\/storax.be\\\/fr\\\/\",\"name\":\"Storax Belgium\",\"description\":\"Uw betrouwbare partner voor bouwprojecten\",\"potentialAction\":[{\"@type\":\"SearchAction\",\"target\":{\"@type\":\"EntryPoint\",\"urlTemplate\":\"https:\\\/\\\/storax.be\\\/fr\\\/?s={search_term_string}\"},\"query-input\":{\"@type\":\"PropertyValueSpecification\",\"valueRequired\":true,\"valueName\":\"search_term_string\"}}],\"inLanguage\":\"fr-FR\"}]}<\/script>\n<!-- \/ Yoast SEO plugin. -->","yoast_head_json":{"title":"Trappe de toit DEMAXX - Storax Belgium","robots":{"index":"index","follow":"follow","max-snippet":"max-snippet:-1","max-image-preview":"max-image-preview:large","max-video-preview":"max-video-preview:-1"},"canonical":"https:\/\/storax.be\/fr\/producten\/trappes-de-toit\/trappe-de-toit-demaxx\/","og_locale":"fr_FR","og_type":"article","og_title":"Trappe de toit DEMAXX - Storax Belgium","og_description":"Trappe de toit durable pour une isolation in\u00e9gal\u00e9e La trappe de toit DEMAXX est \u00e9quip\u00e9e d&rsquo;une rupture de pont thermique compl\u00e8te dans la trappe et le rebord. La trappe de toit est rev\u00eatue de s\u00e9rie de la couleur RAL 7047 et \u00e9quip\u00e9e d&rsquo;une serrure \u00e0 cylindre pour une utilisation de l&rsquo;int\u00e9rieur et de l&rsquo;ext\u00e9rieur. Valeur\u2026","og_url":"https:\/\/storax.be\/fr\/producten\/trappes-de-toit\/trappe-de-toit-demaxx\/","og_site_name":"Storax Belgium","article_modified_time":"2026-01-09T08:25:50+00:00","og_image":[{"width":470,"height":470,"url":"https:\/\/storax.be\/wp-content\/uploads\/sites\/2\/2019\/03\/luik-DEMAXX-website-470-2.jpg","type":"image\/jpeg"}],"twitter_card":"summary_large_image","twitter_misc":{"Dur\u00e9e de lecture estim\u00e9e":"2 minutes"},"schema":{"@context":"https:\/\/schema.org","@graph":[{"@type":"WebPage","@id":"https:\/\/storax.be\/fr\/producten\/trappes-de-toit\/trappe-de-toit-demaxx\/","url":"https:\/\/storax.be\/fr\/producten\/trappes-de-toit\/trappe-de-toit-demaxx\/","name":"Trappe de toit DEMAXX - Storax Belgium","isPartOf":{"@id":"https:\/\/storax.be\/fr\/#website"},"primaryImageOfPage":{"@id":"https:\/\/storax.be\/fr\/producten\/trappes-de-toit\/trappe-de-toit-demaxx\/#primaryimage"},"image":{"@id":"https:\/\/storax.be\/fr\/producten\/trappes-de-toit\/trappe-de-toit-demaxx\/#primaryimage"},"thumbnailUrl":"https:\/\/storax.be\/wp-content\/uploads\/sites\/2\/2019\/03\/luik-DEMAXX-website-470-2.jpg","datePublished":"2022-07-21T09:50:41+00:00","dateModified":"2026-01-09T08:25:50+00:00","breadcrumb":{"@id":"https:\/\/storax.be\/fr\/producten\/trappes-de-toit\/trappe-de-toit-demaxx\/#breadcrumb"},"inLanguage":"fr-FR","potentialAction":[{"@type":"ReadAction","target":["https:\/\/storax.be\/fr\/producten\/trappes-de-toit\/trappe-de-toit-demaxx\/"]}]},{"@type":"ImageObject","inLanguage":"fr-FR","@id":"https:\/\/storax.be\/fr\/producten\/trappes-de-toit\/trappe-de-toit-demaxx\/#primaryimage","url":"https:\/\/storax.be\/wp-content\/uploads\/sites\/2\/2019\/03\/luik-DEMAXX-website-470-2.jpg","contentUrl":"https:\/\/storax.be\/wp-content\/uploads\/sites\/2\/2019\/03\/luik-DEMAXX-website-470-2.jpg","width":470,"height":470},{"@type":"BreadcrumbList","@id":"https:\/\/storax.be\/fr\/producten\/trappes-de-toit\/trappe-de-toit-demaxx\/#breadcrumb","itemListElement":[{"@type":"ListItem","position":1,"name":"Home","item":"https:\/\/storax.be\/fr\/"},{"@type":"ListItem","position":2,"name":"Producten","item":"https:\/\/storax.be\/fr\/producten\/%product_category%\/"},{"@type":"ListItem","position":3,"name":"Trappes de toit","item":"https:\/\/storax.be\/fr\/producten\/trappes-de-toit\/"},{"@type":"ListItem","position":4,"name":"Trappe de toit DEMAXX"}]},{"@type":"WebSite","@id":"https:\/\/storax.be\/fr\/#website","url":"https:\/\/storax.be\/fr\/","name":"Storax Belgium","description":"Uw betrouwbare partner voor bouwprojecten","potentialAction":[{"@type":"SearchAction","target":{"@type":"EntryPoint","urlTemplate":"https:\/\/storax.be\/fr\/?s={search_term_string}"},"query-input":{"@type":"PropertyValueSpecification","valueRequired":true,"valueName":"search_term_string"}}],"inLanguage":"fr-FR"}]}},"_links":{"self":[{"href":"https:\/\/storax.be\/fr\/wp-json\/wp\/v2\/product\/114821","targetHints":{"allow":["GET"]}}],"collection":[{"href":"https:\/\/storax.be\/fr\/wp-json\/wp\/v2\/product"}],"about":[{"href":"https:\/\/storax.be\/fr\/wp-json\/wp\/v2\/types\/product"}],"wp:featuredmedia":[{"embeddable":true,"href":"https:\/\/storax.be\/fr\/wp-json\/wp\/v2\/media\/117080"}],"wp:attachment":[{"href":"https:\/\/storax.be\/fr\/wp-json\/wp\/v2\/media?parent=114821"}],"wp:term":[{"taxonomy":"product_category","embeddable":true,"href":"https:\/\/storax.be\/fr\/wp-json\/wp\/v2\/product_category?post=114821"},{"taxonomy":"product_tag","embeddable":true,"href":"https:\/\/storax.be\/fr\/wp-json\/wp\/v2\/product_tag?post=114821"}],"curies":[{"name":"wp","href":"https:\/\/api.w.org\/{rel}","templated":true}]}}