{"id":114815,"date":"2022-07-21T09:31:23","date_gmt":"2022-07-21T09:31:23","guid":{"rendered":"https:\/\/storax.be\/?post_type=product&#038;p=114815"},"modified":"2024-05-16T07:37:58","modified_gmt":"2024-05-16T07:37:58","slug":"tapis-de-bain-antiderapant","status":"publish","type":"product","link":"https:\/\/storax.be\/fr\/producten\/badmatten-fr\/tapis-de-bain-antiderapant\/","title":{"rendered":"Tapis de bain antid\u00e9rapant"},"content":{"rendered":"\n<h2 class=\"wp-block-heading\">Profil\u00e9s en PVC doux avec profil antid\u00e9rapant<\/h2>\n\n\n\n<p>L&rsquo;\u00e9videment dans le profil inf\u00e9rieur permet un bon drainage. Nos tapis de bain sont id\u00e9aux pour pr\u00e9venir les chutes dans les piscines, les douches et les vestiaires. Les tapis de bain sont disponibles en trois types : 88, 93 et 96.<\/p>\n\n\n\n<div class=\"wp-block-media-text alignwide has-media-on-the-right is-stacked-on-mobile is-image-fill\" style=\"grid-template-columns:auto 30%\"><figure class=\"wp-block-media-text__media\" style=\"background-image:url(https:\/\/www.storax.nl\/wp-content\/uploads\/2023\/07\/badmat-type-88.jpg);background-position:50% 50%\"><img decoding=\"async\" src=\"https:\/\/www.storax.nl\/wp-content\/uploads\/2023\/07\/badmat-type-88.jpg\" alt=\"\" class=\"wp-image-117075 size-full\"\/><\/figure><div class=\"wp-block-media-text__content\">\n<p><strong>Tapis de bain type 88<\/strong><\/p>\n\n\n\n<ul class=\"wp-block-list\"><li>Lame sup\u00e9rieure large <\/li><li>Largeurs : 60-80-100 cm <\/li><li>Couleurs : bleu, rouge, jaune, beige, blanc, gris et noir<\/li><li>Enroulable et antid\u00e9rapant selon la classe C DIN 51097<\/li><li>Pas de fabrication sur mesure pour des dimensions<\/li><li>diff\u00e9rentes Convient pour : piscines, vestiaires, centres de bien-\u00eatre et h\u00f4pitaux<\/li><\/ul>\n<\/div><\/div>\n\n\n\n<div class=\"wp-block-media-text alignwide is-stacked-on-mobile is-image-fill\" style=\"grid-template-columns:30% auto\"><figure class=\"wp-block-media-text__media\" style=\"background-image:url(https:\/\/www.storax.nl\/wp-content\/uploads\/2023\/07\/93.jpg);background-position:50% 50%\"><img decoding=\"async\" src=\"https:\/\/www.storax.nl\/wp-content\/uploads\/2023\/07\/93.jpg\" alt=\"\" class=\"wp-image-117073 size-full\"\/><\/figure><div class=\"wp-block-media-text__content\">\n<p><strong>Tapis de bain type 93 (antibact\u00e9rien)<\/strong><\/p>\n\n\n\n<ul class=\"wp-block-list\"><li>Lame sup\u00e9rieure \u00e9troite <\/li><li>Largeurs : 40-50-60-80-100-120 cm (\u00e9galement disponible dans des largeurs diff\u00e9rentes) <\/li><li>Couleurs : bleu, rouge, jaune, vert, ivoire, gris, menthe, blanc, brun et noir <\/li><li>Fabriqu\u00e9 en PVC souple Effet antibact\u00e9rien pour emp\u00eacher la formation de moisissures et de bact\u00e9ries<\/li><li>Enroulable et antid\u00e9rapant selon la classe C DIN 5109<\/li><li>Dot\u00e9 d&rsquo;une rainure de drainage int\u00e9gr\u00e9e permettant \u00e0 l&rsquo;eau de s&rsquo;\u00e9couler de tous les c\u00f4t\u00e9s. <\/li><li>Convient pour : piscines, vestiaires, centres de bien-\u00eatre et h\u00f4pitaux<\/li><\/ul>\n<\/div><\/div>\n\n\n\n<div class=\"wp-block-media-text alignwide has-media-on-the-right is-stacked-on-mobile is-image-fill\" style=\"grid-template-columns:auto 30%\"><figure class=\"wp-block-media-text__media\" style=\"background-image:url(https:\/\/www.storax.nl\/wp-content\/uploads\/2023\/07\/type-96.jpg);background-position:50% 50%\"><img decoding=\"async\" src=\"https:\/\/www.storax.nl\/wp-content\/uploads\/2023\/07\/type-96.jpg\" alt=\"\" class=\"wp-image-117078 size-full\"\/><\/figure><div class=\"wp-block-media-text__content\">\n<p><strong>Tapis de bain type 96<\/strong><\/p>\n\n\n\n<ul class=\"wp-block-list\"><li>Lame sup\u00e9rieure \u00e9troite<\/li><li>Largeurs : 40-60-80-100-120 cm (\u00e9galement disponible dans des largeurs diff\u00e9rentes)<\/li><li>Couleurs : bleu, rouge, jaune, vert, ivoire, gris et menthe<\/li><li>Fabriqu\u00e9 en PVC souple<\/li><li>Enroulable et antid\u00e9rapant selon la classe C DIN 5109<\/li><li>Dot\u00e9 d&rsquo;une rainure de drainage int\u00e9gr\u00e9e permettant \u00e0 l&rsquo;eau de s&rsquo;\u00e9couler de tous les c\u00f4t\u00e9s.<\/li><li>Convient pour : piscines, vestiaires, centres de bien-\u00eatre et h\u00f4pitaux<\/li><\/ul>\n<\/div><\/div>\n\n\n\n<div class=\"wp-block-columns is-layout-flex wp-container-core-columns-is-layout-9d6595d7 wp-block-columns-is-layout-flex\">\n<div class=\"wp-block-column is-layout-flow wp-block-column-is-layout-flow\" style=\"flex-basis:100%\"><\/div>\n<\/div>\n","protected":false},"excerpt":{"rendered":"<p>Profil\u00e9s en PVC doux avec profil antid\u00e9rapant L&rsquo;\u00e9videment dans le profil inf\u00e9rieur permet un bon drainage. Nos tapis de bain sont id\u00e9aux pour pr\u00e9venir les chutes dans les piscines, les douches et les vestiaires. Les tapis de bain sont disponibles en trois types : 88, 93 et 96. Tapis de bain type 88 Lame sup\u00e9rieure\u2026<\/p>\n","protected":false},"featured_media":111717,"template":"","meta":{"_acf_changed":false},"product_category":[584,587],"product_tag":[],"class_list":["post-114815","product","type-product","status-publish","has-post-thumbnail","hentry","product_category-antiderapant","product_category-badmatten-fr"],"acf":[],"yoast_head":"<!-- This site is optimized with the Yoast SEO plugin v27.3 - https:\/\/yoast.com\/product\/yoast-seo-wordpress\/ -->\n<title>Tapis de bain antid\u00e9rapant - Storax Belgium<\/title>\n<meta name=\"robots\" content=\"index, follow, max-snippet:-1, max-image-preview:large, max-video-preview:-1\" \/>\n<link rel=\"canonical\" href=\"https:\/\/storax.be\/fr\/producten\/badmatten-fr\/tapis-de-bain-antiderapant\/\" \/>\n<meta property=\"og:locale\" content=\"fr_FR\" \/>\n<meta property=\"og:type\" content=\"article\" \/>\n<meta property=\"og:title\" content=\"Tapis de bain antid\u00e9rapant - Storax Belgium\" \/>\n<meta property=\"og:description\" content=\"Profil\u00e9s en PVC doux avec profil antid\u00e9rapant L&rsquo;\u00e9videment dans le profil inf\u00e9rieur permet un bon drainage. Nos tapis de bain sont id\u00e9aux pour pr\u00e9venir les chutes dans les piscines, les douches et les vestiaires. Les tapis de bain sont disponibles en trois types : 88, 93 et 96. Tapis de bain type 88 Lame sup\u00e9rieure\u2026\" \/>\n<meta property=\"og:url\" content=\"https:\/\/storax.be\/fr\/producten\/badmatten-fr\/tapis-de-bain-antiderapant\/\" \/>\n<meta property=\"og:site_name\" content=\"Storax Belgium\" \/>\n<meta property=\"article:modified_time\" content=\"2024-05-16T07:37:58+00:00\" \/>\n<meta property=\"og:image\" content=\"https:\/\/storax.be\/wp-content\/uploads\/sites\/2\/2019\/10\/slice1.png\" \/>\n\t<meta property=\"og:image:width\" content=\"470\" \/>\n\t<meta property=\"og:image:height\" content=\"470\" \/>\n\t<meta property=\"og:image:type\" content=\"image\/png\" \/>\n<meta name=\"twitter:card\" content=\"summary_large_image\" \/>\n<meta name=\"twitter:label1\" content=\"Dur\u00e9e de lecture estim\u00e9e\" \/>\n\t<meta name=\"twitter:data1\" content=\"2 minutes\" \/>\n<script type=\"application\/ld+json\" class=\"yoast-schema-graph\">{\"@context\":\"https:\\\/\\\/schema.org\",\"@graph\":[{\"@type\":\"WebPage\",\"@id\":\"https:\\\/\\\/storax.be\\\/fr\\\/producten\\\/badmatten-fr\\\/tapis-de-bain-antiderapant\\\/\",\"url\":\"https:\\\/\\\/storax.be\\\/fr\\\/producten\\\/badmatten-fr\\\/tapis-de-bain-antiderapant\\\/\",\"name\":\"Tapis de bain antid\u00e9rapant - Storax Belgium\",\"isPartOf\":{\"@id\":\"https:\\\/\\\/storax.be\\\/fr\\\/#website\"},\"primaryImageOfPage\":{\"@id\":\"https:\\\/\\\/storax.be\\\/fr\\\/producten\\\/badmatten-fr\\\/tapis-de-bain-antiderapant\\\/#primaryimage\"},\"image\":{\"@id\":\"https:\\\/\\\/storax.be\\\/fr\\\/producten\\\/badmatten-fr\\\/tapis-de-bain-antiderapant\\\/#primaryimage\"},\"thumbnailUrl\":\"https:\\\/\\\/storax.be\\\/wp-content\\\/uploads\\\/sites\\\/2\\\/2019\\\/10\\\/slice1.png\",\"datePublished\":\"2022-07-21T09:31:23+00:00\",\"dateModified\":\"2024-05-16T07:37:58+00:00\",\"breadcrumb\":{\"@id\":\"https:\\\/\\\/storax.be\\\/fr\\\/producten\\\/badmatten-fr\\\/tapis-de-bain-antiderapant\\\/#breadcrumb\"},\"inLanguage\":\"fr-FR\",\"potentialAction\":[{\"@type\":\"ReadAction\",\"target\":[\"https:\\\/\\\/storax.be\\\/fr\\\/producten\\\/badmatten-fr\\\/tapis-de-bain-antiderapant\\\/\"]}]},{\"@type\":\"ImageObject\",\"inLanguage\":\"fr-FR\",\"@id\":\"https:\\\/\\\/storax.be\\\/fr\\\/producten\\\/badmatten-fr\\\/tapis-de-bain-antiderapant\\\/#primaryimage\",\"url\":\"https:\\\/\\\/storax.be\\\/wp-content\\\/uploads\\\/sites\\\/2\\\/2019\\\/10\\\/slice1.png\",\"contentUrl\":\"https:\\\/\\\/storax.be\\\/wp-content\\\/uploads\\\/sites\\\/2\\\/2019\\\/10\\\/slice1.png\",\"width\":470,\"height\":470},{\"@type\":\"BreadcrumbList\",\"@id\":\"https:\\\/\\\/storax.be\\\/fr\\\/producten\\\/badmatten-fr\\\/tapis-de-bain-antiderapant\\\/#breadcrumb\",\"itemListElement\":[{\"@type\":\"ListItem\",\"position\":1,\"name\":\"Home\",\"item\":\"https:\\\/\\\/storax.be\\\/fr\\\/\"},{\"@type\":\"ListItem\",\"position\":2,\"name\":\"Producten\",\"item\":\"https:\\\/\\\/storax.be\\\/fr\\\/producten\\\/%product_category%\\\/\"},{\"@type\":\"ListItem\",\"position\":3,\"name\":\"Antid\u00e9rapant\",\"item\":\"https:\\\/\\\/storax.be\\\/fr\\\/producten\\\/antiderapant\\\/\"},{\"@type\":\"ListItem\",\"position\":4,\"name\":\"Tapis de bain antid\u00e9rapant\"}]},{\"@type\":\"WebSite\",\"@id\":\"https:\\\/\\\/storax.be\\\/fr\\\/#website\",\"url\":\"https:\\\/\\\/storax.be\\\/fr\\\/\",\"name\":\"Storax Belgium\",\"description\":\"Uw betrouwbare partner voor bouwprojecten\",\"potentialAction\":[{\"@type\":\"SearchAction\",\"target\":{\"@type\":\"EntryPoint\",\"urlTemplate\":\"https:\\\/\\\/storax.be\\\/fr\\\/?s={search_term_string}\"},\"query-input\":{\"@type\":\"PropertyValueSpecification\",\"valueRequired\":true,\"valueName\":\"search_term_string\"}}],\"inLanguage\":\"fr-FR\"}]}<\/script>\n<!-- \/ Yoast SEO plugin. -->","yoast_head_json":{"title":"Tapis de bain antid\u00e9rapant - Storax Belgium","robots":{"index":"index","follow":"follow","max-snippet":"max-snippet:-1","max-image-preview":"max-image-preview:large","max-video-preview":"max-video-preview:-1"},"canonical":"https:\/\/storax.be\/fr\/producten\/badmatten-fr\/tapis-de-bain-antiderapant\/","og_locale":"fr_FR","og_type":"article","og_title":"Tapis de bain antid\u00e9rapant - Storax Belgium","og_description":"Profil\u00e9s en PVC doux avec profil antid\u00e9rapant L&rsquo;\u00e9videment dans le profil inf\u00e9rieur permet un bon drainage. Nos tapis de bain sont id\u00e9aux pour pr\u00e9venir les chutes dans les piscines, les douches et les vestiaires. Les tapis de bain sont disponibles en trois types : 88, 93 et 96. Tapis de bain type 88 Lame sup\u00e9rieure\u2026","og_url":"https:\/\/storax.be\/fr\/producten\/badmatten-fr\/tapis-de-bain-antiderapant\/","og_site_name":"Storax Belgium","article_modified_time":"2024-05-16T07:37:58+00:00","og_image":[{"width":470,"height":470,"url":"https:\/\/storax.be\/wp-content\/uploads\/sites\/2\/2019\/10\/slice1.png","type":"image\/png"}],"twitter_card":"summary_large_image","twitter_misc":{"Dur\u00e9e de lecture estim\u00e9e":"2 minutes"},"schema":{"@context":"https:\/\/schema.org","@graph":[{"@type":"WebPage","@id":"https:\/\/storax.be\/fr\/producten\/badmatten-fr\/tapis-de-bain-antiderapant\/","url":"https:\/\/storax.be\/fr\/producten\/badmatten-fr\/tapis-de-bain-antiderapant\/","name":"Tapis de bain antid\u00e9rapant - Storax Belgium","isPartOf":{"@id":"https:\/\/storax.be\/fr\/#website"},"primaryImageOfPage":{"@id":"https:\/\/storax.be\/fr\/producten\/badmatten-fr\/tapis-de-bain-antiderapant\/#primaryimage"},"image":{"@id":"https:\/\/storax.be\/fr\/producten\/badmatten-fr\/tapis-de-bain-antiderapant\/#primaryimage"},"thumbnailUrl":"https:\/\/storax.be\/wp-content\/uploads\/sites\/2\/2019\/10\/slice1.png","datePublished":"2022-07-21T09:31:23+00:00","dateModified":"2024-05-16T07:37:58+00:00","breadcrumb":{"@id":"https:\/\/storax.be\/fr\/producten\/badmatten-fr\/tapis-de-bain-antiderapant\/#breadcrumb"},"inLanguage":"fr-FR","potentialAction":[{"@type":"ReadAction","target":["https:\/\/storax.be\/fr\/producten\/badmatten-fr\/tapis-de-bain-antiderapant\/"]}]},{"@type":"ImageObject","inLanguage":"fr-FR","@id":"https:\/\/storax.be\/fr\/producten\/badmatten-fr\/tapis-de-bain-antiderapant\/#primaryimage","url":"https:\/\/storax.be\/wp-content\/uploads\/sites\/2\/2019\/10\/slice1.png","contentUrl":"https:\/\/storax.be\/wp-content\/uploads\/sites\/2\/2019\/10\/slice1.png","width":470,"height":470},{"@type":"BreadcrumbList","@id":"https:\/\/storax.be\/fr\/producten\/badmatten-fr\/tapis-de-bain-antiderapant\/#breadcrumb","itemListElement":[{"@type":"ListItem","position":1,"name":"Home","item":"https:\/\/storax.be\/fr\/"},{"@type":"ListItem","position":2,"name":"Producten","item":"https:\/\/storax.be\/fr\/producten\/%product_category%\/"},{"@type":"ListItem","position":3,"name":"Antid\u00e9rapant","item":"https:\/\/storax.be\/fr\/producten\/antiderapant\/"},{"@type":"ListItem","position":4,"name":"Tapis de bain antid\u00e9rapant"}]},{"@type":"WebSite","@id":"https:\/\/storax.be\/fr\/#website","url":"https:\/\/storax.be\/fr\/","name":"Storax Belgium","description":"Uw betrouwbare partner voor bouwprojecten","potentialAction":[{"@type":"SearchAction","target":{"@type":"EntryPoint","urlTemplate":"https:\/\/storax.be\/fr\/?s={search_term_string}"},"query-input":{"@type":"PropertyValueSpecification","valueRequired":true,"valueName":"search_term_string"}}],"inLanguage":"fr-FR"}]}},"_links":{"self":[{"href":"https:\/\/storax.be\/fr\/wp-json\/wp\/v2\/product\/114815","targetHints":{"allow":["GET"]}}],"collection":[{"href":"https:\/\/storax.be\/fr\/wp-json\/wp\/v2\/product"}],"about":[{"href":"https:\/\/storax.be\/fr\/wp-json\/wp\/v2\/types\/product"}],"wp:featuredmedia":[{"embeddable":true,"href":"https:\/\/storax.be\/fr\/wp-json\/wp\/v2\/media\/111717"}],"wp:attachment":[{"href":"https:\/\/storax.be\/fr\/wp-json\/wp\/v2\/media?parent=114815"}],"wp:term":[{"taxonomy":"product_category","embeddable":true,"href":"https:\/\/storax.be\/fr\/wp-json\/wp\/v2\/product_category?post=114815"},{"taxonomy":"product_tag","embeddable":true,"href":"https:\/\/storax.be\/fr\/wp-json\/wp\/v2\/product_tag?post=114815"}],"curies":[{"name":"wp","href":"https:\/\/api.w.org\/{rel}","templated":true}]}}