{"id":114782,"date":"2022-07-14T14:21:51","date_gmt":"2022-07-14T14:21:51","guid":{"rendered":"https:\/\/storax.be\/?post_type=product&#038;p=114782"},"modified":"2024-05-16T07:37:57","modified_gmt":"2024-05-16T07:37:57","slug":"mini-bandes-antiderapantes","status":"publish","type":"product","link":"https:\/\/storax.be\/fr\/producten\/antiderapant\/mini-bandes-antiderapantes\/","title":{"rendered":"Mini-bandes antid\u00e9rapantes"},"content":{"rendered":"\r\n<p>&nbsp;<\/p>\r\n\r\n\r\n\r\n<p><span style=\"font-weight: 400;\">Les mini-bandes antid\u00e9rapantes Ultragrip sont des profil\u00e9s antid\u00e9rapants en polyester renforc\u00e9 de fibres de verre munis d&rsquo;un rev\u00eatement antid\u00e9rapant \u00e0 structure granulaire. Les bandes sont id\u00e9ales pour rendre les lames de terrasses antid\u00e9rapantes.<\/span><\/p>\r\n<p><strong>Caract\u00e9ristiques des mini-bandes<\/strong><\/p>\r\n<ul>\r\n<li style=\"font-weight: 400;\" aria-level=\"1\"><span style=\"font-weight: 400;\">Surface antid\u00e9rapante extr\u00eamement r\u00e9sistante<\/span><\/li>\r\n<li style=\"font-weight: 400;\" aria-level=\"1\"><span style=\"font-weight: 400;\">Facile \u00e0 poser<\/span><\/li>\r\n<li style=\"font-weight: 400;\" aria-level=\"1\"><span style=\"font-weight: 400;\">R\u00e9siste \u00e0 l&rsquo;eau et \u00e0 la pourriture<\/span><\/li>\r\n<li style=\"font-weight: 400;\" aria-level=\"1\"><span style=\"font-weight: 400;\">Sans entretien<\/span><\/li>\r\n<li style=\"font-weight: 400;\" aria-level=\"1\"><span style=\"font-weight: 400;\">Choix de 2\u00a0largeurs<\/span><\/li>\r\n<li style=\"font-weight: 400;\" aria-level=\"1\"><span style=\"font-weight: 400;\">Disponible en noir (autres couleurs RAL sur demande)<\/span><\/li>\r\n<\/ul>\r\n<p><strong>Convient pour<\/strong><\/p>\r\n<ul>\r\n<li style=\"font-weight: 400;\" aria-level=\"1\"><span style=\"font-weight: 400;\">Galeries<\/span><\/li>\r\n<li style=\"font-weight: 400;\" aria-level=\"1\"><span style=\"font-weight: 400;\">Ponts<\/span><\/li>\r\n<li style=\"font-weight: 400;\" aria-level=\"1\"><span style=\"font-weight: 400;\">Lames en bankirai \/ bois (dur)<\/span><\/li>\r\n<li style=\"font-weight: 400;\" aria-level=\"1\"><span style=\"font-weight: 400;\">Escaliers en bois<\/span><\/li>\r\n<li style=\"font-weight: 400;\" aria-level=\"1\"><span style=\"font-weight: 400;\">Lames de terrasse<\/span><\/li>\r\n<\/ul>\r\n\r\n\r\n\r\n<p><strong>Disponible en <br \/><\/strong><span style=\"font-weight: 400;\">Largeur: 5 mm. &#8211; <\/span><span style=\"font-weight: 400;\">Longeur:\u00a0 1000 mm.<br \/><\/span><span style=\"font-weight: 400;\">Largeur: 10 mm. &#8211; <\/span><span style=\"font-weight: 400;\">Longeur:\u00a0 1000 mm.<\/span><\/p>\r\n\r\n\r\n\r\n\r\n\r\n<div class=\"wp-block-spacer\" style=\"height: 48px;\" aria-hidden=\"true\">\u00a0<\/div>\r\n\r\n<table style=\"background-color: #edf1f3; border: thin solid #edf1f3;\" cellspacing=\"0\" cellpadding=\"0\">\r\n<tbody>\r\n<tr>\r\n<td style=\"text-align: left; vertical-align: top; padding: 10px; width: 250px;\"><img loading=\"lazy\" decoding=\"async\" class=\"alignleft wp-image-116068 size-full\" src=\"https:\/\/www.storax.nl\/wp-content\/uploads\/2019\/09\/Storax-mini-strips.png\" alt=\"Storax antislip strips voor vlonderplanken\" width=\"300\" height=\"300\" \/><\/td>\r\n<td style=\"text-align: left; vertical-align: top; padding: 5px;\">\r\n<p style=\"font-size: 18px;\"><b>DIY\u00a0<\/b><\/p>\r\n<p>Storax propose \u00e9galement un emballage DIY des Mini-bandes Ultragrip comprenant tous les \u00e9l\u00e9ments n\u00e9cessaires pour le montage.<\/p>\r\n<p>Contenu : Brosse en acier &#8211; Appr\u00eat &#8211; Pinceau &#8211; Cartouche de kit &#8211; 28 Mini-Strips<\/p>\r\n<p><a href=\"storax@storax.be\">Envoyez une demande de prix imm\u00e9diatement<\/a>.<\/p>\r\n<\/td>\r\n<\/tr>\r\n<\/tbody>\r\n<\/table>","protected":false},"excerpt":{"rendered":"<p>&nbsp; Les mini-bandes antid\u00e9rapantes Ultragrip sont des profil\u00e9s antid\u00e9rapants en polyester renforc\u00e9 de fibres de verre munis d&rsquo;un rev\u00eatement antid\u00e9rapant \u00e0 structure granulaire. Les bandes sont id\u00e9ales pour rendre les lames de terrasses antid\u00e9rapantes. Caract\u00e9ristiques des mini-bandes Surface antid\u00e9rapante extr\u00eamement r\u00e9sistante Facile \u00e0 poser R\u00e9siste \u00e0 l&rsquo;eau et \u00e0 la pourriture Sans entretien Choix de\u2026<\/p>\n","protected":false},"featured_media":111705,"template":"","meta":{"_acf_changed":false},"product_category":[584],"product_tag":[512],"class_list":["post-114782","product","type-product","status-publish","has-post-thumbnail","hentry","product_category-antiderapant","product_tag-hout-fr"],"acf":[],"yoast_head":"<!-- This site is optimized with the Yoast SEO plugin v27.3 - https:\/\/yoast.com\/product\/yoast-seo-wordpress\/ -->\n<title>Mini-bandes antid\u00e9rapantes - Storax Belgium<\/title>\n<meta name=\"robots\" content=\"index, follow, max-snippet:-1, max-image-preview:large, max-video-preview:-1\" \/>\n<link rel=\"canonical\" href=\"https:\/\/storax.be\/fr\/producten\/antiderapant\/mini-bandes-antiderapantes\/\" \/>\n<meta property=\"og:locale\" content=\"fr_FR\" \/>\n<meta property=\"og:type\" content=\"article\" \/>\n<meta property=\"og:title\" content=\"Mini-bandes antid\u00e9rapantes - Storax Belgium\" \/>\n<meta property=\"og:description\" content=\"&nbsp; Les mini-bandes antid\u00e9rapantes Ultragrip sont des profil\u00e9s antid\u00e9rapants en polyester renforc\u00e9 de fibres de verre munis d&rsquo;un rev\u00eatement antid\u00e9rapant \u00e0 structure granulaire. Les bandes sont id\u00e9ales pour rendre les lames de terrasses antid\u00e9rapantes. Caract\u00e9ristiques des mini-bandes Surface antid\u00e9rapante extr\u00eamement r\u00e9sistante Facile \u00e0 poser R\u00e9siste \u00e0 l&rsquo;eau et \u00e0 la pourriture Sans entretien Choix de\u2026\" \/>\n<meta property=\"og:url\" content=\"https:\/\/storax.be\/fr\/producten\/antiderapant\/mini-bandes-antiderapantes\/\" \/>\n<meta property=\"og:site_name\" content=\"Storax Belgium\" \/>\n<meta property=\"article:modified_time\" content=\"2024-05-16T07:37:57+00:00\" \/>\n<meta property=\"og:image\" content=\"https:\/\/storax.be\/wp-content\/uploads\/sites\/2\/2019\/09\/strips-scaled.jpg\" \/>\n\t<meta property=\"og:image:width\" content=\"2560\" \/>\n\t<meta property=\"og:image:height\" content=\"2560\" \/>\n\t<meta property=\"og:image:type\" content=\"image\/jpeg\" \/>\n<meta name=\"twitter:card\" content=\"summary_large_image\" \/>\n<meta name=\"twitter:label1\" content=\"Dur\u00e9e de lecture estim\u00e9e\" \/>\n\t<meta name=\"twitter:data1\" content=\"1 minute\" \/>\n<script type=\"application\/ld+json\" class=\"yoast-schema-graph\">{\"@context\":\"https:\\\/\\\/schema.org\",\"@graph\":[{\"@type\":\"WebPage\",\"@id\":\"https:\\\/\\\/storax.be\\\/fr\\\/producten\\\/antiderapant\\\/mini-bandes-antiderapantes\\\/\",\"url\":\"https:\\\/\\\/storax.be\\\/fr\\\/producten\\\/antiderapant\\\/mini-bandes-antiderapantes\\\/\",\"name\":\"Mini-bandes antid\u00e9rapantes - Storax Belgium\",\"isPartOf\":{\"@id\":\"https:\\\/\\\/storax.be\\\/fr\\\/#website\"},\"primaryImageOfPage\":{\"@id\":\"https:\\\/\\\/storax.be\\\/fr\\\/producten\\\/antiderapant\\\/mini-bandes-antiderapantes\\\/#primaryimage\"},\"image\":{\"@id\":\"https:\\\/\\\/storax.be\\\/fr\\\/producten\\\/antiderapant\\\/mini-bandes-antiderapantes\\\/#primaryimage\"},\"thumbnailUrl\":\"https:\\\/\\\/storax.be\\\/wp-content\\\/uploads\\\/sites\\\/2\\\/2019\\\/09\\\/strips-scaled.jpg\",\"datePublished\":\"2022-07-14T14:21:51+00:00\",\"dateModified\":\"2024-05-16T07:37:57+00:00\",\"breadcrumb\":{\"@id\":\"https:\\\/\\\/storax.be\\\/fr\\\/producten\\\/antiderapant\\\/mini-bandes-antiderapantes\\\/#breadcrumb\"},\"inLanguage\":\"fr-FR\",\"potentialAction\":[{\"@type\":\"ReadAction\",\"target\":[\"https:\\\/\\\/storax.be\\\/fr\\\/producten\\\/antiderapant\\\/mini-bandes-antiderapantes\\\/\"]}]},{\"@type\":\"ImageObject\",\"inLanguage\":\"fr-FR\",\"@id\":\"https:\\\/\\\/storax.be\\\/fr\\\/producten\\\/antiderapant\\\/mini-bandes-antiderapantes\\\/#primaryimage\",\"url\":\"https:\\\/\\\/storax.be\\\/wp-content\\\/uploads\\\/sites\\\/2\\\/2019\\\/09\\\/strips-scaled.jpg\",\"contentUrl\":\"https:\\\/\\\/storax.be\\\/wp-content\\\/uploads\\\/sites\\\/2\\\/2019\\\/09\\\/strips-scaled.jpg\",\"width\":2560,\"height\":2560},{\"@type\":\"BreadcrumbList\",\"@id\":\"https:\\\/\\\/storax.be\\\/fr\\\/producten\\\/antiderapant\\\/mini-bandes-antiderapantes\\\/#breadcrumb\",\"itemListElement\":[{\"@type\":\"ListItem\",\"position\":1,\"name\":\"Home\",\"item\":\"https:\\\/\\\/storax.be\\\/fr\\\/\"},{\"@type\":\"ListItem\",\"position\":2,\"name\":\"Producten\",\"item\":\"https:\\\/\\\/storax.be\\\/fr\\\/producten\\\/%product_category%\\\/\"},{\"@type\":\"ListItem\",\"position\":3,\"name\":\"Antid\u00e9rapant\",\"item\":\"https:\\\/\\\/storax.be\\\/fr\\\/producten\\\/antiderapant\\\/\"},{\"@type\":\"ListItem\",\"position\":4,\"name\":\"Mini-bandes antid\u00e9rapantes\"}]},{\"@type\":\"WebSite\",\"@id\":\"https:\\\/\\\/storax.be\\\/fr\\\/#website\",\"url\":\"https:\\\/\\\/storax.be\\\/fr\\\/\",\"name\":\"Storax Belgium\",\"description\":\"Uw betrouwbare partner voor bouwprojecten\",\"potentialAction\":[{\"@type\":\"SearchAction\",\"target\":{\"@type\":\"EntryPoint\",\"urlTemplate\":\"https:\\\/\\\/storax.be\\\/fr\\\/?s={search_term_string}\"},\"query-input\":{\"@type\":\"PropertyValueSpecification\",\"valueRequired\":true,\"valueName\":\"search_term_string\"}}],\"inLanguage\":\"fr-FR\"}]}<\/script>\n<!-- \/ Yoast SEO plugin. -->","yoast_head_json":{"title":"Mini-bandes antid\u00e9rapantes - Storax Belgium","robots":{"index":"index","follow":"follow","max-snippet":"max-snippet:-1","max-image-preview":"max-image-preview:large","max-video-preview":"max-video-preview:-1"},"canonical":"https:\/\/storax.be\/fr\/producten\/antiderapant\/mini-bandes-antiderapantes\/","og_locale":"fr_FR","og_type":"article","og_title":"Mini-bandes antid\u00e9rapantes - Storax Belgium","og_description":"&nbsp; Les mini-bandes antid\u00e9rapantes Ultragrip sont des profil\u00e9s antid\u00e9rapants en polyester renforc\u00e9 de fibres de verre munis d&rsquo;un rev\u00eatement antid\u00e9rapant \u00e0 structure granulaire. Les bandes sont id\u00e9ales pour rendre les lames de terrasses antid\u00e9rapantes. Caract\u00e9ristiques des mini-bandes Surface antid\u00e9rapante extr\u00eamement r\u00e9sistante Facile \u00e0 poser R\u00e9siste \u00e0 l&rsquo;eau et \u00e0 la pourriture Sans entretien Choix de\u2026","og_url":"https:\/\/storax.be\/fr\/producten\/antiderapant\/mini-bandes-antiderapantes\/","og_site_name":"Storax Belgium","article_modified_time":"2024-05-16T07:37:57+00:00","og_image":[{"width":2560,"height":2560,"url":"https:\/\/storax.be\/wp-content\/uploads\/sites\/2\/2019\/09\/strips-scaled.jpg","type":"image\/jpeg"}],"twitter_card":"summary_large_image","twitter_misc":{"Dur\u00e9e de lecture estim\u00e9e":"1 minute"},"schema":{"@context":"https:\/\/schema.org","@graph":[{"@type":"WebPage","@id":"https:\/\/storax.be\/fr\/producten\/antiderapant\/mini-bandes-antiderapantes\/","url":"https:\/\/storax.be\/fr\/producten\/antiderapant\/mini-bandes-antiderapantes\/","name":"Mini-bandes antid\u00e9rapantes - Storax Belgium","isPartOf":{"@id":"https:\/\/storax.be\/fr\/#website"},"primaryImageOfPage":{"@id":"https:\/\/storax.be\/fr\/producten\/antiderapant\/mini-bandes-antiderapantes\/#primaryimage"},"image":{"@id":"https:\/\/storax.be\/fr\/producten\/antiderapant\/mini-bandes-antiderapantes\/#primaryimage"},"thumbnailUrl":"https:\/\/storax.be\/wp-content\/uploads\/sites\/2\/2019\/09\/strips-scaled.jpg","datePublished":"2022-07-14T14:21:51+00:00","dateModified":"2024-05-16T07:37:57+00:00","breadcrumb":{"@id":"https:\/\/storax.be\/fr\/producten\/antiderapant\/mini-bandes-antiderapantes\/#breadcrumb"},"inLanguage":"fr-FR","potentialAction":[{"@type":"ReadAction","target":["https:\/\/storax.be\/fr\/producten\/antiderapant\/mini-bandes-antiderapantes\/"]}]},{"@type":"ImageObject","inLanguage":"fr-FR","@id":"https:\/\/storax.be\/fr\/producten\/antiderapant\/mini-bandes-antiderapantes\/#primaryimage","url":"https:\/\/storax.be\/wp-content\/uploads\/sites\/2\/2019\/09\/strips-scaled.jpg","contentUrl":"https:\/\/storax.be\/wp-content\/uploads\/sites\/2\/2019\/09\/strips-scaled.jpg","width":2560,"height":2560},{"@type":"BreadcrumbList","@id":"https:\/\/storax.be\/fr\/producten\/antiderapant\/mini-bandes-antiderapantes\/#breadcrumb","itemListElement":[{"@type":"ListItem","position":1,"name":"Home","item":"https:\/\/storax.be\/fr\/"},{"@type":"ListItem","position":2,"name":"Producten","item":"https:\/\/storax.be\/fr\/producten\/%product_category%\/"},{"@type":"ListItem","position":3,"name":"Antid\u00e9rapant","item":"https:\/\/storax.be\/fr\/producten\/antiderapant\/"},{"@type":"ListItem","position":4,"name":"Mini-bandes antid\u00e9rapantes"}]},{"@type":"WebSite","@id":"https:\/\/storax.be\/fr\/#website","url":"https:\/\/storax.be\/fr\/","name":"Storax Belgium","description":"Uw betrouwbare partner voor bouwprojecten","potentialAction":[{"@type":"SearchAction","target":{"@type":"EntryPoint","urlTemplate":"https:\/\/storax.be\/fr\/?s={search_term_string}"},"query-input":{"@type":"PropertyValueSpecification","valueRequired":true,"valueName":"search_term_string"}}],"inLanguage":"fr-FR"}]}},"_links":{"self":[{"href":"https:\/\/storax.be\/fr\/wp-json\/wp\/v2\/product\/114782","targetHints":{"allow":["GET"]}}],"collection":[{"href":"https:\/\/storax.be\/fr\/wp-json\/wp\/v2\/product"}],"about":[{"href":"https:\/\/storax.be\/fr\/wp-json\/wp\/v2\/types\/product"}],"wp:featuredmedia":[{"embeddable":true,"href":"https:\/\/storax.be\/fr\/wp-json\/wp\/v2\/media\/111705"}],"wp:attachment":[{"href":"https:\/\/storax.be\/fr\/wp-json\/wp\/v2\/media?parent=114782"}],"wp:term":[{"taxonomy":"product_category","embeddable":true,"href":"https:\/\/storax.be\/fr\/wp-json\/wp\/v2\/product_category?post=114782"},{"taxonomy":"product_tag","embeddable":true,"href":"https:\/\/storax.be\/fr\/wp-json\/wp\/v2\/product_tag?post=114782"}],"curies":[{"name":"wp","href":"https:\/\/api.w.org\/{rel}","templated":true}]}}