{"id":114780,"date":"2022-07-14T14:19:04","date_gmt":"2022-07-14T14:19:04","guid":{"rendered":"https:\/\/storax.be\/?post_type=product&#038;p=114780"},"modified":"2024-05-16T07:37:57","modified_gmt":"2024-05-16T07:37:57","slug":"nez-de-marche-antiderapants","status":"publish","type":"product","link":"https:\/\/storax.be\/fr\/producten\/antiderapant\/nez-de-marche-antiderapants\/","title":{"rendered":"Nez de marche antid\u00e9rapants"},"content":{"rendered":"\r\n<p>&nbsp;<\/p>\r\n\r\n\r\n\r\n<p><span style=\"font-weight: 400;\">Les nez de marche antid\u00e9rapants Ultragrip font partie des solutions antid\u00e9rapantes les plus polyvalentes disponibles sur le march\u00e9 et r\u00e9pondent aux normes internationales les plus strictes en mati\u00e8re de s\u00e9curit\u00e9 et de durabilit\u00e9. Les profil\u00e9s antid\u00e9rapants conviennent \u00e0 diff\u00e9rents types d&rsquo;escaliers, tels que les escaliers en b\u00e9ton, les escaliers en acier et les escaliers de secours.<\/span><\/p>\r\n<p><strong>Caract\u00e9ristiques<\/strong><\/p>\r\n<ul>\r\n<li style=\"font-weight: 400;\" aria-level=\"1\"><span style=\"font-weight: 400;\">R\u00e9siste aux chocs \u2013 longue dur\u00e9e de vie<\/span><\/li>\r\n<li style=\"font-weight: 400;\" aria-level=\"1\"><span style=\"font-weight: 400;\">Efficace m\u00eame dans des conditions humides et huileuses<\/span><\/li>\r\n<li style=\"font-weight: 400;\" aria-level=\"1\"><span style=\"font-weight: 400;\">Facile \u00e0 poser \u2013 collage ou per\u00e7age<\/span><\/li>\r\n<li style=\"font-weight: 400;\" aria-level=\"1\"><span style=\"font-weight: 400;\">Non-conducteur \u2013 \u00e9limine les risques \u00e9lectriques et thermiques<\/span><\/li>\r\n<li style=\"font-weight: 400;\" aria-level=\"1\"><span style=\"font-weight: 400;\">Convient aux pi\u00e9tons, chariots \u00e9l\u00e9vateurs et autres v\u00e9hicules lourds<\/span><\/li>\r\n<li style=\"font-weight: 400;\" aria-level=\"1\"><span style=\"font-weight: 400;\">Sans entretien \u2013 ne rouille pas et ne se corrode pas<\/span><\/li>\r\n<li style=\"font-weight: 400;\" aria-level=\"1\"><span style=\"font-weight: 400;\">65\u00a0% plus l\u00e9ger que l&rsquo;acier \u2013 plus facile \u00e0 manipuler et moins cher \u00e0 installer<\/span><\/li>\r\n<li style=\"font-weight: 400;\" aria-level=\"1\"><span style=\"font-weight: 400;\">Disponible \u00e0 partir de 2\u00a0mm d&rsquo;\u00e9paisseur<\/span><\/li>\r\n<li style=\"font-weight: 400;\" aria-level=\"1\"><span style=\"font-weight: 400;\">Disponible dans n&rsquo;importe quelle couleur BS ou RAL (de s\u00e9rie en noir, gris et jaune)<\/span><\/li>\r\n<li style=\"font-weight: 400;\" aria-level=\"1\"><span style=\"font-weight: 400;\">Disponible sur mesure<\/span><\/li>\r\n<li style=\"font-weight: 400;\" aria-level=\"1\"><span style=\"font-weight: 400;\">R\u00e9siste aux UV<\/span><\/li>\r\n<li style=\"font-weight: 400;\" aria-level=\"1\"><span style=\"font-weight: 400;\">R\u00e9siste aux produits chimiques<\/span><\/li>\r\n<\/ul>\r\n<p><strong>Convient pour<\/strong><\/p>\r\n<ul>\r\n<li style=\"font-weight: 400;\" aria-level=\"1\"><span style=\"font-weight: 400;\">Escaliers en b\u00e9ton<\/span><\/li>\r\n<li style=\"font-weight: 400;\" aria-level=\"1\"><span style=\"font-weight: 400;\">Escaliers en bois<\/span><\/li>\r\n<li style=\"font-weight: 400;\" aria-level=\"1\"><span style=\"font-weight: 400;\">Escaliers (de secours) en acier<\/span><\/li>\r\n<li style=\"font-weight: 400;\" aria-level=\"1\"><span style=\"font-weight: 400;\">Applications offshore et souterraines<\/span><\/li>\r\n<li style=\"font-weight: 400;\" aria-level=\"1\"><span style=\"font-weight: 400;\">Plateformes de travail<\/span><\/li>\r\n<\/ul>\r\n<p><strong>Dimensions:<br \/><\/strong><span style=\"font-weight: 400;\">100 x 50\u00a0mm<br \/><\/span><span style=\"font-weight: 400;\">50 x 50\u00a0mm<br \/><\/span><span style=\"font-weight: 400;\">55 x 55 mm<br \/><\/span><span style=\"font-family: Poppins, sans-serif; font-size: 1rem;\">70 x 30\u00a0mm<br \/><br \/><\/span><span style=\"font-weight: 400;\"><strong>Longueur:<\/strong> 1 000 mm (possible sur mesure)<\/span><\/p>\r\n","protected":false},"excerpt":{"rendered":"<p>&nbsp; Les nez de marche antid\u00e9rapants Ultragrip font partie des solutions antid\u00e9rapantes les plus polyvalentes disponibles sur le march\u00e9 et r\u00e9pondent aux normes internationales les plus strictes en mati\u00e8re de s\u00e9curit\u00e9 et de durabilit\u00e9. Les profil\u00e9s antid\u00e9rapants conviennent \u00e0 diff\u00e9rents types d&rsquo;escaliers, tels que les escaliers en b\u00e9ton, les escaliers en acier et les escaliers\u2026<\/p>\n","protected":false},"featured_media":109997,"template":"","meta":{"_acf_changed":false},"product_category":[584],"product_tag":[486,512,525],"class_list":["post-114780","product","type-product","status-publish","has-post-thumbnail","hentry","product_category-antiderapant","product_tag-beton-fr","product_tag-hout-fr","product_tag-metaal-fr"],"acf":[],"yoast_head":"<!-- This site is optimized with the Yoast SEO plugin v27.3 - https:\/\/yoast.com\/product\/yoast-seo-wordpress\/ -->\n<title>Nez de marche antid\u00e9rapants - Storax Belgium<\/title>\n<meta name=\"robots\" content=\"index, follow, max-snippet:-1, max-image-preview:large, max-video-preview:-1\" \/>\n<link rel=\"canonical\" href=\"https:\/\/storax.be\/fr\/producten\/antiderapant\/nez-de-marche-antiderapants\/\" \/>\n<meta property=\"og:locale\" content=\"fr_FR\" \/>\n<meta property=\"og:type\" content=\"article\" \/>\n<meta property=\"og:title\" content=\"Nez de marche antid\u00e9rapants - Storax Belgium\" \/>\n<meta property=\"og:description\" content=\"&nbsp; Les nez de marche antid\u00e9rapants Ultragrip font partie des solutions antid\u00e9rapantes les plus polyvalentes disponibles sur le march\u00e9 et r\u00e9pondent aux normes internationales les plus strictes en mati\u00e8re de s\u00e9curit\u00e9 et de durabilit\u00e9. Les profil\u00e9s antid\u00e9rapants conviennent \u00e0 diff\u00e9rents types d&rsquo;escaliers, tels que les escaliers en b\u00e9ton, les escaliers en acier et les escaliers\u2026\" \/>\n<meta property=\"og:url\" content=\"https:\/\/storax.be\/fr\/producten\/antiderapant\/nez-de-marche-antiderapants\/\" \/>\n<meta property=\"og:site_name\" content=\"Storax Belgium\" \/>\n<meta property=\"article:modified_time\" content=\"2024-05-16T07:37:57+00:00\" \/>\n<meta property=\"og:image\" content=\"https:\/\/storax.be\/wp-content\/uploads\/sites\/2\/2019\/09\/trapneus-e1569314868764.jpg\" \/>\n\t<meta property=\"og:image:width\" content=\"470\" \/>\n\t<meta property=\"og:image:height\" content=\"470\" \/>\n\t<meta property=\"og:image:type\" content=\"image\/jpeg\" \/>\n<meta name=\"twitter:card\" content=\"summary_large_image\" \/>\n<meta name=\"twitter:label1\" content=\"Dur\u00e9e de lecture estim\u00e9e\" \/>\n\t<meta name=\"twitter:data1\" content=\"1 minute\" \/>\n<script type=\"application\/ld+json\" class=\"yoast-schema-graph\">{\"@context\":\"https:\\\/\\\/schema.org\",\"@graph\":[{\"@type\":\"WebPage\",\"@id\":\"https:\\\/\\\/storax.be\\\/fr\\\/producten\\\/antiderapant\\\/nez-de-marche-antiderapants\\\/\",\"url\":\"https:\\\/\\\/storax.be\\\/fr\\\/producten\\\/antiderapant\\\/nez-de-marche-antiderapants\\\/\",\"name\":\"Nez de marche antid\u00e9rapants - Storax Belgium\",\"isPartOf\":{\"@id\":\"https:\\\/\\\/storax.be\\\/fr\\\/#website\"},\"primaryImageOfPage\":{\"@id\":\"https:\\\/\\\/storax.be\\\/fr\\\/producten\\\/antiderapant\\\/nez-de-marche-antiderapants\\\/#primaryimage\"},\"image\":{\"@id\":\"https:\\\/\\\/storax.be\\\/fr\\\/producten\\\/antiderapant\\\/nez-de-marche-antiderapants\\\/#primaryimage\"},\"thumbnailUrl\":\"https:\\\/\\\/storax.be\\\/wp-content\\\/uploads\\\/sites\\\/2\\\/2019\\\/09\\\/trapneus-e1569314868764.jpg\",\"datePublished\":\"2022-07-14T14:19:04+00:00\",\"dateModified\":\"2024-05-16T07:37:57+00:00\",\"breadcrumb\":{\"@id\":\"https:\\\/\\\/storax.be\\\/fr\\\/producten\\\/antiderapant\\\/nez-de-marche-antiderapants\\\/#breadcrumb\"},\"inLanguage\":\"fr-FR\",\"potentialAction\":[{\"@type\":\"ReadAction\",\"target\":[\"https:\\\/\\\/storax.be\\\/fr\\\/producten\\\/antiderapant\\\/nez-de-marche-antiderapants\\\/\"]}]},{\"@type\":\"ImageObject\",\"inLanguage\":\"fr-FR\",\"@id\":\"https:\\\/\\\/storax.be\\\/fr\\\/producten\\\/antiderapant\\\/nez-de-marche-antiderapants\\\/#primaryimage\",\"url\":\"https:\\\/\\\/storax.be\\\/wp-content\\\/uploads\\\/sites\\\/2\\\/2019\\\/09\\\/trapneus-e1569314868764.jpg\",\"contentUrl\":\"https:\\\/\\\/storax.be\\\/wp-content\\\/uploads\\\/sites\\\/2\\\/2019\\\/09\\\/trapneus-e1569314868764.jpg\",\"width\":470,\"height\":470},{\"@type\":\"BreadcrumbList\",\"@id\":\"https:\\\/\\\/storax.be\\\/fr\\\/producten\\\/antiderapant\\\/nez-de-marche-antiderapants\\\/#breadcrumb\",\"itemListElement\":[{\"@type\":\"ListItem\",\"position\":1,\"name\":\"Home\",\"item\":\"https:\\\/\\\/storax.be\\\/fr\\\/\"},{\"@type\":\"ListItem\",\"position\":2,\"name\":\"Producten\",\"item\":\"https:\\\/\\\/storax.be\\\/fr\\\/producten\\\/%product_category%\\\/\"},{\"@type\":\"ListItem\",\"position\":3,\"name\":\"Antid\u00e9rapant\",\"item\":\"https:\\\/\\\/storax.be\\\/fr\\\/producten\\\/antiderapant\\\/\"},{\"@type\":\"ListItem\",\"position\":4,\"name\":\"Nez de marche antid\u00e9rapants\"}]},{\"@type\":\"WebSite\",\"@id\":\"https:\\\/\\\/storax.be\\\/fr\\\/#website\",\"url\":\"https:\\\/\\\/storax.be\\\/fr\\\/\",\"name\":\"Storax Belgium\",\"description\":\"Uw betrouwbare partner voor bouwprojecten\",\"potentialAction\":[{\"@type\":\"SearchAction\",\"target\":{\"@type\":\"EntryPoint\",\"urlTemplate\":\"https:\\\/\\\/storax.be\\\/fr\\\/?s={search_term_string}\"},\"query-input\":{\"@type\":\"PropertyValueSpecification\",\"valueRequired\":true,\"valueName\":\"search_term_string\"}}],\"inLanguage\":\"fr-FR\"}]}<\/script>\n<!-- \/ Yoast SEO plugin. -->","yoast_head_json":{"title":"Nez de marche antid\u00e9rapants - Storax Belgium","robots":{"index":"index","follow":"follow","max-snippet":"max-snippet:-1","max-image-preview":"max-image-preview:large","max-video-preview":"max-video-preview:-1"},"canonical":"https:\/\/storax.be\/fr\/producten\/antiderapant\/nez-de-marche-antiderapants\/","og_locale":"fr_FR","og_type":"article","og_title":"Nez de marche antid\u00e9rapants - Storax Belgium","og_description":"&nbsp; Les nez de marche antid\u00e9rapants Ultragrip font partie des solutions antid\u00e9rapantes les plus polyvalentes disponibles sur le march\u00e9 et r\u00e9pondent aux normes internationales les plus strictes en mati\u00e8re de s\u00e9curit\u00e9 et de durabilit\u00e9. Les profil\u00e9s antid\u00e9rapants conviennent \u00e0 diff\u00e9rents types d&rsquo;escaliers, tels que les escaliers en b\u00e9ton, les escaliers en acier et les escaliers\u2026","og_url":"https:\/\/storax.be\/fr\/producten\/antiderapant\/nez-de-marche-antiderapants\/","og_site_name":"Storax Belgium","article_modified_time":"2024-05-16T07:37:57+00:00","og_image":[{"width":470,"height":470,"url":"https:\/\/storax.be\/wp-content\/uploads\/sites\/2\/2019\/09\/trapneus-e1569314868764.jpg","type":"image\/jpeg"}],"twitter_card":"summary_large_image","twitter_misc":{"Dur\u00e9e de lecture estim\u00e9e":"1 minute"},"schema":{"@context":"https:\/\/schema.org","@graph":[{"@type":"WebPage","@id":"https:\/\/storax.be\/fr\/producten\/antiderapant\/nez-de-marche-antiderapants\/","url":"https:\/\/storax.be\/fr\/producten\/antiderapant\/nez-de-marche-antiderapants\/","name":"Nez de marche antid\u00e9rapants - Storax Belgium","isPartOf":{"@id":"https:\/\/storax.be\/fr\/#website"},"primaryImageOfPage":{"@id":"https:\/\/storax.be\/fr\/producten\/antiderapant\/nez-de-marche-antiderapants\/#primaryimage"},"image":{"@id":"https:\/\/storax.be\/fr\/producten\/antiderapant\/nez-de-marche-antiderapants\/#primaryimage"},"thumbnailUrl":"https:\/\/storax.be\/wp-content\/uploads\/sites\/2\/2019\/09\/trapneus-e1569314868764.jpg","datePublished":"2022-07-14T14:19:04+00:00","dateModified":"2024-05-16T07:37:57+00:00","breadcrumb":{"@id":"https:\/\/storax.be\/fr\/producten\/antiderapant\/nez-de-marche-antiderapants\/#breadcrumb"},"inLanguage":"fr-FR","potentialAction":[{"@type":"ReadAction","target":["https:\/\/storax.be\/fr\/producten\/antiderapant\/nez-de-marche-antiderapants\/"]}]},{"@type":"ImageObject","inLanguage":"fr-FR","@id":"https:\/\/storax.be\/fr\/producten\/antiderapant\/nez-de-marche-antiderapants\/#primaryimage","url":"https:\/\/storax.be\/wp-content\/uploads\/sites\/2\/2019\/09\/trapneus-e1569314868764.jpg","contentUrl":"https:\/\/storax.be\/wp-content\/uploads\/sites\/2\/2019\/09\/trapneus-e1569314868764.jpg","width":470,"height":470},{"@type":"BreadcrumbList","@id":"https:\/\/storax.be\/fr\/producten\/antiderapant\/nez-de-marche-antiderapants\/#breadcrumb","itemListElement":[{"@type":"ListItem","position":1,"name":"Home","item":"https:\/\/storax.be\/fr\/"},{"@type":"ListItem","position":2,"name":"Producten","item":"https:\/\/storax.be\/fr\/producten\/%product_category%\/"},{"@type":"ListItem","position":3,"name":"Antid\u00e9rapant","item":"https:\/\/storax.be\/fr\/producten\/antiderapant\/"},{"@type":"ListItem","position":4,"name":"Nez de marche antid\u00e9rapants"}]},{"@type":"WebSite","@id":"https:\/\/storax.be\/fr\/#website","url":"https:\/\/storax.be\/fr\/","name":"Storax Belgium","description":"Uw betrouwbare partner voor bouwprojecten","potentialAction":[{"@type":"SearchAction","target":{"@type":"EntryPoint","urlTemplate":"https:\/\/storax.be\/fr\/?s={search_term_string}"},"query-input":{"@type":"PropertyValueSpecification","valueRequired":true,"valueName":"search_term_string"}}],"inLanguage":"fr-FR"}]}},"_links":{"self":[{"href":"https:\/\/storax.be\/fr\/wp-json\/wp\/v2\/product\/114780","targetHints":{"allow":["GET"]}}],"collection":[{"href":"https:\/\/storax.be\/fr\/wp-json\/wp\/v2\/product"}],"about":[{"href":"https:\/\/storax.be\/fr\/wp-json\/wp\/v2\/types\/product"}],"wp:featuredmedia":[{"embeddable":true,"href":"https:\/\/storax.be\/fr\/wp-json\/wp\/v2\/media\/109997"}],"wp:attachment":[{"href":"https:\/\/storax.be\/fr\/wp-json\/wp\/v2\/media?parent=114780"}],"wp:term":[{"taxonomy":"product_category","embeddable":true,"href":"https:\/\/storax.be\/fr\/wp-json\/wp\/v2\/product_category?post=114780"},{"taxonomy":"product_tag","embeddable":true,"href":"https:\/\/storax.be\/fr\/wp-json\/wp\/v2\/product_tag?post=114780"}],"curies":[{"name":"wp","href":"https:\/\/api.w.org\/{rel}","templated":true}]}}