{"id":114778,"date":"2022-07-14T14:14:46","date_gmt":"2022-07-14T14:14:46","guid":{"rendered":"https:\/\/storax.be\/?post_type=product&#038;p=114778"},"modified":"2024-05-16T07:37:57","modified_gmt":"2024-05-16T07:37:57","slug":"ruban-adhesif-antiderapant-storax","status":"publish","type":"product","link":"https:\/\/storax.be\/fr\/producten\/antiderapant\/ruban-adhesif-antiderapant-storax\/","title":{"rendered":"Ruban adh\u00e9sif antid\u00e9rapant Storax"},"content":{"rendered":"\r\n<p><span style=\"font-weight: 400;\">Storax propose une gamme compl\u00e8te de rubans antid\u00e9rapants pour les surfaces en b\u00e9ton, en carrelage <\/span><span style=\"font-weight: 400;\">et en acier. Le ruban antid\u00e9rapant Storax est impr\u00e9gn\u00e9 <\/span><span style=\"font-weight: 400;\">d&rsquo;un \u00ab oxyde d&rsquo;aluminium diamant\u00e9 \u00bb dur, pour un r\u00e9sultat extr\u00eamement\u00a0<\/span><span style=\"font-weight: 400;\">r\u00e9sistant et une dur\u00e9e de vie accrue. L&rsquo;id\u00e9al pour pr\u00e9venir les chutes \u00e0 la <\/span><span style=\"font-weight: 400;\">maison et au travail. Disponible dans toutes les formes, couleurs et tailles.<\/span><\/p>\r\n<p><strong>Avantages<\/strong><\/p>\r\n<ul>\r\n<li style=\"font-weight: 400;\" aria-level=\"1\"><span style=\"font-weight: 400;\">Hygi\u00e9nique<\/span><\/li>\r\n<li style=\"font-weight: 400;\" aria-level=\"1\"><span style=\"font-weight: 400;\">Facile \u00e0 appliquer<\/span><\/li>\r\n<li style=\"font-weight: 400;\" aria-level=\"1\"><span style=\"font-weight: 400;\">Amovible<\/span><\/li>\r\n<li style=\"font-weight: 400;\" aria-level=\"1\"><span style=\"font-weight: 400;\">Durable<\/span><\/li>\r\n<li style=\"font-weight: 400;\" aria-level=\"1\"><span style=\"font-weight: 400;\">Peut \u00eatre coup\u00e9 sur mesure<\/span><\/li>\r\n<li style=\"font-weight: 400;\" aria-level=\"1\"><span style=\"font-weight: 400;\">Aucun risque de tr\u00e9buchement<\/span><\/li>\r\n<li style=\"font-weight: 400;\" aria-level=\"1\"><span style=\"font-weight: 400;\">Convient aux escaliers et aux paliers<\/span><\/li>\r\n<li style=\"font-weight: 400;\" aria-level=\"1\"><span style=\"font-weight: 400;\">R\u00e9siste aux temp\u00e9ratures extr\u00eames<\/span><\/li>\r\n<li style=\"font-weight: 400;\" aria-level=\"1\"><span style=\"font-weight: 400;\">R\u00e9siste aux solvants et autres produits agressifs<\/span><\/li>\r\n<\/ul>\r\n<p><strong>Version standard<\/strong><\/p>\r\n<ul>\r\n<li style=\"font-weight: 400;\" aria-level=\"1\"><span style=\"font-weight: 400;\">Largeurs standard de 25, 50 ou 100\u00a0mm<\/span><\/li>\r\n<li style=\"font-weight: 400;\" aria-level=\"1\"><span style=\"font-weight: 400;\">Rouleaux de 18\u00a0m\u00e8tres<\/span><\/li>\r\n<li style=\"font-weight: 400;\" aria-level=\"1\"><span style=\"font-weight: 400;\">Noir (autres formes, couleurs et tailles sur demande)<\/span><\/li>\r\n<\/ul>\r\n<p><strong>Versions sp\u00e9ciales<\/strong><\/p>\r\n<ul>\r\n<li style=\"font-weight: 400;\" aria-level=\"1\"><span style=\"font-weight: 400;\">Glow in the Dark (luminescent)<\/span><\/li>\r\n<li style=\"font-weight: 400;\" aria-level=\"1\"><span style=\"font-weight: 400;\">Aqua<\/span><\/li>\r\n<\/ul>\r\n\r\n\r\n\r\n<div class=\"wp-block-spacer\" style=\"height: 43px;\" aria-hidden=\"true\">\u00a0<\/div>\r\n","protected":false},"excerpt":{"rendered":"<p>Storax propose une gamme compl\u00e8te de rubans antid\u00e9rapants pour les surfaces en b\u00e9ton, en carrelage et en acier. Le ruban antid\u00e9rapant Storax est impr\u00e9gn\u00e9 d&rsquo;un \u00ab oxyde d&rsquo;aluminium diamant\u00e9 \u00bb dur, pour un r\u00e9sultat extr\u00eamement\u00a0r\u00e9sistant et une dur\u00e9e de vie accrue. L&rsquo;id\u00e9al pour pr\u00e9venir les chutes \u00e0 la maison et au travail. Disponible dans toutes\u2026<\/p>\n","protected":false},"featured_media":110023,"template":"","meta":{"_acf_changed":false},"product_category":[584],"product_tag":[486,512,525,557],"class_list":["post-114778","product","type-product","status-publish","has-post-thumbnail","hentry","product_category-antiderapant","product_tag-beton-fr","product_tag-hout-fr","product_tag-metaal-fr","product_tag-tegel-fr"],"acf":[],"yoast_head":"<!-- This site is optimized with the Yoast SEO plugin v27.3 - https:\/\/yoast.com\/product\/yoast-seo-wordpress\/ -->\n<title>Ruban adh\u00e9sif antid\u00e9rapant Storax - Storax Belgium<\/title>\n<meta name=\"robots\" content=\"index, follow, max-snippet:-1, max-image-preview:large, max-video-preview:-1\" \/>\n<link rel=\"canonical\" href=\"https:\/\/storax.be\/fr\/producten\/antiderapant\/ruban-adhesif-antiderapant-storax\/\" \/>\n<meta property=\"og:locale\" content=\"fr_FR\" \/>\n<meta property=\"og:type\" content=\"article\" \/>\n<meta property=\"og:title\" content=\"Ruban adh\u00e9sif antid\u00e9rapant Storax - Storax Belgium\" \/>\n<meta property=\"og:description\" content=\"Storax propose une gamme compl\u00e8te de rubans antid\u00e9rapants pour les surfaces en b\u00e9ton, en carrelage et en acier. Le ruban antid\u00e9rapant Storax est impr\u00e9gn\u00e9 d&rsquo;un \u00ab oxyde d&rsquo;aluminium diamant\u00e9 \u00bb dur, pour un r\u00e9sultat extr\u00eamement\u00a0r\u00e9sistant et une dur\u00e9e de vie accrue. L&rsquo;id\u00e9al pour pr\u00e9venir les chutes \u00e0 la maison et au travail. Disponible dans toutes\u2026\" \/>\n<meta property=\"og:url\" content=\"https:\/\/storax.be\/fr\/producten\/antiderapant\/ruban-adhesif-antiderapant-storax\/\" \/>\n<meta property=\"og:site_name\" content=\"Storax Belgium\" \/>\n<meta property=\"article:modified_time\" content=\"2024-05-16T07:37:57+00:00\" \/>\n<meta property=\"og:image\" content=\"https:\/\/storax.be\/wp-content\/uploads\/sites\/2\/2019\/09\/tape1-e1569411058387.jpg\" \/>\n\t<meta property=\"og:image:width\" content=\"470\" \/>\n\t<meta property=\"og:image:height\" content=\"470\" \/>\n\t<meta property=\"og:image:type\" content=\"image\/jpeg\" \/>\n<meta name=\"twitter:card\" content=\"summary_large_image\" \/>\n<meta name=\"twitter:label1\" content=\"Dur\u00e9e de lecture estim\u00e9e\" \/>\n\t<meta name=\"twitter:data1\" content=\"1 minute\" \/>\n<script type=\"application\/ld+json\" class=\"yoast-schema-graph\">{\"@context\":\"https:\\\/\\\/schema.org\",\"@graph\":[{\"@type\":\"WebPage\",\"@id\":\"https:\\\/\\\/storax.be\\\/fr\\\/producten\\\/antiderapant\\\/ruban-adhesif-antiderapant-storax\\\/\",\"url\":\"https:\\\/\\\/storax.be\\\/fr\\\/producten\\\/antiderapant\\\/ruban-adhesif-antiderapant-storax\\\/\",\"name\":\"Ruban adh\u00e9sif antid\u00e9rapant Storax - Storax Belgium\",\"isPartOf\":{\"@id\":\"https:\\\/\\\/storax.be\\\/fr\\\/#website\"},\"primaryImageOfPage\":{\"@id\":\"https:\\\/\\\/storax.be\\\/fr\\\/producten\\\/antiderapant\\\/ruban-adhesif-antiderapant-storax\\\/#primaryimage\"},\"image\":{\"@id\":\"https:\\\/\\\/storax.be\\\/fr\\\/producten\\\/antiderapant\\\/ruban-adhesif-antiderapant-storax\\\/#primaryimage\"},\"thumbnailUrl\":\"https:\\\/\\\/storax.be\\\/wp-content\\\/uploads\\\/sites\\\/2\\\/2019\\\/09\\\/tape1-e1569411058387.jpg\",\"datePublished\":\"2022-07-14T14:14:46+00:00\",\"dateModified\":\"2024-05-16T07:37:57+00:00\",\"breadcrumb\":{\"@id\":\"https:\\\/\\\/storax.be\\\/fr\\\/producten\\\/antiderapant\\\/ruban-adhesif-antiderapant-storax\\\/#breadcrumb\"},\"inLanguage\":\"fr-FR\",\"potentialAction\":[{\"@type\":\"ReadAction\",\"target\":[\"https:\\\/\\\/storax.be\\\/fr\\\/producten\\\/antiderapant\\\/ruban-adhesif-antiderapant-storax\\\/\"]}]},{\"@type\":\"ImageObject\",\"inLanguage\":\"fr-FR\",\"@id\":\"https:\\\/\\\/storax.be\\\/fr\\\/producten\\\/antiderapant\\\/ruban-adhesif-antiderapant-storax\\\/#primaryimage\",\"url\":\"https:\\\/\\\/storax.be\\\/wp-content\\\/uploads\\\/sites\\\/2\\\/2019\\\/09\\\/tape1-e1569411058387.jpg\",\"contentUrl\":\"https:\\\/\\\/storax.be\\\/wp-content\\\/uploads\\\/sites\\\/2\\\/2019\\\/09\\\/tape1-e1569411058387.jpg\",\"width\":470,\"height\":470},{\"@type\":\"BreadcrumbList\",\"@id\":\"https:\\\/\\\/storax.be\\\/fr\\\/producten\\\/antiderapant\\\/ruban-adhesif-antiderapant-storax\\\/#breadcrumb\",\"itemListElement\":[{\"@type\":\"ListItem\",\"position\":1,\"name\":\"Home\",\"item\":\"https:\\\/\\\/storax.be\\\/fr\\\/\"},{\"@type\":\"ListItem\",\"position\":2,\"name\":\"Producten\",\"item\":\"https:\\\/\\\/storax.be\\\/fr\\\/producten\\\/%product_category%\\\/\"},{\"@type\":\"ListItem\",\"position\":3,\"name\":\"Antid\u00e9rapant\",\"item\":\"https:\\\/\\\/storax.be\\\/fr\\\/producten\\\/antiderapant\\\/\"},{\"@type\":\"ListItem\",\"position\":4,\"name\":\"Ruban adh\u00e9sif antid\u00e9rapant Storax\"}]},{\"@type\":\"WebSite\",\"@id\":\"https:\\\/\\\/storax.be\\\/fr\\\/#website\",\"url\":\"https:\\\/\\\/storax.be\\\/fr\\\/\",\"name\":\"Storax Belgium\",\"description\":\"Uw betrouwbare partner voor bouwprojecten\",\"potentialAction\":[{\"@type\":\"SearchAction\",\"target\":{\"@type\":\"EntryPoint\",\"urlTemplate\":\"https:\\\/\\\/storax.be\\\/fr\\\/?s={search_term_string}\"},\"query-input\":{\"@type\":\"PropertyValueSpecification\",\"valueRequired\":true,\"valueName\":\"search_term_string\"}}],\"inLanguage\":\"fr-FR\"}]}<\/script>\n<!-- \/ Yoast SEO plugin. -->","yoast_head_json":{"title":"Ruban adh\u00e9sif antid\u00e9rapant Storax - Storax Belgium","robots":{"index":"index","follow":"follow","max-snippet":"max-snippet:-1","max-image-preview":"max-image-preview:large","max-video-preview":"max-video-preview:-1"},"canonical":"https:\/\/storax.be\/fr\/producten\/antiderapant\/ruban-adhesif-antiderapant-storax\/","og_locale":"fr_FR","og_type":"article","og_title":"Ruban adh\u00e9sif antid\u00e9rapant Storax - Storax Belgium","og_description":"Storax propose une gamme compl\u00e8te de rubans antid\u00e9rapants pour les surfaces en b\u00e9ton, en carrelage et en acier. Le ruban antid\u00e9rapant Storax est impr\u00e9gn\u00e9 d&rsquo;un \u00ab oxyde d&rsquo;aluminium diamant\u00e9 \u00bb dur, pour un r\u00e9sultat extr\u00eamement\u00a0r\u00e9sistant et une dur\u00e9e de vie accrue. L&rsquo;id\u00e9al pour pr\u00e9venir les chutes \u00e0 la maison et au travail. Disponible dans toutes\u2026","og_url":"https:\/\/storax.be\/fr\/producten\/antiderapant\/ruban-adhesif-antiderapant-storax\/","og_site_name":"Storax Belgium","article_modified_time":"2024-05-16T07:37:57+00:00","og_image":[{"width":470,"height":470,"url":"https:\/\/storax.be\/wp-content\/uploads\/sites\/2\/2019\/09\/tape1-e1569411058387.jpg","type":"image\/jpeg"}],"twitter_card":"summary_large_image","twitter_misc":{"Dur\u00e9e de lecture estim\u00e9e":"1 minute"},"schema":{"@context":"https:\/\/schema.org","@graph":[{"@type":"WebPage","@id":"https:\/\/storax.be\/fr\/producten\/antiderapant\/ruban-adhesif-antiderapant-storax\/","url":"https:\/\/storax.be\/fr\/producten\/antiderapant\/ruban-adhesif-antiderapant-storax\/","name":"Ruban adh\u00e9sif antid\u00e9rapant Storax - Storax Belgium","isPartOf":{"@id":"https:\/\/storax.be\/fr\/#website"},"primaryImageOfPage":{"@id":"https:\/\/storax.be\/fr\/producten\/antiderapant\/ruban-adhesif-antiderapant-storax\/#primaryimage"},"image":{"@id":"https:\/\/storax.be\/fr\/producten\/antiderapant\/ruban-adhesif-antiderapant-storax\/#primaryimage"},"thumbnailUrl":"https:\/\/storax.be\/wp-content\/uploads\/sites\/2\/2019\/09\/tape1-e1569411058387.jpg","datePublished":"2022-07-14T14:14:46+00:00","dateModified":"2024-05-16T07:37:57+00:00","breadcrumb":{"@id":"https:\/\/storax.be\/fr\/producten\/antiderapant\/ruban-adhesif-antiderapant-storax\/#breadcrumb"},"inLanguage":"fr-FR","potentialAction":[{"@type":"ReadAction","target":["https:\/\/storax.be\/fr\/producten\/antiderapant\/ruban-adhesif-antiderapant-storax\/"]}]},{"@type":"ImageObject","inLanguage":"fr-FR","@id":"https:\/\/storax.be\/fr\/producten\/antiderapant\/ruban-adhesif-antiderapant-storax\/#primaryimage","url":"https:\/\/storax.be\/wp-content\/uploads\/sites\/2\/2019\/09\/tape1-e1569411058387.jpg","contentUrl":"https:\/\/storax.be\/wp-content\/uploads\/sites\/2\/2019\/09\/tape1-e1569411058387.jpg","width":470,"height":470},{"@type":"BreadcrumbList","@id":"https:\/\/storax.be\/fr\/producten\/antiderapant\/ruban-adhesif-antiderapant-storax\/#breadcrumb","itemListElement":[{"@type":"ListItem","position":1,"name":"Home","item":"https:\/\/storax.be\/fr\/"},{"@type":"ListItem","position":2,"name":"Producten","item":"https:\/\/storax.be\/fr\/producten\/%product_category%\/"},{"@type":"ListItem","position":3,"name":"Antid\u00e9rapant","item":"https:\/\/storax.be\/fr\/producten\/antiderapant\/"},{"@type":"ListItem","position":4,"name":"Ruban adh\u00e9sif antid\u00e9rapant Storax"}]},{"@type":"WebSite","@id":"https:\/\/storax.be\/fr\/#website","url":"https:\/\/storax.be\/fr\/","name":"Storax Belgium","description":"Uw betrouwbare partner voor bouwprojecten","potentialAction":[{"@type":"SearchAction","target":{"@type":"EntryPoint","urlTemplate":"https:\/\/storax.be\/fr\/?s={search_term_string}"},"query-input":{"@type":"PropertyValueSpecification","valueRequired":true,"valueName":"search_term_string"}}],"inLanguage":"fr-FR"}]}},"_links":{"self":[{"href":"https:\/\/storax.be\/fr\/wp-json\/wp\/v2\/product\/114778","targetHints":{"allow":["GET"]}}],"collection":[{"href":"https:\/\/storax.be\/fr\/wp-json\/wp\/v2\/product"}],"about":[{"href":"https:\/\/storax.be\/fr\/wp-json\/wp\/v2\/types\/product"}],"wp:featuredmedia":[{"embeddable":true,"href":"https:\/\/storax.be\/fr\/wp-json\/wp\/v2\/media\/110023"}],"wp:attachment":[{"href":"https:\/\/storax.be\/fr\/wp-json\/wp\/v2\/media?parent=114778"}],"wp:term":[{"taxonomy":"product_category","embeddable":true,"href":"https:\/\/storax.be\/fr\/wp-json\/wp\/v2\/product_category?post=114778"},{"taxonomy":"product_tag","embeddable":true,"href":"https:\/\/storax.be\/fr\/wp-json\/wp\/v2\/product_tag?post=114778"}],"curies":[{"name":"wp","href":"https:\/\/api.w.org\/{rel}","templated":true}]}}