{"id":114775,"date":"2022-07-14T14:06:39","date_gmt":"2022-07-14T14:06:39","guid":{"rendered":"https:\/\/storax.be\/?post_type=product&#038;p=114775"},"modified":"2024-05-16T07:37:56","modified_gmt":"2024-05-16T07:37:56","slug":"revetement-antiderapant-bois","status":"publish","type":"product","link":"https:\/\/storax.be\/fr\/producten\/antiderapant\/revetement-antiderapant-bois\/","title":{"rendered":"Rev\u00eatement antid\u00e9rapant Bois"},"content":{"rendered":"<h2 style=\"line-height: 32px; font-size: 1.5em; font-weight: 600; margin-top: 10px;\"><\/h2>\n<p><span style=\"font-weight: 400;\">Le rev\u00eatement <strong>antid\u00e9rapant Storax Wood<\/strong> est un rev\u00eatement de sol unique \u00e0 3\u00a0composants \u00e0 base de polyur\u00e9thane dilu\u00e9 dans de l&rsquo;eau, sp\u00e9cialement d\u00e9velopp\u00e9 pour rendre diff\u00e9rents types de bois durs (bankirai, billinga, azobe) antid\u00e9rapants de fa\u00e7on permanente. L&rsquo;action antid\u00e9rapante des 3 composants assure un environnement de vie et de travail extr\u00eamement s\u00fbr. Storax dispose de sa propre \u00e9quipe de pose qui, si n\u00e9cessaire, peut se charger de poser pour vous le rev\u00eatement antid\u00e9rapant Storax.<\/span><br \/>\n<b><\/b><\/p>\n<p><strong>Applications<\/strong><\/p>\n<ul>\n<li style=\"font-weight: 400;\" aria-level=\"1\"><span style=\"font-weight: 400;\">Galeries en bois<\/span><\/li>\n<li style=\"font-weight: 400;\" aria-level=\"1\"><span style=\"font-weight: 400;\">Passerelles<\/span><\/li>\n<li style=\"font-weight: 400;\" aria-level=\"1\"><span style=\"font-weight: 400;\">Lames de terrasse<\/span><\/li>\n<li style=\"font-weight: 400;\" aria-level=\"1\"><span style=\"font-weight: 400;\">Plateformes<\/span><\/li>\n<li style=\"font-weight: 400;\" aria-level=\"1\"><span style=\"font-weight: 400;\">Escaliers<\/span><\/li>\n<\/ul>\n<p><strong>Caract\u00e9ristiques<\/strong><\/p>\n<ul>\n<li style=\"font-weight: 400;\" aria-level=\"1\"><span style=\"font-weight: 400;\">Tr\u00e8s r\u00e9sistant \u00e0 l&rsquo;usure<\/span><\/li>\n<li style=\"font-weight: 400;\" aria-level=\"1\"><span style=\"font-weight: 400;\">Valeur antid\u00e9rapante \u00e9lev\u00e9e (R13)<\/span><\/li>\n<li style=\"font-weight: 400;\" aria-level=\"1\"><span style=\"font-weight: 400;\">Finition quartz durable<\/span><\/li>\n<li style=\"font-weight: 400;\" aria-level=\"1\"><span style=\"font-weight: 400;\">Facile \u00e0 poser<\/span><\/li>\n<li style=\"font-weight: 400;\" aria-level=\"1\"><span style=\"font-weight: 400;\">Excellente adh\u00e9rence<\/span><\/li>\n<li style=\"font-weight: 400;\" aria-level=\"1\"><span style=\"font-weight: 400;\">S\u00e9chage rapide<\/span><\/li>\n<li style=\"font-weight: 400;\" aria-level=\"1\"><span style=\"font-weight: 400;\">Inodore<\/span><\/li>\n<li style=\"font-weight: 400;\" aria-level=\"1\"><span style=\"font-weight: 400;\">Ne contient pas de substances dangereuses<\/span><\/li>\n<li style=\"font-weight: 400;\" aria-level=\"1\"><span style=\"font-weight: 400;\">Disponible en diff\u00e9rentes couleurs<\/span><\/li>\n<\/ul>\n<p><strong>Un paquet contient:<\/strong><\/p>\n<ul>\n<li style=\"font-weight: 400;\" aria-level=\"1\"><span style=\"font-weight: 400;\">Rev\u00eatement, disponible en seaux de 5\u00a0litres (10-12\u00a0m\u00b2)<\/span><\/li>\n<li style=\"font-weight: 400;\" aria-level=\"1\"><span style=\"font-weight: 400;\">Activateur<\/span><\/li>\n<li style=\"font-weight: 400;\" aria-level=\"1\"><span style=\"font-weight: 400;\">Ruban de masquage<\/span><\/li>\n<li style=\"font-weight: 400;\" aria-level=\"1\"><span style=\"font-weight: 400;\">Rouleau<\/span><\/li>\n<\/ul>\n<p><strong>Conditions de pose<\/strong><\/p>\n<p><span style=\"font-weight: 400;\">15-35\u00a0\u00b0C et RH&lt;80\u00a0% et au moins 3\u00a0\u00b0C au-dessus du point de ros\u00e9e.<br \/>\n<\/span><span style=\"font-weight: 400;\">Temps de s\u00e9chage \u00e0 20\u00a0\u00b0C\/50\u00a0% RH<br \/>\n<\/span><span style=\"font-weight: 400;\">Ne colle plus apr\u00e8s: 1 \u00e0 2 heures (selon la temp\u00e9rature ext\u00e9rieure)<br \/>\n<\/span><span style=\"font-weight: 400;\">Praticable apr\u00e8s: 2 heures<br \/>\n<\/span><span style=\"font-weight: 400;\">Durci apr\u00e8s: 12 heures<br \/>\n<\/span><span style=\"font-weight: 400;\">R\u00e9sistant \u00e0 la chaleur: 90 \u00b0C (sec)<br \/>\n<\/span><span style=\"font-weight: 400;\">Valeurs limites de l&rsquo;UE: <\/span><span style=\"font-family: Poppins, sans-serif; font-size: 1rem;\">140\u00a0g\/l (2007) \u2013 140\u00a0g\/l (2010)<\/span><\/p>\n<p><b>\u00a0<\/b><\/p>\n","protected":false},"excerpt":{"rendered":"<p>Le rev\u00eatement antid\u00e9rapant Storax Wood est un rev\u00eatement de sol unique \u00e0 3\u00a0composants \u00e0 base de polyur\u00e9thane dilu\u00e9 dans de l&rsquo;eau, sp\u00e9cialement d\u00e9velopp\u00e9 pour rendre diff\u00e9rents types de bois durs (bankirai, billinga, azobe) antid\u00e9rapants de fa\u00e7on permanente. L&rsquo;action antid\u00e9rapante des 3 composants assure un environnement de vie et de travail extr\u00eamement s\u00fbr. Storax dispose de\u2026<\/p>\n","protected":false},"featured_media":106253,"template":"","meta":{"_acf_changed":false},"product_category":[584],"product_tag":[512],"class_list":["post-114775","product","type-product","status-publish","has-post-thumbnail","hentry","product_category-antiderapant","product_tag-hout-fr"],"acf":[],"yoast_head":"<!-- This site is optimized with the Yoast SEO plugin v27.3 - https:\/\/yoast.com\/product\/yoast-seo-wordpress\/ -->\n<title>Rev\u00eatement antid\u00e9rapant Bois - Storax Belgium<\/title>\n<meta name=\"robots\" content=\"index, follow, max-snippet:-1, max-image-preview:large, max-video-preview:-1\" \/>\n<link rel=\"canonical\" href=\"https:\/\/storax.be\/fr\/producten\/antiderapant\/revetement-antiderapant-bois\/\" \/>\n<meta property=\"og:locale\" content=\"fr_FR\" \/>\n<meta property=\"og:type\" content=\"article\" \/>\n<meta property=\"og:title\" content=\"Rev\u00eatement antid\u00e9rapant Bois - Storax Belgium\" \/>\n<meta property=\"og:description\" content=\"Le rev\u00eatement antid\u00e9rapant Storax Wood est un rev\u00eatement de sol unique \u00e0 3\u00a0composants \u00e0 base de polyur\u00e9thane dilu\u00e9 dans de l&rsquo;eau, sp\u00e9cialement d\u00e9velopp\u00e9 pour rendre diff\u00e9rents types de bois durs (bankirai, billinga, azobe) antid\u00e9rapants de fa\u00e7on permanente. L&rsquo;action antid\u00e9rapante des 3 composants assure un environnement de vie et de travail extr\u00eamement s\u00fbr. Storax dispose de\u2026\" \/>\n<meta property=\"og:url\" content=\"https:\/\/storax.be\/fr\/producten\/antiderapant\/revetement-antiderapant-bois\/\" \/>\n<meta property=\"og:site_name\" content=\"Storax Belgium\" \/>\n<meta property=\"article:modified_time\" content=\"2024-05-16T07:37:56+00:00\" \/>\n<meta property=\"og:image\" content=\"https:\/\/storax.be\/wp-content\/uploads\/sites\/2\/2019\/03\/thumb_470x470_569.jpg\" \/>\n\t<meta property=\"og:image:width\" content=\"470\" \/>\n\t<meta property=\"og:image:height\" content=\"470\" \/>\n\t<meta property=\"og:image:type\" content=\"image\/jpeg\" \/>\n<meta name=\"twitter:card\" content=\"summary_large_image\" \/>\n<meta name=\"twitter:label1\" content=\"Dur\u00e9e de lecture estim\u00e9e\" \/>\n\t<meta name=\"twitter:data1\" content=\"1 minute\" \/>\n<script type=\"application\/ld+json\" class=\"yoast-schema-graph\">{\"@context\":\"https:\\\/\\\/schema.org\",\"@graph\":[{\"@type\":\"WebPage\",\"@id\":\"https:\\\/\\\/storax.be\\\/fr\\\/producten\\\/antiderapant\\\/revetement-antiderapant-bois\\\/\",\"url\":\"https:\\\/\\\/storax.be\\\/fr\\\/producten\\\/antiderapant\\\/revetement-antiderapant-bois\\\/\",\"name\":\"Rev\u00eatement antid\u00e9rapant Bois - Storax Belgium\",\"isPartOf\":{\"@id\":\"https:\\\/\\\/storax.be\\\/fr\\\/#website\"},\"primaryImageOfPage\":{\"@id\":\"https:\\\/\\\/storax.be\\\/fr\\\/producten\\\/antiderapant\\\/revetement-antiderapant-bois\\\/#primaryimage\"},\"image\":{\"@id\":\"https:\\\/\\\/storax.be\\\/fr\\\/producten\\\/antiderapant\\\/revetement-antiderapant-bois\\\/#primaryimage\"},\"thumbnailUrl\":\"https:\\\/\\\/storax.be\\\/wp-content\\\/uploads\\\/sites\\\/2\\\/2019\\\/03\\\/thumb_470x470_569.jpg\",\"datePublished\":\"2022-07-14T14:06:39+00:00\",\"dateModified\":\"2024-05-16T07:37:56+00:00\",\"breadcrumb\":{\"@id\":\"https:\\\/\\\/storax.be\\\/fr\\\/producten\\\/antiderapant\\\/revetement-antiderapant-bois\\\/#breadcrumb\"},\"inLanguage\":\"fr-FR\",\"potentialAction\":[{\"@type\":\"ReadAction\",\"target\":[\"https:\\\/\\\/storax.be\\\/fr\\\/producten\\\/antiderapant\\\/revetement-antiderapant-bois\\\/\"]}]},{\"@type\":\"ImageObject\",\"inLanguage\":\"fr-FR\",\"@id\":\"https:\\\/\\\/storax.be\\\/fr\\\/producten\\\/antiderapant\\\/revetement-antiderapant-bois\\\/#primaryimage\",\"url\":\"https:\\\/\\\/storax.be\\\/wp-content\\\/uploads\\\/sites\\\/2\\\/2019\\\/03\\\/thumb_470x470_569.jpg\",\"contentUrl\":\"https:\\\/\\\/storax.be\\\/wp-content\\\/uploads\\\/sites\\\/2\\\/2019\\\/03\\\/thumb_470x470_569.jpg\",\"width\":470,\"height\":470},{\"@type\":\"BreadcrumbList\",\"@id\":\"https:\\\/\\\/storax.be\\\/fr\\\/producten\\\/antiderapant\\\/revetement-antiderapant-bois\\\/#breadcrumb\",\"itemListElement\":[{\"@type\":\"ListItem\",\"position\":1,\"name\":\"Home\",\"item\":\"https:\\\/\\\/storax.be\\\/fr\\\/\"},{\"@type\":\"ListItem\",\"position\":2,\"name\":\"Producten\",\"item\":\"https:\\\/\\\/storax.be\\\/fr\\\/producten\\\/%product_category%\\\/\"},{\"@type\":\"ListItem\",\"position\":3,\"name\":\"Antid\u00e9rapant\",\"item\":\"https:\\\/\\\/storax.be\\\/fr\\\/producten\\\/antiderapant\\\/\"},{\"@type\":\"ListItem\",\"position\":4,\"name\":\"Rev\u00eatement antid\u00e9rapant Bois\"}]},{\"@type\":\"WebSite\",\"@id\":\"https:\\\/\\\/storax.be\\\/fr\\\/#website\",\"url\":\"https:\\\/\\\/storax.be\\\/fr\\\/\",\"name\":\"Storax Belgium\",\"description\":\"Uw betrouwbare partner voor bouwprojecten\",\"potentialAction\":[{\"@type\":\"SearchAction\",\"target\":{\"@type\":\"EntryPoint\",\"urlTemplate\":\"https:\\\/\\\/storax.be\\\/fr\\\/?s={search_term_string}\"},\"query-input\":{\"@type\":\"PropertyValueSpecification\",\"valueRequired\":true,\"valueName\":\"search_term_string\"}}],\"inLanguage\":\"fr-FR\"}]}<\/script>\n<!-- \/ Yoast SEO plugin. -->","yoast_head_json":{"title":"Rev\u00eatement antid\u00e9rapant Bois - Storax Belgium","robots":{"index":"index","follow":"follow","max-snippet":"max-snippet:-1","max-image-preview":"max-image-preview:large","max-video-preview":"max-video-preview:-1"},"canonical":"https:\/\/storax.be\/fr\/producten\/antiderapant\/revetement-antiderapant-bois\/","og_locale":"fr_FR","og_type":"article","og_title":"Rev\u00eatement antid\u00e9rapant Bois - Storax Belgium","og_description":"Le rev\u00eatement antid\u00e9rapant Storax Wood est un rev\u00eatement de sol unique \u00e0 3\u00a0composants \u00e0 base de polyur\u00e9thane dilu\u00e9 dans de l&rsquo;eau, sp\u00e9cialement d\u00e9velopp\u00e9 pour rendre diff\u00e9rents types de bois durs (bankirai, billinga, azobe) antid\u00e9rapants de fa\u00e7on permanente. L&rsquo;action antid\u00e9rapante des 3 composants assure un environnement de vie et de travail extr\u00eamement s\u00fbr. Storax dispose de\u2026","og_url":"https:\/\/storax.be\/fr\/producten\/antiderapant\/revetement-antiderapant-bois\/","og_site_name":"Storax Belgium","article_modified_time":"2024-05-16T07:37:56+00:00","og_image":[{"width":470,"height":470,"url":"https:\/\/storax.be\/wp-content\/uploads\/sites\/2\/2019\/03\/thumb_470x470_569.jpg","type":"image\/jpeg"}],"twitter_card":"summary_large_image","twitter_misc":{"Dur\u00e9e de lecture estim\u00e9e":"1 minute"},"schema":{"@context":"https:\/\/schema.org","@graph":[{"@type":"WebPage","@id":"https:\/\/storax.be\/fr\/producten\/antiderapant\/revetement-antiderapant-bois\/","url":"https:\/\/storax.be\/fr\/producten\/antiderapant\/revetement-antiderapant-bois\/","name":"Rev\u00eatement antid\u00e9rapant Bois - Storax Belgium","isPartOf":{"@id":"https:\/\/storax.be\/fr\/#website"},"primaryImageOfPage":{"@id":"https:\/\/storax.be\/fr\/producten\/antiderapant\/revetement-antiderapant-bois\/#primaryimage"},"image":{"@id":"https:\/\/storax.be\/fr\/producten\/antiderapant\/revetement-antiderapant-bois\/#primaryimage"},"thumbnailUrl":"https:\/\/storax.be\/wp-content\/uploads\/sites\/2\/2019\/03\/thumb_470x470_569.jpg","datePublished":"2022-07-14T14:06:39+00:00","dateModified":"2024-05-16T07:37:56+00:00","breadcrumb":{"@id":"https:\/\/storax.be\/fr\/producten\/antiderapant\/revetement-antiderapant-bois\/#breadcrumb"},"inLanguage":"fr-FR","potentialAction":[{"@type":"ReadAction","target":["https:\/\/storax.be\/fr\/producten\/antiderapant\/revetement-antiderapant-bois\/"]}]},{"@type":"ImageObject","inLanguage":"fr-FR","@id":"https:\/\/storax.be\/fr\/producten\/antiderapant\/revetement-antiderapant-bois\/#primaryimage","url":"https:\/\/storax.be\/wp-content\/uploads\/sites\/2\/2019\/03\/thumb_470x470_569.jpg","contentUrl":"https:\/\/storax.be\/wp-content\/uploads\/sites\/2\/2019\/03\/thumb_470x470_569.jpg","width":470,"height":470},{"@type":"BreadcrumbList","@id":"https:\/\/storax.be\/fr\/producten\/antiderapant\/revetement-antiderapant-bois\/#breadcrumb","itemListElement":[{"@type":"ListItem","position":1,"name":"Home","item":"https:\/\/storax.be\/fr\/"},{"@type":"ListItem","position":2,"name":"Producten","item":"https:\/\/storax.be\/fr\/producten\/%product_category%\/"},{"@type":"ListItem","position":3,"name":"Antid\u00e9rapant","item":"https:\/\/storax.be\/fr\/producten\/antiderapant\/"},{"@type":"ListItem","position":4,"name":"Rev\u00eatement antid\u00e9rapant Bois"}]},{"@type":"WebSite","@id":"https:\/\/storax.be\/fr\/#website","url":"https:\/\/storax.be\/fr\/","name":"Storax Belgium","description":"Uw betrouwbare partner voor bouwprojecten","potentialAction":[{"@type":"SearchAction","target":{"@type":"EntryPoint","urlTemplate":"https:\/\/storax.be\/fr\/?s={search_term_string}"},"query-input":{"@type":"PropertyValueSpecification","valueRequired":true,"valueName":"search_term_string"}}],"inLanguage":"fr-FR"}]}},"_links":{"self":[{"href":"https:\/\/storax.be\/fr\/wp-json\/wp\/v2\/product\/114775","targetHints":{"allow":["GET"]}}],"collection":[{"href":"https:\/\/storax.be\/fr\/wp-json\/wp\/v2\/product"}],"about":[{"href":"https:\/\/storax.be\/fr\/wp-json\/wp\/v2\/types\/product"}],"wp:featuredmedia":[{"embeddable":true,"href":"https:\/\/storax.be\/fr\/wp-json\/wp\/v2\/media\/106253"}],"wp:attachment":[{"href":"https:\/\/storax.be\/fr\/wp-json\/wp\/v2\/media?parent=114775"}],"wp:term":[{"taxonomy":"product_category","embeddable":true,"href":"https:\/\/storax.be\/fr\/wp-json\/wp\/v2\/product_category?post=114775"},{"taxonomy":"product_tag","embeddable":true,"href":"https:\/\/storax.be\/fr\/wp-json\/wp\/v2\/product_tag?post=114775"}],"curies":[{"name":"wp","href":"https:\/\/api.w.org\/{rel}","templated":true}]}}