{"id":114773,"date":"2022-07-14T13:58:32","date_gmt":"2022-07-14T13:58:32","guid":{"rendered":"https:\/\/storax.be\/?post_type=product&#038;p=114773"},"modified":"2024-05-16T07:37:55","modified_gmt":"2024-05-16T07:37:55","slug":"tapis-antiderapants","status":"publish","type":"product","link":"https:\/\/storax.be\/fr\/producten\/antiderapant\/tapis-antiderapants\/","title":{"rendered":"Tapis antid\u00e9rapants"},"content":{"rendered":"<h2><b>Avec structure ouverte ou ferm\u00e9e<\/b><\/h2>\r\n<span style=\"font-weight: 400;\">Un tapis antid\u00e9rapant pr\u00e9vient les chutes et permet de rendre une surface s\u00fbre et praticable. <\/span><span style=\"font-weight: 400;\">Id\u00e9al lorsque le sol devient tr\u00e8s glissant suite \u00e0 des intemp\u00e9ries.<\/span>\r\n\r\n<strong>Propri\u00e9t\u00e9s<\/strong>\r\n<ul>\r\n \t<li style=\"font-weight: 400;\" aria-level=\"1\"><span style=\"font-weight: 400;\">norme antid\u00e9rapante R13<\/span><\/li>\r\n \t<li style=\"font-weight: 400;\" aria-level=\"1\"><span style=\"font-weight: 400;\">norme europ\u00e9enne de r\u00e9sistance au feu Bfl-S1<\/span><\/li>\r\n \t<li style=\"font-weight: 400;\" aria-level=\"1\"><span style=\"font-weight: 400;\">insonorise et isole<\/span><\/li>\r\n \t<li style=\"font-weight: 400;\" aria-level=\"1\"><span style=\"font-weight: 400;\">r\u00e9siste \u00e0 la pourriture et \u00e0 la moisissure<\/span><\/li>\r\n \t<li style=\"font-weight: 400;\" aria-level=\"1\"><span style=\"font-weight: 400;\">r\u00e9siste aux intemp\u00e9ries et aux UV<\/span><\/li>\r\n \t<li style=\"font-weight: 400;\" aria-level=\"1\"><span style=\"font-weight: 400;\">peut \u00eatre nettoy\u00e9 \u00e0 l&rsquo;eau<\/span><\/li>\r\n<\/ul>\r\n<strong>Couleurs tapis semi-ouvert<\/strong>\r\n<ul>\r\n \t<li style=\"font-weight: 400;\" aria-level=\"1\"><span style=\"font-weight: 400;\">anthracite (01)<\/span><\/li>\r\n \t<li style=\"font-weight: 400;\" aria-level=\"1\"><span style=\"font-weight: 400;\">marron (02)<\/span><\/li>\r\n \t<li style=\"font-weight: 400;\" aria-level=\"1\"><span style=\"font-weight: 400;\">gris (03)<\/span><\/li>\r\n \t<li style=\"font-weight: 400;\" aria-level=\"1\"><span style=\"font-weight: 400;\">rouge (04)<\/span><\/li>\r\n \t<li style=\"font-weight: 400;\" aria-level=\"1\"><span style=\"font-weight: 400;\">bleu (05)<\/span><\/li>\r\n \t<li style=\"font-weight: 400;\" aria-level=\"1\"><span style=\"font-weight: 400;\">vert (06)<\/span><\/li>\r\n<\/ul>\r\n<strong>Couleurs tapis ferm\u00e9<\/strong>\r\n<ul>\r\n \t<li style=\"font-weight: 400;\" aria-level=\"1\"><span style=\"font-weight: 400;\">noir anthracite (11)<\/span><\/li>\r\n \t<li style=\"font-weight: 400;\" aria-level=\"1\"><span style=\"font-weight: 400;\">gris (12)<\/span><\/li>\r\n<\/ul>\r\n<strong>Mat\u00e9riau:<\/strong>\r\n<ul>\r\n \t<li style=\"font-weight: 400;\" aria-level=\"1\"><span style=\"font-weight: 400;\">dos\u00a0: caoutchouc PVC souple<\/span><\/li>\r\n \t<li style=\"font-weight: 400;\" aria-level=\"1\"><span style=\"font-weight: 400;\">couche interm\u00e9diaire\u00a0: support en fibre de verre polyester<\/span><\/li>\r\n \t<li style=\"font-weight: 400;\" aria-level=\"1\"><span style=\"font-weight: 400;\">couche sup\u00e9rieure\u00a0: grains antid\u00e9rapants en plastique PVC<\/span><\/li>\r\n<\/ul>\r\n<strong>\u00c9paisseur<\/strong>\r\n<ul>\r\n \t<li style=\"font-weight: 400;\" aria-level=\"1\"><span style=\"font-weight: 400;\">6\u00a0mm (semi-ouvert)<\/span><\/li>\r\n \t<li style=\"font-weight: 400;\" aria-level=\"1\"><span style=\"font-weight: 400;\">4\u00a0mm (ferm\u00e9)<\/span><\/li>\r\n<\/ul>\r\n<strong>Dimensions:<\/strong>\r\n<ul>\r\n \t<li style=\"font-weight: 400;\" aria-level=\"1\"><span style=\"font-weight: 400;\">rouleaux de 1,2 x 10\u00a0m toutes couleurs<\/span><\/li>\r\n<\/ul>\r\n<span style=\"font-weight: 400;\">Des dimensions sur mesure ainsi qu&rsquo;une pose compl\u00e8te sont bien s\u00fbr possibles. Prix sur demande <\/span><span style=\"font-weight: 400;\"><strong>Poids:<\/strong> 2 kg\/m<\/span><span style=\"font-weight: 400;\">2 <\/span><span style=\"font-weight: 400;\">Livr\u00e9 non pos\u00e9<\/span>\r\n\r\n<!-- \/wp:post-content -->","protected":false},"excerpt":{"rendered":"<p>Avec structure ouverte ou ferm\u00e9e Un tapis antid\u00e9rapant pr\u00e9vient les chutes et permet de rendre une surface s\u00fbre et praticable. Id\u00e9al lorsque le sol devient tr\u00e8s glissant suite \u00e0 des intemp\u00e9ries. Propri\u00e9t\u00e9s norme antid\u00e9rapante R13 norme europ\u00e9enne de r\u00e9sistance au feu Bfl-S1 insonorise et isole r\u00e9siste \u00e0 la pourriture et \u00e0 la moisissure r\u00e9siste aux\u2026<\/p>\n","protected":false},"featured_media":106424,"template":"","meta":{"_acf_changed":false},"product_category":[584],"product_tag":[486,512],"class_list":["post-114773","product","type-product","status-publish","has-post-thumbnail","hentry","product_category-antiderapant","product_tag-beton-fr","product_tag-hout-fr"],"acf":[],"yoast_head":"<!-- This site is optimized with the Yoast SEO plugin v27.3 - https:\/\/yoast.com\/product\/yoast-seo-wordpress\/ -->\n<title>Tapis antid\u00e9rapants - Storax Belgium<\/title>\n<meta name=\"robots\" content=\"index, follow, max-snippet:-1, max-image-preview:large, max-video-preview:-1\" \/>\n<link rel=\"canonical\" href=\"https:\/\/storax.be\/fr\/producten\/antiderapant\/tapis-antiderapants\/\" \/>\n<meta property=\"og:locale\" content=\"fr_FR\" \/>\n<meta property=\"og:type\" content=\"article\" \/>\n<meta property=\"og:title\" content=\"Tapis antid\u00e9rapants - Storax Belgium\" \/>\n<meta property=\"og:description\" content=\"Avec structure ouverte ou ferm\u00e9e Un tapis antid\u00e9rapant pr\u00e9vient les chutes et permet de rendre une surface s\u00fbre et praticable. Id\u00e9al lorsque le sol devient tr\u00e8s glissant suite \u00e0 des intemp\u00e9ries. Propri\u00e9t\u00e9s norme antid\u00e9rapante R13 norme europ\u00e9enne de r\u00e9sistance au feu Bfl-S1 insonorise et isole r\u00e9siste \u00e0 la pourriture et \u00e0 la moisissure r\u00e9siste aux\u2026\" \/>\n<meta property=\"og:url\" content=\"https:\/\/storax.be\/fr\/producten\/antiderapant\/tapis-antiderapants\/\" \/>\n<meta property=\"og:site_name\" content=\"Storax Belgium\" \/>\n<meta property=\"article:modified_time\" content=\"2024-05-16T07:37:55+00:00\" \/>\n<meta property=\"og:image\" content=\"https:\/\/storax.be\/wp-content\/uploads\/sites\/2\/2019\/03\/thumb_270x270_457.jpg\" \/>\n\t<meta property=\"og:image:width\" content=\"270\" \/>\n\t<meta property=\"og:image:height\" content=\"270\" \/>\n\t<meta property=\"og:image:type\" content=\"image\/jpeg\" \/>\n<meta name=\"twitter:card\" content=\"summary_large_image\" \/>\n<meta name=\"twitter:label1\" content=\"Dur\u00e9e de lecture estim\u00e9e\" \/>\n\t<meta name=\"twitter:data1\" content=\"1 minute\" \/>\n<script type=\"application\/ld+json\" class=\"yoast-schema-graph\">{\"@context\":\"https:\\\/\\\/schema.org\",\"@graph\":[{\"@type\":\"WebPage\",\"@id\":\"https:\\\/\\\/storax.be\\\/fr\\\/producten\\\/antiderapant\\\/tapis-antiderapants\\\/\",\"url\":\"https:\\\/\\\/storax.be\\\/fr\\\/producten\\\/antiderapant\\\/tapis-antiderapants\\\/\",\"name\":\"Tapis antid\u00e9rapants - Storax Belgium\",\"isPartOf\":{\"@id\":\"https:\\\/\\\/storax.be\\\/fr\\\/#website\"},\"primaryImageOfPage\":{\"@id\":\"https:\\\/\\\/storax.be\\\/fr\\\/producten\\\/antiderapant\\\/tapis-antiderapants\\\/#primaryimage\"},\"image\":{\"@id\":\"https:\\\/\\\/storax.be\\\/fr\\\/producten\\\/antiderapant\\\/tapis-antiderapants\\\/#primaryimage\"},\"thumbnailUrl\":\"https:\\\/\\\/storax.be\\\/wp-content\\\/uploads\\\/sites\\\/2\\\/2019\\\/03\\\/thumb_270x270_457.jpg\",\"datePublished\":\"2022-07-14T13:58:32+00:00\",\"dateModified\":\"2024-05-16T07:37:55+00:00\",\"breadcrumb\":{\"@id\":\"https:\\\/\\\/storax.be\\\/fr\\\/producten\\\/antiderapant\\\/tapis-antiderapants\\\/#breadcrumb\"},\"inLanguage\":\"fr-FR\",\"potentialAction\":[{\"@type\":\"ReadAction\",\"target\":[\"https:\\\/\\\/storax.be\\\/fr\\\/producten\\\/antiderapant\\\/tapis-antiderapants\\\/\"]}]},{\"@type\":\"ImageObject\",\"inLanguage\":\"fr-FR\",\"@id\":\"https:\\\/\\\/storax.be\\\/fr\\\/producten\\\/antiderapant\\\/tapis-antiderapants\\\/#primaryimage\",\"url\":\"https:\\\/\\\/storax.be\\\/wp-content\\\/uploads\\\/sites\\\/2\\\/2019\\\/03\\\/thumb_270x270_457.jpg\",\"contentUrl\":\"https:\\\/\\\/storax.be\\\/wp-content\\\/uploads\\\/sites\\\/2\\\/2019\\\/03\\\/thumb_270x270_457.jpg\",\"width\":270,\"height\":270},{\"@type\":\"BreadcrumbList\",\"@id\":\"https:\\\/\\\/storax.be\\\/fr\\\/producten\\\/antiderapant\\\/tapis-antiderapants\\\/#breadcrumb\",\"itemListElement\":[{\"@type\":\"ListItem\",\"position\":1,\"name\":\"Home\",\"item\":\"https:\\\/\\\/storax.be\\\/fr\\\/\"},{\"@type\":\"ListItem\",\"position\":2,\"name\":\"Producten\",\"item\":\"https:\\\/\\\/storax.be\\\/fr\\\/producten\\\/%product_category%\\\/\"},{\"@type\":\"ListItem\",\"position\":3,\"name\":\"Antid\u00e9rapant\",\"item\":\"https:\\\/\\\/storax.be\\\/fr\\\/producten\\\/antiderapant\\\/\"},{\"@type\":\"ListItem\",\"position\":4,\"name\":\"Tapis antid\u00e9rapants\"}]},{\"@type\":\"WebSite\",\"@id\":\"https:\\\/\\\/storax.be\\\/fr\\\/#website\",\"url\":\"https:\\\/\\\/storax.be\\\/fr\\\/\",\"name\":\"Storax Belgium\",\"description\":\"Uw betrouwbare partner voor bouwprojecten\",\"potentialAction\":[{\"@type\":\"SearchAction\",\"target\":{\"@type\":\"EntryPoint\",\"urlTemplate\":\"https:\\\/\\\/storax.be\\\/fr\\\/?s={search_term_string}\"},\"query-input\":{\"@type\":\"PropertyValueSpecification\",\"valueRequired\":true,\"valueName\":\"search_term_string\"}}],\"inLanguage\":\"fr-FR\"}]}<\/script>\n<!-- \/ Yoast SEO plugin. -->","yoast_head_json":{"title":"Tapis antid\u00e9rapants - Storax Belgium","robots":{"index":"index","follow":"follow","max-snippet":"max-snippet:-1","max-image-preview":"max-image-preview:large","max-video-preview":"max-video-preview:-1"},"canonical":"https:\/\/storax.be\/fr\/producten\/antiderapant\/tapis-antiderapants\/","og_locale":"fr_FR","og_type":"article","og_title":"Tapis antid\u00e9rapants - Storax Belgium","og_description":"Avec structure ouverte ou ferm\u00e9e Un tapis antid\u00e9rapant pr\u00e9vient les chutes et permet de rendre une surface s\u00fbre et praticable. Id\u00e9al lorsque le sol devient tr\u00e8s glissant suite \u00e0 des intemp\u00e9ries. Propri\u00e9t\u00e9s norme antid\u00e9rapante R13 norme europ\u00e9enne de r\u00e9sistance au feu Bfl-S1 insonorise et isole r\u00e9siste \u00e0 la pourriture et \u00e0 la moisissure r\u00e9siste aux\u2026","og_url":"https:\/\/storax.be\/fr\/producten\/antiderapant\/tapis-antiderapants\/","og_site_name":"Storax Belgium","article_modified_time":"2024-05-16T07:37:55+00:00","og_image":[{"width":270,"height":270,"url":"https:\/\/storax.be\/wp-content\/uploads\/sites\/2\/2019\/03\/thumb_270x270_457.jpg","type":"image\/jpeg"}],"twitter_card":"summary_large_image","twitter_misc":{"Dur\u00e9e de lecture estim\u00e9e":"1 minute"},"schema":{"@context":"https:\/\/schema.org","@graph":[{"@type":"WebPage","@id":"https:\/\/storax.be\/fr\/producten\/antiderapant\/tapis-antiderapants\/","url":"https:\/\/storax.be\/fr\/producten\/antiderapant\/tapis-antiderapants\/","name":"Tapis antid\u00e9rapants - Storax Belgium","isPartOf":{"@id":"https:\/\/storax.be\/fr\/#website"},"primaryImageOfPage":{"@id":"https:\/\/storax.be\/fr\/producten\/antiderapant\/tapis-antiderapants\/#primaryimage"},"image":{"@id":"https:\/\/storax.be\/fr\/producten\/antiderapant\/tapis-antiderapants\/#primaryimage"},"thumbnailUrl":"https:\/\/storax.be\/wp-content\/uploads\/sites\/2\/2019\/03\/thumb_270x270_457.jpg","datePublished":"2022-07-14T13:58:32+00:00","dateModified":"2024-05-16T07:37:55+00:00","breadcrumb":{"@id":"https:\/\/storax.be\/fr\/producten\/antiderapant\/tapis-antiderapants\/#breadcrumb"},"inLanguage":"fr-FR","potentialAction":[{"@type":"ReadAction","target":["https:\/\/storax.be\/fr\/producten\/antiderapant\/tapis-antiderapants\/"]}]},{"@type":"ImageObject","inLanguage":"fr-FR","@id":"https:\/\/storax.be\/fr\/producten\/antiderapant\/tapis-antiderapants\/#primaryimage","url":"https:\/\/storax.be\/wp-content\/uploads\/sites\/2\/2019\/03\/thumb_270x270_457.jpg","contentUrl":"https:\/\/storax.be\/wp-content\/uploads\/sites\/2\/2019\/03\/thumb_270x270_457.jpg","width":270,"height":270},{"@type":"BreadcrumbList","@id":"https:\/\/storax.be\/fr\/producten\/antiderapant\/tapis-antiderapants\/#breadcrumb","itemListElement":[{"@type":"ListItem","position":1,"name":"Home","item":"https:\/\/storax.be\/fr\/"},{"@type":"ListItem","position":2,"name":"Producten","item":"https:\/\/storax.be\/fr\/producten\/%product_category%\/"},{"@type":"ListItem","position":3,"name":"Antid\u00e9rapant","item":"https:\/\/storax.be\/fr\/producten\/antiderapant\/"},{"@type":"ListItem","position":4,"name":"Tapis antid\u00e9rapants"}]},{"@type":"WebSite","@id":"https:\/\/storax.be\/fr\/#website","url":"https:\/\/storax.be\/fr\/","name":"Storax Belgium","description":"Uw betrouwbare partner voor bouwprojecten","potentialAction":[{"@type":"SearchAction","target":{"@type":"EntryPoint","urlTemplate":"https:\/\/storax.be\/fr\/?s={search_term_string}"},"query-input":{"@type":"PropertyValueSpecification","valueRequired":true,"valueName":"search_term_string"}}],"inLanguage":"fr-FR"}]}},"_links":{"self":[{"href":"https:\/\/storax.be\/fr\/wp-json\/wp\/v2\/product\/114773","targetHints":{"allow":["GET"]}}],"collection":[{"href":"https:\/\/storax.be\/fr\/wp-json\/wp\/v2\/product"}],"about":[{"href":"https:\/\/storax.be\/fr\/wp-json\/wp\/v2\/types\/product"}],"wp:featuredmedia":[{"embeddable":true,"href":"https:\/\/storax.be\/fr\/wp-json\/wp\/v2\/media\/106424"}],"wp:attachment":[{"href":"https:\/\/storax.be\/fr\/wp-json\/wp\/v2\/media?parent=114773"}],"wp:term":[{"taxonomy":"product_category","embeddable":true,"href":"https:\/\/storax.be\/fr\/wp-json\/wp\/v2\/product_category?post=114773"},{"taxonomy":"product_tag","embeddable":true,"href":"https:\/\/storax.be\/fr\/wp-json\/wp\/v2\/product_tag?post=114773"}],"curies":[{"name":"wp","href":"https:\/\/api.w.org\/{rel}","templated":true}]}}