{"id":114772,"date":"2022-07-14T13:55:13","date_gmt":"2022-07-14T13:55:13","guid":{"rendered":"https:\/\/storax.be\/?post_type=product&#038;p=114772"},"modified":"2025-01-10T08:51:54","modified_gmt":"2025-01-10T08:51:54","slug":"bandes-antiderapantes-pour-terrasse","status":"publish","type":"product","link":"https:\/\/storax.be\/fr\/producten\/antiderapant\/bandes-antiderapantes-pour-terrasse\/","title":{"rendered":"Bandes antid\u00e9rapantes pour terrasse"},"content":{"rendered":"<p><span style=\"font-weight: 400;\">Les bandes antid\u00e9rapantes Ultragrip pour terrasses lisses ou autres supports en bois sont fabriqu\u00e9es en polyester renforc\u00e9 de fibres de verre et munies d&rsquo;un rev\u00eatement antid\u00e9rapant \u00e0 structure granulaire. Les profil\u00e9s antid\u00e9rapants sont mont\u00e9s par collage ou peuvent \u00eatre perc\u00e9s. Les bandes sont id\u00e9ales pour rendre les terrasses en bois ou les ponts antid\u00e9rapants.<\/span><\/p>\n<p><strong>Caract\u00e9ristiques des bandes pour terrasse Ultragrip<\/strong><\/p>\n<ul>\n<li style=\"font-weight: 400;\" aria-level=\"1\"><span style=\"font-weight: 400;\">Surface antid\u00e9rapante extr\u00eamement r\u00e9sistante<\/span><\/li>\n<li style=\"font-weight: 400;\" aria-level=\"1\"><span style=\"font-weight: 400;\">Facile \u00e0 poser<\/span><\/li>\n<li style=\"font-weight: 400;\" aria-level=\"1\"><span style=\"font-weight: 400;\">R\u00e9siste \u00e0 l&rsquo;eau et \u00e0 la pourriture<\/span><\/li>\n<li style=\"font-weight: 400;\" aria-level=\"1\"><span style=\"font-weight: 400;\">Choix de 2 largeurs et diff\u00e9rentes tailles<\/span><\/li>\n<li style=\"font-weight: 400;\" aria-level=\"1\"><span style=\"font-weight: 400;\">Disponible en noir, gris et jaune (autres couleurs RAL sur demande)<\/span><\/li>\n<\/ul>\n<p><strong>Convient pour<\/strong><\/p>\n<ul>\n<li style=\"font-weight: 400;\" aria-level=\"1\"><span style=\"font-weight: 400;\">Galeries<\/span><\/li>\n<li style=\"font-weight: 400;\" aria-level=\"1\"><span style=\"font-weight: 400;\">Lames de terrasse<\/span><\/li>\n<li style=\"font-weight: 400;\" aria-level=\"1\"><span style=\"font-weight: 400;\">Ponts<\/span><\/li>\n<li style=\"font-weight: 400;\" aria-level=\"1\"><span style=\"font-weight: 400;\">Lames en bankirai \/ bois (dur)<\/span><\/li>\n<\/ul>\n<p><strong>Dimensions<\/strong><\/p>\n<ul>\n<li style=\"font-weight: 400;\" aria-level=\"1\"><span style=\"font-weight: 400;\">Largeurs\u00a0: 50 et 90\u00a0mm<\/span><\/li>\n<li style=\"font-weight: 400;\" aria-level=\"1\"><span style=\"font-weight: 400;\">Longueurs : 600, 800, 1000, 1200, 1400, 1600, 1800, 2000 et 2400 mm.<\/span><\/li>\n<\/ul>\n\n\n<div class=\"wp-block-spacer\" style=\"height: 56px;\" aria-hidden=\"true\">\u00a0<\/div>\n","protected":false},"excerpt":{"rendered":"<p>Les bandes antid\u00e9rapantes Ultragrip pour terrasses lisses ou autres supports en bois sont fabriqu\u00e9es en polyester renforc\u00e9 de fibres de verre et munies d&rsquo;un rev\u00eatement antid\u00e9rapant \u00e0 structure granulaire. Les profil\u00e9s antid\u00e9rapants sont mont\u00e9s par collage ou peuvent \u00eatre perc\u00e9s. Les bandes sont id\u00e9ales pour rendre les terrasses en bois ou les ponts antid\u00e9rapants. Caract\u00e9ristiques\u2026<\/p>\n","protected":false},"featured_media":109993,"template":"","meta":{"_acf_changed":false},"product_category":[584],"product_tag":[512],"class_list":["post-114772","product","type-product","status-publish","has-post-thumbnail","hentry","product_category-antiderapant","product_tag-hout-fr"],"acf":[],"yoast_head":"<!-- This site is optimized with the Yoast SEO plugin v27.3 - https:\/\/yoast.com\/product\/yoast-seo-wordpress\/ -->\n<title>Bandes antid\u00e9rapantes pour terrasse - Storax Belgium<\/title>\n<meta name=\"robots\" content=\"index, follow, max-snippet:-1, max-image-preview:large, max-video-preview:-1\" \/>\n<link rel=\"canonical\" href=\"https:\/\/storax.be\/fr\/producten\/antiderapant\/bandes-antiderapantes-pour-terrasse\/\" \/>\n<meta property=\"og:locale\" content=\"fr_FR\" \/>\n<meta property=\"og:type\" content=\"article\" \/>\n<meta property=\"og:title\" content=\"Bandes antid\u00e9rapantes pour terrasse - Storax Belgium\" \/>\n<meta property=\"og:description\" content=\"Les bandes antid\u00e9rapantes Ultragrip pour terrasses lisses ou autres supports en bois sont fabriqu\u00e9es en polyester renforc\u00e9 de fibres de verre et munies d&rsquo;un rev\u00eatement antid\u00e9rapant \u00e0 structure granulaire. Les profil\u00e9s antid\u00e9rapants sont mont\u00e9s par collage ou peuvent \u00eatre perc\u00e9s. Les bandes sont id\u00e9ales pour rendre les terrasses en bois ou les ponts antid\u00e9rapants. Caract\u00e9ristiques\u2026\" \/>\n<meta property=\"og:url\" content=\"https:\/\/storax.be\/fr\/producten\/antiderapant\/bandes-antiderapantes-pour-terrasse\/\" \/>\n<meta property=\"og:site_name\" content=\"Storax Belgium\" \/>\n<meta property=\"article:modified_time\" content=\"2025-01-10T08:51:54+00:00\" \/>\n<meta property=\"og:image\" content=\"https:\/\/storax.be\/wp-content\/uploads\/sites\/2\/2019\/03\/vlonderstrips-e1571313367768.jpg\" \/>\n\t<meta property=\"og:image:width\" content=\"470\" \/>\n\t<meta property=\"og:image:height\" content=\"470\" \/>\n\t<meta property=\"og:image:type\" content=\"image\/jpeg\" \/>\n<meta name=\"twitter:card\" content=\"summary_large_image\" \/>\n<meta name=\"twitter:label1\" content=\"Dur\u00e9e de lecture estim\u00e9e\" \/>\n\t<meta name=\"twitter:data1\" content=\"1 minute\" \/>\n<script type=\"application\/ld+json\" class=\"yoast-schema-graph\">{\"@context\":\"https:\\\/\\\/schema.org\",\"@graph\":[{\"@type\":\"WebPage\",\"@id\":\"https:\\\/\\\/storax.be\\\/fr\\\/producten\\\/antiderapant\\\/bandes-antiderapantes-pour-terrasse\\\/\",\"url\":\"https:\\\/\\\/storax.be\\\/fr\\\/producten\\\/antiderapant\\\/bandes-antiderapantes-pour-terrasse\\\/\",\"name\":\"Bandes antid\u00e9rapantes pour terrasse - Storax Belgium\",\"isPartOf\":{\"@id\":\"https:\\\/\\\/storax.be\\\/fr\\\/#website\"},\"primaryImageOfPage\":{\"@id\":\"https:\\\/\\\/storax.be\\\/fr\\\/producten\\\/antiderapant\\\/bandes-antiderapantes-pour-terrasse\\\/#primaryimage\"},\"image\":{\"@id\":\"https:\\\/\\\/storax.be\\\/fr\\\/producten\\\/antiderapant\\\/bandes-antiderapantes-pour-terrasse\\\/#primaryimage\"},\"thumbnailUrl\":\"https:\\\/\\\/storax.be\\\/wp-content\\\/uploads\\\/sites\\\/2\\\/2019\\\/03\\\/vlonderstrips-e1571313367768.jpg\",\"datePublished\":\"2022-07-14T13:55:13+00:00\",\"dateModified\":\"2025-01-10T08:51:54+00:00\",\"breadcrumb\":{\"@id\":\"https:\\\/\\\/storax.be\\\/fr\\\/producten\\\/antiderapant\\\/bandes-antiderapantes-pour-terrasse\\\/#breadcrumb\"},\"inLanguage\":\"fr-FR\",\"potentialAction\":[{\"@type\":\"ReadAction\",\"target\":[\"https:\\\/\\\/storax.be\\\/fr\\\/producten\\\/antiderapant\\\/bandes-antiderapantes-pour-terrasse\\\/\"]}]},{\"@type\":\"ImageObject\",\"inLanguage\":\"fr-FR\",\"@id\":\"https:\\\/\\\/storax.be\\\/fr\\\/producten\\\/antiderapant\\\/bandes-antiderapantes-pour-terrasse\\\/#primaryimage\",\"url\":\"https:\\\/\\\/storax.be\\\/wp-content\\\/uploads\\\/sites\\\/2\\\/2019\\\/03\\\/vlonderstrips-e1571313367768.jpg\",\"contentUrl\":\"https:\\\/\\\/storax.be\\\/wp-content\\\/uploads\\\/sites\\\/2\\\/2019\\\/03\\\/vlonderstrips-e1571313367768.jpg\",\"width\":470,\"height\":470},{\"@type\":\"BreadcrumbList\",\"@id\":\"https:\\\/\\\/storax.be\\\/fr\\\/producten\\\/antiderapant\\\/bandes-antiderapantes-pour-terrasse\\\/#breadcrumb\",\"itemListElement\":[{\"@type\":\"ListItem\",\"position\":1,\"name\":\"Home\",\"item\":\"https:\\\/\\\/storax.be\\\/fr\\\/\"},{\"@type\":\"ListItem\",\"position\":2,\"name\":\"Producten\",\"item\":\"https:\\\/\\\/storax.be\\\/fr\\\/producten\\\/%product_category%\\\/\"},{\"@type\":\"ListItem\",\"position\":3,\"name\":\"Antid\u00e9rapant\",\"item\":\"https:\\\/\\\/storax.be\\\/fr\\\/producten\\\/antiderapant\\\/\"},{\"@type\":\"ListItem\",\"position\":4,\"name\":\"Bandes antid\u00e9rapantes pour terrasse\"}]},{\"@type\":\"WebSite\",\"@id\":\"https:\\\/\\\/storax.be\\\/fr\\\/#website\",\"url\":\"https:\\\/\\\/storax.be\\\/fr\\\/\",\"name\":\"Storax Belgium\",\"description\":\"Uw betrouwbare partner voor bouwprojecten\",\"potentialAction\":[{\"@type\":\"SearchAction\",\"target\":{\"@type\":\"EntryPoint\",\"urlTemplate\":\"https:\\\/\\\/storax.be\\\/fr\\\/?s={search_term_string}\"},\"query-input\":{\"@type\":\"PropertyValueSpecification\",\"valueRequired\":true,\"valueName\":\"search_term_string\"}}],\"inLanguage\":\"fr-FR\"}]}<\/script>\n<!-- \/ Yoast SEO plugin. -->","yoast_head_json":{"title":"Bandes antid\u00e9rapantes pour terrasse - Storax Belgium","robots":{"index":"index","follow":"follow","max-snippet":"max-snippet:-1","max-image-preview":"max-image-preview:large","max-video-preview":"max-video-preview:-1"},"canonical":"https:\/\/storax.be\/fr\/producten\/antiderapant\/bandes-antiderapantes-pour-terrasse\/","og_locale":"fr_FR","og_type":"article","og_title":"Bandes antid\u00e9rapantes pour terrasse - Storax Belgium","og_description":"Les bandes antid\u00e9rapantes Ultragrip pour terrasses lisses ou autres supports en bois sont fabriqu\u00e9es en polyester renforc\u00e9 de fibres de verre et munies d&rsquo;un rev\u00eatement antid\u00e9rapant \u00e0 structure granulaire. Les profil\u00e9s antid\u00e9rapants sont mont\u00e9s par collage ou peuvent \u00eatre perc\u00e9s. Les bandes sont id\u00e9ales pour rendre les terrasses en bois ou les ponts antid\u00e9rapants. Caract\u00e9ristiques\u2026","og_url":"https:\/\/storax.be\/fr\/producten\/antiderapant\/bandes-antiderapantes-pour-terrasse\/","og_site_name":"Storax Belgium","article_modified_time":"2025-01-10T08:51:54+00:00","og_image":[{"width":470,"height":470,"url":"https:\/\/storax.be\/wp-content\/uploads\/sites\/2\/2019\/03\/vlonderstrips-e1571313367768.jpg","type":"image\/jpeg"}],"twitter_card":"summary_large_image","twitter_misc":{"Dur\u00e9e de lecture estim\u00e9e":"1 minute"},"schema":{"@context":"https:\/\/schema.org","@graph":[{"@type":"WebPage","@id":"https:\/\/storax.be\/fr\/producten\/antiderapant\/bandes-antiderapantes-pour-terrasse\/","url":"https:\/\/storax.be\/fr\/producten\/antiderapant\/bandes-antiderapantes-pour-terrasse\/","name":"Bandes antid\u00e9rapantes pour terrasse - Storax Belgium","isPartOf":{"@id":"https:\/\/storax.be\/fr\/#website"},"primaryImageOfPage":{"@id":"https:\/\/storax.be\/fr\/producten\/antiderapant\/bandes-antiderapantes-pour-terrasse\/#primaryimage"},"image":{"@id":"https:\/\/storax.be\/fr\/producten\/antiderapant\/bandes-antiderapantes-pour-terrasse\/#primaryimage"},"thumbnailUrl":"https:\/\/storax.be\/wp-content\/uploads\/sites\/2\/2019\/03\/vlonderstrips-e1571313367768.jpg","datePublished":"2022-07-14T13:55:13+00:00","dateModified":"2025-01-10T08:51:54+00:00","breadcrumb":{"@id":"https:\/\/storax.be\/fr\/producten\/antiderapant\/bandes-antiderapantes-pour-terrasse\/#breadcrumb"},"inLanguage":"fr-FR","potentialAction":[{"@type":"ReadAction","target":["https:\/\/storax.be\/fr\/producten\/antiderapant\/bandes-antiderapantes-pour-terrasse\/"]}]},{"@type":"ImageObject","inLanguage":"fr-FR","@id":"https:\/\/storax.be\/fr\/producten\/antiderapant\/bandes-antiderapantes-pour-terrasse\/#primaryimage","url":"https:\/\/storax.be\/wp-content\/uploads\/sites\/2\/2019\/03\/vlonderstrips-e1571313367768.jpg","contentUrl":"https:\/\/storax.be\/wp-content\/uploads\/sites\/2\/2019\/03\/vlonderstrips-e1571313367768.jpg","width":470,"height":470},{"@type":"BreadcrumbList","@id":"https:\/\/storax.be\/fr\/producten\/antiderapant\/bandes-antiderapantes-pour-terrasse\/#breadcrumb","itemListElement":[{"@type":"ListItem","position":1,"name":"Home","item":"https:\/\/storax.be\/fr\/"},{"@type":"ListItem","position":2,"name":"Producten","item":"https:\/\/storax.be\/fr\/producten\/%product_category%\/"},{"@type":"ListItem","position":3,"name":"Antid\u00e9rapant","item":"https:\/\/storax.be\/fr\/producten\/antiderapant\/"},{"@type":"ListItem","position":4,"name":"Bandes antid\u00e9rapantes pour terrasse"}]},{"@type":"WebSite","@id":"https:\/\/storax.be\/fr\/#website","url":"https:\/\/storax.be\/fr\/","name":"Storax Belgium","description":"Uw betrouwbare partner voor bouwprojecten","potentialAction":[{"@type":"SearchAction","target":{"@type":"EntryPoint","urlTemplate":"https:\/\/storax.be\/fr\/?s={search_term_string}"},"query-input":{"@type":"PropertyValueSpecification","valueRequired":true,"valueName":"search_term_string"}}],"inLanguage":"fr-FR"}]}},"_links":{"self":[{"href":"https:\/\/storax.be\/fr\/wp-json\/wp\/v2\/product\/114772","targetHints":{"allow":["GET"]}}],"collection":[{"href":"https:\/\/storax.be\/fr\/wp-json\/wp\/v2\/product"}],"about":[{"href":"https:\/\/storax.be\/fr\/wp-json\/wp\/v2\/types\/product"}],"wp:featuredmedia":[{"embeddable":true,"href":"https:\/\/storax.be\/fr\/wp-json\/wp\/v2\/media\/109993"}],"wp:attachment":[{"href":"https:\/\/storax.be\/fr\/wp-json\/wp\/v2\/media?parent=114772"}],"wp:term":[{"taxonomy":"product_category","embeddable":true,"href":"https:\/\/storax.be\/fr\/wp-json\/wp\/v2\/product_category?post=114772"},{"taxonomy":"product_tag","embeddable":true,"href":"https:\/\/storax.be\/fr\/wp-json\/wp\/v2\/product_tag?post=114772"}],"curies":[{"name":"wp","href":"https:\/\/api.w.org\/{rel}","templated":true}]}}