{"id":114765,"date":"2022-07-14T13:40:04","date_gmt":"2022-07-14T13:40:04","guid":{"rendered":"https:\/\/storax.be\/?post_type=product&#038;p=114765"},"modified":"2024-05-16T07:37:55","modified_gmt":"2024-05-16T07:37:55","slug":"spray-antiderapant-carrelage","status":"publish","type":"product","link":"https:\/\/storax.be\/fr\/producten\/antiderapant\/spray-antiderapant-carrelage\/","title":{"rendered":"Spray antid\u00e9rapant Carrelage"},"content":{"rendered":"<p>Le spray pour carrelage Gigagrip a \u00e9t\u00e9 sp\u00e9cialement d\u00e9velopp\u00e9 pour les particuliers. Ce spray antid\u00e9rapant pour carrelage a une concentration plus faible de Gigagrip afin que les particuliers ou les utilisateurs finaux puissent facilement traiter leurs sols ou leurs escaliers. Vaporisez, rincez et c&rsquo;est pr\u00eat! <strong>Comment cela fonctionne-t-il? <a href=\"#video\">Voir la vid\u00e9o<\/a><\/strong><\/p>\r\n\r\n<p><strong>Convient pour<\/strong><\/p>\r\n<ul>\r\n<li style=\"font-weight: 400;\" aria-level=\"1\"><span style=\"font-weight: 400;\">Carreaux de c\u00e9ramique<\/span><\/li>\r\n<li style=\"font-weight: 400;\" aria-level=\"1\"><span style=\"font-weight: 400;\">Pierre naturelle<\/span><\/li>\r\n<li style=\"font-weight: 400;\" aria-level=\"1\"><span style=\"font-weight: 400;\">Carreaux polis<\/span><\/li>\r\n<\/ul>\r\n<p><strong>Applications<\/strong><\/p>\r\n<ul>\r\n<li style=\"font-weight: 400;\" aria-level=\"1\"><span style=\"font-weight: 400;\">Salles de bains<\/span><\/li>\r\n<li style=\"font-weight: 400;\" aria-level=\"1\"><span style=\"font-weight: 400;\">Cuisines<\/span><\/li>\r\n<li style=\"font-weight: 400;\" aria-level=\"1\"><span style=\"font-weight: 400;\">Terrasses<\/span><\/li>\r\n<\/ul>\r\n<p><strong>Caract\u00e9ristiques<\/strong><\/p>\r\n<ul>\r\n<li style=\"font-weight: 400;\" aria-level=\"1\"><span style=\"font-weight: 400;\">Agit en 3 \u00e0 5\u00a0minutes<\/span><\/li>\r\n<li style=\"font-weight: 400;\" aria-level=\"1\"><span style=\"font-weight: 400;\">Peut \u00eatre foul\u00e9 imm\u00e9diatement apr\u00e8s l&rsquo;application<\/span><\/li>\r\n<li style=\"font-weight: 400;\" aria-level=\"1\"><span style=\"font-weight: 400;\">Pas d&rsquo;\u00e9manations chimiques pendant l&rsquo;application, ni apr\u00e8s<\/span><\/li>\r\n<li style=\"font-weight: 400;\" aria-level=\"1\"><span style=\"font-weight: 400;\">Garantie de 5\u00a0ans (demandez les conditions)<\/span><\/li>\r\n<li style=\"font-weight: 400;\" aria-level=\"1\"><span style=\"font-weight: 400;\">R\u00e9sultat final invisible<\/span><\/li>\r\n<li style=\"font-weight: 400;\" aria-level=\"1\"><span style=\"font-weight: 400;\">Prot\u00e8ge le carrelage<\/span><\/li>\r\n<li style=\"font-weight: 400;\" aria-level=\"1\"><span style=\"font-weight: 400;\">Entretien facile<\/span><\/li>\r\n<li style=\"font-weight: 400;\" aria-level=\"1\"><span style=\"font-weight: 400;\">Disponible en 100\u00a0ml, 500\u00a0ml et 5\u00a0litres<\/span><\/li>\r\n<li style=\"font-weight: 400;\" aria-level=\"1\"><span style=\"font-weight: 400;\">Le spray pour carrelage Gigagrip de 500\u00a0ml couvre une surface d&rsquo;environ 6-8\u00a0m<\/span><span style=\"font-weight: 400;\">2<\/span><\/li>\r\n<li style=\"font-weight: 400;\" aria-level=\"1\"><span style=\"font-weight: 400;\">D\u00e9claration des ingr\u00e9dients conform\u00e9ment \u00e0 la directive CEE 648\/2004\/CE<\/span><\/li>\r\n<\/ul>\r\n\r\n\r\n\r\n<div class=\"wp-block-spacer\" style=\"height: 45px;\" aria-hidden=\"true\">\u00a0<\/div>\r\n","protected":false},"excerpt":{"rendered":"<p>Le spray pour carrelage Gigagrip a \u00e9t\u00e9 sp\u00e9cialement d\u00e9velopp\u00e9 pour les particuliers. Ce spray antid\u00e9rapant pour carrelage a une concentration plus faible de Gigagrip afin que les particuliers ou les utilisateurs finaux puissent facilement traiter leurs sols ou leurs escaliers. Vaporisez, rincez et c&rsquo;est pr\u00eat! Comment cela fonctionne-t-il? Voir la vid\u00e9o Convient pour Carreaux de\u2026<\/p>\n","protected":false},"featured_media":111706,"template":"","meta":{"_acf_changed":false},"product_category":[584],"product_tag":[557],"class_list":["post-114765","product","type-product","status-publish","has-post-thumbnail","hentry","product_category-antiderapant","product_tag-tegel-fr"],"acf":[],"yoast_head":"<!-- This site is optimized with the Yoast SEO plugin v27.3 - https:\/\/yoast.com\/product\/yoast-seo-wordpress\/ -->\n<title>Spray antid\u00e9rapant Carrelage - Storax Belgium<\/title>\n<meta name=\"robots\" content=\"index, follow, max-snippet:-1, max-image-preview:large, max-video-preview:-1\" \/>\n<link rel=\"canonical\" href=\"https:\/\/storax.be\/fr\/producten\/antiderapant\/spray-antiderapant-carrelage\/\" \/>\n<meta property=\"og:locale\" content=\"fr_FR\" \/>\n<meta property=\"og:type\" content=\"article\" \/>\n<meta property=\"og:title\" content=\"Spray antid\u00e9rapant Carrelage - Storax Belgium\" \/>\n<meta property=\"og:description\" content=\"Le spray pour carrelage Gigagrip a \u00e9t\u00e9 sp\u00e9cialement d\u00e9velopp\u00e9 pour les particuliers. Ce spray antid\u00e9rapant pour carrelage a une concentration plus faible de Gigagrip afin que les particuliers ou les utilisateurs finaux puissent facilement traiter leurs sols ou leurs escaliers. Vaporisez, rincez et c&rsquo;est pr\u00eat! Comment cela fonctionne-t-il? Voir la vid\u00e9o Convient pour Carreaux de\u2026\" \/>\n<meta property=\"og:url\" content=\"https:\/\/storax.be\/fr\/producten\/antiderapant\/spray-antiderapant-carrelage\/\" \/>\n<meta property=\"og:site_name\" content=\"Storax Belgium\" \/>\n<meta property=\"article:modified_time\" content=\"2024-05-16T07:37:55+00:00\" \/>\n<meta property=\"og:image\" content=\"https:\/\/storax.be\/wp-content\/uploads\/sites\/2\/2019\/09\/tegelspray-e1569487248206.jpg\" \/>\n\t<meta property=\"og:image:width\" content=\"470\" \/>\n\t<meta property=\"og:image:height\" content=\"470\" \/>\n\t<meta property=\"og:image:type\" content=\"image\/jpeg\" \/>\n<meta name=\"twitter:card\" content=\"summary_large_image\" \/>\n<meta name=\"twitter:label1\" content=\"Dur\u00e9e de lecture estim\u00e9e\" \/>\n\t<meta name=\"twitter:data1\" content=\"1 minute\" \/>\n<script type=\"application\/ld+json\" class=\"yoast-schema-graph\">{\"@context\":\"https:\\\/\\\/schema.org\",\"@graph\":[{\"@type\":\"WebPage\",\"@id\":\"https:\\\/\\\/storax.be\\\/fr\\\/producten\\\/antiderapant\\\/spray-antiderapant-carrelage\\\/\",\"url\":\"https:\\\/\\\/storax.be\\\/fr\\\/producten\\\/antiderapant\\\/spray-antiderapant-carrelage\\\/\",\"name\":\"Spray antid\u00e9rapant Carrelage - Storax Belgium\",\"isPartOf\":{\"@id\":\"https:\\\/\\\/storax.be\\\/fr\\\/#website\"},\"primaryImageOfPage\":{\"@id\":\"https:\\\/\\\/storax.be\\\/fr\\\/producten\\\/antiderapant\\\/spray-antiderapant-carrelage\\\/#primaryimage\"},\"image\":{\"@id\":\"https:\\\/\\\/storax.be\\\/fr\\\/producten\\\/antiderapant\\\/spray-antiderapant-carrelage\\\/#primaryimage\"},\"thumbnailUrl\":\"https:\\\/\\\/storax.be\\\/wp-content\\\/uploads\\\/sites\\\/2\\\/2019\\\/09\\\/tegelspray-e1569487248206.jpg\",\"datePublished\":\"2022-07-14T13:40:04+00:00\",\"dateModified\":\"2024-05-16T07:37:55+00:00\",\"breadcrumb\":{\"@id\":\"https:\\\/\\\/storax.be\\\/fr\\\/producten\\\/antiderapant\\\/spray-antiderapant-carrelage\\\/#breadcrumb\"},\"inLanguage\":\"fr-FR\",\"potentialAction\":[{\"@type\":\"ReadAction\",\"target\":[\"https:\\\/\\\/storax.be\\\/fr\\\/producten\\\/antiderapant\\\/spray-antiderapant-carrelage\\\/\"]}]},{\"@type\":\"ImageObject\",\"inLanguage\":\"fr-FR\",\"@id\":\"https:\\\/\\\/storax.be\\\/fr\\\/producten\\\/antiderapant\\\/spray-antiderapant-carrelage\\\/#primaryimage\",\"url\":\"https:\\\/\\\/storax.be\\\/wp-content\\\/uploads\\\/sites\\\/2\\\/2019\\\/09\\\/tegelspray-e1569487248206.jpg\",\"contentUrl\":\"https:\\\/\\\/storax.be\\\/wp-content\\\/uploads\\\/sites\\\/2\\\/2019\\\/09\\\/tegelspray-e1569487248206.jpg\",\"width\":470,\"height\":470},{\"@type\":\"BreadcrumbList\",\"@id\":\"https:\\\/\\\/storax.be\\\/fr\\\/producten\\\/antiderapant\\\/spray-antiderapant-carrelage\\\/#breadcrumb\",\"itemListElement\":[{\"@type\":\"ListItem\",\"position\":1,\"name\":\"Home\",\"item\":\"https:\\\/\\\/storax.be\\\/fr\\\/\"},{\"@type\":\"ListItem\",\"position\":2,\"name\":\"Producten\",\"item\":\"https:\\\/\\\/storax.be\\\/fr\\\/producten\\\/%product_category%\\\/\"},{\"@type\":\"ListItem\",\"position\":3,\"name\":\"Antid\u00e9rapant\",\"item\":\"https:\\\/\\\/storax.be\\\/fr\\\/producten\\\/antiderapant\\\/\"},{\"@type\":\"ListItem\",\"position\":4,\"name\":\"Spray antid\u00e9rapant Carrelage\"}]},{\"@type\":\"WebSite\",\"@id\":\"https:\\\/\\\/storax.be\\\/fr\\\/#website\",\"url\":\"https:\\\/\\\/storax.be\\\/fr\\\/\",\"name\":\"Storax Belgium\",\"description\":\"Uw betrouwbare partner voor bouwprojecten\",\"potentialAction\":[{\"@type\":\"SearchAction\",\"target\":{\"@type\":\"EntryPoint\",\"urlTemplate\":\"https:\\\/\\\/storax.be\\\/fr\\\/?s={search_term_string}\"},\"query-input\":{\"@type\":\"PropertyValueSpecification\",\"valueRequired\":true,\"valueName\":\"search_term_string\"}}],\"inLanguage\":\"fr-FR\"}]}<\/script>\n<!-- \/ Yoast SEO plugin. -->","yoast_head_json":{"title":"Spray antid\u00e9rapant Carrelage - Storax Belgium","robots":{"index":"index","follow":"follow","max-snippet":"max-snippet:-1","max-image-preview":"max-image-preview:large","max-video-preview":"max-video-preview:-1"},"canonical":"https:\/\/storax.be\/fr\/producten\/antiderapant\/spray-antiderapant-carrelage\/","og_locale":"fr_FR","og_type":"article","og_title":"Spray antid\u00e9rapant Carrelage - Storax Belgium","og_description":"Le spray pour carrelage Gigagrip a \u00e9t\u00e9 sp\u00e9cialement d\u00e9velopp\u00e9 pour les particuliers. Ce spray antid\u00e9rapant pour carrelage a une concentration plus faible de Gigagrip afin que les particuliers ou les utilisateurs finaux puissent facilement traiter leurs sols ou leurs escaliers. Vaporisez, rincez et c&rsquo;est pr\u00eat! Comment cela fonctionne-t-il? Voir la vid\u00e9o Convient pour Carreaux de\u2026","og_url":"https:\/\/storax.be\/fr\/producten\/antiderapant\/spray-antiderapant-carrelage\/","og_site_name":"Storax Belgium","article_modified_time":"2024-05-16T07:37:55+00:00","og_image":[{"width":470,"height":470,"url":"https:\/\/storax.be\/wp-content\/uploads\/sites\/2\/2019\/09\/tegelspray-e1569487248206.jpg","type":"image\/jpeg"}],"twitter_card":"summary_large_image","twitter_misc":{"Dur\u00e9e de lecture estim\u00e9e":"1 minute"},"schema":{"@context":"https:\/\/schema.org","@graph":[{"@type":"WebPage","@id":"https:\/\/storax.be\/fr\/producten\/antiderapant\/spray-antiderapant-carrelage\/","url":"https:\/\/storax.be\/fr\/producten\/antiderapant\/spray-antiderapant-carrelage\/","name":"Spray antid\u00e9rapant Carrelage - Storax Belgium","isPartOf":{"@id":"https:\/\/storax.be\/fr\/#website"},"primaryImageOfPage":{"@id":"https:\/\/storax.be\/fr\/producten\/antiderapant\/spray-antiderapant-carrelage\/#primaryimage"},"image":{"@id":"https:\/\/storax.be\/fr\/producten\/antiderapant\/spray-antiderapant-carrelage\/#primaryimage"},"thumbnailUrl":"https:\/\/storax.be\/wp-content\/uploads\/sites\/2\/2019\/09\/tegelspray-e1569487248206.jpg","datePublished":"2022-07-14T13:40:04+00:00","dateModified":"2024-05-16T07:37:55+00:00","breadcrumb":{"@id":"https:\/\/storax.be\/fr\/producten\/antiderapant\/spray-antiderapant-carrelage\/#breadcrumb"},"inLanguage":"fr-FR","potentialAction":[{"@type":"ReadAction","target":["https:\/\/storax.be\/fr\/producten\/antiderapant\/spray-antiderapant-carrelage\/"]}]},{"@type":"ImageObject","inLanguage":"fr-FR","@id":"https:\/\/storax.be\/fr\/producten\/antiderapant\/spray-antiderapant-carrelage\/#primaryimage","url":"https:\/\/storax.be\/wp-content\/uploads\/sites\/2\/2019\/09\/tegelspray-e1569487248206.jpg","contentUrl":"https:\/\/storax.be\/wp-content\/uploads\/sites\/2\/2019\/09\/tegelspray-e1569487248206.jpg","width":470,"height":470},{"@type":"BreadcrumbList","@id":"https:\/\/storax.be\/fr\/producten\/antiderapant\/spray-antiderapant-carrelage\/#breadcrumb","itemListElement":[{"@type":"ListItem","position":1,"name":"Home","item":"https:\/\/storax.be\/fr\/"},{"@type":"ListItem","position":2,"name":"Producten","item":"https:\/\/storax.be\/fr\/producten\/%product_category%\/"},{"@type":"ListItem","position":3,"name":"Antid\u00e9rapant","item":"https:\/\/storax.be\/fr\/producten\/antiderapant\/"},{"@type":"ListItem","position":4,"name":"Spray antid\u00e9rapant Carrelage"}]},{"@type":"WebSite","@id":"https:\/\/storax.be\/fr\/#website","url":"https:\/\/storax.be\/fr\/","name":"Storax Belgium","description":"Uw betrouwbare partner voor bouwprojecten","potentialAction":[{"@type":"SearchAction","target":{"@type":"EntryPoint","urlTemplate":"https:\/\/storax.be\/fr\/?s={search_term_string}"},"query-input":{"@type":"PropertyValueSpecification","valueRequired":true,"valueName":"search_term_string"}}],"inLanguage":"fr-FR"}]}},"_links":{"self":[{"href":"https:\/\/storax.be\/fr\/wp-json\/wp\/v2\/product\/114765","targetHints":{"allow":["GET"]}}],"collection":[{"href":"https:\/\/storax.be\/fr\/wp-json\/wp\/v2\/product"}],"about":[{"href":"https:\/\/storax.be\/fr\/wp-json\/wp\/v2\/types\/product"}],"wp:featuredmedia":[{"embeddable":true,"href":"https:\/\/storax.be\/fr\/wp-json\/wp\/v2\/media\/111706"}],"wp:attachment":[{"href":"https:\/\/storax.be\/fr\/wp-json\/wp\/v2\/media?parent=114765"}],"wp:term":[{"taxonomy":"product_category","embeddable":true,"href":"https:\/\/storax.be\/fr\/wp-json\/wp\/v2\/product_category?post=114765"},{"taxonomy":"product_tag","embeddable":true,"href":"https:\/\/storax.be\/fr\/wp-json\/wp\/v2\/product_tag?post=114765"}],"curies":[{"name":"wp","href":"https:\/\/api.w.org\/{rel}","templated":true}]}}