{"id":114763,"date":"2022-07-14T13:36:22","date_gmt":"2022-07-14T13:36:22","guid":{"rendered":"https:\/\/storax.be\/?post_type=product&#038;p=114763"},"modified":"2024-05-16T07:37:55","modified_gmt":"2024-05-16T07:37:55","slug":"plaques-antiderapantes","status":"publish","type":"product","link":"https:\/\/storax.be\/fr\/producten\/antiderapant\/plaques-antiderapantes\/","title":{"rendered":"Plaques antid\u00e9rapantes"},"content":{"rendered":"\r\n<p><span style=\"font-weight: 400;\">Les plaques antid\u00e9rapantes Ultragrip sont fabriqu\u00e9es en polyester, renforc\u00e9es de fibre de verre (GRP) et rev\u00eatues d&rsquo;un grain d&rsquo;aluminium. L&rsquo;utilisation de ces mat\u00e9riaux de haute qualit\u00e9 fait d&rsquo;Ultragrip une solution durable pour de nombreuses surfaces glissantes dangereuses. Ultragrip est pratiquement indestructible, totalement incassable et r\u00e9sistant aux intemp\u00e9ries. Id\u00e9al pour l&rsquo;hiver, car la glace et la neige n&rsquo;adh\u00e8rent pas au mat\u00e9riau.<\/span><\/p>\r\n<p><strong>Convient pour<\/strong><\/p>\r\n<ul>\r\n<li>Escaliers ( de secours ) en b\u00e9ton, en bois et en acier<\/li>\r\n<li style=\"font-weight: 400;\" aria-level=\"1\"><span style=\"font-weight: 400;\">Galeries<\/span><\/li>\r\n<li style=\"font-weight: 400;\" aria-level=\"1\"><span style=\"font-weight: 400;\">Ponts<\/span><\/li>\r\n<li style=\"font-weight: 400;\" aria-level=\"1\"><span style=\"font-weight: 400;\">Terrasses en Bankirai \/ bois dur<\/span><\/li>\r\n<li style=\"font-weight: 400;\" aria-level=\"1\"><span style=\"font-weight: 400;\">Industrie<\/span><\/li>\r\n<li style=\"font-weight: 400;\" aria-level=\"1\"><span style=\"font-weight: 400;\">Quais de chargement<\/span><\/li>\r\n<li style=\"font-weight: 400;\" aria-level=\"1\"><span style=\"font-weight: 400;\">Plateformes de travail<\/span><\/li>\r\n<li style=\"font-weight: 400;\" aria-level=\"1\"><span style=\"font-weight: 400;\">Applications offshore et souterraines<\/span><\/li>\r\n<li style=\"font-weight: 400;\" aria-level=\"1\"><span style=\"font-weight: 400;\">Grilles en acier, t\u00f4les larm\u00e9es et surfaces irr\u00e9guli\u00e8res<\/span><\/li>\r\n<li style=\"font-weight: 400;\" aria-level=\"1\"><span style=\"font-weight: 400;\">\u00a0Support m\u00e9tallique<\/span><\/li>\r\n<\/ul>\r\n\r\n\r\n\r\n<div class=\"wp-block-spacer\" style=\"height: 20px;\" aria-hidden=\"true\">\u00a0<\/div>\r\n\r\n\r\n\r\n<table class=\"wp-block-table is-style-regular\">\r\n<tbody>\r\n<tr>\r\n<td><b>\u00c9paisseur<\/b><\/td>\r\n<td style=\"width: 30px; text-align: center;\">:<\/td>\r\n<td>3,5 mm<\/td>\r\n<\/tr>\r\n<tr>\r\n<td><b>Couleurs standard <\/b><\/td>\r\n<td style=\"width: 30px; text-align: center;\">:<\/td>\r\n<td>Jaune, gris et noir (autres couleurs RAL sur demande)<\/td>\r\n<\/tr>\r\n<tr>\r\n<td><b>Qualit\u00e9s antid\u00e9rapantes <\/b><\/td>\r\n<td style=\"width: 30px; text-align: center;\">:<\/td>\r\n<td>Barefoot, fine, medium et offshore<\/td>\r\n<\/tr>\r\n<tr>\r\n<td><b><b>Dimensions standard<\/b><\/b><\/td>\r\n<td style=\"width: 30px; text-align: center;\">:<\/td>\r\n<td>750 x 500 mm. 800 x 800 mm. 1000 x 1200 mm. 1000 x 1800 mm. (possible sur mesure)<\/td>\r\n<\/tr>\r\n<\/tbody>\r\n<\/table>\r\n\r\n\r\n\r\n<div class=\"wp-block-spacer\" style=\"height: 20px;\" aria-hidden=\"true\">\u00a0<\/div>\r\n","protected":false},"excerpt":{"rendered":"<p>Les plaques antid\u00e9rapantes Ultragrip sont fabriqu\u00e9es en polyester, renforc\u00e9es de fibre de verre (GRP) et rev\u00eatues d&rsquo;un grain d&rsquo;aluminium. L&rsquo;utilisation de ces mat\u00e9riaux de haute qualit\u00e9 fait d&rsquo;Ultragrip une solution durable pour de nombreuses surfaces glissantes dangereuses. Ultragrip est pratiquement indestructible, totalement incassable et r\u00e9sistant aux intemp\u00e9ries. Id\u00e9al pour l&rsquo;hiver, car la glace et la\u2026<\/p>\n","protected":false},"featured_media":109988,"template":"","meta":{"_acf_changed":false},"product_category":[584],"product_tag":[486,512,525],"class_list":["post-114763","product","type-product","status-publish","has-post-thumbnail","hentry","product_category-antiderapant","product_tag-beton-fr","product_tag-hout-fr","product_tag-metaal-fr"],"acf":[],"yoast_head":"<!-- This site is optimized with the Yoast SEO plugin v27.3 - https:\/\/yoast.com\/product\/yoast-seo-wordpress\/ -->\n<title>Plaques antid\u00e9rapantes - Storax Belgium<\/title>\n<meta name=\"robots\" content=\"index, follow, max-snippet:-1, max-image-preview:large, max-video-preview:-1\" \/>\n<link rel=\"canonical\" href=\"https:\/\/storax.be\/fr\/producten\/antiderapant\/plaques-antiderapantes\/\" \/>\n<meta property=\"og:locale\" content=\"fr_FR\" \/>\n<meta property=\"og:type\" content=\"article\" \/>\n<meta property=\"og:title\" content=\"Plaques antid\u00e9rapantes - Storax Belgium\" \/>\n<meta property=\"og:description\" content=\"Les plaques antid\u00e9rapantes Ultragrip sont fabriqu\u00e9es en polyester, renforc\u00e9es de fibre de verre (GRP) et rev\u00eatues d&rsquo;un grain d&rsquo;aluminium. L&rsquo;utilisation de ces mat\u00e9riaux de haute qualit\u00e9 fait d&rsquo;Ultragrip une solution durable pour de nombreuses surfaces glissantes dangereuses. Ultragrip est pratiquement indestructible, totalement incassable et r\u00e9sistant aux intemp\u00e9ries. Id\u00e9al pour l&rsquo;hiver, car la glace et la\u2026\" \/>\n<meta property=\"og:url\" content=\"https:\/\/storax.be\/fr\/producten\/antiderapant\/plaques-antiderapantes\/\" \/>\n<meta property=\"og:site_name\" content=\"Storax Belgium\" \/>\n<meta property=\"article:modified_time\" content=\"2024-05-16T07:37:55+00:00\" \/>\n<meta property=\"og:image\" content=\"https:\/\/storax.be\/wp-content\/uploads\/sites\/2\/2019\/09\/ultragrip-platen-1-e1569313160453.png\" \/>\n\t<meta property=\"og:image:width\" content=\"470\" \/>\n\t<meta property=\"og:image:height\" content=\"470\" \/>\n\t<meta property=\"og:image:type\" content=\"image\/png\" \/>\n<meta name=\"twitter:card\" content=\"summary_large_image\" \/>\n<meta name=\"twitter:label1\" content=\"Dur\u00e9e de lecture estim\u00e9e\" \/>\n\t<meta name=\"twitter:data1\" content=\"1 minute\" \/>\n<script type=\"application\/ld+json\" class=\"yoast-schema-graph\">{\"@context\":\"https:\\\/\\\/schema.org\",\"@graph\":[{\"@type\":\"WebPage\",\"@id\":\"https:\\\/\\\/storax.be\\\/fr\\\/producten\\\/antiderapant\\\/plaques-antiderapantes\\\/\",\"url\":\"https:\\\/\\\/storax.be\\\/fr\\\/producten\\\/antiderapant\\\/plaques-antiderapantes\\\/\",\"name\":\"Plaques antid\u00e9rapantes - Storax Belgium\",\"isPartOf\":{\"@id\":\"https:\\\/\\\/storax.be\\\/fr\\\/#website\"},\"primaryImageOfPage\":{\"@id\":\"https:\\\/\\\/storax.be\\\/fr\\\/producten\\\/antiderapant\\\/plaques-antiderapantes\\\/#primaryimage\"},\"image\":{\"@id\":\"https:\\\/\\\/storax.be\\\/fr\\\/producten\\\/antiderapant\\\/plaques-antiderapantes\\\/#primaryimage\"},\"thumbnailUrl\":\"https:\\\/\\\/storax.be\\\/wp-content\\\/uploads\\\/sites\\\/2\\\/2019\\\/09\\\/ultragrip-platen-1-e1569313160453.png\",\"datePublished\":\"2022-07-14T13:36:22+00:00\",\"dateModified\":\"2024-05-16T07:37:55+00:00\",\"breadcrumb\":{\"@id\":\"https:\\\/\\\/storax.be\\\/fr\\\/producten\\\/antiderapant\\\/plaques-antiderapantes\\\/#breadcrumb\"},\"inLanguage\":\"fr-FR\",\"potentialAction\":[{\"@type\":\"ReadAction\",\"target\":[\"https:\\\/\\\/storax.be\\\/fr\\\/producten\\\/antiderapant\\\/plaques-antiderapantes\\\/\"]}]},{\"@type\":\"ImageObject\",\"inLanguage\":\"fr-FR\",\"@id\":\"https:\\\/\\\/storax.be\\\/fr\\\/producten\\\/antiderapant\\\/plaques-antiderapantes\\\/#primaryimage\",\"url\":\"https:\\\/\\\/storax.be\\\/wp-content\\\/uploads\\\/sites\\\/2\\\/2019\\\/09\\\/ultragrip-platen-1-e1569313160453.png\",\"contentUrl\":\"https:\\\/\\\/storax.be\\\/wp-content\\\/uploads\\\/sites\\\/2\\\/2019\\\/09\\\/ultragrip-platen-1-e1569313160453.png\",\"width\":470,\"height\":470},{\"@type\":\"BreadcrumbList\",\"@id\":\"https:\\\/\\\/storax.be\\\/fr\\\/producten\\\/antiderapant\\\/plaques-antiderapantes\\\/#breadcrumb\",\"itemListElement\":[{\"@type\":\"ListItem\",\"position\":1,\"name\":\"Home\",\"item\":\"https:\\\/\\\/storax.be\\\/fr\\\/\"},{\"@type\":\"ListItem\",\"position\":2,\"name\":\"Producten\",\"item\":\"https:\\\/\\\/storax.be\\\/fr\\\/producten\\\/%product_category%\\\/\"},{\"@type\":\"ListItem\",\"position\":3,\"name\":\"Antid\u00e9rapant\",\"item\":\"https:\\\/\\\/storax.be\\\/fr\\\/producten\\\/antiderapant\\\/\"},{\"@type\":\"ListItem\",\"position\":4,\"name\":\"Plaques antid\u00e9rapantes\"}]},{\"@type\":\"WebSite\",\"@id\":\"https:\\\/\\\/storax.be\\\/fr\\\/#website\",\"url\":\"https:\\\/\\\/storax.be\\\/fr\\\/\",\"name\":\"Storax Belgium\",\"description\":\"Uw betrouwbare partner voor bouwprojecten\",\"potentialAction\":[{\"@type\":\"SearchAction\",\"target\":{\"@type\":\"EntryPoint\",\"urlTemplate\":\"https:\\\/\\\/storax.be\\\/fr\\\/?s={search_term_string}\"},\"query-input\":{\"@type\":\"PropertyValueSpecification\",\"valueRequired\":true,\"valueName\":\"search_term_string\"}}],\"inLanguage\":\"fr-FR\"}]}<\/script>\n<!-- \/ Yoast SEO plugin. -->","yoast_head_json":{"title":"Plaques antid\u00e9rapantes - Storax Belgium","robots":{"index":"index","follow":"follow","max-snippet":"max-snippet:-1","max-image-preview":"max-image-preview:large","max-video-preview":"max-video-preview:-1"},"canonical":"https:\/\/storax.be\/fr\/producten\/antiderapant\/plaques-antiderapantes\/","og_locale":"fr_FR","og_type":"article","og_title":"Plaques antid\u00e9rapantes - Storax Belgium","og_description":"Les plaques antid\u00e9rapantes Ultragrip sont fabriqu\u00e9es en polyester, renforc\u00e9es de fibre de verre (GRP) et rev\u00eatues d&rsquo;un grain d&rsquo;aluminium. L&rsquo;utilisation de ces mat\u00e9riaux de haute qualit\u00e9 fait d&rsquo;Ultragrip une solution durable pour de nombreuses surfaces glissantes dangereuses. Ultragrip est pratiquement indestructible, totalement incassable et r\u00e9sistant aux intemp\u00e9ries. Id\u00e9al pour l&rsquo;hiver, car la glace et la\u2026","og_url":"https:\/\/storax.be\/fr\/producten\/antiderapant\/plaques-antiderapantes\/","og_site_name":"Storax Belgium","article_modified_time":"2024-05-16T07:37:55+00:00","og_image":[{"width":470,"height":470,"url":"https:\/\/storax.be\/wp-content\/uploads\/sites\/2\/2019\/09\/ultragrip-platen-1-e1569313160453.png","type":"image\/png"}],"twitter_card":"summary_large_image","twitter_misc":{"Dur\u00e9e de lecture estim\u00e9e":"1 minute"},"schema":{"@context":"https:\/\/schema.org","@graph":[{"@type":"WebPage","@id":"https:\/\/storax.be\/fr\/producten\/antiderapant\/plaques-antiderapantes\/","url":"https:\/\/storax.be\/fr\/producten\/antiderapant\/plaques-antiderapantes\/","name":"Plaques antid\u00e9rapantes - Storax Belgium","isPartOf":{"@id":"https:\/\/storax.be\/fr\/#website"},"primaryImageOfPage":{"@id":"https:\/\/storax.be\/fr\/producten\/antiderapant\/plaques-antiderapantes\/#primaryimage"},"image":{"@id":"https:\/\/storax.be\/fr\/producten\/antiderapant\/plaques-antiderapantes\/#primaryimage"},"thumbnailUrl":"https:\/\/storax.be\/wp-content\/uploads\/sites\/2\/2019\/09\/ultragrip-platen-1-e1569313160453.png","datePublished":"2022-07-14T13:36:22+00:00","dateModified":"2024-05-16T07:37:55+00:00","breadcrumb":{"@id":"https:\/\/storax.be\/fr\/producten\/antiderapant\/plaques-antiderapantes\/#breadcrumb"},"inLanguage":"fr-FR","potentialAction":[{"@type":"ReadAction","target":["https:\/\/storax.be\/fr\/producten\/antiderapant\/plaques-antiderapantes\/"]}]},{"@type":"ImageObject","inLanguage":"fr-FR","@id":"https:\/\/storax.be\/fr\/producten\/antiderapant\/plaques-antiderapantes\/#primaryimage","url":"https:\/\/storax.be\/wp-content\/uploads\/sites\/2\/2019\/09\/ultragrip-platen-1-e1569313160453.png","contentUrl":"https:\/\/storax.be\/wp-content\/uploads\/sites\/2\/2019\/09\/ultragrip-platen-1-e1569313160453.png","width":470,"height":470},{"@type":"BreadcrumbList","@id":"https:\/\/storax.be\/fr\/producten\/antiderapant\/plaques-antiderapantes\/#breadcrumb","itemListElement":[{"@type":"ListItem","position":1,"name":"Home","item":"https:\/\/storax.be\/fr\/"},{"@type":"ListItem","position":2,"name":"Producten","item":"https:\/\/storax.be\/fr\/producten\/%product_category%\/"},{"@type":"ListItem","position":3,"name":"Antid\u00e9rapant","item":"https:\/\/storax.be\/fr\/producten\/antiderapant\/"},{"@type":"ListItem","position":4,"name":"Plaques antid\u00e9rapantes"}]},{"@type":"WebSite","@id":"https:\/\/storax.be\/fr\/#website","url":"https:\/\/storax.be\/fr\/","name":"Storax Belgium","description":"Uw betrouwbare partner voor bouwprojecten","potentialAction":[{"@type":"SearchAction","target":{"@type":"EntryPoint","urlTemplate":"https:\/\/storax.be\/fr\/?s={search_term_string}"},"query-input":{"@type":"PropertyValueSpecification","valueRequired":true,"valueName":"search_term_string"}}],"inLanguage":"fr-FR"}]}},"_links":{"self":[{"href":"https:\/\/storax.be\/fr\/wp-json\/wp\/v2\/product\/114763","targetHints":{"allow":["GET"]}}],"collection":[{"href":"https:\/\/storax.be\/fr\/wp-json\/wp\/v2\/product"}],"about":[{"href":"https:\/\/storax.be\/fr\/wp-json\/wp\/v2\/types\/product"}],"wp:featuredmedia":[{"embeddable":true,"href":"https:\/\/storax.be\/fr\/wp-json\/wp\/v2\/media\/109988"}],"wp:attachment":[{"href":"https:\/\/storax.be\/fr\/wp-json\/wp\/v2\/media?parent=114763"}],"wp:term":[{"taxonomy":"product_category","embeddable":true,"href":"https:\/\/storax.be\/fr\/wp-json\/wp\/v2\/product_category?post=114763"},{"taxonomy":"product_tag","embeddable":true,"href":"https:\/\/storax.be\/fr\/wp-json\/wp\/v2\/product_tag?post=114763"}],"curies":[{"name":"wp","href":"https:\/\/api.w.org\/{rel}","templated":true}]}}