{"id":114761,"date":"2022-07-14T13:26:38","date_gmt":"2022-07-14T13:26:38","guid":{"rendered":"https:\/\/storax.be\/?post_type=product&#038;p=114761"},"modified":"2024-11-12T09:45:58","modified_gmt":"2024-11-12T09:45:58","slug":"barreaux-dechelle-antiderapants","status":"publish","type":"product","link":"https:\/\/storax.be\/fr\/producten\/antiderapant\/barreaux-dechelle-antiderapants\/","title":{"rendered":"Barreaux d&rsquo;\u00e9chelle antid\u00e9rapants"},"content":{"rendered":"\n<p>&nbsp;<\/p>\n\n\n\n<p><span style=\"font-weight: 400;\">Les profil\u00e9s d&rsquo;\u00e9chelle antid\u00e9rapants Ultragrip sont fabriqu\u00e9s en polyester, renforc\u00e9s de fibre de verre (GRP) et rev\u00eatus d&rsquo;un grain d&rsquo;aluminium. L&rsquo;utilisation de ces mat\u00e9riaux de haute qualit\u00e9 fait d&rsquo;Ultragrip une solution durable pour les \u00e9chelles \u00e0 crinoline et les \u00e9chelles fixes, entre autres. Ultragrip est pratiquement indestructible, totalement incassable et r\u00e9sistant aux intemp\u00e9ries. Id\u00e9al pour l&rsquo;hiver, car la glace et la neige n&rsquo;adh\u00e8rent pas au mat\u00e9riau.<\/span><\/p>\n\n\n\n<p><p><strong>Convient pour<\/strong><\/p> <ul> <li style=\"font-weight: 400;\" aria-level=\"1\"><span style=\"font-weight: 400;\">Acc\u00e8s de toiture aux b\u00e2timents<\/span><\/li> <li style=\"font-weight: 400;\" aria-level=\"1\"><span style=\"font-weight: 400;\">\u00c9chelles fixes<\/span><\/li> <li style=\"font-weight: 400;\" aria-level=\"1\"><span style=\"font-weight: 400;\">\u00c9chelles \u00e0 crinoline<\/span><\/li> <li style=\"font-weight: 400;\" aria-level=\"1\"><span style=\"font-weight: 400;\">\u00c9chelles de toit<\/span><\/li> <li style=\"font-weight: 400;\" aria-level=\"1\"><span style=\"font-weight: 400;\">Industrie<\/span><\/li> <li style=\"font-weight: 400;\" aria-level=\"1\"><span style=\"font-weight: 400;\">Offshore<\/span><\/li> <\/ul><\/p>\n\n\n\n<p>&nbsp;<\/p>\n<table class=\"wp-block-table is-style-regular\">\n<tbody>\n<tr>\n<td><b>\u00c9paisseur<\/b><\/td>\n<td style=\"width: 30px; text-align: center;\">:<\/td>\n<td>4,5 mm<\/td>\n<\/tr>\n<tr>\n<td><b>Couleurs standard <\/b><\/td>\n<td style=\"text-align: center;\">:<\/td>\n<td>Jaune (autres couleurs RAL sur demande)<\/td>\n<\/tr>\n<tr>\n<td><b>Qualit\u00e9s antid\u00e9rapantes <\/b><\/td>\n<td style=\"text-align: center;\">:<\/td>\n<td>Barefoot, fine, medium et offshore<\/td>\n<\/tr>\n<tr>\n<td><b><b>Forme<\/b><\/b><\/td>\n<td style=\"text-align: center;\">:<\/td>\n<td>Arrondi ou droit<\/td>\n<\/tr>\n<tr>\n<td><b>Longueur<\/b><\/td>\n<td style=\"text-align: center;\">:<\/td>\n<td>400, 600, 800 ou 1 500 mm<\/td>\n<\/tr>\n<tr>\n<td><b><b>Diam\u00e8tre<\/b><\/b><\/td>\n<td style=\"text-align: center;\">:<\/td>\n<td>20, 25, 30 ou 35 mm<\/td>\n<\/tr>\n<\/tbody>\n<\/table>\n\n\n\n<div class=\"wp-block-spacer\" style=\"height: 55px;\" aria-hidden=\"true\">\u00a0<\/div>\n","protected":false},"excerpt":{"rendered":"<p>&nbsp; Les profil\u00e9s d&rsquo;\u00e9chelle antid\u00e9rapants Ultragrip sont fabriqu\u00e9s en polyester, renforc\u00e9s de fibre de verre (GRP) et rev\u00eatus d&rsquo;un grain d&rsquo;aluminium. L&rsquo;utilisation de ces mat\u00e9riaux de haute qualit\u00e9 fait d&rsquo;Ultragrip une solution durable pour les \u00e9chelles \u00e0 crinoline et les \u00e9chelles fixes, entre autres. Ultragrip est pratiquement indestructible, totalement incassable et r\u00e9sistant aux intemp\u00e9ries. Id\u00e9al\u2026<\/p>\n","protected":false},"featured_media":109452,"template":"","meta":{"_acf_changed":false},"product_category":[584],"product_tag":[],"class_list":["post-114761","product","type-product","status-publish","has-post-thumbnail","hentry","product_category-antiderapant"],"acf":[],"yoast_head":"<!-- This site is optimized with the Yoast SEO plugin v27.3 - https:\/\/yoast.com\/product\/yoast-seo-wordpress\/ -->\n<title>Barreaux d&#039;\u00e9chelle antid\u00e9rapants - Storax Belgium<\/title>\n<meta name=\"robots\" content=\"index, follow, max-snippet:-1, max-image-preview:large, max-video-preview:-1\" \/>\n<link rel=\"canonical\" href=\"https:\/\/storax.be\/fr\/producten\/antiderapant\/barreaux-dechelle-antiderapants\/\" \/>\n<meta property=\"og:locale\" content=\"fr_FR\" \/>\n<meta property=\"og:type\" content=\"article\" \/>\n<meta property=\"og:title\" content=\"Barreaux d&#039;\u00e9chelle antid\u00e9rapants - Storax Belgium\" \/>\n<meta property=\"og:description\" content=\"&nbsp; Les profil\u00e9s d&rsquo;\u00e9chelle antid\u00e9rapants Ultragrip sont fabriqu\u00e9s en polyester, renforc\u00e9s de fibre de verre (GRP) et rev\u00eatus d&rsquo;un grain d&rsquo;aluminium. L&rsquo;utilisation de ces mat\u00e9riaux de haute qualit\u00e9 fait d&rsquo;Ultragrip une solution durable pour les \u00e9chelles \u00e0 crinoline et les \u00e9chelles fixes, entre autres. Ultragrip est pratiquement indestructible, totalement incassable et r\u00e9sistant aux intemp\u00e9ries. Id\u00e9al\u2026\" \/>\n<meta property=\"og:url\" content=\"https:\/\/storax.be\/fr\/producten\/antiderapant\/barreaux-dechelle-antiderapants\/\" \/>\n<meta property=\"og:site_name\" content=\"Storax Belgium\" \/>\n<meta property=\"article:modified_time\" content=\"2024-11-12T09:45:58+00:00\" \/>\n<meta property=\"og:image\" content=\"https:\/\/storax.be\/wp-content\/uploads\/sites\/2\/2019\/09\/laddersport-e1569318865728.jpg\" \/>\n\t<meta property=\"og:image:width\" content=\"470\" \/>\n\t<meta property=\"og:image:height\" content=\"470\" \/>\n\t<meta property=\"og:image:type\" content=\"image\/jpeg\" \/>\n<meta name=\"twitter:card\" content=\"summary_large_image\" \/>\n<meta name=\"twitter:label1\" content=\"Dur\u00e9e de lecture estim\u00e9e\" \/>\n\t<meta name=\"twitter:data1\" content=\"1 minute\" \/>\n<script type=\"application\/ld+json\" class=\"yoast-schema-graph\">{\"@context\":\"https:\\\/\\\/schema.org\",\"@graph\":[{\"@type\":\"WebPage\",\"@id\":\"https:\\\/\\\/storax.be\\\/fr\\\/producten\\\/antiderapant\\\/barreaux-dechelle-antiderapants\\\/\",\"url\":\"https:\\\/\\\/storax.be\\\/fr\\\/producten\\\/antiderapant\\\/barreaux-dechelle-antiderapants\\\/\",\"name\":\"Barreaux d'\u00e9chelle antid\u00e9rapants - Storax Belgium\",\"isPartOf\":{\"@id\":\"https:\\\/\\\/storax.be\\\/fr\\\/#website\"},\"primaryImageOfPage\":{\"@id\":\"https:\\\/\\\/storax.be\\\/fr\\\/producten\\\/antiderapant\\\/barreaux-dechelle-antiderapants\\\/#primaryimage\"},\"image\":{\"@id\":\"https:\\\/\\\/storax.be\\\/fr\\\/producten\\\/antiderapant\\\/barreaux-dechelle-antiderapants\\\/#primaryimage\"},\"thumbnailUrl\":\"https:\\\/\\\/storax.be\\\/wp-content\\\/uploads\\\/sites\\\/2\\\/2019\\\/09\\\/laddersport-e1569318865728.jpg\",\"datePublished\":\"2022-07-14T13:26:38+00:00\",\"dateModified\":\"2024-11-12T09:45:58+00:00\",\"breadcrumb\":{\"@id\":\"https:\\\/\\\/storax.be\\\/fr\\\/producten\\\/antiderapant\\\/barreaux-dechelle-antiderapants\\\/#breadcrumb\"},\"inLanguage\":\"fr-FR\",\"potentialAction\":[{\"@type\":\"ReadAction\",\"target\":[\"https:\\\/\\\/storax.be\\\/fr\\\/producten\\\/antiderapant\\\/barreaux-dechelle-antiderapants\\\/\"]}]},{\"@type\":\"ImageObject\",\"inLanguage\":\"fr-FR\",\"@id\":\"https:\\\/\\\/storax.be\\\/fr\\\/producten\\\/antiderapant\\\/barreaux-dechelle-antiderapants\\\/#primaryimage\",\"url\":\"https:\\\/\\\/storax.be\\\/wp-content\\\/uploads\\\/sites\\\/2\\\/2019\\\/09\\\/laddersport-e1569318865728.jpg\",\"contentUrl\":\"https:\\\/\\\/storax.be\\\/wp-content\\\/uploads\\\/sites\\\/2\\\/2019\\\/09\\\/laddersport-e1569318865728.jpg\",\"width\":470,\"height\":470,\"caption\":\"Antislip laddersport\"},{\"@type\":\"BreadcrumbList\",\"@id\":\"https:\\\/\\\/storax.be\\\/fr\\\/producten\\\/antiderapant\\\/barreaux-dechelle-antiderapants\\\/#breadcrumb\",\"itemListElement\":[{\"@type\":\"ListItem\",\"position\":1,\"name\":\"Home\",\"item\":\"https:\\\/\\\/storax.be\\\/fr\\\/\"},{\"@type\":\"ListItem\",\"position\":2,\"name\":\"Producten\",\"item\":\"https:\\\/\\\/storax.be\\\/fr\\\/producten\\\/%product_category%\\\/\"},{\"@type\":\"ListItem\",\"position\":3,\"name\":\"Antid\u00e9rapant\",\"item\":\"https:\\\/\\\/storax.be\\\/fr\\\/producten\\\/antiderapant\\\/\"},{\"@type\":\"ListItem\",\"position\":4,\"name\":\"Barreaux d&#8217;\u00e9chelle antid\u00e9rapants\"}]},{\"@type\":\"WebSite\",\"@id\":\"https:\\\/\\\/storax.be\\\/fr\\\/#website\",\"url\":\"https:\\\/\\\/storax.be\\\/fr\\\/\",\"name\":\"Storax Belgium\",\"description\":\"Uw betrouwbare partner voor bouwprojecten\",\"potentialAction\":[{\"@type\":\"SearchAction\",\"target\":{\"@type\":\"EntryPoint\",\"urlTemplate\":\"https:\\\/\\\/storax.be\\\/fr\\\/?s={search_term_string}\"},\"query-input\":{\"@type\":\"PropertyValueSpecification\",\"valueRequired\":true,\"valueName\":\"search_term_string\"}}],\"inLanguage\":\"fr-FR\"}]}<\/script>\n<!-- \/ Yoast SEO plugin. -->","yoast_head_json":{"title":"Barreaux d'\u00e9chelle antid\u00e9rapants - Storax Belgium","robots":{"index":"index","follow":"follow","max-snippet":"max-snippet:-1","max-image-preview":"max-image-preview:large","max-video-preview":"max-video-preview:-1"},"canonical":"https:\/\/storax.be\/fr\/producten\/antiderapant\/barreaux-dechelle-antiderapants\/","og_locale":"fr_FR","og_type":"article","og_title":"Barreaux d'\u00e9chelle antid\u00e9rapants - Storax Belgium","og_description":"&nbsp; Les profil\u00e9s d&rsquo;\u00e9chelle antid\u00e9rapants Ultragrip sont fabriqu\u00e9s en polyester, renforc\u00e9s de fibre de verre (GRP) et rev\u00eatus d&rsquo;un grain d&rsquo;aluminium. L&rsquo;utilisation de ces mat\u00e9riaux de haute qualit\u00e9 fait d&rsquo;Ultragrip une solution durable pour les \u00e9chelles \u00e0 crinoline et les \u00e9chelles fixes, entre autres. Ultragrip est pratiquement indestructible, totalement incassable et r\u00e9sistant aux intemp\u00e9ries. Id\u00e9al\u2026","og_url":"https:\/\/storax.be\/fr\/producten\/antiderapant\/barreaux-dechelle-antiderapants\/","og_site_name":"Storax Belgium","article_modified_time":"2024-11-12T09:45:58+00:00","og_image":[{"width":470,"height":470,"url":"https:\/\/storax.be\/wp-content\/uploads\/sites\/2\/2019\/09\/laddersport-e1569318865728.jpg","type":"image\/jpeg"}],"twitter_card":"summary_large_image","twitter_misc":{"Dur\u00e9e de lecture estim\u00e9e":"1 minute"},"schema":{"@context":"https:\/\/schema.org","@graph":[{"@type":"WebPage","@id":"https:\/\/storax.be\/fr\/producten\/antiderapant\/barreaux-dechelle-antiderapants\/","url":"https:\/\/storax.be\/fr\/producten\/antiderapant\/barreaux-dechelle-antiderapants\/","name":"Barreaux d'\u00e9chelle antid\u00e9rapants - Storax Belgium","isPartOf":{"@id":"https:\/\/storax.be\/fr\/#website"},"primaryImageOfPage":{"@id":"https:\/\/storax.be\/fr\/producten\/antiderapant\/barreaux-dechelle-antiderapants\/#primaryimage"},"image":{"@id":"https:\/\/storax.be\/fr\/producten\/antiderapant\/barreaux-dechelle-antiderapants\/#primaryimage"},"thumbnailUrl":"https:\/\/storax.be\/wp-content\/uploads\/sites\/2\/2019\/09\/laddersport-e1569318865728.jpg","datePublished":"2022-07-14T13:26:38+00:00","dateModified":"2024-11-12T09:45:58+00:00","breadcrumb":{"@id":"https:\/\/storax.be\/fr\/producten\/antiderapant\/barreaux-dechelle-antiderapants\/#breadcrumb"},"inLanguage":"fr-FR","potentialAction":[{"@type":"ReadAction","target":["https:\/\/storax.be\/fr\/producten\/antiderapant\/barreaux-dechelle-antiderapants\/"]}]},{"@type":"ImageObject","inLanguage":"fr-FR","@id":"https:\/\/storax.be\/fr\/producten\/antiderapant\/barreaux-dechelle-antiderapants\/#primaryimage","url":"https:\/\/storax.be\/wp-content\/uploads\/sites\/2\/2019\/09\/laddersport-e1569318865728.jpg","contentUrl":"https:\/\/storax.be\/wp-content\/uploads\/sites\/2\/2019\/09\/laddersport-e1569318865728.jpg","width":470,"height":470,"caption":"Antislip laddersport"},{"@type":"BreadcrumbList","@id":"https:\/\/storax.be\/fr\/producten\/antiderapant\/barreaux-dechelle-antiderapants\/#breadcrumb","itemListElement":[{"@type":"ListItem","position":1,"name":"Home","item":"https:\/\/storax.be\/fr\/"},{"@type":"ListItem","position":2,"name":"Producten","item":"https:\/\/storax.be\/fr\/producten\/%product_category%\/"},{"@type":"ListItem","position":3,"name":"Antid\u00e9rapant","item":"https:\/\/storax.be\/fr\/producten\/antiderapant\/"},{"@type":"ListItem","position":4,"name":"Barreaux d&#8217;\u00e9chelle antid\u00e9rapants"}]},{"@type":"WebSite","@id":"https:\/\/storax.be\/fr\/#website","url":"https:\/\/storax.be\/fr\/","name":"Storax Belgium","description":"Uw betrouwbare partner voor bouwprojecten","potentialAction":[{"@type":"SearchAction","target":{"@type":"EntryPoint","urlTemplate":"https:\/\/storax.be\/fr\/?s={search_term_string}"},"query-input":{"@type":"PropertyValueSpecification","valueRequired":true,"valueName":"search_term_string"}}],"inLanguage":"fr-FR"}]}},"_links":{"self":[{"href":"https:\/\/storax.be\/fr\/wp-json\/wp\/v2\/product\/114761","targetHints":{"allow":["GET"]}}],"collection":[{"href":"https:\/\/storax.be\/fr\/wp-json\/wp\/v2\/product"}],"about":[{"href":"https:\/\/storax.be\/fr\/wp-json\/wp\/v2\/types\/product"}],"wp:featuredmedia":[{"embeddable":true,"href":"https:\/\/storax.be\/fr\/wp-json\/wp\/v2\/media\/109452"}],"wp:attachment":[{"href":"https:\/\/storax.be\/fr\/wp-json\/wp\/v2\/media?parent=114761"}],"wp:term":[{"taxonomy":"product_category","embeddable":true,"href":"https:\/\/storax.be\/fr\/wp-json\/wp\/v2\/product_category?post=114761"},{"taxonomy":"product_tag","embeddable":true,"href":"https:\/\/storax.be\/fr\/wp-json\/wp\/v2\/product_tag?post=114761"}],"curies":[{"name":"wp","href":"https:\/\/api.w.org\/{rel}","templated":true}]}}