{"id":114759,"date":"2022-07-14T13:16:19","date_gmt":"2022-07-14T13:16:19","guid":{"rendered":"https:\/\/storax.be\/?post_type=product&#038;p=114759"},"modified":"2024-05-16T07:37:54","modified_gmt":"2024-05-16T07:37:54","slug":"liquide-antiderapant-beton","status":"publish","type":"product","link":"https:\/\/storax.be\/fr\/producten\/antiderapant\/liquide-antiderapant-beton\/","title":{"rendered":"Liquide antid\u00e9rapant B\u00e9ton"},"content":{"rendered":"<p>Vous cherchez un antid\u00e9rapant pour le b\u00e9ton ? Optimagrip est LE rev\u00eatement antid\u00e9rapant invisible pour le b\u00e9ton. Adapt\u00e9 aux sols, escaliers et autres surfaces en b\u00e9ton lisse et\/ou humide. Optimagrip est un liquide qui cr\u00e9e des rainures microscopiques dans la couche sup\u00e9rieure du sol lisse. Apr\u00e8s un traitement avec Optimagrip, aucun changement n&rsquo;est visible sur votre sol en b\u00e9ton, mais l&rsquo;eau peut maintenant s&rsquo;\u00e9couler facilement sous les semelles de chaussures ou les pneus de voiture, cr\u00e9ant ainsi plus d&rsquo;adh\u00e9rence et minimisant le risque de glissades. Il s&rsquo;agit donc d&rsquo;une solution simple pour rendre votre b\u00e9ton antid\u00e9rapant. <br \/><br \/><strong>Comment cela fonctionne-t-il?\u00a0 <a href=\"#video\">Voir la vid\u00e9o<\/a><\/strong><\/p>\r\n\r\n<p><strong>Convient pour<\/strong><\/p>\r\n<ul>\r\n<li style=\"font-weight: 400;\" aria-level=\"1\"><span style=\"font-weight: 400;\">Rues<\/span><\/li>\r\n<li style=\"font-weight: 400;\" aria-level=\"1\"><span style=\"font-weight: 400;\">Galeries<\/span><\/li>\r\n<li style=\"font-weight: 400;\" aria-level=\"1\"><span style=\"font-weight: 400;\">Stades<\/span><\/li>\r\n<li style=\"font-weight: 400;\" aria-level=\"1\"><span style=\"font-weight: 400;\">Parkings (garages)<\/span><\/li>\r\n<li style=\"font-weight: 400;\" aria-level=\"1\"><span style=\"font-weight: 400;\">Escaliers en b\u00e9ton<\/span><\/li>\r\n<li style=\"font-weight: 400;\" aria-level=\"1\"><span style=\"font-weight: 400;\">Usines<\/span><\/li>\r\n<li style=\"font-weight: 400;\" aria-level=\"1\"><span style=\"font-weight: 400;\">Entrep\u00f4ts<\/span><\/li>\r\n<\/ul>\r\n<p><strong>Caract\u00e9ristiques<\/strong><\/p>\r\n<ul>\r\n<li style=\"font-weight: 400;\" aria-level=\"1\"><span style=\"font-weight: 400;\">Peut \u00eatre foul\u00e9 imm\u00e9diatement apr\u00e8s l&rsquo;application<\/span><\/li>\r\n<li style=\"font-weight: 400;\" aria-level=\"1\"><span style=\"font-weight: 400;\">Pas d&rsquo;\u00e9manations chimiques pendant l&rsquo;application, ni apr\u00e8s<\/span><\/li>\r\n<li style=\"font-weight: 400;\" aria-level=\"1\"><span style=\"font-weight: 400;\">Garantie de 5\u00a0ans (demandez les conditions)<\/span><\/li>\r\n<li style=\"font-weight: 400;\" aria-level=\"1\"><span style=\"font-weight: 400;\">R\u00e9sultat final invisible<\/span><\/li>\r\n<li style=\"font-weight: 400;\" aria-level=\"1\"><span style=\"font-weight: 400;\">Entretien facile<\/span><\/li>\r\n<li style=\"font-weight: 400;\" aria-level=\"1\"><span style=\"font-weight: 400;\">Moins cher qu&rsquo;un rev\u00eatement<\/span><\/li>\r\n<li style=\"font-weight: 400;\" aria-level=\"1\"><span style=\"font-weight: 400;\">Nettoyage en profondeur inclus<\/span><\/li>\r\n<li style=\"font-weight: 400;\" aria-level=\"1\"><span style=\"font-weight: 400;\">B\u00e9ton antid\u00e9rapant<\/span><\/li>\r\n<\/ul>\r\n\r\n\r\n\r\n<div class=\"wp-block-spacer\" style=\"height: 50px;\" aria-hidden=\"true\">\u00a0<\/div>\r\n","protected":false},"excerpt":{"rendered":"<p>Vous cherchez un antid\u00e9rapant pour le b\u00e9ton ? Optimagrip est LE rev\u00eatement antid\u00e9rapant invisible pour le b\u00e9ton. Adapt\u00e9 aux sols, escaliers et autres surfaces en b\u00e9ton lisse et\/ou humide. Optimagrip est un liquide qui cr\u00e9e des rainures microscopiques dans la couche sup\u00e9rieure du sol lisse. Apr\u00e8s un traitement avec Optimagrip, aucun changement n&rsquo;est visible sur\u2026<\/p>\n","protected":false},"featured_media":111402,"template":"","meta":{"_acf_changed":false},"product_category":[584],"product_tag":[486],"class_list":["post-114759","product","type-product","status-publish","has-post-thumbnail","hentry","product_category-antiderapant","product_tag-beton-fr"],"acf":[],"yoast_head":"<!-- This site is optimized with the Yoast SEO plugin v27.3 - https:\/\/yoast.com\/product\/yoast-seo-wordpress\/ -->\n<title>Liquide antid\u00e9rapant B\u00e9ton - Storax Belgium<\/title>\n<meta name=\"robots\" content=\"index, follow, max-snippet:-1, max-image-preview:large, max-video-preview:-1\" \/>\n<link rel=\"canonical\" href=\"https:\/\/storax.be\/fr\/producten\/antiderapant\/liquide-antiderapant-beton\/\" \/>\n<meta property=\"og:locale\" content=\"fr_FR\" \/>\n<meta property=\"og:type\" content=\"article\" \/>\n<meta property=\"og:title\" content=\"Liquide antid\u00e9rapant B\u00e9ton - Storax Belgium\" \/>\n<meta property=\"og:description\" content=\"Vous cherchez un antid\u00e9rapant pour le b\u00e9ton ? Optimagrip est LE rev\u00eatement antid\u00e9rapant invisible pour le b\u00e9ton. Adapt\u00e9 aux sols, escaliers et autres surfaces en b\u00e9ton lisse et\/ou humide. Optimagrip est un liquide qui cr\u00e9e des rainures microscopiques dans la couche sup\u00e9rieure du sol lisse. Apr\u00e8s un traitement avec Optimagrip, aucun changement n&rsquo;est visible sur\u2026\" \/>\n<meta property=\"og:url\" content=\"https:\/\/storax.be\/fr\/producten\/antiderapant\/liquide-antiderapant-beton\/\" \/>\n<meta property=\"og:site_name\" content=\"Storax Belgium\" \/>\n<meta property=\"article:modified_time\" content=\"2024-05-16T07:37:54+00:00\" \/>\n<meta property=\"og:image\" content=\"https:\/\/storax.be\/wp-content\/uploads\/sites\/2\/2019\/09\/Optimagrip-e1569500507643.png\" \/>\n\t<meta property=\"og:image:width\" content=\"470\" \/>\n\t<meta property=\"og:image:height\" content=\"470\" \/>\n\t<meta property=\"og:image:type\" content=\"image\/png\" \/>\n<meta name=\"twitter:card\" content=\"summary_large_image\" \/>\n<meta name=\"twitter:label1\" content=\"Dur\u00e9e de lecture estim\u00e9e\" \/>\n\t<meta name=\"twitter:data1\" content=\"1 minute\" \/>\n<script type=\"application\/ld+json\" class=\"yoast-schema-graph\">{\"@context\":\"https:\\\/\\\/schema.org\",\"@graph\":[{\"@type\":\"WebPage\",\"@id\":\"https:\\\/\\\/storax.be\\\/fr\\\/producten\\\/antiderapant\\\/liquide-antiderapant-beton\\\/\",\"url\":\"https:\\\/\\\/storax.be\\\/fr\\\/producten\\\/antiderapant\\\/liquide-antiderapant-beton\\\/\",\"name\":\"Liquide antid\u00e9rapant B\u00e9ton - Storax Belgium\",\"isPartOf\":{\"@id\":\"https:\\\/\\\/storax.be\\\/fr\\\/#website\"},\"primaryImageOfPage\":{\"@id\":\"https:\\\/\\\/storax.be\\\/fr\\\/producten\\\/antiderapant\\\/liquide-antiderapant-beton\\\/#primaryimage\"},\"image\":{\"@id\":\"https:\\\/\\\/storax.be\\\/fr\\\/producten\\\/antiderapant\\\/liquide-antiderapant-beton\\\/#primaryimage\"},\"thumbnailUrl\":\"https:\\\/\\\/storax.be\\\/wp-content\\\/uploads\\\/sites\\\/2\\\/2019\\\/09\\\/Optimagrip-e1569500507643.png\",\"datePublished\":\"2022-07-14T13:16:19+00:00\",\"dateModified\":\"2024-05-16T07:37:54+00:00\",\"breadcrumb\":{\"@id\":\"https:\\\/\\\/storax.be\\\/fr\\\/producten\\\/antiderapant\\\/liquide-antiderapant-beton\\\/#breadcrumb\"},\"inLanguage\":\"fr-FR\",\"potentialAction\":[{\"@type\":\"ReadAction\",\"target\":[\"https:\\\/\\\/storax.be\\\/fr\\\/producten\\\/antiderapant\\\/liquide-antiderapant-beton\\\/\"]}]},{\"@type\":\"ImageObject\",\"inLanguage\":\"fr-FR\",\"@id\":\"https:\\\/\\\/storax.be\\\/fr\\\/producten\\\/antiderapant\\\/liquide-antiderapant-beton\\\/#primaryimage\",\"url\":\"https:\\\/\\\/storax.be\\\/wp-content\\\/uploads\\\/sites\\\/2\\\/2019\\\/09\\\/Optimagrip-e1569500507643.png\",\"contentUrl\":\"https:\\\/\\\/storax.be\\\/wp-content\\\/uploads\\\/sites\\\/2\\\/2019\\\/09\\\/Optimagrip-e1569500507643.png\",\"width\":470,\"height\":470,\"caption\":\"Storax Optimagrip voor antislip beton\"},{\"@type\":\"BreadcrumbList\",\"@id\":\"https:\\\/\\\/storax.be\\\/fr\\\/producten\\\/antiderapant\\\/liquide-antiderapant-beton\\\/#breadcrumb\",\"itemListElement\":[{\"@type\":\"ListItem\",\"position\":1,\"name\":\"Home\",\"item\":\"https:\\\/\\\/storax.be\\\/fr\\\/\"},{\"@type\":\"ListItem\",\"position\":2,\"name\":\"Producten\",\"item\":\"https:\\\/\\\/storax.be\\\/fr\\\/producten\\\/%product_category%\\\/\"},{\"@type\":\"ListItem\",\"position\":3,\"name\":\"Antid\u00e9rapant\",\"item\":\"https:\\\/\\\/storax.be\\\/fr\\\/producten\\\/antiderapant\\\/\"},{\"@type\":\"ListItem\",\"position\":4,\"name\":\"Liquide antid\u00e9rapant B\u00e9ton\"}]},{\"@type\":\"WebSite\",\"@id\":\"https:\\\/\\\/storax.be\\\/fr\\\/#website\",\"url\":\"https:\\\/\\\/storax.be\\\/fr\\\/\",\"name\":\"Storax Belgium\",\"description\":\"Uw betrouwbare partner voor bouwprojecten\",\"potentialAction\":[{\"@type\":\"SearchAction\",\"target\":{\"@type\":\"EntryPoint\",\"urlTemplate\":\"https:\\\/\\\/storax.be\\\/fr\\\/?s={search_term_string}\"},\"query-input\":{\"@type\":\"PropertyValueSpecification\",\"valueRequired\":true,\"valueName\":\"search_term_string\"}}],\"inLanguage\":\"fr-FR\"}]}<\/script>\n<!-- \/ Yoast SEO plugin. -->","yoast_head_json":{"title":"Liquide antid\u00e9rapant B\u00e9ton - Storax Belgium","robots":{"index":"index","follow":"follow","max-snippet":"max-snippet:-1","max-image-preview":"max-image-preview:large","max-video-preview":"max-video-preview:-1"},"canonical":"https:\/\/storax.be\/fr\/producten\/antiderapant\/liquide-antiderapant-beton\/","og_locale":"fr_FR","og_type":"article","og_title":"Liquide antid\u00e9rapant B\u00e9ton - Storax Belgium","og_description":"Vous cherchez un antid\u00e9rapant pour le b\u00e9ton ? Optimagrip est LE rev\u00eatement antid\u00e9rapant invisible pour le b\u00e9ton. Adapt\u00e9 aux sols, escaliers et autres surfaces en b\u00e9ton lisse et\/ou humide. Optimagrip est un liquide qui cr\u00e9e des rainures microscopiques dans la couche sup\u00e9rieure du sol lisse. Apr\u00e8s un traitement avec Optimagrip, aucun changement n&rsquo;est visible sur\u2026","og_url":"https:\/\/storax.be\/fr\/producten\/antiderapant\/liquide-antiderapant-beton\/","og_site_name":"Storax Belgium","article_modified_time":"2024-05-16T07:37:54+00:00","og_image":[{"width":470,"height":470,"url":"https:\/\/storax.be\/wp-content\/uploads\/sites\/2\/2019\/09\/Optimagrip-e1569500507643.png","type":"image\/png"}],"twitter_card":"summary_large_image","twitter_misc":{"Dur\u00e9e de lecture estim\u00e9e":"1 minute"},"schema":{"@context":"https:\/\/schema.org","@graph":[{"@type":"WebPage","@id":"https:\/\/storax.be\/fr\/producten\/antiderapant\/liquide-antiderapant-beton\/","url":"https:\/\/storax.be\/fr\/producten\/antiderapant\/liquide-antiderapant-beton\/","name":"Liquide antid\u00e9rapant B\u00e9ton - Storax Belgium","isPartOf":{"@id":"https:\/\/storax.be\/fr\/#website"},"primaryImageOfPage":{"@id":"https:\/\/storax.be\/fr\/producten\/antiderapant\/liquide-antiderapant-beton\/#primaryimage"},"image":{"@id":"https:\/\/storax.be\/fr\/producten\/antiderapant\/liquide-antiderapant-beton\/#primaryimage"},"thumbnailUrl":"https:\/\/storax.be\/wp-content\/uploads\/sites\/2\/2019\/09\/Optimagrip-e1569500507643.png","datePublished":"2022-07-14T13:16:19+00:00","dateModified":"2024-05-16T07:37:54+00:00","breadcrumb":{"@id":"https:\/\/storax.be\/fr\/producten\/antiderapant\/liquide-antiderapant-beton\/#breadcrumb"},"inLanguage":"fr-FR","potentialAction":[{"@type":"ReadAction","target":["https:\/\/storax.be\/fr\/producten\/antiderapant\/liquide-antiderapant-beton\/"]}]},{"@type":"ImageObject","inLanguage":"fr-FR","@id":"https:\/\/storax.be\/fr\/producten\/antiderapant\/liquide-antiderapant-beton\/#primaryimage","url":"https:\/\/storax.be\/wp-content\/uploads\/sites\/2\/2019\/09\/Optimagrip-e1569500507643.png","contentUrl":"https:\/\/storax.be\/wp-content\/uploads\/sites\/2\/2019\/09\/Optimagrip-e1569500507643.png","width":470,"height":470,"caption":"Storax Optimagrip voor antislip beton"},{"@type":"BreadcrumbList","@id":"https:\/\/storax.be\/fr\/producten\/antiderapant\/liquide-antiderapant-beton\/#breadcrumb","itemListElement":[{"@type":"ListItem","position":1,"name":"Home","item":"https:\/\/storax.be\/fr\/"},{"@type":"ListItem","position":2,"name":"Producten","item":"https:\/\/storax.be\/fr\/producten\/%product_category%\/"},{"@type":"ListItem","position":3,"name":"Antid\u00e9rapant","item":"https:\/\/storax.be\/fr\/producten\/antiderapant\/"},{"@type":"ListItem","position":4,"name":"Liquide antid\u00e9rapant B\u00e9ton"}]},{"@type":"WebSite","@id":"https:\/\/storax.be\/fr\/#website","url":"https:\/\/storax.be\/fr\/","name":"Storax Belgium","description":"Uw betrouwbare partner voor bouwprojecten","potentialAction":[{"@type":"SearchAction","target":{"@type":"EntryPoint","urlTemplate":"https:\/\/storax.be\/fr\/?s={search_term_string}"},"query-input":{"@type":"PropertyValueSpecification","valueRequired":true,"valueName":"search_term_string"}}],"inLanguage":"fr-FR"}]}},"_links":{"self":[{"href":"https:\/\/storax.be\/fr\/wp-json\/wp\/v2\/product\/114759","targetHints":{"allow":["GET"]}}],"collection":[{"href":"https:\/\/storax.be\/fr\/wp-json\/wp\/v2\/product"}],"about":[{"href":"https:\/\/storax.be\/fr\/wp-json\/wp\/v2\/types\/product"}],"wp:featuredmedia":[{"embeddable":true,"href":"https:\/\/storax.be\/fr\/wp-json\/wp\/v2\/media\/111402"}],"wp:attachment":[{"href":"https:\/\/storax.be\/fr\/wp-json\/wp\/v2\/media?parent=114759"}],"wp:term":[{"taxonomy":"product_category","embeddable":true,"href":"https:\/\/storax.be\/fr\/wp-json\/wp\/v2\/product_category?post=114759"},{"taxonomy":"product_tag","embeddable":true,"href":"https:\/\/storax.be\/fr\/wp-json\/wp\/v2\/product_tag?post=114759"}],"curies":[{"name":"wp","href":"https:\/\/api.w.org\/{rel}","templated":true}]}}