{"id":114758,"date":"2022-07-14T13:07:35","date_gmt":"2022-07-14T13:07:35","guid":{"rendered":"https:\/\/storax.be\/?post_type=product&#038;p=114758"},"modified":"2024-05-16T07:37:54","modified_gmt":"2024-05-16T07:37:54","slug":"v780","status":"publish","type":"product","link":"https:\/\/storax.be\/fr\/producten\/afdichtingsmaterialen-fr\/v780\/","title":{"rendered":"V780"},"content":{"rendered":"<h2><b>\u00c9tanch\u00e9it\u00e9 int\u00e9rieure et ext\u00e9rieure (VAS)<\/b><\/h2>\n<p><span style=\"font-weight: 400;\"><strong>Caract\u00e9ristiques du produit<\/strong>\u00a0<\/span><\/p>\n<ul>\n<li style=\"font-weight: 400;\" aria-level=\"1\"><span style=\"font-weight: 400;\">Un carrelage coll\u00e9 ou scell\u00e9 ou une chape peuvent \u00eatre appliqu\u00e9s par-dessus.<\/span><\/li>\n<li style=\"font-weight: 400;\" aria-level=\"1\"><span style=\"font-weight: 400;\">Flexible\u00a0: r\u00e9siste \u00e0 la d\u00e9formation du support<\/span><\/li>\n<li style=\"font-weight: 400;\" aria-level=\"1\"><span style=\"font-weight: 400;\">Adapt\u00e9 \u00e9galement pour les piscines<\/span><\/li>\n<\/ul>\n<p><strong>Application<br \/>\n<\/strong><span style=\"font-weight: 400;\">Syst\u00e8me d&rsquo;\u00e9tanch\u00e9it\u00e9 liquide sous carrelage\u00a0;<\/span><\/p>\n<ul>\n<li style=\"font-weight: 400;\" aria-level=\"1\"><span style=\"font-weight: 400;\">Sur les sols interm\u00e9diaires \u00e0 l&rsquo;int\u00e9rieur, sur les murs int\u00e9rieurs dans les pi\u00e8ces humides des maisons, des b\u00e2timents administratifs, des h\u00f4tels, des h\u00f4pitaux et des b\u00e2timents similaires (par exemple, les cuisines, les salles de bains, les douches, les plages des piscines).<\/span><\/li>\n<li style=\"font-weight: 400;\" aria-level=\"1\"><span style=\"font-weight: 400;\">Sur les sols ext\u00e9rieurs en ma\u00e7onnerie dans les parties non closes du b\u00e2timent\u00a0: balcons, loggias, galeries, escaliers ou terrasses ext\u00e9rieures, passerelles.<\/span><\/li>\n<li style=\"font-weight: 400;\" aria-level=\"1\"><span style=\"font-weight: 400;\">Dans les piscines et bassins priv\u00e9s.<\/span><\/li>\n<\/ul>\n<p><strong>Conditionnement<\/strong><\/p>\n<ul>\n<li id=\"tw-target-text\" class=\"tw-data-text tw-text-large tw-ta\" dir=\"ltr\" data-placeholder=\"Translation\">2 componenten:<br \/>\n<span style=\"font-weight: 400;\">\u2013 1 sac de poudre de 20\u00a0kg<\/span><span style=\"font-weight: 400;\"><br \/>\n<\/span><span style=\"font-weight: 400;\">\u2013 1 seau de liquide 12,67\u00a0kg<\/span><\/li>\n<\/ul>\n<p>&nbsp;<\/p>\n","protected":false},"excerpt":{"rendered":"<p>\u00c9tanch\u00e9it\u00e9 int\u00e9rieure et ext\u00e9rieure (VAS) Caract\u00e9ristiques du produit\u00a0 Un carrelage coll\u00e9 ou scell\u00e9 ou une chape peuvent \u00eatre appliqu\u00e9s par-dessus. Flexible\u00a0: r\u00e9siste \u00e0 la d\u00e9formation du support Adapt\u00e9 \u00e9galement pour les piscines Application Syst\u00e8me d&rsquo;\u00e9tanch\u00e9it\u00e9 liquide sous carrelage\u00a0; Sur les sols interm\u00e9diaires \u00e0 l&rsquo;int\u00e9rieur, sur les murs int\u00e9rieurs dans les pi\u00e8ces humides des maisons, des\u2026<\/p>\n","protected":false},"featured_media":110144,"template":"","meta":{"_acf_changed":false},"product_category":[755],"product_tag":[],"class_list":["post-114758","product","type-product","status-publish","has-post-thumbnail","hentry","product_category-afdichtingsmaterialen-fr"],"acf":[],"yoast_head":"<!-- This site is optimized with the Yoast SEO plugin v27.3 - https:\/\/yoast.com\/product\/yoast-seo-wordpress\/ -->\n<title>V780 - Storax Belgium<\/title>\n<meta name=\"robots\" content=\"index, follow, max-snippet:-1, max-image-preview:large, max-video-preview:-1\" \/>\n<link rel=\"canonical\" href=\"https:\/\/storax.be\/fr\/producten\/afdichtingsmaterialen-fr\/v780\/\" \/>\n<meta property=\"og:locale\" content=\"fr_FR\" \/>\n<meta property=\"og:type\" content=\"article\" \/>\n<meta property=\"og:title\" content=\"V780 - Storax Belgium\" \/>\n<meta property=\"og:description\" content=\"\u00c9tanch\u00e9it\u00e9 int\u00e9rieure et ext\u00e9rieure (VAS) Caract\u00e9ristiques du produit\u00a0 Un carrelage coll\u00e9 ou scell\u00e9 ou une chape peuvent \u00eatre appliqu\u00e9s par-dessus. Flexible\u00a0: r\u00e9siste \u00e0 la d\u00e9formation du support Adapt\u00e9 \u00e9galement pour les piscines Application Syst\u00e8me d&rsquo;\u00e9tanch\u00e9it\u00e9 liquide sous carrelage\u00a0; Sur les sols interm\u00e9diaires \u00e0 l&rsquo;int\u00e9rieur, sur les murs int\u00e9rieurs dans les pi\u00e8ces humides des maisons, des\u2026\" \/>\n<meta property=\"og:url\" content=\"https:\/\/storax.be\/fr\/producten\/afdichtingsmaterialen-fr\/v780\/\" \/>\n<meta property=\"og:site_name\" content=\"Storax Belgium\" \/>\n<meta property=\"article:modified_time\" content=\"2024-05-16T07:37:54+00:00\" \/>\n<meta property=\"og:image\" content=\"https:\/\/storax.be\/wp-content\/uploads\/sites\/2\/2020\/09\/ft-3.jpg\" \/>\n\t<meta property=\"og:image:width\" content=\"470\" \/>\n\t<meta property=\"og:image:height\" content=\"470\" \/>\n\t<meta property=\"og:image:type\" content=\"image\/jpeg\" \/>\n<meta name=\"twitter:card\" content=\"summary_large_image\" \/>\n<meta name=\"twitter:label1\" content=\"Dur\u00e9e de lecture estim\u00e9e\" \/>\n\t<meta name=\"twitter:data1\" content=\"1 minute\" \/>\n<script type=\"application\/ld+json\" class=\"yoast-schema-graph\">{\"@context\":\"https:\\\/\\\/schema.org\",\"@graph\":[{\"@type\":\"WebPage\",\"@id\":\"https:\\\/\\\/storax.be\\\/fr\\\/producten\\\/afdichtingsmaterialen-fr\\\/v780\\\/\",\"url\":\"https:\\\/\\\/storax.be\\\/fr\\\/producten\\\/afdichtingsmaterialen-fr\\\/v780\\\/\",\"name\":\"V780 - Storax Belgium\",\"isPartOf\":{\"@id\":\"https:\\\/\\\/storax.be\\\/fr\\\/#website\"},\"primaryImageOfPage\":{\"@id\":\"https:\\\/\\\/storax.be\\\/fr\\\/producten\\\/afdichtingsmaterialen-fr\\\/v780\\\/#primaryimage\"},\"image\":{\"@id\":\"https:\\\/\\\/storax.be\\\/fr\\\/producten\\\/afdichtingsmaterialen-fr\\\/v780\\\/#primaryimage\"},\"thumbnailUrl\":\"https:\\\/\\\/storax.be\\\/wp-content\\\/uploads\\\/sites\\\/2\\\/2020\\\/09\\\/ft-3.jpg\",\"datePublished\":\"2022-07-14T13:07:35+00:00\",\"dateModified\":\"2024-05-16T07:37:54+00:00\",\"breadcrumb\":{\"@id\":\"https:\\\/\\\/storax.be\\\/fr\\\/producten\\\/afdichtingsmaterialen-fr\\\/v780\\\/#breadcrumb\"},\"inLanguage\":\"fr-FR\",\"potentialAction\":[{\"@type\":\"ReadAction\",\"target\":[\"https:\\\/\\\/storax.be\\\/fr\\\/producten\\\/afdichtingsmaterialen-fr\\\/v780\\\/\"]}]},{\"@type\":\"ImageObject\",\"inLanguage\":\"fr-FR\",\"@id\":\"https:\\\/\\\/storax.be\\\/fr\\\/producten\\\/afdichtingsmaterialen-fr\\\/v780\\\/#primaryimage\",\"url\":\"https:\\\/\\\/storax.be\\\/wp-content\\\/uploads\\\/sites\\\/2\\\/2020\\\/09\\\/ft-3.jpg\",\"contentUrl\":\"https:\\\/\\\/storax.be\\\/wp-content\\\/uploads\\\/sites\\\/2\\\/2020\\\/09\\\/ft-3.jpg\",\"width\":470,\"height\":470},{\"@type\":\"BreadcrumbList\",\"@id\":\"https:\\\/\\\/storax.be\\\/fr\\\/producten\\\/afdichtingsmaterialen-fr\\\/v780\\\/#breadcrumb\",\"itemListElement\":[{\"@type\":\"ListItem\",\"position\":1,\"name\":\"Home\",\"item\":\"https:\\\/\\\/storax.be\\\/fr\\\/\"},{\"@type\":\"ListItem\",\"position\":2,\"name\":\"Producten\",\"item\":\"https:\\\/\\\/storax.be\\\/fr\\\/producten\\\/%product_category%\\\/\"},{\"@type\":\"ListItem\",\"position\":3,\"name\":\"Colles \u00e0 carrelage\",\"item\":\"https:\\\/\\\/storax.be\\\/fr\\\/producten\\\/colles-a-carrelage\\\/\"},{\"@type\":\"ListItem\",\"position\":4,\"name\":\"Mat\u00e9riaux d'\u00e9tanch\u00e9it\u00e9\",\"item\":\"https:\\\/\\\/storax.be\\\/fr\\\/producten\\\/afdichtingsmaterialen-fr\\\/\"},{\"@type\":\"ListItem\",\"position\":5,\"name\":\"V780\"}]},{\"@type\":\"WebSite\",\"@id\":\"https:\\\/\\\/storax.be\\\/fr\\\/#website\",\"url\":\"https:\\\/\\\/storax.be\\\/fr\\\/\",\"name\":\"Storax Belgium\",\"description\":\"Uw betrouwbare partner voor bouwprojecten\",\"potentialAction\":[{\"@type\":\"SearchAction\",\"target\":{\"@type\":\"EntryPoint\",\"urlTemplate\":\"https:\\\/\\\/storax.be\\\/fr\\\/?s={search_term_string}\"},\"query-input\":{\"@type\":\"PropertyValueSpecification\",\"valueRequired\":true,\"valueName\":\"search_term_string\"}}],\"inLanguage\":\"fr-FR\"}]}<\/script>\n<!-- \/ Yoast SEO plugin. -->","yoast_head_json":{"title":"V780 - Storax Belgium","robots":{"index":"index","follow":"follow","max-snippet":"max-snippet:-1","max-image-preview":"max-image-preview:large","max-video-preview":"max-video-preview:-1"},"canonical":"https:\/\/storax.be\/fr\/producten\/afdichtingsmaterialen-fr\/v780\/","og_locale":"fr_FR","og_type":"article","og_title":"V780 - Storax Belgium","og_description":"\u00c9tanch\u00e9it\u00e9 int\u00e9rieure et ext\u00e9rieure (VAS) Caract\u00e9ristiques du produit\u00a0 Un carrelage coll\u00e9 ou scell\u00e9 ou une chape peuvent \u00eatre appliqu\u00e9s par-dessus. Flexible\u00a0: r\u00e9siste \u00e0 la d\u00e9formation du support Adapt\u00e9 \u00e9galement pour les piscines Application Syst\u00e8me d&rsquo;\u00e9tanch\u00e9it\u00e9 liquide sous carrelage\u00a0; Sur les sols interm\u00e9diaires \u00e0 l&rsquo;int\u00e9rieur, sur les murs int\u00e9rieurs dans les pi\u00e8ces humides des maisons, des\u2026","og_url":"https:\/\/storax.be\/fr\/producten\/afdichtingsmaterialen-fr\/v780\/","og_site_name":"Storax Belgium","article_modified_time":"2024-05-16T07:37:54+00:00","og_image":[{"width":470,"height":470,"url":"https:\/\/storax.be\/wp-content\/uploads\/sites\/2\/2020\/09\/ft-3.jpg","type":"image\/jpeg"}],"twitter_card":"summary_large_image","twitter_misc":{"Dur\u00e9e de lecture estim\u00e9e":"1 minute"},"schema":{"@context":"https:\/\/schema.org","@graph":[{"@type":"WebPage","@id":"https:\/\/storax.be\/fr\/producten\/afdichtingsmaterialen-fr\/v780\/","url":"https:\/\/storax.be\/fr\/producten\/afdichtingsmaterialen-fr\/v780\/","name":"V780 - Storax Belgium","isPartOf":{"@id":"https:\/\/storax.be\/fr\/#website"},"primaryImageOfPage":{"@id":"https:\/\/storax.be\/fr\/producten\/afdichtingsmaterialen-fr\/v780\/#primaryimage"},"image":{"@id":"https:\/\/storax.be\/fr\/producten\/afdichtingsmaterialen-fr\/v780\/#primaryimage"},"thumbnailUrl":"https:\/\/storax.be\/wp-content\/uploads\/sites\/2\/2020\/09\/ft-3.jpg","datePublished":"2022-07-14T13:07:35+00:00","dateModified":"2024-05-16T07:37:54+00:00","breadcrumb":{"@id":"https:\/\/storax.be\/fr\/producten\/afdichtingsmaterialen-fr\/v780\/#breadcrumb"},"inLanguage":"fr-FR","potentialAction":[{"@type":"ReadAction","target":["https:\/\/storax.be\/fr\/producten\/afdichtingsmaterialen-fr\/v780\/"]}]},{"@type":"ImageObject","inLanguage":"fr-FR","@id":"https:\/\/storax.be\/fr\/producten\/afdichtingsmaterialen-fr\/v780\/#primaryimage","url":"https:\/\/storax.be\/wp-content\/uploads\/sites\/2\/2020\/09\/ft-3.jpg","contentUrl":"https:\/\/storax.be\/wp-content\/uploads\/sites\/2\/2020\/09\/ft-3.jpg","width":470,"height":470},{"@type":"BreadcrumbList","@id":"https:\/\/storax.be\/fr\/producten\/afdichtingsmaterialen-fr\/v780\/#breadcrumb","itemListElement":[{"@type":"ListItem","position":1,"name":"Home","item":"https:\/\/storax.be\/fr\/"},{"@type":"ListItem","position":2,"name":"Producten","item":"https:\/\/storax.be\/fr\/producten\/%product_category%\/"},{"@type":"ListItem","position":3,"name":"Colles \u00e0 carrelage","item":"https:\/\/storax.be\/fr\/producten\/colles-a-carrelage\/"},{"@type":"ListItem","position":4,"name":"Mat\u00e9riaux d'\u00e9tanch\u00e9it\u00e9","item":"https:\/\/storax.be\/fr\/producten\/afdichtingsmaterialen-fr\/"},{"@type":"ListItem","position":5,"name":"V780"}]},{"@type":"WebSite","@id":"https:\/\/storax.be\/fr\/#website","url":"https:\/\/storax.be\/fr\/","name":"Storax Belgium","description":"Uw betrouwbare partner voor bouwprojecten","potentialAction":[{"@type":"SearchAction","target":{"@type":"EntryPoint","urlTemplate":"https:\/\/storax.be\/fr\/?s={search_term_string}"},"query-input":{"@type":"PropertyValueSpecification","valueRequired":true,"valueName":"search_term_string"}}],"inLanguage":"fr-FR"}]}},"_links":{"self":[{"href":"https:\/\/storax.be\/fr\/wp-json\/wp\/v2\/product\/114758","targetHints":{"allow":["GET"]}}],"collection":[{"href":"https:\/\/storax.be\/fr\/wp-json\/wp\/v2\/product"}],"about":[{"href":"https:\/\/storax.be\/fr\/wp-json\/wp\/v2\/types\/product"}],"wp:featuredmedia":[{"embeddable":true,"href":"https:\/\/storax.be\/fr\/wp-json\/wp\/v2\/media\/110144"}],"wp:attachment":[{"href":"https:\/\/storax.be\/fr\/wp-json\/wp\/v2\/media?parent=114758"}],"wp:term":[{"taxonomy":"product_category","embeddable":true,"href":"https:\/\/storax.be\/fr\/wp-json\/wp\/v2\/product_category?post=114758"},{"taxonomy":"product_tag","embeddable":true,"href":"https:\/\/storax.be\/fr\/wp-json\/wp\/v2\/product_tag?post=114758"}],"curies":[{"name":"wp","href":"https:\/\/api.w.org\/{rel}","templated":true}]}}