{"id":114754,"date":"2022-07-14T13:03:03","date_gmt":"2022-07-14T13:03:03","guid":{"rendered":"https:\/\/storax.be\/?post_type=product&#038;p=114754"},"modified":"2024-05-16T07:37:54","modified_gmt":"2024-05-16T07:37:54","slug":"v735","status":"publish","type":"product","link":"https:\/\/storax.be\/fr\/producten\/afdichtingsmaterialen-fr\/v735\/","title":{"rendered":"V735"},"content":{"rendered":"<h2><b>Traitement des sols avec siphon<\/b><\/h2>\n<p><strong>Caract\u00e9ristiques du produit\u00a0<\/strong><\/p>\n<ul>\n<li style=\"font-weight: 400;\" aria-level=\"1\"><span style=\"font-weight: 400;\">Pr\u00eat \u00e0 l&#8217;emploi<\/span><\/li>\n<li style=\"font-weight: 400;\" aria-level=\"1\"><span style=\"font-weight: 400;\">Sans grille<\/span><\/li>\n<li style=\"font-weight: 400;\" aria-level=\"1\"><span style=\"font-weight: 400;\">Application rapide au rouleau<\/span><\/li>\n<li style=\"font-weight: 400;\" aria-level=\"1\"><span style=\"font-weight: 400;\">Disponible dans le KIT \u00c9TANCHE \u00a9VPI\u00a0: id\u00e9al pour une utilisation dans une douche \u00e0 l&rsquo;italienne (V730)<\/span><\/li>\n<li style=\"font-weight: 400;\" aria-level=\"1\"><span style=\"font-weight: 400;\">AT n\u00b0 13\/14-1228<\/span><\/li>\n<\/ul>\n<p><span style=\"font-weight: 400;\">Application<br \/>\n<\/span><span style=\"font-weight: 400;\">\u00c9tanch\u00e9it\u00e9 du sol et des murs des locaux expos\u00e9s \u00e0 l&rsquo;eau (locaux \u00e0 eau chaude), \u00e9quip\u00e9s ou non de syst\u00e8mes de collecte d&rsquo;eau (siphon, goutti\u00e8re, etc.). Exemples\u00a0: salles de bains priv\u00e9es ou partag\u00e9es, installations sanitaires, etc. sur des supports neufs ou anciens.<\/span><\/p>\n<p><strong>Conditionnement<\/strong><\/p>\n<ul>\n<li style=\"font-weight: 400;\" aria-level=\"1\"><span style=\"font-weight: 400;\">Seau de 25\u00a0kg<\/span><span style=\"font-weight: 400;\"><br \/>\n<\/span><span style=\"font-weight: 400;\">Seau de 5\u00a0kg \u2013 bo\u00eete en carton avec 4\u00a0seaux<\/span><\/li>\n<\/ul>\n<p>&nbsp;<\/p>\n","protected":false},"excerpt":{"rendered":"<p>Traitement des sols avec siphon Caract\u00e9ristiques du produit\u00a0 Pr\u00eat \u00e0 l&#8217;emploi Sans grille Application rapide au rouleau Disponible dans le KIT \u00c9TANCHE \u00a9VPI\u00a0: id\u00e9al pour une utilisation dans une douche \u00e0 l&rsquo;italienne (V730) AT n\u00b0 13\/14-1228 Application \u00c9tanch\u00e9it\u00e9 du sol et des murs des locaux expos\u00e9s \u00e0 l&rsquo;eau (locaux \u00e0 eau chaude), \u00e9quip\u00e9s ou non\u2026<\/p>\n","protected":false},"featured_media":109013,"template":"","meta":{"_acf_changed":false},"product_category":[755],"product_tag":[],"class_list":["post-114754","product","type-product","status-publish","has-post-thumbnail","hentry","product_category-afdichtingsmaterialen-fr"],"acf":[],"yoast_head":"<!-- This site is optimized with the Yoast SEO plugin v27.3 - https:\/\/yoast.com\/product\/yoast-seo-wordpress\/ -->\n<title>V735 - Storax Belgium<\/title>\n<meta name=\"robots\" content=\"index, follow, max-snippet:-1, max-image-preview:large, max-video-preview:-1\" \/>\n<link rel=\"canonical\" href=\"https:\/\/storax.be\/fr\/producten\/afdichtingsmaterialen-fr\/v735\/\" \/>\n<meta property=\"og:locale\" content=\"fr_FR\" \/>\n<meta property=\"og:type\" content=\"article\" \/>\n<meta property=\"og:title\" content=\"V735 - Storax Belgium\" \/>\n<meta property=\"og:description\" content=\"Traitement des sols avec siphon Caract\u00e9ristiques du produit\u00a0 Pr\u00eat \u00e0 l&#8217;emploi Sans grille Application rapide au rouleau Disponible dans le KIT \u00c9TANCHE \u00a9VPI\u00a0: id\u00e9al pour une utilisation dans une douche \u00e0 l&rsquo;italienne (V730) AT n\u00b0 13\/14-1228 Application \u00c9tanch\u00e9it\u00e9 du sol et des murs des locaux expos\u00e9s \u00e0 l&rsquo;eau (locaux \u00e0 eau chaude), \u00e9quip\u00e9s ou non\u2026\" \/>\n<meta property=\"og:url\" content=\"https:\/\/storax.be\/fr\/producten\/afdichtingsmaterialen-fr\/v735\/\" \/>\n<meta property=\"og:site_name\" content=\"Storax Belgium\" \/>\n<meta property=\"article:modified_time\" content=\"2024-05-16T07:37:54+00:00\" \/>\n<meta property=\"og:image\" content=\"https:\/\/storax.be\/wp-content\/uploads\/sites\/2\/2020\/01\/V735.jpg\" \/>\n\t<meta property=\"og:image:width\" content=\"470\" \/>\n\t<meta property=\"og:image:height\" content=\"470\" \/>\n\t<meta property=\"og:image:type\" content=\"image\/jpeg\" \/>\n<meta name=\"twitter:card\" content=\"summary_large_image\" \/>\n<meta name=\"twitter:label1\" content=\"Dur\u00e9e de lecture estim\u00e9e\" \/>\n\t<meta name=\"twitter:data1\" content=\"1 minute\" \/>\n<script type=\"application\/ld+json\" class=\"yoast-schema-graph\">{\"@context\":\"https:\\\/\\\/schema.org\",\"@graph\":[{\"@type\":\"WebPage\",\"@id\":\"https:\\\/\\\/storax.be\\\/fr\\\/producten\\\/afdichtingsmaterialen-fr\\\/v735\\\/\",\"url\":\"https:\\\/\\\/storax.be\\\/fr\\\/producten\\\/afdichtingsmaterialen-fr\\\/v735\\\/\",\"name\":\"V735 - Storax Belgium\",\"isPartOf\":{\"@id\":\"https:\\\/\\\/storax.be\\\/fr\\\/#website\"},\"primaryImageOfPage\":{\"@id\":\"https:\\\/\\\/storax.be\\\/fr\\\/producten\\\/afdichtingsmaterialen-fr\\\/v735\\\/#primaryimage\"},\"image\":{\"@id\":\"https:\\\/\\\/storax.be\\\/fr\\\/producten\\\/afdichtingsmaterialen-fr\\\/v735\\\/#primaryimage\"},\"thumbnailUrl\":\"https:\\\/\\\/storax.be\\\/wp-content\\\/uploads\\\/sites\\\/2\\\/2020\\\/01\\\/V735.jpg\",\"datePublished\":\"2022-07-14T13:03:03+00:00\",\"dateModified\":\"2024-05-16T07:37:54+00:00\",\"breadcrumb\":{\"@id\":\"https:\\\/\\\/storax.be\\\/fr\\\/producten\\\/afdichtingsmaterialen-fr\\\/v735\\\/#breadcrumb\"},\"inLanguage\":\"fr-FR\",\"potentialAction\":[{\"@type\":\"ReadAction\",\"target\":[\"https:\\\/\\\/storax.be\\\/fr\\\/producten\\\/afdichtingsmaterialen-fr\\\/v735\\\/\"]}]},{\"@type\":\"ImageObject\",\"inLanguage\":\"fr-FR\",\"@id\":\"https:\\\/\\\/storax.be\\\/fr\\\/producten\\\/afdichtingsmaterialen-fr\\\/v735\\\/#primaryimage\",\"url\":\"https:\\\/\\\/storax.be\\\/wp-content\\\/uploads\\\/sites\\\/2\\\/2020\\\/01\\\/V735.jpg\",\"contentUrl\":\"https:\\\/\\\/storax.be\\\/wp-content\\\/uploads\\\/sites\\\/2\\\/2020\\\/01\\\/V735.jpg\",\"width\":470,\"height\":470,\"caption\":\"afdichting tegelwerk\"},{\"@type\":\"BreadcrumbList\",\"@id\":\"https:\\\/\\\/storax.be\\\/fr\\\/producten\\\/afdichtingsmaterialen-fr\\\/v735\\\/#breadcrumb\",\"itemListElement\":[{\"@type\":\"ListItem\",\"position\":1,\"name\":\"Home\",\"item\":\"https:\\\/\\\/storax.be\\\/fr\\\/\"},{\"@type\":\"ListItem\",\"position\":2,\"name\":\"Producten\",\"item\":\"https:\\\/\\\/storax.be\\\/fr\\\/producten\\\/%product_category%\\\/\"},{\"@type\":\"ListItem\",\"position\":3,\"name\":\"Colles \u00e0 carrelage\",\"item\":\"https:\\\/\\\/storax.be\\\/fr\\\/producten\\\/colles-a-carrelage\\\/\"},{\"@type\":\"ListItem\",\"position\":4,\"name\":\"Mat\u00e9riaux d'\u00e9tanch\u00e9it\u00e9\",\"item\":\"https:\\\/\\\/storax.be\\\/fr\\\/producten\\\/afdichtingsmaterialen-fr\\\/\"},{\"@type\":\"ListItem\",\"position\":5,\"name\":\"V735\"}]},{\"@type\":\"WebSite\",\"@id\":\"https:\\\/\\\/storax.be\\\/fr\\\/#website\",\"url\":\"https:\\\/\\\/storax.be\\\/fr\\\/\",\"name\":\"Storax Belgium\",\"description\":\"Uw betrouwbare partner voor bouwprojecten\",\"potentialAction\":[{\"@type\":\"SearchAction\",\"target\":{\"@type\":\"EntryPoint\",\"urlTemplate\":\"https:\\\/\\\/storax.be\\\/fr\\\/?s={search_term_string}\"},\"query-input\":{\"@type\":\"PropertyValueSpecification\",\"valueRequired\":true,\"valueName\":\"search_term_string\"}}],\"inLanguage\":\"fr-FR\"}]}<\/script>\n<!-- \/ Yoast SEO plugin. -->","yoast_head_json":{"title":"V735 - Storax Belgium","robots":{"index":"index","follow":"follow","max-snippet":"max-snippet:-1","max-image-preview":"max-image-preview:large","max-video-preview":"max-video-preview:-1"},"canonical":"https:\/\/storax.be\/fr\/producten\/afdichtingsmaterialen-fr\/v735\/","og_locale":"fr_FR","og_type":"article","og_title":"V735 - Storax Belgium","og_description":"Traitement des sols avec siphon Caract\u00e9ristiques du produit\u00a0 Pr\u00eat \u00e0 l&#8217;emploi Sans grille Application rapide au rouleau Disponible dans le KIT \u00c9TANCHE \u00a9VPI\u00a0: id\u00e9al pour une utilisation dans une douche \u00e0 l&rsquo;italienne (V730) AT n\u00b0 13\/14-1228 Application \u00c9tanch\u00e9it\u00e9 du sol et des murs des locaux expos\u00e9s \u00e0 l&rsquo;eau (locaux \u00e0 eau chaude), \u00e9quip\u00e9s ou non\u2026","og_url":"https:\/\/storax.be\/fr\/producten\/afdichtingsmaterialen-fr\/v735\/","og_site_name":"Storax Belgium","article_modified_time":"2024-05-16T07:37:54+00:00","og_image":[{"width":470,"height":470,"url":"https:\/\/storax.be\/wp-content\/uploads\/sites\/2\/2020\/01\/V735.jpg","type":"image\/jpeg"}],"twitter_card":"summary_large_image","twitter_misc":{"Dur\u00e9e de lecture estim\u00e9e":"1 minute"},"schema":{"@context":"https:\/\/schema.org","@graph":[{"@type":"WebPage","@id":"https:\/\/storax.be\/fr\/producten\/afdichtingsmaterialen-fr\/v735\/","url":"https:\/\/storax.be\/fr\/producten\/afdichtingsmaterialen-fr\/v735\/","name":"V735 - Storax Belgium","isPartOf":{"@id":"https:\/\/storax.be\/fr\/#website"},"primaryImageOfPage":{"@id":"https:\/\/storax.be\/fr\/producten\/afdichtingsmaterialen-fr\/v735\/#primaryimage"},"image":{"@id":"https:\/\/storax.be\/fr\/producten\/afdichtingsmaterialen-fr\/v735\/#primaryimage"},"thumbnailUrl":"https:\/\/storax.be\/wp-content\/uploads\/sites\/2\/2020\/01\/V735.jpg","datePublished":"2022-07-14T13:03:03+00:00","dateModified":"2024-05-16T07:37:54+00:00","breadcrumb":{"@id":"https:\/\/storax.be\/fr\/producten\/afdichtingsmaterialen-fr\/v735\/#breadcrumb"},"inLanguage":"fr-FR","potentialAction":[{"@type":"ReadAction","target":["https:\/\/storax.be\/fr\/producten\/afdichtingsmaterialen-fr\/v735\/"]}]},{"@type":"ImageObject","inLanguage":"fr-FR","@id":"https:\/\/storax.be\/fr\/producten\/afdichtingsmaterialen-fr\/v735\/#primaryimage","url":"https:\/\/storax.be\/wp-content\/uploads\/sites\/2\/2020\/01\/V735.jpg","contentUrl":"https:\/\/storax.be\/wp-content\/uploads\/sites\/2\/2020\/01\/V735.jpg","width":470,"height":470,"caption":"afdichting tegelwerk"},{"@type":"BreadcrumbList","@id":"https:\/\/storax.be\/fr\/producten\/afdichtingsmaterialen-fr\/v735\/#breadcrumb","itemListElement":[{"@type":"ListItem","position":1,"name":"Home","item":"https:\/\/storax.be\/fr\/"},{"@type":"ListItem","position":2,"name":"Producten","item":"https:\/\/storax.be\/fr\/producten\/%product_category%\/"},{"@type":"ListItem","position":3,"name":"Colles \u00e0 carrelage","item":"https:\/\/storax.be\/fr\/producten\/colles-a-carrelage\/"},{"@type":"ListItem","position":4,"name":"Mat\u00e9riaux d'\u00e9tanch\u00e9it\u00e9","item":"https:\/\/storax.be\/fr\/producten\/afdichtingsmaterialen-fr\/"},{"@type":"ListItem","position":5,"name":"V735"}]},{"@type":"WebSite","@id":"https:\/\/storax.be\/fr\/#website","url":"https:\/\/storax.be\/fr\/","name":"Storax Belgium","description":"Uw betrouwbare partner voor bouwprojecten","potentialAction":[{"@type":"SearchAction","target":{"@type":"EntryPoint","urlTemplate":"https:\/\/storax.be\/fr\/?s={search_term_string}"},"query-input":{"@type":"PropertyValueSpecification","valueRequired":true,"valueName":"search_term_string"}}],"inLanguage":"fr-FR"}]}},"_links":{"self":[{"href":"https:\/\/storax.be\/fr\/wp-json\/wp\/v2\/product\/114754","targetHints":{"allow":["GET"]}}],"collection":[{"href":"https:\/\/storax.be\/fr\/wp-json\/wp\/v2\/product"}],"about":[{"href":"https:\/\/storax.be\/fr\/wp-json\/wp\/v2\/types\/product"}],"wp:featuredmedia":[{"embeddable":true,"href":"https:\/\/storax.be\/fr\/wp-json\/wp\/v2\/media\/109013"}],"wp:attachment":[{"href":"https:\/\/storax.be\/fr\/wp-json\/wp\/v2\/media?parent=114754"}],"wp:term":[{"taxonomy":"product_category","embeddable":true,"href":"https:\/\/storax.be\/fr\/wp-json\/wp\/v2\/product_category?post=114754"},{"taxonomy":"product_tag","embeddable":true,"href":"https:\/\/storax.be\/fr\/wp-json\/wp\/v2\/product_tag?post=114754"}],"curies":[{"name":"wp","href":"https:\/\/api.w.org\/{rel}","templated":true}]}}