{"id":114752,"date":"2022-07-14T12:59:46","date_gmt":"2022-07-14T12:59:46","guid":{"rendered":"https:\/\/storax.be\/?post_type=product&#038;p=114752"},"modified":"2024-07-29T09:28:57","modified_gmt":"2024-07-29T09:28:57","slug":"acrovyn-by-design","status":"publish","type":"product","link":"https:\/\/storax.be\/fr\/producten\/protection-des-murs\/acrovyn-by-design\/","title":{"rendered":"Acrovyn by Design"},"content":{"rendered":"\n<h2 class=\"wp-block-heading\"><b>Dessins, collages, formes et signal\u00e9tique sur mesure<\/b><\/h2>\n\n\n\n<p><span style=\"font-weight: 400;\"><strong>\u00c0 vous de le cr\u00e9er!<\/strong><br><\/span><span style=\"font-weight: 400;\">Gr\u00e2ce \u00e0 notre technologie de d\u00e9coupe avanc\u00e9e, assist\u00e9e par ordinateur, nous pouvons produire le design que vous souhaitez. Vous pouvez choisir un mod\u00e8le standard dans notre catalogue ou cr\u00e9er votre propre design, qu&rsquo;il vous suffit de nous fournir au format .dxf.<\/span><\/p>\n\n\n\n<p><span style=\"font-weight: 400;\"><strong>Murs d&rsquo;images et signal\u00e9tique<\/strong><br><\/span><span style=\"font-weight: 400;\">Alors que les images murales classiques s&rsquo;ab\u00eement facilement et doivent r\u00e9guli\u00e8rement \u00eatre remplac\u00e9es \u00e0 grands frais, Acrovyn by Design\u00ae prot\u00e8ge non seulement vos murs, mais pr\u00e9serve en plus l&rsquo;aspect neuf de vos images pendant de longues ann\u00e9es.<\/span><\/p>\n\n\n\n<p><span style=\"font-weight: 400;\">Acrovyn by Design\u00ae est munie d&rsquo;un cadre transparent et r\u00e9sistant aux chocs en guise de couche protectrice et la technologie d&rsquo;impression num\u00e9rique avanc\u00e9e cr\u00e9e des images \u00e9blouissantes.<\/span><\/p>\n\n\n\n<p><strong>Possibilit\u00e9s d&rsquo;inspiration<\/strong><\/p>\n\n\n\n<div class=\"wp-block-columns is-layout-flex wp-container-core-columns-is-layout-9d6595d7 wp-block-columns-is-layout-flex\">\n<div class=\"wp-block-column is-layout-flow wp-block-column-is-layout-flow\">\n<figure class=\"wp-block-image size-full\"><img decoding=\"async\" src=\"https:\/\/www.storax.nl\/wp-content\/uploads\/2024\/07\/2-13.png\" alt=\"\" class=\"wp-image-121427\"\/><figcaption>Nature\/paysages<\/figcaption><\/figure>\n<\/div>\n\n\n\n<div class=\"wp-block-column is-layout-flow wp-block-column-is-layout-flow\">\n<figure class=\"wp-block-image size-full is-resized\"><img loading=\"lazy\" decoding=\"async\" src=\"https:\/\/www.storax.nl\/wp-content\/uploads\/2024\/07\/3-13.png\" alt=\"\" class=\"wp-image-121429\" width=\"256\" height=\"256\"\/><figcaption>Art<\/figcaption><\/figure>\n<\/div>\n\n\n\n<div class=\"wp-block-column is-layout-flow wp-block-column-is-layout-flow\">\n<figure class=\"wp-block-image size-full\"><img decoding=\"async\" src=\"https:\/\/www.storax.nl\/wp-content\/uploads\/2024\/07\/1-12.png\" alt=\"\" class=\"wp-image-121431\"\/><figcaption>Couleur personnalis\u00e9e<\/figcaption><\/figure>\n<\/div>\n<\/div>\n\n\n\n<div class=\"wp-block-columns is-layout-flex wp-container-core-columns-is-layout-9d6595d7 wp-block-columns-is-layout-flex\">\n<div class=\"wp-block-column is-layout-flow wp-block-column-is-layout-flow\">\n<figure class=\"wp-block-image size-full\"><img decoding=\"async\" src=\"https:\/\/www.storax.nl\/wp-content\/uploads\/2024\/07\/4-1.png\" alt=\"\" class=\"wp-image-121433\"\/><figcaption>Aspect bois<\/figcaption><\/figure>\n<\/div>\n\n\n\n<div class=\"wp-block-column is-layout-flow wp-block-column-is-layout-flow\">\n<figure class=\"wp-block-image size-full\"><img decoding=\"async\" src=\"https:\/\/www.storax.nl\/wp-content\/uploads\/2024\/07\/6-2.png\" alt=\"\" class=\"wp-image-121435\"\/><figcaption>Aspect marbre<br><\/figcaption><\/figure>\n<\/div>\n\n\n\n<div class=\"wp-block-column is-layout-flow wp-block-column-is-layout-flow\">\n<figure class=\"wp-block-image size-full\"><img decoding=\"async\" src=\"https:\/\/www.storax.nl\/wp-content\/uploads\/2024\/07\/5.png\" alt=\"\" class=\"wp-image-121437\"\/><figcaption>Aspect textile<\/figcaption><\/figure>\n<\/div>\n<\/div>\n","protected":false},"excerpt":{"rendered":"<p>Dessins, collages, formes et signal\u00e9tique sur mesure \u00c0 vous de le cr\u00e9er!Gr\u00e2ce \u00e0 notre technologie de d\u00e9coupe avanc\u00e9e, assist\u00e9e par ordinateur, nous pouvons produire le design que vous souhaitez. Vous pouvez choisir un mod\u00e8le standard dans notre catalogue ou cr\u00e9er votre propre design, qu&rsquo;il vous suffit de nous fournir au format .dxf. Murs d&rsquo;images et\u2026<\/p>\n","protected":false},"featured_media":111547,"template":"","meta":{"_acf_changed":false},"product_category":[652,612],"product_tag":[],"class_list":["post-114752","product","type-product","status-publish","has-post-thumbnail","hentry","product_category-acrovyn-protection-des-murs","product_category-protection-des-murs"],"acf":[],"yoast_head":"<!-- This site is optimized with the Yoast SEO plugin v27.3 - https:\/\/yoast.com\/product\/yoast-seo-wordpress\/ -->\n<title>Acrovyn by Design - Storax Belgium<\/title>\n<meta name=\"robots\" content=\"index, follow, max-snippet:-1, max-image-preview:large, max-video-preview:-1\" \/>\n<link rel=\"canonical\" href=\"https:\/\/storax.be\/fr\/producten\/protection-des-murs\/acrovyn-by-design\/\" \/>\n<meta property=\"og:locale\" content=\"fr_FR\" \/>\n<meta property=\"og:type\" content=\"article\" \/>\n<meta property=\"og:title\" content=\"Acrovyn by Design - Storax Belgium\" \/>\n<meta property=\"og:description\" content=\"Dessins, collages, formes et signal\u00e9tique sur mesure \u00c0 vous de le cr\u00e9er!Gr\u00e2ce \u00e0 notre technologie de d\u00e9coupe avanc\u00e9e, assist\u00e9e par ordinateur, nous pouvons produire le design que vous souhaitez. Vous pouvez choisir un mod\u00e8le standard dans notre catalogue ou cr\u00e9er votre propre design, qu&rsquo;il vous suffit de nous fournir au format .dxf. Murs d&rsquo;images et\u2026\" \/>\n<meta property=\"og:url\" content=\"https:\/\/storax.be\/fr\/producten\/protection-des-murs\/acrovyn-by-design\/\" \/>\n<meta property=\"og:site_name\" content=\"Storax Belgium\" \/>\n<meta property=\"article:modified_time\" content=\"2024-07-29T09:28:57+00:00\" \/>\n<meta property=\"og:image\" content=\"https:\/\/storax.be\/wp-content\/uploads\/sites\/2\/2019\/03\/Acrovyn-wandbescherming-fotoprint.png\" \/>\n\t<meta property=\"og:image:width\" content=\"270\" \/>\n\t<meta property=\"og:image:height\" content=\"270\" \/>\n\t<meta property=\"og:image:type\" content=\"image\/png\" \/>\n<meta name=\"twitter:card\" content=\"summary_large_image\" \/>\n<meta name=\"twitter:label1\" content=\"Dur\u00e9e de lecture estim\u00e9e\" \/>\n\t<meta name=\"twitter:data1\" content=\"2 minutes\" \/>\n<script type=\"application\/ld+json\" class=\"yoast-schema-graph\">{\"@context\":\"https:\\\/\\\/schema.org\",\"@graph\":[{\"@type\":\"WebPage\",\"@id\":\"https:\\\/\\\/storax.be\\\/fr\\\/producten\\\/protection-des-murs\\\/acrovyn-by-design\\\/\",\"url\":\"https:\\\/\\\/storax.be\\\/fr\\\/producten\\\/protection-des-murs\\\/acrovyn-by-design\\\/\",\"name\":\"Acrovyn by Design - Storax Belgium\",\"isPartOf\":{\"@id\":\"https:\\\/\\\/storax.be\\\/fr\\\/#website\"},\"primaryImageOfPage\":{\"@id\":\"https:\\\/\\\/storax.be\\\/fr\\\/producten\\\/protection-des-murs\\\/acrovyn-by-design\\\/#primaryimage\"},\"image\":{\"@id\":\"https:\\\/\\\/storax.be\\\/fr\\\/producten\\\/protection-des-murs\\\/acrovyn-by-design\\\/#primaryimage\"},\"thumbnailUrl\":\"https:\\\/\\\/storax.be\\\/wp-content\\\/uploads\\\/sites\\\/2\\\/2019\\\/03\\\/Acrovyn-wandbescherming-fotoprint.png\",\"datePublished\":\"2022-07-14T12:59:46+00:00\",\"dateModified\":\"2024-07-29T09:28:57+00:00\",\"breadcrumb\":{\"@id\":\"https:\\\/\\\/storax.be\\\/fr\\\/producten\\\/protection-des-murs\\\/acrovyn-by-design\\\/#breadcrumb\"},\"inLanguage\":\"fr-FR\",\"potentialAction\":[{\"@type\":\"ReadAction\",\"target\":[\"https:\\\/\\\/storax.be\\\/fr\\\/producten\\\/protection-des-murs\\\/acrovyn-by-design\\\/\"]}]},{\"@type\":\"ImageObject\",\"inLanguage\":\"fr-FR\",\"@id\":\"https:\\\/\\\/storax.be\\\/fr\\\/producten\\\/protection-des-murs\\\/acrovyn-by-design\\\/#primaryimage\",\"url\":\"https:\\\/\\\/storax.be\\\/wp-content\\\/uploads\\\/sites\\\/2\\\/2019\\\/03\\\/Acrovyn-wandbescherming-fotoprint.png\",\"contentUrl\":\"https:\\\/\\\/storax.be\\\/wp-content\\\/uploads\\\/sites\\\/2\\\/2019\\\/03\\\/Acrovyn-wandbescherming-fotoprint.png\",\"width\":270,\"height\":270,\"caption\":\"Acrovyn wandbescherming fotoprint\"},{\"@type\":\"BreadcrumbList\",\"@id\":\"https:\\\/\\\/storax.be\\\/fr\\\/producten\\\/protection-des-murs\\\/acrovyn-by-design\\\/#breadcrumb\",\"itemListElement\":[{\"@type\":\"ListItem\",\"position\":1,\"name\":\"Home\",\"item\":\"https:\\\/\\\/storax.be\\\/fr\\\/\"},{\"@type\":\"ListItem\",\"position\":2,\"name\":\"Producten\",\"item\":\"https:\\\/\\\/storax.be\\\/fr\\\/producten\\\/%product_category%\\\/\"},{\"@type\":\"ListItem\",\"position\":3,\"name\":\"Protection des murs\",\"item\":\"https:\\\/\\\/storax.be\\\/fr\\\/producten\\\/protection-des-murs\\\/\"},{\"@type\":\"ListItem\",\"position\":4,\"name\":\"Protection des murs\",\"item\":\"https:\\\/\\\/storax.be\\\/fr\\\/producten\\\/acrovyn-protection-des-murs\\\/\"},{\"@type\":\"ListItem\",\"position\":5,\"name\":\"Acrovyn by Design\"}]},{\"@type\":\"WebSite\",\"@id\":\"https:\\\/\\\/storax.be\\\/fr\\\/#website\",\"url\":\"https:\\\/\\\/storax.be\\\/fr\\\/\",\"name\":\"Storax Belgium\",\"description\":\"Uw betrouwbare partner voor bouwprojecten\",\"potentialAction\":[{\"@type\":\"SearchAction\",\"target\":{\"@type\":\"EntryPoint\",\"urlTemplate\":\"https:\\\/\\\/storax.be\\\/fr\\\/?s={search_term_string}\"},\"query-input\":{\"@type\":\"PropertyValueSpecification\",\"valueRequired\":true,\"valueName\":\"search_term_string\"}}],\"inLanguage\":\"fr-FR\"}]}<\/script>\n<!-- \/ Yoast SEO plugin. -->","yoast_head_json":{"title":"Acrovyn by Design - Storax Belgium","robots":{"index":"index","follow":"follow","max-snippet":"max-snippet:-1","max-image-preview":"max-image-preview:large","max-video-preview":"max-video-preview:-1"},"canonical":"https:\/\/storax.be\/fr\/producten\/protection-des-murs\/acrovyn-by-design\/","og_locale":"fr_FR","og_type":"article","og_title":"Acrovyn by Design - Storax Belgium","og_description":"Dessins, collages, formes et signal\u00e9tique sur mesure \u00c0 vous de le cr\u00e9er!Gr\u00e2ce \u00e0 notre technologie de d\u00e9coupe avanc\u00e9e, assist\u00e9e par ordinateur, nous pouvons produire le design que vous souhaitez. Vous pouvez choisir un mod\u00e8le standard dans notre catalogue ou cr\u00e9er votre propre design, qu&rsquo;il vous suffit de nous fournir au format .dxf. Murs d&rsquo;images et\u2026","og_url":"https:\/\/storax.be\/fr\/producten\/protection-des-murs\/acrovyn-by-design\/","og_site_name":"Storax Belgium","article_modified_time":"2024-07-29T09:28:57+00:00","og_image":[{"width":270,"height":270,"url":"https:\/\/storax.be\/wp-content\/uploads\/sites\/2\/2019\/03\/Acrovyn-wandbescherming-fotoprint.png","type":"image\/png"}],"twitter_card":"summary_large_image","twitter_misc":{"Dur\u00e9e de lecture estim\u00e9e":"2 minutes"},"schema":{"@context":"https:\/\/schema.org","@graph":[{"@type":"WebPage","@id":"https:\/\/storax.be\/fr\/producten\/protection-des-murs\/acrovyn-by-design\/","url":"https:\/\/storax.be\/fr\/producten\/protection-des-murs\/acrovyn-by-design\/","name":"Acrovyn by Design - Storax Belgium","isPartOf":{"@id":"https:\/\/storax.be\/fr\/#website"},"primaryImageOfPage":{"@id":"https:\/\/storax.be\/fr\/producten\/protection-des-murs\/acrovyn-by-design\/#primaryimage"},"image":{"@id":"https:\/\/storax.be\/fr\/producten\/protection-des-murs\/acrovyn-by-design\/#primaryimage"},"thumbnailUrl":"https:\/\/storax.be\/wp-content\/uploads\/sites\/2\/2019\/03\/Acrovyn-wandbescherming-fotoprint.png","datePublished":"2022-07-14T12:59:46+00:00","dateModified":"2024-07-29T09:28:57+00:00","breadcrumb":{"@id":"https:\/\/storax.be\/fr\/producten\/protection-des-murs\/acrovyn-by-design\/#breadcrumb"},"inLanguage":"fr-FR","potentialAction":[{"@type":"ReadAction","target":["https:\/\/storax.be\/fr\/producten\/protection-des-murs\/acrovyn-by-design\/"]}]},{"@type":"ImageObject","inLanguage":"fr-FR","@id":"https:\/\/storax.be\/fr\/producten\/protection-des-murs\/acrovyn-by-design\/#primaryimage","url":"https:\/\/storax.be\/wp-content\/uploads\/sites\/2\/2019\/03\/Acrovyn-wandbescherming-fotoprint.png","contentUrl":"https:\/\/storax.be\/wp-content\/uploads\/sites\/2\/2019\/03\/Acrovyn-wandbescherming-fotoprint.png","width":270,"height":270,"caption":"Acrovyn wandbescherming fotoprint"},{"@type":"BreadcrumbList","@id":"https:\/\/storax.be\/fr\/producten\/protection-des-murs\/acrovyn-by-design\/#breadcrumb","itemListElement":[{"@type":"ListItem","position":1,"name":"Home","item":"https:\/\/storax.be\/fr\/"},{"@type":"ListItem","position":2,"name":"Producten","item":"https:\/\/storax.be\/fr\/producten\/%product_category%\/"},{"@type":"ListItem","position":3,"name":"Protection des murs","item":"https:\/\/storax.be\/fr\/producten\/protection-des-murs\/"},{"@type":"ListItem","position":4,"name":"Protection des murs","item":"https:\/\/storax.be\/fr\/producten\/acrovyn-protection-des-murs\/"},{"@type":"ListItem","position":5,"name":"Acrovyn by Design"}]},{"@type":"WebSite","@id":"https:\/\/storax.be\/fr\/#website","url":"https:\/\/storax.be\/fr\/","name":"Storax Belgium","description":"Uw betrouwbare partner voor bouwprojecten","potentialAction":[{"@type":"SearchAction","target":{"@type":"EntryPoint","urlTemplate":"https:\/\/storax.be\/fr\/?s={search_term_string}"},"query-input":{"@type":"PropertyValueSpecification","valueRequired":true,"valueName":"search_term_string"}}],"inLanguage":"fr-FR"}]}},"_links":{"self":[{"href":"https:\/\/storax.be\/fr\/wp-json\/wp\/v2\/product\/114752","targetHints":{"allow":["GET"]}}],"collection":[{"href":"https:\/\/storax.be\/fr\/wp-json\/wp\/v2\/product"}],"about":[{"href":"https:\/\/storax.be\/fr\/wp-json\/wp\/v2\/types\/product"}],"wp:featuredmedia":[{"embeddable":true,"href":"https:\/\/storax.be\/fr\/wp-json\/wp\/v2\/media\/111547"}],"wp:attachment":[{"href":"https:\/\/storax.be\/fr\/wp-json\/wp\/v2\/media?parent=114752"}],"wp:term":[{"taxonomy":"product_category","embeddable":true,"href":"https:\/\/storax.be\/fr\/wp-json\/wp\/v2\/product_category?post=114752"},{"taxonomy":"product_tag","embeddable":true,"href":"https:\/\/storax.be\/fr\/wp-json\/wp\/v2\/product_tag?post=114752"}],"curies":[{"name":"wp","href":"https:\/\/api.w.org\/{rel}","templated":true}]}}