{"id":114748,"date":"2022-07-14T12:53:01","date_gmt":"2022-07-14T12:53:01","guid":{"rendered":"https:\/\/storax.be\/?post_type=product&#038;p=114748"},"modified":"2024-05-16T07:37:53","modified_gmt":"2024-05-16T07:37:53","slug":"acrovyn-2000","status":"publish","type":"product","link":"https:\/\/storax.be\/fr\/producten\/acrovyn-protection-des-murs\/acrovyn-2000\/","title":{"rendered":"Acrovyn 2000"},"content":{"rendered":"<h2><b>Plaques Acrovyn pour l&rsquo;application d&rsquo;une protection murale plate, par exemple dans les couloirs et les salles d&rsquo;op\u00e9ration.<\/b><\/h2>\n<p><span style=\"font-weight: 400;\">Les plaques ont une \u00e9paisseur de 2\u00a0mm et leur format standard est de 1\u00a0300\u00a0x\u00a03\u00a0000\u00a0mm. La hauteur et la longueur souhait\u00e9es peuvent \u00eatre ajust\u00e9es \u00e0 l&rsquo;int\u00e9rieur de cette taille. Si vous le souhaitez, les c\u00f4t\u00e9s peuvent \u00eatre biseaut\u00e9s pour cr\u00e9er une transition progressive avec le mur. \u00c9galement disponible en<\/span> <a style=\"background-color: #ffffff; font-family: Poppins, sans-serif; font-size: 1rem; font-weight: 400;\" href=\"https:\/\/storax.be\/produits\/protection-murale-acrovyn\/bactericide\/\">version bact\u00e9ricide.<\/a><a style=\"background-color: #ffffff; font-family: Poppins, sans-serif; font-size: 1rem; font-weight: 400;\" href=\"bactericide\/466\/acrovyn%C2%AE-bactericide\">.<\/a><\/p>\n<p><span style=\"font-weight: 400;\"><strong>Montage:<\/strong><br \/>\n<\/span><span style=\"font-weight: 400;\">Storax cumule plus de 40\u00a0ann\u00e9es d&rsquo;exp\u00e9rience dans le conseil, la fourniture et l&rsquo;installation de protections murales, y compris les angles pli\u00e9s, les d\u00e9coupes, les protections des chambranles et les mains courantes.<\/span><\/p>\n","protected":false},"excerpt":{"rendered":"<p>Plaques Acrovyn pour l&rsquo;application d&rsquo;une protection murale plate, par exemple dans les couloirs et les salles d&rsquo;op\u00e9ration. Les plaques ont une \u00e9paisseur de 2\u00a0mm et leur format standard est de 1\u00a0300\u00a0x\u00a03\u00a0000\u00a0mm. La hauteur et la longueur souhait\u00e9es peuvent \u00eatre ajust\u00e9es \u00e0 l&rsquo;int\u00e9rieur de cette taille. Si vous le souhaitez, les c\u00f4t\u00e9s peuvent \u00eatre biseaut\u00e9s pour\u2026<\/p>\n","protected":false},"featured_media":106355,"template":"","meta":{"_acf_changed":false},"product_category":[612,652],"product_tag":[],"class_list":["post-114748","product","type-product","status-publish","has-post-thumbnail","hentry","product_category-protection-des-murs","product_category-acrovyn-protection-des-murs"],"acf":[],"yoast_head":"<!-- This site is optimized with the Yoast SEO plugin v27.3 - https:\/\/yoast.com\/product\/yoast-seo-wordpress\/ -->\n<title>Acrovyn 2000 - Storax Belgium<\/title>\n<meta name=\"robots\" content=\"index, follow, max-snippet:-1, max-image-preview:large, max-video-preview:-1\" \/>\n<link rel=\"canonical\" href=\"https:\/\/storax.be\/fr\/producten\/acrovyn-protection-des-murs\/acrovyn-2000\/\" \/>\n<meta property=\"og:locale\" content=\"fr_FR\" \/>\n<meta property=\"og:type\" content=\"article\" \/>\n<meta property=\"og:title\" content=\"Acrovyn 2000 - Storax Belgium\" \/>\n<meta property=\"og:description\" content=\"Plaques Acrovyn pour l&rsquo;application d&rsquo;une protection murale plate, par exemple dans les couloirs et les salles d&rsquo;op\u00e9ration. Les plaques ont une \u00e9paisseur de 2\u00a0mm et leur format standard est de 1\u00a0300\u00a0x\u00a03\u00a0000\u00a0mm. La hauteur et la longueur souhait\u00e9es peuvent \u00eatre ajust\u00e9es \u00e0 l&rsquo;int\u00e9rieur de cette taille. Si vous le souhaitez, les c\u00f4t\u00e9s peuvent \u00eatre biseaut\u00e9s pour\u2026\" \/>\n<meta property=\"og:url\" content=\"https:\/\/storax.be\/fr\/producten\/acrovyn-protection-des-murs\/acrovyn-2000\/\" \/>\n<meta property=\"og:site_name\" content=\"Storax Belgium\" \/>\n<meta property=\"article:modified_time\" content=\"2024-05-16T07:37:53+00:00\" \/>\n<meta property=\"og:image\" content=\"https:\/\/storax.be\/wp-content\/uploads\/sites\/2\/2019\/03\/thumb_270x270_501.jpg\" \/>\n\t<meta property=\"og:image:width\" content=\"270\" \/>\n\t<meta property=\"og:image:height\" content=\"270\" \/>\n\t<meta property=\"og:image:type\" content=\"image\/jpeg\" \/>\n<meta name=\"twitter:card\" content=\"summary_large_image\" \/>\n<meta name=\"twitter:label1\" content=\"Dur\u00e9e de lecture estim\u00e9e\" \/>\n\t<meta name=\"twitter:data1\" content=\"1 minute\" \/>\n<script type=\"application\/ld+json\" class=\"yoast-schema-graph\">{\"@context\":\"https:\\\/\\\/schema.org\",\"@graph\":[{\"@type\":\"WebPage\",\"@id\":\"https:\\\/\\\/storax.be\\\/fr\\\/producten\\\/acrovyn-protection-des-murs\\\/acrovyn-2000\\\/\",\"url\":\"https:\\\/\\\/storax.be\\\/fr\\\/producten\\\/acrovyn-protection-des-murs\\\/acrovyn-2000\\\/\",\"name\":\"Acrovyn 2000 - Storax Belgium\",\"isPartOf\":{\"@id\":\"https:\\\/\\\/storax.be\\\/fr\\\/#website\"},\"primaryImageOfPage\":{\"@id\":\"https:\\\/\\\/storax.be\\\/fr\\\/producten\\\/acrovyn-protection-des-murs\\\/acrovyn-2000\\\/#primaryimage\"},\"image\":{\"@id\":\"https:\\\/\\\/storax.be\\\/fr\\\/producten\\\/acrovyn-protection-des-murs\\\/acrovyn-2000\\\/#primaryimage\"},\"thumbnailUrl\":\"https:\\\/\\\/storax.be\\\/wp-content\\\/uploads\\\/sites\\\/2\\\/2019\\\/03\\\/thumb_270x270_501.jpg\",\"datePublished\":\"2022-07-14T12:53:01+00:00\",\"dateModified\":\"2024-05-16T07:37:53+00:00\",\"breadcrumb\":{\"@id\":\"https:\\\/\\\/storax.be\\\/fr\\\/producten\\\/acrovyn-protection-des-murs\\\/acrovyn-2000\\\/#breadcrumb\"},\"inLanguage\":\"fr-FR\",\"potentialAction\":[{\"@type\":\"ReadAction\",\"target\":[\"https:\\\/\\\/storax.be\\\/fr\\\/producten\\\/acrovyn-protection-des-murs\\\/acrovyn-2000\\\/\"]}]},{\"@type\":\"ImageObject\",\"inLanguage\":\"fr-FR\",\"@id\":\"https:\\\/\\\/storax.be\\\/fr\\\/producten\\\/acrovyn-protection-des-murs\\\/acrovyn-2000\\\/#primaryimage\",\"url\":\"https:\\\/\\\/storax.be\\\/wp-content\\\/uploads\\\/sites\\\/2\\\/2019\\\/03\\\/thumb_270x270_501.jpg\",\"contentUrl\":\"https:\\\/\\\/storax.be\\\/wp-content\\\/uploads\\\/sites\\\/2\\\/2019\\\/03\\\/thumb_270x270_501.jpg\",\"width\":270,\"height\":270},{\"@type\":\"BreadcrumbList\",\"@id\":\"https:\\\/\\\/storax.be\\\/fr\\\/producten\\\/acrovyn-protection-des-murs\\\/acrovyn-2000\\\/#breadcrumb\",\"itemListElement\":[{\"@type\":\"ListItem\",\"position\":1,\"name\":\"Home\",\"item\":\"https:\\\/\\\/storax.be\\\/fr\\\/\"},{\"@type\":\"ListItem\",\"position\":2,\"name\":\"Producten\",\"item\":\"https:\\\/\\\/storax.be\\\/fr\\\/producten\\\/%product_category%\\\/\"},{\"@type\":\"ListItem\",\"position\":3,\"name\":\"Protection des murs\",\"item\":\"https:\\\/\\\/storax.be\\\/fr\\\/producten\\\/protection-des-murs\\\/\"},{\"@type\":\"ListItem\",\"position\":4,\"name\":\"Protection des murs\",\"item\":\"https:\\\/\\\/storax.be\\\/fr\\\/producten\\\/acrovyn-protection-des-murs\\\/\"},{\"@type\":\"ListItem\",\"position\":5,\"name\":\"Acrovyn 2000\"}]},{\"@type\":\"WebSite\",\"@id\":\"https:\\\/\\\/storax.be\\\/fr\\\/#website\",\"url\":\"https:\\\/\\\/storax.be\\\/fr\\\/\",\"name\":\"Storax Belgium\",\"description\":\"Uw betrouwbare partner voor bouwprojecten\",\"potentialAction\":[{\"@type\":\"SearchAction\",\"target\":{\"@type\":\"EntryPoint\",\"urlTemplate\":\"https:\\\/\\\/storax.be\\\/fr\\\/?s={search_term_string}\"},\"query-input\":{\"@type\":\"PropertyValueSpecification\",\"valueRequired\":true,\"valueName\":\"search_term_string\"}}],\"inLanguage\":\"fr-FR\"}]}<\/script>\n<!-- \/ Yoast SEO plugin. -->","yoast_head_json":{"title":"Acrovyn 2000 - Storax Belgium","robots":{"index":"index","follow":"follow","max-snippet":"max-snippet:-1","max-image-preview":"max-image-preview:large","max-video-preview":"max-video-preview:-1"},"canonical":"https:\/\/storax.be\/fr\/producten\/acrovyn-protection-des-murs\/acrovyn-2000\/","og_locale":"fr_FR","og_type":"article","og_title":"Acrovyn 2000 - Storax Belgium","og_description":"Plaques Acrovyn pour l&rsquo;application d&rsquo;une protection murale plate, par exemple dans les couloirs et les salles d&rsquo;op\u00e9ration. Les plaques ont une \u00e9paisseur de 2\u00a0mm et leur format standard est de 1\u00a0300\u00a0x\u00a03\u00a0000\u00a0mm. La hauteur et la longueur souhait\u00e9es peuvent \u00eatre ajust\u00e9es \u00e0 l&rsquo;int\u00e9rieur de cette taille. Si vous le souhaitez, les c\u00f4t\u00e9s peuvent \u00eatre biseaut\u00e9s pour\u2026","og_url":"https:\/\/storax.be\/fr\/producten\/acrovyn-protection-des-murs\/acrovyn-2000\/","og_site_name":"Storax Belgium","article_modified_time":"2024-05-16T07:37:53+00:00","og_image":[{"width":270,"height":270,"url":"https:\/\/storax.be\/wp-content\/uploads\/sites\/2\/2019\/03\/thumb_270x270_501.jpg","type":"image\/jpeg"}],"twitter_card":"summary_large_image","twitter_misc":{"Dur\u00e9e de lecture estim\u00e9e":"1 minute"},"schema":{"@context":"https:\/\/schema.org","@graph":[{"@type":"WebPage","@id":"https:\/\/storax.be\/fr\/producten\/acrovyn-protection-des-murs\/acrovyn-2000\/","url":"https:\/\/storax.be\/fr\/producten\/acrovyn-protection-des-murs\/acrovyn-2000\/","name":"Acrovyn 2000 - Storax Belgium","isPartOf":{"@id":"https:\/\/storax.be\/fr\/#website"},"primaryImageOfPage":{"@id":"https:\/\/storax.be\/fr\/producten\/acrovyn-protection-des-murs\/acrovyn-2000\/#primaryimage"},"image":{"@id":"https:\/\/storax.be\/fr\/producten\/acrovyn-protection-des-murs\/acrovyn-2000\/#primaryimage"},"thumbnailUrl":"https:\/\/storax.be\/wp-content\/uploads\/sites\/2\/2019\/03\/thumb_270x270_501.jpg","datePublished":"2022-07-14T12:53:01+00:00","dateModified":"2024-05-16T07:37:53+00:00","breadcrumb":{"@id":"https:\/\/storax.be\/fr\/producten\/acrovyn-protection-des-murs\/acrovyn-2000\/#breadcrumb"},"inLanguage":"fr-FR","potentialAction":[{"@type":"ReadAction","target":["https:\/\/storax.be\/fr\/producten\/acrovyn-protection-des-murs\/acrovyn-2000\/"]}]},{"@type":"ImageObject","inLanguage":"fr-FR","@id":"https:\/\/storax.be\/fr\/producten\/acrovyn-protection-des-murs\/acrovyn-2000\/#primaryimage","url":"https:\/\/storax.be\/wp-content\/uploads\/sites\/2\/2019\/03\/thumb_270x270_501.jpg","contentUrl":"https:\/\/storax.be\/wp-content\/uploads\/sites\/2\/2019\/03\/thumb_270x270_501.jpg","width":270,"height":270},{"@type":"BreadcrumbList","@id":"https:\/\/storax.be\/fr\/producten\/acrovyn-protection-des-murs\/acrovyn-2000\/#breadcrumb","itemListElement":[{"@type":"ListItem","position":1,"name":"Home","item":"https:\/\/storax.be\/fr\/"},{"@type":"ListItem","position":2,"name":"Producten","item":"https:\/\/storax.be\/fr\/producten\/%product_category%\/"},{"@type":"ListItem","position":3,"name":"Protection des murs","item":"https:\/\/storax.be\/fr\/producten\/protection-des-murs\/"},{"@type":"ListItem","position":4,"name":"Protection des murs","item":"https:\/\/storax.be\/fr\/producten\/acrovyn-protection-des-murs\/"},{"@type":"ListItem","position":5,"name":"Acrovyn 2000"}]},{"@type":"WebSite","@id":"https:\/\/storax.be\/fr\/#website","url":"https:\/\/storax.be\/fr\/","name":"Storax Belgium","description":"Uw betrouwbare partner voor bouwprojecten","potentialAction":[{"@type":"SearchAction","target":{"@type":"EntryPoint","urlTemplate":"https:\/\/storax.be\/fr\/?s={search_term_string}"},"query-input":{"@type":"PropertyValueSpecification","valueRequired":true,"valueName":"search_term_string"}}],"inLanguage":"fr-FR"}]}},"_links":{"self":[{"href":"https:\/\/storax.be\/fr\/wp-json\/wp\/v2\/product\/114748","targetHints":{"allow":["GET"]}}],"collection":[{"href":"https:\/\/storax.be\/fr\/wp-json\/wp\/v2\/product"}],"about":[{"href":"https:\/\/storax.be\/fr\/wp-json\/wp\/v2\/types\/product"}],"wp:featuredmedia":[{"embeddable":true,"href":"https:\/\/storax.be\/fr\/wp-json\/wp\/v2\/media\/106355"}],"wp:attachment":[{"href":"https:\/\/storax.be\/fr\/wp-json\/wp\/v2\/media?parent=114748"}],"wp:term":[{"taxonomy":"product_category","embeddable":true,"href":"https:\/\/storax.be\/fr\/wp-json\/wp\/v2\/product_category?post=114748"},{"taxonomy":"product_tag","embeddable":true,"href":"https:\/\/storax.be\/fr\/wp-json\/wp\/v2\/product_tag?post=114748"}],"curies":[{"name":"wp","href":"https:\/\/api.w.org\/{rel}","templated":true}]}}