{"id":114747,"date":"2022-07-14T12:51:11","date_gmt":"2022-07-14T12:51:11","guid":{"rendered":"https:\/\/storax.be\/?post_type=product&#038;p=114747"},"modified":"2026-02-17T15:33:43","modified_gmt":"2026-02-17T15:33:43","slug":"stelatex-200-w-30","status":"publish","type":"product","link":"https:\/\/storax.be\/fr\/producten\/protection-des-murs\/stelatex-200-w-30\/","title":{"rendered":"Stelatex 200 W 30"},"content":{"rendered":"<h2><b>\u00c9lastom\u00e8re absorbant les chocs<\/b><\/h2>\n<p><span style=\"font-weight: 400;\">Les pare-chocs muraux STELATEX ont \u00e9t\u00e9 sp\u00e9cialement con\u00e7us pour prot\u00e9ger les murs expos\u00e9s aux dommages caus\u00e9s par les v\u00e9hicules tels que les camions et les chariots \u00e9l\u00e9vateurs.<\/span><\/p>\n<p><span style=\"font-weight: 400;\"><strong>Application<\/strong><br \/>\n<\/span><span style=\"font-weight: 400;\">Le pare-chocs de type 200 W 30 peut \u00eatre install\u00e9 autour des colonnes et dans les virages au moyen d&rsquo;une bande de tension en acier. Une bande autoadh\u00e9sive r\u00e9fl\u00e9chissante peut \u00e9galement \u00eatre appliqu\u00e9e. Les pare-chocs 60 B et 75 D sont destin\u00e9s \u00e0 une utilisation horizontale ou verticale sur des surfaces planes ou tr\u00e8s l\u00e9g\u00e8rement incurv\u00e9es. Ils peuvent \u00e9galement \u00eatre mont\u00e9s \u00e0 l&rsquo;arri\u00e8re des v\u00e9hicules.<\/span><\/p>\n<p><span style=\"font-weight: 400;\">Les pare-chocs muraux Stelatex peuvent \u00eatre utilis\u00e9s en combinaison avec les corni\u00e8res Stelatex.<\/span><\/p>\n","protected":false},"excerpt":{"rendered":"<p>\u00c9lastom\u00e8re absorbant les chocs Les pare-chocs muraux STELATEX ont \u00e9t\u00e9 sp\u00e9cialement con\u00e7us pour prot\u00e9ger les murs expos\u00e9s aux dommages caus\u00e9s par les v\u00e9hicules tels que les camions et les chariots \u00e9l\u00e9vateurs. Application Le pare-chocs de type 200 W 30 peut \u00eatre install\u00e9 autour des colonnes et dans les virages au moyen d&rsquo;une bande de tension\u2026<\/p>\n","protected":false},"featured_media":122229,"template":"","meta":{"_acf_changed":true},"product_category":[622,612],"product_tag":[899,895],"class_list":["post-114747","product","type-product","status-publish","has-post-thumbnail","hentry","product_category-acrovyn-pare-chocs","product_category-protection-des-murs","product_tag-epdm-stootlijst-fr","product_tag-stootlijst-200-mm-fr"],"acf":[],"yoast_head":"<!-- This site is optimized with the Yoast SEO plugin v27.3 - https:\/\/yoast.com\/product\/yoast-seo-wordpress\/ -->\n<title>Stelatex 200 W 30 - Storax Belgium<\/title>\n<meta name=\"robots\" content=\"index, follow, max-snippet:-1, max-image-preview:large, max-video-preview:-1\" \/>\n<link rel=\"canonical\" href=\"https:\/\/storax.be\/fr\/producten\/protection-des-murs\/stelatex-200-w-30\/\" \/>\n<meta property=\"og:locale\" content=\"fr_FR\" \/>\n<meta property=\"og:type\" content=\"article\" \/>\n<meta property=\"og:title\" content=\"Stelatex 200 W 30 - Storax Belgium\" \/>\n<meta property=\"og:description\" content=\"\u00c9lastom\u00e8re absorbant les chocs Les pare-chocs muraux STELATEX ont \u00e9t\u00e9 sp\u00e9cialement con\u00e7us pour prot\u00e9ger les murs expos\u00e9s aux dommages caus\u00e9s par les v\u00e9hicules tels que les camions et les chariots \u00e9l\u00e9vateurs. Application Le pare-chocs de type 200 W 30 peut \u00eatre install\u00e9 autour des colonnes et dans les virages au moyen d&rsquo;une bande de tension\u2026\" \/>\n<meta property=\"og:url\" content=\"https:\/\/storax.be\/fr\/producten\/protection-des-murs\/stelatex-200-w-30\/\" \/>\n<meta property=\"og:site_name\" content=\"Storax Belgium\" \/>\n<meta property=\"article:modified_time\" content=\"2026-02-17T15:33:43+00:00\" \/>\n<meta property=\"og:image\" content=\"https:\/\/storax.be\/wp-content\/uploads\/sites\/2\/2019\/03\/200W-Series-1.png\" \/>\n\t<meta property=\"og:image:width\" content=\"470\" \/>\n\t<meta property=\"og:image:height\" content=\"470\" \/>\n\t<meta property=\"og:image:type\" content=\"image\/png\" \/>\n<meta name=\"twitter:card\" content=\"summary_large_image\" \/>\n<meta name=\"twitter:label1\" content=\"Dur\u00e9e de lecture estim\u00e9e\" \/>\n\t<meta name=\"twitter:data1\" content=\"1 minute\" \/>\n<script type=\"application\/ld+json\" class=\"yoast-schema-graph\">{\"@context\":\"https:\\\/\\\/schema.org\",\"@graph\":[{\"@type\":\"WebPage\",\"@id\":\"https:\\\/\\\/storax.be\\\/fr\\\/producten\\\/protection-des-murs\\\/stelatex-200-w-30\\\/\",\"url\":\"https:\\\/\\\/storax.be\\\/fr\\\/producten\\\/protection-des-murs\\\/stelatex-200-w-30\\\/\",\"name\":\"Stelatex 200 W 30 - Storax Belgium\",\"isPartOf\":{\"@id\":\"https:\\\/\\\/storax.be\\\/fr\\\/#website\"},\"primaryImageOfPage\":{\"@id\":\"https:\\\/\\\/storax.be\\\/fr\\\/producten\\\/protection-des-murs\\\/stelatex-200-w-30\\\/#primaryimage\"},\"image\":{\"@id\":\"https:\\\/\\\/storax.be\\\/fr\\\/producten\\\/protection-des-murs\\\/stelatex-200-w-30\\\/#primaryimage\"},\"thumbnailUrl\":\"https:\\\/\\\/storax.be\\\/wp-content\\\/uploads\\\/sites\\\/2\\\/2019\\\/03\\\/200W-Series-1.png\",\"datePublished\":\"2022-07-14T12:51:11+00:00\",\"dateModified\":\"2026-02-17T15:33:43+00:00\",\"breadcrumb\":{\"@id\":\"https:\\\/\\\/storax.be\\\/fr\\\/producten\\\/protection-des-murs\\\/stelatex-200-w-30\\\/#breadcrumb\"},\"inLanguage\":\"fr-FR\",\"potentialAction\":[{\"@type\":\"ReadAction\",\"target\":[\"https:\\\/\\\/storax.be\\\/fr\\\/producten\\\/protection-des-murs\\\/stelatex-200-w-30\\\/\"]}]},{\"@type\":\"ImageObject\",\"inLanguage\":\"fr-FR\",\"@id\":\"https:\\\/\\\/storax.be\\\/fr\\\/producten\\\/protection-des-murs\\\/stelatex-200-w-30\\\/#primaryimage\",\"url\":\"https:\\\/\\\/storax.be\\\/wp-content\\\/uploads\\\/sites\\\/2\\\/2019\\\/03\\\/200W-Series-1.png\",\"contentUrl\":\"https:\\\/\\\/storax.be\\\/wp-content\\\/uploads\\\/sites\\\/2\\\/2019\\\/03\\\/200W-Series-1.png\",\"width\":470,\"height\":470,\"caption\":\"aanrijdbeveiliging stootrand logistieke ruimten\"},{\"@type\":\"BreadcrumbList\",\"@id\":\"https:\\\/\\\/storax.be\\\/fr\\\/producten\\\/protection-des-murs\\\/stelatex-200-w-30\\\/#breadcrumb\",\"itemListElement\":[{\"@type\":\"ListItem\",\"position\":1,\"name\":\"Home\",\"item\":\"https:\\\/\\\/storax.be\\\/fr\\\/\"},{\"@type\":\"ListItem\",\"position\":2,\"name\":\"Producten\",\"item\":\"https:\\\/\\\/storax.be\\\/fr\\\/producten\\\/%product_category%\\\/\"},{\"@type\":\"ListItem\",\"position\":3,\"name\":\"Protection des murs\",\"item\":\"https:\\\/\\\/storax.be\\\/fr\\\/producten\\\/protection-des-murs\\\/\"},{\"@type\":\"ListItem\",\"position\":4,\"name\":\"Stelatex 200 W 30\"}]},{\"@type\":\"WebSite\",\"@id\":\"https:\\\/\\\/storax.be\\\/fr\\\/#website\",\"url\":\"https:\\\/\\\/storax.be\\\/fr\\\/\",\"name\":\"Storax Belgium\",\"description\":\"Uw betrouwbare partner voor bouwprojecten\",\"potentialAction\":[{\"@type\":\"SearchAction\",\"target\":{\"@type\":\"EntryPoint\",\"urlTemplate\":\"https:\\\/\\\/storax.be\\\/fr\\\/?s={search_term_string}\"},\"query-input\":{\"@type\":\"PropertyValueSpecification\",\"valueRequired\":true,\"valueName\":\"search_term_string\"}}],\"inLanguage\":\"fr-FR\"}]}<\/script>\n<!-- \/ Yoast SEO plugin. -->","yoast_head_json":{"title":"Stelatex 200 W 30 - Storax Belgium","robots":{"index":"index","follow":"follow","max-snippet":"max-snippet:-1","max-image-preview":"max-image-preview:large","max-video-preview":"max-video-preview:-1"},"canonical":"https:\/\/storax.be\/fr\/producten\/protection-des-murs\/stelatex-200-w-30\/","og_locale":"fr_FR","og_type":"article","og_title":"Stelatex 200 W 30 - Storax Belgium","og_description":"\u00c9lastom\u00e8re absorbant les chocs Les pare-chocs muraux STELATEX ont \u00e9t\u00e9 sp\u00e9cialement con\u00e7us pour prot\u00e9ger les murs expos\u00e9s aux dommages caus\u00e9s par les v\u00e9hicules tels que les camions et les chariots \u00e9l\u00e9vateurs. Application Le pare-chocs de type 200 W 30 peut \u00eatre install\u00e9 autour des colonnes et dans les virages au moyen d&rsquo;une bande de tension\u2026","og_url":"https:\/\/storax.be\/fr\/producten\/protection-des-murs\/stelatex-200-w-30\/","og_site_name":"Storax Belgium","article_modified_time":"2026-02-17T15:33:43+00:00","og_image":[{"width":470,"height":470,"url":"https:\/\/storax.be\/wp-content\/uploads\/sites\/2\/2019\/03\/200W-Series-1.png","type":"image\/png"}],"twitter_card":"summary_large_image","twitter_misc":{"Dur\u00e9e de lecture estim\u00e9e":"1 minute"},"schema":{"@context":"https:\/\/schema.org","@graph":[{"@type":"WebPage","@id":"https:\/\/storax.be\/fr\/producten\/protection-des-murs\/stelatex-200-w-30\/","url":"https:\/\/storax.be\/fr\/producten\/protection-des-murs\/stelatex-200-w-30\/","name":"Stelatex 200 W 30 - Storax Belgium","isPartOf":{"@id":"https:\/\/storax.be\/fr\/#website"},"primaryImageOfPage":{"@id":"https:\/\/storax.be\/fr\/producten\/protection-des-murs\/stelatex-200-w-30\/#primaryimage"},"image":{"@id":"https:\/\/storax.be\/fr\/producten\/protection-des-murs\/stelatex-200-w-30\/#primaryimage"},"thumbnailUrl":"https:\/\/storax.be\/wp-content\/uploads\/sites\/2\/2019\/03\/200W-Series-1.png","datePublished":"2022-07-14T12:51:11+00:00","dateModified":"2026-02-17T15:33:43+00:00","breadcrumb":{"@id":"https:\/\/storax.be\/fr\/producten\/protection-des-murs\/stelatex-200-w-30\/#breadcrumb"},"inLanguage":"fr-FR","potentialAction":[{"@type":"ReadAction","target":["https:\/\/storax.be\/fr\/producten\/protection-des-murs\/stelatex-200-w-30\/"]}]},{"@type":"ImageObject","inLanguage":"fr-FR","@id":"https:\/\/storax.be\/fr\/producten\/protection-des-murs\/stelatex-200-w-30\/#primaryimage","url":"https:\/\/storax.be\/wp-content\/uploads\/sites\/2\/2019\/03\/200W-Series-1.png","contentUrl":"https:\/\/storax.be\/wp-content\/uploads\/sites\/2\/2019\/03\/200W-Series-1.png","width":470,"height":470,"caption":"aanrijdbeveiliging stootrand logistieke ruimten"},{"@type":"BreadcrumbList","@id":"https:\/\/storax.be\/fr\/producten\/protection-des-murs\/stelatex-200-w-30\/#breadcrumb","itemListElement":[{"@type":"ListItem","position":1,"name":"Home","item":"https:\/\/storax.be\/fr\/"},{"@type":"ListItem","position":2,"name":"Producten","item":"https:\/\/storax.be\/fr\/producten\/%product_category%\/"},{"@type":"ListItem","position":3,"name":"Protection des murs","item":"https:\/\/storax.be\/fr\/producten\/protection-des-murs\/"},{"@type":"ListItem","position":4,"name":"Stelatex 200 W 30"}]},{"@type":"WebSite","@id":"https:\/\/storax.be\/fr\/#website","url":"https:\/\/storax.be\/fr\/","name":"Storax Belgium","description":"Uw betrouwbare partner voor bouwprojecten","potentialAction":[{"@type":"SearchAction","target":{"@type":"EntryPoint","urlTemplate":"https:\/\/storax.be\/fr\/?s={search_term_string}"},"query-input":{"@type":"PropertyValueSpecification","valueRequired":true,"valueName":"search_term_string"}}],"inLanguage":"fr-FR"}]}},"_links":{"self":[{"href":"https:\/\/storax.be\/fr\/wp-json\/wp\/v2\/product\/114747","targetHints":{"allow":["GET"]}}],"collection":[{"href":"https:\/\/storax.be\/fr\/wp-json\/wp\/v2\/product"}],"about":[{"href":"https:\/\/storax.be\/fr\/wp-json\/wp\/v2\/types\/product"}],"wp:featuredmedia":[{"embeddable":true,"href":"https:\/\/storax.be\/fr\/wp-json\/wp\/v2\/media\/122229"}],"wp:attachment":[{"href":"https:\/\/storax.be\/fr\/wp-json\/wp\/v2\/media?parent=114747"}],"wp:term":[{"taxonomy":"product_category","embeddable":true,"href":"https:\/\/storax.be\/fr\/wp-json\/wp\/v2\/product_category?post=114747"},{"taxonomy":"product_tag","embeddable":true,"href":"https:\/\/storax.be\/fr\/wp-json\/wp\/v2\/product_tag?post=114747"}],"curies":[{"name":"wp","href":"https:\/\/api.w.org\/{rel}","templated":true}]}}