{"id":114742,"date":"2022-07-14T12:28:49","date_gmt":"2022-07-14T12:28:49","guid":{"rendered":"https:\/\/storax.be\/?post_type=product&#038;p=114742"},"modified":"2024-05-16T07:37:51","modified_gmt":"2024-05-16T07:37:51","slug":"acrovyn-tp-200","status":"publish","type":"product","link":"https:\/\/storax.be\/fr\/producten\/protection-des-murs\/acrovyn-tp-200\/","title":{"rendered":"Acrovyn TP-200"},"content":{"rendered":"<h2><b>Pare-chocs esth\u00e9tique<\/b><\/h2>\n<p><span style=\"font-weight: 400;\">Profil\u00e9 de protection extrud\u00e9 en plastique \u00e0 base de vinyle r\u00e9sistant aux chocs, \u00e0 structure granitique, qui se fixe directement au mur au moyen d&rsquo;une colle de montage.<\/p>\n<p><\/span><span style=\"font-weight: 400;\"><strong>Application<\/strong><br \/>\n<\/span><span style=\"font-weight: 400;\">Partout o\u00f9 les fauteuils roulants, les brancards, les lits, les chariots de service, etc. endommagent les coins, les murs, les chambranles et les colonnes dans les h\u00f4pitaux, les maisons de repos et de soins, les restaurants, les bureaux, les supermarch\u00e9s, les banques, les h\u00f4tels, les \u00e9coles, les piscines, les salles de sport, les casernes, etc.<\/span><\/p>\n<p><span style=\"font-weight: 400;\"><strong>Montage:<\/strong><br \/>\n<\/span><span style=\"font-weight: 400;\">Storax cumule plus de 40\u00a0ann\u00e9es d&rsquo;exp\u00e9rience dans le conseil, la fourniture et l&rsquo;installation de protections murales, y compris les angles pli\u00e9s, les d\u00e9coupes, les protections des chambranles et les mains courantes.<\/span><\/p>\n","protected":false},"excerpt":{"rendered":"<p>Pare-chocs esth\u00e9tique Profil\u00e9 de protection extrud\u00e9 en plastique \u00e0 base de vinyle r\u00e9sistant aux chocs, \u00e0 structure granitique, qui se fixe directement au mur au moyen d&rsquo;une colle de montage. Application Partout o\u00f9 les fauteuils roulants, les brancards, les lits, les chariots de service, etc. endommagent les coins, les murs, les chambranles et les colonnes\u2026<\/p>\n","protected":false},"featured_media":121906,"template":"","meta":{"_acf_changed":false},"product_category":[622,612],"product_tag":[895,896],"class_list":["post-114742","product","type-product","status-publish","has-post-thumbnail","hentry","product_category-acrovyn-pare-chocs","product_category-protection-des-murs","product_tag-stootlijst-200-mm-fr","product_tag-stootvast-en-krasvrije-acrovyn-beschermlaag-fr"],"acf":[],"yoast_head":"<!-- This site is optimized with the Yoast SEO plugin v27.3 - https:\/\/yoast.com\/product\/yoast-seo-wordpress\/ -->\n<title>Acrovyn TP-200 - Storax Belgium<\/title>\n<meta name=\"robots\" content=\"index, follow, max-snippet:-1, max-image-preview:large, max-video-preview:-1\" \/>\n<link rel=\"canonical\" href=\"https:\/\/storax.be\/fr\/producten\/protection-des-murs\/acrovyn-tp-200\/\" \/>\n<meta property=\"og:locale\" content=\"fr_FR\" \/>\n<meta property=\"og:type\" content=\"article\" \/>\n<meta property=\"og:title\" content=\"Acrovyn TP-200 - Storax Belgium\" \/>\n<meta property=\"og:description\" content=\"Pare-chocs esth\u00e9tique Profil\u00e9 de protection extrud\u00e9 en plastique \u00e0 base de vinyle r\u00e9sistant aux chocs, \u00e0 structure granitique, qui se fixe directement au mur au moyen d&rsquo;une colle de montage. Application Partout o\u00f9 les fauteuils roulants, les brancards, les lits, les chariots de service, etc. endommagent les coins, les murs, les chambranles et les colonnes\u2026\" \/>\n<meta property=\"og:url\" content=\"https:\/\/storax.be\/fr\/producten\/protection-des-murs\/acrovyn-tp-200\/\" \/>\n<meta property=\"og:site_name\" content=\"Storax Belgium\" \/>\n<meta property=\"article:modified_time\" content=\"2024-05-16T07:37:51+00:00\" \/>\n<meta property=\"og:image\" content=\"https:\/\/storax.be\/wp-content\/uploads\/sites\/2\/2019\/03\/thumb_270x270_160-1.jpg\" \/>\n\t<meta property=\"og:image:width\" content=\"270\" \/>\n\t<meta property=\"og:image:height\" content=\"270\" \/>\n\t<meta property=\"og:image:type\" content=\"image\/jpeg\" \/>\n<meta name=\"twitter:card\" content=\"summary_large_image\" \/>\n<meta name=\"twitter:label1\" content=\"Dur\u00e9e de lecture estim\u00e9e\" \/>\n\t<meta name=\"twitter:data1\" content=\"1 minute\" \/>\n<script type=\"application\/ld+json\" class=\"yoast-schema-graph\">{\"@context\":\"https:\\\/\\\/schema.org\",\"@graph\":[{\"@type\":\"WebPage\",\"@id\":\"https:\\\/\\\/storax.be\\\/fr\\\/producten\\\/protection-des-murs\\\/acrovyn-tp-200\\\/\",\"url\":\"https:\\\/\\\/storax.be\\\/fr\\\/producten\\\/protection-des-murs\\\/acrovyn-tp-200\\\/\",\"name\":\"Acrovyn TP-200 - Storax Belgium\",\"isPartOf\":{\"@id\":\"https:\\\/\\\/storax.be\\\/fr\\\/#website\"},\"primaryImageOfPage\":{\"@id\":\"https:\\\/\\\/storax.be\\\/fr\\\/producten\\\/protection-des-murs\\\/acrovyn-tp-200\\\/#primaryimage\"},\"image\":{\"@id\":\"https:\\\/\\\/storax.be\\\/fr\\\/producten\\\/protection-des-murs\\\/acrovyn-tp-200\\\/#primaryimage\"},\"thumbnailUrl\":\"https:\\\/\\\/storax.be\\\/wp-content\\\/uploads\\\/sites\\\/2\\\/2019\\\/03\\\/Acrovyn-smalle-stootlijst-TP200-1.png\",\"datePublished\":\"2022-07-14T12:28:49+00:00\",\"dateModified\":\"2024-05-16T07:37:51+00:00\",\"breadcrumb\":{\"@id\":\"https:\\\/\\\/storax.be\\\/fr\\\/producten\\\/protection-des-murs\\\/acrovyn-tp-200\\\/#breadcrumb\"},\"inLanguage\":\"fr-FR\",\"potentialAction\":[{\"@type\":\"ReadAction\",\"target\":[\"https:\\\/\\\/storax.be\\\/fr\\\/producten\\\/protection-des-murs\\\/acrovyn-tp-200\\\/\"]}]},{\"@type\":\"ImageObject\",\"inLanguage\":\"fr-FR\",\"@id\":\"https:\\\/\\\/storax.be\\\/fr\\\/producten\\\/protection-des-murs\\\/acrovyn-tp-200\\\/#primaryimage\",\"url\":\"https:\\\/\\\/storax.be\\\/wp-content\\\/uploads\\\/sites\\\/2\\\/2019\\\/03\\\/Acrovyn-smalle-stootlijst-TP200-1.png\",\"contentUrl\":\"https:\\\/\\\/storax.be\\\/wp-content\\\/uploads\\\/sites\\\/2\\\/2019\\\/03\\\/Acrovyn-smalle-stootlijst-TP200-1.png\",\"width\":470,\"height\":470,\"caption\":\"Acrovyn-smalle-stootlijst-TP200-1\"},{\"@type\":\"BreadcrumbList\",\"@id\":\"https:\\\/\\\/storax.be\\\/fr\\\/producten\\\/protection-des-murs\\\/acrovyn-tp-200\\\/#breadcrumb\",\"itemListElement\":[{\"@type\":\"ListItem\",\"position\":1,\"name\":\"Home\",\"item\":\"https:\\\/\\\/storax.be\\\/fr\\\/\"},{\"@type\":\"ListItem\",\"position\":2,\"name\":\"Producten\",\"item\":\"https:\\\/\\\/storax.be\\\/fr\\\/producten\\\/%product_category%\\\/\"},{\"@type\":\"ListItem\",\"position\":3,\"name\":\"Protection des murs\",\"item\":\"https:\\\/\\\/storax.be\\\/fr\\\/producten\\\/protection-des-murs\\\/\"},{\"@type\":\"ListItem\",\"position\":4,\"name\":\"Pare-chocs\",\"item\":\"https:\\\/\\\/storax.be\\\/fr\\\/producten\\\/acrovyn-pare-chocs\\\/\"},{\"@type\":\"ListItem\",\"position\":5,\"name\":\"Acrovyn TP-200\"}]},{\"@type\":\"WebSite\",\"@id\":\"https:\\\/\\\/storax.be\\\/fr\\\/#website\",\"url\":\"https:\\\/\\\/storax.be\\\/fr\\\/\",\"name\":\"Storax Belgium\",\"description\":\"Uw betrouwbare partner voor bouwprojecten\",\"potentialAction\":[{\"@type\":\"SearchAction\",\"target\":{\"@type\":\"EntryPoint\",\"urlTemplate\":\"https:\\\/\\\/storax.be\\\/fr\\\/?s={search_term_string}\"},\"query-input\":{\"@type\":\"PropertyValueSpecification\",\"valueRequired\":true,\"valueName\":\"search_term_string\"}}],\"inLanguage\":\"fr-FR\"}]}<\/script>\n<!-- \/ Yoast SEO plugin. -->","yoast_head_json":{"title":"Acrovyn TP-200 - Storax Belgium","robots":{"index":"index","follow":"follow","max-snippet":"max-snippet:-1","max-image-preview":"max-image-preview:large","max-video-preview":"max-video-preview:-1"},"canonical":"https:\/\/storax.be\/fr\/producten\/protection-des-murs\/acrovyn-tp-200\/","og_locale":"fr_FR","og_type":"article","og_title":"Acrovyn TP-200 - Storax Belgium","og_description":"Pare-chocs esth\u00e9tique Profil\u00e9 de protection extrud\u00e9 en plastique \u00e0 base de vinyle r\u00e9sistant aux chocs, \u00e0 structure granitique, qui se fixe directement au mur au moyen d&rsquo;une colle de montage. Application Partout o\u00f9 les fauteuils roulants, les brancards, les lits, les chariots de service, etc. endommagent les coins, les murs, les chambranles et les colonnes\u2026","og_url":"https:\/\/storax.be\/fr\/producten\/protection-des-murs\/acrovyn-tp-200\/","og_site_name":"Storax Belgium","article_modified_time":"2024-05-16T07:37:51+00:00","og_image":[{"width":270,"height":270,"url":"https:\/\/storax.be\/wp-content\/uploads\/sites\/2\/2019\/03\/thumb_270x270_160-1.jpg","type":"image\/jpeg"}],"twitter_card":"summary_large_image","twitter_misc":{"Dur\u00e9e de lecture estim\u00e9e":"1 minute"},"schema":{"@context":"https:\/\/schema.org","@graph":[{"@type":"WebPage","@id":"https:\/\/storax.be\/fr\/producten\/protection-des-murs\/acrovyn-tp-200\/","url":"https:\/\/storax.be\/fr\/producten\/protection-des-murs\/acrovyn-tp-200\/","name":"Acrovyn TP-200 - Storax Belgium","isPartOf":{"@id":"https:\/\/storax.be\/fr\/#website"},"primaryImageOfPage":{"@id":"https:\/\/storax.be\/fr\/producten\/protection-des-murs\/acrovyn-tp-200\/#primaryimage"},"image":{"@id":"https:\/\/storax.be\/fr\/producten\/protection-des-murs\/acrovyn-tp-200\/#primaryimage"},"thumbnailUrl":"https:\/\/storax.be\/wp-content\/uploads\/sites\/2\/2019\/03\/Acrovyn-smalle-stootlijst-TP200-1.png","datePublished":"2022-07-14T12:28:49+00:00","dateModified":"2024-05-16T07:37:51+00:00","breadcrumb":{"@id":"https:\/\/storax.be\/fr\/producten\/protection-des-murs\/acrovyn-tp-200\/#breadcrumb"},"inLanguage":"fr-FR","potentialAction":[{"@type":"ReadAction","target":["https:\/\/storax.be\/fr\/producten\/protection-des-murs\/acrovyn-tp-200\/"]}]},{"@type":"ImageObject","inLanguage":"fr-FR","@id":"https:\/\/storax.be\/fr\/producten\/protection-des-murs\/acrovyn-tp-200\/#primaryimage","url":"https:\/\/storax.be\/wp-content\/uploads\/sites\/2\/2019\/03\/Acrovyn-smalle-stootlijst-TP200-1.png","contentUrl":"https:\/\/storax.be\/wp-content\/uploads\/sites\/2\/2019\/03\/Acrovyn-smalle-stootlijst-TP200-1.png","width":470,"height":470,"caption":"Acrovyn-smalle-stootlijst-TP200-1"},{"@type":"BreadcrumbList","@id":"https:\/\/storax.be\/fr\/producten\/protection-des-murs\/acrovyn-tp-200\/#breadcrumb","itemListElement":[{"@type":"ListItem","position":1,"name":"Home","item":"https:\/\/storax.be\/fr\/"},{"@type":"ListItem","position":2,"name":"Producten","item":"https:\/\/storax.be\/fr\/producten\/%product_category%\/"},{"@type":"ListItem","position":3,"name":"Protection des murs","item":"https:\/\/storax.be\/fr\/producten\/protection-des-murs\/"},{"@type":"ListItem","position":4,"name":"Pare-chocs","item":"https:\/\/storax.be\/fr\/producten\/acrovyn-pare-chocs\/"},{"@type":"ListItem","position":5,"name":"Acrovyn TP-200"}]},{"@type":"WebSite","@id":"https:\/\/storax.be\/fr\/#website","url":"https:\/\/storax.be\/fr\/","name":"Storax Belgium","description":"Uw betrouwbare partner voor bouwprojecten","potentialAction":[{"@type":"SearchAction","target":{"@type":"EntryPoint","urlTemplate":"https:\/\/storax.be\/fr\/?s={search_term_string}"},"query-input":{"@type":"PropertyValueSpecification","valueRequired":true,"valueName":"search_term_string"}}],"inLanguage":"fr-FR"}]}},"_links":{"self":[{"href":"https:\/\/storax.be\/fr\/wp-json\/wp\/v2\/product\/114742","targetHints":{"allow":["GET"]}}],"collection":[{"href":"https:\/\/storax.be\/fr\/wp-json\/wp\/v2\/product"}],"about":[{"href":"https:\/\/storax.be\/fr\/wp-json\/wp\/v2\/types\/product"}],"wp:featuredmedia":[{"embeddable":true,"href":"https:\/\/storax.be\/fr\/wp-json\/wp\/v2\/media\/121906"}],"wp:attachment":[{"href":"https:\/\/storax.be\/fr\/wp-json\/wp\/v2\/media?parent=114742"}],"wp:term":[{"taxonomy":"product_category","embeddable":true,"href":"https:\/\/storax.be\/fr\/wp-json\/wp\/v2\/product_category?post=114742"},{"taxonomy":"product_tag","embeddable":true,"href":"https:\/\/storax.be\/fr\/wp-json\/wp\/v2\/product_tag?post=114742"}],"curies":[{"name":"wp","href":"https:\/\/api.w.org\/{rel}","templated":true}]}}