{"id":114734,"date":"2022-07-14T11:55:04","date_gmt":"2022-07-14T11:55:04","guid":{"rendered":"https:\/\/storax.be\/?post_type=product&#038;p=114734"},"modified":"2024-05-16T07:37:50","modified_gmt":"2024-05-16T07:37:50","slug":"acrovyn-ar-170e","status":"publish","type":"product","link":"https:\/\/storax.be\/fr\/producten\/protection-des-murs\/acrovyn-ar-170e\/","title":{"rendered":"Acrovyn AR-170E"},"content":{"rendered":"<h2><b>Pare-chocs esth\u00e9tique<\/b><\/h2>\n<p><span style=\"font-weight: 400;\">Supports en aluminium \u00e0 fixer directement au mur. Un profil\u00e9 de protection en vinyle est encliquet\u00e9 sur les profil\u00e9s inf\u00e9rieurs. Gr\u00e2ce au syst\u00e8me de clics, les profil\u00e9s en vinyle ont un effet \u00e9lastique et amortissant, qui permet aux impacts d&rsquo;\u00eatre absorb\u00e9s sans endommager la surface.<\/span><\/p>\n<p><strong>Application<br \/>\n<\/strong><span style=\"font-weight: 400;\">Partout o\u00f9 les fauteuils roulants, les brancards, les lits, les chariots de service, etc. endommagent les coins, les murs, les chambranles et les colonnes dans les h\u00f4pitaux, les maisons de repos et de soins, les restaurants, les bureaux, les supermarch\u00e9s, les banques, les h\u00f4tels, les \u00e9coles, les piscines, les salles de sport, les casernes, etc.<\/span><\/p>\n<p><strong>Avantages<\/strong><\/p>\n<ul>\n<li style=\"font-weight: 400;\" aria-level=\"1\"><span style=\"font-weight: 400;\">construction robuste et sans entretien<\/span><\/li>\n<li style=\"font-weight: 400;\" aria-level=\"1\"><span style=\"font-weight: 400;\">design esth\u00e9tique avec fixation invisible<\/span><\/li>\n<li style=\"font-weight: 400;\" aria-level=\"1\"><span style=\"font-weight: 400;\">s\u00fbr en raison de sa forme arrondie et de l&rsquo;absence de vis sur la surface<\/span><\/li>\n<\/ul>\n<p><span style=\"font-weight: 400;\"><strong>Longueur standard:<\/strong> <\/span><span style=\"font-weight: 400;\">4000 mm<\/span><\/p>\n<p><strong>Montage:<br \/>\n<\/strong><span style=\"font-weight: 400;\">Storax cumule plus de 40\u00a0ann\u00e9es d&rsquo;exp\u00e9rience dans le conseil, la fourniture et l&rsquo;installation de protections murales, y compris les angles pli\u00e9s, les d\u00e9coupes, les protections des chambranles et les mains courantes.<\/span><\/p>\n","protected":false},"excerpt":{"rendered":"<p>Pare-chocs esth\u00e9tique Supports en aluminium \u00e0 fixer directement au mur. Un profil\u00e9 de protection en vinyle est encliquet\u00e9 sur les profil\u00e9s inf\u00e9rieurs. Gr\u00e2ce au syst\u00e8me de clics, les profil\u00e9s en vinyle ont un effet \u00e9lastique et amortissant, qui permet aux impacts d&rsquo;\u00eatre absorb\u00e9s sans endommager la surface. Application Partout o\u00f9 les fauteuils roulants, les brancards,\u2026<\/p>\n","protected":false},"featured_media":122694,"template":"","meta":{"_acf_changed":false},"product_category":[622,612],"product_tag":[894,896],"class_list":["post-114734","product","type-product","status-publish","has-post-thumbnail","hentry","product_category-acrovyn-pare-chocs","product_category-protection-des-murs","product_tag-kunststof-stootlijst-fr","product_tag-stootvast-en-krasvrije-acrovyn-beschermlaag-fr"],"acf":[],"yoast_head":"<!-- This site is optimized with the Yoast SEO plugin v27.3 - https:\/\/yoast.com\/product\/yoast-seo-wordpress\/ -->\n<title>Acrovyn AR-170E - Storax Belgium<\/title>\n<meta name=\"robots\" content=\"index, follow, max-snippet:-1, max-image-preview:large, max-video-preview:-1\" \/>\n<link rel=\"canonical\" href=\"https:\/\/storax.be\/fr\/producten\/protection-des-murs\/acrovyn-ar-170e\/\" \/>\n<meta property=\"og:locale\" content=\"fr_FR\" \/>\n<meta property=\"og:type\" content=\"article\" \/>\n<meta property=\"og:title\" content=\"Acrovyn AR-170E - Storax Belgium\" \/>\n<meta property=\"og:description\" content=\"Pare-chocs esth\u00e9tique Supports en aluminium \u00e0 fixer directement au mur. Un profil\u00e9 de protection en vinyle est encliquet\u00e9 sur les profil\u00e9s inf\u00e9rieurs. Gr\u00e2ce au syst\u00e8me de clics, les profil\u00e9s en vinyle ont un effet \u00e9lastique et amortissant, qui permet aux impacts d&rsquo;\u00eatre absorb\u00e9s sans endommager la surface. Application Partout o\u00f9 les fauteuils roulants, les brancards,\u2026\" \/>\n<meta property=\"og:url\" content=\"https:\/\/storax.be\/fr\/producten\/protection-des-murs\/acrovyn-ar-170e\/\" \/>\n<meta property=\"og:site_name\" content=\"Storax Belgium\" \/>\n<meta property=\"article:modified_time\" content=\"2024-05-16T07:37:50+00:00\" \/>\n<meta property=\"og:image\" content=\"https:\/\/storax.be\/wp-content\/uploads\/sites\/2\/2019\/03\/thumb_270x270_158.jpg\" \/>\n\t<meta property=\"og:image:width\" content=\"270\" \/>\n\t<meta property=\"og:image:height\" content=\"270\" \/>\n\t<meta property=\"og:image:type\" content=\"image\/jpeg\" \/>\n<meta name=\"twitter:card\" content=\"summary_large_image\" \/>\n<meta name=\"twitter:label1\" content=\"Dur\u00e9e de lecture estim\u00e9e\" \/>\n\t<meta name=\"twitter:data1\" content=\"1 minute\" \/>\n<script type=\"application\/ld+json\" class=\"yoast-schema-graph\">{\"@context\":\"https:\\\/\\\/schema.org\",\"@graph\":[{\"@type\":\"WebPage\",\"@id\":\"https:\\\/\\\/storax.be\\\/fr\\\/producten\\\/protection-des-murs\\\/acrovyn-ar-170e\\\/\",\"url\":\"https:\\\/\\\/storax.be\\\/fr\\\/producten\\\/protection-des-murs\\\/acrovyn-ar-170e\\\/\",\"name\":\"Acrovyn AR-170E - Storax Belgium\",\"isPartOf\":{\"@id\":\"https:\\\/\\\/storax.be\\\/fr\\\/#website\"},\"primaryImageOfPage\":{\"@id\":\"https:\\\/\\\/storax.be\\\/fr\\\/producten\\\/protection-des-murs\\\/acrovyn-ar-170e\\\/#primaryimage\"},\"image\":{\"@id\":\"https:\\\/\\\/storax.be\\\/fr\\\/producten\\\/protection-des-murs\\\/acrovyn-ar-170e\\\/#primaryimage\"},\"thumbnailUrl\":\"https:\\\/\\\/storax.be\\\/wp-content\\\/uploads\\\/sites\\\/2\\\/2019\\\/03\\\/SCR-170-stootlijst-hygiene-sensitive-areas.png\",\"datePublished\":\"2022-07-14T11:55:04+00:00\",\"dateModified\":\"2024-05-16T07:37:50+00:00\",\"breadcrumb\":{\"@id\":\"https:\\\/\\\/storax.be\\\/fr\\\/producten\\\/protection-des-murs\\\/acrovyn-ar-170e\\\/#breadcrumb\"},\"inLanguage\":\"fr-FR\",\"potentialAction\":[{\"@type\":\"ReadAction\",\"target\":[\"https:\\\/\\\/storax.be\\\/fr\\\/producten\\\/protection-des-murs\\\/acrovyn-ar-170e\\\/\"]}]},{\"@type\":\"ImageObject\",\"inLanguage\":\"fr-FR\",\"@id\":\"https:\\\/\\\/storax.be\\\/fr\\\/producten\\\/protection-des-murs\\\/acrovyn-ar-170e\\\/#primaryimage\",\"url\":\"https:\\\/\\\/storax.be\\\/wp-content\\\/uploads\\\/sites\\\/2\\\/2019\\\/03\\\/SCR-170-stootlijst-hygiene-sensitive-areas.png\",\"contentUrl\":\"https:\\\/\\\/storax.be\\\/wp-content\\\/uploads\\\/sites\\\/2\\\/2019\\\/03\\\/SCR-170-stootlijst-hygiene-sensitive-areas.png\",\"width\":470,\"height\":470,\"caption\":\"SCR-170-stootlijst-hygiene-sensitive-areas-1\"},{\"@type\":\"BreadcrumbList\",\"@id\":\"https:\\\/\\\/storax.be\\\/fr\\\/producten\\\/protection-des-murs\\\/acrovyn-ar-170e\\\/#breadcrumb\",\"itemListElement\":[{\"@type\":\"ListItem\",\"position\":1,\"name\":\"Home\",\"item\":\"https:\\\/\\\/storax.be\\\/fr\\\/\"},{\"@type\":\"ListItem\",\"position\":2,\"name\":\"Producten\",\"item\":\"https:\\\/\\\/storax.be\\\/fr\\\/producten\\\/%product_category%\\\/\"},{\"@type\":\"ListItem\",\"position\":3,\"name\":\"Protection des murs\",\"item\":\"https:\\\/\\\/storax.be\\\/fr\\\/producten\\\/protection-des-murs\\\/\"},{\"@type\":\"ListItem\",\"position\":4,\"name\":\"Pare-chocs\",\"item\":\"https:\\\/\\\/storax.be\\\/fr\\\/producten\\\/acrovyn-pare-chocs\\\/\"},{\"@type\":\"ListItem\",\"position\":5,\"name\":\"Acrovyn AR-170E\"}]},{\"@type\":\"WebSite\",\"@id\":\"https:\\\/\\\/storax.be\\\/fr\\\/#website\",\"url\":\"https:\\\/\\\/storax.be\\\/fr\\\/\",\"name\":\"Storax Belgium\",\"description\":\"Uw betrouwbare partner voor bouwprojecten\",\"potentialAction\":[{\"@type\":\"SearchAction\",\"target\":{\"@type\":\"EntryPoint\",\"urlTemplate\":\"https:\\\/\\\/storax.be\\\/fr\\\/?s={search_term_string}\"},\"query-input\":{\"@type\":\"PropertyValueSpecification\",\"valueRequired\":true,\"valueName\":\"search_term_string\"}}],\"inLanguage\":\"fr-FR\"}]}<\/script>\n<!-- \/ Yoast SEO plugin. -->","yoast_head_json":{"title":"Acrovyn AR-170E - Storax Belgium","robots":{"index":"index","follow":"follow","max-snippet":"max-snippet:-1","max-image-preview":"max-image-preview:large","max-video-preview":"max-video-preview:-1"},"canonical":"https:\/\/storax.be\/fr\/producten\/protection-des-murs\/acrovyn-ar-170e\/","og_locale":"fr_FR","og_type":"article","og_title":"Acrovyn AR-170E - Storax Belgium","og_description":"Pare-chocs esth\u00e9tique Supports en aluminium \u00e0 fixer directement au mur. Un profil\u00e9 de protection en vinyle est encliquet\u00e9 sur les profil\u00e9s inf\u00e9rieurs. Gr\u00e2ce au syst\u00e8me de clics, les profil\u00e9s en vinyle ont un effet \u00e9lastique et amortissant, qui permet aux impacts d&rsquo;\u00eatre absorb\u00e9s sans endommager la surface. Application Partout o\u00f9 les fauteuils roulants, les brancards,\u2026","og_url":"https:\/\/storax.be\/fr\/producten\/protection-des-murs\/acrovyn-ar-170e\/","og_site_name":"Storax Belgium","article_modified_time":"2024-05-16T07:37:50+00:00","og_image":[{"width":270,"height":270,"url":"https:\/\/storax.be\/wp-content\/uploads\/sites\/2\/2019\/03\/thumb_270x270_158.jpg","type":"image\/jpeg"}],"twitter_card":"summary_large_image","twitter_misc":{"Dur\u00e9e de lecture estim\u00e9e":"1 minute"},"schema":{"@context":"https:\/\/schema.org","@graph":[{"@type":"WebPage","@id":"https:\/\/storax.be\/fr\/producten\/protection-des-murs\/acrovyn-ar-170e\/","url":"https:\/\/storax.be\/fr\/producten\/protection-des-murs\/acrovyn-ar-170e\/","name":"Acrovyn AR-170E - Storax Belgium","isPartOf":{"@id":"https:\/\/storax.be\/fr\/#website"},"primaryImageOfPage":{"@id":"https:\/\/storax.be\/fr\/producten\/protection-des-murs\/acrovyn-ar-170e\/#primaryimage"},"image":{"@id":"https:\/\/storax.be\/fr\/producten\/protection-des-murs\/acrovyn-ar-170e\/#primaryimage"},"thumbnailUrl":"https:\/\/storax.be\/wp-content\/uploads\/sites\/2\/2019\/03\/SCR-170-stootlijst-hygiene-sensitive-areas.png","datePublished":"2022-07-14T11:55:04+00:00","dateModified":"2024-05-16T07:37:50+00:00","breadcrumb":{"@id":"https:\/\/storax.be\/fr\/producten\/protection-des-murs\/acrovyn-ar-170e\/#breadcrumb"},"inLanguage":"fr-FR","potentialAction":[{"@type":"ReadAction","target":["https:\/\/storax.be\/fr\/producten\/protection-des-murs\/acrovyn-ar-170e\/"]}]},{"@type":"ImageObject","inLanguage":"fr-FR","@id":"https:\/\/storax.be\/fr\/producten\/protection-des-murs\/acrovyn-ar-170e\/#primaryimage","url":"https:\/\/storax.be\/wp-content\/uploads\/sites\/2\/2019\/03\/SCR-170-stootlijst-hygiene-sensitive-areas.png","contentUrl":"https:\/\/storax.be\/wp-content\/uploads\/sites\/2\/2019\/03\/SCR-170-stootlijst-hygiene-sensitive-areas.png","width":470,"height":470,"caption":"SCR-170-stootlijst-hygiene-sensitive-areas-1"},{"@type":"BreadcrumbList","@id":"https:\/\/storax.be\/fr\/producten\/protection-des-murs\/acrovyn-ar-170e\/#breadcrumb","itemListElement":[{"@type":"ListItem","position":1,"name":"Home","item":"https:\/\/storax.be\/fr\/"},{"@type":"ListItem","position":2,"name":"Producten","item":"https:\/\/storax.be\/fr\/producten\/%product_category%\/"},{"@type":"ListItem","position":3,"name":"Protection des murs","item":"https:\/\/storax.be\/fr\/producten\/protection-des-murs\/"},{"@type":"ListItem","position":4,"name":"Pare-chocs","item":"https:\/\/storax.be\/fr\/producten\/acrovyn-pare-chocs\/"},{"@type":"ListItem","position":5,"name":"Acrovyn AR-170E"}]},{"@type":"WebSite","@id":"https:\/\/storax.be\/fr\/#website","url":"https:\/\/storax.be\/fr\/","name":"Storax Belgium","description":"Uw betrouwbare partner voor bouwprojecten","potentialAction":[{"@type":"SearchAction","target":{"@type":"EntryPoint","urlTemplate":"https:\/\/storax.be\/fr\/?s={search_term_string}"},"query-input":{"@type":"PropertyValueSpecification","valueRequired":true,"valueName":"search_term_string"}}],"inLanguage":"fr-FR"}]}},"_links":{"self":[{"href":"https:\/\/storax.be\/fr\/wp-json\/wp\/v2\/product\/114734","targetHints":{"allow":["GET"]}}],"collection":[{"href":"https:\/\/storax.be\/fr\/wp-json\/wp\/v2\/product"}],"about":[{"href":"https:\/\/storax.be\/fr\/wp-json\/wp\/v2\/types\/product"}],"wp:featuredmedia":[{"embeddable":true,"href":"https:\/\/storax.be\/fr\/wp-json\/wp\/v2\/media\/122694"}],"wp:attachment":[{"href":"https:\/\/storax.be\/fr\/wp-json\/wp\/v2\/media?parent=114734"}],"wp:term":[{"taxonomy":"product_category","embeddable":true,"href":"https:\/\/storax.be\/fr\/wp-json\/wp\/v2\/product_category?post=114734"},{"taxonomy":"product_tag","embeddable":true,"href":"https:\/\/storax.be\/fr\/wp-json\/wp\/v2\/product_tag?post=114734"}],"curies":[{"name":"wp","href":"https:\/\/api.w.org\/{rel}","templated":true}]}}