{"id":114730,"date":"2022-07-14T11:39:02","date_gmt":"2022-07-14T11:39:02","guid":{"rendered":"https:\/\/storax.be\/?post_type=product&#038;p=114730"},"modified":"2024-05-16T07:37:49","modified_gmt":"2024-05-16T07:37:49","slug":"acrovyn-so-50","status":"publish","type":"product","link":"https:\/\/storax.be\/fr\/producten\/protection-des-murs\/acrovyn-so-50\/","title":{"rendered":"Acrovyn SO-50"},"content":{"rendered":"<p><b><br \/>\n\u00c0 propos de ce produit:<\/b><\/p>\n<ul>\n<li style=\"font-weight: 400;\" aria-level=\"1\"><span style=\"font-weight: 400;\">Profil\u00e9 de protection\u00a0: Plastique extrud\u00e9 r\u00e9sistant aux chocs sur une base de vinyle<\/span><\/li>\n<li style=\"font-weight: 400;\" aria-level=\"1\"><span style=\"font-weight: 400;\">fabriqu\u00e9 en mat\u00e9riaux autoextinguibles et certifi\u00e9s selon la classe M1 et B-s2-d0<\/span><\/li>\n<li style=\"font-weight: 400;\" aria-level=\"1\"><span style=\"font-weight: 400;\">construction robuste et sans entretien<\/span><\/li>\n<li style=\"font-weight: 400;\" aria-level=\"1\"><span style=\"font-weight: 400;\">design esth\u00e9tique avec fixation invisible<\/span><\/li>\n<li style=\"font-weight: 400;\" aria-level=\"1\"><span style=\"font-weight: 400;\">s\u00fbr en raison de sa forme arrondie et de l&rsquo;absence de vis sur la surface<\/span><\/li>\n<li style=\"font-weight: 400;\" aria-level=\"1\"><span style=\"font-weight: 400;\">Longueur standard\u00a0: 3\u00a0000\u00a0mm<\/span><\/li>\n<li style=\"font-weight: 400;\" aria-level=\"1\"><span style=\"font-weight: 400;\">Couleurs\u00a0: voir palette de couleurs<\/span><\/li>\n<li style=\"font-weight: 400;\" aria-level=\"1\"><span style=\"font-weight: 400;\">montage rapide<\/span><\/li>\n<\/ul>\n<p><span style=\"font-weight: 400;\">Les profil\u00e9s de protection Acrovyn sont constitu\u00e9s d&rsquo;un alliage acrylique\/vinyle tr\u00e8s solide \u00e0 structure granitique. Cet alliage est r\u00e9sistant aux chocs, aux rayures et \u00e0 l&rsquo;usure, tout en \u00e9tant flexible. Les chocs les plus violents peuvent \u00eatre absorb\u00e9s et encaiss\u00e9s sans endommager les murs.<\/span><\/p>\n","protected":false},"excerpt":{"rendered":"<p>\u00c0 propos de ce produit: Profil\u00e9 de protection\u00a0: Plastique extrud\u00e9 r\u00e9sistant aux chocs sur une base de vinyle fabriqu\u00e9 en mat\u00e9riaux autoextinguibles et certifi\u00e9s selon la classe M1 et B-s2-d0 construction robuste et sans entretien design esth\u00e9tique avec fixation invisible s\u00fbr en raison de sa forme arrondie et de l&rsquo;absence de vis sur la surface\u2026<\/p>\n","protected":false},"featured_media":121871,"template":"","meta":{"_acf_changed":false},"product_category":[691,600,612],"product_tag":[464,474,518],"class_list":["post-114730","product","type-product","status-publish","has-post-thumbnail","hentry","product_category-acrovyn-protections-dangle","product_category-kunststof-fr","product_category-protection-des-murs","product_tag-50-x-50-mm-fr","product_tag-90-graden-fr","product_tag-kunststof-fr"],"acf":[],"yoast_head":"<!-- This site is optimized with the Yoast SEO plugin v27.3 - https:\/\/yoast.com\/product\/yoast-seo-wordpress\/ -->\n<title>Acrovyn SO-50 - Storax Belgium<\/title>\n<meta name=\"robots\" content=\"index, follow, max-snippet:-1, max-image-preview:large, max-video-preview:-1\" \/>\n<link rel=\"canonical\" href=\"https:\/\/storax.be\/fr\/producten\/protection-des-murs\/acrovyn-so-50\/\" \/>\n<meta property=\"og:locale\" content=\"fr_FR\" \/>\n<meta property=\"og:type\" content=\"article\" \/>\n<meta property=\"og:title\" content=\"Acrovyn SO-50 - Storax Belgium\" \/>\n<meta property=\"og:description\" content=\"\u00c0 propos de ce produit: Profil\u00e9 de protection\u00a0: Plastique extrud\u00e9 r\u00e9sistant aux chocs sur une base de vinyle fabriqu\u00e9 en mat\u00e9riaux autoextinguibles et certifi\u00e9s selon la classe M1 et B-s2-d0 construction robuste et sans entretien design esth\u00e9tique avec fixation invisible s\u00fbr en raison de sa forme arrondie et de l&rsquo;absence de vis sur la surface\u2026\" \/>\n<meta property=\"og:url\" content=\"https:\/\/storax.be\/fr\/producten\/protection-des-murs\/acrovyn-so-50\/\" \/>\n<meta property=\"og:site_name\" content=\"Storax Belgium\" \/>\n<meta property=\"article:modified_time\" content=\"2024-05-16T07:37:49+00:00\" \/>\n<meta property=\"og:image\" content=\"https:\/\/storax.be\/wp-content\/uploads\/sites\/2\/2019\/03\/thumb_270x270_151-1.jpg\" \/>\n\t<meta property=\"og:image:width\" content=\"270\" \/>\n\t<meta property=\"og:image:height\" content=\"270\" \/>\n\t<meta property=\"og:image:type\" content=\"image\/jpeg\" \/>\n<meta name=\"twitter:card\" content=\"summary_large_image\" \/>\n<meta name=\"twitter:label1\" content=\"Dur\u00e9e de lecture estim\u00e9e\" \/>\n\t<meta name=\"twitter:data1\" content=\"1 minute\" \/>\n<script type=\"application\/ld+json\" class=\"yoast-schema-graph\">{\"@context\":\"https:\\\/\\\/schema.org\",\"@graph\":[{\"@type\":\"WebPage\",\"@id\":\"https:\\\/\\\/storax.be\\\/fr\\\/producten\\\/protection-des-murs\\\/acrovyn-so-50\\\/\",\"url\":\"https:\\\/\\\/storax.be\\\/fr\\\/producten\\\/protection-des-murs\\\/acrovyn-so-50\\\/\",\"name\":\"Acrovyn SO-50 - Storax Belgium\",\"isPartOf\":{\"@id\":\"https:\\\/\\\/storax.be\\\/fr\\\/#website\"},\"primaryImageOfPage\":{\"@id\":\"https:\\\/\\\/storax.be\\\/fr\\\/producten\\\/protection-des-murs\\\/acrovyn-so-50\\\/#primaryimage\"},\"image\":{\"@id\":\"https:\\\/\\\/storax.be\\\/fr\\\/producten\\\/protection-des-murs\\\/acrovyn-so-50\\\/#primaryimage\"},\"thumbnailUrl\":\"https:\\\/\\\/storax.be\\\/wp-content\\\/uploads\\\/sites\\\/2\\\/2019\\\/03\\\/Acrovyn-kunststof-hoekbeschermer-50x50-mm-SO50.png\",\"datePublished\":\"2022-07-14T11:39:02+00:00\",\"dateModified\":\"2024-05-16T07:37:49+00:00\",\"breadcrumb\":{\"@id\":\"https:\\\/\\\/storax.be\\\/fr\\\/producten\\\/protection-des-murs\\\/acrovyn-so-50\\\/#breadcrumb\"},\"inLanguage\":\"fr-FR\",\"potentialAction\":[{\"@type\":\"ReadAction\",\"target\":[\"https:\\\/\\\/storax.be\\\/fr\\\/producten\\\/protection-des-murs\\\/acrovyn-so-50\\\/\"]}]},{\"@type\":\"ImageObject\",\"inLanguage\":\"fr-FR\",\"@id\":\"https:\\\/\\\/storax.be\\\/fr\\\/producten\\\/protection-des-murs\\\/acrovyn-so-50\\\/#primaryimage\",\"url\":\"https:\\\/\\\/storax.be\\\/wp-content\\\/uploads\\\/sites\\\/2\\\/2019\\\/03\\\/Acrovyn-kunststof-hoekbeschermer-50x50-mm-SO50.png\",\"contentUrl\":\"https:\\\/\\\/storax.be\\\/wp-content\\\/uploads\\\/sites\\\/2\\\/2019\\\/03\\\/Acrovyn-kunststof-hoekbeschermer-50x50-mm-SO50.png\",\"width\":470,\"height\":470,\"caption\":\"Acrovyn-kunststof-hoekbeschermer-50x50-mm-SO50\"},{\"@type\":\"BreadcrumbList\",\"@id\":\"https:\\\/\\\/storax.be\\\/fr\\\/producten\\\/protection-des-murs\\\/acrovyn-so-50\\\/#breadcrumb\",\"itemListElement\":[{\"@type\":\"ListItem\",\"position\":1,\"name\":\"Home\",\"item\":\"https:\\\/\\\/storax.be\\\/fr\\\/\"},{\"@type\":\"ListItem\",\"position\":2,\"name\":\"Producten\",\"item\":\"https:\\\/\\\/storax.be\\\/fr\\\/producten\\\/%product_category%\\\/\"},{\"@type\":\"ListItem\",\"position\":3,\"name\":\"Protection des murs\",\"item\":\"https:\\\/\\\/storax.be\\\/fr\\\/producten\\\/protection-des-murs\\\/\"},{\"@type\":\"ListItem\",\"position\":4,\"name\":\"Acrovyn Protections d'angle\",\"item\":\"https:\\\/\\\/storax.be\\\/fr\\\/producten\\\/acrovyn-protections-dangle\\\/\"},{\"@type\":\"ListItem\",\"position\":5,\"name\":\"Acrovyn SO-50\"}]},{\"@type\":\"WebSite\",\"@id\":\"https:\\\/\\\/storax.be\\\/fr\\\/#website\",\"url\":\"https:\\\/\\\/storax.be\\\/fr\\\/\",\"name\":\"Storax Belgium\",\"description\":\"Uw betrouwbare partner voor bouwprojecten\",\"potentialAction\":[{\"@type\":\"SearchAction\",\"target\":{\"@type\":\"EntryPoint\",\"urlTemplate\":\"https:\\\/\\\/storax.be\\\/fr\\\/?s={search_term_string}\"},\"query-input\":{\"@type\":\"PropertyValueSpecification\",\"valueRequired\":true,\"valueName\":\"search_term_string\"}}],\"inLanguage\":\"fr-FR\"}]}<\/script>\n<!-- \/ Yoast SEO plugin. -->","yoast_head_json":{"title":"Acrovyn SO-50 - Storax Belgium","robots":{"index":"index","follow":"follow","max-snippet":"max-snippet:-1","max-image-preview":"max-image-preview:large","max-video-preview":"max-video-preview:-1"},"canonical":"https:\/\/storax.be\/fr\/producten\/protection-des-murs\/acrovyn-so-50\/","og_locale":"fr_FR","og_type":"article","og_title":"Acrovyn SO-50 - Storax Belgium","og_description":"\u00c0 propos de ce produit: Profil\u00e9 de protection\u00a0: Plastique extrud\u00e9 r\u00e9sistant aux chocs sur une base de vinyle fabriqu\u00e9 en mat\u00e9riaux autoextinguibles et certifi\u00e9s selon la classe M1 et B-s2-d0 construction robuste et sans entretien design esth\u00e9tique avec fixation invisible s\u00fbr en raison de sa forme arrondie et de l&rsquo;absence de vis sur la surface\u2026","og_url":"https:\/\/storax.be\/fr\/producten\/protection-des-murs\/acrovyn-so-50\/","og_site_name":"Storax Belgium","article_modified_time":"2024-05-16T07:37:49+00:00","og_image":[{"width":270,"height":270,"url":"https:\/\/storax.be\/wp-content\/uploads\/sites\/2\/2019\/03\/thumb_270x270_151-1.jpg","type":"image\/jpeg"}],"twitter_card":"summary_large_image","twitter_misc":{"Dur\u00e9e de lecture estim\u00e9e":"1 minute"},"schema":{"@context":"https:\/\/schema.org","@graph":[{"@type":"WebPage","@id":"https:\/\/storax.be\/fr\/producten\/protection-des-murs\/acrovyn-so-50\/","url":"https:\/\/storax.be\/fr\/producten\/protection-des-murs\/acrovyn-so-50\/","name":"Acrovyn SO-50 - Storax Belgium","isPartOf":{"@id":"https:\/\/storax.be\/fr\/#website"},"primaryImageOfPage":{"@id":"https:\/\/storax.be\/fr\/producten\/protection-des-murs\/acrovyn-so-50\/#primaryimage"},"image":{"@id":"https:\/\/storax.be\/fr\/producten\/protection-des-murs\/acrovyn-so-50\/#primaryimage"},"thumbnailUrl":"https:\/\/storax.be\/wp-content\/uploads\/sites\/2\/2019\/03\/Acrovyn-kunststof-hoekbeschermer-50x50-mm-SO50.png","datePublished":"2022-07-14T11:39:02+00:00","dateModified":"2024-05-16T07:37:49+00:00","breadcrumb":{"@id":"https:\/\/storax.be\/fr\/producten\/protection-des-murs\/acrovyn-so-50\/#breadcrumb"},"inLanguage":"fr-FR","potentialAction":[{"@type":"ReadAction","target":["https:\/\/storax.be\/fr\/producten\/protection-des-murs\/acrovyn-so-50\/"]}]},{"@type":"ImageObject","inLanguage":"fr-FR","@id":"https:\/\/storax.be\/fr\/producten\/protection-des-murs\/acrovyn-so-50\/#primaryimage","url":"https:\/\/storax.be\/wp-content\/uploads\/sites\/2\/2019\/03\/Acrovyn-kunststof-hoekbeschermer-50x50-mm-SO50.png","contentUrl":"https:\/\/storax.be\/wp-content\/uploads\/sites\/2\/2019\/03\/Acrovyn-kunststof-hoekbeschermer-50x50-mm-SO50.png","width":470,"height":470,"caption":"Acrovyn-kunststof-hoekbeschermer-50x50-mm-SO50"},{"@type":"BreadcrumbList","@id":"https:\/\/storax.be\/fr\/producten\/protection-des-murs\/acrovyn-so-50\/#breadcrumb","itemListElement":[{"@type":"ListItem","position":1,"name":"Home","item":"https:\/\/storax.be\/fr\/"},{"@type":"ListItem","position":2,"name":"Producten","item":"https:\/\/storax.be\/fr\/producten\/%product_category%\/"},{"@type":"ListItem","position":3,"name":"Protection des murs","item":"https:\/\/storax.be\/fr\/producten\/protection-des-murs\/"},{"@type":"ListItem","position":4,"name":"Acrovyn Protections d'angle","item":"https:\/\/storax.be\/fr\/producten\/acrovyn-protections-dangle\/"},{"@type":"ListItem","position":5,"name":"Acrovyn SO-50"}]},{"@type":"WebSite","@id":"https:\/\/storax.be\/fr\/#website","url":"https:\/\/storax.be\/fr\/","name":"Storax Belgium","description":"Uw betrouwbare partner voor bouwprojecten","potentialAction":[{"@type":"SearchAction","target":{"@type":"EntryPoint","urlTemplate":"https:\/\/storax.be\/fr\/?s={search_term_string}"},"query-input":{"@type":"PropertyValueSpecification","valueRequired":true,"valueName":"search_term_string"}}],"inLanguage":"fr-FR"}]}},"_links":{"self":[{"href":"https:\/\/storax.be\/fr\/wp-json\/wp\/v2\/product\/114730","targetHints":{"allow":["GET"]}}],"collection":[{"href":"https:\/\/storax.be\/fr\/wp-json\/wp\/v2\/product"}],"about":[{"href":"https:\/\/storax.be\/fr\/wp-json\/wp\/v2\/types\/product"}],"wp:featuredmedia":[{"embeddable":true,"href":"https:\/\/storax.be\/fr\/wp-json\/wp\/v2\/media\/121871"}],"wp:attachment":[{"href":"https:\/\/storax.be\/fr\/wp-json\/wp\/v2\/media?parent=114730"}],"wp:term":[{"taxonomy":"product_category","embeddable":true,"href":"https:\/\/storax.be\/fr\/wp-json\/wp\/v2\/product_category?post=114730"},{"taxonomy":"product_tag","embeddable":true,"href":"https:\/\/storax.be\/fr\/wp-json\/wp\/v2\/product_tag?post=114730"}],"curies":[{"name":"wp","href":"https:\/\/api.w.org\/{rel}","templated":true}]}}