{"id":114724,"date":"2022-07-14T11:21:38","date_gmt":"2022-07-14T11:21:38","guid":{"rendered":"https:\/\/storax.be\/?post_type=product&#038;p=114724"},"modified":"2024-05-16T07:37:48","modified_gmt":"2024-05-16T07:37:48","slug":"protection-de-porte-acrovyn","status":"publish","type":"product","link":"https:\/\/storax.be\/fr\/producten\/protection-des-murs\/protection-de-porte-acrovyn\/","title":{"rendered":"Protection de porte Acrovyn"},"content":{"rendered":"<h2 style=\"font-size: 1.5em; line-height: 32px; font-weight: 600; margin-top: 10px;\"><b>Prot\u00e9gez vos portes et fen\u00eatres contre les dommages avec des plaques Acrovyn\u00ae et des profil\u00e9s pli\u00e9s en angle et\/ou en forme U.<\/b><\/h2>\n<p>Pour prot\u00e9ger les angles, les fen\u00eatres et les extr\u00e9mit\u00e9s des murs, par exemple, vous pouvez utiliser des profil\u00e9s pli\u00e9s en angle et en U fabriqu\u00e9s \u00e0 partir de plaques Acrovyn dans toutes les dimensions souhait\u00e9es. Disponibles en 40 couleurs actuelles.<b><\/b><a href=\"https:\/\/www.storax.nl\/producten\/bactericide\/466\/acrovyn%C2%AE-bactericide\"><br \/>\n<\/a><br \/>\n<b>Montage<br \/>\n<\/b><span style=\"font-weight: 400;\">Storax cumule plus de 40\u00a0ann\u00e9es d&rsquo;exp\u00e9rience dans le conseil, la fourniture et l&rsquo;installation de protections murales, y compris les angles pli\u00e9s, les d\u00e9coupes, les protections des chambranles et les mains courantes.<\/span><\/p>\n<p><b style=\"font-size: 21px;\">Versions disponibles<\/b><\/p>\n<ul>\n<li><a href=\"https:\/\/storax.be\/produits\/protection-murale-acrovyn\/acrovyn-2000\/\">Acrovyn 2000<\/a> (standard)<\/li>\n<li><a href=\"https:\/\/storax.be\/produits\/protection-murale-acrovyn\/acrovyn-4000\/\">Acrovyn 4000<\/a> (sans PVC)<\/li>\n<li><a href=\"https:\/\/storax.be\/produits\/protection-murale-acrovyn\/bactericide\/\">Acrovyn Bactericide<\/a> (protection antibact\u00e9rienne des murs)<\/li>\n<li><a href=\"https:\/\/storax.be\/produits\/protection-murale-acrovyn\/design-perso\">Acrovyn by design<\/a> (concevez votre propre plaque de protection murale)<\/li>\n<\/ul>\n","protected":false},"excerpt":{"rendered":"<p>Prot\u00e9gez vos portes et fen\u00eatres contre les dommages avec des plaques Acrovyn\u00ae et des profil\u00e9s pli\u00e9s en angle et\/ou en forme U. Pour prot\u00e9ger les angles, les fen\u00eatres et les extr\u00e9mit\u00e9s des murs, par exemple, vous pouvez utiliser des profil\u00e9s pli\u00e9s en angle et en U fabriqu\u00e9s \u00e0 partir de plaques Acrovyn dans toutes les\u2026<\/p>\n","protected":false},"featured_media":111166,"template":"","meta":{"_acf_changed":false},"product_category":[676,612],"product_tag":[],"class_list":["post-114724","product","type-product","status-publish","has-post-thumbnail","hentry","product_category-protection-de-la-porte","product_category-protection-des-murs"],"acf":[],"yoast_head":"<!-- This site is optimized with the Yoast SEO plugin v27.3 - https:\/\/yoast.com\/product\/yoast-seo-wordpress\/ -->\n<title>Protection de porte Acrovyn - Storax Belgium<\/title>\n<meta name=\"robots\" content=\"index, follow, max-snippet:-1, max-image-preview:large, max-video-preview:-1\" \/>\n<link rel=\"canonical\" href=\"https:\/\/storax.be\/fr\/producten\/protection-des-murs\/protection-de-porte-acrovyn\/\" \/>\n<meta property=\"og:locale\" content=\"fr_FR\" \/>\n<meta property=\"og:type\" content=\"article\" \/>\n<meta property=\"og:title\" content=\"Protection de porte Acrovyn - Storax Belgium\" \/>\n<meta property=\"og:description\" content=\"Prot\u00e9gez vos portes et fen\u00eatres contre les dommages avec des plaques Acrovyn\u00ae et des profil\u00e9s pli\u00e9s en angle et\/ou en forme U. Pour prot\u00e9ger les angles, les fen\u00eatres et les extr\u00e9mit\u00e9s des murs, par exemple, vous pouvez utiliser des profil\u00e9s pli\u00e9s en angle et en U fabriqu\u00e9s \u00e0 partir de plaques Acrovyn dans toutes les\u2026\" \/>\n<meta property=\"og:url\" content=\"https:\/\/storax.be\/fr\/producten\/protection-des-murs\/protection-de-porte-acrovyn\/\" \/>\n<meta property=\"og:site_name\" content=\"Storax Belgium\" \/>\n<meta property=\"article:modified_time\" content=\"2024-05-16T07:37:48+00:00\" \/>\n<meta property=\"og:image\" content=\"https:\/\/storax.be\/wp-content\/uploads\/sites\/2\/2021\/07\/Acrovyn-deurbescherming-2.png\" \/>\n\t<meta property=\"og:image:width\" content=\"470\" \/>\n\t<meta property=\"og:image:height\" content=\"470\" \/>\n\t<meta property=\"og:image:type\" content=\"image\/png\" \/>\n<meta name=\"twitter:card\" content=\"summary_large_image\" \/>\n<meta name=\"twitter:label1\" content=\"Dur\u00e9e de lecture estim\u00e9e\" \/>\n\t<meta name=\"twitter:data1\" content=\"1 minute\" \/>\n<script type=\"application\/ld+json\" class=\"yoast-schema-graph\">{\"@context\":\"https:\\\/\\\/schema.org\",\"@graph\":[{\"@type\":\"WebPage\",\"@id\":\"https:\\\/\\\/storax.be\\\/fr\\\/producten\\\/protection-des-murs\\\/protection-de-porte-acrovyn\\\/\",\"url\":\"https:\\\/\\\/storax.be\\\/fr\\\/producten\\\/protection-des-murs\\\/protection-de-porte-acrovyn\\\/\",\"name\":\"Protection de porte Acrovyn - Storax Belgium\",\"isPartOf\":{\"@id\":\"https:\\\/\\\/storax.be\\\/fr\\\/#website\"},\"primaryImageOfPage\":{\"@id\":\"https:\\\/\\\/storax.be\\\/fr\\\/producten\\\/protection-des-murs\\\/protection-de-porte-acrovyn\\\/#primaryimage\"},\"image\":{\"@id\":\"https:\\\/\\\/storax.be\\\/fr\\\/producten\\\/protection-des-murs\\\/protection-de-porte-acrovyn\\\/#primaryimage\"},\"thumbnailUrl\":\"https:\\\/\\\/storax.be\\\/wp-content\\\/uploads\\\/sites\\\/2\\\/2021\\\/07\\\/Acrovyn-deurbescherming-2.png\",\"datePublished\":\"2022-07-14T11:21:38+00:00\",\"dateModified\":\"2024-05-16T07:37:48+00:00\",\"breadcrumb\":{\"@id\":\"https:\\\/\\\/storax.be\\\/fr\\\/producten\\\/protection-des-murs\\\/protection-de-porte-acrovyn\\\/#breadcrumb\"},\"inLanguage\":\"fr-FR\",\"potentialAction\":[{\"@type\":\"ReadAction\",\"target\":[\"https:\\\/\\\/storax.be\\\/fr\\\/producten\\\/protection-des-murs\\\/protection-de-porte-acrovyn\\\/\"]}]},{\"@type\":\"ImageObject\",\"inLanguage\":\"fr-FR\",\"@id\":\"https:\\\/\\\/storax.be\\\/fr\\\/producten\\\/protection-des-murs\\\/protection-de-porte-acrovyn\\\/#primaryimage\",\"url\":\"https:\\\/\\\/storax.be\\\/wp-content\\\/uploads\\\/sites\\\/2\\\/2021\\\/07\\\/Acrovyn-deurbescherming-2.png\",\"contentUrl\":\"https:\\\/\\\/storax.be\\\/wp-content\\\/uploads\\\/sites\\\/2\\\/2021\\\/07\\\/Acrovyn-deurbescherming-2.png\",\"width\":470,\"height\":470,\"caption\":\"Acrovyn deurbescherming\"},{\"@type\":\"BreadcrumbList\",\"@id\":\"https:\\\/\\\/storax.be\\\/fr\\\/producten\\\/protection-des-murs\\\/protection-de-porte-acrovyn\\\/#breadcrumb\",\"itemListElement\":[{\"@type\":\"ListItem\",\"position\":1,\"name\":\"Home\",\"item\":\"https:\\\/\\\/storax.be\\\/fr\\\/\"},{\"@type\":\"ListItem\",\"position\":2,\"name\":\"Producten\",\"item\":\"https:\\\/\\\/storax.be\\\/fr\\\/producten\\\/%product_category%\\\/\"},{\"@type\":\"ListItem\",\"position\":3,\"name\":\"Protection des murs\",\"item\":\"https:\\\/\\\/storax.be\\\/fr\\\/producten\\\/protection-des-murs\\\/\"},{\"@type\":\"ListItem\",\"position\":4,\"name\":\"Protection de la porte\",\"item\":\"https:\\\/\\\/storax.be\\\/fr\\\/producten\\\/protection-de-la-porte\\\/\"},{\"@type\":\"ListItem\",\"position\":5,\"name\":\"Protection de porte Acrovyn\"}]},{\"@type\":\"WebSite\",\"@id\":\"https:\\\/\\\/storax.be\\\/fr\\\/#website\",\"url\":\"https:\\\/\\\/storax.be\\\/fr\\\/\",\"name\":\"Storax Belgium\",\"description\":\"Uw betrouwbare partner voor bouwprojecten\",\"potentialAction\":[{\"@type\":\"SearchAction\",\"target\":{\"@type\":\"EntryPoint\",\"urlTemplate\":\"https:\\\/\\\/storax.be\\\/fr\\\/?s={search_term_string}\"},\"query-input\":{\"@type\":\"PropertyValueSpecification\",\"valueRequired\":true,\"valueName\":\"search_term_string\"}}],\"inLanguage\":\"fr-FR\"}]}<\/script>\n<!-- \/ Yoast SEO plugin. -->","yoast_head_json":{"title":"Protection de porte Acrovyn - Storax Belgium","robots":{"index":"index","follow":"follow","max-snippet":"max-snippet:-1","max-image-preview":"max-image-preview:large","max-video-preview":"max-video-preview:-1"},"canonical":"https:\/\/storax.be\/fr\/producten\/protection-des-murs\/protection-de-porte-acrovyn\/","og_locale":"fr_FR","og_type":"article","og_title":"Protection de porte Acrovyn - Storax Belgium","og_description":"Prot\u00e9gez vos portes et fen\u00eatres contre les dommages avec des plaques Acrovyn\u00ae et des profil\u00e9s pli\u00e9s en angle et\/ou en forme U. Pour prot\u00e9ger les angles, les fen\u00eatres et les extr\u00e9mit\u00e9s des murs, par exemple, vous pouvez utiliser des profil\u00e9s pli\u00e9s en angle et en U fabriqu\u00e9s \u00e0 partir de plaques Acrovyn dans toutes les\u2026","og_url":"https:\/\/storax.be\/fr\/producten\/protection-des-murs\/protection-de-porte-acrovyn\/","og_site_name":"Storax Belgium","article_modified_time":"2024-05-16T07:37:48+00:00","og_image":[{"width":470,"height":470,"url":"https:\/\/storax.be\/wp-content\/uploads\/sites\/2\/2021\/07\/Acrovyn-deurbescherming-2.png","type":"image\/png"}],"twitter_card":"summary_large_image","twitter_misc":{"Dur\u00e9e de lecture estim\u00e9e":"1 minute"},"schema":{"@context":"https:\/\/schema.org","@graph":[{"@type":"WebPage","@id":"https:\/\/storax.be\/fr\/producten\/protection-des-murs\/protection-de-porte-acrovyn\/","url":"https:\/\/storax.be\/fr\/producten\/protection-des-murs\/protection-de-porte-acrovyn\/","name":"Protection de porte Acrovyn - Storax Belgium","isPartOf":{"@id":"https:\/\/storax.be\/fr\/#website"},"primaryImageOfPage":{"@id":"https:\/\/storax.be\/fr\/producten\/protection-des-murs\/protection-de-porte-acrovyn\/#primaryimage"},"image":{"@id":"https:\/\/storax.be\/fr\/producten\/protection-des-murs\/protection-de-porte-acrovyn\/#primaryimage"},"thumbnailUrl":"https:\/\/storax.be\/wp-content\/uploads\/sites\/2\/2021\/07\/Acrovyn-deurbescherming-2.png","datePublished":"2022-07-14T11:21:38+00:00","dateModified":"2024-05-16T07:37:48+00:00","breadcrumb":{"@id":"https:\/\/storax.be\/fr\/producten\/protection-des-murs\/protection-de-porte-acrovyn\/#breadcrumb"},"inLanguage":"fr-FR","potentialAction":[{"@type":"ReadAction","target":["https:\/\/storax.be\/fr\/producten\/protection-des-murs\/protection-de-porte-acrovyn\/"]}]},{"@type":"ImageObject","inLanguage":"fr-FR","@id":"https:\/\/storax.be\/fr\/producten\/protection-des-murs\/protection-de-porte-acrovyn\/#primaryimage","url":"https:\/\/storax.be\/wp-content\/uploads\/sites\/2\/2021\/07\/Acrovyn-deurbescherming-2.png","contentUrl":"https:\/\/storax.be\/wp-content\/uploads\/sites\/2\/2021\/07\/Acrovyn-deurbescherming-2.png","width":470,"height":470,"caption":"Acrovyn deurbescherming"},{"@type":"BreadcrumbList","@id":"https:\/\/storax.be\/fr\/producten\/protection-des-murs\/protection-de-porte-acrovyn\/#breadcrumb","itemListElement":[{"@type":"ListItem","position":1,"name":"Home","item":"https:\/\/storax.be\/fr\/"},{"@type":"ListItem","position":2,"name":"Producten","item":"https:\/\/storax.be\/fr\/producten\/%product_category%\/"},{"@type":"ListItem","position":3,"name":"Protection des murs","item":"https:\/\/storax.be\/fr\/producten\/protection-des-murs\/"},{"@type":"ListItem","position":4,"name":"Protection de la porte","item":"https:\/\/storax.be\/fr\/producten\/protection-de-la-porte\/"},{"@type":"ListItem","position":5,"name":"Protection de porte Acrovyn"}]},{"@type":"WebSite","@id":"https:\/\/storax.be\/fr\/#website","url":"https:\/\/storax.be\/fr\/","name":"Storax Belgium","description":"Uw betrouwbare partner voor bouwprojecten","potentialAction":[{"@type":"SearchAction","target":{"@type":"EntryPoint","urlTemplate":"https:\/\/storax.be\/fr\/?s={search_term_string}"},"query-input":{"@type":"PropertyValueSpecification","valueRequired":true,"valueName":"search_term_string"}}],"inLanguage":"fr-FR"}]}},"_links":{"self":[{"href":"https:\/\/storax.be\/fr\/wp-json\/wp\/v2\/product\/114724","targetHints":{"allow":["GET"]}}],"collection":[{"href":"https:\/\/storax.be\/fr\/wp-json\/wp\/v2\/product"}],"about":[{"href":"https:\/\/storax.be\/fr\/wp-json\/wp\/v2\/types\/product"}],"wp:featuredmedia":[{"embeddable":true,"href":"https:\/\/storax.be\/fr\/wp-json\/wp\/v2\/media\/111166"}],"wp:attachment":[{"href":"https:\/\/storax.be\/fr\/wp-json\/wp\/v2\/media?parent=114724"}],"wp:term":[{"taxonomy":"product_category","embeddable":true,"href":"https:\/\/storax.be\/fr\/wp-json\/wp\/v2\/product_category?post=114724"},{"taxonomy":"product_tag","embeddable":true,"href":"https:\/\/storax.be\/fr\/wp-json\/wp\/v2\/product_tag?post=114724"}],"curies":[{"name":"wp","href":"https:\/\/api.w.org\/{rel}","templated":true}]}}