{"id":114723,"date":"2022-07-14T11:17:56","date_gmt":"2022-07-14T11:17:56","guid":{"rendered":"https:\/\/storax.be\/?post_type=product&#038;p=114723"},"modified":"2024-05-16T07:37:47","modified_gmt":"2024-05-16T07:37:47","slug":"mce-40-aspect-bois","status":"publish","type":"product","link":"https:\/\/storax.be\/fr\/producten\/mains-courantes-acrovyn\/mce-40-aspect-bois\/","title":{"rendered":"HRE 6 Aspect bois"},"content":{"rendered":"<h2><b>Main courante<\/b><\/h2>\n<p><span style=\"font-weight: 400;\">Profil\u00e9s continus en aluminium extrud\u00e9s fix\u00e9s au mur \u00e0 l&rsquo;aide d&rsquo;entretoises. Un profil\u00e9 de protection en vinyle est encliquet\u00e9 sur les profil\u00e9s inf\u00e9rieurs en aluminium.<\/span><\/p>\n<p><strong>\u00c0 propos de ce produit<\/strong><\/p>\n<ul>\n<li style=\"font-weight: 400;\" aria-level=\"1\"><span style=\"font-weight: 400;\">disponible en diff\u00e9rentes couleurs de bois\u00a0:<\/span><span style=\"font-weight: 400;\"><br \/>\n<\/span><span style=\"font-weight: 400;\">&#8211; bouleau<\/span><span style=\"font-weight: 400;\"><br \/>\n<\/span><span style=\"font-weight: 400;\">&#8211; \u00e9rable<\/span><span style=\"font-weight: 400;\"><br \/>\n<\/span><span style=\"font-weight: 400;\">&#8211; h\u00eatre<\/span><span style=\"font-weight: 400;\"><br \/>\n<\/span><span style=\"font-weight: 400;\">&#8211; ch\u00eane<\/span><span style=\"font-weight: 400;\"><br \/>\n<\/span><span style=\"font-weight: 400;\">&#8211; cerisier<\/span><\/li>\n<\/ul>\n<p><strong>S\u00e9curit\u00e9 incendie<br \/>\n<\/strong><span style=\"font-weight: 400;\">Acrovyn\u00ae est fabriqu\u00e9 en mat\u00e9riaux autoextinguibles et est certifi\u00e9 selon la classe M1 et B-s2-d0.<\/span><\/p>\n<p><span style=\"font-weight: 400;\"><strong>Montage:<br \/>\n<\/strong><\/span><span style=\"font-weight: 400;\">Storax cumule plus de 30\u00a0ann\u00e9es d&rsquo;exp\u00e9rience dans le conseil, la fourniture et l&rsquo;installation de protections murales, y compris les angles pli\u00e9s, les d\u00e9coupes, les protections des chambranles et les mains courantes.<\/span><\/p>\n","protected":false},"excerpt":{"rendered":"<p>Main courante Profil\u00e9s continus en aluminium extrud\u00e9s fix\u00e9s au mur \u00e0 l&rsquo;aide d&rsquo;entretoises. Un profil\u00e9 de protection en vinyle est encliquet\u00e9 sur les profil\u00e9s inf\u00e9rieurs en aluminium. \u00c0 propos de ce produit disponible en diff\u00e9rentes couleurs de bois\u00a0: &#8211; bouleau &#8211; \u00e9rable &#8211; h\u00eatre &#8211; ch\u00eane &#8211; cerisier S\u00e9curit\u00e9 incendie Acrovyn\u00ae est fabriqu\u00e9 en mat\u00e9riaux\u2026<\/p>\n","protected":false},"featured_media":122234,"template":"","meta":{"_acf_changed":false},"product_category":[706],"product_tag":[],"class_list":["post-114723","product","type-product","status-publish","has-post-thumbnail","hentry","product_category-mains-courantes-acrovyn"],"acf":[],"yoast_head":"<!-- This site is optimized with the Yoast SEO plugin v27.3 - https:\/\/yoast.com\/product\/yoast-seo-wordpress\/ -->\n<title>HRE 6 Aspect bois - Storax Belgium<\/title>\n<meta name=\"robots\" content=\"index, follow, max-snippet:-1, max-image-preview:large, max-video-preview:-1\" \/>\n<link rel=\"canonical\" href=\"https:\/\/storax.be\/fr\/producten\/mains-courantes-acrovyn\/mce-40-aspect-bois\/\" \/>\n<meta property=\"og:locale\" content=\"fr_FR\" \/>\n<meta property=\"og:type\" content=\"article\" \/>\n<meta property=\"og:title\" content=\"HRE 6 Aspect bois - Storax Belgium\" \/>\n<meta property=\"og:description\" content=\"Main courante Profil\u00e9s continus en aluminium extrud\u00e9s fix\u00e9s au mur \u00e0 l&rsquo;aide d&rsquo;entretoises. Un profil\u00e9 de protection en vinyle est encliquet\u00e9 sur les profil\u00e9s inf\u00e9rieurs en aluminium. \u00c0 propos de ce produit disponible en diff\u00e9rentes couleurs de bois\u00a0: &#8211; bouleau &#8211; \u00e9rable &#8211; h\u00eatre &#8211; ch\u00eane &#8211; cerisier S\u00e9curit\u00e9 incendie Acrovyn\u00ae est fabriqu\u00e9 en mat\u00e9riaux\u2026\" \/>\n<meta property=\"og:url\" content=\"https:\/\/storax.be\/fr\/producten\/mains-courantes-acrovyn\/mce-40-aspect-bois\/\" \/>\n<meta property=\"og:site_name\" content=\"Storax Belgium\" \/>\n<meta property=\"article:modified_time\" content=\"2024-05-16T07:37:47+00:00\" \/>\n<meta property=\"og:image\" content=\"https:\/\/storax.be\/wp-content\/uploads\/sites\/2\/2019\/03\/thumb_270x270_469.jpg\" \/>\n\t<meta property=\"og:image:width\" content=\"270\" \/>\n\t<meta property=\"og:image:height\" content=\"270\" \/>\n\t<meta property=\"og:image:type\" content=\"image\/jpeg\" \/>\n<meta name=\"twitter:card\" content=\"summary_large_image\" \/>\n<meta name=\"twitter:label1\" content=\"Dur\u00e9e de lecture estim\u00e9e\" \/>\n\t<meta name=\"twitter:data1\" content=\"1 minute\" \/>\n<script type=\"application\/ld+json\" class=\"yoast-schema-graph\">{\"@context\":\"https:\\\/\\\/schema.org\",\"@graph\":[{\"@type\":\"WebPage\",\"@id\":\"https:\\\/\\\/storax.be\\\/fr\\\/producten\\\/mains-courantes-acrovyn\\\/mce-40-aspect-bois\\\/\",\"url\":\"https:\\\/\\\/storax.be\\\/fr\\\/producten\\\/mains-courantes-acrovyn\\\/mce-40-aspect-bois\\\/\",\"name\":\"HRE 6 Aspect bois - Storax Belgium\",\"isPartOf\":{\"@id\":\"https:\\\/\\\/storax.be\\\/fr\\\/#website\"},\"primaryImageOfPage\":{\"@id\":\"https:\\\/\\\/storax.be\\\/fr\\\/producten\\\/mains-courantes-acrovyn\\\/mce-40-aspect-bois\\\/#primaryimage\"},\"image\":{\"@id\":\"https:\\\/\\\/storax.be\\\/fr\\\/producten\\\/mains-courantes-acrovyn\\\/mce-40-aspect-bois\\\/#primaryimage\"},\"thumbnailUrl\":\"https:\\\/\\\/storax.be\\\/wp-content\\\/uploads\\\/sites\\\/2\\\/2019\\\/03\\\/HRE-6-Houtlook-leuning-of-betonlook-of-metaal-look.png\",\"datePublished\":\"2022-07-14T11:17:56+00:00\",\"dateModified\":\"2024-05-16T07:37:47+00:00\",\"breadcrumb\":{\"@id\":\"https:\\\/\\\/storax.be\\\/fr\\\/producten\\\/mains-courantes-acrovyn\\\/mce-40-aspect-bois\\\/#breadcrumb\"},\"inLanguage\":\"fr-FR\",\"potentialAction\":[{\"@type\":\"ReadAction\",\"target\":[\"https:\\\/\\\/storax.be\\\/fr\\\/producten\\\/mains-courantes-acrovyn\\\/mce-40-aspect-bois\\\/\"]}]},{\"@type\":\"ImageObject\",\"inLanguage\":\"fr-FR\",\"@id\":\"https:\\\/\\\/storax.be\\\/fr\\\/producten\\\/mains-courantes-acrovyn\\\/mce-40-aspect-bois\\\/#primaryimage\",\"url\":\"https:\\\/\\\/storax.be\\\/wp-content\\\/uploads\\\/sites\\\/2\\\/2019\\\/03\\\/HRE-6-Houtlook-leuning-of-betonlook-of-metaal-look.png\",\"contentUrl\":\"https:\\\/\\\/storax.be\\\/wp-content\\\/uploads\\\/sites\\\/2\\\/2019\\\/03\\\/HRE-6-Houtlook-leuning-of-betonlook-of-metaal-look.png\",\"width\":470,\"height\":470,\"caption\":\"HRE-6-Houtlook-leuning-of-betonlook-of-metaal-look\"},{\"@type\":\"BreadcrumbList\",\"@id\":\"https:\\\/\\\/storax.be\\\/fr\\\/producten\\\/mains-courantes-acrovyn\\\/mce-40-aspect-bois\\\/#breadcrumb\",\"itemListElement\":[{\"@type\":\"ListItem\",\"position\":1,\"name\":\"Home\",\"item\":\"https:\\\/\\\/storax.be\\\/fr\\\/\"},{\"@type\":\"ListItem\",\"position\":2,\"name\":\"Producten\",\"item\":\"https:\\\/\\\/storax.be\\\/fr\\\/producten\\\/%product_category%\\\/\"},{\"@type\":\"ListItem\",\"position\":3,\"name\":\"Protection des murs\",\"item\":\"https:\\\/\\\/storax.be\\\/fr\\\/producten\\\/protection-des-murs\\\/\"},{\"@type\":\"ListItem\",\"position\":4,\"name\":\"Mains courantes Acrovyn\",\"item\":\"https:\\\/\\\/storax.be\\\/fr\\\/producten\\\/mains-courantes-acrovyn\\\/\"},{\"@type\":\"ListItem\",\"position\":5,\"name\":\"HRE 6 Aspect bois\"}]},{\"@type\":\"WebSite\",\"@id\":\"https:\\\/\\\/storax.be\\\/fr\\\/#website\",\"url\":\"https:\\\/\\\/storax.be\\\/fr\\\/\",\"name\":\"Storax Belgium\",\"description\":\"Uw betrouwbare partner voor bouwprojecten\",\"potentialAction\":[{\"@type\":\"SearchAction\",\"target\":{\"@type\":\"EntryPoint\",\"urlTemplate\":\"https:\\\/\\\/storax.be\\\/fr\\\/?s={search_term_string}\"},\"query-input\":{\"@type\":\"PropertyValueSpecification\",\"valueRequired\":true,\"valueName\":\"search_term_string\"}}],\"inLanguage\":\"fr-FR\"}]}<\/script>\n<!-- \/ Yoast SEO plugin. -->","yoast_head_json":{"title":"HRE 6 Aspect bois - Storax Belgium","robots":{"index":"index","follow":"follow","max-snippet":"max-snippet:-1","max-image-preview":"max-image-preview:large","max-video-preview":"max-video-preview:-1"},"canonical":"https:\/\/storax.be\/fr\/producten\/mains-courantes-acrovyn\/mce-40-aspect-bois\/","og_locale":"fr_FR","og_type":"article","og_title":"HRE 6 Aspect bois - Storax Belgium","og_description":"Main courante Profil\u00e9s continus en aluminium extrud\u00e9s fix\u00e9s au mur \u00e0 l&rsquo;aide d&rsquo;entretoises. Un profil\u00e9 de protection en vinyle est encliquet\u00e9 sur les profil\u00e9s inf\u00e9rieurs en aluminium. \u00c0 propos de ce produit disponible en diff\u00e9rentes couleurs de bois\u00a0: &#8211; bouleau &#8211; \u00e9rable &#8211; h\u00eatre &#8211; ch\u00eane &#8211; cerisier S\u00e9curit\u00e9 incendie Acrovyn\u00ae est fabriqu\u00e9 en mat\u00e9riaux\u2026","og_url":"https:\/\/storax.be\/fr\/producten\/mains-courantes-acrovyn\/mce-40-aspect-bois\/","og_site_name":"Storax Belgium","article_modified_time":"2024-05-16T07:37:47+00:00","og_image":[{"width":270,"height":270,"url":"https:\/\/storax.be\/wp-content\/uploads\/sites\/2\/2019\/03\/thumb_270x270_469.jpg","type":"image\/jpeg"}],"twitter_card":"summary_large_image","twitter_misc":{"Dur\u00e9e de lecture estim\u00e9e":"1 minute"},"schema":{"@context":"https:\/\/schema.org","@graph":[{"@type":"WebPage","@id":"https:\/\/storax.be\/fr\/producten\/mains-courantes-acrovyn\/mce-40-aspect-bois\/","url":"https:\/\/storax.be\/fr\/producten\/mains-courantes-acrovyn\/mce-40-aspect-bois\/","name":"HRE 6 Aspect bois - Storax Belgium","isPartOf":{"@id":"https:\/\/storax.be\/fr\/#website"},"primaryImageOfPage":{"@id":"https:\/\/storax.be\/fr\/producten\/mains-courantes-acrovyn\/mce-40-aspect-bois\/#primaryimage"},"image":{"@id":"https:\/\/storax.be\/fr\/producten\/mains-courantes-acrovyn\/mce-40-aspect-bois\/#primaryimage"},"thumbnailUrl":"https:\/\/storax.be\/wp-content\/uploads\/sites\/2\/2019\/03\/HRE-6-Houtlook-leuning-of-betonlook-of-metaal-look.png","datePublished":"2022-07-14T11:17:56+00:00","dateModified":"2024-05-16T07:37:47+00:00","breadcrumb":{"@id":"https:\/\/storax.be\/fr\/producten\/mains-courantes-acrovyn\/mce-40-aspect-bois\/#breadcrumb"},"inLanguage":"fr-FR","potentialAction":[{"@type":"ReadAction","target":["https:\/\/storax.be\/fr\/producten\/mains-courantes-acrovyn\/mce-40-aspect-bois\/"]}]},{"@type":"ImageObject","inLanguage":"fr-FR","@id":"https:\/\/storax.be\/fr\/producten\/mains-courantes-acrovyn\/mce-40-aspect-bois\/#primaryimage","url":"https:\/\/storax.be\/wp-content\/uploads\/sites\/2\/2019\/03\/HRE-6-Houtlook-leuning-of-betonlook-of-metaal-look.png","contentUrl":"https:\/\/storax.be\/wp-content\/uploads\/sites\/2\/2019\/03\/HRE-6-Houtlook-leuning-of-betonlook-of-metaal-look.png","width":470,"height":470,"caption":"HRE-6-Houtlook-leuning-of-betonlook-of-metaal-look"},{"@type":"BreadcrumbList","@id":"https:\/\/storax.be\/fr\/producten\/mains-courantes-acrovyn\/mce-40-aspect-bois\/#breadcrumb","itemListElement":[{"@type":"ListItem","position":1,"name":"Home","item":"https:\/\/storax.be\/fr\/"},{"@type":"ListItem","position":2,"name":"Producten","item":"https:\/\/storax.be\/fr\/producten\/%product_category%\/"},{"@type":"ListItem","position":3,"name":"Protection des murs","item":"https:\/\/storax.be\/fr\/producten\/protection-des-murs\/"},{"@type":"ListItem","position":4,"name":"Mains courantes Acrovyn","item":"https:\/\/storax.be\/fr\/producten\/mains-courantes-acrovyn\/"},{"@type":"ListItem","position":5,"name":"HRE 6 Aspect bois"}]},{"@type":"WebSite","@id":"https:\/\/storax.be\/fr\/#website","url":"https:\/\/storax.be\/fr\/","name":"Storax Belgium","description":"Uw betrouwbare partner voor bouwprojecten","potentialAction":[{"@type":"SearchAction","target":{"@type":"EntryPoint","urlTemplate":"https:\/\/storax.be\/fr\/?s={search_term_string}"},"query-input":{"@type":"PropertyValueSpecification","valueRequired":true,"valueName":"search_term_string"}}],"inLanguage":"fr-FR"}]}},"_links":{"self":[{"href":"https:\/\/storax.be\/fr\/wp-json\/wp\/v2\/product\/114723","targetHints":{"allow":["GET"]}}],"collection":[{"href":"https:\/\/storax.be\/fr\/wp-json\/wp\/v2\/product"}],"about":[{"href":"https:\/\/storax.be\/fr\/wp-json\/wp\/v2\/types\/product"}],"wp:featuredmedia":[{"embeddable":true,"href":"https:\/\/storax.be\/fr\/wp-json\/wp\/v2\/media\/122234"}],"wp:attachment":[{"href":"https:\/\/storax.be\/fr\/wp-json\/wp\/v2\/media?parent=114723"}],"wp:term":[{"taxonomy":"product_category","embeddable":true,"href":"https:\/\/storax.be\/fr\/wp-json\/wp\/v2\/product_category?post=114723"},{"taxonomy":"product_tag","embeddable":true,"href":"https:\/\/storax.be\/fr\/wp-json\/wp\/v2\/product_tag?post=114723"}],"curies":[{"name":"wp","href":"https:\/\/api.w.org\/{rel}","templated":true}]}}