{"id":114721,"date":"2022-07-14T11:12:15","date_gmt":"2022-07-14T11:12:15","guid":{"rendered":"https:\/\/storax.be\/?post_type=product&#038;p=114721"},"modified":"2024-05-16T07:37:47","modified_gmt":"2024-05-16T07:37:47","slug":"mce-40-aluminium","status":"publish","type":"product","link":"https:\/\/storax.be\/fr\/producten\/mains-courantes-acrovyn\/mce-40-aluminium\/","title":{"rendered":"HRA 6 Aluminium"},"content":{"rendered":"<h2 style=\"font-size: 1.5em; line-height: 40px; font-weight: 600;\"><b>Profil\u00e9 en aluminium anodis\u00e9 continu<\/b><\/h2>\n<p><b>\u00c0 propos de ce produit<\/b><\/p>\n<ul>\n<li style=\"font-weight: 400;\" aria-level=\"1\"><span style=\"font-weight: 400;\">dimensions\u00a0: 40\u00a0mm<\/span><\/li>\n<li style=\"font-weight: 400;\" aria-level=\"1\"><span style=\"font-weight: 400;\">angles ext\u00e9rieurs et embouts \u00e0 90\u00b0<\/span><\/li>\n<li style=\"font-weight: 400;\" aria-level=\"1\"><span style=\"font-weight: 400;\">disponible avec supports de main courante en acier inoxydable ou en aluminium<\/span><\/li>\n<\/ul>\n<p><b style=\"margin: 0px; padding: 0px; border: 0px none; vertical-align: baseline; font-weight: 600; font-family: Poppins,Arial,Helvetica,sans-serif; font-size: 16px; font-style: normal; font-variant: normal; letter-spacing: normal; line-height: 28.8px; text-align: start; text-indent: 0px; text-transform: none; background: transparent none repeat scroll 0% 0%;\"><\/b><b>Montage:<br \/>\n<\/b><span style=\"font-weight: 400;\">Storax cumule plus de 30\u00a0ann\u00e9es d&rsquo;exp\u00e9rience dans le conseil, la fourniture et l&rsquo;installation de protections murales, y compris les angles pli\u00e9s, les d\u00e9coupes, les protections des chambranles et les mains courantes.<\/span><\/p>\n","protected":false},"excerpt":{"rendered":"<p>Profil\u00e9 en aluminium anodis\u00e9 continu \u00c0 propos de ce produit dimensions\u00a0: 40\u00a0mm angles ext\u00e9rieurs et embouts \u00e0 90\u00b0 disponible avec supports de main courante en acier inoxydable ou en aluminium Montage: Storax cumule plus de 30\u00a0ann\u00e9es d&rsquo;exp\u00e9rience dans le conseil, la fourniture et l&rsquo;installation de protections murales, y compris les angles pli\u00e9s, les d\u00e9coupes, les\u2026<\/p>\n","protected":false},"featured_media":122237,"template":"","meta":{"_acf_changed":false},"product_category":[706],"product_tag":[],"class_list":["post-114721","product","type-product","status-publish","has-post-thumbnail","hentry","product_category-mains-courantes-acrovyn"],"acf":[],"yoast_head":"<!-- This site is optimized with the Yoast SEO plugin v27.3 - https:\/\/yoast.com\/product\/yoast-seo-wordpress\/ -->\n<title>HRA 6 Aluminium - Storax Belgium<\/title>\n<meta name=\"robots\" content=\"index, follow, max-snippet:-1, max-image-preview:large, max-video-preview:-1\" \/>\n<link rel=\"canonical\" href=\"https:\/\/storax.be\/fr\/producten\/mains-courantes-acrovyn\/mce-40-aluminium\/\" \/>\n<meta property=\"og:locale\" content=\"fr_FR\" \/>\n<meta property=\"og:type\" content=\"article\" \/>\n<meta property=\"og:title\" content=\"HRA 6 Aluminium - Storax Belgium\" \/>\n<meta property=\"og:description\" content=\"Profil\u00e9 en aluminium anodis\u00e9 continu \u00c0 propos de ce produit dimensions\u00a0: 40\u00a0mm angles ext\u00e9rieurs et embouts \u00e0 90\u00b0 disponible avec supports de main courante en acier inoxydable ou en aluminium Montage: Storax cumule plus de 30\u00a0ann\u00e9es d&rsquo;exp\u00e9rience dans le conseil, la fourniture et l&rsquo;installation de protections murales, y compris les angles pli\u00e9s, les d\u00e9coupes, les\u2026\" \/>\n<meta property=\"og:url\" content=\"https:\/\/storax.be\/fr\/producten\/mains-courantes-acrovyn\/mce-40-aluminium\/\" \/>\n<meta property=\"og:site_name\" content=\"Storax Belgium\" \/>\n<meta property=\"article:modified_time\" content=\"2024-05-16T07:37:47+00:00\" \/>\n<meta property=\"og:image\" content=\"https:\/\/storax.be\/wp-content\/uploads\/sites\/2\/2019\/03\/thumb_270x270_470.jpg\" \/>\n\t<meta property=\"og:image:width\" content=\"270\" \/>\n\t<meta property=\"og:image:height\" content=\"270\" \/>\n\t<meta property=\"og:image:type\" content=\"image\/jpeg\" \/>\n<meta name=\"twitter:card\" content=\"summary_large_image\" \/>\n<meta name=\"twitter:label1\" content=\"Dur\u00e9e de lecture estim\u00e9e\" \/>\n\t<meta name=\"twitter:data1\" content=\"1 minute\" \/>\n<script type=\"application\/ld+json\" class=\"yoast-schema-graph\">{\"@context\":\"https:\\\/\\\/schema.org\",\"@graph\":[{\"@type\":\"WebPage\",\"@id\":\"https:\\\/\\\/storax.be\\\/fr\\\/producten\\\/mains-courantes-acrovyn\\\/mce-40-aluminium\\\/\",\"url\":\"https:\\\/\\\/storax.be\\\/fr\\\/producten\\\/mains-courantes-acrovyn\\\/mce-40-aluminium\\\/\",\"name\":\"HRA 6 Aluminium - Storax Belgium\",\"isPartOf\":{\"@id\":\"https:\\\/\\\/storax.be\\\/fr\\\/#website\"},\"primaryImageOfPage\":{\"@id\":\"https:\\\/\\\/storax.be\\\/fr\\\/producten\\\/mains-courantes-acrovyn\\\/mce-40-aluminium\\\/#primaryimage\"},\"image\":{\"@id\":\"https:\\\/\\\/storax.be\\\/fr\\\/producten\\\/mains-courantes-acrovyn\\\/mce-40-aluminium\\\/#primaryimage\"},\"thumbnailUrl\":\"https:\\\/\\\/storax.be\\\/wp-content\\\/uploads\\\/sites\\\/2\\\/2019\\\/03\\\/HRA-6-aluminium-leuning-zorg.png\",\"datePublished\":\"2022-07-14T11:12:15+00:00\",\"dateModified\":\"2024-05-16T07:37:47+00:00\",\"breadcrumb\":{\"@id\":\"https:\\\/\\\/storax.be\\\/fr\\\/producten\\\/mains-courantes-acrovyn\\\/mce-40-aluminium\\\/#breadcrumb\"},\"inLanguage\":\"fr-FR\",\"potentialAction\":[{\"@type\":\"ReadAction\",\"target\":[\"https:\\\/\\\/storax.be\\\/fr\\\/producten\\\/mains-courantes-acrovyn\\\/mce-40-aluminium\\\/\"]}]},{\"@type\":\"ImageObject\",\"inLanguage\":\"fr-FR\",\"@id\":\"https:\\\/\\\/storax.be\\\/fr\\\/producten\\\/mains-courantes-acrovyn\\\/mce-40-aluminium\\\/#primaryimage\",\"url\":\"https:\\\/\\\/storax.be\\\/wp-content\\\/uploads\\\/sites\\\/2\\\/2019\\\/03\\\/HRA-6-aluminium-leuning-zorg.png\",\"contentUrl\":\"https:\\\/\\\/storax.be\\\/wp-content\\\/uploads\\\/sites\\\/2\\\/2019\\\/03\\\/HRA-6-aluminium-leuning-zorg.png\",\"width\":470,\"height\":470,\"caption\":\"HRA-6-aluminium-leuning-zorg\"},{\"@type\":\"BreadcrumbList\",\"@id\":\"https:\\\/\\\/storax.be\\\/fr\\\/producten\\\/mains-courantes-acrovyn\\\/mce-40-aluminium\\\/#breadcrumb\",\"itemListElement\":[{\"@type\":\"ListItem\",\"position\":1,\"name\":\"Home\",\"item\":\"https:\\\/\\\/storax.be\\\/fr\\\/\"},{\"@type\":\"ListItem\",\"position\":2,\"name\":\"Producten\",\"item\":\"https:\\\/\\\/storax.be\\\/fr\\\/producten\\\/%product_category%\\\/\"},{\"@type\":\"ListItem\",\"position\":3,\"name\":\"Protection des murs\",\"item\":\"https:\\\/\\\/storax.be\\\/fr\\\/producten\\\/protection-des-murs\\\/\"},{\"@type\":\"ListItem\",\"position\":4,\"name\":\"Mains courantes Acrovyn\",\"item\":\"https:\\\/\\\/storax.be\\\/fr\\\/producten\\\/mains-courantes-acrovyn\\\/\"},{\"@type\":\"ListItem\",\"position\":5,\"name\":\"HRA 6 Aluminium\"}]},{\"@type\":\"WebSite\",\"@id\":\"https:\\\/\\\/storax.be\\\/fr\\\/#website\",\"url\":\"https:\\\/\\\/storax.be\\\/fr\\\/\",\"name\":\"Storax Belgium\",\"description\":\"Uw betrouwbare partner voor bouwprojecten\",\"potentialAction\":[{\"@type\":\"SearchAction\",\"target\":{\"@type\":\"EntryPoint\",\"urlTemplate\":\"https:\\\/\\\/storax.be\\\/fr\\\/?s={search_term_string}\"},\"query-input\":{\"@type\":\"PropertyValueSpecification\",\"valueRequired\":true,\"valueName\":\"search_term_string\"}}],\"inLanguage\":\"fr-FR\"}]}<\/script>\n<!-- \/ Yoast SEO plugin. -->","yoast_head_json":{"title":"HRA 6 Aluminium - Storax Belgium","robots":{"index":"index","follow":"follow","max-snippet":"max-snippet:-1","max-image-preview":"max-image-preview:large","max-video-preview":"max-video-preview:-1"},"canonical":"https:\/\/storax.be\/fr\/producten\/mains-courantes-acrovyn\/mce-40-aluminium\/","og_locale":"fr_FR","og_type":"article","og_title":"HRA 6 Aluminium - Storax Belgium","og_description":"Profil\u00e9 en aluminium anodis\u00e9 continu \u00c0 propos de ce produit dimensions\u00a0: 40\u00a0mm angles ext\u00e9rieurs et embouts \u00e0 90\u00b0 disponible avec supports de main courante en acier inoxydable ou en aluminium Montage: Storax cumule plus de 30\u00a0ann\u00e9es d&rsquo;exp\u00e9rience dans le conseil, la fourniture et l&rsquo;installation de protections murales, y compris les angles pli\u00e9s, les d\u00e9coupes, les\u2026","og_url":"https:\/\/storax.be\/fr\/producten\/mains-courantes-acrovyn\/mce-40-aluminium\/","og_site_name":"Storax Belgium","article_modified_time":"2024-05-16T07:37:47+00:00","og_image":[{"width":270,"height":270,"url":"https:\/\/storax.be\/wp-content\/uploads\/sites\/2\/2019\/03\/thumb_270x270_470.jpg","type":"image\/jpeg"}],"twitter_card":"summary_large_image","twitter_misc":{"Dur\u00e9e de lecture estim\u00e9e":"1 minute"},"schema":{"@context":"https:\/\/schema.org","@graph":[{"@type":"WebPage","@id":"https:\/\/storax.be\/fr\/producten\/mains-courantes-acrovyn\/mce-40-aluminium\/","url":"https:\/\/storax.be\/fr\/producten\/mains-courantes-acrovyn\/mce-40-aluminium\/","name":"HRA 6 Aluminium - Storax Belgium","isPartOf":{"@id":"https:\/\/storax.be\/fr\/#website"},"primaryImageOfPage":{"@id":"https:\/\/storax.be\/fr\/producten\/mains-courantes-acrovyn\/mce-40-aluminium\/#primaryimage"},"image":{"@id":"https:\/\/storax.be\/fr\/producten\/mains-courantes-acrovyn\/mce-40-aluminium\/#primaryimage"},"thumbnailUrl":"https:\/\/storax.be\/wp-content\/uploads\/sites\/2\/2019\/03\/HRA-6-aluminium-leuning-zorg.png","datePublished":"2022-07-14T11:12:15+00:00","dateModified":"2024-05-16T07:37:47+00:00","breadcrumb":{"@id":"https:\/\/storax.be\/fr\/producten\/mains-courantes-acrovyn\/mce-40-aluminium\/#breadcrumb"},"inLanguage":"fr-FR","potentialAction":[{"@type":"ReadAction","target":["https:\/\/storax.be\/fr\/producten\/mains-courantes-acrovyn\/mce-40-aluminium\/"]}]},{"@type":"ImageObject","inLanguage":"fr-FR","@id":"https:\/\/storax.be\/fr\/producten\/mains-courantes-acrovyn\/mce-40-aluminium\/#primaryimage","url":"https:\/\/storax.be\/wp-content\/uploads\/sites\/2\/2019\/03\/HRA-6-aluminium-leuning-zorg.png","contentUrl":"https:\/\/storax.be\/wp-content\/uploads\/sites\/2\/2019\/03\/HRA-6-aluminium-leuning-zorg.png","width":470,"height":470,"caption":"HRA-6-aluminium-leuning-zorg"},{"@type":"BreadcrumbList","@id":"https:\/\/storax.be\/fr\/producten\/mains-courantes-acrovyn\/mce-40-aluminium\/#breadcrumb","itemListElement":[{"@type":"ListItem","position":1,"name":"Home","item":"https:\/\/storax.be\/fr\/"},{"@type":"ListItem","position":2,"name":"Producten","item":"https:\/\/storax.be\/fr\/producten\/%product_category%\/"},{"@type":"ListItem","position":3,"name":"Protection des murs","item":"https:\/\/storax.be\/fr\/producten\/protection-des-murs\/"},{"@type":"ListItem","position":4,"name":"Mains courantes Acrovyn","item":"https:\/\/storax.be\/fr\/producten\/mains-courantes-acrovyn\/"},{"@type":"ListItem","position":5,"name":"HRA 6 Aluminium"}]},{"@type":"WebSite","@id":"https:\/\/storax.be\/fr\/#website","url":"https:\/\/storax.be\/fr\/","name":"Storax Belgium","description":"Uw betrouwbare partner voor bouwprojecten","potentialAction":[{"@type":"SearchAction","target":{"@type":"EntryPoint","urlTemplate":"https:\/\/storax.be\/fr\/?s={search_term_string}"},"query-input":{"@type":"PropertyValueSpecification","valueRequired":true,"valueName":"search_term_string"}}],"inLanguage":"fr-FR"}]}},"_links":{"self":[{"href":"https:\/\/storax.be\/fr\/wp-json\/wp\/v2\/product\/114721","targetHints":{"allow":["GET"]}}],"collection":[{"href":"https:\/\/storax.be\/fr\/wp-json\/wp\/v2\/product"}],"about":[{"href":"https:\/\/storax.be\/fr\/wp-json\/wp\/v2\/types\/product"}],"wp:featuredmedia":[{"embeddable":true,"href":"https:\/\/storax.be\/fr\/wp-json\/wp\/v2\/media\/122237"}],"wp:attachment":[{"href":"https:\/\/storax.be\/fr\/wp-json\/wp\/v2\/media?parent=114721"}],"wp:term":[{"taxonomy":"product_category","embeddable":true,"href":"https:\/\/storax.be\/fr\/wp-json\/wp\/v2\/product_category?post=114721"},{"taxonomy":"product_tag","embeddable":true,"href":"https:\/\/storax.be\/fr\/wp-json\/wp\/v2\/product_tag?post=114721"}],"curies":[{"name":"wp","href":"https:\/\/api.w.org\/{rel}","templated":true}]}}