{"id":114715,"date":"2022-07-14T10:08:45","date_gmt":"2022-07-14T10:08:45","guid":{"rendered":"https:\/\/storax.be\/?post_type=product&#038;p=114715"},"modified":"2024-05-16T07:37:46","modified_gmt":"2024-05-16T07:37:46","slug":"serie-sgw-mur","status":"publish","type":"product","link":"https:\/\/storax.be\/fr\/producten\/profiles-couvre-joints-resistant-aux-tremblements-de-terre\/serie-sgw-mur\/","title":{"rendered":"S\u00e9rie SGW (mur)"},"content":{"rendered":"<h2><b>Profil\u00e9 couvre-joint antisismique pour murs<\/b><\/h2>\n<p><span style=\"font-weight: 400;\">Profil\u00e9s couvre-joints encastr\u00e9s pour joints de 125 \u00e0 250\u00a0mm.<\/span><\/p>\n<p><span style=\"font-weight: 400;\">La s\u00e9rie SGW est un profil\u00e9 couvre-joint avec double insert muni d&rsquo;un m\u00e9canisme sp\u00e9cial pour absorber les mouvements thermiques des murs. En cas de tremblement de terre, ce m\u00e9canisme se d\u00e9verrouille afin que le profil\u00e9 puisse absorber les mouvements sismiques.<\/span><\/p>\n<ul>\n<li style=\"font-weight: 400;\" aria-level=\"1\"><span style=\"font-weight: 400;\">Profil\u00e9 couvre-joint antisismique pour murs<\/span><\/li>\n<li style=\"font-weight: 400;\" aria-level=\"1\"><span style=\"font-weight: 400;\">Pour joints de 125 \u00e0 250\u00a0mm.<\/span><\/li>\n<li style=\"font-weight: 400;\" aria-level=\"1\"><span style=\"font-weight: 400;\">Hauteur d&rsquo;encastrement\u00a0: 16\u00a0mm<\/span><\/li>\n<li style=\"font-weight: 400;\" aria-level=\"1\"><span style=\"font-weight: 400;\">Se combine id\u00e9alement avec les s\u00e9ries SJP, SSR, SJ HD pour sols<\/span><\/li>\n<li style=\"font-weight: 400;\" aria-level=\"1\"><span style=\"font-weight: 400;\">Pour les mouvements sismiques<\/span><\/li>\n<li style=\"font-weight: 400;\" aria-level=\"1\"><span style=\"font-weight: 400;\">Longueur standard\u00a0: 3\u00a0m<\/span><\/li>\n<li style=\"font-weight: 400;\" aria-level=\"1\"><span style=\"font-weight: 400;\">Couleur des inserts\u00a0: noir et gris<\/span><\/li>\n<\/ul>\n","protected":false},"excerpt":{"rendered":"<p>Profil\u00e9 couvre-joint antisismique pour murs Profil\u00e9s couvre-joints encastr\u00e9s pour joints de 125 \u00e0 250\u00a0mm. La s\u00e9rie SGW est un profil\u00e9 couvre-joint avec double insert muni d&rsquo;un m\u00e9canisme sp\u00e9cial pour absorber les mouvements thermiques des murs. En cas de tremblement de terre, ce m\u00e9canisme se d\u00e9verrouille afin que le profil\u00e9 puisse absorber les mouvements sismiques. Profil\u00e9\u2026<\/p>\n","protected":false},"featured_media":105841,"template":"","meta":{"_acf_changed":false},"product_category":[661],"product_tag":[],"class_list":["post-114715","product","type-product","status-publish","has-post-thumbnail","hentry","product_category-profiles-couvre-joints-resistant-aux-tremblements-de-terre"],"acf":[],"yoast_head":"<!-- This site is optimized with the Yoast SEO plugin v27.3 - https:\/\/yoast.com\/product\/yoast-seo-wordpress\/ -->\n<title>S\u00e9rie SGW (mur) - Storax Belgium<\/title>\n<meta name=\"robots\" content=\"index, follow, max-snippet:-1, max-image-preview:large, max-video-preview:-1\" \/>\n<link rel=\"canonical\" href=\"https:\/\/storax.be\/fr\/producten\/profiles-couvre-joints-resistant-aux-tremblements-de-terre\/serie-sgw-mur\/\" \/>\n<meta property=\"og:locale\" content=\"fr_FR\" \/>\n<meta property=\"og:type\" content=\"article\" \/>\n<meta property=\"og:title\" content=\"S\u00e9rie SGW (mur) - Storax Belgium\" \/>\n<meta property=\"og:description\" content=\"Profil\u00e9 couvre-joint antisismique pour murs Profil\u00e9s couvre-joints encastr\u00e9s pour joints de 125 \u00e0 250\u00a0mm. La s\u00e9rie SGW est un profil\u00e9 couvre-joint avec double insert muni d&rsquo;un m\u00e9canisme sp\u00e9cial pour absorber les mouvements thermiques des murs. En cas de tremblement de terre, ce m\u00e9canisme se d\u00e9verrouille afin que le profil\u00e9 puisse absorber les mouvements sismiques. Profil\u00e9\u2026\" \/>\n<meta property=\"og:url\" content=\"https:\/\/storax.be\/fr\/producten\/profiles-couvre-joints-resistant-aux-tremblements-de-terre\/serie-sgw-mur\/\" \/>\n<meta property=\"og:site_name\" content=\"Storax Belgium\" \/>\n<meta property=\"article:modified_time\" content=\"2024-05-16T07:37:46+00:00\" \/>\n<meta property=\"og:image\" content=\"https:\/\/storax.be\/wp-content\/uploads\/sites\/2\/2019\/03\/thumb_270x270_646.jpg\" \/>\n\t<meta property=\"og:image:width\" content=\"270\" \/>\n\t<meta property=\"og:image:height\" content=\"270\" \/>\n\t<meta property=\"og:image:type\" content=\"image\/jpeg\" \/>\n<meta name=\"twitter:card\" content=\"summary_large_image\" \/>\n<meta name=\"twitter:label1\" content=\"Dur\u00e9e de lecture estim\u00e9e\" \/>\n\t<meta name=\"twitter:data1\" content=\"1 minute\" \/>\n<script type=\"application\/ld+json\" class=\"yoast-schema-graph\">{\"@context\":\"https:\\\/\\\/schema.org\",\"@graph\":[{\"@type\":\"WebPage\",\"@id\":\"https:\\\/\\\/storax.be\\\/fr\\\/producten\\\/profiles-couvre-joints-resistant-aux-tremblements-de-terre\\\/serie-sgw-mur\\\/\",\"url\":\"https:\\\/\\\/storax.be\\\/fr\\\/producten\\\/profiles-couvre-joints-resistant-aux-tremblements-de-terre\\\/serie-sgw-mur\\\/\",\"name\":\"S\u00e9rie SGW (mur) - Storax Belgium\",\"isPartOf\":{\"@id\":\"https:\\\/\\\/storax.be\\\/fr\\\/#website\"},\"primaryImageOfPage\":{\"@id\":\"https:\\\/\\\/storax.be\\\/fr\\\/producten\\\/profiles-couvre-joints-resistant-aux-tremblements-de-terre\\\/serie-sgw-mur\\\/#primaryimage\"},\"image\":{\"@id\":\"https:\\\/\\\/storax.be\\\/fr\\\/producten\\\/profiles-couvre-joints-resistant-aux-tremblements-de-terre\\\/serie-sgw-mur\\\/#primaryimage\"},\"thumbnailUrl\":\"https:\\\/\\\/storax.be\\\/wp-content\\\/uploads\\\/sites\\\/2\\\/2019\\\/03\\\/thumb_270x270_646.jpg\",\"datePublished\":\"2022-07-14T10:08:45+00:00\",\"dateModified\":\"2024-05-16T07:37:46+00:00\",\"breadcrumb\":{\"@id\":\"https:\\\/\\\/storax.be\\\/fr\\\/producten\\\/profiles-couvre-joints-resistant-aux-tremblements-de-terre\\\/serie-sgw-mur\\\/#breadcrumb\"},\"inLanguage\":\"fr-FR\",\"potentialAction\":[{\"@type\":\"ReadAction\",\"target\":[\"https:\\\/\\\/storax.be\\\/fr\\\/producten\\\/profiles-couvre-joints-resistant-aux-tremblements-de-terre\\\/serie-sgw-mur\\\/\"]}]},{\"@type\":\"ImageObject\",\"inLanguage\":\"fr-FR\",\"@id\":\"https:\\\/\\\/storax.be\\\/fr\\\/producten\\\/profiles-couvre-joints-resistant-aux-tremblements-de-terre\\\/serie-sgw-mur\\\/#primaryimage\",\"url\":\"https:\\\/\\\/storax.be\\\/wp-content\\\/uploads\\\/sites\\\/2\\\/2019\\\/03\\\/thumb_270x270_646.jpg\",\"contentUrl\":\"https:\\\/\\\/storax.be\\\/wp-content\\\/uploads\\\/sites\\\/2\\\/2019\\\/03\\\/thumb_270x270_646.jpg\",\"width\":270,\"height\":270},{\"@type\":\"BreadcrumbList\",\"@id\":\"https:\\\/\\\/storax.be\\\/fr\\\/producten\\\/profiles-couvre-joints-resistant-aux-tremblements-de-terre\\\/serie-sgw-mur\\\/#breadcrumb\",\"itemListElement\":[{\"@type\":\"ListItem\",\"position\":1,\"name\":\"Home\",\"item\":\"https:\\\/\\\/storax.be\\\/fr\\\/\"},{\"@type\":\"ListItem\",\"position\":2,\"name\":\"Producten\",\"item\":\"https:\\\/\\\/storax.be\\\/fr\\\/producten\\\/%product_category%\\\/\"},{\"@type\":\"ListItem\",\"position\":3,\"name\":\"Profil\u00e9s couvre-joints\",\"item\":\"https:\\\/\\\/storax.be\\\/fr\\\/producten\\\/profiles-couvre-joints\\\/\"},{\"@type\":\"ListItem\",\"position\":4,\"name\":\"R\u00e9sistant aux tremblements de terre\",\"item\":\"https:\\\/\\\/storax.be\\\/fr\\\/producten\\\/profiles-couvre-joints-resistant-aux-tremblements-de-terre\\\/\"},{\"@type\":\"ListItem\",\"position\":5,\"name\":\"S\u00e9rie SGW (mur)\"}]},{\"@type\":\"WebSite\",\"@id\":\"https:\\\/\\\/storax.be\\\/fr\\\/#website\",\"url\":\"https:\\\/\\\/storax.be\\\/fr\\\/\",\"name\":\"Storax Belgium\",\"description\":\"Uw betrouwbare partner voor bouwprojecten\",\"potentialAction\":[{\"@type\":\"SearchAction\",\"target\":{\"@type\":\"EntryPoint\",\"urlTemplate\":\"https:\\\/\\\/storax.be\\\/fr\\\/?s={search_term_string}\"},\"query-input\":{\"@type\":\"PropertyValueSpecification\",\"valueRequired\":true,\"valueName\":\"search_term_string\"}}],\"inLanguage\":\"fr-FR\"}]}<\/script>\n<!-- \/ Yoast SEO plugin. -->","yoast_head_json":{"title":"S\u00e9rie SGW (mur) - Storax Belgium","robots":{"index":"index","follow":"follow","max-snippet":"max-snippet:-1","max-image-preview":"max-image-preview:large","max-video-preview":"max-video-preview:-1"},"canonical":"https:\/\/storax.be\/fr\/producten\/profiles-couvre-joints-resistant-aux-tremblements-de-terre\/serie-sgw-mur\/","og_locale":"fr_FR","og_type":"article","og_title":"S\u00e9rie SGW (mur) - Storax Belgium","og_description":"Profil\u00e9 couvre-joint antisismique pour murs Profil\u00e9s couvre-joints encastr\u00e9s pour joints de 125 \u00e0 250\u00a0mm. La s\u00e9rie SGW est un profil\u00e9 couvre-joint avec double insert muni d&rsquo;un m\u00e9canisme sp\u00e9cial pour absorber les mouvements thermiques des murs. En cas de tremblement de terre, ce m\u00e9canisme se d\u00e9verrouille afin que le profil\u00e9 puisse absorber les mouvements sismiques. Profil\u00e9\u2026","og_url":"https:\/\/storax.be\/fr\/producten\/profiles-couvre-joints-resistant-aux-tremblements-de-terre\/serie-sgw-mur\/","og_site_name":"Storax Belgium","article_modified_time":"2024-05-16T07:37:46+00:00","og_image":[{"width":270,"height":270,"url":"https:\/\/storax.be\/wp-content\/uploads\/sites\/2\/2019\/03\/thumb_270x270_646.jpg","type":"image\/jpeg"}],"twitter_card":"summary_large_image","twitter_misc":{"Dur\u00e9e de lecture estim\u00e9e":"1 minute"},"schema":{"@context":"https:\/\/schema.org","@graph":[{"@type":"WebPage","@id":"https:\/\/storax.be\/fr\/producten\/profiles-couvre-joints-resistant-aux-tremblements-de-terre\/serie-sgw-mur\/","url":"https:\/\/storax.be\/fr\/producten\/profiles-couvre-joints-resistant-aux-tremblements-de-terre\/serie-sgw-mur\/","name":"S\u00e9rie SGW (mur) - Storax Belgium","isPartOf":{"@id":"https:\/\/storax.be\/fr\/#website"},"primaryImageOfPage":{"@id":"https:\/\/storax.be\/fr\/producten\/profiles-couvre-joints-resistant-aux-tremblements-de-terre\/serie-sgw-mur\/#primaryimage"},"image":{"@id":"https:\/\/storax.be\/fr\/producten\/profiles-couvre-joints-resistant-aux-tremblements-de-terre\/serie-sgw-mur\/#primaryimage"},"thumbnailUrl":"https:\/\/storax.be\/wp-content\/uploads\/sites\/2\/2019\/03\/thumb_270x270_646.jpg","datePublished":"2022-07-14T10:08:45+00:00","dateModified":"2024-05-16T07:37:46+00:00","breadcrumb":{"@id":"https:\/\/storax.be\/fr\/producten\/profiles-couvre-joints-resistant-aux-tremblements-de-terre\/serie-sgw-mur\/#breadcrumb"},"inLanguage":"fr-FR","potentialAction":[{"@type":"ReadAction","target":["https:\/\/storax.be\/fr\/producten\/profiles-couvre-joints-resistant-aux-tremblements-de-terre\/serie-sgw-mur\/"]}]},{"@type":"ImageObject","inLanguage":"fr-FR","@id":"https:\/\/storax.be\/fr\/producten\/profiles-couvre-joints-resistant-aux-tremblements-de-terre\/serie-sgw-mur\/#primaryimage","url":"https:\/\/storax.be\/wp-content\/uploads\/sites\/2\/2019\/03\/thumb_270x270_646.jpg","contentUrl":"https:\/\/storax.be\/wp-content\/uploads\/sites\/2\/2019\/03\/thumb_270x270_646.jpg","width":270,"height":270},{"@type":"BreadcrumbList","@id":"https:\/\/storax.be\/fr\/producten\/profiles-couvre-joints-resistant-aux-tremblements-de-terre\/serie-sgw-mur\/#breadcrumb","itemListElement":[{"@type":"ListItem","position":1,"name":"Home","item":"https:\/\/storax.be\/fr\/"},{"@type":"ListItem","position":2,"name":"Producten","item":"https:\/\/storax.be\/fr\/producten\/%product_category%\/"},{"@type":"ListItem","position":3,"name":"Profil\u00e9s couvre-joints","item":"https:\/\/storax.be\/fr\/producten\/profiles-couvre-joints\/"},{"@type":"ListItem","position":4,"name":"R\u00e9sistant aux tremblements de terre","item":"https:\/\/storax.be\/fr\/producten\/profiles-couvre-joints-resistant-aux-tremblements-de-terre\/"},{"@type":"ListItem","position":5,"name":"S\u00e9rie SGW (mur)"}]},{"@type":"WebSite","@id":"https:\/\/storax.be\/fr\/#website","url":"https:\/\/storax.be\/fr\/","name":"Storax Belgium","description":"Uw betrouwbare partner voor bouwprojecten","potentialAction":[{"@type":"SearchAction","target":{"@type":"EntryPoint","urlTemplate":"https:\/\/storax.be\/fr\/?s={search_term_string}"},"query-input":{"@type":"PropertyValueSpecification","valueRequired":true,"valueName":"search_term_string"}}],"inLanguage":"fr-FR"}]}},"_links":{"self":[{"href":"https:\/\/storax.be\/fr\/wp-json\/wp\/v2\/product\/114715","targetHints":{"allow":["GET"]}}],"collection":[{"href":"https:\/\/storax.be\/fr\/wp-json\/wp\/v2\/product"}],"about":[{"href":"https:\/\/storax.be\/fr\/wp-json\/wp\/v2\/types\/product"}],"wp:featuredmedia":[{"embeddable":true,"href":"https:\/\/storax.be\/fr\/wp-json\/wp\/v2\/media\/105841"}],"wp:attachment":[{"href":"https:\/\/storax.be\/fr\/wp-json\/wp\/v2\/media?parent=114715"}],"wp:term":[{"taxonomy":"product_category","embeddable":true,"href":"https:\/\/storax.be\/fr\/wp-json\/wp\/v2\/product_category?post=114715"},{"taxonomy":"product_tag","embeddable":true,"href":"https:\/\/storax.be\/fr\/wp-json\/wp\/v2\/product_tag?post=114715"}],"curies":[{"name":"wp","href":"https:\/\/api.w.org\/{rel}","templated":true}]}}