{"id":107032,"date":"2019-03-22T06:16:05","date_gmt":"2019-03-22T06:16:05","guid":{"rendered":"https:\/\/storax.be\/producten\/uncategorized\/forza-brush\/"},"modified":"2024-05-16T07:37:18","modified_gmt":"2024-05-16T07:37:18","slug":"forza-brush","status":"publish","type":"product","link":"https:\/\/storax.be\/fr\/producten\/schoonloopzones-fr\/forza-brush\/","title":{"rendered":"Forza Brush"},"content":{"rendered":"<h2>Zone de nettoyage avec effet brossant<\/h2>\n<p><strong>FORZA-BRUSH<\/strong> est une zone de nettoyage solide et de haute qualit\u00e9 qui permet de pr\u00e9venir au maximum l&rsquo;entr\u00e9e de salet\u00e9 et d&rsquo;humidit\u00e9. Gr\u00e2ce \u00e0 une combinaison parfaite de fibres de polyamide, une zone de nettoyage se forme qui non seulement s\u00e8che efficacement, mais a \u00e9galement un fort effet brossant.<br \/>\n<b><br \/>\n\u00c0 propos de ce produit<br \/>\n<\/b><\/p>\n<ul>\n<li>Zone de nettoyage solide et de haute qualit\u00e9<\/li>\n<li>Effet brossant et s\u00e9chant optimal<\/li>\n<li>\u00c9paisseur : 9 mm<\/li>\n<li>Convient uniquement pour une utilisation en int\u00e9rieur<\/li>\n<li>Facile \u00e0 nettoyer<\/li>\n<li>Disponible en 6 couleurs contemporaines qui masquent la salet\u00e9<\/li>\n<li>Disponible en rouleaux, au m\u00e8tre ou en tapis standard<\/li>\n<\/ul>\n<p><b>Rouleaux<br \/>\n<\/b><\/p>\n<ul>\n<li>135 cm*<\/li>\n<li>200 cm*<\/li>\n<\/ul>\n<p>*dimensions comprenant des bordures en vinyle de 2,5 cm de large tout autour<\/p>\n","protected":false},"excerpt":{"rendered":"<p>Zone de nettoyage avec effet brossant FORZA-BRUSH est une zone de nettoyage solide et de haute qualit\u00e9 qui permet de pr\u00e9venir au maximum l&rsquo;entr\u00e9e de salet\u00e9 et d&rsquo;humidit\u00e9. Gr\u00e2ce \u00e0 une combinaison parfaite de fibres de polyamide, une zone de nettoyage se forme qui non seulement s\u00e8che efficacement, mais a \u00e9galement un fort effet brossant.\u2026<\/p>\n","protected":false},"featured_media":107033,"template":"","meta":{"_acf_changed":false},"product_category":[621],"product_tag":[450,473,480,488,489,507,546,570,576],"class_list":["post-107032","product","type-product","status-publish","has-post-thumbnail","hentry","product_category-schoonloopzones-fr","product_tag-3-jaar-fr","product_tag-9-mm-fr","product_tag-alle-vormen-fr","product_tag-binnen-fr","product_tag-borstelen-fr","product_tag-gesloten-mat-fr","product_tag-rolstoelen-fr","product_tag-winkelwagens-fr","product_tag-zwaar-verkeer-fr"],"acf":[],"yoast_head":"<!-- This site is optimized with the Yoast SEO plugin v27.3 - https:\/\/yoast.com\/product\/yoast-seo-wordpress\/ -->\n<title>Forza Brush | Tapis d&#039;entr\u00e9e<\/title>\n<meta name=\"robots\" content=\"index, follow, max-snippet:-1, max-image-preview:large, max-video-preview:-1\" \/>\n<link rel=\"canonical\" href=\"https:\/\/storax.be\/fr\/producten\/schoonloopzones-fr\/forza-brush\/\" \/>\n<meta property=\"og:locale\" content=\"fr_FR\" \/>\n<meta property=\"og:type\" content=\"article\" \/>\n<meta property=\"og:title\" content=\"Forza Brush | Tapis d&#039;entr\u00e9e\" \/>\n<meta property=\"og:description\" content=\"Zone de nettoyage avec effet brossant FORZA-BRUSH est une zone de nettoyage solide et de haute qualit\u00e9 qui permet de pr\u00e9venir au maximum l&rsquo;entr\u00e9e de salet\u00e9 et d&rsquo;humidit\u00e9. Gr\u00e2ce \u00e0 une combinaison parfaite de fibres de polyamide, une zone de nettoyage se forme qui non seulement s\u00e8che efficacement, mais a \u00e9galement un fort effet brossant.\u2026\" \/>\n<meta property=\"og:url\" content=\"https:\/\/storax.be\/fr\/producten\/schoonloopzones-fr\/forza-brush\/\" \/>\n<meta property=\"og:site_name\" content=\"Storax Belgium\" \/>\n<meta property=\"article:modified_time\" content=\"2024-05-16T07:37:18+00:00\" \/>\n<meta property=\"og:image\" content=\"https:\/\/storax.be\/wp-content\/uploads\/sites\/2\/2019\/03\/thumb_270x270_17-1.jpg\" \/>\n\t<meta property=\"og:image:width\" content=\"270\" \/>\n\t<meta property=\"og:image:height\" content=\"270\" \/>\n\t<meta property=\"og:image:type\" content=\"image\/jpeg\" \/>\n<meta name=\"twitter:card\" content=\"summary_large_image\" \/>\n<meta name=\"twitter:label1\" content=\"Dur\u00e9e de lecture estim\u00e9e\" \/>\n\t<meta name=\"twitter:data1\" content=\"1 minute\" \/>\n<script type=\"application\/ld+json\" class=\"yoast-schema-graph\">{\"@context\":\"https:\\\/\\\/schema.org\",\"@graph\":[{\"@type\":\"WebPage\",\"@id\":\"https:\\\/\\\/storax.be\\\/fr\\\/producten\\\/schoonloopzones-fr\\\/forza-brush\\\/\",\"url\":\"https:\\\/\\\/storax.be\\\/fr\\\/producten\\\/schoonloopzones-fr\\\/forza-brush\\\/\",\"name\":\"Forza Brush | Tapis d'entr\u00e9e\",\"isPartOf\":{\"@id\":\"https:\\\/\\\/storax.be\\\/fr\\\/#website\"},\"primaryImageOfPage\":{\"@id\":\"https:\\\/\\\/storax.be\\\/fr\\\/producten\\\/schoonloopzones-fr\\\/forza-brush\\\/#primaryimage\"},\"image\":{\"@id\":\"https:\\\/\\\/storax.be\\\/fr\\\/producten\\\/schoonloopzones-fr\\\/forza-brush\\\/#primaryimage\"},\"thumbnailUrl\":\"https:\\\/\\\/storax.be\\\/wp-content\\\/uploads\\\/sites\\\/2\\\/2019\\\/03\\\/thumb_270x270_17-1.jpg\",\"datePublished\":\"2019-03-22T06:16:05+00:00\",\"dateModified\":\"2024-05-16T07:37:18+00:00\",\"breadcrumb\":{\"@id\":\"https:\\\/\\\/storax.be\\\/fr\\\/producten\\\/schoonloopzones-fr\\\/forza-brush\\\/#breadcrumb\"},\"inLanguage\":\"fr-FR\",\"potentialAction\":[{\"@type\":\"ReadAction\",\"target\":[\"https:\\\/\\\/storax.be\\\/fr\\\/producten\\\/schoonloopzones-fr\\\/forza-brush\\\/\"]}]},{\"@type\":\"ImageObject\",\"inLanguage\":\"fr-FR\",\"@id\":\"https:\\\/\\\/storax.be\\\/fr\\\/producten\\\/schoonloopzones-fr\\\/forza-brush\\\/#primaryimage\",\"url\":\"https:\\\/\\\/storax.be\\\/wp-content\\\/uploads\\\/sites\\\/2\\\/2019\\\/03\\\/thumb_270x270_17-1.jpg\",\"contentUrl\":\"https:\\\/\\\/storax.be\\\/wp-content\\\/uploads\\\/sites\\\/2\\\/2019\\\/03\\\/thumb_270x270_17-1.jpg\",\"width\":270,\"height\":270},{\"@type\":\"BreadcrumbList\",\"@id\":\"https:\\\/\\\/storax.be\\\/fr\\\/producten\\\/schoonloopzones-fr\\\/forza-brush\\\/#breadcrumb\",\"itemListElement\":[{\"@type\":\"ListItem\",\"position\":1,\"name\":\"Home\",\"item\":\"https:\\\/\\\/storax.be\\\/fr\\\/\"},{\"@type\":\"ListItem\",\"position\":2,\"name\":\"Producten\",\"item\":\"https:\\\/\\\/storax.be\\\/fr\\\/producten\\\/%product_category%\\\/\"},{\"@type\":\"ListItem\",\"position\":3,\"name\":\"Tapis d'entr\u00e9e\",\"item\":\"https:\\\/\\\/storax.be\\\/fr\\\/producten\\\/schoonloopzones-fr\\\/\"},{\"@type\":\"ListItem\",\"position\":4,\"name\":\"Forza Brush\"}]},{\"@type\":\"WebSite\",\"@id\":\"https:\\\/\\\/storax.be\\\/fr\\\/#website\",\"url\":\"https:\\\/\\\/storax.be\\\/fr\\\/\",\"name\":\"Storax Belgium\",\"description\":\"Uw betrouwbare partner voor bouwprojecten\",\"potentialAction\":[{\"@type\":\"SearchAction\",\"target\":{\"@type\":\"EntryPoint\",\"urlTemplate\":\"https:\\\/\\\/storax.be\\\/fr\\\/?s={search_term_string}\"},\"query-input\":{\"@type\":\"PropertyValueSpecification\",\"valueRequired\":true,\"valueName\":\"search_term_string\"}}],\"inLanguage\":\"fr-FR\"}]}<\/script>\n<!-- \/ Yoast SEO plugin. -->","yoast_head_json":{"title":"Forza Brush | Tapis d'entr\u00e9e","robots":{"index":"index","follow":"follow","max-snippet":"max-snippet:-1","max-image-preview":"max-image-preview:large","max-video-preview":"max-video-preview:-1"},"canonical":"https:\/\/storax.be\/fr\/producten\/schoonloopzones-fr\/forza-brush\/","og_locale":"fr_FR","og_type":"article","og_title":"Forza Brush | Tapis d'entr\u00e9e","og_description":"Zone de nettoyage avec effet brossant FORZA-BRUSH est une zone de nettoyage solide et de haute qualit\u00e9 qui permet de pr\u00e9venir au maximum l&rsquo;entr\u00e9e de salet\u00e9 et d&rsquo;humidit\u00e9. Gr\u00e2ce \u00e0 une combinaison parfaite de fibres de polyamide, une zone de nettoyage se forme qui non seulement s\u00e8che efficacement, mais a \u00e9galement un fort effet brossant.\u2026","og_url":"https:\/\/storax.be\/fr\/producten\/schoonloopzones-fr\/forza-brush\/","og_site_name":"Storax Belgium","article_modified_time":"2024-05-16T07:37:18+00:00","og_image":[{"width":270,"height":270,"url":"https:\/\/storax.be\/wp-content\/uploads\/sites\/2\/2019\/03\/thumb_270x270_17-1.jpg","type":"image\/jpeg"}],"twitter_card":"summary_large_image","twitter_misc":{"Dur\u00e9e de lecture estim\u00e9e":"1 minute"},"schema":{"@context":"https:\/\/schema.org","@graph":[{"@type":"WebPage","@id":"https:\/\/storax.be\/fr\/producten\/schoonloopzones-fr\/forza-brush\/","url":"https:\/\/storax.be\/fr\/producten\/schoonloopzones-fr\/forza-brush\/","name":"Forza Brush | Tapis d'entr\u00e9e","isPartOf":{"@id":"https:\/\/storax.be\/fr\/#website"},"primaryImageOfPage":{"@id":"https:\/\/storax.be\/fr\/producten\/schoonloopzones-fr\/forza-brush\/#primaryimage"},"image":{"@id":"https:\/\/storax.be\/fr\/producten\/schoonloopzones-fr\/forza-brush\/#primaryimage"},"thumbnailUrl":"https:\/\/storax.be\/wp-content\/uploads\/sites\/2\/2019\/03\/thumb_270x270_17-1.jpg","datePublished":"2019-03-22T06:16:05+00:00","dateModified":"2024-05-16T07:37:18+00:00","breadcrumb":{"@id":"https:\/\/storax.be\/fr\/producten\/schoonloopzones-fr\/forza-brush\/#breadcrumb"},"inLanguage":"fr-FR","potentialAction":[{"@type":"ReadAction","target":["https:\/\/storax.be\/fr\/producten\/schoonloopzones-fr\/forza-brush\/"]}]},{"@type":"ImageObject","inLanguage":"fr-FR","@id":"https:\/\/storax.be\/fr\/producten\/schoonloopzones-fr\/forza-brush\/#primaryimage","url":"https:\/\/storax.be\/wp-content\/uploads\/sites\/2\/2019\/03\/thumb_270x270_17-1.jpg","contentUrl":"https:\/\/storax.be\/wp-content\/uploads\/sites\/2\/2019\/03\/thumb_270x270_17-1.jpg","width":270,"height":270},{"@type":"BreadcrumbList","@id":"https:\/\/storax.be\/fr\/producten\/schoonloopzones-fr\/forza-brush\/#breadcrumb","itemListElement":[{"@type":"ListItem","position":1,"name":"Home","item":"https:\/\/storax.be\/fr\/"},{"@type":"ListItem","position":2,"name":"Producten","item":"https:\/\/storax.be\/fr\/producten\/%product_category%\/"},{"@type":"ListItem","position":3,"name":"Tapis d'entr\u00e9e","item":"https:\/\/storax.be\/fr\/producten\/schoonloopzones-fr\/"},{"@type":"ListItem","position":4,"name":"Forza Brush"}]},{"@type":"WebSite","@id":"https:\/\/storax.be\/fr\/#website","url":"https:\/\/storax.be\/fr\/","name":"Storax Belgium","description":"Uw betrouwbare partner voor bouwprojecten","potentialAction":[{"@type":"SearchAction","target":{"@type":"EntryPoint","urlTemplate":"https:\/\/storax.be\/fr\/?s={search_term_string}"},"query-input":{"@type":"PropertyValueSpecification","valueRequired":true,"valueName":"search_term_string"}}],"inLanguage":"fr-FR"}]}},"_links":{"self":[{"href":"https:\/\/storax.be\/fr\/wp-json\/wp\/v2\/product\/107032","targetHints":{"allow":["GET"]}}],"collection":[{"href":"https:\/\/storax.be\/fr\/wp-json\/wp\/v2\/product"}],"about":[{"href":"https:\/\/storax.be\/fr\/wp-json\/wp\/v2\/types\/product"}],"wp:featuredmedia":[{"embeddable":true,"href":"https:\/\/storax.be\/fr\/wp-json\/wp\/v2\/media\/107033"}],"wp:attachment":[{"href":"https:\/\/storax.be\/fr\/wp-json\/wp\/v2\/media?parent=107032"}],"wp:term":[{"taxonomy":"product_category","embeddable":true,"href":"https:\/\/storax.be\/fr\/wp-json\/wp\/v2\/product_category?post=107032"},{"taxonomy":"product_tag","embeddable":true,"href":"https:\/\/storax.be\/fr\/wp-json\/wp\/v2\/product_tag?post=107032"}],"curies":[{"name":"wp","href":"https:\/\/api.w.org\/{rel}","templated":true}]}}