{"id":107012,"date":"2019-03-22T06:16:06","date_gmt":"2019-03-22T06:16:06","guid":{"rendered":"https:\/\/storax.be\/producten\/uncategorized\/logomatten\/"},"modified":"2024-05-16T07:37:16","modified_gmt":"2024-05-16T07:37:16","slug":"tapis-a-logo","status":"publish","type":"product","link":"https:\/\/storax.be\/fr\/producten\/schoonloopzones-fr\/tapis-a-logo\/","title":{"rendered":"Tapis Logo"},"content":{"rendered":"<h2 style=\"font-size: 1.5em; line-height: 40px; font-weight: 600;\">Support publicitaire remarquable pour une utilisation en int\u00e9rieur ou dans des espaces couverts<\/h2>\n<p><strong>\u00c0 propos de ce produit<\/strong><\/p>\n<ul>\n<li>bon effet de s\u00e9chage<\/li>\n<li>gil fabriqu\u00e9 \u00e0 partir de 100% de PET post-consommation recycl\u00e9<\/li>\n<li>\u00e9paisseur de 9 mm<\/li>\n<li>facile \u00e0 nettoyer<\/li>\n<li>convient \u00e0 un trafic moyen<\/li>\n<li>impression haute r\u00e9solution<\/li>\n<li>Impression jet d&rsquo;encre avec un choix de 66 couleurs<\/li>\n<li>d\u00e9lai de livraison de 3 \u00e0 5 jours ouvrables (apr\u00e8s approbation de la conception)<\/li>\n<\/ul>\n<div>\n<p><strong>Storax propose une gamme compl\u00e8te de tapis logo<\/strong><\/p>\n<ul>\n<li>avec un effet de s\u00e9chage<\/li>\n<li>avec un effet de grattage<\/li>\n<li>avec un effet de brossage<\/li>\n<li>avec un bon effet antid\u00e9rapant<\/li>\n<li>convient \u00e0 un trafic lourd et intensif\n<div class=\"flex p-4 gap-4 text-base md:gap-6 md:max-w-2xl lg:max-w-[38rem] xl:max-w-3xl md:py-6 lg:px-0 m-auto\">\n<div class=\"relative flex w-[calc(100%-50px)] flex-col gap-1 md:gap-3 lg:w-[calc(100%-115px)]\">\n<div class=\"flex justify-between lg:block\">\n<div class=\"text-gray-400 flex self-end lg:self-center justify-center mt-2 gap-2 md:gap-3 lg:gap-1 lg:absolute lg:top-0 lg:translate-x-full lg:right-0 lg:mt-0 lg:pl-2 visible\"><button class=\"flex ml-auto gap-2 rounded-md p-1 hover:bg-gray-100 hover:text-gray-700 dark:text-gray-400 dark:hover:bg-gray-700 dark:hover:text-gray-200 disabled:dark:hover:text-gray-400\"><\/button><\/p>\n<div class=\"flex gap-1\"><\/div>\n<\/div>\n<\/div>\n<\/div>\n<\/div>\n<\/li>\n<\/ul>\n<\/div>\n","protected":false},"excerpt":{"rendered":"<p>Support publicitaire remarquable pour une utilisation en int\u00e9rieur ou dans des espaces couverts \u00c0 propos de ce produit bon effet de s\u00e9chage gil fabriqu\u00e9 \u00e0 partir de 100% de PET post-consommation recycl\u00e9 \u00e9paisseur de 9 mm facile \u00e0 nettoyer convient \u00e0 un trafic moyen impression haute r\u00e9solution Impression jet d&rsquo;encre avec un choix de 66\u2026<\/p>\n","protected":false},"featured_media":107013,"template":"","meta":{"_acf_changed":false},"product_category":[758,592,621],"product_tag":[473,481,488,499,507,526,538,546],"class_list":["post-107012","product","type-product","status-publish","has-post-thumbnail","hentry","product_category-paillassons-dentree","product_category-entreematten-fr","product_category-schoonloopzones-fr","product_tag-9-mm-fr","product_tag-alleen-rechthoekig-fr","product_tag-binnen-fr","product_tag-drogen-fr","product_tag-gesloten-mat-fr","product_tag-middel-loopverkeer-fr","product_tag-oprolbaar-fr","product_tag-rolstoelen-fr"],"acf":[],"yoast_head":"<!-- This site is optimized with the Yoast SEO plugin v27.3 - https:\/\/yoast.com\/product\/yoast-seo-wordpress\/ -->\n<title>Tapis \u00e0 logos<\/title>\n<meta name=\"robots\" content=\"index, follow, max-snippet:-1, max-image-preview:large, max-video-preview:-1\" \/>\n<link rel=\"canonical\" href=\"https:\/\/storax.be\/fr\/producten\/schoonloopzones-fr\/tapis-a-logo\/\" \/>\n<meta property=\"og:locale\" content=\"fr_FR\" \/>\n<meta property=\"og:type\" content=\"article\" \/>\n<meta property=\"og:title\" content=\"Tapis \u00e0 logos\" \/>\n<meta property=\"og:description\" content=\"Support publicitaire remarquable pour une utilisation en int\u00e9rieur ou dans des espaces couverts \u00c0 propos de ce produit bon effet de s\u00e9chage gil fabriqu\u00e9 \u00e0 partir de 100% de PET post-consommation recycl\u00e9 \u00e9paisseur de 9 mm facile \u00e0 nettoyer convient \u00e0 un trafic moyen impression haute r\u00e9solution Impression jet d&rsquo;encre avec un choix de 66\u2026\" \/>\n<meta property=\"og:url\" content=\"https:\/\/storax.be\/fr\/producten\/schoonloopzones-fr\/tapis-a-logo\/\" \/>\n<meta property=\"og:site_name\" content=\"Storax Belgium\" \/>\n<meta property=\"article:modified_time\" content=\"2024-05-16T07:37:16+00:00\" \/>\n<meta property=\"og:image\" content=\"https:\/\/storax.be\/wp-content\/uploads\/sites\/2\/2019\/03\/thumb_270x270_19-1.jpg\" \/>\n\t<meta property=\"og:image:width\" content=\"270\" \/>\n\t<meta property=\"og:image:height\" content=\"270\" \/>\n\t<meta property=\"og:image:type\" content=\"image\/jpeg\" \/>\n<meta name=\"twitter:card\" content=\"summary_large_image\" \/>\n<meta name=\"twitter:label1\" content=\"Dur\u00e9e de lecture estim\u00e9e\" \/>\n\t<meta name=\"twitter:data1\" content=\"1 minute\" \/>\n<script type=\"application\/ld+json\" class=\"yoast-schema-graph\">{\"@context\":\"https:\\\/\\\/schema.org\",\"@graph\":[{\"@type\":\"WebPage\",\"@id\":\"https:\\\/\\\/storax.be\\\/fr\\\/producten\\\/schoonloopzones-fr\\\/tapis-a-logo\\\/\",\"url\":\"https:\\\/\\\/storax.be\\\/fr\\\/producten\\\/schoonloopzones-fr\\\/tapis-a-logo\\\/\",\"name\":\"Tapis \u00e0 logos\",\"isPartOf\":{\"@id\":\"https:\\\/\\\/storax.be\\\/fr\\\/#website\"},\"primaryImageOfPage\":{\"@id\":\"https:\\\/\\\/storax.be\\\/fr\\\/producten\\\/schoonloopzones-fr\\\/tapis-a-logo\\\/#primaryimage\"},\"image\":{\"@id\":\"https:\\\/\\\/storax.be\\\/fr\\\/producten\\\/schoonloopzones-fr\\\/tapis-a-logo\\\/#primaryimage\"},\"thumbnailUrl\":\"https:\\\/\\\/storax.be\\\/wp-content\\\/uploads\\\/sites\\\/2\\\/2019\\\/03\\\/thumb_270x270_19-1.jpg\",\"datePublished\":\"2019-03-22T06:16:06+00:00\",\"dateModified\":\"2024-05-16T07:37:16+00:00\",\"breadcrumb\":{\"@id\":\"https:\\\/\\\/storax.be\\\/fr\\\/producten\\\/schoonloopzones-fr\\\/tapis-a-logo\\\/#breadcrumb\"},\"inLanguage\":\"fr-FR\",\"potentialAction\":[{\"@type\":\"ReadAction\",\"target\":[\"https:\\\/\\\/storax.be\\\/fr\\\/producten\\\/schoonloopzones-fr\\\/tapis-a-logo\\\/\"]}]},{\"@type\":\"ImageObject\",\"inLanguage\":\"fr-FR\",\"@id\":\"https:\\\/\\\/storax.be\\\/fr\\\/producten\\\/schoonloopzones-fr\\\/tapis-a-logo\\\/#primaryimage\",\"url\":\"https:\\\/\\\/storax.be\\\/wp-content\\\/uploads\\\/sites\\\/2\\\/2019\\\/03\\\/thumb_270x270_19-1.jpg\",\"contentUrl\":\"https:\\\/\\\/storax.be\\\/wp-content\\\/uploads\\\/sites\\\/2\\\/2019\\\/03\\\/thumb_270x270_19-1.jpg\",\"width\":270,\"height\":270},{\"@type\":\"BreadcrumbList\",\"@id\":\"https:\\\/\\\/storax.be\\\/fr\\\/producten\\\/schoonloopzones-fr\\\/tapis-a-logo\\\/#breadcrumb\",\"itemListElement\":[{\"@type\":\"ListItem\",\"position\":1,\"name\":\"Home\",\"item\":\"https:\\\/\\\/storax.be\\\/fr\\\/\"},{\"@type\":\"ListItem\",\"position\":2,\"name\":\"Producten\",\"item\":\"https:\\\/\\\/storax.be\\\/fr\\\/producten\\\/%product_category%\\\/\"},{\"@type\":\"ListItem\",\"position\":3,\"name\":\"Tapis d'entr\u00e9e\",\"item\":\"https:\\\/\\\/storax.be\\\/fr\\\/producten\\\/schoonloopzones-fr\\\/\"},{\"@type\":\"ListItem\",\"position\":4,\"name\":\"Tapis Logo\"}]},{\"@type\":\"WebSite\",\"@id\":\"https:\\\/\\\/storax.be\\\/fr\\\/#website\",\"url\":\"https:\\\/\\\/storax.be\\\/fr\\\/\",\"name\":\"Storax Belgium\",\"description\":\"Uw betrouwbare partner voor bouwprojecten\",\"potentialAction\":[{\"@type\":\"SearchAction\",\"target\":{\"@type\":\"EntryPoint\",\"urlTemplate\":\"https:\\\/\\\/storax.be\\\/fr\\\/?s={search_term_string}\"},\"query-input\":{\"@type\":\"PropertyValueSpecification\",\"valueRequired\":true,\"valueName\":\"search_term_string\"}}],\"inLanguage\":\"fr-FR\"}]}<\/script>\n<!-- \/ Yoast SEO plugin. -->","yoast_head_json":{"title":"Tapis \u00e0 logos","robots":{"index":"index","follow":"follow","max-snippet":"max-snippet:-1","max-image-preview":"max-image-preview:large","max-video-preview":"max-video-preview:-1"},"canonical":"https:\/\/storax.be\/fr\/producten\/schoonloopzones-fr\/tapis-a-logo\/","og_locale":"fr_FR","og_type":"article","og_title":"Tapis \u00e0 logos","og_description":"Support publicitaire remarquable pour une utilisation en int\u00e9rieur ou dans des espaces couverts \u00c0 propos de ce produit bon effet de s\u00e9chage gil fabriqu\u00e9 \u00e0 partir de 100% de PET post-consommation recycl\u00e9 \u00e9paisseur de 9 mm facile \u00e0 nettoyer convient \u00e0 un trafic moyen impression haute r\u00e9solution Impression jet d&rsquo;encre avec un choix de 66\u2026","og_url":"https:\/\/storax.be\/fr\/producten\/schoonloopzones-fr\/tapis-a-logo\/","og_site_name":"Storax Belgium","article_modified_time":"2024-05-16T07:37:16+00:00","og_image":[{"width":270,"height":270,"url":"https:\/\/storax.be\/wp-content\/uploads\/sites\/2\/2019\/03\/thumb_270x270_19-1.jpg","type":"image\/jpeg"}],"twitter_card":"summary_large_image","twitter_misc":{"Dur\u00e9e de lecture estim\u00e9e":"1 minute"},"schema":{"@context":"https:\/\/schema.org","@graph":[{"@type":"WebPage","@id":"https:\/\/storax.be\/fr\/producten\/schoonloopzones-fr\/tapis-a-logo\/","url":"https:\/\/storax.be\/fr\/producten\/schoonloopzones-fr\/tapis-a-logo\/","name":"Tapis \u00e0 logos","isPartOf":{"@id":"https:\/\/storax.be\/fr\/#website"},"primaryImageOfPage":{"@id":"https:\/\/storax.be\/fr\/producten\/schoonloopzones-fr\/tapis-a-logo\/#primaryimage"},"image":{"@id":"https:\/\/storax.be\/fr\/producten\/schoonloopzones-fr\/tapis-a-logo\/#primaryimage"},"thumbnailUrl":"https:\/\/storax.be\/wp-content\/uploads\/sites\/2\/2019\/03\/thumb_270x270_19-1.jpg","datePublished":"2019-03-22T06:16:06+00:00","dateModified":"2024-05-16T07:37:16+00:00","breadcrumb":{"@id":"https:\/\/storax.be\/fr\/producten\/schoonloopzones-fr\/tapis-a-logo\/#breadcrumb"},"inLanguage":"fr-FR","potentialAction":[{"@type":"ReadAction","target":["https:\/\/storax.be\/fr\/producten\/schoonloopzones-fr\/tapis-a-logo\/"]}]},{"@type":"ImageObject","inLanguage":"fr-FR","@id":"https:\/\/storax.be\/fr\/producten\/schoonloopzones-fr\/tapis-a-logo\/#primaryimage","url":"https:\/\/storax.be\/wp-content\/uploads\/sites\/2\/2019\/03\/thumb_270x270_19-1.jpg","contentUrl":"https:\/\/storax.be\/wp-content\/uploads\/sites\/2\/2019\/03\/thumb_270x270_19-1.jpg","width":270,"height":270},{"@type":"BreadcrumbList","@id":"https:\/\/storax.be\/fr\/producten\/schoonloopzones-fr\/tapis-a-logo\/#breadcrumb","itemListElement":[{"@type":"ListItem","position":1,"name":"Home","item":"https:\/\/storax.be\/fr\/"},{"@type":"ListItem","position":2,"name":"Producten","item":"https:\/\/storax.be\/fr\/producten\/%product_category%\/"},{"@type":"ListItem","position":3,"name":"Tapis d'entr\u00e9e","item":"https:\/\/storax.be\/fr\/producten\/schoonloopzones-fr\/"},{"@type":"ListItem","position":4,"name":"Tapis Logo"}]},{"@type":"WebSite","@id":"https:\/\/storax.be\/fr\/#website","url":"https:\/\/storax.be\/fr\/","name":"Storax Belgium","description":"Uw betrouwbare partner voor bouwprojecten","potentialAction":[{"@type":"SearchAction","target":{"@type":"EntryPoint","urlTemplate":"https:\/\/storax.be\/fr\/?s={search_term_string}"},"query-input":{"@type":"PropertyValueSpecification","valueRequired":true,"valueName":"search_term_string"}}],"inLanguage":"fr-FR"}]}},"_links":{"self":[{"href":"https:\/\/storax.be\/fr\/wp-json\/wp\/v2\/product\/107012","targetHints":{"allow":["GET"]}}],"collection":[{"href":"https:\/\/storax.be\/fr\/wp-json\/wp\/v2\/product"}],"about":[{"href":"https:\/\/storax.be\/fr\/wp-json\/wp\/v2\/types\/product"}],"wp:featuredmedia":[{"embeddable":true,"href":"https:\/\/storax.be\/fr\/wp-json\/wp\/v2\/media\/107013"}],"wp:attachment":[{"href":"https:\/\/storax.be\/fr\/wp-json\/wp\/v2\/media?parent=107012"}],"wp:term":[{"taxonomy":"product_category","embeddable":true,"href":"https:\/\/storax.be\/fr\/wp-json\/wp\/v2\/product_category?post=107012"},{"taxonomy":"product_tag","embeddable":true,"href":"https:\/\/storax.be\/fr\/wp-json\/wp\/v2\/product_tag?post=107012"}],"curies":[{"name":"wp","href":"https:\/\/api.w.org\/{rel}","templated":true}]}}