{"id":106874,"date":"2019-03-22T06:16:17","date_gmt":"2019-03-22T06:16:17","guid":{"rendered":"https:\/\/storax.be\/producten\/uncategorized\/hrb-20\/"},"modified":"2026-02-18T09:15:10","modified_gmt":"2026-02-18T09:15:10","slug":"hrb-20","status":"publish","type":"product","link":"https:\/\/storax.be\/fr\/producten\/leuningen-fr\/hrb-20\/","title":{"rendered":"HRB-20"},"content":{"rendered":"\n<h2 class=\"wp-block-heading\"><\/h2>\n\n\n\n<p>Profil\u00e9 de 143 mm de hauteur qui combine les fonctions de main-courante\/pare-chocs, offrant une protection efficace contre les impacts et un excellent soutien \u00e0 la mobilit\u00e9 dans les zones de circulation. Disponible en version bicolore pour offrir un excellent contraste visuel.<\/p>\n\n\n\n<p><strong>Caract\u00e9ristiques et avantages<\/strong><\/p>\n\n\n\n<ul class=\"wp-block-list\">\n<li>Main-courante ovale confortable disponible dans une gamme de couleurs unies et de finitions d\u00e9coratives<\/li>\n\n\n\n<li>Rev\u00eatement antichocs mont\u00e9 sur un profil\u00e9 filant en aluminium et dot\u00e9 d\u2019un amortisseur continu pour une protection efficace contre les chocs<\/li>\n\n\n\n<li>Version bicolore offrant un excellent contraste visuel ou facilitant l&rsquo;orientation des usagers<\/li>\n\n\n\n<li>Consoles Quick Lock pour une installation rapide et un entretien facile<\/li>\n\n\n\n<li>Parclose jointive pour une hygi\u00e8ne maitris\u00e9e et un nettoyage ais\u00e9<\/li>\n\n\n\n<li>Option anti-pendaison avec console<\/li>\n\n\n\n<li>Longueurs standard : 4000 mm<\/li>\n\n\n\n<li>Entraxe de fixation de 800 mm max. ; fixation sur montant ou panneau recommand\u00e9e<\/li>\n<\/ul>\n\n\n\n<p><strong>Accessoires <\/strong><\/p>\n\n\n\n<ul class=\"wp-block-list\">\n<li>Embouts standard avec syst\u00e8me Quick Lock<\/li>\n\n\n\n<li>Embouts d&rsquo;angle externe<\/li>\n\n\n\n<li>Consoles Quick Lock (standard)<\/li>\n\n\n\n<li>Consoles anti-pendaison (en option)<\/li>\n\n\n\n<li>Bagues d\u00e9coratives verticales (en option &#8211; noir)<\/li>\n\n\n\n<li>Kit d\u00e9montable pour gaines techniques<\/li>\n<\/ul>\n\n\n\n<p><b>Applications<\/b><\/p>\n\n\n\n<ul class=\"wp-block-list\">\n<li>Couloirs avec acc\u00e8s pi\u00e9ton et passage r\u00e9gulier de chariots<\/li>\n\n\n\n<li>Ascenseurs et halls d&rsquo;ascenseur<\/li>\n\n\n\n<li>Zones de circulation soumises \u00e0 des exigences antipendaison<\/li>\n<\/ul>\n\n\n\n<p><\/p>\n","protected":false},"excerpt":{"rendered":"<p>Profil\u00e9 de 143 mm de hauteur qui combine les fonctions de main-courante\/pare-chocs, offrant une protection efficace contre les impacts et un excellent soutien \u00e0 la mobilit\u00e9 dans les zones de circulation. Disponible en version bicolore pour offrir un excellent contraste visuel. Caract\u00e9ristiques et avantages Accessoires Applications<\/p>\n","protected":false},"featured_media":121941,"template":"","meta":{"_acf_changed":true},"product_category":[706,622,605],"product_tag":[897,896],"class_list":["post-106874","product","type-product","status-publish","has-post-thumbnail","hentry","product_category-mains-courantes-acrovyn","product_category-acrovyn-pare-chocs","product_category-leuningen-fr","product_tag-met-leuning-fr","product_tag-stootvast-en-krasvrije-acrovyn-beschermlaag-fr"],"acf":[],"yoast_head":"<!-- This site is optimized with the Yoast SEO plugin v27.3 - https:\/\/yoast.com\/product\/yoast-seo-wordpress\/ -->\n<title>HRB-20 - Storax Belgium<\/title>\n<meta name=\"robots\" content=\"index, follow, max-snippet:-1, max-image-preview:large, max-video-preview:-1\" \/>\n<link rel=\"canonical\" href=\"https:\/\/storax.be\/fr\/producten\/leuningen-fr\/hrb-20\/\" \/>\n<meta property=\"og:locale\" content=\"fr_FR\" \/>\n<meta property=\"og:type\" content=\"article\" \/>\n<meta property=\"og:title\" content=\"HRB-20 - Storax Belgium\" \/>\n<meta property=\"og:description\" content=\"Profil\u00e9 de 143 mm de hauteur qui combine les fonctions de main-courante\/pare-chocs, offrant une protection efficace contre les impacts et un excellent soutien \u00e0 la mobilit\u00e9 dans les zones de circulation. Disponible en version bicolore pour offrir un excellent contraste visuel. Caract\u00e9ristiques et avantages Accessoires Applications\" \/>\n<meta property=\"og:url\" content=\"https:\/\/storax.be\/fr\/producten\/leuningen-fr\/hrb-20\/\" \/>\n<meta property=\"og:site_name\" content=\"Storax Belgium\" \/>\n<meta property=\"article:modified_time\" content=\"2026-02-18T09:15:10+00:00\" \/>\n<meta property=\"og:image\" content=\"https:\/\/storax.be\/wp-content\/uploads\/sites\/2\/2019\/03\/HRB20-stootlijst-met-leuning-1.png\" \/>\n\t<meta property=\"og:image:width\" content=\"470\" \/>\n\t<meta property=\"og:image:height\" content=\"470\" \/>\n\t<meta property=\"og:image:type\" content=\"image\/png\" \/>\n<meta name=\"twitter:card\" content=\"summary_large_image\" \/>\n<meta name=\"twitter:label1\" content=\"Dur\u00e9e de lecture estim\u00e9e\" \/>\n\t<meta name=\"twitter:data1\" content=\"2 minutes\" \/>\n<script type=\"application\/ld+json\" class=\"yoast-schema-graph\">{\"@context\":\"https:\\\/\\\/schema.org\",\"@graph\":[{\"@type\":\"WebPage\",\"@id\":\"https:\\\/\\\/storax.be\\\/fr\\\/producten\\\/leuningen-fr\\\/hrb-20\\\/\",\"url\":\"https:\\\/\\\/storax.be\\\/fr\\\/producten\\\/leuningen-fr\\\/hrb-20\\\/\",\"name\":\"HRB-20 - Storax Belgium\",\"isPartOf\":{\"@id\":\"https:\\\/\\\/storax.be\\\/fr\\\/#website\"},\"primaryImageOfPage\":{\"@id\":\"https:\\\/\\\/storax.be\\\/fr\\\/producten\\\/leuningen-fr\\\/hrb-20\\\/#primaryimage\"},\"image\":{\"@id\":\"https:\\\/\\\/storax.be\\\/fr\\\/producten\\\/leuningen-fr\\\/hrb-20\\\/#primaryimage\"},\"thumbnailUrl\":\"https:\\\/\\\/storax.be\\\/wp-content\\\/uploads\\\/sites\\\/2\\\/2019\\\/03\\\/HRB20-stootlijst-met-leuning-1.png\",\"datePublished\":\"2019-03-22T06:16:17+00:00\",\"dateModified\":\"2026-02-18T09:15:10+00:00\",\"breadcrumb\":{\"@id\":\"https:\\\/\\\/storax.be\\\/fr\\\/producten\\\/leuningen-fr\\\/hrb-20\\\/#breadcrumb\"},\"inLanguage\":\"fr-FR\",\"potentialAction\":[{\"@type\":\"ReadAction\",\"target\":[\"https:\\\/\\\/storax.be\\\/fr\\\/producten\\\/leuningen-fr\\\/hrb-20\\\/\"]}]},{\"@type\":\"ImageObject\",\"inLanguage\":\"fr-FR\",\"@id\":\"https:\\\/\\\/storax.be\\\/fr\\\/producten\\\/leuningen-fr\\\/hrb-20\\\/#primaryimage\",\"url\":\"https:\\\/\\\/storax.be\\\/wp-content\\\/uploads\\\/sites\\\/2\\\/2019\\\/03\\\/HRB20-stootlijst-met-leuning-1.png\",\"contentUrl\":\"https:\\\/\\\/storax.be\\\/wp-content\\\/uploads\\\/sites\\\/2\\\/2019\\\/03\\\/HRB20-stootlijst-met-leuning-1.png\",\"width\":470,\"height\":470,\"caption\":\"HRB20-stootlijst-met-leuning-1\"},{\"@type\":\"BreadcrumbList\",\"@id\":\"https:\\\/\\\/storax.be\\\/fr\\\/producten\\\/leuningen-fr\\\/hrb-20\\\/#breadcrumb\",\"itemListElement\":[{\"@type\":\"ListItem\",\"position\":1,\"name\":\"Home\",\"item\":\"https:\\\/\\\/storax.be\\\/fr\\\/\"},{\"@type\":\"ListItem\",\"position\":2,\"name\":\"Producten\",\"item\":\"https:\\\/\\\/storax.be\\\/fr\\\/producten\\\/%product_category%\\\/\"},{\"@type\":\"ListItem\",\"position\":3,\"name\":\"Protection des murs\",\"item\":\"https:\\\/\\\/storax.be\\\/fr\\\/producten\\\/protection-des-murs\\\/\"},{\"@type\":\"ListItem\",\"position\":4,\"name\":\"Pare-chocs\",\"item\":\"https:\\\/\\\/storax.be\\\/fr\\\/producten\\\/acrovyn-pare-chocs\\\/\"},{\"@type\":\"ListItem\",\"position\":5,\"name\":\"HRB-20\"}]},{\"@type\":\"WebSite\",\"@id\":\"https:\\\/\\\/storax.be\\\/fr\\\/#website\",\"url\":\"https:\\\/\\\/storax.be\\\/fr\\\/\",\"name\":\"Storax Belgium\",\"description\":\"Uw betrouwbare partner voor bouwprojecten\",\"potentialAction\":[{\"@type\":\"SearchAction\",\"target\":{\"@type\":\"EntryPoint\",\"urlTemplate\":\"https:\\\/\\\/storax.be\\\/fr\\\/?s={search_term_string}\"},\"query-input\":{\"@type\":\"PropertyValueSpecification\",\"valueRequired\":true,\"valueName\":\"search_term_string\"}}],\"inLanguage\":\"fr-FR\"}]}<\/script>\n<!-- \/ Yoast SEO plugin. -->","yoast_head_json":{"title":"HRB-20 - Storax Belgium","robots":{"index":"index","follow":"follow","max-snippet":"max-snippet:-1","max-image-preview":"max-image-preview:large","max-video-preview":"max-video-preview:-1"},"canonical":"https:\/\/storax.be\/fr\/producten\/leuningen-fr\/hrb-20\/","og_locale":"fr_FR","og_type":"article","og_title":"HRB-20 - Storax Belgium","og_description":"Profil\u00e9 de 143 mm de hauteur qui combine les fonctions de main-courante\/pare-chocs, offrant une protection efficace contre les impacts et un excellent soutien \u00e0 la mobilit\u00e9 dans les zones de circulation. Disponible en version bicolore pour offrir un excellent contraste visuel. Caract\u00e9ristiques et avantages Accessoires Applications","og_url":"https:\/\/storax.be\/fr\/producten\/leuningen-fr\/hrb-20\/","og_site_name":"Storax Belgium","article_modified_time":"2026-02-18T09:15:10+00:00","og_image":[{"width":470,"height":470,"url":"https:\/\/storax.be\/wp-content\/uploads\/sites\/2\/2019\/03\/HRB20-stootlijst-met-leuning-1.png","type":"image\/png"}],"twitter_card":"summary_large_image","twitter_misc":{"Dur\u00e9e de lecture estim\u00e9e":"2 minutes"},"schema":{"@context":"https:\/\/schema.org","@graph":[{"@type":"WebPage","@id":"https:\/\/storax.be\/fr\/producten\/leuningen-fr\/hrb-20\/","url":"https:\/\/storax.be\/fr\/producten\/leuningen-fr\/hrb-20\/","name":"HRB-20 - Storax Belgium","isPartOf":{"@id":"https:\/\/storax.be\/fr\/#website"},"primaryImageOfPage":{"@id":"https:\/\/storax.be\/fr\/producten\/leuningen-fr\/hrb-20\/#primaryimage"},"image":{"@id":"https:\/\/storax.be\/fr\/producten\/leuningen-fr\/hrb-20\/#primaryimage"},"thumbnailUrl":"https:\/\/storax.be\/wp-content\/uploads\/sites\/2\/2019\/03\/HRB20-stootlijst-met-leuning-1.png","datePublished":"2019-03-22T06:16:17+00:00","dateModified":"2026-02-18T09:15:10+00:00","breadcrumb":{"@id":"https:\/\/storax.be\/fr\/producten\/leuningen-fr\/hrb-20\/#breadcrumb"},"inLanguage":"fr-FR","potentialAction":[{"@type":"ReadAction","target":["https:\/\/storax.be\/fr\/producten\/leuningen-fr\/hrb-20\/"]}]},{"@type":"ImageObject","inLanguage":"fr-FR","@id":"https:\/\/storax.be\/fr\/producten\/leuningen-fr\/hrb-20\/#primaryimage","url":"https:\/\/storax.be\/wp-content\/uploads\/sites\/2\/2019\/03\/HRB20-stootlijst-met-leuning-1.png","contentUrl":"https:\/\/storax.be\/wp-content\/uploads\/sites\/2\/2019\/03\/HRB20-stootlijst-met-leuning-1.png","width":470,"height":470,"caption":"HRB20-stootlijst-met-leuning-1"},{"@type":"BreadcrumbList","@id":"https:\/\/storax.be\/fr\/producten\/leuningen-fr\/hrb-20\/#breadcrumb","itemListElement":[{"@type":"ListItem","position":1,"name":"Home","item":"https:\/\/storax.be\/fr\/"},{"@type":"ListItem","position":2,"name":"Producten","item":"https:\/\/storax.be\/fr\/producten\/%product_category%\/"},{"@type":"ListItem","position":3,"name":"Protection des murs","item":"https:\/\/storax.be\/fr\/producten\/protection-des-murs\/"},{"@type":"ListItem","position":4,"name":"Pare-chocs","item":"https:\/\/storax.be\/fr\/producten\/acrovyn-pare-chocs\/"},{"@type":"ListItem","position":5,"name":"HRB-20"}]},{"@type":"WebSite","@id":"https:\/\/storax.be\/fr\/#website","url":"https:\/\/storax.be\/fr\/","name":"Storax Belgium","description":"Uw betrouwbare partner voor bouwprojecten","potentialAction":[{"@type":"SearchAction","target":{"@type":"EntryPoint","urlTemplate":"https:\/\/storax.be\/fr\/?s={search_term_string}"},"query-input":{"@type":"PropertyValueSpecification","valueRequired":true,"valueName":"search_term_string"}}],"inLanguage":"fr-FR"}]}},"_links":{"self":[{"href":"https:\/\/storax.be\/fr\/wp-json\/wp\/v2\/product\/106874","targetHints":{"allow":["GET"]}}],"collection":[{"href":"https:\/\/storax.be\/fr\/wp-json\/wp\/v2\/product"}],"about":[{"href":"https:\/\/storax.be\/fr\/wp-json\/wp\/v2\/types\/product"}],"wp:featuredmedia":[{"embeddable":true,"href":"https:\/\/storax.be\/fr\/wp-json\/wp\/v2\/media\/121941"}],"wp:attachment":[{"href":"https:\/\/storax.be\/fr\/wp-json\/wp\/v2\/media?parent=106874"}],"wp:term":[{"taxonomy":"product_category","embeddable":true,"href":"https:\/\/storax.be\/fr\/wp-json\/wp\/v2\/product_category?post=106874"},{"taxonomy":"product_tag","embeddable":true,"href":"https:\/\/storax.be\/fr\/wp-json\/wp\/v2\/product_tag?post=106874"}],"curies":[{"name":"wp","href":"https:\/\/api.w.org\/{rel}","templated":true}]}}