{"id":106579,"date":"2019-03-22T06:16:40","date_gmt":"2019-03-22T06:16:40","guid":{"rendered":"https:\/\/storax.be\/producten\/uncategorized\/forza-dimension\/"},"modified":"2024-05-16T07:36:59","modified_gmt":"2024-05-16T07:36:59","slug":"forza-dimension","status":"publish","type":"product","link":"https:\/\/storax.be\/fr\/producten\/schoonloopzones-fr\/forza-dimension\/","title":{"rendered":"Forza Dimension"},"content":{"rendered":"<h2 style=\"font-size: 1.5em; line-height: 32px; font-weight: 600; margin-top: 10px;\">Tapis d&rsquo;entr\u00e9e avec action \u00e0 la fois s\u00e9chante et brossante<\/h2>\n<p>FORZA-DIMENSION est un tapis d&rsquo;entr\u00e9e solide et de haute qualit\u00e9 qui permet de pr\u00e9venir au maximum l&rsquo;entr\u00e9e de salet\u00e9 et d&rsquo;humidit\u00e9 dans les b\u00e2timents. La salet\u00e9 est retenue dans le tapis d&rsquo;entr\u00e9e et ne se propage pas sur le reste du rev\u00eatement de sol.<\/p>\n<p><b>\u00c0 propos de ce produit<\/b><\/p>\n<ul>\n<li>Zone de nettoyage solide et de haute qualit\u00e9<\/li>\n<li>Effet de s\u00e9chage optimal<\/li>\n<li>\u00c9paisseur : 7,5 mm<\/li>\n<li>Convient uniquement pour une utilisation en int\u00e9rieur<\/li>\n<li>Facile \u00e0 nettoyer<\/li>\n<li>Disponible en 5 couleurs contemporaines qui masquent la salet\u00e9<\/li>\n<li>Disponible en rouleaux et au m\u00e8tre<\/li>\n<\/ul>\n<p><b>Rouleaux <\/b><\/p>\n<ul>\n<li>200 cm*<\/li>\n<\/ul>\n<div class=\"group w-full text-gray-800 dark:text-gray-100 border-b border-black\/10 dark:border-gray-900\/50 bg-gray-50 dark:bg-[#444654]\">\n<div class=\"flex p-4 gap-4 text-base md:gap-6 md:max-w-2xl lg:max-w-[38rem] xl:max-w-3xl md:py-6 lg:px-0 m-auto\">\n<div class=\"relative flex w-[calc(100%-50px)] flex-col gap-1 md:gap-3 lg:w-[calc(100%-115px)]\">\n<div class=\"flex flex-grow flex-col gap-3\">\n<div class=\"min-h-[20px] flex flex-col items-start gap-4 whitespace-pre-wrap break-words\">\n<div class=\"markdown prose w-full break-words dark:prose-invert light\">*dimensions comprenant des bordures en vinyle de 2,5 cm de large tout autour<\/div>\n<\/div>\n<\/div>\n<div class=\"flex justify-between lg:block\">\n<div class=\"text-gray-400 flex self-end lg:self-center justify-center mt-2 gap-2 md:gap-3 lg:gap-1 lg:absolute lg:top-0 lg:translate-x-full lg:right-0 lg:mt-0 lg:pl-2 visible\"><\/div>\n<\/div>\n<\/div>\n<\/div>\n<\/div>\n","protected":false},"excerpt":{"rendered":"<p>Tapis d&rsquo;entr\u00e9e avec action \u00e0 la fois s\u00e9chante et brossante FORZA-DIMENSION est un tapis d&rsquo;entr\u00e9e solide et de haute qualit\u00e9 qui permet de pr\u00e9venir au maximum l&rsquo;entr\u00e9e de salet\u00e9 et d&rsquo;humidit\u00e9 dans les b\u00e2timents. La salet\u00e9 est retenue dans le tapis d&rsquo;entr\u00e9e et ne se propage pas sur le reste du rev\u00eatement de sol. \u00c0\u2026<\/p>\n","protected":false},"featured_media":106580,"template":"","meta":{"_acf_changed":false},"product_category":[621],"product_tag":[],"class_list":["post-106579","product","type-product","status-publish","has-post-thumbnail","hentry","product_category-schoonloopzones-fr"],"acf":[],"yoast_head":"<!-- This site is optimized with the Yoast SEO plugin v27.3 - https:\/\/yoast.com\/product\/yoast-seo-wordpress\/ -->\n<title>Forza Dimension<\/title>\n<meta name=\"description\" content=\"Forza Dimension droogloopmatten. Voor een droogloopmat met super vuilverbergende kwaliteiten.\" \/>\n<meta name=\"robots\" content=\"index, follow, max-snippet:-1, max-image-preview:large, max-video-preview:-1\" \/>\n<link rel=\"canonical\" href=\"https:\/\/storax.be\/fr\/producten\/schoonloopzones-fr\/forza-dimension\/\" \/>\n<meta property=\"og:locale\" content=\"fr_FR\" \/>\n<meta property=\"og:type\" content=\"article\" \/>\n<meta property=\"og:title\" content=\"Forza Dimension\" \/>\n<meta property=\"og:description\" content=\"Forza Dimension droogloopmatten. Voor een droogloopmat met super vuilverbergende kwaliteiten.\" \/>\n<meta property=\"og:url\" content=\"https:\/\/storax.be\/fr\/producten\/schoonloopzones-fr\/forza-dimension\/\" \/>\n<meta property=\"og:site_name\" content=\"Storax Belgium\" \/>\n<meta property=\"article:modified_time\" content=\"2024-05-16T07:36:59+00:00\" \/>\n<meta property=\"og:image\" content=\"https:\/\/storax.be\/wp-content\/uploads\/sites\/2\/2019\/03\/thumb_270x270_350.jpg\" \/>\n\t<meta property=\"og:image:width\" content=\"270\" \/>\n\t<meta property=\"og:image:height\" content=\"270\" \/>\n\t<meta property=\"og:image:type\" content=\"image\/jpeg\" \/>\n<meta name=\"twitter:card\" content=\"summary_large_image\" \/>\n<meta name=\"twitter:label1\" content=\"Dur\u00e9e de lecture estim\u00e9e\" \/>\n\t<meta name=\"twitter:data1\" content=\"1 minute\" \/>\n<script type=\"application\/ld+json\" class=\"yoast-schema-graph\">{\"@context\":\"https:\\\/\\\/schema.org\",\"@graph\":[{\"@type\":\"WebPage\",\"@id\":\"https:\\\/\\\/storax.be\\\/fr\\\/producten\\\/schoonloopzones-fr\\\/forza-dimension\\\/\",\"url\":\"https:\\\/\\\/storax.be\\\/fr\\\/producten\\\/schoonloopzones-fr\\\/forza-dimension\\\/\",\"name\":\"Forza Dimension\",\"isPartOf\":{\"@id\":\"https:\\\/\\\/storax.be\\\/fr\\\/#website\"},\"primaryImageOfPage\":{\"@id\":\"https:\\\/\\\/storax.be\\\/fr\\\/producten\\\/schoonloopzones-fr\\\/forza-dimension\\\/#primaryimage\"},\"image\":{\"@id\":\"https:\\\/\\\/storax.be\\\/fr\\\/producten\\\/schoonloopzones-fr\\\/forza-dimension\\\/#primaryimage\"},\"thumbnailUrl\":\"https:\\\/\\\/storax.be\\\/wp-content\\\/uploads\\\/sites\\\/2\\\/2019\\\/03\\\/thumb_270x270_350.jpg\",\"datePublished\":\"2019-03-22T06:16:40+00:00\",\"dateModified\":\"2024-05-16T07:36:59+00:00\",\"description\":\"Forza Dimension droogloopmatten. Voor een droogloopmat met super vuilverbergende kwaliteiten.\",\"breadcrumb\":{\"@id\":\"https:\\\/\\\/storax.be\\\/fr\\\/producten\\\/schoonloopzones-fr\\\/forza-dimension\\\/#breadcrumb\"},\"inLanguage\":\"fr-FR\",\"potentialAction\":[{\"@type\":\"ReadAction\",\"target\":[\"https:\\\/\\\/storax.be\\\/fr\\\/producten\\\/schoonloopzones-fr\\\/forza-dimension\\\/\"]}]},{\"@type\":\"ImageObject\",\"inLanguage\":\"fr-FR\",\"@id\":\"https:\\\/\\\/storax.be\\\/fr\\\/producten\\\/schoonloopzones-fr\\\/forza-dimension\\\/#primaryimage\",\"url\":\"https:\\\/\\\/storax.be\\\/wp-content\\\/uploads\\\/sites\\\/2\\\/2019\\\/03\\\/thumb_270x270_350.jpg\",\"contentUrl\":\"https:\\\/\\\/storax.be\\\/wp-content\\\/uploads\\\/sites\\\/2\\\/2019\\\/03\\\/thumb_270x270_350.jpg\",\"width\":270,\"height\":270},{\"@type\":\"BreadcrumbList\",\"@id\":\"https:\\\/\\\/storax.be\\\/fr\\\/producten\\\/schoonloopzones-fr\\\/forza-dimension\\\/#breadcrumb\",\"itemListElement\":[{\"@type\":\"ListItem\",\"position\":1,\"name\":\"Home\",\"item\":\"https:\\\/\\\/storax.be\\\/fr\\\/\"},{\"@type\":\"ListItem\",\"position\":2,\"name\":\"Producten\",\"item\":\"https:\\\/\\\/storax.be\\\/fr\\\/producten\\\/%product_category%\\\/\"},{\"@type\":\"ListItem\",\"position\":3,\"name\":\"Tapis d'entr\u00e9e\",\"item\":\"https:\\\/\\\/storax.be\\\/fr\\\/producten\\\/schoonloopzones-fr\\\/\"},{\"@type\":\"ListItem\",\"position\":4,\"name\":\"Forza Dimension\"}]},{\"@type\":\"WebSite\",\"@id\":\"https:\\\/\\\/storax.be\\\/fr\\\/#website\",\"url\":\"https:\\\/\\\/storax.be\\\/fr\\\/\",\"name\":\"Storax Belgium\",\"description\":\"Uw betrouwbare partner voor bouwprojecten\",\"potentialAction\":[{\"@type\":\"SearchAction\",\"target\":{\"@type\":\"EntryPoint\",\"urlTemplate\":\"https:\\\/\\\/storax.be\\\/fr\\\/?s={search_term_string}\"},\"query-input\":{\"@type\":\"PropertyValueSpecification\",\"valueRequired\":true,\"valueName\":\"search_term_string\"}}],\"inLanguage\":\"fr-FR\"}]}<\/script>\n<!-- \/ Yoast SEO plugin. -->","yoast_head_json":{"title":"Forza Dimension","description":"Forza Dimension droogloopmatten. Voor een droogloopmat met super vuilverbergende kwaliteiten.","robots":{"index":"index","follow":"follow","max-snippet":"max-snippet:-1","max-image-preview":"max-image-preview:large","max-video-preview":"max-video-preview:-1"},"canonical":"https:\/\/storax.be\/fr\/producten\/schoonloopzones-fr\/forza-dimension\/","og_locale":"fr_FR","og_type":"article","og_title":"Forza Dimension","og_description":"Forza Dimension droogloopmatten. Voor een droogloopmat met super vuilverbergende kwaliteiten.","og_url":"https:\/\/storax.be\/fr\/producten\/schoonloopzones-fr\/forza-dimension\/","og_site_name":"Storax Belgium","article_modified_time":"2024-05-16T07:36:59+00:00","og_image":[{"width":270,"height":270,"url":"https:\/\/storax.be\/wp-content\/uploads\/sites\/2\/2019\/03\/thumb_270x270_350.jpg","type":"image\/jpeg"}],"twitter_card":"summary_large_image","twitter_misc":{"Dur\u00e9e de lecture estim\u00e9e":"1 minute"},"schema":{"@context":"https:\/\/schema.org","@graph":[{"@type":"WebPage","@id":"https:\/\/storax.be\/fr\/producten\/schoonloopzones-fr\/forza-dimension\/","url":"https:\/\/storax.be\/fr\/producten\/schoonloopzones-fr\/forza-dimension\/","name":"Forza Dimension","isPartOf":{"@id":"https:\/\/storax.be\/fr\/#website"},"primaryImageOfPage":{"@id":"https:\/\/storax.be\/fr\/producten\/schoonloopzones-fr\/forza-dimension\/#primaryimage"},"image":{"@id":"https:\/\/storax.be\/fr\/producten\/schoonloopzones-fr\/forza-dimension\/#primaryimage"},"thumbnailUrl":"https:\/\/storax.be\/wp-content\/uploads\/sites\/2\/2019\/03\/thumb_270x270_350.jpg","datePublished":"2019-03-22T06:16:40+00:00","dateModified":"2024-05-16T07:36:59+00:00","description":"Forza Dimension droogloopmatten. Voor een droogloopmat met super vuilverbergende kwaliteiten.","breadcrumb":{"@id":"https:\/\/storax.be\/fr\/producten\/schoonloopzones-fr\/forza-dimension\/#breadcrumb"},"inLanguage":"fr-FR","potentialAction":[{"@type":"ReadAction","target":["https:\/\/storax.be\/fr\/producten\/schoonloopzones-fr\/forza-dimension\/"]}]},{"@type":"ImageObject","inLanguage":"fr-FR","@id":"https:\/\/storax.be\/fr\/producten\/schoonloopzones-fr\/forza-dimension\/#primaryimage","url":"https:\/\/storax.be\/wp-content\/uploads\/sites\/2\/2019\/03\/thumb_270x270_350.jpg","contentUrl":"https:\/\/storax.be\/wp-content\/uploads\/sites\/2\/2019\/03\/thumb_270x270_350.jpg","width":270,"height":270},{"@type":"BreadcrumbList","@id":"https:\/\/storax.be\/fr\/producten\/schoonloopzones-fr\/forza-dimension\/#breadcrumb","itemListElement":[{"@type":"ListItem","position":1,"name":"Home","item":"https:\/\/storax.be\/fr\/"},{"@type":"ListItem","position":2,"name":"Producten","item":"https:\/\/storax.be\/fr\/producten\/%product_category%\/"},{"@type":"ListItem","position":3,"name":"Tapis d'entr\u00e9e","item":"https:\/\/storax.be\/fr\/producten\/schoonloopzones-fr\/"},{"@type":"ListItem","position":4,"name":"Forza Dimension"}]},{"@type":"WebSite","@id":"https:\/\/storax.be\/fr\/#website","url":"https:\/\/storax.be\/fr\/","name":"Storax Belgium","description":"Uw betrouwbare partner voor bouwprojecten","potentialAction":[{"@type":"SearchAction","target":{"@type":"EntryPoint","urlTemplate":"https:\/\/storax.be\/fr\/?s={search_term_string}"},"query-input":{"@type":"PropertyValueSpecification","valueRequired":true,"valueName":"search_term_string"}}],"inLanguage":"fr-FR"}]}},"_links":{"self":[{"href":"https:\/\/storax.be\/fr\/wp-json\/wp\/v2\/product\/106579","targetHints":{"allow":["GET"]}}],"collection":[{"href":"https:\/\/storax.be\/fr\/wp-json\/wp\/v2\/product"}],"about":[{"href":"https:\/\/storax.be\/fr\/wp-json\/wp\/v2\/types\/product"}],"wp:featuredmedia":[{"embeddable":true,"href":"https:\/\/storax.be\/fr\/wp-json\/wp\/v2\/media\/106580"}],"wp:attachment":[{"href":"https:\/\/storax.be\/fr\/wp-json\/wp\/v2\/media?parent=106579"}],"wp:term":[{"taxonomy":"product_category","embeddable":true,"href":"https:\/\/storax.be\/fr\/wp-json\/wp\/v2\/product_category?post=106579"},{"taxonomy":"product_tag","embeddable":true,"href":"https:\/\/storax.be\/fr\/wp-json\/wp\/v2\/product_tag?post=106579"}],"curies":[{"name":"wp","href":"https:\/\/api.w.org\/{rel}","templated":true}]}}